{"id":3209,"date":"2020-11-24T11:55:55","date_gmt":"2020-11-24T03:55:55","guid":{"rendered":"https:\/\/www.eggtraymaking.com\/?p=3209"},"modified":"2025-06-25T15:17:18","modified_gmt":"2025-06-25T07:17:18","slug":"paper-apple-tray-making-machine-price","status":"publish","type":"product","link":"https:\/\/www.eggtraymaking.com\/vi\/paper-apple-tray-making-machine-price\/","title":{"rendered":"M\u00e1y l\u00e0m khay t\u00e1o gi\u1ea5y | D\u00e2y chuy\u1ec1n s\u1ea3n xu\u1ea5t khay tr\u00e1i c\u00e2y b\u1ed9t gi\u1ea5y"},"content":{"rendered":"<p class=\"translation-block\">Thi\u1ebft b\u1ecb ch\u1ebf bi\u1ebfn c\u00f4ng nghi\u1ec7p khay gi\u1ea5y tr\u00e1i c\u00e2y hi\u1ec7n l\u00e0 d\u1ef1 \u00e1n \u0111\u1ea7u t\u01b0 quan tr\u1ecdng c\u1ee7a nhi\u1ec1u nh\u00e0 \u0111\u1ea7u t\u01b0. Trong s\u1ed1 \u0111\u00f3, m\u00e1y l\u00e0m khay t\u00e1o b\u1eb1ng gi\u1ea5y l\u00e0 lo\u1ea1i m\u00e1y l\u00fd t\u01b0\u1edfng \u0111\u1ec3 ch\u1ebf bi\u1ebfn khay tr\u00e1i c\u00e2y. M\u00e1y l\u00e0m khay t\u00e1o th\u01b0\u01a1ng m\u1ea1i n\u00e0y c\u00f3 th\u1ec3 t\u00e1i ch\u1ebf nhi\u1ec1u lo\u1ea1i h\u1ed9p gi\u1ea5y v\u1ee5n v\u00e0 b\u00e1o c\u0169, \u0111\u1ed3ng th\u1eddi ch\u1ebf bi\u1ebfn ch\u00fang th\u00e0nh khay tr\u00e1i c\u00e2y c\u00f3 th\u00f4ng s\u1ed1 k\u1ef9 thu\u1eadt kh\u00e1c nhau. H\u01a1n n\u1eefa, k\u00edch th\u01b0\u1edbc, m\u00e0u s\u1eafc, tr\u1ecdng l\u01b0\u1ee3ng, v.v. c\u1ee7a khay t\u00e1o b\u1eb1ng gi\u1ea5y \u0111\u00e3 qua ch\u1ebf bi\u1ebfn c\u00f3 th\u1ec3 \u0111\u01b0\u1ee3c t\u00f9y ch\u1ec9nh theo nhu c\u1ea7u c\u1ee7a kh\u00e1ch h\u00e0ng.<\/p>    <h2 class=\"wp-block-heading\" id=\"h-introduction-of-the-paper-apple-tray-making-machine\">Gi\u1edbi thi\u1ec7u v\u1ec1 m\u00e1y l\u00e0m khay tr\u00e1i c\u00e2y b\u1eb1ng gi\u1ea5y<\/h2>    <p class=\"translation-block\"><strong>M\u00e1y l\u00e0m khay t\u00e1o b\u1eb1ng b\u1ed9t gi\u1ea5y<\/strong> s\u1eed d\u1ee5ng b\u00e1o c\u0169, th\u00f9ng carton c\u0169, v\u1eadt li\u1ec7u in c\u0169 v\u00e0 ph\u1ebf li\u1ec7u t\u1eeb c\u00e1c nh\u00e0 m\u00e1y s\u1ea3n xu\u1ea5t s\u1ea3n ph\u1ea9m gi\u1ea5y kh\u00e1c nhau l\u00e0m nguy\u00ean li\u1ec7u th\u00f4, v\u00e0 \u0111\u01b0\u1ee3c tr\u1ed9n th\u00e0nh m\u1ed9t n\u1ed3ng \u0111\u1ed9 b\u00f9n nh\u1ea5t \u0111\u1ecbnh th\u00f4ng qua c\u00e1c quy tr\u00ecnh nh\u01b0 ph\u00e2n t\u00e1n b\u1eb1ng th\u1ee7y l\u1ef1c, l\u1ecdc v\u00e0 b\u01a1m n\u01b0\u1edbc. Khu\u00f4n kim lo\u1ea1i \u0111\u1eb7c bi\u1ec7t \u0111\u01b0\u1ee3c h\u00fat ch\u00e2n kh\u00f4ng \u0111\u1ec3 t\u1ea1o th\u00e0nh s\u1ea3n ph\u1ea9m \u01b0\u1edbt, sau \u0111\u00f3 s\u1ea3n ph\u1ea9m \u01b0\u1edbt \u0111\u00e3 \u0111\u1ecbnh h\u00ecnh \u0111\u01b0\u1ee3c s\u1ea5y kh\u00f4 v\u00e0 \u00e9p n\u00f3ng \u0111\u1ec3 t\u1ea1o h\u00ecnh.<\/p>    <figure class=\"wp-block-gallery has-nested-images columns-default is-cropped wp-block-gallery-2 is-layout-flex wp-block-gallery-is-layout-flex\"> <figure class=\"wp-block-image size-large\"><img loading=\"lazy\" decoding=\"async\" width=\"720\" height=\"540\" data-id=\"3224\" src=\"https:\/\/www.eggtraymaking.com\/wp-content\/uploads\/2020\/11\/apple-trays-made-by-fruit-trays-production-line.jpg\" alt=\"khay t\u00e1o \u0111\u01b0\u1ee3c l\u00e0m b\u1edfi d\u00e2y chuy\u1ec1n s\u1ea3n xu\u1ea5t khay tr\u00e1i c\u00e2y\" class=\"wp-image-3224\" srcset=\"https:\/\/www.eggtraymaking.com\/wp-content\/uploads\/2020\/11\/apple-trays-made-by-fruit-trays-production-line.jpg 720w, https:\/\/www.eggtraymaking.com\/wp-content\/uploads\/2020\/11\/apple-trays-made-by-fruit-trays-production-line-240x180.jpg 240w, https:\/\/www.eggtraymaking.com\/wp-content\/uploads\/2020\/11\/apple-trays-made-by-fruit-trays-production-line-360x270.jpg 360w\" sizes=\"auto, (max-width: 720px) 100vw, 720px\" \/><figcaption class=\"wp-element-caption\">Khay t\u00e1o \u0111\u01b0\u1ee3c s\u1ea3n xu\u1ea5t b\u1edfi d\u00e2y chuy\u1ec1n s\u1ea3n xu\u1ea5t khay tr\u00e1i c\u00e2y<\/figcaption><\/figure>    <figure class=\"wp-block-image size-large\"><img loading=\"lazy\" decoding=\"async\" width=\"720\" height=\"540\" data-id=\"3225\" src=\"https:\/\/www.eggtraymaking.com\/wp-content\/uploads\/2020\/11\/fruit-trays-made-of-paper-pulp.jpg\" alt=\"khay tr\u00e1i c\u00e2y l\u00e0m t\u1eeb b\u1ed9t gi\u1ea5y\" class=\"wp-image-3225\" srcset=\"https:\/\/www.eggtraymaking.com\/wp-content\/uploads\/2020\/11\/fruit-trays-made-of-paper-pulp.jpg 720w, https:\/\/www.eggtraymaking.com\/wp-content\/uploads\/2020\/11\/fruit-trays-made-of-paper-pulp-240x180.jpg 240w, https:\/\/www.eggtraymaking.com\/wp-content\/uploads\/2020\/11\/fruit-trays-made-of-paper-pulp-360x270.jpg 360w\" sizes=\"auto, (max-width: 720px) 100vw, 720px\" \/><figcaption class=\"wp-element-caption\">Khay tr\u00e1i c\u00e2y l\u00e0m t\u1eeb b\u1ed9t gi\u1ea5y<\/figcaption><\/figure> <\/figure>    <h2 class=\"wp-block-heading\" id=\"h-components-of-the-paper-pulp-fruit-trays-production-line\">C\u00e1c th\u00e0nh ph\u1ea7n c\u1ee7a <strong><a href=\"https:\/\/www.eggtraymaking.com\/vi\/egg-tray-production-line\/\">d\u00e2y chuy\u1ec1n s\u1ea3n xu\u1ea5t khay tr\u00e1i c\u00e2y b\u1ed9t gi\u1ea5y<\/a><\/strong><\/h2>    <p>M\u00e1y l\u00e0m khay t\u00e1o c\u00f3 c\u1ea5u tr\u00fac nh\u1ecf g\u1ecdn v\u00e0 ph\u01b0\u01a1ng ph\u00e1p v\u1eadn h\u00e0nh t\u01b0\u01a1ng \u0111\u1ed1i \u0111\u01a1n gi\u1ea3n. Vi\u1ec7c ch\u1ebf bi\u1ebfn khay t\u00e1o t\u1eeb b\u1ed9t th\u01b0\u1eddng y\u00eau c\u1ea7u m\u1ed9t b\u1ed9 thi\u1ebft b\u1ecb ch\u1ebf bi\u1ebfn ho\u00e0n ch\u1ec9nh, ch\u1eb3ng h\u1ea1n nh\u01b0 m\u00e1y xay b\u1ed9t, m\u00e1y tr\u1ed9n b\u1ed9t, b\u1ec3 ch\u1ee9a b\u1ed9t, m\u00e1y t\u1ea1o h\u00ecnh khay t\u00e1o v\u00e0 m\u00e1y s\u1ea5y khay t\u00e1o.<\/p>   <div class=\"wp-block-image\"> <figure class=\"aligncenter size-large is-resized\"><img loading=\"lazy\" decoding=\"async\" width=\"720\" height=\"540\" src=\"https:\/\/www.eggtraymaking.com\/wp-content\/uploads\/2020\/11\/small-type-apple-tray-maker-machine.jpg\" alt=\"m\u00e1y l\u00e0m khay t\u00e1o lo\u1ea1i nh\u1ecf\" class=\"wp-image-3217\" style=\"width:797px;height:598px\" srcset=\"https:\/\/www.eggtraymaking.com\/wp-content\/uploads\/2020\/11\/small-type-apple-tray-maker-machine.jpg 720w, https:\/\/www.eggtraymaking.com\/wp-content\/uploads\/2020\/11\/small-type-apple-tray-maker-machine-240x180.jpg 240w, https:\/\/www.eggtraymaking.com\/wp-content\/uploads\/2020\/11\/small-type-apple-tray-maker-machine-360x270.jpg 360w\" sizes=\"auto, (max-width: 720px) 100vw, 720px\" \/><figcaption class=\"wp-element-caption\">m\u00e1y l\u00e0m khay t\u00e1o lo\u1ea1i nh\u1ecf<\/figcaption><\/figure> <\/div>   <p>1-H\u1ec7 th\u1ed1ng nghi\u1ec1n: m\u00e1y nghi\u1ec1n, b\u01a1m b\u00f9n, m\u00e0n rung, m\u00e1y tinh ch\u1ebf, m\u00e1y khu\u1ea5y, v.v.<br>2- H\u1ec7 th\u1ed1ng t\u1ea1o h\u00ecnh: m\u00e1y t\u1ea1o h\u00ecnh tr\u1ed1ng, khu\u00f4n, m\u00e1y n\u00e9n kh\u00ed, b\u00ecnh ch\u1ee9a m\u00e1y n\u00e9n kh\u00ed, b\u01a1m ch\u00e2n kh\u00f4ng, b\u00ecnh ch\u1ee9a ch\u00e2n kh\u00f4ng, b\u01a1m n\u01b0\u1edbc \u00e1p l\u1ef1c cao, b\u01a1m t\u00e1ch h\u01a1i n\u01b0\u1edbc, v.v.<br>3-H\u1ec7 th\u1ed1ng s\u1ea5y: qu\u1ea1t th\u1ed5i kh\u00ed n\u00f3ng, qu\u1ea1t h\u00fat \u1ea9m, \u1ed1ng h\u00fat \u1ea9m, b\u1ed9 \u0111\u1ed1t, bu\u1ed3ng \u0111\u1ed1t, b\u0103ng t\u1ea3i, x\u00edch, v.v.<br>4-H\u1ec7 th\u1ed1ng \u0111\u00f3ng g\u00f3i: thi\u1ebft b\u1ecb \u00e9p, m\u00e1y \u0111\u00f3ng g\u00f3i, v.v.<\/p>    <h2 class=\"wp-block-heading\" id=\"h-raw-materials-for-making-paper-apple-trays\">Nguy\u00ean li\u1ec7u l\u00e0m khay t\u00e1o b\u1eb1ng gi\u1ea5y<\/h2>    <p>Nguy\u00ean li\u1ec7u th\u00f4 \u0111\u1ec3 s\u1ea3n xu\u1ea5t khay tr\u1ee9ng t\u00e1o b\u1eb1ng gi\u1ea5y ch\u1ee7 y\u1ebfu l\u00e0 b\u00e1o gi\u1ea5y th\u1ea3i, th\u00f9ng carton v\u00e0 gi\u1ea5y v\u1ee5n t\u1eeb c\u00e1c nh\u00e0 m\u00e1y gi\u1ea5y, nh\u00e0 m\u00e1y s\u1ea3n xu\u1ea5t th\u00f9ng carton v\u00e0 c\u00e1c nh\u00e0 in. Do \u0111\u00f3, ngu\u1ed3n nguy\u00ean li\u1ec7u \u0111\u01b0\u1ee3c s\u1eed d\u1ee5ng trong s\u1ea3n xu\u1ea5t khay tr\u00e1i c\u00e2y r\u1ea5t phong ph\u00fa, gi\u00e1 c\u1ea3 th\u1ea5p v\u00e0 chi ph\u00ed s\u1ea3n xu\u1ea5t th\u1ea5p. <\/p>   <div class=\"wp-block-image\"> <figure class=\"aligncenter size-large\"><img loading=\"lazy\" decoding=\"async\" width=\"720\" height=\"540\" src=\"https:\/\/www.eggtraymaking.com\/wp-content\/uploads\/2020\/11\/raw-materials-for-making-apple-trays.jpg\" alt=\"nguy\u00ean li\u1ec7u \u0111\u1ec3 l\u00e0m khay t\u00e1o\" class=\"wp-image-3216\" srcset=\"https:\/\/www.eggtraymaking.com\/wp-content\/uploads\/2020\/11\/raw-materials-for-making-apple-trays.jpg 720w, https:\/\/www.eggtraymaking.com\/wp-content\/uploads\/2020\/11\/raw-materials-for-making-apple-trays-240x180.jpg 240w, https:\/\/www.eggtraymaking.com\/wp-content\/uploads\/2020\/11\/raw-materials-for-making-apple-trays-360x270.jpg 360w\" sizes=\"auto, (max-width: 720px) 100vw, 720px\" \/><figcaption class=\"wp-element-caption\">nguy\u00ean li\u1ec7u \u0111\u1ec3 l\u00e0m khay t\u00e1o<\/figcaption><\/figure> <\/div>   <p>Ngo\u00e0i ra, kh\u00f4ng c\u00f3 n\u01b0\u1edbc th\u1ea3i ho\u1eb7c kh\u00ed th\u1ea3i n\u00e0o \u0111\u01b0\u1ee3c th\u1ea3i ra trong qu\u00e1 tr\u00ecnh s\u1ea3n xu\u1ea5t khay t\u00e1o. N\u01b0\u1edbc s\u1eed d\u1ee5ng trong qu\u00e1 tr\u00ecnh s\u1ea3n xu\u1ea5t c\u00f3 th\u1ec3 \u0111\u01b0\u1ee3c t\u00e1i ch\u1ebf, s\u1ebd kh\u00f4ng g\u00e2y \u00f4 nhi\u1ec5m m\u00f4i tr\u01b0\u1eddng v\u00e0 c\u00f3 th\u1ec3 ti\u1ebft ki\u1ec7m chi ph\u00ed n\u01b0\u1edbc.<\/p>    <h2 class=\"wp-block-heading\" id=\"h-types-of-paper-apple-trays\">C\u00e1c lo\u1ea1i khay t\u00e1o b\u1eb1ng gi\u1ea5y<\/h2>    <p class=\"translation-block\">M\u00e1y l\u00e0m khay t\u00e1o b\u1eb1ng gi\u1ea5y c\u00f3 th\u1ec3 x\u1eed l\u00fd c\u00e1c lo\u1ea1i khay tr\u00e1i c\u00e2y c\u00f3 h\u00ecnh d\u1ea1ng kh\u00e1c nhau. C\u00e1c lo\u1ea1i khay tr\u00e1i c\u00e2y kh\u00e1c nhau n\u00e0y c\u00f3 th\u1ec3 \u0111\u01b0\u1ee3c s\u1eed d\u1ee5ng \u0111\u1ec3 \u0111\u1ef1ng c\u00e1c lo\u1ea1i tr\u00e1i c\u00e2y v\u00e0 rau qu\u1ea3 kh\u00e1c nhau, ch\u1eb3ng h\u1ea1n nh\u01b0 l\u00ea, qu\u00fdt, cam, kiwi, h\u1ed3ng, c\u00e0 chua, v.v. H\u01a1n n\u1eefa, k\u00edch th\u01b0\u1edbc, m\u00e0u s\u1eafc, \u0111\u1ed9 d\u00e0y v\u00e0 h\u00ecnh d\u1ea1ng c\u1ee7a khay t\u00e1o c\u00f3 th\u1ec3 \u0111\u01b0\u1ee3c t\u00f9y ch\u1ec9nh.<\/p>   <div class=\"wp-block-image\"> <figure class=\"aligncenter size-large\"><img loading=\"lazy\" decoding=\"async\" width=\"720\" height=\"540\" src=\"https:\/\/www.eggtraymaking.com\/wp-content\/uploads\/2020\/11\/all-kinds-of-fruit-trays.jpg\" alt=\"t\u1ea5t c\u1ea3 c\u00e1c lo\u1ea1i khay tr\u00e1i c\u00e2y\" class=\"wp-image-3221\" srcset=\"https:\/\/www.eggtraymaking.com\/wp-content\/uploads\/2020\/11\/all-kinds-of-fruit-trays.jpg 720w, https:\/\/www.eggtraymaking.com\/wp-content\/uploads\/2020\/11\/all-kinds-of-fruit-trays-240x180.jpg 240w, https:\/\/www.eggtraymaking.com\/wp-content\/uploads\/2020\/11\/all-kinds-of-fruit-trays-360x270.jpg 360w\" sizes=\"auto, (max-width: 720px) 100vw, 720px\" \/><figcaption class=\"wp-element-caption\">t\u1ea5t c\u1ea3 c\u00e1c lo\u1ea1i khay tr\u00e1i c\u00e2y<\/figcaption><\/figure> <\/div>   <h2 class=\"wp-block-heading\" id=\"h-how-to-make-apple-trays-smoother\">C\u00e1ch l\u00e0m khay t\u00e1o m\u1ecbn h\u01a1n?<\/h2>    <p>Khay t\u00e1o \u0111\u01b0\u1ee3c x\u1eed l\u00fd b\u1edfi m\u00e1y ch\u1ebf bi\u1ebfn khay tr\u00e1i c\u00e2y th\u01b0\u1eddng c\u00f3 b\u1ec1 m\u1eb7t th\u00f4. Nh\u1eefng khay t\u00e1o m\u00e0 ch\u00fang ta th\u01b0\u1eddng th\u1ea5y th\u01b0\u1eddng m\u1ecbn m\u00e0ng v\u00e0 c\u00f3 h\u00ecnh d\u1ea1ng \u0111\u1ec1u \u0111\u1eb7n. T\u1ea1i sao? \u0110i\u1ec1u n\u00e0y l\u00e0 do khay gi\u1ea5y \u0111\u01b0\u1ee3c \u00e9p tr\u1ef1c ti\u1ebfp b\u1edfi m\u00e1y t\u1ea1o h\u00ecnh b\u1ed9t khay t\u00e1o c\u1ea7n \u0111\u01b0\u1ee3c gia nhi\u1ec7t v\u00e0 \u00e9p th\u00eam. Ch\u00fang ta c\u00f3 th\u1ec3 s\u1eed d\u1ee5ng m\u00e1y \u00e9p n\u00f3ng \u0111\u1ec3 x\u1eed l\u00fd th\u00eam khay t\u00e1o.<\/p>   <div class=\"wp-block-image\"> <figure class=\"aligncenter size-large is-resized\"><img loading=\"lazy\" decoding=\"async\" width=\"720\" height=\"540\" src=\"https:\/\/www.eggtraymaking.com\/wp-content\/uploads\/2020\/11\/paper-apple-trays-hot-pressing-machine.jpg\" alt=\"M\u00e1y l\u00e0m khay t\u00e1o b\u1eb1ng gi\u1ea5y \u0111\u1ec3 b\u00e1n\" class=\"wp-image-3222\" style=\"width:803px;height:602px\" srcset=\"https:\/\/www.eggtraymaking.com\/wp-content\/uploads\/2020\/11\/paper-apple-trays-hot-pressing-machine.jpg 720w, https:\/\/www.eggtraymaking.com\/wp-content\/uploads\/2020\/11\/paper-apple-trays-hot-pressing-machine-240x180.jpg 240w, https:\/\/www.eggtraymaking.com\/wp-content\/uploads\/2020\/11\/paper-apple-trays-hot-pressing-machine-360x270.jpg 360w\" sizes=\"auto, (max-width: 720px) 100vw, 720px\" \/><figcaption class=\"wp-element-caption\">M\u00e1y l\u00e0m khay t\u00e1o b\u1eb1ng gi\u1ea5y \u0111\u1ec3 b\u00e1n<\/figcaption><\/figure> <\/div>","protected":false},"excerpt":{"rendered":"<p>M\u00e1y l\u00e0m khay t\u00e1o b\u1eb1ng gi\u1ea5y l\u00e0 m\u1ed9t m\u00e1y l\u00fd t\u01b0\u1edfng \u0111\u1ec3 ch\u1ebf bi\u1ebfn khay tr\u00e1i c\u00e2y. M\u00e1y ch\u1ebf bi\u1ebfn khay t\u00e1o th\u01b0\u01a1ng m\u1ea1i n\u00e0y c\u00f3 th\u1ec3 t\u00e1i ch\u1ebf nhi\u1ec1u lo\u1ea1i h\u1ed9p gi\u1ea5y v\u00e0 b\u00e1o c\u0169 v\u00e0 ch\u1ebf bi\u1ebfn ch\u00fang th\u00e0nh khay tr\u00e1i c\u00e2y v\u1edbi c\u00e1c th\u00f4ng s\u1ed1 k\u1ef9 thu\u1eadt kh\u00e1c nhau. <\/p>","protected":false},"author":1,"featured_media":3215,"parent":0,"template":"","tags":[437,436,438],"product-type":[451],"class_list":["post-3209","product","type-product","status-publish","has-post-thumbnail","hentry","tag-fruit-trays-production-line","tag-paper-apple-tray-making-machine","tag-paper-pulp-cartons","product-type-pulp-molding-machine"],"_links":{"self":[{"href":"https:\/\/www.eggtraymaking.com\/vi\/wp-json\/wp\/v2\/product\/3209","targetHints":{"allow":["GET"]}}],"collection":[{"href":"https:\/\/www.eggtraymaking.com\/vi\/wp-json\/wp\/v2\/product"}],"about":[{"href":"https:\/\/www.eggtraymaking.com\/vi\/wp-json\/wp\/v2\/types\/product"}],"author":[{"embeddable":true,"href":"https:\/\/www.eggtraymaking.com\/vi\/wp-json\/wp\/v2\/users\/1"}],"wp:featuredmedia":[{"embeddable":true,"href":"https:\/\/www.eggtraymaking.com\/vi\/wp-json\/wp\/v2\/media\/3215"}],"wp:attachment":[{"href":"https:\/\/www.eggtraymaking.com\/vi\/wp-json\/wp\/v2\/media?parent=3209"}],"wp:term":[{"taxonomy":"post_tag","embeddable":true,"href":"https:\/\/www.eggtraymaking.com\/vi\/wp-json\/wp\/v2\/tags?post=3209"},{"taxonomy":"product-type","embeddable":true,"href":"https:\/\/www.eggtraymaking.com\/vi\/wp-json\/wp\/v2\/product-type?post=3209"}],"curies":[{"name":"wp","href":"https:\/\/api.w.org\/{rel}","templated":true}]}}