{"id":1037,"date":"2019-05-28T07:03:45","date_gmt":"2019-05-27T23:03:45","guid":{"rendered":"https:\/\/www.eggtraymaking.com\/?p=1037"},"modified":"2026-03-20T11:29:17","modified_gmt":"2026-03-20T03:29:17","slug":"egg-tray-production-line","status":"publish","type":"product","link":"https:\/\/www.eggtraymaking.com\/vi\/egg-tray-production-line\/","title":{"rendered":"D\u00e2y chuy\u1ec1n s\u1ea3n xu\u1ea5t khay tr\u1ee9ng | nh\u00e0 m\u00e1y ch\u1ebf bi\u1ebfn khay tr\u1ee9ng b\u1eb1ng b\u1ed9t gi\u1ea5y"},"content":{"rendered":"<p>D\u00e2y chuy\u1ec1n s\u1ea3n xu\u1ea5t khay tr\u1ee9ng, c\u00f2n \u0111\u01b0\u1ee3c g\u1ecdi l\u00e0 nh\u00e0 m\u00e1y khay tr\u1ee9ng b\u1eb1ng b\u1ed9t gi\u1ea5y t\u1ef1 \u0111\u1ed9ng, ch\u1ee7 y\u1ebfu bao g\u1ed3m b\u1ed1n ph\u1ea7n: m\u00e1y tr\u1ed9n b\u1ed9t gi\u1ea5y, m\u00e1y t\u1ea1o h\u00ecnh khay tr\u1ee9ng, m\u00e1y s\u1ea5y khay tr\u1ee9ng v\u00e0 m\u00e1y \u0111\u00f3ng g\u00f3i khay tr\u1ee9ng. D\u00e2y chuy\u1ec1n s\u1ea3n xu\u1ea5t khay tr\u1ee9ng c\u00f4ng nghi\u1ec7p n\u00e0y c\u00f3 th\u1ec3 bi\u1ebfn nhi\u1ec1u lo\u1ea1i gi\u1ea5y th\u1ea3i, b\u00e1o ch\u00ed, th\u00f9ng carton th\u1ea3i v\u00e0 h\u1ed9p gi\u1ea5y th\u00e0nh khay tr\u1ee9ng, khay tr\u00e1i c\u00e2y, khay c\u1ed1c c\u00e0 ph\u00ea, h\u1ed9p c\u01a1m gi\u1ea5y d\u00f9ng m\u1ed9t l\u1ea7n, v.v.<\/p>    <p class=\"translation-block\">Ch\u00fang t\u00f4i \u0111\u00e3 xu\u1ea5t kh\u1ea9u sang nhi\u1ec1u qu\u1ed1c gia n\u01b0\u1edbc ngo\u00e0i. V\u00ed d\u1ee5, Nigeria, Zambia, Cameroon, v.v. Zhengzhou Shuliy Machinery Co., Ltd \u0111\u00e3 tham gia v\u00e0o ng\u00e0nh m\u00e1y l\u00e0m khay tr\u1ee9ng \u0111\u01b0\u1ee3c m\u01b0\u1eddi n\u0103m, v\u1edbi kinh nghi\u1ec7m s\u1ea3n xu\u1ea5t phong ph\u00fa v\u00e0 h\u1ed7 tr\u1ee3 k\u1ef9 thu\u1eadt ti\u00ean ti\u1ebfn. Ch\u00fang t\u00f4i c\u0169ng \u0111\u00e3 c\u1eed k\u1ef9 s\u01b0 c\u1ee7a m\u00ecnh \u0111\u1ebfn th\u00e0nh ph\u1ed1 c\u1ee7a kh\u00e1ch h\u00e0ng \u0111\u1ec3 l\u1eafp \u0111\u1eb7t <strong><a href=\"https:\/\/www.eggtraymaking.com\/vi\/category\/egg-tray-machine-by-capacity\/\">m\u00e1y l\u00e0m khay tr\u1ee9ng gi\u1ea5y<\/a><\/strong>. Ngo\u00e0i ra, k\u1ef9 s\u01b0 c\u1ee7a ch\u00fang t\u00f4i c\u00f3 th\u1ec3 gi\u00fap b\u1ea1n thi\u1ebft k\u1ebf b\u1ea3n v\u1ebd nh\u00e0 m\u00e1y theo t\u00ecnh h\u00ecnh th\u1ef1c t\u1ebf. Gi\u00e1 khay tr\u1ee9ng gi\u1ea5y c\u0169ng l\u00e0 m\u1ed9t m\u1ed1i quan t\u00e2m l\u1edbn \u0111\u1ed1i v\u1edbi m\u1ecdi ng\u01b0\u1eddi. <\/p>      <h2 class=\"wp-block-heading\" id=\"h-industrial-egg-tray-production-line\"><strong>C\u00f4ng nghi\u1ec7p<\/strong> <strong>D\u00e2y chuy\u1ec1n s\u1ea3n xu\u1ea5t khay tr\u1ee9ng<\/strong><\/h2>    <p>Quy tr\u00ecnh s\u1ea3n xu\u1ea5t s\u1eed d\u1ee5ng d\u00e2y chuy\u1ec1n s\u1ea3n xu\u1ea5t khay tr\u1ee9ng \u0111\u1ec3 ch\u1ebf bi\u1ebfn khay tr\u1ee9ng ch\u1ee7 y\u1ebfu bao g\u1ed3m thu gom gi\u1ea5y th\u1ea3i, s\u1ea3n xu\u1ea5t b\u1ed9t gi\u1ea5y, pha lo\u00e3ng b\u1ed9t gi\u1ea5y, t\u1ea1o h\u00ecnh khay tr\u1ee9ng, s\u1ea5y khay tr\u1ee9ng, ph\u00e2n lo\u1ea1i khay tr\u1ee9ng v\u00e0 \u0111\u00f3ng g\u00f3i.<\/p>   <div class=\"wp-block-image\"> <figure class=\"aligncenter size-large\"><img loading=\"lazy\" decoding=\"async\" width=\"720\" height=\"540\" src=\"https:\/\/www.eggtraymaking.com\/wp-content\/uploads\/2020\/10\/egg-tray-making-process.jpg\" alt=\"qu\u00e1 tr\u00ecnh s\u1ea3n xu\u1ea5t khay tr\u1ee9ng\" class=\"wp-image-3170\" srcset=\"https:\/\/www.eggtraymaking.com\/wp-content\/uploads\/2020\/10\/egg-tray-making-process.jpg 720w, https:\/\/www.eggtraymaking.com\/wp-content\/uploads\/2020\/10\/egg-tray-making-process-240x180.jpg 240w, https:\/\/www.eggtraymaking.com\/wp-content\/uploads\/2020\/10\/egg-tray-making-process-360x270.jpg 360w\" sizes=\"auto, (max-width: 720px) 100vw, 720px\" \/><figcaption class=\"wp-element-caption\">m\u00e1y s\u1ea3n xu\u1ea5t khay tr\u1ee9ng<\/figcaption><\/figure> <\/div>   <h2 class=\"wp-block-heading\">Video d\u00e2y chuy\u1ec1n s\u1ea3n xu\u1ea5t khay tr\u1ee9ng<\/h2>    <figure class=\"wp-block-embed is-type-video is-provider-youtube wp-block-embed-youtube wp-embed-aspect-16-9 wp-has-aspect-ratio\"><div class=\"wp-block-embed__wrapper\"> <iframe loading=\"lazy\" title=\"Video l\u00e0m vi\u1ec7c c\u1ee7a m\u00e1y l\u00e0m khay tr\u1ee9ng 2000 c\u00e1i\/gi\u1edd | D\u00e2y chuy\u1ec1n s\u1ea3n xu\u1ea5t khay tr\u1ee9ng gi\u1ea5y\" width=\"500\" height=\"281\" src=\"https:\/\/www.youtube.com\/embed\/Qwjz069mREg?feature=oembed\" frameborder=\"0\" allow=\"accelerometer; autoplay; clipboard-write; encrypted-media; gyroscope; picture-in-picture; web-share\" referrerpolicy=\"strict-origin-when-cross-origin\" allowfullscreen><\/iframe> <\/div><\/figure>    <h2 class=\"wp-block-heading\" id=\"h-raw-materials-of-egg-tray-production-line\">Nguy\u00ean li\u1ec7u th\u00f4 c\u1ee7a d\u00e2y chuy\u1ec1n s\u1ea3n xu\u1ea5t khay tr\u1ee9ng <\/h2>    <p>Nguy\u00ean li\u1ec7u th\u00f4 \u0111\u01b0\u1ee3c s\u1eed d\u1ee5ng \u0111\u1ec3 l\u00e0m khay tr\u1ee9ng th\u01b0\u1eddng l\u00e0 t\u1ea5t c\u1ea3 c\u00e1c lo\u1ea1i gi\u1ea5y th\u1ea3i, b\u00e1o c\u0169, th\u00f9ng carton, v\u1edf t\u1eadp, gi\u1ea5y qu\u1ea3ng c\u00e1o kh\u00f4ng c\u00f3 nh\u1ef1a, v.v.<\/p>    <figure class=\"wp-block-gallery has-nested-images columns-default is-cropped wp-block-gallery-2 is-layout-flex wp-block-gallery-is-layout-flex\"> <figure class=\"wp-block-image size-large\"><img loading=\"lazy\" decoding=\"async\" width=\"720\" height=\"540\" data-id=\"3175\" src=\"https:\/\/www.eggtraymaking.com\/wp-content\/uploads\/2019\/05\/waste-cartons.jpg\" alt=\"h\u1ed9p gi\u1ea5y th\u1ea3i\" class=\"wp-image-3175\" srcset=\"https:\/\/www.eggtraymaking.com\/wp-content\/uploads\/2019\/05\/waste-cartons.jpg 720w, https:\/\/www.eggtraymaking.com\/wp-content\/uploads\/2019\/05\/waste-cartons-240x180.jpg 240w, https:\/\/www.eggtraymaking.com\/wp-content\/uploads\/2019\/05\/waste-cartons-360x270.jpg 360w\" sizes=\"auto, (max-width: 720px) 100vw, 720px\" \/><figcaption class=\"wp-element-caption\">Th\u00f9ng r\u00e1c th\u1ea3i<\/figcaption><\/figure>    <figure class=\"wp-block-image size-large\"><img loading=\"lazy\" decoding=\"async\" width=\"720\" height=\"540\" data-id=\"3176\" src=\"https:\/\/www.eggtraymaking.com\/wp-content\/uploads\/2019\/05\/waste-papers.jpg\" alt=\"gi\u1ea5y v\u1ee5n\" class=\"wp-image-3176\" srcset=\"https:\/\/www.eggtraymaking.com\/wp-content\/uploads\/2019\/05\/waste-papers.jpg 720w, https:\/\/www.eggtraymaking.com\/wp-content\/uploads\/2019\/05\/waste-papers-240x180.jpg 240w, https:\/\/www.eggtraymaking.com\/wp-content\/uploads\/2019\/05\/waste-papers-360x270.jpg 360w\" sizes=\"auto, (max-width: 720px) 100vw, 720px\" \/><figcaption class=\"wp-element-caption\">Gi\u1ea5y th\u1ea3i<\/figcaption><\/figure> <\/figure>    <h2 class=\"wp-block-heading\" id=\"h-paper-pulp-mixer-of-egg-tray-production-line\">M\u00e1y tr\u1ed9n b\u1ed9t gi\u1ea5y c\u1ee7a d\u00e2y chuy\u1ec1n s\u1ea3n xu\u1ea5t khay tr\u1ee9ng<\/h2>    <p>M\u00e1y tr\u1ed9n b\u1ed9t gi\u1ea5y, t\u1ee9c l\u00e0 thi\u1ebft b\u1ecb s\u1ea3n xu\u1ea5t b\u1ed9t gi\u1ea5y, l\u00e0 nh\u1eefng b\u1ed9 ph\u1eadn c\u1ea7n thi\u1ebft v\u00e0 l\u00e0 b\u1ed9 ph\u1eadn \u0111\u1ea7u ti\u00ean c\u1ee7a qu\u00e1 tr\u00ecnh t\u1ea1o h\u00ecnh b\u1ed9t. B\u00e1o c\u0169, t\u1ea1p ch\u1ea5t, h\u1ed9p b\u00eca c\u1ee9ng v\u00e0 c\u00e1c lo\u1ea1i gi\u1ea5y th\u1ea3i kh\u00e1c \u0111\u01b0\u1ee3c x\u1eed l\u00fd th\u00e0nh m\u1ed9t h\u1ed7n h\u1ee3p c\u00f3 n\u1ed3ng \u0111\u1ed9 nh\u1ea5t \u0111\u1ecbnh, \u0111\u01b0\u1ee3c s\u1eed d\u1ee5ng \u0111\u1ec3 t\u1ea1o h\u00ecnh.&nbsp;<\/p>    <p>Thi\u1ebft b\u1ecb nghi\u1ec1n gi\u1ea5y c\u1ee7a m\u00e1y s\u1ea3n xu\u1ea5t khay tr\u1ee9ng ch\u1ee7 y\u1ebfu bao g\u1ed3m m\u1ed9t m\u00e1y nghi\u1ec1n th\u1ee7y l\u1ef1c, m\u00e0n rung, ki\u1ec3m so\u00e1t \u0111\u1ed9 nh\u1ea5t qu\u00e1n, m\u00e1y \u0111\u1ea9y, b\u01a1m b\u1ed9t gi\u1ea5y, b\u01a1m n\u01b0\u1edbc v\u00e0 h\u1ed9p \u0111i\u1ec1u khi\u1ec3n. Theo y\u00eau c\u1ea7u c\u1ee7a kh\u00e1ch h\u00e0ng, c\u00f3 th\u1ec3 th\u00eam c\u00e1c m\u00e0n l\u1ecdc \u00e1p su\u1ea5t, m\u00e1y tinh ch\u1ebf, v\u00e0 c\u00e1c thi\u1ebft b\u1ecb kh\u00e1c. <\/p>    <figure class=\"wp-block-gallery has-nested-images columns-default is-cropped wp-block-gallery-3 is-layout-flex wp-block-gallery-is-layout-flex\"> <figure class=\"wp-block-image size-large\"><img loading=\"lazy\" decoding=\"async\" width=\"750\" height=\"500\" data-id=\"1189\" src=\"https:\/\/www.eggtraymaking.com\/wp-content\/uploads\/2019\/05\/Pulping-Equipment-5.jpg\" alt=\"Thi\u1ebft b\u1ecb nghi\u1ec1n b\u1ed9t (5)\" class=\"wp-image-1189\" srcset=\"https:\/\/www.eggtraymaking.com\/wp-content\/uploads\/2019\/05\/Pulping-Equipment-5.jpg 750w, https:\/\/www.eggtraymaking.com\/wp-content\/uploads\/2019\/05\/Pulping-Equipment-5-360x240.jpg 360w\" sizes=\"auto, (max-width: 750px) 100vw, 750px\" \/><figcaption class=\"wp-element-caption\">Thi\u1ebft b\u1ecb nghi\u1ec1n b\u1ed9t (5)<\/figcaption><\/figure>    <figure class=\"wp-block-image size-large\"><img loading=\"lazy\" decoding=\"async\" width=\"750\" height=\"500\" data-id=\"1190\" src=\"https:\/\/www.eggtraymaking.com\/wp-content\/uploads\/2019\/05\/Pulping-Equipment.jpg\" alt=\"Thi\u1ebft b\u1ecb nghi\u1ec1n b\u1ed9t\" class=\"wp-image-1190\" srcset=\"https:\/\/www.eggtraymaking.com\/wp-content\/uploads\/2019\/05\/Pulping-Equipment.jpg 750w, https:\/\/www.eggtraymaking.com\/wp-content\/uploads\/2019\/05\/Pulping-Equipment-360x240.jpg 360w\" sizes=\"auto, (max-width: 750px) 100vw, 750px\" \/><figcaption class=\"wp-element-caption\">Thi\u1ebft b\u1ecb nghi\u1ec1n b\u1ed9t<\/figcaption><\/figure> <\/figure>    <h2 class=\"wp-block-heading\" id=\"h-egg-tray-manufacturing-machine\">M\u00e1y s\u1ea3n xu\u1ea5t khay tr\u1ee9ng<\/h2>    <p class=\"translation-block\"><strong><a href=\"https:\/\/www.eggtraymaking.com\/vi\/egg-tray-making-machine\/\">M\u00e1y s\u1ea3n xu\u1ea5t khay tr\u1ee9ng<\/a><\/strong> l\u00e0 m\u00e1y ch\u00ednh cho to\u00e0n b\u1ed9 nh\u00e0 m\u00e1y ch\u1ebf bi\u1ebfn khay tr\u1ee9ng b\u1ed9t gi\u1ea5y. Ph\u1ea7n n\u00e0y ch\u1ee7 y\u1ebfu bao g\u1ed3m khu\u00f4n chuy\u1ec3n v\u00e0 khu\u00f4n \u0111\u1ecbnh h\u00ecnh. Th\u00f4ng qua ch\u1ee9c n\u0103ng ch\u00e2n kh\u00f4ng, b\u1ed9t gi\u1ea5y \u0111\u01b0\u1ee3c c\u1ed1 \u0111\u1ecbnh \u0111\u1ec1u tr\u00ean khu\u00f4n \u0111\u1ecbnh h\u00ecnh, sau \u0111\u00f3 khu\u00f4n chuy\u1ec3n s\u1ebd \u0111\u01b0a khay tr\u1ee9ng \u0111\u1ebfn h\u1ec7 th\u1ed1ng s\u1ea5y \u0111\u1ec3 l\u00e0m kh\u00f4. Ho\u1eb7c b\u1ea1n c\u00f3 th\u1ec3 ch\u1ecdn ph\u01b0\u01a1ng ph\u00e1p s\u1ea5y t\u1ef1 nhi\u00ean. <\/p>   <div class=\"wp-block-image\"> <figure class=\"aligncenter size-large\"><img loading=\"lazy\" decoding=\"async\" width=\"720\" height=\"540\" src=\"https:\/\/www.eggtraymaking.com\/wp-content\/uploads\/2019\/05\/egg-tray-press-machine.jpg\" alt=\"m\u00e1y l\u00e0m khay tr\u1ee9ng\" class=\"wp-image-3178\" srcset=\"https:\/\/www.eggtraymaking.com\/wp-content\/uploads\/2019\/05\/egg-tray-press-machine.jpg 720w, https:\/\/www.eggtraymaking.com\/wp-content\/uploads\/2019\/05\/egg-tray-press-machine-240x180.jpg 240w, https:\/\/www.eggtraymaking.com\/wp-content\/uploads\/2019\/05\/egg-tray-press-machine-360x270.jpg 360w\" sizes=\"auto, (max-width: 720px) 100vw, 720px\" \/><figcaption class=\"wp-element-caption\">m\u00e1y l\u00e0m khay tr\u1ee9ng<\/figcaption><\/figure> <\/div>   <p>Khu\u00f4n khay tr\u1ee9ng \u0111\u01b0\u1ee3c l\u00e0m b\u1eb1ng nh\u00f4m v\u00e0 nh\u1ef1a, v\u00e0 l\u01b0\u1edbi \u0111\u01b0\u1ee3c l\u00e0m b\u1eb1ng th\u00e9p kh\u00f4ng g\u1ec9. N\u1ebfu b\u1ea1n l\u00e0m m\u1ed9t lo\u1ea1i m\u00e0i h\u00ecnh, n\u00f3 ph\u1ea3i l\u00e0 m\u00e0i nh\u00f4m. Ch\u00fang t\u00f4i c\u00f3 kh\u00e1ch h\u00e0ng s\u1ea3n xu\u1ea5t khay tr\u1ee9ng \u1edf Nam Phi. N\u1ebfu b\u1ea1n mu\u1ed1n xem m\u00e1y n\u00e0y, ch\u00fang t\u00f4i c\u00f3 th\u1ec3 nh\u1edd anh \u1ea5y gi\u00fap.<\/p>    <h2 class=\"wp-block-heading\" id=\"h-egg-tray-dryer-machine\">M\u00e1y s\u1ea5y khay tr\u1ee9ng<\/h2>    <p>S\u1ea5y khay tr\u1ee9ng ch\u1ee7 y\u1ebfu bao g\u1ed3m b\u1ed1n ph\u01b0\u01a1ng ph\u00e1p. Ph\u01b0\u01a1ng ph\u00e1p \u0111\u1ea7u ti\u00ean l\u00e0 s\u1ea5y t\u1ef1 nhi\u00ean. C\u00e1ch n\u00e0y ch\u1ec9 ph\u00f9 h\u1ee3p v\u1edbi c\u00f4ng su\u1ea5t r\u1ea5t nh\u1ecf c\u1ee7a khay tr\u1ee9ng b\u1eb1ng gi\u1ea5y, \u0111i\u1ec1u n\u00e0y c\u00f3 th\u1ec3 ti\u1ebft ki\u1ec7m r\u1ea5t nhi\u1ec1u n\u0103ng l\u01b0\u1ee3ng v\u00e0 \u0111i\u1ec7n. <\/p>    <p>C\u00e1ch th\u1ee9 hai l\u00e0 s\u1eed d\u1ee5ng xe \u0111\u1ea9y. \u0110\u1eb7t khay tr\u1ee9ng l\u00ean xe \u0111\u1ea9y, \u0111i\u1ec1u n\u00e0y c\u00f3 th\u1ec3 ti\u1ebft ki\u1ec7m r\u1ea5t nhi\u1ec1u kh\u00f4ng gian v\u00e0 \u0111i\u1ec7n n\u0103ng. C\u00e1ch th\u1ee9 ba l\u00e0 s\u1eed d\u1ee5ng g\u1ea1ch \u0111\u1ec3 ph\u01a1i kh\u00f4. \u0110\u00e2y l\u00e0 m\u1ed9t ph\u01b0\u01a1ng ph\u00e1p ph\u01a1i kh\u00f4 r\u1ea5t ti\u1ebft ki\u1ec7m chi ph\u00ed. V\u00e0 n\u00f3 ph\u00f9 h\u1ee3p cho s\u1ea3n l\u01b0\u1ee3ng h\u01a1i l\u1edbn. <\/p>    <p>C\u00e1i cu\u1ed1i c\u00f9ng trong m\u00e1y l\u00e0m khay tr\u1ee9ng b\u1eb1ng gi\u1ea5y l\u00e0 m\u00e1y s\u1ea5y khay tr\u1ee9ng, \u0111\u00e2y l\u00e0 m\u00e1y hi\u1ec7u qu\u1ea3 nh\u1ea5t. Ch\u00fang t\u00f4i c\u00f3 th\u1ec3 cung c\u1ea5p b\u1ea3n v\u1ebd nh\u00e0 m\u00e1y cho c\u00e1c y\u00eau c\u1ea7u kh\u00e1c nhau c\u1ee7a c\u00e1c kh\u00e1ch h\u00e0ng kh\u00e1c nhau. N\u1ebfu c\u00f4ng su\u1ea5t l\u00e0 1000 chi\u1ebfc m\u1ed7i gi\u1edd, chi\u1ec1u d\u00e0i c\u1ee7a l\u00f2 g\u1ea1ch c\u1ea7n kho\u1ea3ng 20m. N\u1ebfu c\u00f4ng su\u1ea5t l\u1edbn h\u01a1n, chi\u1ec1u d\u00e0i c\u1ee7a l\u00f2 g\u1ea1ch c\u1ea7n kho\u1ea3ng 40-50m. <\/p>    <figure class=\"wp-block-gallery has-nested-images columns-default is-cropped wp-block-gallery-4 is-layout-flex wp-block-gallery-is-layout-flex\"> <figure class=\"wp-block-image size-large\"><img loading=\"lazy\" decoding=\"async\" width=\"750\" height=\"562\" data-id=\"1143\" src=\"https:\/\/www.eggtraymaking.com\/wp-content\/uploads\/2019\/05\/layers-drying-line-with-machine.jpg\" alt=\"D\u00e2y chuy\u1ec1n s\u1ea3n xu\u1ea5t khay tr\u1ee9ng\" class=\"wp-image-1143\" srcset=\"https:\/\/www.eggtraymaking.com\/wp-content\/uploads\/2019\/05\/layers-drying-line-with-machine.jpg 750w, https:\/\/www.eggtraymaking.com\/wp-content\/uploads\/2019\/05\/layers-drying-line-with-machine-240x180.jpg 240w, https:\/\/www.eggtraymaking.com\/wp-content\/uploads\/2019\/05\/layers-drying-line-with-machine-360x270.jpg 360w\" sizes=\"auto, (max-width: 750px) 100vw, 750px\" \/><figcaption class=\"wp-element-caption\">M\u00e1y s\u1ea5y khay tr\u1ee9ng<\/figcaption><\/figure> <\/figure>    <h2 class=\"wp-block-heading\" id=\"h-packaging-process-of-paper-pulp-egg-tray-plant\">Quy tr\u00ecnh \u0111\u00f3ng g\u00f3i c\u1ee7a nh\u00e0 m\u00e1y khay tr\u1ee9ng b\u1eb1ng b\u1ed9t gi\u1ea5y<\/h2>    <p class=\"translation-block\">Ch\u00fang ta c\u00f3 th\u1ec3 thu \u0111\u01b0\u1ee3c th\u00e0nh ph\u1ea9m sau khi s\u1eed d\u1ee5ng <a href=\"https:\/\/www.eggtraymaking.com\/vi\/pulping-equipment\/\">thi\u1ebft b\u1ecb nghi\u1ec1n b\u1ed9t<\/a>, thi\u1ebft b\u1ecb t\u1ea1o khay tr\u1ee9ng v\u00e0 m\u00e1y s\u1ea5y khay tr\u1ee9ng. Sau \u0111\u00f3, khay tr\u1ee9ng gi\u1ea5y th\u00e0nh ph\u1ea9m c\u00f3 th\u1ec3 \u0111\u01b0\u1ee3c \u0111\u00f3ng g\u00f3i \u0111\u1ec3 l\u01b0u tr\u1eef. <\/p>    <figure class=\"wp-block-gallery has-nested-images columns-default is-cropped wp-block-gallery-5 is-layout-flex wp-block-gallery-is-layout-flex\"> <figure class=\"wp-block-image size-large\"><img loading=\"lazy\" decoding=\"async\" width=\"750\" height=\"572\" data-id=\"1115\" src=\"https:\/\/www.eggtraymaking.com\/wp-content\/uploads\/2019\/05\/Packing-equipment.jpg\" alt=\"D\u00e2y chuy\u1ec1n s\u1ea3n xu\u1ea5t khay tr\u1ee9ng\" class=\"wp-image-1115\" srcset=\"https:\/\/www.eggtraymaking.com\/wp-content\/uploads\/2019\/05\/Packing-equipment.jpg 750w, https:\/\/www.eggtraymaking.com\/wp-content\/uploads\/2019\/05\/Packing-equipment-354x270.jpg 354w\" sizes=\"auto, (max-width: 750px) 100vw, 750px\" \/><\/figure> <\/figure>    <h2 class=\"wp-block-heading\" id=\"h-advantages-of-the-egg-tray-production-line\"><strong>L\u1ee3i \u00edch c\u1ee7a d\u00e2y chuy\u1ec1n s\u1ea3n xu\u1ea5t khay tr\u1ee9ng<\/strong><strong><\/strong><\/h2>    <p class=\"translation-block\"><b>1.The raw material is easy to collect &#8211; waste paper<\/b><\/p>    <p>Gi\u1ea5y b\u00e1o, b\u00eca carton, t\u1ea1p ch\u1ea5t, gi\u1ea5y \u0111\u00f3ng g\u00f3i, gi\u1ea5y s\u00e1ch v\u00e0 c\u00e1c lo\u1ea1i gi\u1ea5y th\u1ea3i kh\u00e1c r\u1ea5t ph\u1ed5 bi\u1ebfn trong cu\u1ed9c s\u1ed1ng h\u00e0ng ng\u00e0y c\u1ee7a ch\u00fang ta. N\u00f3i chung, gi\u1ea5y th\u1ea3i \u0111\u1ec1 c\u1eadp \u0111\u1ebfn c\u00e1c ngu\u1ed3n t\u00e0i nguy\u00ean c\u00f3 th\u1ec3 t\u00e1i ch\u1ebf \u0111\u00e3 b\u1ecb lo\u1ea1i b\u1ecf sau khi \u0111\u01b0\u1ee3c s\u1eed d\u1ee5ng trong s\u1ea3n xu\u1ea5t v\u00e0 \u0111\u1eddi s\u1ed1ng. V\u00ec v\u1eady, vi\u1ec7c thu gom r\u1ea5t d\u1ec5 d\u00e0ng. H\u01a1n n\u1eefa, chi ph\u00ed thu gom gi\u1ea5y th\u1ea3i t\u01b0\u01a1ng \u0111\u1ed1i th\u1ea5p. T\u00e1i ch\u1ebf gi\u1ea5y th\u1ea3i kh\u00f4ng ch\u1ec9 ti\u1ebft ki\u1ec7m chi ph\u00ed m\u00e0 c\u00f2n b\u1ea3o v\u1ec7 m\u00f4i tr\u01b0\u1eddng.<\/p>    <p class=\"translation-block\"><b>2.S\u1ea3n xu\u1ea5t ho\u00e0n to\u00e0n t\u1ef1 \u0111\u1ed9ng c\u00f3 th\u1ec3 gi\u1ea3m chi ph\u00ed<\/b><\/p>    <p>D\u00e2y chuy\u1ec1n s\u1ea3n xu\u1ea5t khay tr\u1ee9ng l\u00e0 m\u1ed9t d\u00e2y chuy\u1ec1n s\u1ea3n xu\u1ea5t ho\u00e0n to\u00e0n t\u1ef1 \u0111\u1ed9ng. M\u1ed9t d\u00e2y chuy\u1ec1n s\u1ea3n xu\u1ea5t ch\u1ec9 c\u1ea7n 3-5 ng\u01b0\u1eddi v\u1eadn h\u00e0nh, \u0111i\u1ec1u n\u00e0y gi\u00fap gi\u1ea3m \u0111\u00e1ng k\u1ec3 chi ph\u00ed lao \u0111\u1ed9ng. T\u1ea5t c\u1ea3 c\u00e1c b\u1ed9 ph\u1eadn c\u1ee7a d\u00e2y chuy\u1ec1n s\u1ea3n xu\u1ea5t khay tr\u1ee9ng \u0111\u1ec1u \u0111\u01b0\u1ee3c k\u1ebft n\u1ed1i ch\u1eb7t ch\u1ebd. <\/p>    <p class=\"translation-block\"><b>3.Tri\u1ec3n v\u1ecdng b\u00e1n h\u00e0ng r\u1ed9ng l\u1edbn<\/b><\/p>   <div class=\"wp-block-image\"> <figure class=\"aligncenter size-large\"><img loading=\"lazy\" decoding=\"async\" width=\"720\" height=\"540\" src=\"https:\/\/www.eggtraymaking.com\/wp-content\/uploads\/2019\/05\/various-paper-pulp-trays-made-by-the-egg-tray-production-line.jpg\" alt=\"c\u00e1c khay b\u1ed9t gi\u1ea5y kh\u00e1c nhau \u0111\u01b0\u1ee3c s\u1ea3n xu\u1ea5t b\u1edfi d\u00e2y chuy\u1ec1n s\u1ea3n xu\u1ea5t khay tr\u1ee9ng\" class=\"wp-image-3181\" srcset=\"https:\/\/www.eggtraymaking.com\/wp-content\/uploads\/2019\/05\/various-paper-pulp-trays-made-by-the-egg-tray-production-line.jpg 720w, https:\/\/www.eggtraymaking.com\/wp-content\/uploads\/2019\/05\/various-paper-pulp-trays-made-by-the-egg-tray-production-line-240x180.jpg 240w, https:\/\/www.eggtraymaking.com\/wp-content\/uploads\/2019\/05\/various-paper-pulp-trays-made-by-the-egg-tray-production-line-360x270.jpg 360w\" sizes=\"auto, (max-width: 720px) 100vw, 720px\" \/><figcaption class=\"wp-element-caption\">C\u00e1c khay gi\u1ea5y b\u1ed9t kh\u00e1c nhau \u0111\u01b0\u1ee3c s\u1ea3n xu\u1ea5t b\u1edfi d\u00e2y chuy\u1ec1n s\u1ea3n xu\u1ea5t khay tr\u1ee9ng<\/figcaption><\/figure> <\/div>   <p>Khay tr\u1ee9ng gi\u1ea5y \u0111\u01b0\u1ee3c s\u1eed d\u1ee5ng r\u1ed9ng r\u00e3i trong nhi\u1ec1u l\u0129nh v\u1ef1c. Ch\u1eb3ng h\u1ea1n nh\u01b0 h\u1ed9p tr\u1ee9ng, s\u1ea3n ph\u1ea9m d\u1ec5 v\u1ee1 trong th\u1eddi gian g\u1ea7n \u0111\u00e2y, khay tr\u00e1i c\u00e2y, v\u00e0 nhi\u1ec1u th\u1ee9 kh\u00e1c. B\u1edfi v\u00ec n\u00f3 kh\u00f4ng g\u00e2y \u00f4 nhi\u1ec5m cho m\u00f4i tr\u01b0\u1eddng. Khay tr\u1ee9ng \u0111\u01b0\u1ee3c s\u1ea3n xu\u1ea5t t\u1ea1i nh\u00e0 m\u00e1y khay tr\u1ee9ng b\u1eb1ng b\u1ed9t gi\u1ea5y c\u0169ng ph\u00f9 h\u1ee3p cho nhi\u1ec1u s\u1ea3n ph\u1ea9m kh\u00e1c nhau. V\u00ec v\u1eady, nhu c\u1ea7u cho s\u1ea3n ph\u1ea9m n\u00e0y l\u00e0 r\u1ea5t l\u1edbn.<\/p>    <p class=\"translation-block\"><b>4.C\u00f4ng su\u1ea5t s\u1ea3n xu\u1ea5t l\u1edbn<\/b><\/p>    <p>Nh\u00e0 m\u00e1y khay tr\u1ee9ng t\u1eeb b\u1ed9t gi\u1ea5y c\u00f3 th\u1ec3 ho\u1ea1t \u0111\u1ed9ng li\u00ean t\u1ee5c. Nhi\u1ec1u khay h\u01a1n, c\u00f4ng su\u1ea5t cao h\u01a1n. S\u1ea3n l\u01b0\u1ee3ng t\u1ed1i \u0111a c\u1ee7a nh\u00e0 m\u00e1y ch\u1ebf bi\u1ebfn khay tr\u1ee9ng t\u1eeb b\u1ed9t gi\u1ea5y l\u00e0 8000 trong m\u1ed9t gi\u1edd. S\u1ea3n l\u01b0\u1ee3ng c\u00e0ng cao, chi ph\u00ed t\u00e1i ch\u1ebf c\u00e0ng nhanh. <\/p>    <figure class=\"wp-block-embed is-type-video is-provider-youtube wp-block-embed-youtube wp-embed-aspect-16-9 wp-has-aspect-ratio\"><div class=\"wp-block-embed__wrapper\"> <iframe loading=\"lazy\" title=\"Ph\u1ea3n h\u1ed3i c\u1ee7a kh\u00e1ch h\u00e0ng n\u0103m 2021! Nh\u00e0 m\u00e1y s\u1ea3n xu\u1ea5t khay tr\u1ee9ng | M\u00e1y l\u00e0m th\u00f9ng carton khay tr\u1ee9ng\" width=\"500\" height=\"281\" src=\"https:\/\/www.youtube.com\/embed\/52_scts8Y7A?feature=oembed\" frameborder=\"0\" allow=\"accelerometer; autoplay; clipboard-write; encrypted-media; gyroscope; picture-in-picture; web-share\" referrerpolicy=\"strict-origin-when-cross-origin\" allowfullscreen><\/iframe> <\/div><\/figure>    <p>C\u00f4ng ty Zhengzhou Shuliy Machinery c\u00f3 nhi\u1ec1u kinh nghi\u1ec7m trong vi\u1ec7c s\u1ea3n xu\u1ea5t khay tr\u1ee9ng. Gi\u00e1 m\u00e1y s\u1ea3n xu\u1ea5t khay tr\u1ee9ng r\u1ea5t h\u1ee3p l\u00fd. D\u00e2y chuy\u1ec1n s\u1ea3n xu\u1ea5t khay tr\u1ee9ng c\u00f3 nhi\u1ec1u \u01b0u \u0111i\u1ec3m, v\u00ec v\u1eady \u0111\u00e2y l\u00e0 s\u1ef1 l\u1ef1a ch\u1ecdn t\u1ed1t cho m\u1ecdi ng\u01b0\u1eddi \u0111\u1ec3 \u0111\u1ea7u t\u01b0. <\/p>    <h2 class=\"wp-block-heading\" id=\"h-finished-egg-trays-display\">Tr\u01b0ng b\u00e0y khay tr\u1ee9ng ho\u00e0n thi\u1ec7n<\/h2>    <p class=\"translation-block\"><strong><a href=\"https:\/\/www.eggtraymaking.com\/vi\/egg-tray-making-machine\/\">M\u00e1y s\u1ea3n xu\u1ea5t khay tr\u1ee9ng<\/a><\/strong> th\u01b0\u01a1ng m\u1ea1i c\u00f3 th\u1ec3 \u0111\u01b0\u1ee3c s\u1eed d\u1ee5ng \u0111\u1ec3 x\u1eed l\u00fd c\u00e1c th\u00f4ng s\u1ed1 k\u1ef9 thu\u1eadt kh\u00e1c nhau c\u1ee7a s\u1ea3n ph\u1ea9m khay tr\u1ee9ng, v\u00e0 s\u1ed1 l\u01b0\u1ee3ng tr\u1ee9ng \u0111\u1eb7t tr\u00ean khay tr\u1ee9ng c\u00f3 th\u1ec3 \u0111\u01b0\u1ee3c t\u00f9y ch\u1ec9nh. C\u00e1c lo\u1ea1i ph\u1ed5 bi\u1ebfn l\u00e0 khay 4 tr\u1ee9ng, khay 6 tr\u1ee9ng, khay 8 tr\u1ee9ng, khay 12 tr\u1ee9ng v\u00e0 khay 20 tr\u1ee9ng. Khay tr\u1ee9ng, khay 30 tr\u1ee9ng, v.v.<\/p>   <div class=\"wp-block-image\"> <figure class=\"aligncenter size-large\"><img loading=\"lazy\" decoding=\"async\" width=\"720\" height=\"540\" src=\"https:\/\/www.eggtraymaking.com\/wp-content\/uploads\/2019\/05\/egg-trays-with-different-specifications.jpg\" alt=\"khay tr\u1ee9ng v\u1edbi c\u00e1c th\u00f4ng s\u1ed1 k\u1ef9 thu\u1eadt kh\u00e1c nhau\" class=\"wp-image-3180\" srcset=\"https:\/\/www.eggtraymaking.com\/wp-content\/uploads\/2019\/05\/egg-trays-with-different-specifications.jpg 720w, https:\/\/www.eggtraymaking.com\/wp-content\/uploads\/2019\/05\/egg-trays-with-different-specifications-240x180.jpg 240w, https:\/\/www.eggtraymaking.com\/wp-content\/uploads\/2019\/05\/egg-trays-with-different-specifications-360x270.jpg 360w\" sizes=\"auto, (max-width: 720px) 100vw, 720px\" \/><figcaption class=\"wp-element-caption\">khay tr\u1ee9ng v\u1edbi c\u00e1c th\u00f4ng s\u1ed1 k\u1ef9 thu\u1eadt kh\u00e1c nhau<\/figcaption><\/figure> <\/div>   <h2 class=\"wp-block-heading\">M\u1ed9t s\u1ed1 y\u1ebfu t\u1ed1 \u1ea3nh h\u01b0\u1edfng \u0111\u1ebfn gi\u00e1 m\u00e1y l\u00e0m khay tr\u1ee9ng b\u1eb1ng gi\u1ea5y<\/h2>    <p class=\"translation-block\"> As the economy develops more and more perfectly, the paper egg tray-making machine market has also developed rapidly. The variety of commodities has brought many business opportunities to the price of egg tray production equipment, making people&#8217;s lives full of special colors. The quality of the egg tray is also the focus of attention, <a href=\"https:\/\/www.eggtraymaking.com\/vi\/some-factors-affecting-the-price-of-egg-tray-production-equipment\/\">some factors<\/a> should be paid attention to. <\/p>    <h2 class=\"wp-block-heading\">V\u1ec7 sinh v\u00e0 b\u1ea3o tr\u00ec m\u00e1y khay tr\u1ee9ng<\/h2>    <p class=\"translation-block\">Ch\u1ea5t li\u1ec7u c\u1ee7a<strong> <a href=\"https:\/\/www.eggtraymaking.com\/vi\/egg-tray-making-machine\/\">thi\u1ebft b\u1ecb l\u00e0m khay tr\u1ee9ng<\/a> <\/strong>l\u00e0 th\u00e9p kh\u00f4ng g\u1ec9. Trong \u0111i\u1ec1u ki\u1ec7n b\u00ecnh th\u01b0\u1eddng, m\u00e1y l\u00e0m khay tr\u1ee9ng s\u1ebd kh\u00f4ng b\u1ecb g\u1ec9. Tuy nhi\u00ean, n\u1ebfu vi\u1ec7c s\u1eed d\u1ee5ng ho\u1eb7c <a href=\"https:\/\/www.eggtraymaking.com\/vi\/maintenance-of-egg-tray-machine\/\">b\u1ea3o tr\u00ec<\/a> kh\u00f4ng \u0111\u00fang c\u00e1ch, ho\u1eb7c m\u00f4i tr\u01b0\u1eddng c\u1ee7a m\u00e1y l\u00e0m khay tr\u1ee9ng qu\u00e1 t\u1ec7, m\u00e1y l\u00e0m khay tr\u1ee9ng c\u00f3 th\u1ec3 b\u1ecb g\u1ec9. Ng\u01b0\u1eddi v\u1eadn h\u00e0nh n\u00ean n\u00e2ng cao nh\u1eadn th\u1ee9c v\u1ec1 b\u1ea3o tr\u00ec m\u00e1y l\u00e0m khay tr\u1ee9ng v\u00e0 l\u00e0m t\u1ed1t c\u00f4ng t\u00e1c b\u1ea3o tr\u00ec. S\u1eed d\u1ee5ng kh\u00f4ng \u0111\u00fang c\u00e1ch m\u00e1y l\u00e0m khay tr\u1ee9ng s\u1ebd g\u00e2y ra g\u1ec9 s\u00e9t v\u00e0 bong tr\u00f3c. C\u1ea7n ch\u00fa \u00fd s\u1eed d\u1ee5ng \u0111\u00fang c\u00e1ch \u0111\u1ec3 ng\u0103n ch\u1eb7n hai hi\u1ec7n t\u01b0\u1ee3ng n\u00e0y x\u1ea3y ra.<\/p>","protected":false},"excerpt":{"rendered":"<p>D\u00e2y chuy\u1ec1n s\u1ea3n xu\u1ea5t khay tr\u1ee9ng, c\u00f2n \u0111\u01b0\u1ee3c g\u1ecdi l\u00e0 nh\u00e0 m\u00e1y khay tr\u1ee9ng b\u1eb1ng b\u1ed9t gi\u1ea5y t\u1ef1 \u0111\u1ed9ng, ch\u1ee7 y\u1ebfu bao g\u1ed3m b\u1ed1n ph\u1ea7n: m\u00e1y tr\u1ed9n b\u1ed9t gi\u1ea5y, m\u00e1y t\u1ea1o h\u00ecnh khay tr\u1ee9ng, m\u00e1y s\u1ea5y khay tr\u1ee9ng v\u00e0 m\u00e1y \u0111\u00f3ng g\u00f3i khay tr\u1ee9ng. D\u00e2y chuy\u1ec1n s\u1ea3n xu\u1ea5t khay tr\u1ee9ng c\u00f4ng nghi\u1ec7p n\u00e0y c\u00f3 th\u1ec3 bi\u1ebfn nhi\u1ec1u lo\u1ea1i gi\u1ea5y th\u1ea3i, b\u00e1o ch\u00ed, th\u00f9ng carton th\u1ea3i v\u00e0 h\u1ed9p gi\u1ea5y th\u00e0nh khay tr\u1ee9ng, khay tr\u00e1i c\u00e2y, khay c\u1ed1c c\u00e0 ph\u00ea, h\u1ed9p c\u01a1m gi\u1ea5y d\u00f9ng m\u1ed9t l\u1ea7n, v.v.<\/p>","protected":false},"author":1,"featured_media":9663,"parent":0,"template":"","tags":[433,13,431,432],"product-type":[450],"class_list":["post-1037","product","type-product","status-publish","has-post-thumbnail","hentry","tag-egg-carton-machine","tag-egg-tray-making-machine","tag-egg-tray-production-line-2","tag-paper-pulp-egg-tray-machine","product-type-production-line"],"_links":{"self":[{"href":"https:\/\/www.eggtraymaking.com\/vi\/wp-json\/wp\/v2\/product\/1037","targetHints":{"allow":["GET"]}}],"collection":[{"href":"https:\/\/www.eggtraymaking.com\/vi\/wp-json\/wp\/v2\/product"}],"about":[{"href":"https:\/\/www.eggtraymaking.com\/vi\/wp-json\/wp\/v2\/types\/product"}],"author":[{"embeddable":true,"href":"https:\/\/www.eggtraymaking.com\/vi\/wp-json\/wp\/v2\/users\/1"}],"wp:featuredmedia":[{"embeddable":true,"href":"https:\/\/www.eggtraymaking.com\/vi\/wp-json\/wp\/v2\/media\/9663"}],"wp:attachment":[{"href":"https:\/\/www.eggtraymaking.com\/vi\/wp-json\/wp\/v2\/media?parent=1037"}],"wp:term":[{"taxonomy":"post_tag","embeddable":true,"href":"https:\/\/www.eggtraymaking.com\/vi\/wp-json\/wp\/v2\/tags?post=1037"},{"taxonomy":"product-type","embeddable":true,"href":"https:\/\/www.eggtraymaking.com\/vi\/wp-json\/wp\/v2\/product-type?post=1037"}],"curies":[{"name":"wp","href":"https:\/\/api.w.org\/{rel}","templated":true}]}}