{"id":1010,"date":"2019-05-28T02:19:28","date_gmt":"2019-05-28T02:19:28","guid":{"rendered":"https:\/\/www.eggtraymaking.com\/?p=1010"},"modified":"2026-04-30T10:45:42","modified_gmt":"2026-04-30T02:45:42","slug":"4-side-egg-tray-machine","status":"publish","type":"product","link":"https:\/\/www.eggtraymaking.com\/vi\/4-side-egg-tray-machine\/","title":{"rendered":"M\u00e1y l\u00e0m khay tr\u1ee9ng 4 m\u1eb7t"},"content":{"rendered":"<p>Khay tr\u1ee9ng ch\u1ee7 y\u1ebfu \u0111\u01b0\u1ee3c s\u1eed d\u1ee5ng \u0111\u1ec3 \u0111\u00f3ng g\u00f3i tr\u1ee9ng nh\u01b0 tr\u1ee9ng g\u00e0 v\u00e0 tr\u1ee9ng v\u1ecbt. Ch\u1ee9c n\u0103ng ch\u00ednh c\u1ee7a n\u00f3 l\u00e0 h\u1ea5p th\u1ee5 rung \u0111\u1ed9ng v\u00e0 gi\u1ea3m thi\u1ec7t h\u1ea1i cho c\u00e1c v\u1eadt li\u1ec7u d\u1ec5 v\u1ee1 trong qu\u00e1 tr\u00ecnh v\u1eadn chuy\u1ec3n. \u0110\u00e2y l\u00e0 m\u00e1y ch\u00ednh \u0111\u1ec3 s\u1ea3n xu\u1ea5t khay tr\u1ee9ng. <\/p>    <figure class=\"wp-block-embed is-type-video is-provider-youtube wp-block-embed-youtube wp-embed-aspect-16-9 wp-has-aspect-ratio\"><div class=\"wp-block-embed__wrapper\"> <iframe loading=\"lazy\" title=\"4 Side Egg Tray Machine | High Output Pulp Molding Egg Tray Machine\" width=\"500\" height=\"281\" src=\"https:\/\/www.youtube.com\/embed\/yyWyhJ0-GRM?feature=oembed\" frameborder=\"0\" allow=\"accelerometer; autoplay; clipboard-write; encrypted-media; gyroscope; picture-in-picture; web-share\" referrerpolicy=\"strict-origin-when-cross-origin\" allowfullscreen><\/iframe> <\/div><\/figure>    <h2 class=\"wp-block-heading\">To\u00e0n b\u1ed9 quy tr\u00ecnh s\u1ea3n xu\u1ea5t<\/h2>    <p class=\"translation-block\">Gi\u1ea5y th\u1ea3i \u2013 <a href=\"https:\/\/www.eggtraymaking.com\/vi\/pulping-equipment\/\">nguy\u00ean li\u1ec7u b\u1ed9t gi\u1ea5y<\/a> \u2013 <a href=\"https:\/\/en.wikipedia.org\/wiki\/Pulp_(paper)\" target=\"_blank\" rel=\"noopener\">b\u1ed9t gi\u1ea5y<\/a> tr\u1ed9n \u2013 s\u00e0ng l\u1ecdc \u2013 cung c\u1ea5p b\u1ed9t gi\u1ea5y \u2013 \u0111\u1ecbnh h\u00ecnh \u2013 s\u1ea5y kh\u00f4 \u2013 s\u1ed1 nguy\u00ean \u2013 xem qua \u2013 g\u00f3i<\/p>    <figure class=\"wp-block-image\"><img loading=\"lazy\" decoding=\"async\" width=\"800\" height=\"697\" src=\"https:\/\/www.eggtraymaking.com\/wp-content\/uploads\/2019\/05\/Egg-Tray-Machine-5-1.jpg\" alt=\"\" class=\"wp-image-1061\" srcset=\"https:\/\/www.eggtraymaking.com\/wp-content\/uploads\/2019\/05\/Egg-Tray-Machine-5-1.jpg 800w, https:\/\/www.eggtraymaking.com\/wp-content\/uploads\/2019\/05\/Egg-Tray-Machine-5-1-310x270.jpg 310w, https:\/\/www.eggtraymaking.com\/wp-content\/uploads\/2019\/05\/Egg-Tray-Machine-5-1-768x669.jpg 768w\" sizes=\"auto, (max-width: 800px) 100vw, 800px\" \/><\/figure>    <h2 class=\"wp-block-heading\">Th\u00f4ng s\u1ed1 k\u1ef9 thu\u1eadt m\u00e1y khay tr\u1ee9ng 4 m\u1eb7t<\/h2>    <figure class=\"wp-block-table\"><table><tbody><tr><td>M\u00f4 h\u00ecnh<\/td><td>Dung l\u01b0\u1ee3ng<\/td><td>Ti\u00eau th\u1ee5 \u0111i\u1ec7n<\/td><td>Ti\u00eau th\u1ee5 n\u01b0\u1edbc<\/td><td>Ti\u00eau th\u1ee5 gi\u1ea5y<\/td><td>C\u00f4ng nh\u00e2n<\/td><\/tr><tr><td>SL-3*4<\/td><td>2000-2500 c\u00e1i\/gi\u1edd<\/td><td>58kw\/gi\u1edd<\/td><td>450kg\/gi\u1edd<\/td><td>200kg\/gi\u1edd<\/td><td>4-5<\/td><\/tr><tr><td>SL-4*4<\/td><td>3000-3500 c\u00e1i\/gi\u1edd<\/td><td><br>78kw\/gi\u1edd<\/td><td>560kg\/gi\u1edd<\/td><td>280kg\/gi\u1edd<\/td><td>4-5<\/td><\/tr><\/tbody><\/table><\/figure>    <figure class=\"wp-block-gallery has-nested-images columns-default is-cropped wp-block-gallery-2 is-layout-flex wp-block-gallery-is-layout-flex\"> <figure class=\"wp-block-image\"><img loading=\"lazy\" decoding=\"async\" width=\"800\" height=\"800\" data-id=\"1062\" src=\"https:\/\/www.eggtraymaking.com\/wp-content\/uploads\/2019\/05\/SL-34Egg-Tray-Machine-1.jpg\" alt=\"M\u00e1y l\u00e0m khay tr\u1ee9ng SL-3*4\" class=\"wp-image-1062\" srcset=\"https:\/\/www.eggtraymaking.com\/wp-content\/uploads\/2019\/05\/SL-34Egg-Tray-Machine-1.jpg 800w, https:\/\/www.eggtraymaking.com\/wp-content\/uploads\/2019\/05\/SL-34Egg-Tray-Machine-1-270x270.jpg 270w, https:\/\/www.eggtraymaking.com\/wp-content\/uploads\/2019\/05\/SL-34Egg-Tray-Machine-1-768x768.jpg 768w\" sizes=\"auto, (max-width: 800px) 100vw, 800px\" \/><figcaption class=\"wp-element-caption\">M\u00e1y l\u00e0m khay tr\u1ee9ng Sl-3*4<\/figcaption><\/figure>    <figure class=\"wp-block-image\"><img loading=\"lazy\" decoding=\"async\" width=\"800\" height=\"800\" data-id=\"1063\" src=\"https:\/\/www.eggtraymaking.com\/wp-content\/uploads\/2019\/05\/SL-44-Egg-Tray-Machine-6.jpg\" alt=\"M\u00e1y l\u00e0m khay tr\u1ee9ng SL-4*4\" class=\"wp-image-1063\" srcset=\"https:\/\/www.eggtraymaking.com\/wp-content\/uploads\/2019\/05\/SL-44-Egg-Tray-Machine-6.jpg 800w, https:\/\/www.eggtraymaking.com\/wp-content\/uploads\/2019\/05\/SL-44-Egg-Tray-Machine-6-270x270.jpg 270w, https:\/\/www.eggtraymaking.com\/wp-content\/uploads\/2019\/05\/SL-44-Egg-Tray-Machine-6-768x768.jpg 768w\" sizes=\"auto, (max-width: 800px) 100vw, 800px\" \/><figcaption class=\"wp-element-caption\">M\u00e1y l\u00e0m khay tr\u1ee9ng Sl-4*4<\/figcaption><\/figure> <\/figure>    <h2 class=\"wp-block-heading\">Gi\u1edbi thi\u1ec7u m\u00f4 h\u00ecnh SL-3*4 <\/h2>    <p>M\u00f4 h\u00ecnh SL-3*4 c\u00f3 th\u1ec3 s\u1ea3n xu\u1ea5t kho\u1ea3ng 2000-2500 s\u1ea3n ph\u1ea9m m\u1ed7i gi\u1edd. M\u00e1y n\u00e0y c\u00f3 b\u1ed1n t\u1ea5m. T\u1ea5m lu\u00f4n lu\u00f4n quay. Do \u0111\u00f3, n\u00f3 c\u00f3 th\u1ec3 ti\u1ebft ki\u1ec7m r\u1ea5t nhi\u1ec1u th\u1eddi gian ch\u1edd \u0111\u1ee3i. \u0110\u00e2y l\u00e0 m\u1ed9t m\u00e1y quay, v\u1edbi nhi\u1ec1u b\u1ea3ng \u0111\u1ecbnh h\u00ecnh v\u00e0 m\u1ed9t b\u1ea3ng chuy\u1ec3n giao. Thi\u1ebft k\u1ebf n\u00e0y s\u1ebd c\u1ea3i thi\u1ec7n hi\u1ec7u su\u1ea5t v\u00e0 t\u0103ng kh\u1ea3 n\u0103ng c\u0169ng nh\u01b0 l\u1ee3i nhu\u1eadn m\u1ed9t c\u00e1ch \u0111\u00e1ng k\u1ec3 so v\u1edbi m\u00e1y nghi\u00eang. <\/p>    <p>M\u00f4 h\u00ecnh SL-4*4 c\u00f3 th\u1ec3 s\u1ea3n xu\u1ea5t kho\u1ea3ng 3000-3500 khay tr\u1ee9ng m\u1ed7i gi\u1edd. M\u00f4 h\u00ecnh n\u00e0y c\u00f3 b\u1ed1n t\u1ea5m. N\u00f3 c\u1ea7n kho\u1ea3ng 4-5 ng\u01b0\u1eddi \u0111\u1ec3 v\u1eadn h\u00e0nh to\u00e0n b\u1ed9 quy tr\u00ecnh s\u1ea3n xu\u1ea5t. N\u1ebfu ng\u01b0\u1eddi s\u1eed d\u1ee5ng mu\u1ed1n l\u00e0m khay tr\u1ee9ng c\u00f3 m\u00e0u kh\u00e1c nhau, ch\u1ec9 c\u1ea7n th\u00eam m\u00e0u v\u00e0o b\u1ec3 b\u1ed9t. M\u00e0u b\u1ed9t s\u1ebd thay \u0111\u1ed5i sau khi khu\u1ea5y. \u0110\u1ed9 \u0111\u1eadm nh\u1ea1t c\u1ee7a m\u00e0u s\u1eafc li\u00ean quan \u0111\u1ebfn t\u1ef7 l\u1ec7 gi\u1eefa m\u00e0u v\u00e0 b\u1ed9t.<\/p>    <ol class=\"wp-block-list\"> <li>Ti\u1ebft ki\u1ec7m chi ph\u00ed lao \u0111\u1ed9ng: B\u1ed1n m\u1eb7t <strong><a href=\"https:\/\/www.eggtraymaking.com\/vi\/egg-tray-making-machine\/\">m\u00e1y l\u00e0m khay tr\u1ee9ng<\/a><\/strong> l\u00e0 m\u1ed9t d\u00e2y chuy\u1ec1n s\u1ea3n xu\u1ea5t ho\u00e0n ch\u1ec9nh, ch\u1ec9 c\u1ea7n 5-6 ng\u01b0\u1eddi \u0111\u1ec3 v\u1eadn h\u00e0nh. N\u00f3 ti\u1ebft ki\u1ec7m \u0111\u00e1ng k\u1ec3 chi ph\u00ed lao \u0111\u1ed9ng v\u00e0 c\u1ea3i thi\u1ec7n hi\u1ec7u qu\u1ea3 l\u00e0m vi\u1ec7c. Chi ph\u00ed lao \u0111\u1ed9ng \u0111\u1eb7c bi\u1ec7t \u0111\u1eaft \u0111\u1ecf \u1edf m\u1ed9t s\u1ed1 qu\u1ed1c gia. V\u00ec v\u1eady, s\u1ea3n xu\u1ea5t t\u1ef1 \u0111\u1ed9ng s\u1ebd gi\u1ea3m \u0111\u00e1ng k\u1ec3 chi ph\u00ed s\u1ea3n xu\u1ea5t. <\/li>    <li>Nguy\u00ean li\u1ec7u th\u00f4 r\u1ebb: Nguy\u00ean li\u1ec7u th\u00f4 \u0111\u1ec3 l\u00e0m c\u00e1c lo\u1ea1i khay tr\u1ee9ng ch\u1ee7 y\u1ebfu l\u00e0 t\u1ea5t c\u1ea3 c\u00e1c lo\u1ea1i gi\u1ea5y th\u1ea3i. Ch\u1eb3ng h\u1ea1n nh\u01b0 s\u00e1ch th\u1ea3i, b\u00e1o th\u1ea3i, gi\u1ea5y th\u1ea3i, v.v. Gi\u1ea5y th\u1ea3i kh\u00e1 r\u1ebb, \u0111i\u1ec1u n\u00e0y gi\u00fap gi\u1ea3m \u0111\u00e1ng k\u1ec3 chi ph\u00ed. M\u00f4 h\u00ecnh b\u1ed1n m\u1eb7t c\u00f3 th\u1ec3 s\u1eed d\u1ee5ng nh\u1eefng nguy\u00ean li\u1ec7u n\u00e0y \u0111\u1ec3 t\u1ea1o th\u00e0nh khay tr\u1ee9ng. <\/li>    <li>Th\u1ecb tr\u01b0\u1eddng b\u00e1n h\u00e0ng r\u1ed9ng l\u1edbn: Khay tr\u1ee9ng c\u00f3 th\u1ec3 \u0111\u01b0\u1ee3c s\u1eed d\u1ee5ng trong nhi\u1ec1u l\u0129nh v\u1ef1c kh\u00e1c nhau. M\u00e1y n\u00e0y c\u00f3 th\u1ec3 t\u1ea1o ra c\u00e1c s\u1ea3n ph\u1ea9m v\u1edbi h\u00ecnh d\u1ea1ng kh\u00e1c nhau, ch\u1eb3ng h\u1ea1n nh\u01b0 khay tr\u1ee9ng, khay tr\u00e1i c\u00e2y t\u01b0\u01a1i, khay b\u00ean trong \u0111i\u1ec7n, khay s\u1ea3n ph\u1ea9m d\u1ec5 v\u1ee1, khay n\u00f4ng tr\u1ea1i, \u0111\u00f3ng g\u00f3i th\u1ef1c ph\u1ea9m v\u00e0 y t\u1ebf, s\u1ea3n ph\u1ea9m y t\u1ebf, \u0111\u00f3ng g\u00f3i khay cho ng\u00e0nh c\u00f4ng nghi\u1ec7p \u0111\u1eb7c bi\u1ec7t, v.v. V\u00ec v\u1eady, khay tr\u1ee9ng c\u00f3 m\u1ed9t th\u1ecb tr\u01b0\u1eddng b\u00e1n h\u00e0ng l\u1edbn. <\/li>    <li>D\u1ecbch v\u1ee5 tr\u01b0\u1edfng th\u00e0nh tr\u01b0\u1edbc v\u00e0 sau b\u00e1n h\u00e0ng<\/li> <\/ol>    <p>C\u00f4ng ty Zhengzhou Shuliy Machinery \u0111\u00e3 s\u1ea3n xu\u1ea5t d\u00e2y chuy\u1ec1n s\u1ea3n xu\u1ea5t ho\u00e0n ch\u1ec9nh h\u01a1n m\u01b0\u1eddi n\u0103m v\u00e0 ch\u00fang t\u00f4i c\u00f3 c\u00f4ng ngh\u1ec7 tr\u01b0\u1edfng th\u00e0nh c\u00f9ng v\u1edbi c\u00f4ng nh\u00e2n c\u00f3 kinh nghi\u1ec7m. V\u00ec v\u1eady, ch\u00fang t\u00f4i c\u00f3 th\u1ec3 t\u00f9y ch\u1ec9nh m\u00e1y m\u00f3c theo nhu c\u1ea7u c\u1ee7a kh\u00e1ch h\u00e0ng. Ch\u1eb3ng h\u1ea1n nh\u01b0 thay \u0111\u1ed5i \u0111i\u1ec7n \u00e1p, t\u00f9y ch\u1ec9nh khu\u00f4n, thi\u1ebft k\u1ebf b\u1ea3n v\u1ebd, v.v. Ch\u00fang t\u00f4i c\u00f3 th\u1ec3 c\u1eed c\u00f4ng nh\u00e2n \u0111\u1ebfn th\u00e0nh ph\u1ed1 c\u1ee7a b\u1ea1n \u0111\u1ec3 l\u1eafp \u0111\u1eb7t m\u00e1y. C\u00f4ng nh\u00e2n c\u1ee7a ch\u00fang t\u00f4i c\u00f3 th\u1ec3 gi\u00fap b\u1ea1n thi\u1ebft k\u1ebf b\u1ea3n v\u1ebd nh\u00e0 m\u00e1y theo t\u00ecnh h\u00ecnh th\u1ef1c t\u1ebf c\u1ee7a kh\u00e1ch h\u00e0ng.<\/p>    <figure class=\"wp-block-image\"><img loading=\"lazy\" decoding=\"async\" width=\"800\" height=\"800\" src=\"https:\/\/www.eggtraymaking.com\/wp-content\/uploads\/2019\/05\/Egg-Tray-Machine-2-1.jpg\" alt=\"\" class=\"wp-image-1058\" srcset=\"https:\/\/www.eggtraymaking.com\/wp-content\/uploads\/2019\/05\/Egg-Tray-Machine-2-1.jpg 800w, https:\/\/www.eggtraymaking.com\/wp-content\/uploads\/2019\/05\/Egg-Tray-Machine-2-1-270x270.jpg 270w, https:\/\/www.eggtraymaking.com\/wp-content\/uploads\/2019\/05\/Egg-Tray-Machine-2-1-768x768.jpg 768w\" sizes=\"auto, (max-width: 800px) 100vw, 800px\" \/><\/figure>    <h2 class=\"wp-block-heading\"><strong>Ph\u01b0\u01a1ng ph\u00e1p s\u1ea5y c\u1ee7a m\u00e1y l\u00e0m khay tr\u1ee9ng 4 m\u1eb7t<\/strong><strong><\/strong><\/h2>    <p>\u0110\u1ed1i v\u1edbi m\u00e1y l\u00e0m khay tr\u1ee9ng b\u1ed1n m\u1eb7t, c\u00f3 nhi\u1ec1u ph\u01b0\u01a1ng ph\u00e1p l\u00e0m kh\u00f4. V\u00ed d\u1ee5, b\u1ea1n c\u00f3 th\u1ec3 ch\u1ecdn l\u00e0m kh\u00f4 t\u1ef1 nhi\u00ean n\u1ebfu b\u1ea1n c\u00f3 \u0111\u1ee7 kh\u00f4ng gian \u0111\u1ec3 \u0111\u1eb7t khay tr\u1ee9ng, \u0111\u00e2y l\u00e0 ph\u01b0\u01a1ng ph\u00e1p ti\u1ebft ki\u1ec7m chi ph\u00ed nh\u1ea5t. Ngo\u00e0i ra, b\u1ea1n c\u00f3 th\u1ec3 ch\u1ecdn d\u00e2y chuy\u1ec1n l\u00e0m kh\u00f4 b\u1eb1ng g\u1ea1ch v\u1edbi xe nh\u1ecf ho\u1eb7c b\u0103ng t\u1ea3i. So v\u1edbi c\u00e1c ph\u01b0\u01a1ng ph\u00e1p kh\u00e1c, h\u1ea7u h\u1ebft m\u1ecdi ng\u01b0\u1eddi s\u1ebd ch\u1ecdn d\u00e2y chuy\u1ec1n l\u00e0m kh\u00f4 b\u1eb1ng g\u1ea1ch v\u00ec ti\u1ebft ki\u1ec7m chi ph\u00ed. Ho\u1eb7c ch\u00fang t\u00f4i c\u00f3 th\u1ec3 cung c\u1ea5p h\u1ed9p l\u00e0m kh\u00f4 b\u1eb1ng kim lo\u1ea1i \u0111\u1ec3 l\u00e0m kh\u00f4 khay tr\u1ee9ng. \u0110\u00e2y l\u00e0 ph\u01b0\u01a1ng ph\u00e1p l\u00e0m kh\u00f4 hi\u1ec7u qu\u1ea3 nh\u1ea5t. D\u00f9 sao \u0111i n\u1eefa, Zhengzhou Shuliy Machinery s\u1ebd cung c\u1ea5p d\u1ecbch v\u1ee5 t\u1ed1t nh\u1ea5t v\u00e0 chuy\u00ean nghi\u1ec7p nh\u1ea5t cho b\u1ea1n. Ch\u00e0o m\u1eebng b\u1ea1n li\u00ean h\u1ec7 v\u1edbi ch\u00fang t\u00f4i!<\/p>","protected":false},"excerpt":{"rendered":"<p>Egg trays are mainly used for packaging eggs such as eggs and duck eggs. Its main function is to absorb vibration and reduce the damage of fragile materials during transportation.\u00a0It is the main machine to produce egg tray.<\/p>","protected":false},"author":1,"featured_media":9750,"parent":0,"template":"","tags":[17],"product-type":[449],"class_list":["post-1010","product","type-product","status-publish","has-post-thumbnail","hentry","tag-egg-tray-machine","product-type-egg-tray-machine-by-capacity"],"_links":{"self":[{"href":"https:\/\/www.eggtraymaking.com\/vi\/wp-json\/wp\/v2\/product\/1010","targetHints":{"allow":["GET"]}}],"collection":[{"href":"https:\/\/www.eggtraymaking.com\/vi\/wp-json\/wp\/v2\/product"}],"about":[{"href":"https:\/\/www.eggtraymaking.com\/vi\/wp-json\/wp\/v2\/types\/product"}],"author":[{"embeddable":true,"href":"https:\/\/www.eggtraymaking.com\/vi\/wp-json\/wp\/v2\/users\/1"}],"wp:featuredmedia":[{"embeddable":true,"href":"https:\/\/www.eggtraymaking.com\/vi\/wp-json\/wp\/v2\/media\/9750"}],"wp:attachment":[{"href":"https:\/\/www.eggtraymaking.com\/vi\/wp-json\/wp\/v2\/media?parent=1010"}],"wp:term":[{"taxonomy":"post_tag","embeddable":true,"href":"https:\/\/www.eggtraymaking.com\/vi\/wp-json\/wp\/v2\/tags?post=1010"},{"taxonomy":"product-type","embeddable":true,"href":"https:\/\/www.eggtraymaking.com\/vi\/wp-json\/wp\/v2\/product-type?post=1010"}],"curies":[{"name":"wp","href":"https:\/\/api.w.org\/{rel}","templated":true}]}}