{"id":3,"date":"2019-05-06T02:03:06","date_gmt":"2019-05-06T02:03:06","guid":{"rendered":"https:\/\/www.dry-ice-machine.com\/?page_id=3"},"modified":"2019-05-22T02:07:22","modified_gmt":"2019-05-22T02:07:22","slug":"privacy-policy","status":"publish","type":"page","link":"https:\/\/www.eggtraymaking.com\/vi\/privacy-policy\/","title":{"rendered":"Ch\u00ednh s\u00e1ch b\u1ea3o m\u1eadt"},"content":{"rendered":"<h2 class=\"wp-block-heading\">ch\u00fang t\u00f4i l\u00e0 ai?<\/h2>    <p>Ch\u00fang t\u00f4i l\u00e0 c\u00f4ng ty TNHH m\u00e1y m\u00f3c Zhengzhou Shuliy.<\/p>    <h2 class=\"wp-block-heading\">Ch\u00fang t\u00f4i t\u00f4n tr\u1ecdng quy\u1ec1n ri\u00eang t\u01b0 c\u1ee7a b\u1ea1n<\/h2>    <p>T\u1ea1i Shuliy Machinery, ch\u00fang t\u00f4i t\u00f4n tr\u1ecdng quy\u1ec1n ri\u00eang t\u01b0 c\u1ee7a b\u1ea1n. Ch\u00fang t\u00f4i kh\u00f4ng chia s\u1ebb b\u1ea5t k\u1ef3 d\u1eef li\u1ec7u n\u00e0o \u0111\u00e3 g\u1eedi, bao g\u1ed3m c\u1ea3 th\u00f4ng tin email ho\u1eb7c danh s\u00e1ch g\u1eedi th\u01b0 c\u1ee7a ch\u00fang t\u00f4i, v\u1edbi b\u1ea5t k\u1ef3 ai ngo\u1ea1i tr\u1eeb nh\u00e2n vi\u00ean c\u1ee7a Shuliy Machinery. Ch\u00fang t\u00f4i kh\u00f4ng, v\u00e0 s\u1ebd kh\u00f4ng bao gi\u1edd, b\u00e1n ho\u1eb7c cho thu\u00ea b\u1ea5t k\u1ef3 th\u00f4ng tin c\u00e1 nh\u00e2n n\u00e0o cho b\u1ea5t k\u1ef3 ai.<\/p>    <h2 class=\"wp-block-heading\">Ch\u00fang t\u00f4i thu th\u1eadp th\u00f4ng tin g\u00ec?<\/h2>    <p>Ch\u00fang t\u00f4i thu th\u1eadp th\u00f4ng tin t\u1eeb b\u1ea1n khi b\u1ea1n \u0111i\u1ec1n v\u00e0o m\u1ed9t bi\u1ec3u m\u1eabu.<\/p>    <p>Khi y\u00eau c\u1ea7u b\u00e1o gi\u00e1 ho\u1eb7c gi\u1ea3i ph\u00e1p tr\u00ean trang web c\u1ee7a ch\u00fang t\u00f4i, n\u1ebfu ph\u00f9 h\u1ee3p, b\u1ea1n c\u00f3 th\u1ec3 \u0111\u01b0\u1ee3c y\u00eau c\u1ea7u nh\u1eadp: t\u00ean, \u0111\u1ecba ch\u1ec9 email, \u0111\u1ecba ch\u1ec9 g\u1eedi th\u01b0 ho\u1eb7c s\u1ed1 \u0111i\u1ec7n tho\u1ea1i c\u1ee7a b\u1ea1n. Tuy nhi\u00ean, b\u1ea1n c\u00f3 th\u1ec3 truy c\u1eadp trang web c\u1ee7a ch\u00fang t\u00f4i m\u1ed9t c\u00e1ch \u1ea9n danh. <\/p>    <h2 class=\"wp-block-heading\">Ch\u00fang t\u00f4i s\u1eed d\u1ee5ng th\u00f4ng tin c\u1ee7a b\u1ea1n \u0111\u1ec3 l\u00e0m g\u00ec?<\/h2>    <p>B\u1ea5t k\u1ef3 th\u00f4ng tin n\u00e0o ch\u00fang t\u00f4i thu th\u1eadp t\u1eeb b\u1ea1n c\u00f3 th\u1ec3 \u0111\u01b0\u1ee3c s\u1eed d\u1ee5ng theo m\u1ed9t trong nh\u1eefng c\u00e1ch sau:<\/p>    <ul class=\"wp-block-list\"><li>\u0110\u1ec3 c\u00e1 nh\u00e2n h\u00f3a tr\u1ea3i nghi\u1ec7m c\u1ee7a b\u1ea1n<br>(th\u00f4ng tin c\u1ee7a b\u1ea1n gi\u00fap ch\u00fang t\u00f4i \u0111\u00e1p \u1ee9ng t\u1ed1t h\u01a1n nhu c\u1ea7u c\u00e1 nh\u00e2n c\u1ee7a b\u1ea1n)<\/li><li>\u0110\u1ec3 g\u1eedi email \u0111\u1ecbnh k\u1ef3<br>\u0110\u1ecba ch\u1ec9 email b\u1ea1n cung c\u1ea5p \u0111\u1ec3 x\u1eed l\u00fd \u0111\u01a1n h\u00e0ng s\u1ebd ch\u1ec9 \u0111\u01b0\u1ee3c s\u1eed d\u1ee5ng \u0111\u1ec3 g\u1eedi cho b\u1ea1n th\u00f4ng tin v\u00e0 c\u00e1c c\u1eadp nh\u1eadt li\u00ean quan \u0111\u1ebfn \u0111\u01a1n h\u00e0ng c\u1ee7a b\u1ea1n.<\/li><\/ul>    <h5 class=\"wp-block-heading\">Ch\u00fang t\u00f4i c\u00f3 s\u1eed d\u1ee5ng cookie kh\u00f4ng?<\/h5>    <p>Kh\u00f4ng. Ch\u00fang t\u00f4i kh\u00f4ng l\u01b0u v\u00e0 \u0111\u1ecdc cookie c\u1ee7a ng\u01b0\u1eddi d\u00f9ng, xin h\u00e3y tho\u1ea3i m\u00e1i duy\u1ec7t web. <\/p>    <h5 class=\"wp-block-heading\">Ch\u00fang t\u00f4i c\u00f3 ti\u1ebft l\u1ed9 b\u1ea5t k\u1ef3 th\u00f4ng tin n\u00e0o cho b\u00ean ngo\u00e0i kh\u00f4ng?<\/h5>    <p>Ch\u00fang t\u00f4i kh\u00f4ng b\u00e1n, trao \u0111\u1ed5i, ho\u1eb7c chuy\u1ec3n giao th\u00f4ng tin c\u00e1 nh\u00e2n c\u1ee7a b\u1ea1n cho b\u00ean ngo\u00e0i. \u0110i\u1ec1u n\u00e0y kh\u00f4ng bao g\u1ed3m c\u00e1c b\u00ean th\u1ee9 ba \u0111\u00e1ng tin c\u1eady gi\u00fap ch\u00fang t\u00f4i v\u1eadn h\u00e0nh trang web c\u1ee7a m\u00ecnh, ti\u1ebfn h\u00e0nh kinh doanh c\u1ee7a ch\u00fang t\u00f4i, ho\u1eb7c ph\u1ee5c v\u1ee5 b\u1ea1n, mi\u1ec5n l\u00e0 c\u00e1c b\u00ean \u0111\u00f3 \u0111\u1ed3ng \u00fd gi\u1eef th\u00f4ng tin n\u00e0y l\u00e0 b\u00ed m\u1eadt. Ch\u00fang t\u00f4i c\u0169ng c\u00f3 th\u1ec3 c\u00f4ng b\u1ed1 th\u00f4ng tin c\u1ee7a b\u1ea1n khi ch\u00fang t\u00f4i tin r\u1eb1ng vi\u1ec7c c\u00f4ng b\u1ed1 l\u00e0 ph\u00f9 h\u1ee3p \u0111\u1ec3 tu\u00e2n th\u1ee7 ph\u00e1p lu\u1eadt, th\u1ef1c thi c\u00e1c ch\u00ednh s\u00e1ch c\u1ee7a trang web c\u1ee7a ch\u00fang t\u00f4i, ho\u1eb7c b\u1ea3o v\u1ec7 quy\u1ec1n l\u1ee3i, t\u00e0i s\u1ea3n ho\u1eb7c an to\u00e0n c\u1ee7a ch\u00fang t\u00f4i ho\u1eb7c ng\u01b0\u1eddi kh\u00e1c. Tuy nhi\u00ean, th\u00f4ng tin kh\u00e1ch truy c\u1eadp kh\u00f4ng x\u00e1c \u0111\u1ecbnh danh t\u00ednh c\u00f3 th\u1ec3 \u0111\u01b0\u1ee3c cung c\u1ea5p cho c\u00e1c b\u00ean kh\u00e1c \u0111\u1ec3 ti\u1ebfp th\u1ecb, qu\u1ea3ng c\u00e1o, ho\u1eb7c c\u00e1c m\u1ee5c \u0111\u00edch kh\u00e1c.<\/p>    <h5 class=\"wp-block-heading\">Ch\u00ednh s\u00e1ch b\u1ea3o m\u1eadt tr\u1ef1c tuy\u1ebfn ch\u1ec9<\/h5>    <p>Ch\u00ednh s\u00e1ch b\u1ea3o m\u1eadt tr\u1ef1c tuy\u1ebfn n\u00e0y ch\u1ec9 \u00e1p d\u1ee5ng cho th\u00f4ng tin \u0111\u01b0\u1ee3c thu th\u1eadp qua trang web c\u1ee7a ch\u00fang t\u00f4i v\u00e0 kh\u00f4ng \u00e1p d\u1ee5ng cho th\u00f4ng tin \u0111\u01b0\u1ee3c thu th\u1eadp ngo\u1ea1i tuy\u1ebfn.<\/p>    <h5 class=\"wp-block-heading\">S\u1ef1 \u0111\u1ed3ng \u00fd c\u1ee7a b\u1ea1n<\/h5>    <p>B\u1eb1ng c\u00e1ch s\u1eed d\u1ee5ng trang web c\u1ee7a ch\u00fang t\u00f4i, b\u1ea1n \u0111\u1ed3ng \u00fd v\u1edbi ch\u00ednh s\u00e1ch b\u1ea3o m\u1eadt c\u1ee7a trang web c\u1ee7a ch\u00fang t\u00f4i.<\/p>","protected":false},"excerpt":{"rendered":"<p>who we are? We are zhengzhou shuliy machinery co., LTD. We Respect Your Privacy At Shuliy Machinery, we respect your privacy. We do not share any submitted data, including our email or mailing list information, with anyone except Shuliy Machinery staff. We do not, nor will we ever, sell or rent any personal information with [&hellip;]<\/p>\n","protected":false},"author":1,"featured_media":0,"parent":0,"menu_order":0,"comment_status":"closed","ping_status":"open","template":"","meta":{"footnotes":""},"class_list":["post-3","page","type-page","status-publish","hentry"],"_links":{"self":[{"href":"https:\/\/www.eggtraymaking.com\/vi\/wp-json\/wp\/v2\/pages\/3","targetHints":{"allow":["GET"]}}],"collection":[{"href":"https:\/\/www.eggtraymaking.com\/vi\/wp-json\/wp\/v2\/pages"}],"about":[{"href":"https:\/\/www.eggtraymaking.com\/vi\/wp-json\/wp\/v2\/types\/page"}],"author":[{"embeddable":true,"href":"https:\/\/www.eggtraymaking.com\/vi\/wp-json\/wp\/v2\/users\/1"}],"replies":[{"embeddable":true,"href":"https:\/\/www.eggtraymaking.com\/vi\/wp-json\/wp\/v2\/comments?post=3"}],"version-history":[{"count":0,"href":"https:\/\/www.eggtraymaking.com\/vi\/wp-json\/wp\/v2\/pages\/3\/revisions"}],"wp:attachment":[{"href":"https:\/\/www.eggtraymaking.com\/vi\/wp-json\/wp\/v2\/media?parent=3"}],"curies":[{"name":"wp","href":"https:\/\/api.w.org\/{rel}","templated":true}]}}