{"id":208,"date":"2019-05-13T03:23:08","date_gmt":"2019-05-13T03:23:08","guid":{"rendered":"https:\/\/www.dry-ice-machine.com\/?p=208"},"modified":"2025-05-23T08:47:16","modified_gmt":"2025-05-23T00:47:16","slug":"contact-us","status":"publish","type":"page","link":"https:\/\/www.eggtraymaking.com\/vi\/contact-us\/","title":{"rendered":"Li\u00ean h\u1ec7 v\u1edbi ch\u00fang t\u00f4i"},"content":{"rendered":"<div class=\"wp-block-columns has-2-columns is-layout-flex wp-container-core-columns-is-layout-9d6595d7 wp-block-columns-is-layout-flex\"> <div class=\"wp-block-column is-layout-flow wp-block-column-is-layout-flow\"> <h2 class=\"wp-block-heading\" id=\"h-who-we-are\"><strong>Ch\u00fang t\u00f4i l\u00e0 ai<\/strong><\/h2>    <p>C\u00f4ng ty TNHH Shuliy Machinery l\u00e0 m\u1ed9t nh\u00e0 s\u1ea3n xu\u1ea5t h\u00e0ng \u0111\u1ea7u v\u1ec1 m\u00e1y m\u00f3c v\u00e0 thi\u1ebft b\u1ecb t\u1ef1 \u0111\u1ed9ng h\u00f3a t\u1ea1i Trung Qu\u1ed1c. C\u00f4ng ty ch\u00fang t\u00f4i c\u00f3 kho\u1ea3ng m\u01b0\u1eddi n\u0103m kinh nghi\u1ec7m trong l\u0129nh v\u1ef1c nghi\u00ean c\u1ee9u v\u00e0 ph\u00e1t tri\u1ec3n m\u00e1y l\u00e0m khay tr\u1ee9ng v\u1edbi h\u1ec7 th\u1ed1ng ki\u1ec3m so\u00e1t ch\u1ea5t l\u01b0\u1ee3ng nghi\u00eam ng\u1eb7t v\u00e0 d\u1ecbch v\u1ee5 h\u1eadu m\u00e3i to\u00e0n di\u1ec7n.<\/p>    <p>C\u00f4ng ty ch\u00fang t\u00f4i c\u00f3 m\u1ed9t \u0111\u1ed9i ng\u0169 t\u01b0 v\u1ea5n tr\u01b0\u1edbc b\u00e1n h\u00e0ng v\u00e0 d\u1ecbch v\u1ee5 sau b\u00e1n h\u00e0ng c\u00f3 \u0111\u1ecbnh h\u01b0\u1edbng qu\u1ed1c t\u1ebf. N\u1ebfu b\u1ea1n mu\u1ed1n mua s\u1ea3n ph\u1ea9m c\u1ee7a ch\u00fang t\u00f4i ho\u1eb7c b\u1ea1n g\u1eb7p b\u1ea5t k\u1ef3 v\u1ea5n \u0111\u1ec1 n\u00e0o trong vi\u1ec7c s\u1eed d\u1ee5ng m\u00e1y m\u00f3c, b\u1ea1n c\u00f3 th\u1ec3 li\u00ean h\u1ec7 v\u1edbi ch\u00fang t\u00f4i tr\u1ef1c tuy\u1ebfn b\u1ea5t c\u1ee9 l\u00fac n\u00e0o. Ch\u00fang t\u00f4i s\u1ebd ph\u1ea3n h\u1ed3i b\u1ea1n v\u1edbi m\u1ed9t c\u00e2u tr\u1ea3 l\u1eddi chuy\u00ean nghi\u1ec7p trong v\u00f2ng m\u1ed9t ng\u00e0y l\u00e0m vi\u1ec7c.<\/p>    <p style=\"font-size:12px\" class=\"translation-block\"><em>*Ch\u00fang t\u00f4i kh\u00f4ng \u0111\u1ecdc v\u00e0 l\u01b0u cookie c\u1ee7a ng\u01b0\u1eddi d\u00f9ng, vui l\u00f2ng duy\u1ec7t tho\u1ea3i m\u00e1i. <br> *Th\u00f4ng tin li\u00ean h\u1ec7 b\u1ea1n g\u1eedi ch\u1ec9 d\u00f9ng \u0111\u1ec3 li\u00ean h\u1ec7 v\u1edbi Shuliy. B\u1ea1n c\u00f3 th\u1ec3 y\u00eau c\u1ea7u x\u00f3a b\u1ea5t c\u1ee9 l\u00fac n\u00e0o.<\/em><\/p> <\/div> <\/div>    <h3 class=\"wp-block-heading\" id=\"h-other-ways-of-contact\"><strong>C\u00e1c c\u00e1ch li\u00ean h\u1ec7 kh\u00e1c<\/strong><\/h3>    <ul class=\"contactlist\"> <li class=\"fa fa-envelope-o\">&nbsp;&nbsp;<a href=\"mailto:info@eggtraymaking.com\" style=\"color:black;\">Email: info@eggtraymaking.com<\/a><\/li><br> <li class=\"fa fa-phone\">&nbsp;&nbsp;<a href=\"tel: 8619139761487\">\u0110i\u1ec7n tho\u1ea1i: 8619139761487 <\/a><\/li><br> \t<li class=\"fa fa-whatsapp\">&nbsp;&nbsp;<a href=\"https:\/\/api.whatsapp.com\/send?phone= 8619139761487\" target=\"_blank\" rel=\"noopener\" data-no-translation=\"\">WhatsApp: 8619139761487<\/a> <\/li><br> \t<li class=\"fa fa-wechat\">&nbsp;&nbsp;WeChat: 8619139761487<\/li><br> \t<li class=\"fa fa-map\">&nbsp;&nbsp;\u0110\u1ecba ch\u1ec9: S\u1ed1 1394 \u0110\u01b0\u1eddng \u0110\u00f4ng H\u00e0ng H\u1ea3i, Khu ph\u00e1t tri\u1ec3n Kinh t\u1ebf - C\u00f4ng ngh\u1ec7, Tr\u1ecbnh Ch\u00e2u, Trung Qu\u1ed1c<\/li> <\/ul>","protected":false},"excerpt":{"rendered":"<p>Who we are Shuliy Machinery Co., Ltd company is a leading manufacturer of automated machinery and equipment in China. Our company has about ten years of experience in the research and development field of egg tray making machines with a strict quality control system and comprehensive after-sales service. Our company has a pre-sales consulting and [&hellip;]<\/p>\n","protected":false},"author":1,"featured_media":0,"parent":0,"menu_order":0,"comment_status":"closed","ping_status":"closed","template":"","meta":{"footnotes":""},"class_list":["post-208","page","type-page","status-publish","hentry"],"_links":{"self":[{"href":"https:\/\/www.eggtraymaking.com\/vi\/wp-json\/wp\/v2\/pages\/208","targetHints":{"allow":["GET"]}}],"collection":[{"href":"https:\/\/www.eggtraymaking.com\/vi\/wp-json\/wp\/v2\/pages"}],"about":[{"href":"https:\/\/www.eggtraymaking.com\/vi\/wp-json\/wp\/v2\/types\/page"}],"author":[{"embeddable":true,"href":"https:\/\/www.eggtraymaking.com\/vi\/wp-json\/wp\/v2\/users\/1"}],"replies":[{"embeddable":true,"href":"https:\/\/www.eggtraymaking.com\/vi\/wp-json\/wp\/v2\/comments?post=208"}],"version-history":[{"count":0,"href":"https:\/\/www.eggtraymaking.com\/vi\/wp-json\/wp\/v2\/pages\/208\/revisions"}],"wp:attachment":[{"href":"https:\/\/www.eggtraymaking.com\/vi\/wp-json\/wp\/v2\/media?parent=208"}],"curies":[{"name":"wp","href":"https:\/\/api.w.org\/{rel}","templated":true}]}}