{"id":9369,"date":"2025-09-02T14:18:41","date_gmt":"2025-09-02T06:18:41","guid":{"rendered":"https:\/\/www.eggtraymaking.com\/?post_type=product&#038;p=9369"},"modified":"2025-09-15T16:17:29","modified_gmt":"2025-09-15T08:17:29","slug":"pulp-bedpan-making-machine","status":"publish","type":"product","link":"https:\/\/www.eggtraymaking.com\/tr\/pulp-bedpan-making-machine\/","title":{"rendered":"Pulp Bedpan Yapma Makinesi"},"content":{"rendered":"<p class=\"translation-block\">Pulp bedpan making machine, \u00e7\u00f6kelti kal\u0131plama teknolojisini kullanarak <strong><a href=\"https:\/\/en.wikipedia.org\/wiki\/Bedpan\" target=\"_blank\" rel=\"noopener\">t\u00fcketilebilir laz\u0131ml\u0131klar<\/a><\/strong> \u00fcreten, genellikle hastanelerde, huzurevlerinde ve bak\u0131m tesislerinde kullan\u0131lan bir makinad\u0131r.<\/p>    <figure class=\"wp-block-embed is-type-video is-provider-youtube wp-block-embed-youtube wp-embed-aspect-16-9 wp-has-aspect-ratio\"><div class=\"wp-block-embed__wrapper\"> <iframe loading=\"lazy\" title=\"Tek Kullan\u0131ml\u0131k Ka\u011f\u0131t Hamuru Laz\u0131ml\u0131k \u015eekillendirme Makinesi\" width=\"500\" height=\"281\" src=\"https:\/\/www.youtube.com\/embed\/eGJr7ye_-K0?feature=oembed\" frameborder=\"0\" allow=\"accelerometer; autoplay; clipboard-write; encrypted-media; gyroscope; picture-in-picture; web-share\" referrerpolicy=\"strict-origin-when-cross-origin\" allowfullscreen><\/iframe> <\/div><\/figure>    <p>T\u00fcketilebilir laz\u0131ml\u0131klar at\u0131k ka\u011f\u0131ttan, sel\u00fcloz k\u00fctlesinden, bagasse, bambu k\u00fctlesinden, ot otu k\u00fctlesinden ve geri d\u00f6n\u00fc\u015ft\u00fcr\u00fclm\u00fc\u015f karton veya ka\u011f\u0131t kutular\u0131ndan yap\u0131l\u0131r. D\u00fc\u015f\u00fck maliyetli, temiz, kullan\u0131m\u0131 kolay ve biyolojik olarak par\u00e7alanabilir olduklar\u0131 i\u00e7in \u00e7evre dostudurlar.<\/p>    <p class=\"translation-block\">Shuliy makineleri taraf\u0131ndan \u00fcretilen laz\u0131ml\u0131klar s\u0131k\u0131 bir yap\u0131ya sahiptir ve <strong><em>1\u20131,5 kg<\/em><\/strong> at\u0131\u011f\u0131 destekleyebilir. S\u0131z\u0131nt\u0131 yapmadan veya \u00e7\u00f6kmeksizin <strong><em>4\u20136 saat<\/em><\/strong> boyunca s\u0131v\u0131lar\u0131 tutabilirler.<\/p>    <p class=\"translation-block\">Bu makinenin \u00fcretim kapasitesi <strong><em>1,000\u20137,000 adet\/saat<\/em><\/strong>'d\u0131r ve tam bir laz\u0131ml\u0131k \u00fcretim hatt\u0131na entegre edilebilir. Bu i\u015f ilginizi \u00e7ekiyorsa, \u00fcretim plan\u0131 i\u00e7in Shuliy ile g\u00f6r\u00fc\u015febilirsiniz. \u0130htiyac\u0131n\u0131z olan boyut ve \u015fekle uygun laz\u0131ml\u0131klar sa\u011flayabiliriz.<\/p>   <div class=\"wp-block-image\"> <figure class=\"aligncenter size-full\"><img loading=\"lazy\" decoding=\"async\" width=\"720\" height=\"540\" src=\"https:\/\/www.eggtraymaking.com\/wp-content\/uploads\/2025\/07\/Assembling-Shoe-Tray-Making-Machine.webp\" alt=\"Tek Kullan\u0131ml\u0131k Yatak Taban\u0131 Yapma Makinesi\" class=\"wp-image-9219\" srcset=\"https:\/\/www.eggtraymaking.com\/wp-content\/uploads\/2025\/07\/Assembling-Shoe-Tray-Making-Machine.webp 720w, https:\/\/www.eggtraymaking.com\/wp-content\/uploads\/2025\/07\/Assembling-Shoe-Tray-Making-Machine-360x270.webp 360w, https:\/\/www.eggtraymaking.com\/wp-content\/uploads\/2025\/07\/Assembling-Shoe-Tray-Making-Machine-240x180.webp 240w, https:\/\/www.eggtraymaking.com\/wp-content\/uploads\/2025\/07\/Assembling-Shoe-Tray-Making-Machine-16x12.webp 16w\" sizes=\"auto, (max-width: 720px) 100vw, 720px\" \/><figcaption class=\"wp-element-caption\">Tek Kullan\u0131ml\u0131k Yatak Taban\u0131 Yapma Makinesi<\/figcaption><\/figure> <\/div>   <h2 class=\"wp-block-heading\">T\u00fcketilebilir Laz\u0131ml\u0131k \u00dcretim Makinesinin \u00c7al\u0131\u015fma Prensibi<\/h2>    <p>T\u00fcketilebilir laz\u0131ml\u0131k \u00fcretim makinesi, \u00f6nce at\u0131k ka\u011f\u0131d\u0131 veya kartonu bir pulping sisteminden ge\u00e7irerek dengeli bir lifli \u00e7amur s\u00fcspansiyonu \u00fcretir. \u00c7amur sonra vakum emi\u015fi ve pres ile kal\u0131plar \u00fczerinde \u015fekillendirilerek \u0131slak laz\u0131ml\u0131k kal\u0131plar\u0131 olu\u015fturulur.<\/p>    <p>Ard\u0131ndan makine otomatik olarak kal\u0131plar\u0131 \u00e7\u0131kart\u0131r ve kurutma sistemiyle nemi giderir. Son olarak laz\u0131ml\u0131klar standart boyut ve p\u00fcr\u00fczs\u00fcz y\u00fczeyler i\u00e7in s\u0131cak presleme ve k\u0131rpma i\u015flemine tabi tutularak bitmi\u015f t\u00fcketilebilir laz\u0131ml\u0131klar elde edilir.<\/p>   <div class=\"wp-block-image\"> <figure class=\"aligncenter size-full\"><img loading=\"lazy\" decoding=\"async\" width=\"720\" height=\"540\" src=\"https:\/\/www.eggtraymaking.com\/wp-content\/uploads\/2025\/06\/egg-tray-making-process.webp\" alt=\"Laz\u0131ml\u0131k \u00dcretim \u0130\u015f Ak\u0131\u015f\u0131\" class=\"wp-image-9144\" srcset=\"https:\/\/www.eggtraymaking.com\/wp-content\/uploads\/2025\/06\/egg-tray-making-process.webp 720w, https:\/\/www.eggtraymaking.com\/wp-content\/uploads\/2025\/06\/egg-tray-making-process-360x270.webp 360w, https:\/\/www.eggtraymaking.com\/wp-content\/uploads\/2025\/06\/egg-tray-making-process-240x180.webp 240w, https:\/\/www.eggtraymaking.com\/wp-content\/uploads\/2025\/06\/egg-tray-making-process-16x12.webp 16w\" sizes=\"auto, (max-width: 720px) 100vw, 720px\" \/><figcaption class=\"wp-element-caption\">Laz\u0131ml\u0131k \u00dcretim \u0130\u015f Ak\u0131\u015f\u0131<\/figcaption><\/figure> <\/div>   <h2 class=\"wp-block-heading\">T\u00fcketilebilir Laz\u0131ml\u0131k \u015eekillendirme Makinesinin Ana Yap\u0131s\u0131<\/h2>    <p class=\"translation-block\">T\u00fcketilebilir laz\u0131ml\u0131k \u015fekillendirme makinesi esas olarak <strong><a href=\"https:\/\/www.eggtraymaking.com\/tr\/pulping-equipment\/\">pulping sistemi<\/a><\/strong>, \u015fekillendirme sistemi, vakum emi\u015f sistemi, elektrik kontrol sistemi ve kal\u0131plardan olu\u015fur.<\/p>   <div class=\"wp-block-image\"> <figure class=\"aligncenter size-full\"><img loading=\"lazy\" decoding=\"async\" width=\"720\" height=\"540\" src=\"https:\/\/www.eggtraymaking.com\/wp-content\/uploads\/2019\/05\/Production-Structure-of-the-8-Side-Egg-Tray-Machine.webp\" alt=\"S\u00fcrg\u00fc Yapma Makinesinin Ana Yap\u0131s\u0131\" class=\"wp-image-9263\" srcset=\"https:\/\/www.eggtraymaking.com\/wp-content\/uploads\/2019\/05\/Production-Structure-of-the-8-Side-Egg-Tray-Machine.webp 720w, https:\/\/www.eggtraymaking.com\/wp-content\/uploads\/2019\/05\/Production-Structure-of-the-8-Side-Egg-Tray-Machine-360x270.webp 360w, https:\/\/www.eggtraymaking.com\/wp-content\/uploads\/2019\/05\/Production-Structure-of-the-8-Side-Egg-Tray-Machine-240x180.webp 240w, https:\/\/www.eggtraymaking.com\/wp-content\/uploads\/2019\/05\/Production-Structure-of-the-8-Side-Egg-Tray-Machine-16x12.webp 16w\" sizes=\"auto, (max-width: 720px) 100vw, 720px\" \/><figcaption class=\"wp-element-caption\">S\u00fcrg\u00fc Yapma Makinesinin Ana Yap\u0131s\u0131<\/figcaption><\/figure> <\/div>   <h2 class=\"wp-block-heading\">Makine \u00d6zellikleri <\/h2>    <ul class=\"wp-block-list\"> <li>Y\u00fcksek otomasyon, s\u00fcrekli \u00fcretim yapabilen <strong><em>1.000\u20137.000 adet\/saat<\/em><\/strong><\/li>    <li>Hammadde olarak sel\u00fcloz kullan\u0131l\u0131r; biyolojik olarak par\u00e7alanabilir ve \u00e7evre dostudur<\/li>    <li>T\u00fcketilir, \u00e7apraz enfeksiyonlar\u0131 \u00f6nler<\/li>    <li>Farkl\u0131 boyutlarda t\u00fcketilebilir bak\u0131m \u00fcr\u00fcnleri (\u00f6r. idrar kutular\u0131, bak\u0131m laz\u0131ml\u0131klar\u0131) \u00fcretimi i\u00e7in de\u011fi\u015ftirilebilir kal\u0131plar<\/li>    <li>Uzun \u00f6m\u00fcrl\u00fc kullan\u0131m i\u00e7in tamamen y\u00fcksek kaliteli \u00e7elikten yap\u0131lm\u0131\u015ft\u0131r<\/li>    <li>PLC kontroll\u00fc ve kullan\u0131m\u0131 kolay<\/li>    <li>Bir kurutucu ile e\u015fle\u015ftirilebilir ve tam bir \u00fcretim hatt\u0131 olu\u015fturabilir<\/li>    <li>Y\u00fcksek \u015fekillendirme hassasiyeti, \u00fcr\u00fcn boyutu sapmas\u0131 ile<strong><em> \u00b11 mm <\/em><\/strong>ve uniform kal\u0131nl\u0131k<\/li> <\/ul>    <figure class=\"wp-block-gallery has-nested-images columns-default is-cropped wp-block-gallery-2 is-layout-flex wp-block-gallery-is-layout-flex\"> <figure class=\"wp-block-image size-large\"><img loading=\"lazy\" decoding=\"async\" width=\"720\" height=\"540\" data-id=\"9302\" src=\"https:\/\/www.eggtraymaking.com\/wp-content\/uploads\/2025\/08\/Control-System.webp\" alt=\"Kontrol Sistemi\" class=\"wp-image-9302\" srcset=\"https:\/\/www.eggtraymaking.com\/wp-content\/uploads\/2025\/08\/Control-System.webp 720w, https:\/\/www.eggtraymaking.com\/wp-content\/uploads\/2025\/08\/Control-System-360x270.webp 360w, https:\/\/www.eggtraymaking.com\/wp-content\/uploads\/2025\/08\/Control-System-240x180.webp 240w, https:\/\/www.eggtraymaking.com\/wp-content\/uploads\/2025\/08\/Control-System-16x12.webp 16w\" sizes=\"auto, (max-width: 720px) 100vw, 720px\" \/><figcaption class=\"wp-element-caption\">Kontrol Sistemi<\/figcaption><\/figure>    <figure class=\"wp-block-image size-large\"><img loading=\"lazy\" decoding=\"async\" width=\"720\" height=\"540\" data-id=\"9305\" src=\"https:\/\/www.eggtraymaking.com\/wp-content\/uploads\/2025\/08\/Vacuum-pump.webp\" alt=\"Vakum pompas\u0131\" class=\"wp-image-9305\" srcset=\"https:\/\/www.eggtraymaking.com\/wp-content\/uploads\/2025\/08\/Vacuum-pump.webp 720w, https:\/\/www.eggtraymaking.com\/wp-content\/uploads\/2025\/08\/Vacuum-pump-360x270.webp 360w, https:\/\/www.eggtraymaking.com\/wp-content\/uploads\/2025\/08\/Vacuum-pump-240x180.webp 240w, https:\/\/www.eggtraymaking.com\/wp-content\/uploads\/2025\/08\/Vacuum-pump-16x12.webp 16w\" sizes=\"auto, (max-width: 720px) 100vw, 720px\" \/><figcaption class=\"wp-element-caption\">Vakum Pompas\u0131<\/figcaption><\/figure>    <figure class=\"wp-block-image size-large\"><img loading=\"lazy\" decoding=\"async\" width=\"720\" height=\"540\" data-id=\"9297\" src=\"https:\/\/www.eggtraymaking.com\/wp-content\/uploads\/2025\/08\/Pulping-machine-1.webp\" alt=\"Pulpa makinesi\" class=\"wp-image-9297\" srcset=\"https:\/\/www.eggtraymaking.com\/wp-content\/uploads\/2025\/08\/Pulping-machine-1.webp 720w, https:\/\/www.eggtraymaking.com\/wp-content\/uploads\/2025\/08\/Pulping-machine-1-360x270.webp 360w, https:\/\/www.eggtraymaking.com\/wp-content\/uploads\/2025\/08\/Pulping-machine-1-240x180.webp 240w, https:\/\/www.eggtraymaking.com\/wp-content\/uploads\/2025\/08\/Pulping-machine-1-16x12.webp 16w\" sizes=\"auto, (max-width: 720px) 100vw, 720px\" \/><figcaption class=\"wp-element-caption\">Pulping Makinesi<\/figcaption><\/figure> <\/figure>    <h2 class=\"wp-block-heading\">Uygulama End\u00fcstrileri<\/h2>    <ul class=\"wp-block-list\"> <li>Hastaneler, klinikler ve rehabilitasyon merkezleri<\/li>    <li>Ya\u015fl\u0131 bak\u0131m\u0131 tesisleri ve huzurevleri<\/li>    <li>Evde bak\u0131m ve k\u0131sa s\u00fcreli bak\u0131m merkezleri<\/li>    <li>Acil durum ve ge\u00e7ici t\u0131bbi tesisler<\/li> <\/ul>    <h2 class=\"wp-block-heading\">Hedef Kullan\u0131c\u0131lar<\/h2>    <ul class=\"wp-block-list\"> <li>Yatakl\u0131 hastalar, ya\u015fl\u0131lar, hamile ve do\u011fum sonras\u0131 kad\u0131nlar, engelliler<\/li>    <li>Hastanelerde ve bak\u0131m kurumlar\u0131nda hastalar<\/li>    <li>Acil veya ge\u00e7ici ihtiya\u00e7lar\u0131 olan ki\u015filer<\/li> <\/ul>    <h2 class=\"wp-block-heading\">Pulp Laz\u0131ml\u0131k \u00dcretim Makinesinin \u00d6zellikleri<\/h2>    <figure class=\"wp-block-table\"><table class=\"has-fixed-layout\"><tbody><tr><td>Model<\/td><td>Kapasite<\/td><td>G\u00fc\u00e7<\/td><td>Gerilim<\/td><td>A\u011f\u0131rl\u0131k<\/td><td>Pulp Kullan\u0131m\u0131<\/td><td>Su Kullan\u0131m\u0131<\/td><td>Boyut(mm)<\/td><\/tr><tr><td>SL-1000-3X1<\/td><td>1000adet\/saat<\/td><td>38kw<\/td><td>380V,50HZ<\/td><td>2500kg<\/td><td>80kg\/s<\/td><td>160kg\/s<\/td><td>2600*2200*1900<\/td><\/tr><tr><td>SL-1500-4X1<\/td><td>1500adet\/s<\/td><td>38kw<\/td><td>380V,50HZ<\/td><td>3000kg<\/td><td>120kg\/s<\/td><td>240kg\/s<\/td><td>2800*2200*1900<\/td><\/tr><tr><td>SL-2500-3X4<\/td><td>2500adet\/s<\/td><td>55kw<\/td><td>380V,50HZ<\/td><td>4000kg<\/td><td>200kg\/s<\/td><td>400kg\/s<\/td><td>2900*1800*1800<\/td><\/tr><tr><td>SL-3000-4X4<\/td><td>3000adet\/s<\/td><td>60kw<\/td><td>380V,50HZ<\/td><td>4800kg<\/td><td>240kg\/s<\/td><td>480kg\/s<\/td><td>3250*1800*1800<\/td><\/tr><tr><td>SL-4000-4X8<\/td><td>4000adet\/s<\/td><td>95kw<\/td><td>380V,50HZ<\/td><td>7000kg<\/td><td>320kg\/s<\/td><td>640kg\/s<\/td><td>3250*2300*2500<\/td><\/tr><tr><td>SL-5000-5X8<\/td><td>5000adet\/s<\/td><td>95kw<\/td><td>380V,50HZ<\/td><td>8000kg<\/td><td>400kg\/s<\/td><td>800kg\/s<\/td><td>3700*2300*2500<\/td><\/tr><tr><td>SL-7000-6X8<\/td><td>7000adet\/s<\/td><td>120kw<\/td><td>380V,50HZ<\/td><td>10000kg<\/td><td>480kg\/s<\/td><td>960kg\/s<\/td><td>3200*2300*2500<\/td><\/tr><\/tbody><\/table><\/figure>    <p>Yukar\u0131dakiler standart modellerimizdir. Ek gereksinimler i\u00e7in l\u00fctfen bizimle ileti\u015fime ge\u00e7in.<\/p>   <div class=\"wp-block-image\"> <figure class=\"aligncenter size-full\"><img loading=\"lazy\" decoding=\"async\" width=\"720\" height=\"540\" src=\"https:\/\/www.eggtraymaking.com\/wp-content\/uploads\/2023\/08\/egg-tray-molding-machine.webp\" alt=\"Tek Kullan\u0131ml\u0131k Yatak Taban\u0131 \u015eekillendirme Makinesi\" class=\"wp-image-9061\" srcset=\"https:\/\/www.eggtraymaking.com\/wp-content\/uploads\/2023\/08\/egg-tray-molding-machine.webp 720w, https:\/\/www.eggtraymaking.com\/wp-content\/uploads\/2023\/08\/egg-tray-molding-machine-360x270.webp 360w, https:\/\/www.eggtraymaking.com\/wp-content\/uploads\/2023\/08\/egg-tray-molding-machine-240x180.webp 240w\" sizes=\"auto, (max-width: 720px) 100vw, 720px\" \/><figcaption class=\"wp-element-caption\">Tek Kullan\u0131ml\u0131k Yatak Taban\u0131 \u015eekillendirme Makinesi<\/figcaption><\/figure> <\/div>   <h2 class=\"wp-block-heading\">T\u00fcketilebilir Laz\u0131ml\u0131k \u00dcretim Hatt\u0131<\/h2>    <p>T\u00fcketilebilir laz\u0131ml\u0131k \u00fcretim hatt\u0131, hammadde olarak at\u0131k ka\u011f\u0131d\u0131 veya kartonu kullan\u0131r. Pulplama, \u015fekillendirme, kurutma ve \u015fekillendirme s\u00fcre\u00e7leriyle \u00e7evre dostu t\u00fcketilebilir sel\u00fcloz laz\u0131ml\u0131klar\u0131 seri \u00fcretimde \u00fcretir.<\/p>    <p>\u00dcretim hatt\u0131 tipik olarak pulping sistemi, \u015fekillendirme sistemi, kurutma sistemi ve otomatik kontrol sistemini i\u00e7erir.<\/p>    <figure class=\"wp-block-gallery has-nested-images columns-default is-cropped wp-block-gallery-3 is-layout-flex wp-block-gallery-is-layout-flex\"> <figure class=\"wp-block-image size-large\"><img loading=\"lazy\" decoding=\"async\" width=\"720\" height=\"540\" data-id=\"9372\" src=\"https:\/\/www.eggtraymaking.com\/wp-content\/uploads\/2025\/09\/3D-Diagram-of-the-Pulp-Molded-Tray-Production-Line.webp\" alt=\"Sel\u00fcloz Kal\u0131pl\u0131 Tepsi \u00dcretim Hatt\u0131n\u0131n 3B Diyagram\u0131\" class=\"wp-image-9372\" srcset=\"https:\/\/www.eggtraymaking.com\/wp-content\/uploads\/2025\/09\/3D-Diagram-of-the-Pulp-Molded-Tray-Production-Line.webp 720w, https:\/\/www.eggtraymaking.com\/wp-content\/uploads\/2025\/09\/3D-Diagram-of-the-Pulp-Molded-Tray-Production-Line-360x270.webp 360w, https:\/\/www.eggtraymaking.com\/wp-content\/uploads\/2025\/09\/3D-Diagram-of-the-Pulp-Molded-Tray-Production-Line-240x180.webp 240w, https:\/\/www.eggtraymaking.com\/wp-content\/uploads\/2025\/09\/3D-Diagram-of-the-Pulp-Molded-Tray-Production-Line-16x12.webp 16w\" sizes=\"auto, (max-width: 720px) 100vw, 720px\" \/><figcaption class=\"wp-element-caption\">3D \u015eekillendirilmi\u015f Tepsi \u00dcretim Hatt\u0131n\u0131n Diyagram\u0131<\/figcaption><\/figure>    <figure class=\"wp-block-image size-large\"><img loading=\"lazy\" decoding=\"async\" width=\"720\" height=\"540\" data-id=\"9262\" src=\"https:\/\/www.eggtraymaking.com\/wp-content\/uploads\/2019\/05\/Factory-Images-of-Large-Scale-8-Side-Egg-Tray-Production-Line.webp\" alt=\"T\u00fcketilebilir Laz\u0131ml\u0131k \u00dcretim Hatt\u0131\" class=\"wp-image-9262\" srcset=\"https:\/\/www.eggtraymaking.com\/wp-content\/uploads\/2019\/05\/Factory-Images-of-Large-Scale-8-Side-Egg-Tray-Production-Line.webp 720w, https:\/\/www.eggtraymaking.com\/wp-content\/uploads\/2019\/05\/Factory-Images-of-Large-Scale-8-Side-Egg-Tray-Production-Line-360x270.webp 360w, https:\/\/www.eggtraymaking.com\/wp-content\/uploads\/2019\/05\/Factory-Images-of-Large-Scale-8-Side-Egg-Tray-Production-Line-240x180.webp 240w, https:\/\/www.eggtraymaking.com\/wp-content\/uploads\/2019\/05\/Factory-Images-of-Large-Scale-8-Side-Egg-Tray-Production-Line-16x12.webp 16w\" sizes=\"auto, (max-width: 720px) 100vw, 720px\" \/><figcaption class=\"wp-element-caption\">T\u00fcketilebilir Laz\u0131ml\u0131k \u00dcretim Hatt\u0131<\/figcaption><\/figure> <\/figure>    <h2 class=\"wp-block-heading\">En \u00c7ok Sat\u0131lan T\u00fcketilebilir Laz\u0131ml\u0131klar\u0131n \u00d6zellikleri<\/h2>    <ul class=\"wp-block-list\"> <li>Sa\u011flam ve Dayan\u0131kl\u0131: Y\u00fcksek yo\u011funluklu sel\u00fclozdan yap\u0131lm\u0131\u015f, s\u0131k\u0131 yap\u0131da, \u015fekil de\u011fi\u015ftirme direnci y\u00fcksek ve 1\u20131,5 kg'\u0131 destekleyebilir.<\/li>    <li>S\u0131v\u0131 Direnci: S\u0131z\u0131nt\u0131 yapmadan veya \u00e7\u00f6kmeden 4\u20136 saat s\u0131v\u0131lar\u0131 tutabilir (\u00f6r. idrar, dezenfektan).<\/li>    <li>Hijyenik ve G\u00fcvenli: T\u0131bbi hijyen standartlar\u0131na uygundur; hastanelerde, huzurevlerinde ve bak\u0131m merkezlerinde geni\u015f kullan\u0131m alan\u0131.<\/li>    <li>\u00c7evre Dostu ve Biyolojik olarak \u00c7\u00f6z\u00fcn\u00fcr: Kullan\u0131mdan sonra do\u011fal olarak par\u00e7alan\u0131r veya yak\u0131t at\u0131\u011f\u0131 olarak bertaraf edilebilir, ikincil kirlili\u011fe neden olmaz.<\/li>    <li>Hafif ve Rahat: Ergonomik tasar\u0131m, temiz kenarlar; bak\u0131m verenler i\u00e7in kolay kullan\u0131ml\u0131 ve y\u00f6netilebilir.<\/li>    <li>Y\u00fcksek Uyumlu: T\u00fcketilebilir bak\u0131m tepsileri, idrar tepsileri ve di\u011fer ilgili \u00fcr\u00fcnlerle kullan\u0131labilir.<\/li>    <li>Raf \u00d6mr\u00fc: Kuru bir ortamda 1\u20132 y\u0131l depolanabilir.<\/li> <\/ul>    <figure class=\"wp-block-gallery has-nested-images columns-default is-cropped wp-block-gallery-4 is-layout-flex wp-block-gallery-is-layout-flex\"> <figure class=\"wp-block-image size-large\"><img loading=\"lazy\" decoding=\"async\" width=\"720\" height=\"540\" data-id=\"9373\" src=\"https:\/\/www.eggtraymaking.com\/wp-content\/uploads\/2025\/09\/Bedpan-Molds.webp\" alt=\"Laz\u0131ml\u0131k Kal\u0131plar\u0131\" class=\"wp-image-9373\" srcset=\"https:\/\/www.eggtraymaking.com\/wp-content\/uploads\/2025\/09\/Bedpan-Molds.webp 720w, https:\/\/www.eggtraymaking.com\/wp-content\/uploads\/2025\/09\/Bedpan-Molds-360x270.webp 360w, https:\/\/www.eggtraymaking.com\/wp-content\/uploads\/2025\/09\/Bedpan-Molds-240x180.webp 240w, https:\/\/www.eggtraymaking.com\/wp-content\/uploads\/2025\/09\/Bedpan-Molds-16x12.webp 16w\" sizes=\"auto, (max-width: 720px) 100vw, 720px\" \/><figcaption class=\"wp-element-caption\">Laz\u0131ml\u0131k Kal\u0131plar\u0131<\/figcaption><\/figure>    <figure class=\"wp-block-image size-full\"><img loading=\"lazy\" decoding=\"async\" width=\"720\" height=\"540\" data-id=\"9376\" src=\"https:\/\/www.eggtraymaking.com\/wp-content\/uploads\/2025\/09\/Various-Types-of-Disposable-Bedpans.webp\" alt=\"\u00c7e\u015fitli Tek Kullan\u0131ml\u0131k Hasta Laz\u0131ml\u0131klar\u0131\" class=\"wp-image-9376\" srcset=\"https:\/\/www.eggtraymaking.com\/wp-content\/uploads\/2025\/09\/Various-Types-of-Disposable-Bedpans.webp 720w, https:\/\/www.eggtraymaking.com\/wp-content\/uploads\/2025\/09\/Various-Types-of-Disposable-Bedpans-360x270.webp 360w, https:\/\/www.eggtraymaking.com\/wp-content\/uploads\/2025\/09\/Various-Types-of-Disposable-Bedpans-240x180.webp 240w, https:\/\/www.eggtraymaking.com\/wp-content\/uploads\/2025\/09\/Various-Types-of-Disposable-Bedpans-16x12.webp 16w\" sizes=\"auto, (max-width: 720px) 100vw, 720px\" \/><figcaption class=\"wp-element-caption\">\u00c7e\u015fitli T\u00fcrde T\u00fcketilebilir Laz\u0131ml\u0131klar<\/figcaption><\/figure> <\/figure>    <h2 class=\"wp-block-heading\">Neden Hastaneler T\u00fcketilebilir Laz\u0131ml\u0131klar\u0131 Kullan\u0131yor\u061f<\/h2>    <ul class=\"wp-block-list\"> <li>Sa\u011fl\u0131k standartlar\u0131n\u0131n y\u00fckselmesiyle, daha fazla hastane geleneksel plastik veya metal laz\u0131ml\u0131klar\u0131 t\u00fckenebilir sel\u00fcloz laz\u0131ml\u0131klarla de\u011fi\u015ftirmektedir.<\/li>    <li>\u00c7apraz Enfeksiyonu \u00d6nleme: Geleneksel laz\u0131ml\u0131klar temizlenip dezenfekte edilmesi gerekir, ancak bakteriyel kal\u0131nt\u0131 ve \u00e7apraz enfeksiyon riskleri devam eder.<\/li>    <li>\u0130\u015fg\u00fcc\u00fcn\u00fc ve Zaman\u0131 Tasarruf Etme: T\u00fcketilebilir laz\u0131ml\u0131klar hem\u015firelik i\u015f y\u00fck\u00fcn\u00fc \u00f6nemli \u00f6l\u00e7\u00fcde azalt\u0131r ve verimlili\u011fi art\u0131r\u0131r.<\/li>    <li>Hasta Konforunu Art\u0131rma: Hafif ve kenarlar\u0131 p\u00fcr\u00fczs\u00fcz sel\u00fcloz laz\u0131ml\u0131klar\u0131 yata\u011fa ba\u011f\u0131ml\u0131 hastalar ve ya\u015fl\u0131lar i\u00e7in \u00f6zellikle dost\u00e7ad\u0131r.<\/li>    <li>\u00c7evre Dostu ve Uygun: Biyolojik olarak par\u00e7alanabilir malzemelerden yap\u0131lm\u0131\u015ft\u0131r; yak\u0131labilir veya do\u011fal olarak par\u00e7alanabilir, uzun vadeli t\u0131bbi at\u0131k kirlili\u011fi yaratmaz; modern t\u0131bbi at\u0131k ve \u00e7evre mevzuatlar\u0131na uygundur.<\/li>    <li>Acil ve B\u00fcy\u00fck \u00d6l\u00e7ekli Kullan\u0131m i\u00e7in Uygun: Pandemi, afet yard\u0131m\u0131 veya b\u00fcy\u00fck \u00e7apl\u0131 t\u0131bbi tedavi s\u0131ras\u0131nda h\u0131zl\u0131 ve b\u00fcy\u00fck \u00f6l\u00e7ekte konu\u015fland\u0131rma i\u00e7in idealdir.<\/li> <\/ul>   <div class=\"wp-block-image\"> <figure class=\"aligncenter size-full\"><img loading=\"lazy\" decoding=\"async\" width=\"720\" height=\"540\" src=\"https:\/\/www.eggtraymaking.com\/wp-content\/uploads\/2025\/09\/Bedpan.webp\" alt=\"Laz\u0131ml\u0131k\" class=\"wp-image-9374\" srcset=\"https:\/\/www.eggtraymaking.com\/wp-content\/uploads\/2025\/09\/Bedpan.webp 720w, https:\/\/www.eggtraymaking.com\/wp-content\/uploads\/2025\/09\/Bedpan-360x270.webp 360w, https:\/\/www.eggtraymaking.com\/wp-content\/uploads\/2025\/09\/Bedpan-240x180.webp 240w, https:\/\/www.eggtraymaking.com\/wp-content\/uploads\/2025\/09\/Bedpan-16x12.webp 16w\" sizes=\"auto, (max-width: 720px) 100vw, 720px\" \/><figcaption class=\"wp-element-caption\">Laz\u0131ml\u0131k<\/figcaption><\/figure> <\/div>   <h2 class=\"wp-block-heading\">Neden Shuliy'i Se\u00e7melisiniz?<\/h2>    <ul class=\"wp-block-list\"> <li>Geli\u015fmi\u015f Teknoloji: Mustahta bask\u0131 teknolojisiyle \u00e7e\u015fitli boyut ve \u015fekillerde laz\u0131ml\u0131klar\u0131 verimli ve istikrarl\u0131 bir \u015fekilde \u00fcretir.<\/li>    <li>Dayan\u0131kl\u0131 Malzemeler: Makine \u00e7er\u00e7evesi yap\u0131m\u0131 o<strong><em>f Q345 <\/em><\/strong>karbon \u00e7eli\u011fi \u2013 g\u00fc\u00e7l\u00fc, kaynak yap\u0131labilir ve maliyet etkilidir.<\/li>    <li>Y\u00fcksek Kaliteli Kal\u0131plar: 45# \u00e7elik veya al\u00fcminyum (al\u00fcminyum daha uygun maliyetlidir) se\u00e7enekler.<\/li>    <li>G\u00fcvenilir Aktar\u0131m: Ana hareketli par\u00e7alar y\u00fcksek dayan\u0131ml\u0131 40Cr \u00e7eli\u011finden yap\u0131lm\u0131\u015ft\u0131r ve uzun vadeli stabil \u00e7al\u0131\u015fmay\u0131 sa\u011flar.<\/li>    <li>Kozanlanma Kar\u015f\u0131t\u0131 Bile\u015fenler: Besleme kanal ve sel\u00fcloz \u00e7\u0131k\u0131\u015f genellikle SS304 paslanmaz \u00e7elikten yap\u0131lm\u0131\u015ft\u0131r.<\/li>    <li>T\u00fcm Yurt D\u0131\u015f\u0131 Deste\u011fi: Kurulum, tam video dersleri ve teknik yard\u0131m dahildir.<\/li>    <li>Deneyim ve Tan\u0131n\u0131rl\u0131k: 10 y\u0131ldan fazla Ar-Ge deneyimi; h\u00fck\u00fcmet ve hastaneler taraf\u0131ndan desteklenmektedir.<\/li>    <li>Sertifikalar:<strong><em> TUV, SGS, CE, ISO9001<\/em><\/strong><\/li>    <li>Garanti: 12 ay<\/li>    <li>\u00d6zelle\u015ftirilebilir: G\u00fc\u00e7 kayna\u011f\u0131, voltaj, fi\u015fler ve kal\u0131plar \u00f6zelle\u015ftirilebilir.<\/li>    <li>\u00c7ok Y\u00f6nl\u00fc \u00dcretim: Emesis kab\u0131, hasta tenceresi ve idrar torbas\u0131 gibi tamamlay\u0131c\u0131 \u00fcr\u00fcnler de \u00fcretilebilir.<\/li> <\/ul>   <div class=\"wp-block-image\"> <figure class=\"aligncenter size-full\"><img loading=\"lazy\" decoding=\"async\" width=\"720\" height=\"540\" src=\"https:\/\/www.eggtraymaking.com\/wp-content\/uploads\/2019\/06\/Our-partners.webp\" alt=\"Ortaklar\u0131m\u0131z\" class=\"wp-image-9342\" srcset=\"https:\/\/www.eggtraymaking.com\/wp-content\/uploads\/2019\/06\/Our-partners.webp 720w, https:\/\/www.eggtraymaking.com\/wp-content\/uploads\/2019\/06\/Our-partners-360x270.webp 360w, https:\/\/www.eggtraymaking.com\/wp-content\/uploads\/2019\/06\/Our-partners-240x180.webp 240w, https:\/\/www.eggtraymaking.com\/wp-content\/uploads\/2019\/06\/Our-partners-16x12.webp 16w\" sizes=\"auto, (max-width: 720px) 100vw, 720px\" \/><figcaption class=\"wp-element-caption\">Ortaklar\u0131m\u0131z<\/figcaption><\/figure> <\/div>   <p>Makine bilgilerimizle ilgileniyorsan\u0131z, dan\u0131\u015fma i\u00e7in pop-up penceresi \u00fczerinden bizimle ileti\u015fime ge\u00e7in.<\/p>","protected":false},"excerpt":{"rendered":"<p>K\u00e2\u011f\u0131t hamuru laz\u0131ml\u0131k \u00fcretim makinesi, hastaneler, huzurevleri ve bak\u0131m tesislerinde yayg\u0131n olarak kullan\u0131lan tek kullan\u0131ml\u0131k laz\u0131ml\u0131klar\u0131 \u00fcretmek i\u00e7in k\u00e2\u011f\u0131t hamuru kal\u0131plama teknolojisini kullan\u0131r.<\/p>","protected":false},"author":1,"featured_media":9377,"parent":0,"template":"","tags":[490],"product-type":[451],"class_list":["post-9369","product","type-product","status-publish","has-post-thumbnail","hentry","tag-pulp-bedpan-making-machine","product-type-pulp-molding-machine"],"_links":{"self":[{"href":"https:\/\/www.eggtraymaking.com\/tr\/wp-json\/wp\/v2\/product\/9369","targetHints":{"allow":["GET"]}}],"collection":[{"href":"https:\/\/www.eggtraymaking.com\/tr\/wp-json\/wp\/v2\/product"}],"about":[{"href":"https:\/\/www.eggtraymaking.com\/tr\/wp-json\/wp\/v2\/types\/product"}],"author":[{"embeddable":true,"href":"https:\/\/www.eggtraymaking.com\/tr\/wp-json\/wp\/v2\/users\/1"}],"wp:featuredmedia":[{"embeddable":true,"href":"https:\/\/www.eggtraymaking.com\/tr\/wp-json\/wp\/v2\/media\/9377"}],"wp:attachment":[{"href":"https:\/\/www.eggtraymaking.com\/tr\/wp-json\/wp\/v2\/media?parent=9369"}],"wp:term":[{"taxonomy":"post_tag","embeddable":true,"href":"https:\/\/www.eggtraymaking.com\/tr\/wp-json\/wp\/v2\/tags?post=9369"},{"taxonomy":"product-type","embeddable":true,"href":"https:\/\/www.eggtraymaking.com\/tr\/wp-json\/wp\/v2\/product-type?post=9369"}],"curies":[{"name":"wp","href":"https:\/\/api.w.org\/{rel}","templated":true}]}}