{"id":9141,"date":"2025-06-12T14:13:04","date_gmt":"2025-06-12T06:13:04","guid":{"rendered":"https:\/\/www.eggtraymaking.com\/?post_type=product&#038;p=9141"},"modified":"2025-07-17T15:45:38","modified_gmt":"2025-07-17T07:45:38","slug":"fruit-tray-making-machine","status":"publish","type":"product","link":"https:\/\/www.eggtraymaking.com\/tr\/fruit-tray-making-machine\/","title":{"rendered":"Meyve tepsisi yapma makinesi"},"content":{"rendered":"<p class=\"translation-block\"><strong><a href=\"https:\/\/www.eggtraymaking.com\/tr\/egg-tray-making-machine\/\">Karton hamuru tepsi yapma makinesi<\/a><\/strong> sadece yumurta tepsisi yapmak i\u00e7in de\u011fil, ayn\u0131 zamanda meyve tepsileri \u00fcretmek i\u00e7in de kullan\u0131labilir. Meyve tepsisi yapma makinesi veya meyve ve sebze ambalaj tepsisi yapma makinesi olarak da bilinir. Yumurta tepsisi makinesine benzer \u015fekilde, ham madde olarak at\u0131k ka\u011f\u0131t ve eski kartonlar\u0131 kullan\u0131r; bunlar, tepsileri yapmak i\u00e7in kal\u0131n hamur olu\u015fturmak \u00fczere hamurla\u015ft\u0131rma, filtreleme ve su kar\u0131\u015ft\u0131rma yoluyla i\u015flenir.<\/p>    <figure class=\"wp-block-embed is-type-video is-provider-youtube wp-block-embed-youtube wp-embed-aspect-16-9 wp-has-aspect-ratio\"><div class=\"wp-block-embed__wrapper\"> <iframe loading=\"lazy\" title=\"\u00c7in&#039;den Meyve Tepsisi Yapma Makinesi \u00dcreticisi #yumurtatepsisi #yumurtatepsisimakinesi\" width=\"500\" height=\"281\" src=\"https:\/\/www.youtube.com\/embed\/9PqmZSDteMY?feature=oembed\" frameborder=\"0\" allow=\"accelerometer; autoplay; clipboard-write; encrypted-media; gyroscope; picture-in-picture; web-share\" referrerpolicy=\"strict-origin-when-cross-origin\" allowfullscreen><\/iframe> <\/div><\/figure>    <p class=\"translation-block\">Bu meyve tepsisi yapma makinesi,<strong><em> <\/em>elma, armut, portakal ve kivi<em> <\/em><\/strong>gibi meyvelerin \u00e7evre dostu ambalajlanmas\u0131 i\u00e7in yayg\u0131n olarak kullan\u0131lmaktad\u0131r. Plastik tepsilere ye\u015fil bir alternatiftir, \u00e7\u00fcnk\u00fc biyolojik olarak par\u00e7alanabilir, geri d\u00f6n\u00fc\u015ft\u00fcr\u00fclebilir ve \u00e7evre dostudur.<\/p>    <p class=\"translation-block\">Meyve tepsilerinin geni\u015f bir kullan\u0131m alan\u0131 vard\u0131r. Ba\u015fl\u0131ca<strong> meyve toptanc\u0131lar\u0131, s\u00fcpermarket da\u011f\u0131t\u0131m merkezleri, meyve ihracat \u015firketleri, \u00e7evre dostu ambalaj fabrikalar\u0131 ve meyve \u00e7iftlikleri<\/strong>nde kullan\u0131l\u0131r. Y\u00fcksek talep nedeniyle piyasan\u0131n b\u00fcy\u00fck bir potansiyeli vard\u0131r ve yat\u0131r\u0131m\u0131n geri d\u00f6n\u00fc\u015f\u00fc \u00f6nemlidir.<\/p>    <p class=\"translation-block\"><strong>Shuliy<\/strong>, 10 y\u0131l\u0131 a\u015fk\u0131n s\u00fcredir meyve tepsisi yapma makinelerinin geli\u015ftirilmesi ve \u00fcretimine odaklanm\u0131\u015ft\u0131r. Zengin ihracat deneyimiyle Shuliy, \u00c7in'deki \u00f6nde gelen \u00fcretici ve ihracat\u00e7\u0131lardan biridir. Her y\u0131l<strong> Brezilya, K\u00fcba, Kolombiya, Rusya, Gana, Kamerun, Nijerya, Fransa, Zambiya, Yeni Zelanda, Peru, \u00d6zbekistan, Sudan ve daha bir\u00e7ok \u00fclkeye<\/strong> \u00e7ok say\u0131da meyve tepsisi yapma makinesi ihra\u00e7 ediyoruz.<\/p>   <div class=\"wp-block-image\"> <figure class=\"aligncenter size-full\"><img loading=\"lazy\" decoding=\"async\" width=\"720\" height=\"540\" src=\"https:\/\/www.eggtraymaking.com\/wp-content\/uploads\/2025\/06\/4\u00d71-fruit-tray-making-machine.webp\" alt=\"4\u00d71 meyve tepsi yapma makinesi\" class=\"wp-image-9143\" srcset=\"https:\/\/www.eggtraymaking.com\/wp-content\/uploads\/2025\/06\/4\u00d71-fruit-tray-making-machine.webp 720w, https:\/\/www.eggtraymaking.com\/wp-content\/uploads\/2025\/06\/4\u00d71-fruit-tray-making-machine-360x270.webp 360w, https:\/\/www.eggtraymaking.com\/wp-content\/uploads\/2025\/06\/4\u00d71-fruit-tray-making-machine-240x180.webp 240w, https:\/\/www.eggtraymaking.com\/wp-content\/uploads\/2025\/06\/4\u00d71-fruit-tray-making-machine-16x12.webp 16w\" sizes=\"auto, (max-width: 720px) 100vw, 720px\" \/><figcaption class=\"wp-element-caption\">4\u00d71 meyve tepsi yapma makinesi<\/figcaption><\/figure> <\/div>   <h2 class=\"wp-block-heading\">Meyve tepsisi yapma makinesi nas\u0131l \u00e7al\u0131\u015f\u0131r?<\/h2>    <p>Yumurta tepsisi makinesi gibi, meyve tepsisi yapma makinesi de hamur kal\u0131plama teknolojisini kullan\u0131r. Hamurun bir kal\u0131ba enjekte edildi\u011fi bir hamur olu\u015fturma s\u00fcrecini takip eder. Ard\u0131ndan, tepsi vakum emme ile \u015fekillendirilir, \u0131s\u0131 ile kurutulur ve belirli bir dayan\u0131kl\u0131l\u0131k ve tasar\u0131ma sahip tepsiler haline getirilir.<\/p>    <p class=\"translation-block\">Ana \u00e7al\u0131\u015fma ad\u0131mlar\u0131 \u015funlard\u0131r:<strong> hamurla\u015ft\u0131rma \u2192 \u015fekillendirme \u2192 kurutma \u2192 paketleme.<\/strong><\/p>   <div class=\"wp-block-image\"> <figure class=\"aligncenter size-full\"><img loading=\"lazy\" decoding=\"async\" width=\"720\" height=\"540\" src=\"https:\/\/www.eggtraymaking.com\/wp-content\/uploads\/2025\/06\/egg-tray-making-process.webp\" alt=\"Meyve tepsisi yap\u0131m s\u00fcreci\" class=\"wp-image-9144\" srcset=\"https:\/\/www.eggtraymaking.com\/wp-content\/uploads\/2025\/06\/egg-tray-making-process.webp 720w, https:\/\/www.eggtraymaking.com\/wp-content\/uploads\/2025\/06\/egg-tray-making-process-360x270.webp 360w, https:\/\/www.eggtraymaking.com\/wp-content\/uploads\/2025\/06\/egg-tray-making-process-240x180.webp 240w, https:\/\/www.eggtraymaking.com\/wp-content\/uploads\/2025\/06\/egg-tray-making-process-16x12.webp 16w\" sizes=\"auto, (max-width: 720px) 100vw, 720px\" \/><figcaption class=\"wp-element-caption\">Meyve tepsisi yap\u0131m s\u00fcreci<\/figcaption><\/figure> <\/div>   <h2 class=\"wp-block-heading\">Bir meyve tepsisi yapma makinesinin ana par\u00e7alar\u0131 nelerdir?<\/h2>    <p class=\"translation-block\">Meyve tepsisi yapma makinesi temel olarak a\u015fa\u011f\u0131daki sistemleri i\u00e7erir: <strong>hamurla\u015ft\u0131rma sistemi, \u015fekillendirme sistemi, kurutma sistemi, s\u0131cak presleme sistemi ve kontrol sistemi.<\/strong><\/p>    <figure class=\"wp-block-gallery has-nested-images columns-default is-cropped wp-block-gallery-2 is-layout-flex wp-block-gallery-is-layout-flex\"> <figure class=\"wp-block-image size-large\"><img loading=\"lazy\" decoding=\"async\" width=\"720\" height=\"540\" data-id=\"9147\" src=\"https:\/\/www.eggtraymaking.com\/wp-content\/uploads\/2025\/06\/Continuous-Belt-Dryer.webp\" alt=\"S\u00fcrekli Bantl\u0131 Kurutucu\" class=\"wp-image-9147\" srcset=\"https:\/\/www.eggtraymaking.com\/wp-content\/uploads\/2025\/06\/Continuous-Belt-Dryer.webp 720w, https:\/\/www.eggtraymaking.com\/wp-content\/uploads\/2025\/06\/Continuous-Belt-Dryer-360x270.webp 360w, https:\/\/www.eggtraymaking.com\/wp-content\/uploads\/2025\/06\/Continuous-Belt-Dryer-240x180.webp 240w, https:\/\/www.eggtraymaking.com\/wp-content\/uploads\/2025\/06\/Continuous-Belt-Dryer-16x12.webp 16w\" sizes=\"auto, (max-width: 720px) 100vw, 720px\" \/><figcaption class=\"wp-element-caption\">S\u00fcrekli Bantl\u0131 Kurutucu<\/figcaption><\/figure>    <figure class=\"wp-block-image size-large\"><img loading=\"lazy\" decoding=\"async\" width=\"720\" height=\"540\" data-id=\"9148\" src=\"https:\/\/www.eggtraymaking.com\/wp-content\/uploads\/2025\/06\/Electrical-Control-Cabinet.webp\" alt=\"Elektrik Kontrol Kabini\" class=\"wp-image-9148\" srcset=\"https:\/\/www.eggtraymaking.com\/wp-content\/uploads\/2025\/06\/Electrical-Control-Cabinet.webp 720w, https:\/\/www.eggtraymaking.com\/wp-content\/uploads\/2025\/06\/Electrical-Control-Cabinet-360x270.webp 360w, https:\/\/www.eggtraymaking.com\/wp-content\/uploads\/2025\/06\/Electrical-Control-Cabinet-240x180.webp 240w, https:\/\/www.eggtraymaking.com\/wp-content\/uploads\/2025\/06\/Electrical-Control-Cabinet-16x12.webp 16w\" sizes=\"auto, (max-width: 720px) 100vw, 720px\" \/><figcaption class=\"wp-element-caption\">Elektrik Kontrol Kabini<\/figcaption><\/figure>    <figure class=\"wp-block-image size-large\"><img loading=\"lazy\" decoding=\"async\" width=\"720\" height=\"540\" data-id=\"9149\" src=\"https:\/\/www.eggtraymaking.com\/wp-content\/uploads\/2025\/06\/Mixing-paddle.webp\" alt=\"Kar\u0131\u015ft\u0131rma paleti\" class=\"wp-image-9149\" srcset=\"https:\/\/www.eggtraymaking.com\/wp-content\/uploads\/2025\/06\/Mixing-paddle.webp 720w, https:\/\/www.eggtraymaking.com\/wp-content\/uploads\/2025\/06\/Mixing-paddle-360x270.webp 360w, https:\/\/www.eggtraymaking.com\/wp-content\/uploads\/2025\/06\/Mixing-paddle-240x180.webp 240w, https:\/\/www.eggtraymaking.com\/wp-content\/uploads\/2025\/06\/Mixing-paddle-16x12.webp 16w\" sizes=\"auto, (max-width: 720px) 100vw, 720px\" \/><figcaption class=\"wp-element-caption\">Kar\u0131\u015ft\u0131rma Paleti<\/figcaption><\/figure>    <figure class=\"wp-block-image size-large\"><img loading=\"lazy\" decoding=\"async\" width=\"720\" height=\"540\" data-id=\"9150\" src=\"https:\/\/www.eggtraymaking.com\/wp-content\/uploads\/2025\/06\/Mold.webp\" alt=\"Kal\u0131p\" class=\"wp-image-9150\" srcset=\"https:\/\/www.eggtraymaking.com\/wp-content\/uploads\/2025\/06\/Mold.webp 720w, https:\/\/www.eggtraymaking.com\/wp-content\/uploads\/2025\/06\/Mold-360x270.webp 360w, https:\/\/www.eggtraymaking.com\/wp-content\/uploads\/2025\/06\/Mold-240x180.webp 240w, https:\/\/www.eggtraymaking.com\/wp-content\/uploads\/2025\/06\/Mold-16x12.webp 16w\" sizes=\"auto, (max-width: 720px) 100vw, 720px\" \/><figcaption class=\"wp-element-caption\">Kal\u0131p<\/figcaption><\/figure>    <figure class=\"wp-block-image size-large\"><img loading=\"lazy\" decoding=\"async\" width=\"720\" height=\"540\" data-id=\"9151\" src=\"https:\/\/www.eggtraymaking.com\/wp-content\/uploads\/2025\/06\/Pulp-Pump.webp\" alt=\"Hamur Pompas\u0131\" class=\"wp-image-9151\" srcset=\"https:\/\/www.eggtraymaking.com\/wp-content\/uploads\/2025\/06\/Pulp-Pump.webp 720w, https:\/\/www.eggtraymaking.com\/wp-content\/uploads\/2025\/06\/Pulp-Pump-360x270.webp 360w, https:\/\/www.eggtraymaking.com\/wp-content\/uploads\/2025\/06\/Pulp-Pump-240x180.webp 240w, https:\/\/www.eggtraymaking.com\/wp-content\/uploads\/2025\/06\/Pulp-Pump-16x12.webp 16w\" sizes=\"auto, (max-width: 720px) 100vw, 720px\" \/><figcaption class=\"wp-element-caption\">Hamur Pompas\u0131<\/figcaption><\/figure>    <figure class=\"wp-block-image size-large\"><img loading=\"lazy\" decoding=\"async\" width=\"720\" height=\"540\" data-id=\"9152\" src=\"https:\/\/www.eggtraymaking.com\/wp-content\/uploads\/2025\/06\/Pulper.webp\" alt=\"Pulper\" class=\"wp-image-9152\" srcset=\"https:\/\/www.eggtraymaking.com\/wp-content\/uploads\/2025\/06\/Pulper.webp 720w, https:\/\/www.eggtraymaking.com\/wp-content\/uploads\/2025\/06\/Pulper-360x270.webp 360w, https:\/\/www.eggtraymaking.com\/wp-content\/uploads\/2025\/06\/Pulper-240x180.webp 240w, https:\/\/www.eggtraymaking.com\/wp-content\/uploads\/2025\/06\/Pulper-16x12.webp 16w\" sizes=\"auto, (max-width: 720px) 100vw, 720px\" \/><figcaption class=\"wp-element-caption\">Pulper<\/figcaption><\/figure> <\/figure>    <p class=\"translation-block\">Anahtar ekipmanlar \u015funlar\u0131 i\u00e7erir:<br>hamurla\u015ft\u0131rma makinesi, hava kompres\u00f6r\u00fc, \u015fekillendirme makinesi, kurutma makinesi ve paketleme makinesi. Tam <strong><a href=\"https:\/\/www.eggtraymaking.com\/tr\/paper-egg-tray-production-line\/\">meyve tepsisi \u00fcretim hatt\u0131n\u0131<\/a><\/strong> sa\u011flayabiliriz.<\/p>    <figure class=\"wp-block-gallery has-nested-images columns-default is-cropped wp-block-gallery-3 is-layout-flex wp-block-gallery-is-layout-flex\"> <figure class=\"wp-block-image size-large\"><img loading=\"lazy\" decoding=\"async\" width=\"720\" height=\"540\" data-id=\"9145\" src=\"https:\/\/www.eggtraymaking.com\/wp-content\/uploads\/2025\/06\/untitled2.webp\" alt=\"B\u00fcy\u00fck \u00d6l\u00e7ekli Meyve Tepsisi \u00dcretim Hatt\u0131\" class=\"wp-image-9145\" srcset=\"https:\/\/www.eggtraymaking.com\/wp-content\/uploads\/2025\/06\/untitled2.webp 720w, https:\/\/www.eggtraymaking.com\/wp-content\/uploads\/2025\/06\/untitled2-360x270.webp 360w, https:\/\/www.eggtraymaking.com\/wp-content\/uploads\/2025\/06\/untitled2-240x180.webp 240w, https:\/\/www.eggtraymaking.com\/wp-content\/uploads\/2025\/06\/untitled2-16x12.webp 16w\" sizes=\"auto, (max-width: 720px) 100vw, 720px\" \/><figcaption class=\"wp-element-caption\">B\u00fcy\u00fck \u00d6l\u00e7ekli Meyve Tepsisi \u00dcretim Hatt\u0131<\/figcaption><\/figure>    <figure class=\"wp-block-image size-large\"><img loading=\"lazy\" decoding=\"async\" width=\"720\" height=\"540\" data-id=\"9146\" src=\"https:\/\/www.eggtraymaking.com\/wp-content\/uploads\/2025\/06\/untitled5.webp\" alt=\"K\u00fc\u00e7\u00fck \u00d6l\u00e7ekli Meyve Tepsisi \u00dcretim Hatt\u0131\" class=\"wp-image-9146\" srcset=\"https:\/\/www.eggtraymaking.com\/wp-content\/uploads\/2025\/06\/untitled5.webp 720w, https:\/\/www.eggtraymaking.com\/wp-content\/uploads\/2025\/06\/untitled5-360x270.webp 360w, https:\/\/www.eggtraymaking.com\/wp-content\/uploads\/2025\/06\/untitled5-240x180.webp 240w, https:\/\/www.eggtraymaking.com\/wp-content\/uploads\/2025\/06\/untitled5-16x12.webp 16w\" sizes=\"auto, (max-width: 720px) 100vw, 720px\" \/><figcaption class=\"wp-element-caption\">K\u00fc\u00e7\u00fck \u00d6l\u00e7ekli Meyve Tepsisi \u00dcretim Hatt\u0131<\/figcaption><\/figure> <\/figure>    <h2 class=\"wp-block-heading\">Shuliy\u2019nin meyve tepsisi yapma makinesinin avantajlar\u0131 nelerdir?<\/h2>    <ul class=\"wp-block-list\"> <li><strong>\u00c7evre dostu ve enerji tasarruflu:<\/strong> At\u0131k ka\u011f\u0131d\u0131 hammadde olarak kullan\u0131r, bu da geri d\u00f6n\u00fc\u015ft\u00fcr\u00fclebilir. Bu, maliyeti b\u00fcy\u00fck \u00f6l\u00e7\u00fcde azalt\u0131r ve \u00e7evreyi korumaya yard\u0131mc\u0131 olur.<\/li>    <li><strong>Y\u00fcksek otomasyon: <\/strong>Otomatik \u015fekillendirme, kurutma ve paketleme destekler. D\u00fc\u015f\u00fck i\u015f\u00e7ilik maliyeti ile kolay kullan\u0131m.<\/li>    <li><strong>G\u00fc\u00e7l\u00fc uyum sa\u011flama:<\/strong> Farkl\u0131 boyutlarda tepsiler \u00fcretmek i\u00e7in kal\u0131plar de\u011fi\u015ftirilebilir, \u00e7e\u015fitli meyve paketleme t\u00fcrlerine uygundur.<\/li>    <li><strong>Esnek \u00f6zelle\u015ftirme: <\/strong>\u00d6zel kal\u0131p boyutu ve \u015fekli deste\u011fi sunuyoruz. Profesyonel 3D tasar\u0131m ekibimiz, \u00f6n sat\u0131n alma risklerini azaltmak i\u00e7in \u00e7izimler ve \u00fcretim sim\u00fclasyonlar\u0131 sa\u011flayabilir. Ayr\u0131ca tam bir \u00fcretim hatt\u0131 kurman\u0131za da yard\u0131mc\u0131 olabiliriz.<\/li>    <li><strong>Birden fazla kapasite se\u00e7ene\u011fi:<\/strong> Farkl\u0131 \u00fcretim kapasitelerine sahip meyve tepsisi yapma makineleri sunuyoruz, saatte 1000'den 7000'e kadar par\u00e7a.<\/li> <\/ul>    <h2 class=\"wp-block-heading\">Shuliy meyve tepsisi \u015fekillendirme makinelerinin pop\u00fcler modelleri nelerdir?<\/h2>    <figure class=\"wp-block-table\"><table class=\"has-fixed-layout\"><tbody><tr><td>Model<\/td><td>Kapasite<\/td><td>G\u00fc\u00e7<\/td><td>Gerilim<\/td><td>A\u011f\u0131rl\u0131k<\/td><td>Ka\u011f\u0131t t\u00fcketimi<\/td><td>Su t\u00fcketimi<\/td><td>Boyut (kal\u0131plama makinesi)<\/td><\/tr><tr><td>SL-1000-3X1<\/td><td>1000adet\/saat<\/td><td>38kw<\/td><td>380V,50HZ<\/td><td>2500kg<\/td><td>80kg\/s<\/td><td>160kg\/s<\/td><td>2600*2200*1900mm<\/td><\/tr><tr><td>SL-1500-4X1<\/td><td>1500adet\/s<\/td><td>38kw<\/td><td>380V,50HZ<\/td><td>3000kg<\/td><td>120kg\/s<\/td><td>240kg\/s<\/td><td>2800*2200*1900mm<\/td><\/tr><tr><td>SL-2500-3X4<\/td><td>2500adet\/s<\/td><td>55kw<\/td><td>380V,50HZ<\/td><td>4000kg<\/td><td>200kg\/s<\/td><td>400kg\/s<\/td><td>2900*1800*1800mm<\/td><\/tr><tr><td>SL-3000-4X4<\/td><td>3000adet\/s<\/td><td>60kw<\/td><td>380V,50HZ<\/td><td>4800kg<\/td><td>240kg\/s<\/td><td>480kg\/s<\/td><td>3250*1800*1800mm<\/td><\/tr><tr><td>SL-4000-4X8<\/td><td>4000adet\/s<\/td><td>95kw<\/td><td>380V,50HZ<\/td><td>7000kg<\/td><td>320kg\/s<\/td><td>640kg\/s<\/td><td>3250*2300*2500mm<\/td><\/tr><tr><td>SL-5000-5X8<\/td><td>5000adet\/s<\/td><td>95kw<\/td><td>380V,50HZ<\/td><td>8000kg<\/td><td>400kg\/s<\/td><td>800kg\/s<\/td><td>3700*2300*2500mm<\/td><\/tr><tr><td>SL-7000-6X8<\/td><td>7000adet\/s<\/td><td>120kw<\/td><td>380V,50HZ<\/td><td>10000kg<\/td><td>480kg\/s<\/td><td>960kg\/s<\/td><td>3200*2300*2500mm<\/td><\/tr><\/tbody><\/table><\/figure>    <figure class=\"wp-block-gallery has-nested-images columns-default is-cropped wp-block-gallery-4 is-layout-flex wp-block-gallery-is-layout-flex\"> <figure class=\"wp-block-image size-large\"><img loading=\"lazy\" decoding=\"async\" width=\"720\" height=\"540\" data-id=\"9153\" src=\"https:\/\/www.eggtraymaking.com\/wp-content\/uploads\/2025\/06\/3\u00d74-fruit-tray-making-machine.webp\" alt=\"3\u00d74 meyve tepsisi yapma makinesi\" class=\"wp-image-9153\" srcset=\"https:\/\/www.eggtraymaking.com\/wp-content\/uploads\/2025\/06\/3\u00d74-fruit-tray-making-machine.webp 720w, https:\/\/www.eggtraymaking.com\/wp-content\/uploads\/2025\/06\/3\u00d74-fruit-tray-making-machine-360x270.webp 360w, https:\/\/www.eggtraymaking.com\/wp-content\/uploads\/2025\/06\/3\u00d74-fruit-tray-making-machine-240x180.webp 240w, https:\/\/www.eggtraymaking.com\/wp-content\/uploads\/2025\/06\/3\u00d74-fruit-tray-making-machine-16x12.webp 16w\" sizes=\"auto, (max-width: 720px) 100vw, 720px\" \/><figcaption class=\"wp-element-caption\">3\u00d74 Meyve Tepsisi Yapma Makinesi<\/figcaption><\/figure>    <figure class=\"wp-block-image size-large\"><img loading=\"lazy\" decoding=\"async\" width=\"720\" height=\"540\" data-id=\"9154\" src=\"https:\/\/www.eggtraymaking.com\/wp-content\/uploads\/2025\/06\/5\u00d78-fruit-tray-making-machine.webp\" alt=\"5\u00d78 meyve tepsisi yapma makinesi\" class=\"wp-image-9154\" srcset=\"https:\/\/www.eggtraymaking.com\/wp-content\/uploads\/2025\/06\/5\u00d78-fruit-tray-making-machine.webp 720w, https:\/\/www.eggtraymaking.com\/wp-content\/uploads\/2025\/06\/5\u00d78-fruit-tray-making-machine-360x270.webp 360w, https:\/\/www.eggtraymaking.com\/wp-content\/uploads\/2025\/06\/5\u00d78-fruit-tray-making-machine-240x180.webp 240w, https:\/\/www.eggtraymaking.com\/wp-content\/uploads\/2025\/06\/5\u00d78-fruit-tray-making-machine-16x12.webp 16w\" sizes=\"auto, (max-width: 720px) 100vw, 720px\" \/><figcaption class=\"wp-element-caption\">5\u00d78 Meyve Tepsisi Yapma Makinesi<\/figcaption><\/figure> <\/figure>    <h2 class=\"wp-block-heading\">Hangi t\u00fcr meyve tepsileri yap\u0131labilir?<\/h2>    <ul class=\"wp-block-list\"> <li><strong>Elma tepsisi:<\/strong> Yayg\u0131n t\u00fcrler 10 delik, 15 delik veya 20 delik tasar\u0131mlar\u0131na sahiptir. Her meyve, ta\u015f\u0131nma s\u0131ras\u0131nda ezilmesini \u00f6nlemek i\u00e7in kendi yuvas\u0131na sahiptir.<\/li>    <li><strong>Portakal \/ Narenciye tepsisi:<\/strong> Genellikle 12 veya 15 delik ile gelir. Yuvalar daha derin ve yuvarlakt\u0131r, yuvarlak meyveleri tutmak ve yuvarlanmay\u0131 \u00f6nlemek i\u00e7in m\u00fckemmeldir.<\/li>    <li><strong>Kivi tepsisi:<\/strong> Genellikle 8 veya 16 delik ile gelir, bazen iki katmanl\u0131 olarak tasarlanm\u0131\u015ft\u0131r. Bu t\u00fcr, yumu\u015fak meyveleri bas\u0131n\u00e7 ve hasardan korur.<\/li>    <li><strong>Armut tepsisi:<\/strong> Yumu\u015fak hamur malzemeden yap\u0131lm\u0131\u015ft\u0131r. Delik boyutu daha b\u00fcy\u00fck, kar armutlar\u0131 gibi b\u00fcy\u00fck meyveler i\u00e7in uygundur.<\/li>    <li><strong>\u00dcz\u00fcm tepsisi: <\/strong>Zaten k\u00f6p\u00fck torbalara yerle\u015ftirilmi\u015f \u00fcz\u00fcm salk\u0131mlar\u0131n\u0131 tutmak i\u00e7in kullan\u0131lan d\u00fcz, s\u0131\u011f bir tepsi.<\/li>    <li><strong>\u00c7ilek tepsisi: <\/strong>Genellikle \u015feffaf plastik veya emici ka\u011f\u0131tla birle\u015ftirilmi\u015f s\u0131\u011f hamur tepsilerinden yap\u0131l\u0131r, her bir meyveyi korumak i\u00e7in tek katman halinde d\u00fczenlenir.<\/li> <\/ul>   <div class=\"wp-block-image\"> <figure class=\"aligncenter size-full\"><img loading=\"lazy\" decoding=\"async\" width=\"720\" height=\"540\" src=\"https:\/\/www.eggtraymaking.com\/wp-content\/uploads\/2025\/06\/Our-Drawing-Design.webp\" alt=\"\u00c7izim Tasar\u0131m\u0131m\u0131z\" class=\"wp-image-9158\" srcset=\"https:\/\/www.eggtraymaking.com\/wp-content\/uploads\/2025\/06\/Our-Drawing-Design.webp 720w, https:\/\/www.eggtraymaking.com\/wp-content\/uploads\/2025\/06\/Our-Drawing-Design-360x270.webp 360w, https:\/\/www.eggtraymaking.com\/wp-content\/uploads\/2025\/06\/Our-Drawing-Design-240x180.webp 240w, https:\/\/www.eggtraymaking.com\/wp-content\/uploads\/2025\/06\/Our-Drawing-Design-16x12.webp 16w\" sizes=\"auto, (max-width: 720px) 100vw, 720px\" \/><figcaption class=\"wp-element-caption\">\u00c7izim Tasar\u0131m\u0131m\u0131z<\/figcaption><\/figure> <\/div>   <h2 class=\"wp-block-heading\">Yayg\u0131n meyve tepsisi boyutlar\u0131<\/h2>    <figure class=\"wp-block-table\"><table class=\"has-fixed-layout\"><tbody><tr><td>Meyve T\u00fcr\u00fc<\/td><td>Delik Say\u0131s\u0131<\/td><td>Delik \u00c7ap\u0131 (mm)<\/td><td>Tepsi Boyutu (mm)<\/td><\/tr><tr><td>Elma<\/td><td>20 delik<\/td><td>80-100<\/td><td>400*300<\/td><\/tr><tr><td>Portakal<\/td><td>12-15 delik<\/td><td>70-90<\/td><td>400*300<\/td><\/tr><tr><td>Kivi<\/td><td>16 delik<\/td><td>60-70<\/td><td>350*250<\/td><\/tr><tr><td>Armut<\/td><td>10-15 delik<\/td><td>85-100<\/td><td>400*300<\/td><\/tr><\/tbody><\/table><\/figure>    <p>Yukar\u0131da listelenen boyutlar piyasada en yayg\u0131n olanlard\u0131r. \u00d6zel \u00f6zelle\u015ftirme ihtiya\u00e7lar\u0131n\u0131z varsa, l\u00fctfen bizimle ileti\u015fime ge\u00e7mekten \u00e7ekinmeyin. Size 24 saat i\u00e7inde geri d\u00f6nece\u011fiz!<\/p>    <figure class=\"wp-block-gallery has-nested-images columns-default is-cropped wp-block-gallery-5 is-layout-flex wp-block-gallery-is-layout-flex\"> <figure class=\"wp-block-image size-large\"><img loading=\"lazy\" decoding=\"async\" width=\"720\" height=\"540\" data-id=\"9157\" src=\"https:\/\/www.eggtraymaking.com\/wp-content\/uploads\/2025\/06\/Fruit-Tray-1.webp\" alt=\"Meyve Taba\u011f\u0131\" class=\"wp-image-9157\" srcset=\"https:\/\/www.eggtraymaking.com\/wp-content\/uploads\/2025\/06\/Fruit-Tray-1.webp 720w, https:\/\/www.eggtraymaking.com\/wp-content\/uploads\/2025\/06\/Fruit-Tray-1-360x270.webp 360w, https:\/\/www.eggtraymaking.com\/wp-content\/uploads\/2025\/06\/Fruit-Tray-1-240x180.webp 240w, https:\/\/www.eggtraymaking.com\/wp-content\/uploads\/2025\/06\/Fruit-Tray-1-16x12.webp 16w\" sizes=\"auto, (max-width: 720px) 100vw, 720px\" \/><figcaption class=\"wp-element-caption\">Meyve Taba\u011f\u0131<\/figcaption><\/figure>    <figure class=\"wp-block-image size-large\"><img loading=\"lazy\" decoding=\"async\" width=\"720\" height=\"540\" data-id=\"9156\" src=\"https:\/\/www.eggtraymaking.com\/wp-content\/uploads\/2025\/06\/Various-Styles-of-Fruit-Trays.webp\" alt=\"\u00c7e\u015fitli Stil Meyve Tepsileri\" class=\"wp-image-9156\" srcset=\"https:\/\/www.eggtraymaking.com\/wp-content\/uploads\/2025\/06\/Various-Styles-of-Fruit-Trays.webp 720w, https:\/\/www.eggtraymaking.com\/wp-content\/uploads\/2025\/06\/Various-Styles-of-Fruit-Trays-360x270.webp 360w, https:\/\/www.eggtraymaking.com\/wp-content\/uploads\/2025\/06\/Various-Styles-of-Fruit-Trays-240x180.webp 240w, https:\/\/www.eggtraymaking.com\/wp-content\/uploads\/2025\/06\/Various-Styles-of-Fruit-Trays-16x12.webp 16w\" sizes=\"auto, (max-width: 720px) 100vw, 720px\" \/><figcaption class=\"wp-element-caption\">\u00c7e\u015fitli Meyve Tepsisi Tarzlar\u0131<\/figcaption><\/figure> <\/figure>","protected":false},"excerpt":{"rendered":"<p>Meyve tepsisi makinesi, geni\u015f uygulama alanlar\u0131 ve esnek kapasite se\u00e7enekleri ile \u00e7e\u015fitli meyve tepsileri \u00fcretebilir.<\/p>","protected":false},"author":1,"featured_media":9142,"parent":0,"template":"","tags":[21,457],"product-type":[451],"class_list":["post-9141","product","type-product","status-publish","has-post-thumbnail","hentry","tag-fruit-tray","tag-fruit-tray-making-machine","product-type-pulp-molding-machine"],"_links":{"self":[{"href":"https:\/\/www.eggtraymaking.com\/tr\/wp-json\/wp\/v2\/product\/9141","targetHints":{"allow":["GET"]}}],"collection":[{"href":"https:\/\/www.eggtraymaking.com\/tr\/wp-json\/wp\/v2\/product"}],"about":[{"href":"https:\/\/www.eggtraymaking.com\/tr\/wp-json\/wp\/v2\/types\/product"}],"author":[{"embeddable":true,"href":"https:\/\/www.eggtraymaking.com\/tr\/wp-json\/wp\/v2\/users\/1"}],"wp:featuredmedia":[{"embeddable":true,"href":"https:\/\/www.eggtraymaking.com\/tr\/wp-json\/wp\/v2\/media\/9142"}],"wp:attachment":[{"href":"https:\/\/www.eggtraymaking.com\/tr\/wp-json\/wp\/v2\/media?parent=9141"}],"wp:term":[{"taxonomy":"post_tag","embeddable":true,"href":"https:\/\/www.eggtraymaking.com\/tr\/wp-json\/wp\/v2\/tags?post=9141"},{"taxonomy":"product-type","embeddable":true,"href":"https:\/\/www.eggtraymaking.com\/tr\/wp-json\/wp\/v2\/product-type?post=9141"}],"curies":[{"name":"wp","href":"https:\/\/api.w.org\/{rel}","templated":true}]}}