{"id":3209,"date":"2020-11-24T11:55:55","date_gmt":"2020-11-24T03:55:55","guid":{"rendered":"https:\/\/www.eggtraymaking.com\/?p=3209"},"modified":"2025-06-25T15:17:18","modified_gmt":"2025-06-25T07:17:18","slug":"paper-apple-tray-making-machine-price","status":"publish","type":"product","link":"https:\/\/www.eggtraymaking.com\/tr\/paper-apple-tray-making-machine-price\/","title":{"rendered":"Ka\u011f\u0131t Elma Tepsisi Yap\u0131m Makinesi | Pulp Meyve Tepsileri \u00dcretim Hatt\u0131"},"content":{"rendered":"<p class=\"translation-block\">Meyve ka\u011f\u0131t tepsilerinin end\u00fcstriyel i\u015flenmesi i\u00e7in ekipmanlar art\u0131k bir\u00e7ok yat\u0131r\u0131mc\u0131 i\u00e7in \u00f6nemli bir yat\u0131r\u0131m projesidir. Bunlar aras\u0131nda ka\u011f\u0131t elma tepsisi yapma makinesi, meyve tepsisi i\u015flemek i\u00e7in ideal bir makinedir. Bu<strong> <\/strong>ticari elma tepsisi i\u015fleme makinesi, \u00e7e\u015fitli at\u0131k ka\u011f\u0131t kutular\u0131n\u0131 ve gazeteleri geri d\u00f6n\u00fc\u015ft\u00fcrebilir ve onlar\u0131 farkl\u0131 \u00f6zelliklerde meyve tepsilerine i\u015fleyebilir. Dahas\u0131, i\u015flenmi\u015f ka\u011f\u0131t elma tepsisinin boyutu, rengi, a\u011f\u0131rl\u0131\u011f\u0131 vb. m\u00fc\u015fteri ihtiya\u00e7lar\u0131na g\u00f6re \u00f6zelle\u015ftirilebilir.<\/p>    <h2 class=\"wp-block-heading\" id=\"h-introduction-of-the-paper-apple-tray-making-machine\">Ka\u011f\u0131t elma tepsisi yapma makinesinin tan\u0131t\u0131m\u0131<\/h2>    <p class=\"translation-block\"><strong>Ka\u011f\u0131t Hamuru Elma Tepsisi Makinesi<\/strong>, at\u0131k gazeteleri, at\u0131k kartonlar\u0131, at\u0131k bas\u0131l\u0131 materyalleri ve \u00e7e\u015fitli ka\u011f\u0131t \u00fcr\u00fcnleri fabrikalar\u0131ndan \u00e7\u0131kan hurdalar\u0131 hammadde olarak kullan\u0131r ve hidrolik par\u00e7alama, filtreleme ve su enjeksiyonu gibi i\u015flemlerle belirli bir konsantrasyonda bulama\u00e7 haline getirilir. \u00d6zel metal kal\u0131p, vakumla \u0131slak bir ham \u00fcr\u00fcn haline getirilir ve olu\u015fturulan \u0131slak ham daha sonra \u015fekillendirilmek \u00fczere kurutulur ve s\u0131cak preslenir.<\/p>    <figure class=\"wp-block-gallery has-nested-images columns-default is-cropped wp-block-gallery-2 is-layout-flex wp-block-gallery-is-layout-flex\"> <figure class=\"wp-block-image size-large\"><img loading=\"lazy\" decoding=\"async\" width=\"720\" height=\"540\" data-id=\"3224\" src=\"https:\/\/www.eggtraymaking.com\/wp-content\/uploads\/2020\/11\/apple-trays-made-by-fruit-trays-production-line.jpg\" alt=\"meyve tepsisi \u00fcretim hatt\u0131 taraf\u0131ndan yap\u0131lan elma tepsileri\" class=\"wp-image-3224\" srcset=\"https:\/\/www.eggtraymaking.com\/wp-content\/uploads\/2020\/11\/apple-trays-made-by-fruit-trays-production-line.jpg 720w, https:\/\/www.eggtraymaking.com\/wp-content\/uploads\/2020\/11\/apple-trays-made-by-fruit-trays-production-line-240x180.jpg 240w, https:\/\/www.eggtraymaking.com\/wp-content\/uploads\/2020\/11\/apple-trays-made-by-fruit-trays-production-line-360x270.jpg 360w\" sizes=\"auto, (max-width: 720px) 100vw, 720px\" \/><figcaption class=\"wp-element-caption\">Meyve tepsileri \u00fcretim hatt\u0131 ile \u00fcretilen elma tepsileri<\/figcaption><\/figure>    <figure class=\"wp-block-image size-large\"><img loading=\"lazy\" decoding=\"async\" width=\"720\" height=\"540\" data-id=\"3225\" src=\"https:\/\/www.eggtraymaking.com\/wp-content\/uploads\/2020\/11\/fruit-trays-made-of-paper-pulp.jpg\" alt=\"ka\u011f\u0131t hamurundan yap\u0131lm\u0131\u015f meyve tepsileri\" class=\"wp-image-3225\" srcset=\"https:\/\/www.eggtraymaking.com\/wp-content\/uploads\/2020\/11\/fruit-trays-made-of-paper-pulp.jpg 720w, https:\/\/www.eggtraymaking.com\/wp-content\/uploads\/2020\/11\/fruit-trays-made-of-paper-pulp-240x180.jpg 240w, https:\/\/www.eggtraymaking.com\/wp-content\/uploads\/2020\/11\/fruit-trays-made-of-paper-pulp-360x270.jpg 360w\" sizes=\"auto, (max-width: 720px) 100vw, 720px\" \/><figcaption class=\"wp-element-caption\">Ka\u011f\u0131t hamurundan yap\u0131lm\u0131\u015f meyve tepsileri<\/figcaption><\/figure> <\/figure>    <h2 class=\"wp-block-heading\" id=\"h-components-of-the-paper-pulp-fruit-trays-production-line\">Meyve tepsileri \u00fcretim hatt\u0131n\u0131n bile\u015fenleri <strong><a href=\"https:\/\/www.eggtraymaking.com\/tr\/egg-tray-production-line\/\">ka\u011f\u0131t hamuru meyve tepsileri \u00fcretim hatt\u0131<\/a><\/strong><\/h2>    <p>Elma tepsisi yapma makinesi kompakt bir yap\u0131ya ve nispeten basit bir i\u015fletim y\u00f6ntemine sahiptir. P\u00fcre elma tepsilerini i\u015flemek genellikle bir pulping makinesi, pulpa kar\u0131\u015ft\u0131r\u0131c\u0131, pulpa depolama tank\u0131, elma tepsisi \u015fekillendirme makinesi ve elma tepsisi kurutucusu gibi tam bir i\u015fleme ekipman\u0131 seti gerektirir.<\/p>   <div class=\"wp-block-image\"> <figure class=\"aligncenter size-large is-resized\"><img loading=\"lazy\" decoding=\"async\" width=\"720\" height=\"540\" src=\"https:\/\/www.eggtraymaking.com\/wp-content\/uploads\/2020\/11\/small-type-apple-tray-maker-machine.jpg\" alt=\"k\u00fc\u00e7\u00fck tip elma tepsisi yapma makinesi\" class=\"wp-image-3217\" style=\"width:797px;height:598px\" srcset=\"https:\/\/www.eggtraymaking.com\/wp-content\/uploads\/2020\/11\/small-type-apple-tray-maker-machine.jpg 720w, https:\/\/www.eggtraymaking.com\/wp-content\/uploads\/2020\/11\/small-type-apple-tray-maker-machine-240x180.jpg 240w, https:\/\/www.eggtraymaking.com\/wp-content\/uploads\/2020\/11\/small-type-apple-tray-maker-machine-360x270.jpg 360w\" sizes=\"auto, (max-width: 720px) 100vw, 720px\" \/><figcaption class=\"wp-element-caption\">k\u00fc\u00e7\u00fck tip elma tepsisi yapma makinesi<\/figcaption><\/figure> <\/div>   <p>1-Hamur sistemi: hamur makinesi, hamur pompas\u0131, titre\u015fimli ekran, rafine edici, kar\u0131\u015ft\u0131r\u0131c\u0131 vb.<br>2- Kal\u0131plama sistemi: tambur kal\u0131plama makinesi, kal\u0131p, hava kompres\u00f6r\u00fc, hava kompres\u00f6r\u00fc tank\u0131, vakum pompas\u0131, vakum tank\u0131, y\u00fcksek bas\u0131n\u00e7l\u0131 su pompas\u0131, buhar-su ay\u0131rma pompas\u0131 vb.<br>3-Kurutma sistemi: s\u0131cak hava \u00fcfleyici, nem alma fan\u0131, nem alma borusu, br\u00fcl\u00f6r, yanma odas\u0131, konvey\u00f6r band\u0131, zincir vb.<br>4-Paketleme sistemi: presleme ekipman\u0131, paketleme makinesi vb.<\/p>    <h2 class=\"wp-block-heading\" id=\"h-raw-materials-for-making-paper-apple-trays\">Ka\u011f\u0131t elma tepsileri yapmak i\u00e7in hammadde<\/h2>    <p>Ka\u011f\u0131t elma yumurta tepsilerinin \u00fcretimi i\u00e7in hammadde olarak esasen at\u0131k gazeteler, kartonlar ve ka\u011f\u0131t fabrikalar\u0131, karton fabrikalar\u0131 ve matbaalardan gelen at\u0131k ka\u011f\u0131tlar kullan\u0131lmaktad\u0131r. Bu nedenle, meyve tepsilerinin \u00fcretiminde kullan\u0131lan hammadde kaynaklar\u0131 bol, fiyat\u0131 d\u00fc\u015f\u00fck ve \u00fcretim maliyeti de d\u00fc\u015f\u00fckt\u00fcr. <\/p>   <div class=\"wp-block-image\"> <figure class=\"aligncenter size-large\"><img loading=\"lazy\" decoding=\"async\" width=\"720\" height=\"540\" src=\"https:\/\/www.eggtraymaking.com\/wp-content\/uploads\/2020\/11\/raw-materials-for-making-apple-trays.jpg\" alt=\"elma tepsisi yapmak i\u00e7in hammadde\" class=\"wp-image-3216\" srcset=\"https:\/\/www.eggtraymaking.com\/wp-content\/uploads\/2020\/11\/raw-materials-for-making-apple-trays.jpg 720w, https:\/\/www.eggtraymaking.com\/wp-content\/uploads\/2020\/11\/raw-materials-for-making-apple-trays-240x180.jpg 240w, https:\/\/www.eggtraymaking.com\/wp-content\/uploads\/2020\/11\/raw-materials-for-making-apple-trays-360x270.jpg 360w\" sizes=\"auto, (max-width: 720px) 100vw, 720px\" \/><figcaption class=\"wp-element-caption\">elma tepsisi yapmak i\u00e7in hammadde<\/figcaption><\/figure> <\/div>   <p>Ayr\u0131ca, elma tepsisi \u00fcretim s\u00fcrecinde at\u0131k su veya at\u0131k gaz sal\u0131n\u0131m\u0131 yoktur. \u00dcretim s\u00fcrecinde kullan\u0131lan su geri d\u00f6n\u00fc\u015ft\u00fcr\u00fclebilir, \u00e7evreyi kirletmez ve su maliyetlerini tasarruf ettirebilir.<\/p>    <h2 class=\"wp-block-heading\" id=\"h-types-of-paper-apple-trays\">Ka\u011f\u0131t elma tepsisi \u00e7e\u015fitleri<\/h2>    <p class=\"translation-block\">P<strong><a href=\"https:\/\/www.eggtraymaking.com\/tr\/egg-tray-making-machine\/\">Ka\u011f\u0131t elma tepsisi yapma makinesi<\/a><\/strong>, \u00e7e\u015fitli \u015fekillerde meyve tepsileri i\u015fleyebilir. Bu farkl\u0131 t\u00fcrdeki meyve tepsileri, armut, mandalina, portakal, kivi, trabzon hurmas\u0131, domates vb. gibi farkl\u0131 meyve ve sebzeleri tutmak i\u00e7in kullan\u0131labilir. Dahas\u0131, elma tepsisinin boyutu, rengi, kal\u0131nl\u0131\u011f\u0131 ve \u015fekli \u00f6zelle\u015ftirilebilir.<\/p>   <div class=\"wp-block-image\"> <figure class=\"aligncenter size-large\"><img loading=\"lazy\" decoding=\"async\" width=\"720\" height=\"540\" src=\"https:\/\/www.eggtraymaking.com\/wp-content\/uploads\/2020\/11\/all-kinds-of-fruit-trays.jpg\" alt=\"her t\u00fcrl\u00fc meyve tepsisi\" class=\"wp-image-3221\" srcset=\"https:\/\/www.eggtraymaking.com\/wp-content\/uploads\/2020\/11\/all-kinds-of-fruit-trays.jpg 720w, https:\/\/www.eggtraymaking.com\/wp-content\/uploads\/2020\/11\/all-kinds-of-fruit-trays-240x180.jpg 240w, https:\/\/www.eggtraymaking.com\/wp-content\/uploads\/2020\/11\/all-kinds-of-fruit-trays-360x270.jpg 360w\" sizes=\"auto, (max-width: 720px) 100vw, 720px\" \/><figcaption class=\"wp-element-caption\">her t\u00fcrl\u00fc meyve tepsisi<\/figcaption><\/figure> <\/div>   <h2 class=\"wp-block-heading\" id=\"h-how-to-make-apple-trays-smoother\">Elma tepsilerini nas\u0131l daha p\u00fcr\u00fczs\u00fcz hale getirebiliriz?<\/h2>    <p>Meyve tepsisi i\u015fleme makinesi taraf\u0131ndan i\u015flenen elma tepsileri genellikle p\u00fcr\u00fczl\u00fc y\u00fczeylere sahiptir. S\u0131kl\u0131kla g\u00f6rd\u00fc\u011f\u00fcm\u00fcz elma tepsileri ise genellikle d\u00fczg\u00fcn ve d\u00fczenli bir \u015fekle sahiptir. Neden? Bunun nedeni, elma tepsisi hamuru \u015fekillendirme makinesi taraf\u0131ndan do\u011frudan preslenen ka\u011f\u0131t tepsinin daha fazla \u0131s\u0131t\u0131lmas\u0131 ve ekstr\u00fczyon i\u015flemi gerektirmesidir. Elma tepsisini daha fazla i\u015flemek i\u00e7in s\u0131cak pres kullanabiliriz.<\/p>   <div class=\"wp-block-image\"> <figure class=\"aligncenter size-large is-resized\"><img loading=\"lazy\" decoding=\"async\" width=\"720\" height=\"540\" src=\"https:\/\/www.eggtraymaking.com\/wp-content\/uploads\/2020\/11\/paper-apple-trays-hot-pressing-machine.jpg\" alt=\"ka\u011f\u0131t elma tepsisi s\u0131cak presleme makinesi\" class=\"wp-image-3222\" style=\"width:803px;height:602px\" srcset=\"https:\/\/www.eggtraymaking.com\/wp-content\/uploads\/2020\/11\/paper-apple-trays-hot-pressing-machine.jpg 720w, https:\/\/www.eggtraymaking.com\/wp-content\/uploads\/2020\/11\/paper-apple-trays-hot-pressing-machine-240x180.jpg 240w, https:\/\/www.eggtraymaking.com\/wp-content\/uploads\/2020\/11\/paper-apple-trays-hot-pressing-machine-360x270.jpg 360w\" sizes=\"auto, (max-width: 720px) 100vw, 720px\" \/><figcaption class=\"wp-element-caption\">ka\u011f\u0131t elma tepsisi s\u0131cak presleme makinesi<\/figcaption><\/figure> <\/div>","protected":false},"excerpt":{"rendered":"<p>Ka\u011f\u0131t elma tepsisi yapma makinesi, meyve tepsilerini i\u015flemek i\u00e7in ideal bir makinedir. Bu ticari elma tepsisi i\u015fleme makinesi, \u00e7e\u015fitli at\u0131k ka\u011f\u0131t kutular\u0131n\u0131 ve gazeteleri geri d\u00f6n\u00fc\u015ft\u00fcrebilir ve bunlar\u0131 farkl\u0131 spesifikasyonlarda meyve tepsilerine d\u00f6n\u00fc\u015ft\u00fcrebilir. <\/p>","protected":false},"author":1,"featured_media":3215,"parent":0,"template":"","tags":[437,436,438],"product-type":[451],"class_list":["post-3209","product","type-product","status-publish","has-post-thumbnail","hentry","tag-fruit-trays-production-line","tag-paper-apple-tray-making-machine","tag-paper-pulp-cartons","product-type-pulp-molding-machine"],"_links":{"self":[{"href":"https:\/\/www.eggtraymaking.com\/tr\/wp-json\/wp\/v2\/product\/3209","targetHints":{"allow":["GET"]}}],"collection":[{"href":"https:\/\/www.eggtraymaking.com\/tr\/wp-json\/wp\/v2\/product"}],"about":[{"href":"https:\/\/www.eggtraymaking.com\/tr\/wp-json\/wp\/v2\/types\/product"}],"author":[{"embeddable":true,"href":"https:\/\/www.eggtraymaking.com\/tr\/wp-json\/wp\/v2\/users\/1"}],"wp:featuredmedia":[{"embeddable":true,"href":"https:\/\/www.eggtraymaking.com\/tr\/wp-json\/wp\/v2\/media\/3215"}],"wp:attachment":[{"href":"https:\/\/www.eggtraymaking.com\/tr\/wp-json\/wp\/v2\/media?parent=3209"}],"wp:term":[{"taxonomy":"post_tag","embeddable":true,"href":"https:\/\/www.eggtraymaking.com\/tr\/wp-json\/wp\/v2\/tags?post=3209"},{"taxonomy":"product-type","embeddable":true,"href":"https:\/\/www.eggtraymaking.com\/tr\/wp-json\/wp\/v2\/product-type?post=3209"}],"curies":[{"name":"wp","href":"https:\/\/api.w.org\/{rel}","templated":true}]}}