{"id":1037,"date":"2019-05-28T07:03:45","date_gmt":"2019-05-27T23:03:45","guid":{"rendered":"https:\/\/www.eggtraymaking.com\/?p=1037"},"modified":"2026-03-20T11:29:17","modified_gmt":"2026-03-20T03:29:17","slug":"egg-tray-production-line","status":"publish","type":"product","link":"https:\/\/www.eggtraymaking.com\/tr\/egg-tray-production-line\/","title":{"rendered":"Yumurta tepsisi \u00fcretim hatt\u0131 | ka\u011f\u0131t hamuru yumurta tepsisi i\u015fleme tesisi"},"content":{"rendered":"<p>Yumurta tepsisi \u00fcretim hatt\u0131, otomatik ka\u011f\u0131t hamuru yumurta tepsisi tesisi olarak da adland\u0131r\u0131l\u0131r ve esasen d\u00f6rt b\u00f6l\u00fcmden olu\u015fur: ka\u011f\u0131t hamuru kar\u0131\u015ft\u0131r\u0131c\u0131, yumurta tepsisi \u015fekillendirme makinesi, yumurta tepsileri kurutma makinesi ve yumurta tepsileri paketleme makinesi. Bu end\u00fcstriyel yumurta tepsisi \u00fcretim hatt\u0131, bir\u00e7ok at\u0131k ka\u011f\u0131t, gazete, at\u0131k karton ve ka\u011f\u0131t kutuyu yumurta tepsilerine, meyve tepsilerine, kahve fincan\u0131 tepsilerine, tek kullan\u0131ml\u0131k ka\u011f\u0131t \u00f6\u011fle yemekleri kutular\u0131na vb. d\u00f6n\u00fc\u015ft\u00fcrebilir.<\/p>    <p class=\"translation-block\">Nijerya, Zambiya, Kamerun ve benzeri bir\u00e7ok yabanc\u0131 \u00fclkeye ihracat yapt\u0131k. Zhengzhou Shuliy Machinery Co., Ltd., on y\u0131ld\u0131r yumurta viyol\u00fc makinesi sekt\u00f6r\u00fcnde yer almakta olup, zengin \u00fcretim deneyimine ve geli\u015fmi\u015f teknik deste\u011fe sahiptir. Ayr\u0131ca m\u00fchendislerimizi m\u00fc\u015fterilerimizin \u015fehirlerine g\u00f6ndererek <strong><a href=\"https:\/\/www.eggtraymaking.com\/tr\/category\/egg-tray-machine-by-capacity\/\">ka\u011f\u0131t yumurta viyol\u00fc yapma makinesini<\/a><\/strong> kurdurduk. Ayr\u0131ca m\u00fchendisimiz, fabrikan\u0131n \u00e7izimini fiili duruma g\u00f6re tasarlaman\u0131za yard\u0131mc\u0131 olabilir. Ka\u011f\u0131t yumurta viyol\u00fc fiyat\u0131 da insanlar\u0131n \u00f6nemli bir endi\u015fesidir. <\/p>      <h2 class=\"wp-block-heading\" id=\"h-industrial-egg-tray-production-line\"><strong>End\u00fcstriyel<\/strong> <strong>Yumurta tepsisi \u00fcretim hatt\u0131<\/strong><\/h2>    <p>Yumurta tepsisi \u00fcretim hatt\u0131n\u0131 kullanarak yumurta tepsisi \u00fcretim s\u00fcreci esasen at\u0131k ka\u011f\u0131t toplama, hamur \u00fcretimi, hamurun suland\u0131r\u0131lmas\u0131, yumurta tepsisi \u015fekillendirme, yumurta tepsisi kurutma, yumurta tepsisi ay\u0131rma ve ambalajlamay\u0131 i\u00e7erir.<\/p>   <div class=\"wp-block-image\"> <figure class=\"aligncenter size-large\"><img loading=\"lazy\" decoding=\"async\" width=\"720\" height=\"540\" src=\"https:\/\/www.eggtraymaking.com\/wp-content\/uploads\/2020\/10\/egg-tray-making-process.jpg\" alt=\"yumurta tepsisi yap\u0131m s\u00fcreci\" class=\"wp-image-3170\" srcset=\"https:\/\/www.eggtraymaking.com\/wp-content\/uploads\/2020\/10\/egg-tray-making-process.jpg 720w, https:\/\/www.eggtraymaking.com\/wp-content\/uploads\/2020\/10\/egg-tray-making-process-240x180.jpg 240w, https:\/\/www.eggtraymaking.com\/wp-content\/uploads\/2020\/10\/egg-tray-making-process-360x270.jpg 360w\" sizes=\"auto, (max-width: 720px) 100vw, 720px\" \/><figcaption class=\"wp-element-caption\">yumurta tepsisi \u00fcretim makinesi<\/figcaption><\/figure> <\/div>   <h2 class=\"wp-block-heading\">Yumurta tepsisi \u00fcretim hatt\u0131 videosu<\/h2>    <figure class=\"wp-block-embed is-type-video is-provider-youtube wp-block-embed-youtube wp-embed-aspect-16-9 wp-has-aspect-ratio\"><div class=\"wp-block-embed__wrapper\"> <iframe loading=\"lazy\" title=\"2000 adet\/saat yumurta tepsisi yapma makinesi \u00e7al\u0131\u015fma videosu | Ka\u011f\u0131t yumurta tepsileri \u00fcretim hatt\u0131\" width=\"500\" height=\"281\" src=\"https:\/\/www.youtube.com\/embed\/Qwjz069mREg?feature=oembed\" frameborder=\"0\" allow=\"accelerometer; autoplay; clipboard-write; encrypted-media; gyroscope; picture-in-picture; web-share\" referrerpolicy=\"strict-origin-when-cross-origin\" allowfullscreen><\/iframe> <\/div><\/figure>    <h2 class=\"wp-block-heading\" id=\"h-raw-materials-of-egg-tray-production-line\">Yumurta tepsisi \u00fcretim hatt\u0131n\u0131n hammadde <\/h2>    <p>Yumurta tepsisi yapmak i\u00e7in kullan\u0131lan ham maddeler genellikle her t\u00fcrl\u00fc at\u0131k ka\u011f\u0131t, at\u0131k gazete, karton, at\u0131k defter, plastik i\u00e7ermeyen reklam ka\u011f\u0131d\u0131 vb. dir.<\/p>    <figure class=\"wp-block-gallery has-nested-images columns-default is-cropped wp-block-gallery-2 is-layout-flex wp-block-gallery-is-layout-flex\"> <figure class=\"wp-block-image size-large\"><img loading=\"lazy\" decoding=\"async\" width=\"720\" height=\"540\" data-id=\"3175\" src=\"https:\/\/www.eggtraymaking.com\/wp-content\/uploads\/2019\/05\/waste-cartons.jpg\" alt=\"at\u0131k kartonlar\" class=\"wp-image-3175\" srcset=\"https:\/\/www.eggtraymaking.com\/wp-content\/uploads\/2019\/05\/waste-cartons.jpg 720w, https:\/\/www.eggtraymaking.com\/wp-content\/uploads\/2019\/05\/waste-cartons-240x180.jpg 240w, https:\/\/www.eggtraymaking.com\/wp-content\/uploads\/2019\/05\/waste-cartons-360x270.jpg 360w\" sizes=\"auto, (max-width: 720px) 100vw, 720px\" \/><figcaption class=\"wp-element-caption\">At\u0131k Kartonlar<\/figcaption><\/figure>    <figure class=\"wp-block-image size-large\"><img loading=\"lazy\" decoding=\"async\" width=\"720\" height=\"540\" data-id=\"3176\" src=\"https:\/\/www.eggtraymaking.com\/wp-content\/uploads\/2019\/05\/waste-papers.jpg\" alt=\"at\u0131k ka\u011f\u0131tlar\" class=\"wp-image-3176\" srcset=\"https:\/\/www.eggtraymaking.com\/wp-content\/uploads\/2019\/05\/waste-papers.jpg 720w, https:\/\/www.eggtraymaking.com\/wp-content\/uploads\/2019\/05\/waste-papers-240x180.jpg 240w, https:\/\/www.eggtraymaking.com\/wp-content\/uploads\/2019\/05\/waste-papers-360x270.jpg 360w\" sizes=\"auto, (max-width: 720px) 100vw, 720px\" \/><figcaption class=\"wp-element-caption\">At\u0131k Ka\u011f\u0131tlar<\/figcaption><\/figure> <\/figure>    <h2 class=\"wp-block-heading\" id=\"h-paper-pulp-mixer-of-egg-tray-production-line\">Yumurta tepsisi \u00fcretim hatt\u0131n\u0131n ka\u011f\u0131t hamuru kar\u0131\u015ft\u0131r\u0131c\u0131s\u0131<\/h2>    <p>Ka\u011f\u0131t hamuru kar\u0131\u015ft\u0131r\u0131c\u0131s\u0131, yani ka\u011f\u0131t hamuru ekipman\u0131, hamur kal\u0131plama i\u00e7in gerekli olan par\u00e7alar ve ilk par\u00e7alard\u0131r. Eski gazeteler, safs\u0131zl\u0131klar, karton kutular ve di\u011fer at\u0131k ka\u011f\u0131tlar, belirli bir yo\u011funlukta hamur haline getirilir ve kal\u0131plama i\u00e7in kullan\u0131l\u0131r.&nbsp;<\/p>    <p>Yumurta tepsisi \u00fcretim makinesinin ka\u011f\u0131t hamuru ekipmanlar\u0131 esas olarak bir hidrolik hamur makinesi, titre\u015fimli ekran, k\u0131vam kontrol\u00fc, ezici, hamur pompas\u0131, su pompas\u0131 ve kontrol kutusundan olu\u015fmaktad\u0131r. M\u00fc\u015fterilere g\u00f6re, farkl\u0131 gereksinimlere g\u00f6re bas\u0131n\u00e7l\u0131 ekranlar, rafin\u00f6rler vb. eklenebilir. <\/p>    <figure class=\"wp-block-gallery has-nested-images columns-default is-cropped wp-block-gallery-3 is-layout-flex wp-block-gallery-is-layout-flex\"> <figure class=\"wp-block-image size-large\"><img loading=\"lazy\" decoding=\"async\" width=\"750\" height=\"500\" data-id=\"1189\" src=\"https:\/\/www.eggtraymaking.com\/wp-content\/uploads\/2019\/05\/Pulping-Equipment-5.jpg\" alt=\"Hamur Ekipmanlar\u0131 (5)\" class=\"wp-image-1189\" srcset=\"https:\/\/www.eggtraymaking.com\/wp-content\/uploads\/2019\/05\/Pulping-Equipment-5.jpg 750w, https:\/\/www.eggtraymaking.com\/wp-content\/uploads\/2019\/05\/Pulping-Equipment-5-360x240.jpg 360w\" sizes=\"auto, (max-width: 750px) 100vw, 750px\" \/><figcaption class=\"wp-element-caption\">Hamur Ekipmanlar\u0131 (5)<\/figcaption><\/figure>    <figure class=\"wp-block-image size-large\"><img loading=\"lazy\" decoding=\"async\" width=\"750\" height=\"500\" data-id=\"1190\" src=\"https:\/\/www.eggtraymaking.com\/wp-content\/uploads\/2019\/05\/Pulping-Equipment.jpg\" alt=\"Hamur Ekipman\u0131\" class=\"wp-image-1190\" srcset=\"https:\/\/www.eggtraymaking.com\/wp-content\/uploads\/2019\/05\/Pulping-Equipment.jpg 750w, https:\/\/www.eggtraymaking.com\/wp-content\/uploads\/2019\/05\/Pulping-Equipment-360x240.jpg 360w\" sizes=\"auto, (max-width: 750px) 100vw, 750px\" \/><figcaption class=\"wp-element-caption\">Hamur Ekipman\u0131<\/figcaption><\/figure> <\/figure>    <h2 class=\"wp-block-heading\" id=\"h-egg-tray-manufacturing-machine\">Yumurta tepsisi \u00fcretim makinesi<\/h2>    <p class=\"translation-block\"><strong><a href=\"https:\/\/www.eggtraymaking.com\/tr\/egg-tray-making-machine\/\">Yumurta viyol\u00fc \u00fcretim makinesi<\/a><\/strong>, t\u00fcm ka\u011f\u0131t hamuru yumurta viyol\u00fc i\u015fleme tesisi i\u00e7in ana makinedir. Bu k\u0131s\u0131m esas olarak bir transfer kal\u0131b\u0131 ve bir \u015fekillendirme kal\u0131b\u0131ndan olu\u015fur. Vakum fonksiyonu arac\u0131l\u0131\u011f\u0131yla, hamur \u015fekillendirme kal\u0131b\u0131na e\u015fit \u015fekilde sabitlenir, ard\u0131ndan transfer kal\u0131b\u0131 yumurta viyol\u00fcn\u00fc kurutma sistemine kurutmak \u00fczere g\u00f6nderir. Veya do\u011fal kurutma y\u00f6ntemini se\u00e7ebilirsiniz. <\/p>   <div class=\"wp-block-image\"> <figure class=\"aligncenter size-large\"><img loading=\"lazy\" decoding=\"async\" width=\"720\" height=\"540\" src=\"https:\/\/www.eggtraymaking.com\/wp-content\/uploads\/2019\/05\/egg-tray-press-machine.jpg\" alt=\"yumurta tepsisi yapma makinesi\" class=\"wp-image-3178\" srcset=\"https:\/\/www.eggtraymaking.com\/wp-content\/uploads\/2019\/05\/egg-tray-press-machine.jpg 720w, https:\/\/www.eggtraymaking.com\/wp-content\/uploads\/2019\/05\/egg-tray-press-machine-240x180.jpg 240w, https:\/\/www.eggtraymaking.com\/wp-content\/uploads\/2019\/05\/egg-tray-press-machine-360x270.jpg 360w\" sizes=\"auto, (max-width: 720px) 100vw, 720px\" \/><figcaption class=\"wp-element-caption\">yumurta tepsisi yapma makinesi<\/figcaption><\/figure> <\/div>   <p>Yumurta tepsisi kal\u0131b\u0131 al\u00fcminyum ve plastikten yap\u0131lm\u0131\u015ft\u0131r ve a\u011f paslanmaz \u00e7elikten yap\u0131lm\u0131\u015ft\u0131r. \u015eekilli bir a\u015f\u0131nd\u0131r\u0131c\u0131 yap\u0131yorsan\u0131z, al\u00fcminyum a\u015f\u0131nd\u0131r\u0131c\u0131 olmal\u0131d\u0131r. G\u00fcney Afrika'da yumurta tepsisi \u00fcretimi yapan m\u00fc\u015fterilerimiz var. Bu makineyi g\u00f6rmek isterseniz, ona yard\u0131m etmesi i\u00e7in rica edebiliriz.<\/p>    <h2 class=\"wp-block-heading\" id=\"h-egg-tray-dryer-machine\">Yumurta tepsisi kurutma makinesi<\/h2>    <p>Yumurta tepsisi kurutma esas olarak d\u00f6rt y\u00f6ntem i\u00e7erir. Birincisi do\u011fal kurutmad\u0131r. Bu y\u00f6ntem, yaln\u0131zca \u00e7ok k\u00fc\u00e7\u00fck kapasiteli ka\u011f\u0131t yumurta tepsileri i\u00e7in uygundur ve \u00e7ok fazla enerji ve g\u00fc\u00e7 tasarrufu sa\u011flar. <\/p>    <p>\u0130kinci yol, arabay\u0131 kullanmakt\u0131r. Yumurta tepsisini arabaya koymak, \u00e7ok fazla yer ve elektrik tasarrufu sa\u011flar. \u00dc\u00e7\u00fcnc\u00fc olarak, tu\u011fla kullanarak kurutma yapmakt\u0131r. Bu, \u00e7ok maliyet etkin bir kurutma y\u00f6ntemidir. Ve biraz daha b\u00fcy\u00fck bir verim i\u00e7in uygundur. <\/p>    <p>Ka\u011f\u0131t yumurta tepsisi yapma makinesindeki son makine, en verimli olan yumurta tepsileri kurutma makinesidir. Farkl\u0131 m\u00fc\u015fteri taleplerine g\u00f6re fabrika \u00e7izimini sa\u011flayabiliriz. Kapasite saatte 1000 adet ise, tu\u011fla ocaklar\u0131n\u0131n uzunlu\u011fu yakla\u015f\u0131k 20m olmal\u0131d\u0131r. Kapasite daha b\u00fcy\u00fckse, tu\u011fla ocaklar\u0131n\u0131n uzunlu\u011fu yakla\u015f\u0131k 40-50m olmal\u0131d\u0131r. <\/p>    <figure class=\"wp-block-gallery has-nested-images columns-default is-cropped wp-block-gallery-4 is-layout-flex wp-block-gallery-is-layout-flex\"> <figure class=\"wp-block-image size-large\"><img loading=\"lazy\" decoding=\"async\" width=\"750\" height=\"562\" data-id=\"1143\" src=\"https:\/\/www.eggtraymaking.com\/wp-content\/uploads\/2019\/05\/layers-drying-line-with-machine.jpg\" alt=\"Yumurta Tepsisi \u00dcretim Hatt\u0131\" class=\"wp-image-1143\" srcset=\"https:\/\/www.eggtraymaking.com\/wp-content\/uploads\/2019\/05\/layers-drying-line-with-machine.jpg 750w, https:\/\/www.eggtraymaking.com\/wp-content\/uploads\/2019\/05\/layers-drying-line-with-machine-240x180.jpg 240w, https:\/\/www.eggtraymaking.com\/wp-content\/uploads\/2019\/05\/layers-drying-line-with-machine-360x270.jpg 360w\" sizes=\"auto, (max-width: 750px) 100vw, 750px\" \/><figcaption class=\"wp-element-caption\">Yumurta Tepsisi Kurutma Makinesi<\/figcaption><\/figure> <\/figure>    <h2 class=\"wp-block-heading\" id=\"h-packaging-process-of-paper-pulp-egg-tray-plant\">Ka\u011f\u0131t hamuru yumurta tepsisi tesisinin ambalajlama s\u00fcreci<\/h2>    <p class=\"translation-block\">Hamurla\u015ft\u0131rma ekipman\u0131, yumurta viyol\u00fc kal\u0131plama ekipman\u0131 ve yumurta viyol\u00fc kurutucudan sonra bitmi\u015f \u00fcr\u00fcn\u00fc elde edebiliriz. Daha sonra bitmi\u015f ka\u011f\u0131t yumurta viyol\u00fc depolama i\u00e7in paketlenebilir. <\/p>    <figure class=\"wp-block-gallery has-nested-images columns-default is-cropped wp-block-gallery-5 is-layout-flex wp-block-gallery-is-layout-flex\"> <figure class=\"wp-block-image size-large\"><img loading=\"lazy\" decoding=\"async\" width=\"750\" height=\"572\" data-id=\"1115\" src=\"https:\/\/www.eggtraymaking.com\/wp-content\/uploads\/2019\/05\/Packing-equipment.jpg\" alt=\"Yumurta Tepsisi \u00dcretim Hatt\u0131\" class=\"wp-image-1115\" srcset=\"https:\/\/www.eggtraymaking.com\/wp-content\/uploads\/2019\/05\/Packing-equipment.jpg 750w, https:\/\/www.eggtraymaking.com\/wp-content\/uploads\/2019\/05\/Packing-equipment-354x270.jpg 354w\" sizes=\"auto, (max-width: 750px) 100vw, 750px\" \/><\/figure> <\/figure>    <h2 class=\"wp-block-heading\" id=\"h-advantages-of-the-egg-tray-production-line\"><strong>Yumurta tepsisi \u00fcretim hatt\u0131n\u0131n avantajlar\u0131<\/strong><strong><\/strong><\/h2>    <p class=\"translation-block\"><b>1. Hammadde kolay toplan\u0131r \u2013 at\u0131k ka\u011f\u0131t<\/b><\/p>    <p>At\u0131k gazeteler, karton, safs\u0131zl\u0131klar, ambalaj ka\u011f\u0131d\u0131, kitap ka\u011f\u0131d\u0131 ve di\u011fer at\u0131k ka\u011f\u0131tlar g\u00fcnl\u00fck ya\u015fam\u0131m\u0131zda \u00e7ok yayg\u0131nd\u0131r. Genel olarak, at\u0131k ka\u011f\u0131t, \u00fcretim ve ya\u015famda kullan\u0131ld\u0131ktan sonra at\u0131lm\u0131\u015f yenilenebilir kaynaklar\u0131 ifade eder. Bu nedenle toplamas\u0131 kolayd\u0131r. Ayr\u0131ca, at\u0131k ka\u011f\u0131t toplaman\u0131n maliyeti g\u00f6rece d\u00fc\u015f\u00fckt\u00fcr. At\u0131k ka\u011f\u0131t geri d\u00f6n\u00fc\u015f\u00fcm\u00fc sadece maliyetleri d\u00fc\u015f\u00fcrmekle kalmaz, ayn\u0131 zamanda \u00e7evreyi korur.<\/p>    <p class=\"translation-block\"><b>2. Tam otomatik \u00fcretim maliyeti d\u00fc\u015f\u00fcrebilir<\/b><\/p>    <p>Yumurta tepsisi \u00fcretim hatt\u0131 tamamen otomatik bir \u00fcretim hatt\u0131d\u0131r. Bir \u00fcretim i\u00e7in yaln\u0131zca 3-5 ki\u015finin \u00e7al\u0131\u015fmas\u0131 yeterlidir, bu da i\u015f\u00e7ilik maliyetlerini b\u00fcy\u00fck \u00f6l\u00e7\u00fcde azalt\u0131r. Yumurta tepsisi \u00fcretim hatt\u0131n\u0131n t\u00fcm par\u00e7alar\u0131 birbirine s\u0131k\u0131 bir \u015fekilde ba\u011fl\u0131d\u0131r. <\/p>    <p class=\"translation-block\"><b>3. Geni\u015f sat\u0131\u015f olanaklar\u0131<\/b><\/p>   <div class=\"wp-block-image\"> <figure class=\"aligncenter size-large\"><img loading=\"lazy\" decoding=\"async\" width=\"720\" height=\"540\" src=\"https:\/\/www.eggtraymaking.com\/wp-content\/uploads\/2019\/05\/various-paper-pulp-trays-made-by-the-egg-tray-production-line.jpg\" alt=\"yumurta viyili \u00fcretim hatt\u0131 taraf\u0131ndan yap\u0131lan \u00e7e\u015fitli ka\u011f\u0131t hamuru viyilleri\" class=\"wp-image-3181\" srcset=\"https:\/\/www.eggtraymaking.com\/wp-content\/uploads\/2019\/05\/various-paper-pulp-trays-made-by-the-egg-tray-production-line.jpg 720w, https:\/\/www.eggtraymaking.com\/wp-content\/uploads\/2019\/05\/various-paper-pulp-trays-made-by-the-egg-tray-production-line-240x180.jpg 240w, https:\/\/www.eggtraymaking.com\/wp-content\/uploads\/2019\/05\/various-paper-pulp-trays-made-by-the-egg-tray-production-line-360x270.jpg 360w\" sizes=\"auto, (max-width: 720px) 100vw, 720px\" \/><figcaption class=\"wp-element-caption\">Yumurta tepsisi \u00fcretim hatt\u0131 taraf\u0131ndan \u00fcretilen \u00e7e\u015fitli ka\u011f\u0131t hamuru tepsileri<\/figcaption><\/figure> <\/div>   <p>Ka\u011f\u0131t yumurta tepsisi \u00e7e\u015fitli alanlarda yayg\u0131n olarak kullan\u0131lmaktad\u0131r. Yumurtal\u0131klar, son zamanlarda hassas \u00fcr\u00fcnler, meyve tepsileri gibi. \u00c7\u00fcnk\u00fc \u00e7evreye herhangi bir kirlilik yaratmaz. Ka\u011f\u0131t hamurundan \u00fcretilen yumurta tepsisi, \u00e7e\u015fitli \u00fcr\u00fcnler i\u00e7in de uygundur. Bu nedenle bu \u00fcr\u00fcne olan talep olduk\u00e7a fazlad\u0131r.<\/p>    <p class=\"translation-block\"><b>4. B\u00fcy\u00fck \u00fcretim kapasitesi<\/b><\/p>    <p>Ka\u011f\u0131t hamuru yumurta tepsisi fabrikas\u0131 s\u00fcrekli \u00e7al\u0131\u015fabilir. Daha fazla tepsi, daha fazla kapasite. Ka\u011f\u0131t hamuru yumurta tepsisi i\u015fleme tesisinin maksimum \u00e7\u0131kt\u0131s\u0131 saatte 8000'dir. \u00c7\u0131kt\u0131 ne kadar y\u00fcksekse, geri d\u00f6n\u00fc\u015f\u00fcm maliyeti o kadar h\u0131zl\u0131d\u0131r. <\/p>    <figure class=\"wp-block-embed is-type-video is-provider-youtube wp-block-embed-youtube wp-embed-aspect-16-9 wp-has-aspect-ratio\"><div class=\"wp-block-embed__wrapper\"> <iframe loading=\"lazy\" title=\"2021 m\u00fc\u015fteri geri bildirimi! Yumurta Tepsileri \u00dcretim Fabrikas\u0131 | Yumurta Kafesleri Karton Yapma Makinesi\" width=\"500\" height=\"281\" src=\"https:\/\/www.youtube.com\/embed\/52_scts8Y7A?feature=oembed\" frameborder=\"0\" allow=\"accelerometer; autoplay; clipboard-write; encrypted-media; gyroscope; picture-in-picture; web-share\" referrerpolicy=\"strict-origin-when-cross-origin\" allowfullscreen><\/iframe> <\/div><\/figure>    <p>Zhengzhou Shuliy Makina, yumurta tepsisi \u00fcretiminde zengin bir deneyime sahiptir. Yumurta tepsisi makinesi fiyat\u0131 olduk\u00e7a makuld\u00fcr. Yumurta tepsisi \u00fcretim hatt\u0131n\u0131n bir\u00e7ok avantaj\u0131 vard\u0131r, bu nedenle yat\u0131r\u0131m yapmak i\u00e7in iyi bir se\u00e7imdir. <\/p>    <h2 class=\"wp-block-heading\" id=\"h-finished-egg-trays-display\">Tamamlanm\u0131\u015f yumurta tepsileri sergisi<\/h2>    <p class=\"translation-block\">Ticari <strong><a href=\"https:\/\/www.eggtraymaking.com\/tr\/egg-tray-making-machine\/\">yumurta viyol\u00fc \u00fcretim makinesi<\/a><\/strong>, \u00e7e\u015fitli \u00f6zelliklerde yumurta viyol\u00fc \u00fcr\u00fcnlerini i\u015flemek i\u00e7in kullan\u0131labilir ve yumurta viyol\u00fcne yerle\u015ftirilen yumurta say\u0131s\u0131 \u00f6zelle\u015ftirilebilir. Yayg\u0131n olanlar 4 yumurta viyol\u00fc, 6 yumurta viyol\u00fc, 8 yumurta viyol\u00fc, 12 yumurta viyol\u00fc ve 20 yumurta viyol\u00fcd\u00fcr. Yumurta viyolleri, 30 yumurta viyol\u00fc vb.<\/p>   <div class=\"wp-block-image\"> <figure class=\"aligncenter size-large\"><img loading=\"lazy\" decoding=\"async\" width=\"720\" height=\"540\" src=\"https:\/\/www.eggtraymaking.com\/wp-content\/uploads\/2019\/05\/egg-trays-with-different-specifications.jpg\" alt=\"farkl\u0131 spesifikasyonlara sahip yumurta tepsileri\" class=\"wp-image-3180\" srcset=\"https:\/\/www.eggtraymaking.com\/wp-content\/uploads\/2019\/05\/egg-trays-with-different-specifications.jpg 720w, https:\/\/www.eggtraymaking.com\/wp-content\/uploads\/2019\/05\/egg-trays-with-different-specifications-240x180.jpg 240w, https:\/\/www.eggtraymaking.com\/wp-content\/uploads\/2019\/05\/egg-trays-with-different-specifications-360x270.jpg 360w\" sizes=\"auto, (max-width: 720px) 100vw, 720px\" \/><figcaption class=\"wp-element-caption\">farkl\u0131 spesifikasyonlara sahip yumurta tepsileri<\/figcaption><\/figure> <\/div>   <h2 class=\"wp-block-heading\">Ka\u011f\u0131t yumurta tepsisi yap\u0131m makinesinin fiyat\u0131n\u0131 etkileyen baz\u0131 fakt\u00f6rler<\/h2>    <p class=\"translation-block\"> Ekonomi daha geli\u015fmi\u015f ve m\u00fckemmelle\u015ftik\u00e7e ka\u011f\u0131t yumurta tepsisi \u00fcretim makinelerinin pazar\u0131 da h\u0131zla geli\u015fiyor. Mal \u00e7e\u015fitlili\u011fi, yumurta tepsisi \u00fcretim ekipmanlar\u0131n\u0131n fiyat\u0131na \u00e7ok say\u0131da i\u015f f\u0131rsat\u0131 getirdi ve insanlar\u0131n ya\u015famlar\u0131n\u0131 \u00f6zel renklerle doldurdu. Yumurta tepsisinin kalitesi de ilgi oda\u011f\u0131d\u0131r, <a href=\"https:\/\/www.eggtraymaking.com\/tr\/some-factors-affecting-the-price-of-egg-tray-production-equipment\/\">baz\u0131 fakt\u00f6rler<\/a> dikkat edilmelidir. <\/p>    <h2 class=\"wp-block-heading\">Yumurta tepsisi makinesinin temizli\u011fi ve bak\u0131m\u0131<\/h2>    <p class=\"translation-block\"><strong><a href=\"https:\/\/www.eggtraymaking.com\/tr\/egg-tray-making-machine\/\">Yumurta viyol\u00fc ekipman\u0131<\/a><\/strong> malzemesi paslanmaz \u00e7eliktir. Normal \u015fartlar alt\u0131nda yumurta viyol\u00fc makinesi paslanmaz. Ancak, kullan\u0131m veya <a href=\"https:\/\/www.eggtraymaking.com\/tr\/maintenance-of-egg-tray-machine\/\">bak\u0131m<\/a> yetersizse veya yumurta viyol\u00fc makinesinin ortam\u0131 \u00e7ok k\u00f6t\u00fcyse, yumurta viyol\u00fc makinesi paslanabilir. Operat\u00f6r, yumurta viyol\u00fc makinesinin bak\u0131m bilincini art\u0131rmal\u0131 ve bak\u0131m konusunda iyi bir i\u015f \u00e7\u0131karmal\u0131d\u0131r. Yumurta viyol\u00fc makinesinin yanl\u0131\u015f kullan\u0131m\u0131 paslanmaya ve yap\u0131\u015fkanl\u0131\u011f\u0131n soyulmas\u0131na neden olacakt\u0131r. Bu iki durumun olu\u015fmas\u0131n\u0131 \u00f6nlemek i\u00e7in do\u011fru kullan\u0131ma dikkat edilmelidir.<\/p>","protected":false},"excerpt":{"rendered":"<p>Yumurta tepsisi \u00fcretim hatt\u0131, otomatik ka\u011f\u0131t hamuru yumurta tepsisi tesisi olarak da adland\u0131r\u0131l\u0131r ve esasen d\u00f6rt b\u00f6l\u00fcmden olu\u015fur: ka\u011f\u0131t hamuru kar\u0131\u015ft\u0131r\u0131c\u0131, yumurta tepsisi \u015fekillendirme makinesi, yumurta tepsileri kurutma makinesi ve yumurta tepsileri paketleme makinesi. Bu end\u00fcstriyel yumurta tepsisi \u00fcretim hatt\u0131, bir\u00e7ok at\u0131k ka\u011f\u0131t, gazete, at\u0131k karton ve ka\u011f\u0131t kutuyu yumurta tepsilerine, meyve tepsilerine, kahve fincan\u0131 tepsilerine, tek kullan\u0131ml\u0131k ka\u011f\u0131t \u00f6\u011fle yemekleri kutular\u0131na vb. d\u00f6n\u00fc\u015ft\u00fcrebilir.<\/p>","protected":false},"author":1,"featured_media":9663,"parent":0,"template":"","tags":[433,13,431,432],"product-type":[450],"class_list":["post-1037","product","type-product","status-publish","has-post-thumbnail","hentry","tag-egg-carton-machine","tag-egg-tray-making-machine","tag-egg-tray-production-line-2","tag-paper-pulp-egg-tray-machine","product-type-production-line"],"_links":{"self":[{"href":"https:\/\/www.eggtraymaking.com\/tr\/wp-json\/wp\/v2\/product\/1037","targetHints":{"allow":["GET"]}}],"collection":[{"href":"https:\/\/www.eggtraymaking.com\/tr\/wp-json\/wp\/v2\/product"}],"about":[{"href":"https:\/\/www.eggtraymaking.com\/tr\/wp-json\/wp\/v2\/types\/product"}],"author":[{"embeddable":true,"href":"https:\/\/www.eggtraymaking.com\/tr\/wp-json\/wp\/v2\/users\/1"}],"wp:featuredmedia":[{"embeddable":true,"href":"https:\/\/www.eggtraymaking.com\/tr\/wp-json\/wp\/v2\/media\/9663"}],"wp:attachment":[{"href":"https:\/\/www.eggtraymaking.com\/tr\/wp-json\/wp\/v2\/media?parent=1037"}],"wp:term":[{"taxonomy":"post_tag","embeddable":true,"href":"https:\/\/www.eggtraymaking.com\/tr\/wp-json\/wp\/v2\/tags?post=1037"},{"taxonomy":"product-type","embeddable":true,"href":"https:\/\/www.eggtraymaking.com\/tr\/wp-json\/wp\/v2\/product-type?post=1037"}],"curies":[{"name":"wp","href":"https:\/\/api.w.org\/{rel}","templated":true}]}}