{"id":1010,"date":"2019-05-28T02:19:28","date_gmt":"2019-05-28T02:19:28","guid":{"rendered":"https:\/\/www.eggtraymaking.com\/?p=1010"},"modified":"2026-01-04T17:31:32","modified_gmt":"2026-01-04T09:31:32","slug":"4-side-egg-tray-machine","status":"publish","type":"product","link":"https:\/\/www.eggtraymaking.com\/tr\/4-side-egg-tray-machine\/","title":{"rendered":"4 Tarafl\u0131 Yumurta Tepsisi Makinesi"},"content":{"rendered":"<p>Yumurta tepsileri, yumurta ve \u00f6rdek yumurtas\u0131 gibi yumurtalar\u0131n ambalajlanmas\u0131nda kullan\u0131lmaktad\u0131r. Ana i\u015flevi, titre\u015fimi emmek ve ta\u015f\u0131nma s\u0131ras\u0131nda hassas malzemelerin zarar g\u00f6rmesini azaltmakt\u0131r. Yumurta tepsisi \u00fcretmek i\u00e7in ana makinedir. <\/p>    <h2 class=\"wp-block-heading\">T\u00fcm \u00fcretim s\u00fcreci<\/h2>    <p class=\"translation-block\">Waste paper &#8211; <a href=\"https:\/\/www.eggtraymaking.com\/tr\/pulping-equipment\/\">pulping<\/a> &#8211; <a href=\"https:\/\/en.wikipedia.org\/wiki\/Pulp_(paper)\" target=\"_blank\" rel=\"noopener\">pulp<\/a> mixing &#8211; sifting &#8211; pulp supply &#8211; shaping &#8211; drying &#8211; integer &#8211; check out &#8211; package<\/p>    <figure class=\"wp-block-image\"><img loading=\"lazy\" decoding=\"async\" width=\"800\" height=\"697\" src=\"https:\/\/www.eggtraymaking.com\/wp-content\/uploads\/2019\/05\/Egg-Tray-Machine-5-1.jpg\" alt=\"\" class=\"wp-image-1061\" srcset=\"https:\/\/www.eggtraymaking.com\/wp-content\/uploads\/2019\/05\/Egg-Tray-Machine-5-1.jpg 800w, https:\/\/www.eggtraymaking.com\/wp-content\/uploads\/2019\/05\/Egg-Tray-Machine-5-1-310x270.jpg 310w, https:\/\/www.eggtraymaking.com\/wp-content\/uploads\/2019\/05\/Egg-Tray-Machine-5-1-768x669.jpg 768w\" sizes=\"auto, (max-width: 800px) 100vw, 800px\" \/><\/figure>    <h2 class=\"wp-block-heading\">4 tarafl\u0131 yumurta tepsisi makinesi parametreleri<\/h2>    <figure class=\"wp-block-table\"><table><tbody><tr><td>Model<\/td><td>Kapasite<\/td><td>Elektrik t\u00fcketimi<\/td><td>Su t\u00fcketimi<\/td><td>Ka\u011f\u0131t t\u00fcketimi<\/td><td>\u00c7al\u0131\u015fan<\/td><\/tr><tr><td>SL-3*4<\/td><td>2000-2500adet\/saat<\/td><td>58kw\/saat<\/td><td>450kg\/s<\/td><td>200kg\/s<\/td><td>4-5<\/td><\/tr><tr><td>SL-4*4<\/td><td>3000-3500adet\/saat<\/td><td><br>78kw\/s<\/td><td>560kg\/s<\/td><td>280kg\/s<\/td><td>4-5<\/td><\/tr><\/tbody><\/table><\/figure>    <figure class=\"wp-block-gallery has-nested-images columns-default is-cropped wp-block-gallery-2 is-layout-flex wp-block-gallery-is-layout-flex\"> <figure class=\"wp-block-image\"><img loading=\"lazy\" decoding=\"async\" width=\"800\" height=\"800\" data-id=\"1062\" src=\"https:\/\/www.eggtraymaking.com\/wp-content\/uploads\/2019\/05\/SL-34Egg-Tray-Machine-1.jpg\" alt=\"SL-3*4 Yumurta Tepsisi Makinesi\" class=\"wp-image-1062\" srcset=\"https:\/\/www.eggtraymaking.com\/wp-content\/uploads\/2019\/05\/SL-34Egg-Tray-Machine-1.jpg 800w, https:\/\/www.eggtraymaking.com\/wp-content\/uploads\/2019\/05\/SL-34Egg-Tray-Machine-1-270x270.jpg 270w, https:\/\/www.eggtraymaking.com\/wp-content\/uploads\/2019\/05\/SL-34Egg-Tray-Machine-1-768x768.jpg 768w\" sizes=\"auto, (max-width: 800px) 100vw, 800px\" \/><figcaption class=\"wp-element-caption\">Sl-3*4 Yumurta Tepsisi Makinesi<\/figcaption><\/figure>    <figure class=\"wp-block-image\"><img loading=\"lazy\" decoding=\"async\" width=\"800\" height=\"800\" data-id=\"1063\" src=\"https:\/\/www.eggtraymaking.com\/wp-content\/uploads\/2019\/05\/SL-44-Egg-Tray-Machine-6.jpg\" alt=\"SL-4*4 Yumurta Tepsisi Makinesi\" class=\"wp-image-1063\" srcset=\"https:\/\/www.eggtraymaking.com\/wp-content\/uploads\/2019\/05\/SL-44-Egg-Tray-Machine-6.jpg 800w, https:\/\/www.eggtraymaking.com\/wp-content\/uploads\/2019\/05\/SL-44-Egg-Tray-Machine-6-270x270.jpg 270w, https:\/\/www.eggtraymaking.com\/wp-content\/uploads\/2019\/05\/SL-44-Egg-Tray-Machine-6-768x768.jpg 768w\" sizes=\"auto, (max-width: 800px) 100vw, 800px\" \/><figcaption class=\"wp-element-caption\">Sl-4*4 Yumurta Tepsisi Makinesi<\/figcaption><\/figure> <\/figure>    <h2 class=\"wp-block-heading\">SL-3*4 modelinin tan\u0131t\u0131m\u0131 <\/h2>    <p>Model SL-3*4, saatte yakla\u015f\u0131k 2000-2500 par\u00e7a \u00fcretebilir. Bu makine d\u00f6rt plakaya sahiptir. Plaka s\u00fcrekli d\u00f6ner. Bu nedenle beklemek i\u00e7in \u00e7ok zaman tasarrufu sa\u011flar. Bu, \u00e7oklu \u015fekillendirme tahtalar\u0131 ve bir transfer tahtas\u0131 ile d\u00f6nen bir makinedir. Bu tasar\u0131m, e\u011filimli makineye k\u0131yasla verimlili\u011fi art\u0131racak ve kapasite ile kar\u0131 b\u00fcy\u00fck \u00f6l\u00e7\u00fcde art\u0131racakt\u0131r. <\/p>    <p>SL-4*4 modeli saatte yakla\u015f\u0131k 3000-3500 adet yumurta tepsisi \u00fcretebilir. Bu modelin d\u00f6rt plakas\u0131 vard\u0131r. T\u00fcm \u00fcretimi y\u00f6netmek i\u00e7in yakla\u015f\u0131k 4-5 ki\u015fiye ihtiya\u00e7 vard\u0131r. Kullan\u0131c\u0131 farkl\u0131 renklerde yumurta tepsileri yapmak isterse, sadece hamur havuzuna renk eklemesi yeterlidir. Hamurun rengi kar\u0131\u015ft\u0131rd\u0131ktan sonra de\u011fi\u015fecektir. Rengin tonu, renk ile hamur aras\u0131ndaki orana ba\u011fl\u0131d\u0131r.<\/p>    <ol class=\"wp-block-list\"> <li>\u0130\u015f\u00e7ilik maliyet tasarrufu: D\u00f6rt tarafl\u0131 <strong><a href=\"https:\/\/www.eggtraymaking.com\/tr\/egg-tray-making-machine\/\">yumurta tepsisi makinesi<\/a><\/strong> tam bir \u00fcretim hatt\u0131d\u0131r, bu hatt\u0131 i\u015fletmek i\u00e7in sadece 5-6 ki\u015fiye ihtiya\u00e7 vard\u0131r. Bu, i\u015f g\u00fcc\u00fc maliyetlerini b\u00fcy\u00fck \u00f6l\u00e7\u00fcde tasarruf ettirir ve \u00e7al\u0131\u015fma verimlili\u011fini art\u0131r\u0131r. Baz\u0131 \u00fclkelerde i\u015f g\u00fcc\u00fc maliyetleri \u00f6zellikle y\u00fcksektir. Bu nedenle, otomatik \u00fcretim maliyetleri b\u00fcy\u00fck \u00f6l\u00e7\u00fcde azaltacakt\u0131r. <\/li>    <li>Ucuz ham madde: \u00c7e\u015fitli yumurta tepsisi yapmak i\u00e7in kullan\u0131lan ham madde esasen her t\u00fcrl\u00fc at\u0131k ka\u011f\u0131tt\u0131r. \u00d6rne\u011fin at\u0131k kitap, at\u0131k gazete, at\u0131k ka\u011f\u0131t vb. At\u0131k olduk\u00e7a ucuzdur, bu da maliyeti b\u00fcy\u00fck \u00f6l\u00e7\u00fcde d\u00fc\u015f\u00fcr\u00fcr. D\u00f6rt kenarl\u0131 model, bu malzemeleri yumurta tepsisini olu\u015fturmak i\u00e7in kullanabilir. <\/li>    <li>Geni\u015f sat\u0131\u015f pazar\u0131: Yumurta tepsisi \u00e7e\u015fitli alanlarda kullan\u0131labilir. Bu makine, yumurta tepsisi, taze meyve tepsisi, elektrikli i\u00e7 tepsi, k\u0131r\u0131lgan \u00fcr\u00fcn tepsisi, tar\u0131m tepsisi, g\u0131da ve t\u0131bbi ambalaj, t\u0131bbi \u00fcr\u00fcn, \u00f6zel sanayi tepsi ambalaj\u0131 gibi \u00e7e\u015fitli \u015fekillerde \u00fcr\u00fcnler \u00fcretebilir. Bu nedenle, yumurta tepsisi b\u00fcy\u00fck bir sat\u0131\u015f pazar\u0131na sahiptir. <\/li>    <li>\u00d6n sat\u0131\u015f ve sonras\u0131 sat\u0131\u015f i\u00e7in olgun hizmet<\/li> <\/ol>    <p>Zhengzhou Shuliy Makina, on y\u0131ldan fazla bir s\u00fcredir tam \u00fcretim hatt\u0131 \u00fcretmektedir ve olgun teknolojiye ve deneyimli i\u015f\u00e7ilere sahibiz. Bu nedenle, makineleri m\u00fc\u015fteri ihtiya\u00e7lar\u0131na g\u00f6re \u00f6zelle\u015ftirebiliriz. Voltaj de\u011fi\u015fimi, kal\u0131p \u00f6zelle\u015ftirme, \u00e7izim tasar\u0131m\u0131 vb. gibi. Makineleri kurmak i\u00e7in i\u015f\u00e7ileri \u015fehrinize g\u00f6nderebiliriz. \u0130\u015f\u00e7imiz, m\u00fc\u015fterinin ger\u00e7ek durumuna g\u00f6re fabrika \u00e7izimini tasarlaman\u0131za yard\u0131mc\u0131 olabilir.<\/p>    <figure class=\"wp-block-image\"><img loading=\"lazy\" decoding=\"async\" width=\"800\" height=\"800\" src=\"https:\/\/www.eggtraymaking.com\/wp-content\/uploads\/2019\/05\/Egg-Tray-Machine-2-1.jpg\" alt=\"\" class=\"wp-image-1058\" srcset=\"https:\/\/www.eggtraymaking.com\/wp-content\/uploads\/2019\/05\/Egg-Tray-Machine-2-1.jpg 800w, https:\/\/www.eggtraymaking.com\/wp-content\/uploads\/2019\/05\/Egg-Tray-Machine-2-1-270x270.jpg 270w, https:\/\/www.eggtraymaking.com\/wp-content\/uploads\/2019\/05\/Egg-Tray-Machine-2-1-768x768.jpg 768w\" sizes=\"auto, (max-width: 800px) 100vw, 800px\" \/><\/figure>    <h2 class=\"wp-block-heading\"><strong>4 tarafl\u0131 yumurta tepsisi makinesinin kurutma y\u00f6ntemi<\/strong><strong><\/strong><\/h2>    <p>D\u00f6rt tarafl\u0131 yumurta tepsisi makinesi i\u00e7in bir\u00e7ok kurutma y\u00f6ntemi vard\u0131r. \u00d6rne\u011fin, yumurta tepsisini yerle\u015ftirmek i\u00e7in yeterli alan\u0131n\u0131z varsa do\u011fal kurutmay\u0131 se\u00e7ebilirsiniz, bu en maliyet etkin olan\u0131d\u0131r. Ayr\u0131ca, k\u00fc\u00e7\u00fck bir tekerlekli tu\u011fla kurutma hatt\u0131 veya bir konvey\u00f6r band\u0131 se\u00e7ebilirsiniz. G\u00f6receli olarak, \u00e7o\u011fu insan maliyet tasarrufu nedeniyle tu\u011fla kurutma hatt\u0131n\u0131 se\u00e7ecektir. Ya da yumurta tepsisini kurutmak i\u00e7in metal kurutma kutusu sa\u011flayabiliriz. Bu en verimli kurutma y\u00f6ntemidir. Her hal\u00fckarda, Zhengzhou Shuliy Makineleri sizin i\u00e7in en iyi ve profesyonel hizmetimizi sunacakt\u0131r. Bizimle ileti\u015fime ge\u00e7mekten \u00e7ekinmeyin!<\/p>","protected":false},"excerpt":{"rendered":"<p>Egg trays are mainly used for packaging eggs such as eggs and duck eggs. Its main function is to absorb vibration and reduce the damage of fragile materials during transportation.&nbsp;It is the main machine to produce egg tray. Whole production process Waste paper &#8211; pulping &#8211; pulp mixing &#8211; sifting &#8211; pulp supply &#8211; shaping [&hellip;]<\/p>\n","protected":false},"author":1,"featured_media":9537,"parent":0,"template":"","tags":[17],"product-type":[449],"class_list":["post-1010","product","type-product","status-publish","has-post-thumbnail","hentry","tag-egg-tray-machine","product-type-egg-tray-machine-by-capacity"],"_links":{"self":[{"href":"https:\/\/www.eggtraymaking.com\/tr\/wp-json\/wp\/v2\/product\/1010","targetHints":{"allow":["GET"]}}],"collection":[{"href":"https:\/\/www.eggtraymaking.com\/tr\/wp-json\/wp\/v2\/product"}],"about":[{"href":"https:\/\/www.eggtraymaking.com\/tr\/wp-json\/wp\/v2\/types\/product"}],"author":[{"embeddable":true,"href":"https:\/\/www.eggtraymaking.com\/tr\/wp-json\/wp\/v2\/users\/1"}],"wp:featuredmedia":[{"embeddable":true,"href":"https:\/\/www.eggtraymaking.com\/tr\/wp-json\/wp\/v2\/media\/9537"}],"wp:attachment":[{"href":"https:\/\/www.eggtraymaking.com\/tr\/wp-json\/wp\/v2\/media?parent=1010"}],"wp:term":[{"taxonomy":"post_tag","embeddable":true,"href":"https:\/\/www.eggtraymaking.com\/tr\/wp-json\/wp\/v2\/tags?post=1010"},{"taxonomy":"product-type","embeddable":true,"href":"https:\/\/www.eggtraymaking.com\/tr\/wp-json\/wp\/v2\/product-type?post=1010"}],"curies":[{"name":"wp","href":"https:\/\/api.w.org\/{rel}","templated":true}]}}