{"id":729,"date":"2019-05-20T03:24:32","date_gmt":"2019-05-20T03:24:32","guid":{"rendered":"https:\/\/www.dry-ice-machine.com\/?p=729"},"modified":"2022-07-28T16:01:40","modified_gmt":"2022-07-28T08:01:40","slug":"egg-tray-machine-services","status":"publish","type":"page","link":"https:\/\/www.eggtraymaking.com\/tr\/egg-tray-machine-services\/","title":{"rendered":"hizmetler"},"content":{"rendered":"<h2 class=\"wp-block-heading\"><strong>Sat\u0131\u015f \u00d6ncesi<\/strong><strong><\/strong><\/h2>    <ul class=\"wp-block-list\"><li>Profesyonel hizmet sunuyoruz <strong><a href=\"https:\/\/www.eggtraymaking.com\/tr\/egg-tray-making-machine\/\">yumurta viyol\u00fc makinesi<\/a><\/strong> bilgisi, nitelikli \u00fcr\u00fcn kalitesi ve geli\u015fmi\u015f teknik destek.<\/li><li>M\u00fc\u015fteriye \u00fcr\u00fcn\u00fcn test sonu\u00e7lar\u0131n\u0131 g\u00f6sterin. M\u00fc\u015fterilerin farkl\u0131 kal\u0131p ve m\u00fc\u015fteri gereksinimlerine g\u00f6re makineyi test etmelerine yard\u0131mc\u0131 olun.<\/li><li>M\u00fc\u015fteri ihtiyac\u0131na g\u00f6re \u00e7izimler ve 3D \u00e7izimler olu\u015fturun, m\u00fc\u015fterilerin fabrika d\u00fczenini tasarlamalar\u0131na yard\u0131mc\u0131 olun.<\/li><li>M\u00fc\u015fterilerin deniz navlunu, hava navlununu vb. kontrol etmelerine yard\u0131mc\u0131 olun, m\u00fc\u015fterinin sorunlar\u0131n\u0131 azalt\u0131n<\/li><li>M\u00fc\u015fterilerin makineyle ilgili sorular\u0131n\u0131 yan\u0131tlamalar\u0131na yard\u0131mc\u0131 olun<\/li><\/ul>    <ul class=\"wp-block-gallery columns-2 is-cropped wp-block-gallery-2 is-layout-flex wp-block-gallery-is-layout-flex\"><li class=\"blocks-gallery-item\"><figure><img loading=\"lazy\" decoding=\"async\" width=\"750\" height=\"563\" src=\"https:\/\/www.eggtraymaking.com\/wp-content\/uploads\/2019\/05\/Egg-tray-machine-service-2.jpg\" alt=\"\" data-id=\"1302\" data-link=\"https:\/\/www.eggtraymaking.com\/egg-tray-machine-services\/egg-tray-machine-service-2\/#main\" class=\"wp-image-1302\" srcset=\"https:\/\/www.eggtraymaking.com\/wp-content\/uploads\/2019\/05\/Egg-tray-machine-service-2.jpg 750w, https:\/\/www.eggtraymaking.com\/wp-content\/uploads\/2019\/05\/Egg-tray-machine-service-2-240x180.jpg 240w, https:\/\/www.eggtraymaking.com\/wp-content\/uploads\/2019\/05\/Egg-tray-machine-service-2-360x270.jpg 360w\" sizes=\"auto, (max-width: 750px) 100vw, 750px\" \/><\/figure><\/li><li class=\"blocks-gallery-item\"><figure><img loading=\"lazy\" decoding=\"async\" width=\"750\" height=\"563\" src=\"https:\/\/www.eggtraymaking.com\/wp-content\/uploads\/2019\/05\/Egg-tray-machine-service-4.jpg\" alt=\"\" data-id=\"1303\" data-link=\"https:\/\/www.eggtraymaking.com\/egg-tray-machine-services\/egg-tray-machine-service-4\/#main\" class=\"wp-image-1303\" srcset=\"https:\/\/www.eggtraymaking.com\/wp-content\/uploads\/2019\/05\/Egg-tray-machine-service-4.jpg 750w, https:\/\/www.eggtraymaking.com\/wp-content\/uploads\/2019\/05\/Egg-tray-machine-service-4-240x180.jpg 240w, https:\/\/www.eggtraymaking.com\/wp-content\/uploads\/2019\/05\/Egg-tray-machine-service-4-360x270.jpg 360w\" sizes=\"auto, (max-width: 750px) 100vw, 750px\" \/><\/figure><\/li><\/ul>    <h2 class=\"wp-block-heading\"><strong>Sat\u0131\u015f Sonras\u0131<\/strong><strong><\/strong><\/h2>    <ul class=\"wp-block-list\"><li>Makine nakliyesini ayarlayaca\u011f\u0131z ve m\u00fc\u015fteriye lojistik mesaj\u0131n\u0131 zaman\u0131nda bildirece\u011fiz.<\/li><li>Bir y\u0131l i\u00e7inde garanti, makinenin tamir edilebilecek herhangi bir par\u00e7as\u0131 varsa<\/li><li>M\u00fc\u015fterilere video arac\u0131l\u0131\u011f\u0131yla kurulum yapmay\u0131 \u00f6\u011fretebiliriz.&nbsp;<\/li><li>Teknik Dan\u0131\u015fmanl\u0131k: Makine \u00e7al\u0131\u015fmas\u0131 s\u0131ras\u0131nda herhangi bir sorunla kar\u015f\u0131la\u015f\u0131rsan\u0131z, l\u00fctfen bizimle ileti\u015fime ge\u00e7mekten \u00e7ekinmeyin, normal bir \u00e7al\u0131\u015fma g\u00fcn\u00fcnde \u00e7evrimi\u00e7i talimatlar sa\u011fl\u0131yoruz veya profesyonel personelimiz size pratik durumunuza g\u00f6re \u00f6zel teknik destek sa\u011flayacakt\u0131r.<\/li><li>Bak\u0131m: \u00dcr\u00fcn bro\u015f\u00fcr\u00fc g\u00f6ndererek size ayr\u0131nt\u0131l\u0131 bak\u0131m rehberli\u011fi sunabiliriz. Sahip oldu\u011funuzdan emin olun'un kullan\u0131m k\u0131lavuzunu okuyun ve \u00e7al\u0131\u015fma s\u0131ras\u0131nda ad\u0131mlar\u0131 izleyin. Makinenin d\u00fczenli bak\u0131m\u0131, onar\u0131m yat\u0131r\u0131m\u0131ndan tasarruf etmek i\u00e7in makinenin hizmet \u00f6mr\u00fcn\u00fc uzatabilir.<\/li><li>Bile\u015fenler: Ek bile\u015fenler \u00fccretsiz de\u011fildir, ancak t\u00fcm bile\u015fenlerin bir s\u00f6zle\u015fmede belirtilen gereksinimleri ve ihra\u00e7 \u00fcr\u00fcnleriyle ilgili ilgili ulusal standartlar\u0131 kesinlikle kar\u015f\u0131lad\u0131\u011f\u0131n\u0131 garanti edebiliriz.<\/li><li>M\u00fchendis ve \u00e7al\u0131\u015fan\u0131m\u0131z\u0131 makineyi kurmak i\u00e7in m\u00fc\u015fterinin \u015fehrine g\u00f6nderebiliriz.<\/li><li>M\u00fc\u015fterilerin fabrika d\u00fczenini tasarlamalar\u0131na yard\u0131mc\u0131 olabiliriz<\/li><\/ul>    <ul class=\"wp-block-gallery columns-2 is-cropped wp-block-gallery-3 is-layout-flex wp-block-gallery-is-layout-flex\"><li class=\"blocks-gallery-item\"><figure><img loading=\"lazy\" decoding=\"async\" width=\"750\" height=\"440\" src=\"https:\/\/www.eggtraymaking.com\/wp-content\/uploads\/2019\/05\/Egg-tray-machine-service-5.jpg\" alt=\"\" data-id=\"1304\" data-link=\"https:\/\/www.eggtraymaking.com\/egg-tray-machine-services\/egg-tray-machine-service-5\/#main\" class=\"wp-image-1304\" srcset=\"https:\/\/www.eggtraymaking.com\/wp-content\/uploads\/2019\/05\/Egg-tray-machine-service-5.jpg 750w, https:\/\/www.eggtraymaking.com\/wp-content\/uploads\/2019\/05\/Egg-tray-machine-service-5-360x211.jpg 360w\" sizes=\"auto, (max-width: 750px) 100vw, 750px\" \/><\/figure><\/li><li class=\"blocks-gallery-item\"><figure><img loading=\"lazy\" decoding=\"async\" width=\"750\" height=\"451\" src=\"https:\/\/www.eggtraymaking.com\/wp-content\/uploads\/2019\/05\/Egg-tray-machine-service-1.jpg\" alt=\"\" data-id=\"1301\" data-link=\"https:\/\/www.eggtraymaking.com\/egg-tray-machine-services\/egg-tray-machine-service-1\/#main\" class=\"wp-image-1301\" srcset=\"https:\/\/www.eggtraymaking.com\/wp-content\/uploads\/2019\/05\/Egg-tray-machine-service-1.jpg 750w, https:\/\/www.eggtraymaking.com\/wp-content\/uploads\/2019\/05\/Egg-tray-machine-service-1-360x216.jpg 360w\" sizes=\"auto, (max-width: 750px) 100vw, 750px\" \/><\/figure><\/li><\/ul>","protected":false},"excerpt":{"rendered":"<p>Before-sales We provide professional egg tray\u00a0machine information, qualified product quality, and advanced technical support. Show the customer the test results of the product. Help customers test the machine according to different mold and customer requirements. Create drawings and 3D drawings according to customer need, help customers design plant layout. Help customers check sea freight, air [&hellip;]<\/p>\n","protected":false},"author":1,"featured_media":0,"parent":0,"menu_order":0,"comment_status":"closed","ping_status":"closed","template":"","meta":{"footnotes":""},"class_list":["post-729","page","type-page","status-publish","hentry"],"_links":{"self":[{"href":"https:\/\/www.eggtraymaking.com\/tr\/wp-json\/wp\/v2\/pages\/729","targetHints":{"allow":["GET"]}}],"collection":[{"href":"https:\/\/www.eggtraymaking.com\/tr\/wp-json\/wp\/v2\/pages"}],"about":[{"href":"https:\/\/www.eggtraymaking.com\/tr\/wp-json\/wp\/v2\/types\/page"}],"author":[{"embeddable":true,"href":"https:\/\/www.eggtraymaking.com\/tr\/wp-json\/wp\/v2\/users\/1"}],"replies":[{"embeddable":true,"href":"https:\/\/www.eggtraymaking.com\/tr\/wp-json\/wp\/v2\/comments?post=729"}],"version-history":[{"count":0,"href":"https:\/\/www.eggtraymaking.com\/tr\/wp-json\/wp\/v2\/pages\/729\/revisions"}],"wp:attachment":[{"href":"https:\/\/www.eggtraymaking.com\/tr\/wp-json\/wp\/v2\/media?parent=729"}],"curies":[{"name":"wp","href":"https:\/\/api.w.org\/{rel}","templated":true}]}}