{"id":3,"date":"2019-05-06T02:03:06","date_gmt":"2019-05-06T02:03:06","guid":{"rendered":"https:\/\/www.dry-ice-machine.com\/?page_id=3"},"modified":"2019-05-22T02:07:22","modified_gmt":"2019-05-22T02:07:22","slug":"privacy-policy","status":"publish","type":"page","link":"https:\/\/www.eggtraymaking.com\/tr\/privacy-policy\/","title":{"rendered":"Gizlilik Politikas\u0131"},"content":{"rendered":"<h2 class=\"wp-block-heading\">Biz kimiz?<\/h2>    <p>Biz Zhengzhou Shuliy Makine Sanayi Ticaret A.\u015e.<\/p>    <h2 class=\"wp-block-heading\">Gizlili\u011finize Sayg\u0131 Diyoruz<\/h2>    <p>Shuliy Machinery'de, gizlili\u011finize sayg\u0131 g\u00f6steririz. G\u00f6nderilen herhangi bir veri, e-posta veya mailing list bilgilerimiz dahil, Shuliy Machinery d\u0131\u015f\u0131nda kimseyle payla\u015f\u0131lmaz. Hi\u00e7bir ki\u015fisel bilgiyi satmaz veya kiralamay\u0131z ve asla payla\u015fmay\u0131z.<\/p>    <h2 class=\"wp-block-heading\">Hangi Bilgileri Topluyoruz?<\/h2>    <p>Bir form doldurdu\u011funuzda bilgiler topluyoruz.<\/p>    <p>Sitemizde bir teklif veya \u00e7\u00f6z\u00fcm isterken, uygun g\u00f6r\u00fcld\u00fc\u011f\u00fcnde \u015fu bilgileri girmeniz istenebilir: ad, e-posta adresi, posta adresi veya telefon numaras\u0131. Ancak sitemizi anon olarak ziyaret edebilirsiniz. <\/p>    <h2 class=\"wp-block-heading\">Bilginizi ne i\u00e7in kullan\u0131yoruz?<\/h2>    <p>Toplad\u0131\u011f\u0131m\u0131z bilgilerden herhangi birisi a\u015fa\u011f\u0131daki \u015fekillerden birinde kullan\u0131labilir:<\/p>    <ul class=\"wp-block-list\"><li>Deneyiminizi ki\u015fiselle\u015ftirmek i\u00e7in<br>(bilgileriniz bireysel ihtiya\u00e7lar\u0131n\u0131za daha iyi yan\u0131t vermemize yard\u0131mc\u0131 olur)<\/li><li>Periyodik e-postalar g\u00f6ndermek i\u00e7in<br>Sipari\u015f i\u015flemleri i\u00e7in sa\u011flad\u0131\u011f\u0131n\u0131z e-posta adresi yaln\u0131zca sipari\u015finizle ilgili bilgi ve g\u00fcncellemeleri g\u00f6ndermek i\u00e7in kullan\u0131lacakt\u0131r.<\/li><\/ul>    <h5 class=\"wp-block-heading\">\u00c7erezleri Kullan\u0131yor muyuz?<\/h5>    <p>Hay\u0131r.Ben kullan\u0131c\u0131lar\u0131n \u00e7erezlerini kaydetmiyor ve okumuyoruz, gezintinize serbest\u00e7e devam edin. <\/p>    <h5 class=\"wp-block-heading\">Harici Taraflara Herhangi Bir Bilgi A\u00e7\u0131kl\u0131yor muyuz?<\/h5>    <p>Ki\u015fisel olarak tan\u0131mlanabilir bilgilerinizi \u00fc\u00e7\u00fcnc\u00fc taraflara satmaz, takas etmez veya devretmeyiz. Bu, sitemizi i\u015fletmemize, i\u015fimizi y\u00fcr\u00fctmemize veya size hizmet vermemize yard\u0131mc\u0131 olan g\u00fcvenilir \u00fc\u00e7\u00fcnc\u00fc taraflar\u0131 kapsamaz; bu taraflar bu bilgileri gizli tutmay\u0131 kabul ettikleri s\u00fcrece ge\u00e7erlidir. Ayr\u0131ca yasalara uymak, sitemizin politikalar\u0131n\u0131 uygulamak veya kendi haklar\u0131m\u0131z\u0131, m\u00fclk\u00fcm\u00fcz\u00fc veya g\u00fcvenli\u011fimizi korumak amac\u0131yla bilgilerinizi if\u015fa etmek uygun g\u00f6rd\u00fc\u011f\u00fcm\u00fczde bilgilerinizi serbest b\u0131rakabiliriz. Ancak, ki\u015fisel olarak tan\u0131mlanmayan ziyaret\u00e7i bilgileri pazarlama, reklam veya di\u011fer ama\u00e7lar i\u00e7in di\u011fer taraflara sa\u011flanabilir.<\/p>    <h5 class=\"wp-block-heading\">\u00c7evrimi\u00e7i Gizlilik Politikas\u0131 Sadece<\/h5>    <p>Bu \u00e7evrimi\u00e7i gizlilik politikas\u0131 yaln\u0131zca web sitemiz \u00fczerinden toplanan bilgilere uygulan\u0131r ve \u00e7evrimd\u0131\u015f\u0131 toplanan bilgiler i\u00e7in ge\u00e7erli de\u011fildir.<\/p>    <h5 class=\"wp-block-heading\">R\u0131zan\u0131z<\/h5>    <p>Sitemizi kullanarak web sitesi gizlilik politikam\u0131za r\u0131za g\u00f6stermi\u015f olursunuz.<\/p>","protected":false},"excerpt":{"rendered":"<p>who we are? We are zhengzhou shuliy machinery co., LTD. We Respect Your Privacy At Shuliy Machinery, we respect your privacy. We do not share any submitted data, including our email or mailing list information, with anyone except Shuliy Machinery staff. We do not, nor will we ever, sell or rent any personal information with [&hellip;]<\/p>\n","protected":false},"author":1,"featured_media":0,"parent":0,"menu_order":0,"comment_status":"closed","ping_status":"open","template":"","meta":{"footnotes":""},"class_list":["post-3","page","type-page","status-publish","hentry"],"_links":{"self":[{"href":"https:\/\/www.eggtraymaking.com\/tr\/wp-json\/wp\/v2\/pages\/3","targetHints":{"allow":["GET"]}}],"collection":[{"href":"https:\/\/www.eggtraymaking.com\/tr\/wp-json\/wp\/v2\/pages"}],"about":[{"href":"https:\/\/www.eggtraymaking.com\/tr\/wp-json\/wp\/v2\/types\/page"}],"author":[{"embeddable":true,"href":"https:\/\/www.eggtraymaking.com\/tr\/wp-json\/wp\/v2\/users\/1"}],"replies":[{"embeddable":true,"href":"https:\/\/www.eggtraymaking.com\/tr\/wp-json\/wp\/v2\/comments?post=3"}],"version-history":[{"count":0,"href":"https:\/\/www.eggtraymaking.com\/tr\/wp-json\/wp\/v2\/pages\/3\/revisions"}],"wp:attachment":[{"href":"https:\/\/www.eggtraymaking.com\/tr\/wp-json\/wp\/v2\/media?parent=3"}],"curies":[{"name":"wp","href":"https:\/\/api.w.org\/{rel}","templated":true}]}}