{"id":208,"date":"2019-05-13T03:23:08","date_gmt":"2019-05-13T03:23:08","guid":{"rendered":"https:\/\/www.dry-ice-machine.com\/?p=208"},"modified":"2025-05-23T08:47:16","modified_gmt":"2025-05-23T00:47:16","slug":"contact-us","status":"publish","type":"page","link":"https:\/\/www.eggtraymaking.com\/tr\/contact-us\/","title":{"rendered":"Bize Ula\u015f\u0131n"},"content":{"rendered":"<div class=\"wp-block-columns has-2-columns is-layout-flex wp-container-core-columns-is-layout-9d6595d7 wp-block-columns-is-layout-flex\"> <div class=\"wp-block-column is-layout-flow wp-block-column-is-layout-flow\"> <h2 class=\"wp-block-heading\" id=\"h-who-we-are\"><strong>Biz kimiz<\/strong><\/h2>    <p>Shuliy Machinery Co., Ltd, \u00c7in'de otomatik makineler ve ekipmanlar\u0131n \u00f6nde gelen \u00fcreticilerinden biridir. \u015eirketimiz, yumurta tepsisi yap\u0131m makineleri ara\u015ft\u0131rma ve geli\u015ftirme alan\u0131nda yakla\u015f\u0131k on y\u0131ll\u0131k deneyime sahiptir ve s\u0131k\u0131 bir kalite kontrol sistemi ile kapsaml\u0131 bir sat\u0131\u015f sonras\u0131 hizmet sunmaktad\u0131r.<\/p>    <p>\u015eirketimizin uluslararas\u0131 odakl\u0131 bir \u00f6n sat\u0131\u015f dan\u0131\u015fmanl\u0131\u011f\u0131 ve sat\u0131\u015f sonras\u0131 hizmet ekibi bulunmaktad\u0131r. \u00dcr\u00fcnlerimizi sat\u0131n almak istiyorsan\u0131z veya makineleri kullan\u0131rken herhangi bir sorununuz varsa, istedi\u011finiz zaman \u00e7evrimi\u00e7i olarak bizimle ileti\u015fime ge\u00e7ebilirsiniz. Size bir i\u015f g\u00fcn\u00fc i\u00e7inde profesyonel bir yan\u0131t verece\u011fiz.<\/p>    <p style=\"font-size:12px\" class=\"translation-block\"><em>*Kullan\u0131c\u0131n\u0131n \u00e7erezlerini okumaz ve kaydetmeyiz, l\u00fctfen g\u00f6z atmaktan \u00e7ekinmeyin.<br> *G\u00f6nderdi\u011finiz ileti\u015fim bilgileri yaln\u0131zca Shuliy ile ileti\u015fiminiz i\u00e7indir. \u0130stedi\u011finiz zaman kald\u0131rma talep edebilirsiniz.<\/em><\/p> <\/div> <\/div>    <h3 class=\"wp-block-heading\" id=\"h-other-ways-of-contact\"><strong>Di\u011fer ileti\u015fim yollar\u0131<\/strong><\/h3>    <ul class=\"contactlist\"> <li class=\"fa fa-envelope-o\">&nbsp;&nbsp;<a href=\"mailto:info@eggtraymaking.com\" style=\"color:black;\">E-posta: info@eggtraymaking.com<\/a><\/li><br> <li class=\"fa fa-phone\">&nbsp;&nbsp;<a href=\"tel: 8619139761487\">Telefon: 8619139761487 <\/a><\/li><br> \t<li class=\"fa fa-whatsapp\">&nbsp;&nbsp;<a href=\"https:\/\/api.whatsapp.com\/send?phone= 8619139761487\" target=\"_blank\" rel=\"noopener\" data-no-translation=\"\">WhatsApp: 8619139761487<\/a> <\/li><br> \t<li class=\"fa fa-wechat\">&nbsp;&nbsp;WeChat: 8619139761487<\/li><br> \t<li class=\"fa fa-map\">&nbsp;&nbsp;Adres: No.1394 Do\u011fu Hanghai Yolu, Ekonomik-Teknolojik Geli\u015fim B\u00f6lgesi, Zhengzhou, \u00c7in<\/li> <\/ul>","protected":false},"excerpt":{"rendered":"<p>Who we are Shuliy Machinery Co., Ltd company is a leading manufacturer of automated machinery and equipment in China. Our company has about ten years of experience in the research and development field of egg tray making machines with a strict quality control system and comprehensive after-sales service. Our company has a pre-sales consulting and [&hellip;]<\/p>\n","protected":false},"author":1,"featured_media":0,"parent":0,"menu_order":0,"comment_status":"closed","ping_status":"closed","template":"","meta":{"footnotes":""},"class_list":["post-208","page","type-page","status-publish","hentry"],"_links":{"self":[{"href":"https:\/\/www.eggtraymaking.com\/tr\/wp-json\/wp\/v2\/pages\/208","targetHints":{"allow":["GET"]}}],"collection":[{"href":"https:\/\/www.eggtraymaking.com\/tr\/wp-json\/wp\/v2\/pages"}],"about":[{"href":"https:\/\/www.eggtraymaking.com\/tr\/wp-json\/wp\/v2\/types\/page"}],"author":[{"embeddable":true,"href":"https:\/\/www.eggtraymaking.com\/tr\/wp-json\/wp\/v2\/users\/1"}],"replies":[{"embeddable":true,"href":"https:\/\/www.eggtraymaking.com\/tr\/wp-json\/wp\/v2\/comments?post=208"}],"version-history":[{"count":0,"href":"https:\/\/www.eggtraymaking.com\/tr\/wp-json\/wp\/v2\/pages\/208\/revisions"}],"wp:attachment":[{"href":"https:\/\/www.eggtraymaking.com\/tr\/wp-json\/wp\/v2\/media?parent=208"}],"curies":[{"name":"wp","href":"https:\/\/api.w.org\/{rel}","templated":true}]}}