{"id":9444,"date":"2025-10-10T15:16:19","date_gmt":"2025-10-10T07:16:19","guid":{"rendered":"https:\/\/www.eggtraymaking.com\/?post_type=product&#038;p=9444"},"modified":"2026-03-31T14:24:09","modified_gmt":"2026-03-31T06:24:09","slug":"fruit-tray-production-line","status":"publish","type":"product","link":"https:\/\/www.eggtraymaking.com\/sw\/fruit-tray-production-line\/","title":{"rendered":"R\u00e5varor Tillverkningstray"},"content":{"rendered":"<p class=\"translation-block\">Mstari wa uzalishaji wa <strong>tray ya matunda <\/strong>una aina mbili: kiotomatiki kamili na semi-kiotomatiki. Ni mashine rafiki wa mazingira inayotumika kutengeneza tray za pulp kwa ajili ya kufungasha matunda kama <strong>tufaha, machungwa, pears, maembe, na strawberries.<\/strong><\/p>   <div class=\"wp-block-image\"> <figure class=\"aligncenter size-full\"><img loading=\"lazy\" decoding=\"async\" width=\"720\" height=\"540\" src=\"https:\/\/www.eggtraymaking.com\/wp-content\/uploads\/2025\/10\/fruit-tray-production-line.webp\" alt=\"fruktbricka produktionslinje\" class=\"wp-image-9445\" srcset=\"https:\/\/www.eggtraymaking.com\/wp-content\/uploads\/2025\/10\/fruit-tray-production-line.webp 720w, https:\/\/www.eggtraymaking.com\/wp-content\/uploads\/2025\/10\/fruit-tray-production-line-360x270.webp 360w, https:\/\/www.eggtraymaking.com\/wp-content\/uploads\/2025\/10\/fruit-tray-production-line-240x180.webp 240w, https:\/\/www.eggtraymaking.com\/wp-content\/uploads\/2025\/10\/fruit-tray-production-line-16x12.webp 16w\" sizes=\"auto, (max-width: 720px) 100vw, 720px\" \/><figcaption class=\"wp-element-caption\">fruktbricka produktionslinje<\/figcaption><\/figure> <\/div>   <p>Denna linje anv\u00e4nder avfallsres upppapper med andra \u00e5tervinningsbara material som r\u00e5material. Den tillverkar fruktbrickor genom processerna pulping, formning, torkning och varmpressning.<\/p>    <p>Shuliy tillhandah\u00e5ller skr\u00e4ddarsydda l\u00f6sningar f\u00f6r formar, formningssystem, torksystem och hj\u00e4lpmedesutrustning beroende p\u00e5 olika frukter eller gr\u00f6nsaker. Vi kan producera de mest l\u00e4mpliga och h\u00f6gkvalitativa fruktbrickorna f\u00f6r dig baserat p\u00e5 din budget.<\/p>    <p class=\"translation-block\">Denna industriella fruktbrickstillverkningslinje kan producera <strong><em>1000\u20137000 pcs<\/em><\/strong> per timme och uppfylla produktionsbehov hos olika f\u00f6retag.<\/p>    <figure class=\"wp-block-embed is-type-video is-provider-youtube wp-block-embed-youtube wp-embed-aspect-16-9 wp-has-aspect-ratio\"><div class=\"wp-block-embed__wrapper\"> <iframe loading=\"lazy\" title=\"Automatisk \u00e4ggbricksproduktionslinje | Milj\u00f6v\u00e4nlig pappersmassaformsningsmaskin f\u00f6r 1000\u20137000pcs\/h\" width=\"500\" height=\"281\" src=\"https:\/\/www.youtube.com\/embed\/tr6mSn38k7A?feature=oembed\" frameborder=\"0\" allow=\"accelerometer; autoplay; clipboard-write; encrypted-media; gyroscope; picture-in-picture; web-share\" referrerpolicy=\"strict-origin-when-cross-origin\" allowfullscreen><\/iframe> <\/div><\/figure>    <h2 class=\"wp-block-heading\">Vad \u00e4r en massa fruktbrickor?<\/h2>    <p>En massa fruktbrickor av f\u00e4rsk massa \u00e4r en milj\u00f6v\u00e4nlig f\u00f6rpackningsbricka tillverkad genom formning av avfallspappersmassa. Den anv\u00e4nds huvudsakligen f\u00f6r att skydda, f\u00f6rvara och visa frukt. Den tillverkas genom processer som massaformning, dehydrering och torkning samt varmpressning. Den anv\u00e4nds vanligtvis f\u00f6r f\u00f6rpackning av \u00e4pplen, apelsiner, p\u00e4ron, kiwifrukt, mango och andra frukter. Denna bricka kan ers\u00e4tta traditionell plast- eller skumf\u00f6rpackning och har f\u00f6rdelar som milj\u00f6v\u00e4nlighet, nedbrytbarhet, st\u00f6td\u00e4mpning och tryckbest\u00e4ndighet. Det \u00e4r en bredt fr\u00e4mjad gr\u00f6n f\u00f6rpackningsprodukt internationellt.<\/p>   <div class=\"wp-block-image\"> <figure class=\"aligncenter size-full\"><img loading=\"lazy\" decoding=\"async\" width=\"720\" height=\"540\" src=\"https:\/\/www.eggtraymaking.com\/wp-content\/uploads\/2025\/06\/Fruit-Tray-1.webp\" alt=\"Fruktsk\u00e5l\" class=\"wp-image-9157\" srcset=\"https:\/\/www.eggtraymaking.com\/wp-content\/uploads\/2025\/06\/Fruit-Tray-1.webp 720w, https:\/\/www.eggtraymaking.com\/wp-content\/uploads\/2025\/06\/Fruit-Tray-1-360x270.webp 360w, https:\/\/www.eggtraymaking.com\/wp-content\/uploads\/2025\/06\/Fruit-Tray-1-240x180.webp 240w, https:\/\/www.eggtraymaking.com\/wp-content\/uploads\/2025\/06\/Fruit-Tray-1-16x12.webp 16w\" sizes=\"auto, (max-width: 720px) 100vw, 720px\" \/><figcaption class=\"wp-element-caption\">Fruktsk\u00e5l<\/figcaption><\/figure> <\/div>   <h2 class=\"wp-block-heading\">R\u00e5material<\/h2>    <p>Huvudr\u00e5varorna \u00e4r avfallspapper, begagnat kartong, gammal bokpapper och kvarvarande papper fr\u00e5n pappersbruk.<\/p>    <figure class=\"wp-block-gallery has-nested-images columns-default is-cropped wp-block-gallery-2 is-layout-flex wp-block-gallery-is-layout-flex\"> <figure class=\"wp-block-image size-large\"><img loading=\"lazy\" decoding=\"async\" width=\"720\" height=\"540\" data-id=\"9331\" src=\"https:\/\/www.eggtraymaking.com\/wp-content\/uploads\/2025\/08\/Raw-Material.webp\" alt=\"R\u00e5material\" class=\"wp-image-9331\" srcset=\"https:\/\/www.eggtraymaking.com\/wp-content\/uploads\/2025\/08\/Raw-Material.webp 720w, https:\/\/www.eggtraymaking.com\/wp-content\/uploads\/2025\/08\/Raw-Material-360x270.webp 360w, https:\/\/www.eggtraymaking.com\/wp-content\/uploads\/2025\/08\/Raw-Material-240x180.webp 240w, https:\/\/www.eggtraymaking.com\/wp-content\/uploads\/2025\/08\/Raw-Material-16x12.webp 16w\" sizes=\"auto, (max-width: 720px) 100vw, 720px\" \/><figcaption class=\"wp-element-caption\">R\u00e5material<\/figcaption><\/figure>    <figure class=\"wp-block-image size-large\"><img loading=\"lazy\" decoding=\"async\" width=\"720\" height=\"540\" data-id=\"9408\" src=\"https:\/\/www.eggtraymaking.com\/wp-content\/uploads\/2025\/09\/Paper-Mill-Residue.webp\" alt=\"Mabaki ya Kiwanda cha Karatasi\" class=\"wp-image-9408\" srcset=\"https:\/\/www.eggtraymaking.com\/wp-content\/uploads\/2025\/09\/Paper-Mill-Residue.webp 720w, https:\/\/www.eggtraymaking.com\/wp-content\/uploads\/2025\/09\/Paper-Mill-Residue-360x270.webp 360w, https:\/\/www.eggtraymaking.com\/wp-content\/uploads\/2025\/09\/Paper-Mill-Residue-240x180.webp 240w, https:\/\/www.eggtraymaking.com\/wp-content\/uploads\/2025\/09\/Paper-Mill-Residue-16x12.webp 16w\" sizes=\"auto, (max-width: 720px) 100vw, 720px\" \/><figcaption class=\"wp-element-caption\">Mabaki ya Kiwanda cha Karatasi<\/figcaption><\/figure> <\/figure>    <h2 class=\"wp-block-heading\">Komponenter i en fruktbrickstillverkningslinje<\/h2>    <p>En fruktbrickstillverkningslinje best\u00e5r av ett pulpingsystem, matsystem, torksystem, varmpressmaskin och packmaskin.<\/p>   <div class=\"wp-block-image\"> <figure class=\"aligncenter size-full\"><img loading=\"lazy\" decoding=\"async\" width=\"720\" height=\"540\" src=\"https:\/\/www.eggtraymaking.com\/wp-content\/uploads\/2019\/05\/8-Side-Egg-Tray-Production-Line.webp\" alt=\"R\u00e5varor Tillverkningstray\" class=\"wp-image-9260\" srcset=\"https:\/\/www.eggtraymaking.com\/wp-content\/uploads\/2019\/05\/8-Side-Egg-Tray-Production-Line.webp 720w, https:\/\/www.eggtraymaking.com\/wp-content\/uploads\/2019\/05\/8-Side-Egg-Tray-Production-Line-360x270.webp 360w, https:\/\/www.eggtraymaking.com\/wp-content\/uploads\/2019\/05\/8-Side-Egg-Tray-Production-Line-240x180.webp 240w, https:\/\/www.eggtraymaking.com\/wp-content\/uploads\/2019\/05\/8-Side-Egg-Tray-Production-Line-16x12.webp 16w\" sizes=\"auto, (max-width: 720px) 100vw, 720px\" \/><figcaption class=\"wp-element-caption\">R\u00e5varor Tillverkningstray<\/figcaption><\/figure> <\/div>   <h2 class=\"wp-block-heading\">Vad \u00e4r arbetsprocessen f\u00f6r en fruktbrickstillverkningslinje?<\/h2>    <h3 class=\"wp-block-heading\">Steg 1: Pulping<\/h3>    <p>Avfallspapper tills\u00e4tts i pulparen med vatten och blandas f\u00f6r att bilda massa. Pulpakoncentrationen \u00e4r vanligtvis 3%\u20135%, och lagringstanksprocenten \u00e4r 1.0%\u20131.5%. Dilution underl\u00e4ttar blandning och homogenisering.<\/p>   <div class=\"wp-block-image\"> <figure class=\"aligncenter size-full\"><img loading=\"lazy\" decoding=\"async\" width=\"720\" height=\"540\" src=\"https:\/\/www.eggtraymaking.com\/wp-content\/uploads\/2025\/08\/Pulping-machine-1.webp\" alt=\"Pulpmaskin\" class=\"wp-image-9297\" srcset=\"https:\/\/www.eggtraymaking.com\/wp-content\/uploads\/2025\/08\/Pulping-machine-1.webp 720w, https:\/\/www.eggtraymaking.com\/wp-content\/uploads\/2025\/08\/Pulping-machine-1-360x270.webp 360w, https:\/\/www.eggtraymaking.com\/wp-content\/uploads\/2025\/08\/Pulping-machine-1-240x180.webp 240w, https:\/\/www.eggtraymaking.com\/wp-content\/uploads\/2025\/08\/Pulping-machine-1-16x12.webp 16w\" sizes=\"auto, (max-width: 720px) 100vw, 720px\" \/><figcaption class=\"wp-element-caption\">Pulpmaskin<\/figcaption><\/figure> <\/div>   <h3 class=\"wp-block-heading\">Steg 2: Formning<\/h3>    <p>Massan skickas till formmaskinen genom r\u00f6r. Ett vakuumsystem drar massan till metallformar f\u00f6r att bilda v\u00e5ta brickor. Formarna kan anpassas f\u00f6r olika frukter.<\/p>   <div class=\"wp-block-image\"> <figure class=\"aligncenter size-full\"><img loading=\"lazy\" decoding=\"async\" width=\"720\" height=\"540\" src=\"https:\/\/www.eggtraymaking.com\/wp-content\/uploads\/2025\/08\/Press-mold.webp\" alt=\"Bildar en formplatta\" class=\"wp-image-9303\" srcset=\"https:\/\/www.eggtraymaking.com\/wp-content\/uploads\/2025\/08\/Press-mold.webp 720w, https:\/\/www.eggtraymaking.com\/wp-content\/uploads\/2025\/08\/Press-mold-360x270.webp 360w, https:\/\/www.eggtraymaking.com\/wp-content\/uploads\/2025\/08\/Press-mold-240x180.webp 240w, https:\/\/www.eggtraymaking.com\/wp-content\/uploads\/2025\/08\/Press-mold-16x12.webp 16w\" sizes=\"auto, (max-width: 720px) 100vw, 720px\" \/><figcaption class=\"wp-element-caption\">Bildar en formplatta<\/figcaption><\/figure> <\/div>   <h3 class=\"wp-block-heading\">Steg 3: Torkning<\/h3>    <p>V\u00e5ta brickor torkas i torksystemet vid 160\u2013200\u00b0C. Torkmetoder inkluderar:<\/p>    <ul class=\"wp-block-list\"> <li>Metalltorklinje (h\u00f6g automation)<\/li>    <li>Br\u00e4ndtorkrum (ekonomiskt)<\/li>    <li>Lufttorkning (f\u00f6r sm\u00e5skaliga produktioner)<\/li> <\/ul>    <figure class=\"wp-block-gallery has-nested-images columns-default is-cropped wp-block-gallery-3 is-layout-flex wp-block-gallery-is-layout-flex\"> <figure class=\"wp-block-image size-large\"><img loading=\"lazy\" decoding=\"async\" width=\"720\" height=\"540\" data-id=\"9147\" src=\"https:\/\/www.eggtraymaking.com\/wp-content\/uploads\/2025\/06\/Continuous-Belt-Dryer.webp\" alt=\"Kontinuerlig b\u00e4ltork\" class=\"wp-image-9147\" srcset=\"https:\/\/www.eggtraymaking.com\/wp-content\/uploads\/2025\/06\/Continuous-Belt-Dryer.webp 720w, https:\/\/www.eggtraymaking.com\/wp-content\/uploads\/2025\/06\/Continuous-Belt-Dryer-360x270.webp 360w, https:\/\/www.eggtraymaking.com\/wp-content\/uploads\/2025\/06\/Continuous-Belt-Dryer-240x180.webp 240w, https:\/\/www.eggtraymaking.com\/wp-content\/uploads\/2025\/06\/Continuous-Belt-Dryer-16x12.webp 16w\" sizes=\"auto, (max-width: 720px) 100vw, 720px\" \/><figcaption class=\"wp-element-caption\">Kontinuerlig b\u00e4ltork<\/figcaption><\/figure>    <figure class=\"wp-block-image size-large\"><img loading=\"lazy\" decoding=\"async\" width=\"720\" height=\"540\" data-id=\"9049\" src=\"https:\/\/www.eggtraymaking.com\/wp-content\/uploads\/2023\/08\/egg-tray-factory.webp\" alt=\"Naturlig torkning\" class=\"wp-image-9049\" srcset=\"https:\/\/www.eggtraymaking.com\/wp-content\/uploads\/2023\/08\/egg-tray-factory.webp 720w, https:\/\/www.eggtraymaking.com\/wp-content\/uploads\/2023\/08\/egg-tray-factory-360x270.webp 360w, https:\/\/www.eggtraymaking.com\/wp-content\/uploads\/2023\/08\/egg-tray-factory-240x180.webp 240w\" sizes=\"auto, (max-width: 720px) 100vw, 720px\" \/><figcaption class=\"wp-element-caption\">Naturlig torkning<\/figcaption><\/figure> <\/figure>    <h3 class=\"wp-block-heading\">Steg 4: Varmpressning<\/h3>    <p>F\u00f6r att f\u00f6rb\u00e4ttra utseendet formar brickorna under h\u00f6g temperatur med en varmpressmaskin, vilket g\u00f6r kanterna sl\u00e4ta, ytorna plana och styrkan h\u00f6gre.<\/p>   <div class=\"wp-block-image\"> <figure class=\"aligncenter size-full\"><img loading=\"lazy\" decoding=\"async\" width=\"720\" height=\"540\" src=\"https:\/\/www.eggtraymaking.com\/wp-content\/uploads\/2025\/09\/Hot-Shaping-Machine-1.webp\" alt=\"Hot Shaping Machine\" class=\"wp-image-9382\" srcset=\"https:\/\/www.eggtraymaking.com\/wp-content\/uploads\/2025\/09\/Hot-Shaping-Machine-1.webp 720w, https:\/\/www.eggtraymaking.com\/wp-content\/uploads\/2025\/09\/Hot-Shaping-Machine-1-360x270.webp 360w, https:\/\/www.eggtraymaking.com\/wp-content\/uploads\/2025\/09\/Hot-Shaping-Machine-1-240x180.webp 240w, https:\/\/www.eggtraymaking.com\/wp-content\/uploads\/2025\/09\/Hot-Shaping-Machine-1-16x12.webp 16w\" sizes=\"auto, (max-width: 720px) 100vw, 720px\" \/><figcaption class=\"wp-element-caption\">Hot Shaping Machine<\/figcaption><\/figure> <\/div>   <h3 class=\"wp-block-heading\">Steg 5: Packning<\/h3>    <p>Torkade fruktbrickor r\u00e4knas och packas f\u00f6r enkel transport.<\/p>   <div class=\"wp-block-image\"> <figure class=\"aligncenter size-full\"><img loading=\"lazy\" decoding=\"async\" width=\"720\" height=\"540\" src=\"https:\/\/www.eggtraymaking.com\/wp-content\/uploads\/2025\/09\/Packaging-Machine.webp\" alt=\"F\u00f6rpackningsmaskin\" class=\"wp-image-9383\" srcset=\"https:\/\/www.eggtraymaking.com\/wp-content\/uploads\/2025\/09\/Packaging-Machine.webp 720w, https:\/\/www.eggtraymaking.com\/wp-content\/uploads\/2025\/09\/Packaging-Machine-360x270.webp 360w, https:\/\/www.eggtraymaking.com\/wp-content\/uploads\/2025\/09\/Packaging-Machine-240x180.webp 240w, https:\/\/www.eggtraymaking.com\/wp-content\/uploads\/2025\/09\/Packaging-Machine-16x12.webp 16w\" sizes=\"auto, (max-width: 720px) 100vw, 720px\" \/><figcaption class=\"wp-element-caption\">F\u00f6rpackningsmaskin<\/figcaption><\/figure> <\/div>   <h2 class=\"wp-block-heading\">Tekniska parametrar<\/h2>    <figure class=\"wp-block-table\"><table class=\"has-fixed-layout\"><tbody><tr><td>Modell<\/td><td>Kapacitet<\/td><td>Effekt<\/td><td>Sp\u00e4nning<\/td><td>Vikt<\/td><td>Pulpanv\u00e4ndning<\/td><td>Vattenanv\u00e4ndning<\/td><td>Storlek(mm)<\/td><\/tr><tr><td>SL-1000-3X1<\/td><td>1000st\/h<\/td><td>38kw<\/td><td>380V, 50HZ<\/td><td>2500kg<\/td><td>80kg\/h<\/td><td>160kg\/h<\/td><td>2600*2200*1900<\/td><\/tr><tr><td>SL-1500-4X1<\/td><td>1500st\/h<\/td><td>38kw<\/td><td>380V, 50HZ<\/td><td>3000kg<\/td><td>120kg\/h<\/td><td>240kg\/h<\/td><td>2800*2200*1900<\/td><\/tr><tr><td>SL-2500-3X4<\/td><td>2500st\/h<\/td><td>55kw<\/td><td>380V, 50HZ<\/td><td>4000kg<\/td><td>200kg\/h<\/td><td>400kg\/h<\/td><td>2900*1800*1800<\/td><\/tr><tr><td>SL-3000-4X4<\/td><td>3000st\/h<\/td><td>60kw<\/td><td>380V, 50HZ<\/td><td>4800kg<\/td><td>240kg\/h<\/td><td>480kg\/h<\/td><td>3250*1800*1800<\/td><\/tr><tr><td>SL-4000-4X8<\/td><td>4000st\/h<\/td><td>95kw<\/td><td>380V, 50HZ<\/td><td>7000kg<\/td><td>320kg\/h<\/td><td>640kg\/h<\/td><td>3250*2300*2500<\/td><\/tr><tr><td>SL-5000-5X8<\/td><td>5000styck\/h<\/td><td>95kw<\/td><td>380V, 50HZ<\/td><td>8000kg<\/td><td>400kg\/h<\/td><td>800kg\/h<\/td><td>3700*2300*2500<\/td><\/tr><tr><td>SL-7000-6X8<\/td><td>7000styck\/h<\/td><td>120kw<\/td><td>380V, 50HZ<\/td><td>10000kg<\/td><td>480kg\/h<\/td><td>960kg\/h<\/td><td>3200*2300*2500<\/td><\/tr><\/tbody><\/table><\/figure>    <h2 class=\"wp-block-heading\">F\u00f6rdelar med en formgjuten massa fruktbrickstillverkningslinje<\/h2>    <div class=\"wp-block-columns is-layout-flex wp-container-core-columns-is-layout-9d6595d7 wp-block-columns-is-layout-flex\"> <div class=\"wp-block-column is-layout-flow wp-block-column-is-layout-flow\"> <p class=\"has-text-align-center translation-block\"><strong>Bred kapacitet<\/strong><\/p>    <p>Produces 1,000\u20137,000 trays per hour. Multiple models available to meet small to large factory needs.<\/p> <\/div>    <div class=\"wp-block-column is-layout-flow wp-block-column-is-layout-flow\"> <p class=\"has-text-align-center translation-block\"><strong>Avancerat torksystem<\/strong><\/p>    <p>Varm luft eller flerlager-masktorkning s\u00e4kerst\u00e4ller h\u00f6g hastighet och h\u00f6g avkastning.<\/p> <\/div> <\/div>    <div class=\"wp-block-columns is-layout-flex wp-container-core-columns-is-layout-9d6595d7 wp-block-columns-is-layout-flex\"> <div class=\"wp-block-column is-layout-flow wp-block-column-is-layout-flow\"> <p class=\"has-text-align-center translation-block\"><strong> Rimlig energif\u00f6rbrukning<\/strong><\/p>    <p class=\"translation-block\">Total effekt varierar fr\u00e5n <strong>38 kW till 120 kW,<\/strong> med h\u00f6gfrekvensmotorer f\u00f6r att minska driftskostnader med <strong>15%<\/strong>. Torksystemet st\u00f6der varm luft-cirkulation och \u00f6kar v\u00e4rmeutnyttjandet till \u00f6ver <strong>85%<\/strong>. Energianv\u00e4ndning \u00e4r cirka <strong>5\u20138 kWh<\/strong> per 1000 brickor, mycket l\u00e4gre \u00e4n liknande utrustning.<\/p> <\/div>    <div class=\"wp-block-column is-layout-flow wp-block-column-is-layout-flow\"> <p class=\"has-text-align-center translation-block\"><strong>Stabil process<\/strong><\/p>    <p class=\"translation-block\">Anv\u00e4nder vakuumsug + lufttrycks avformning. Formningsprecision fel <strong>\u2264 \u00b10.3 mm<\/strong>, f\u00e4rdiga produkten hastighet <strong>\u2265 98%<\/strong>. Pulpkoncentration, vakuumtiden och formsens temperatur kontrolleras noggrant f\u00f6r j\u00e4mn tjocklek, sl\u00e4ta kanter och plana ytor.<\/p> <\/div> <\/div>    <figure class=\"wp-block-gallery has-nested-images columns-default is-cropped wp-block-gallery-4 is-layout-flex wp-block-gallery-is-layout-flex\"> <figure class=\"wp-block-image size-large\"><img loading=\"lazy\" decoding=\"async\" width=\"720\" height=\"540\" data-id=\"9148\" src=\"https:\/\/www.eggtraymaking.com\/wp-content\/uploads\/2025\/06\/Electrical-Control-Cabinet.webp\" alt=\"Elektrisk kontrollsk\u00e5p\" class=\"wp-image-9148\" srcset=\"https:\/\/www.eggtraymaking.com\/wp-content\/uploads\/2025\/06\/Electrical-Control-Cabinet.webp 720w, https:\/\/www.eggtraymaking.com\/wp-content\/uploads\/2025\/06\/Electrical-Control-Cabinet-360x270.webp 360w, https:\/\/www.eggtraymaking.com\/wp-content\/uploads\/2025\/06\/Electrical-Control-Cabinet-240x180.webp 240w, https:\/\/www.eggtraymaking.com\/wp-content\/uploads\/2025\/06\/Electrical-Control-Cabinet-16x12.webp 16w\" sizes=\"auto, (max-width: 720px) 100vw, 720px\" \/><figcaption class=\"wp-element-caption\">Elektrisk kontrollsk\u00e5p<\/figcaption><\/figure>    <figure class=\"wp-block-image size-large\"><img loading=\"lazy\" decoding=\"async\" width=\"720\" height=\"540\" data-id=\"9150\" src=\"https:\/\/www.eggtraymaking.com\/wp-content\/uploads\/2025\/06\/Mold.webp\" alt=\"Form\" class=\"wp-image-9150\" srcset=\"https:\/\/www.eggtraymaking.com\/wp-content\/uploads\/2025\/06\/Mold.webp 720w, https:\/\/www.eggtraymaking.com\/wp-content\/uploads\/2025\/06\/Mold-360x270.webp 360w, https:\/\/www.eggtraymaking.com\/wp-content\/uploads\/2025\/06\/Mold-240x180.webp 240w, https:\/\/www.eggtraymaking.com\/wp-content\/uploads\/2025\/06\/Mold-16x12.webp 16w\" sizes=\"auto, (max-width: 720px) 100vw, 720px\" \/><figcaption class=\"wp-element-caption\">Form<\/figcaption><\/figure> <\/figure>    <div class=\"wp-block-columns is-layout-flex wp-container-core-columns-is-layout-9d6595d7 wp-block-columns-is-layout-flex\"> <div class=\"wp-block-column is-layout-flow wp-block-column-is-layout-flow\"> <p class=\"has-text-align-center translation-block\"><strong>Stadig struktur<\/strong><\/p>    <p>Maskinen \u00e4r tillverkad av kolst\u00e5l eller rostfritt st\u00e5l. Formar tillverkas av aluminium eller kopparlegering, slitstarka och v\u00e4rmebest\u00e4ndiga, som garanterar l\u00e5ng livsl\u00e4ngd och stabil drift.<\/p> <\/div>    <div class=\"wp-block-column is-layout-flow wp-block-column-is-layout-flow\"> <p class=\"has-text-align-center translation-block\"><strong>Pulp- och vatten\u00e5tervinning<\/strong><\/p>    <p class=\"translation-block\">Pulpanv\u00e4ndning \u00e4r<strong> 80\u2013480 kg\/h<\/strong>, vattenf\u00f6rbrukning <strong>160\u2013960 L\/h.<\/strong> Vatten \u00e5tervinns med en genomsnittlig hastighet \u00f6ver <strong>85%<\/strong>, sparar resurser och skyddar milj\u00f6n.<\/p> <\/div> <\/div>    <div class=\"wp-block-columns is-layout-flex wp-container-core-columns-is-layout-9d6595d7 wp-block-columns-is-layout-flex\"> <div class=\"wp-block-column is-layout-flow wp-block-column-is-layout-flow\"> <p class=\"has-text-align-center translation-block\"><strong>Intelligent kontroll<\/strong><\/p>    <p>PLC-system \u00f6vervakar pulpmontering, temperatur och vacuum. Har knappen-start\/stopp, automatisk varning och r\u00e4kning f\u00f6r enkel drift.<\/p> <\/div>    <div class=\"wp-block-column is-layout-flow wp-block-column-is-layout-flow\"> <p class=\"has-text-align-center translation-block\"><strong>Anpassningsbara formar<\/strong><\/p>    <p>Snabba form\u00e4ndringar f\u00f6r \u00e4pple, apelsin, p\u00e4ron osv., vilket g\u00f6r att en maskin kan anv\u00e4ndas f\u00f6r flera frukttyper.<\/p> <\/div> <\/div>    <div class=\"wp-block-columns is-layout-flex wp-container-core-columns-is-layout-9d6595d7 wp-block-columns-is-layout-flex\"> <div class=\"wp-block-column is-layout-flow wp-block-column-is-layout-flow\"> <p class=\"has-text-align-center translation-block\"><strong>H\u00f6g automation<\/strong><\/p>    <p>En valfri staplings- och f\u00f6rpackningssystem \u00f6kar produktionseffektiviteten med 30% och minskar arbetskraft med ~40%.<\/p> <\/div>    <div class=\"wp-block-column is-layout-flow wp-block-column-is-layout-flow\"> <p class=\"has-text-align-center translation-block\"><strong>Global kompatibilitet<\/strong><\/p>    <p>Sp\u00e4nningen kan anpassas f\u00f6r export till olika l\u00e4nder.<\/p> <\/div> <\/div>    <h2 class=\"wp-block-heading\">Maombi<\/h2>    <ul class=\"wp-block-list\"> <li><strong>Frukttr\u00e5g:<\/strong> \u00c4ppeltr\u00e5g, apelsintr\u00e5g, p\u00e4rontr\u00e5g, kiwitr\u00e5g, mangotr\u00e5g och andra f\u00f6rpackningstr\u00e5g f\u00f6r frukt eller gr\u00f6nsaker.<\/li>    <li><strong>Ut\u00f6kade anv\u00e4ndningar:<\/strong> \u00c4ggtr\u00e5g, vinflasktr\u00e5g, kopptr\u00e5g, elektroniska produkttr\u00e5g och annan f\u00f6rpackning av pulpform.<\/li> <\/ul>   <div class=\"wp-block-image\"> <figure class=\"aligncenter size-full\"><img loading=\"lazy\" decoding=\"async\" width=\"720\" height=\"540\" src=\"https:\/\/www.eggtraymaking.com\/wp-content\/uploads\/2025\/06\/Fruit-tray.webp\" alt=\"Fruktsk\u00e5l\" class=\"wp-image-9155\" srcset=\"https:\/\/www.eggtraymaking.com\/wp-content\/uploads\/2025\/06\/Fruit-tray.webp 720w, https:\/\/www.eggtraymaking.com\/wp-content\/uploads\/2025\/06\/Fruit-tray-360x270.webp 360w, https:\/\/www.eggtraymaking.com\/wp-content\/uploads\/2025\/06\/Fruit-tray-240x180.webp 240w, https:\/\/www.eggtraymaking.com\/wp-content\/uploads\/2025\/06\/Fruit-tray-16x12.webp 16w\" sizes=\"auto, (max-width: 720px) 100vw, 720px\" \/><figcaption class=\"wp-element-caption\">Fruktsk\u00e5l<\/figcaption><\/figure> <\/div>   <h2 class=\"wp-block-heading\">Exempel p\u00e5 installationsritning<\/h2>    <p>Nedan \u00e4r en provritning vi gjort f\u00f6r en kund, som referens. F\u00f6r mer detaljer, v\u00e4nligen kontakta oss.<\/p>   <div class=\"wp-block-image\"> <figure class=\"aligncenter size-full\"><img loading=\"lazy\" decoding=\"async\" width=\"720\" height=\"540\" src=\"https:\/\/www.eggtraymaking.com\/wp-content\/uploads\/2025\/10\/Installation-drawing.webp\" alt=\"Installationsritning\" class=\"wp-image-9446\" srcset=\"https:\/\/www.eggtraymaking.com\/wp-content\/uploads\/2025\/10\/Installation-drawing.webp 720w, https:\/\/www.eggtraymaking.com\/wp-content\/uploads\/2025\/10\/Installation-drawing-360x270.webp 360w, https:\/\/www.eggtraymaking.com\/wp-content\/uploads\/2025\/10\/Installation-drawing-240x180.webp 240w, https:\/\/www.eggtraymaking.com\/wp-content\/uploads\/2025\/10\/Installation-drawing-16x12.webp 16w\" sizes=\"auto, (max-width: 720px) 100vw, 720px\" \/><figcaption class=\"wp-element-caption\">Installationsritning<\/figcaption><\/figure> <\/div>   <h2 class=\"wp-block-heading\">Exportfall<\/h2>    <p>I april 2024 exporterades en SL-4000 fruktbrickstillverkningslinje till Chile f\u00f6r \u00e4pplebrickproduktion, med en daglig produktion p\u00e5 cirka 30 000 brickor.<\/p>   <div class=\"wp-block-image\"> <figure class=\"aligncenter size-full\"><img loading=\"lazy\" decoding=\"async\" width=\"720\" height=\"540\" src=\"https:\/\/www.eggtraymaking.com\/wp-content\/uploads\/2025\/10\/SL-4000-fruit-tray-production-line-was-exported-to-Chile.webp\" alt=\"SL-4000 fruktbrickstillverkningslinje exporterades till Chile\" class=\"wp-image-9450\" srcset=\"https:\/\/www.eggtraymaking.com\/wp-content\/uploads\/2025\/10\/SL-4000-fruit-tray-production-line-was-exported-to-Chile.webp 720w, https:\/\/www.eggtraymaking.com\/wp-content\/uploads\/2025\/10\/SL-4000-fruit-tray-production-line-was-exported-to-Chile-360x270.webp 360w, https:\/\/www.eggtraymaking.com\/wp-content\/uploads\/2025\/10\/SL-4000-fruit-tray-production-line-was-exported-to-Chile-240x180.webp 240w, https:\/\/www.eggtraymaking.com\/wp-content\/uploads\/2025\/10\/SL-4000-fruit-tray-production-line-was-exported-to-Chile-16x12.webp 16w\" sizes=\"auto, (max-width: 720px) 100vw, 720px\" \/><figcaption class=\"wp-element-caption\">SL-4000 fruktbrickstillverkningslinje exporterades till Chile<\/figcaption><\/figure> <\/div>   <p><\/p>","protected":false},"excerpt":{"rendered":"<p>The fruit tray production line has two types: fully automatic and semi-automatic. It is an eco-friendly machine used to make pulp trays for packaging fruits such as apples, oranges, pears, mangoes, and strawberries.<\/p>","protected":false},"author":1,"featured_media":9664,"parent":0,"template":"","tags":[499],"product-type":[450],"class_list":["post-9444","product","type-product","status-publish","has-post-thumbnail","hentry","tag-fruit-tray-production-line","product-type-production-line"],"_links":{"self":[{"href":"https:\/\/www.eggtraymaking.com\/sw\/wp-json\/wp\/v2\/product\/9444","targetHints":{"allow":["GET"]}}],"collection":[{"href":"https:\/\/www.eggtraymaking.com\/sw\/wp-json\/wp\/v2\/product"}],"about":[{"href":"https:\/\/www.eggtraymaking.com\/sw\/wp-json\/wp\/v2\/types\/product"}],"author":[{"embeddable":true,"href":"https:\/\/www.eggtraymaking.com\/sw\/wp-json\/wp\/v2\/users\/1"}],"wp:featuredmedia":[{"embeddable":true,"href":"https:\/\/www.eggtraymaking.com\/sw\/wp-json\/wp\/v2\/media\/9664"}],"wp:attachment":[{"href":"https:\/\/www.eggtraymaking.com\/sw\/wp-json\/wp\/v2\/media?parent=9444"}],"wp:term":[{"taxonomy":"post_tag","embeddable":true,"href":"https:\/\/www.eggtraymaking.com\/sw\/wp-json\/wp\/v2\/tags?post=9444"},{"taxonomy":"product-type","embeddable":true,"href":"https:\/\/www.eggtraymaking.com\/sw\/wp-json\/wp\/v2\/product-type?post=9444"}],"curies":[{"name":"wp","href":"https:\/\/api.w.org\/{rel}","templated":true}]}}