{"id":3209,"date":"2020-11-24T11:55:55","date_gmt":"2020-11-24T03:55:55","guid":{"rendered":"https:\/\/www.eggtraymaking.com\/?p=3209"},"modified":"2025-06-25T15:17:18","modified_gmt":"2025-06-25T07:17:18","slug":"paper-apple-tray-making-machine-price","status":"publish","type":"product","link":"https:\/\/www.eggtraymaking.com\/sw\/paper-apple-tray-making-machine-price\/","title":{"rendered":"Maskin f\u00f6r tillverkning av pappers\u00e4ppelbricka | Produktionslinje f\u00f6r pulpafruktskivor"},"content":{"rendered":"<p class=\"translation-block\">Vifaa vya usindikaji wa kibiashara wa trei za matunda za karatasi sasa ni mradi muhimu wa uwekezaji kwa wawekezaji wengi. Miongoni mwao, mashine ya kutengeneza trei za tufaha za karatasi ni mashine bora kwa ajili ya kuchakata trei za matunda. Mashine hii ya kibiashara ya kuchakata tufaha inaweza kuchakata tena masanduku mbalimbali ya karatasi taka na magazeti na kuyachakata kuwa trei za matunda za vipimo tofauti. Zaidi ya hayo, ukubwa, rangi, uzito, n.k. wa trei ya tufaha ya karatasi iliyochakatwa inaweza kubinafsishwa kulingana na mahitaji ya mteja.<\/p>    <h2 class=\"wp-block-heading\" id=\"h-introduction-of-the-paper-apple-tray-making-machine\">Introduktion av maskinen f\u00f6r tillverkning av pappers\u00e4ppeltr\u00e5g<\/h2>    <p class=\"translation-block\"><strong>Pulp Apple Tray Machine<\/strong> hutumia magazeti taka, katoni taka, bidhaa za uchapishaji taka, na taka kutoka kwa viwanda mbalimbali vya bidhaa za karatasi kama malighafi, na huchanganywa kuwa tope la mkusanyiko fulani kupitia michakato kama vile kuvunjwa kwa maji, kuchuja, na kuongeza maji. Kawaida maalum ya chuma huchukuliwa na utupu kuwa bidhaa ya mvua, na bidhaa ya mvua iliyoandaliwa kisha hukaushwa na kubanwa kwa joto ili kuipa umbo.<\/p>    <figure class=\"wp-block-gallery has-nested-images columns-default is-cropped wp-block-gallery-2 is-layout-flex wp-block-gallery-is-layout-flex\"> <figure class=\"wp-block-image size-large\"><img loading=\"lazy\" decoding=\"async\" width=\"720\" height=\"540\" data-id=\"3224\" src=\"https:\/\/www.eggtraymaking.com\/wp-content\/uploads\/2020\/11\/apple-trays-made-by-fruit-trays-production-line.jpg\" alt=\"matanki za tofaa yaliyotengenezwa na laini ya uzalishaji wa matanki ya matunda\" class=\"wp-image-3224\" srcset=\"https:\/\/www.eggtraymaking.com\/wp-content\/uploads\/2020\/11\/apple-trays-made-by-fruit-trays-production-line.jpg 720w, https:\/\/www.eggtraymaking.com\/wp-content\/uploads\/2020\/11\/apple-trays-made-by-fruit-trays-production-line-240x180.jpg 240w, https:\/\/www.eggtraymaking.com\/wp-content\/uploads\/2020\/11\/apple-trays-made-by-fruit-trays-production-line-360x270.jpg 360w\" sizes=\"auto, (max-width: 720px) 100vw, 720px\" \/><figcaption class=\"wp-element-caption\">\u00c4ppeltr\u00e5g tillverkade av fruktr\u00e5g produktionslinje<\/figcaption><\/figure>    <figure class=\"wp-block-image size-large\"><img loading=\"lazy\" decoding=\"async\" width=\"720\" height=\"540\" data-id=\"3225\" src=\"https:\/\/www.eggtraymaking.com\/wp-content\/uploads\/2020\/11\/fruit-trays-made-of-paper-pulp.jpg\" alt=\"matanki ya matunda yaliyotengenezwa kwa massa ya karatasi\" class=\"wp-image-3225\" srcset=\"https:\/\/www.eggtraymaking.com\/wp-content\/uploads\/2020\/11\/fruit-trays-made-of-paper-pulp.jpg 720w, https:\/\/www.eggtraymaking.com\/wp-content\/uploads\/2020\/11\/fruit-trays-made-of-paper-pulp-240x180.jpg 240w, https:\/\/www.eggtraymaking.com\/wp-content\/uploads\/2020\/11\/fruit-trays-made-of-paper-pulp-360x270.jpg 360w\" sizes=\"auto, (max-width: 720px) 100vw, 720px\" \/><figcaption class=\"wp-element-caption\">Fruktkorgar gjorda av pappersmassa<\/figcaption><\/figure> <\/figure>    <h2 class=\"wp-block-heading\" id=\"h-components-of-the-paper-pulp-fruit-trays-production-line\">Komponenter av <strong><a href=\"https:\/\/www.eggtraymaking.com\/sw\/egg-tray-production-line\/\">produktionslinjen f\u00f6r fruktkorgar av pappersmassa<\/a><\/strong><\/h2>    <p>Maskinen f\u00f6r att tillverka \u00e4ppelsk\u00e5lar har en kompakt struktur och en relativt enkel driftsmetod. Bearbetning av pulp-\u00e4ppelsk\u00e5lar kr\u00e4ver vanligtvis en komplett upps\u00e4ttning bearbetningsutrustning, s\u00e5som en pulpmaskin, pulpblandare, pulp lagertank, \u00e4ppelsk\u00e5lsformningsmaskin och \u00e4ppelsk\u00e5ltork.<\/p>   <div class=\"wp-block-image\"> <figure class=\"aligncenter size-large is-resized\"><img loading=\"lazy\" decoding=\"async\" width=\"720\" height=\"540\" src=\"https:\/\/www.eggtraymaking.com\/wp-content\/uploads\/2020\/11\/small-type-apple-tray-maker-machine.jpg\" alt=\"liten typ av \u00e4ppelkorgstillverkningsmaskin\" class=\"wp-image-3217\" style=\"width:797px;height:598px\" srcset=\"https:\/\/www.eggtraymaking.com\/wp-content\/uploads\/2020\/11\/small-type-apple-tray-maker-machine.jpg 720w, https:\/\/www.eggtraymaking.com\/wp-content\/uploads\/2020\/11\/small-type-apple-tray-maker-machine-240x180.jpg 240w, https:\/\/www.eggtraymaking.com\/wp-content\/uploads\/2020\/11\/small-type-apple-tray-maker-machine-360x270.jpg 360w\" sizes=\"auto, (max-width: 720px) 100vw, 720px\" \/><figcaption class=\"wp-element-caption\">liten typ av \u00e4ppelkorgstillverkningsmaskin<\/figcaption><\/figure> <\/div>   <p>1-Pulpningssystem: pulper, slam pump, vibrationssk\u00e4rm, raffin\u00f6r, omr\u00f6rare, etc.<br>2- System f\u00f6r formar: trummformningsmaskin, form, luftkompressor, luftkompressortank, vakuumpump, vakuumtank, h\u00f6gtrycksvattenpump, \u00e5ng-vatten separationspump, etc.<br>3-Torksystem: varm luftfl\u00e4kt, avfuktning fl\u00e4kt, avfuktning r\u00f6r, br\u00e4nnare, f\u00f6rbr\u00e4nningskammare, transportband, kedja, etc.<br>4-Packningssystem: pressutrustning, packmaskin, etc.<\/p>    <h2 class=\"wp-block-heading\" id=\"h-raw-materials-for-making-paper-apple-trays\">R\u00e5varor f\u00f6r att tillverka pappers\u00e4ppeltr\u00e5g<\/h2>    <p>R\u00e5materialen f\u00f6r produktionen av pappers\u00e4ppel\u00e4ggtr\u00e5g \u00e4r fr\u00e4mst avfallstidningar, kartonger och skr\u00e4p fr\u00e5n pappersbruk, kartongfabriker och tryckerier. D\u00e4rf\u00f6r \u00e4r r\u00e5materialresurserna som anv\u00e4nds i produktionen av fruktr\u00e5g rikliga, priset \u00e4r l\u00e5gt och produktionskostnaden \u00e4r l\u00e5g. <\/p>   <div class=\"wp-block-image\"> <figure class=\"aligncenter size-large\"><img loading=\"lazy\" decoding=\"async\" width=\"720\" height=\"540\" src=\"https:\/\/www.eggtraymaking.com\/wp-content\/uploads\/2020\/11\/raw-materials-for-making-apple-trays.jpg\" alt=\"r\u00e5varor f\u00f6r att tillverka \u00e4ppelkorgar\" class=\"wp-image-3216\" srcset=\"https:\/\/www.eggtraymaking.com\/wp-content\/uploads\/2020\/11\/raw-materials-for-making-apple-trays.jpg 720w, https:\/\/www.eggtraymaking.com\/wp-content\/uploads\/2020\/11\/raw-materials-for-making-apple-trays-240x180.jpg 240w, https:\/\/www.eggtraymaking.com\/wp-content\/uploads\/2020\/11\/raw-materials-for-making-apple-trays-360x270.jpg 360w\" sizes=\"auto, (max-width: 720px) 100vw, 720px\" \/><figcaption class=\"wp-element-caption\">r\u00e5varor f\u00f6r att tillverka \u00e4ppelkorgar<\/figcaption><\/figure> <\/div>   <p>Dessutom sl\u00e4pps det inte ut n\u00e5got avloppsvatten eller avfallsgas under produktionen av \u00e4ppelkorgar. Vattnet som anv\u00e4nds i produktionsprocessen kan \u00e5tervinnas, kommer inte att f\u00f6rorena milj\u00f6n och kan spara vattenkostnader.<\/p>    <h2 class=\"wp-block-heading\" id=\"h-types-of-paper-apple-trays\">Typer av pappers\u00e4ppeltr\u00e5g<\/h2>    <p class=\"translation-block\">Mashine ya kutengeneza trei za tufaha za karatasi inaweza kuchakata maumbo mbalimbali ya trei za matunda. Aina hizi tofauti za trei za matunda zinaweza kutumika kushikilia matunda na mboga mbalimbali, kama vile pears, tangerines, machungwa, kiwis, persimmons, nyanya, n.k. Zaidi ya hayo, ukubwa, rangi, unene, na umbo la trei ya tufaha vinaweza kubinafsishwa.<\/p>   <div class=\"wp-block-image\"> <figure class=\"aligncenter size-large\"><img loading=\"lazy\" decoding=\"async\" width=\"720\" height=\"540\" src=\"https:\/\/www.eggtraymaking.com\/wp-content\/uploads\/2020\/11\/all-kinds-of-fruit-trays.jpg\" alt=\"alla slags fruktkorgar\" class=\"wp-image-3221\" srcset=\"https:\/\/www.eggtraymaking.com\/wp-content\/uploads\/2020\/11\/all-kinds-of-fruit-trays.jpg 720w, https:\/\/www.eggtraymaking.com\/wp-content\/uploads\/2020\/11\/all-kinds-of-fruit-trays-240x180.jpg 240w, https:\/\/www.eggtraymaking.com\/wp-content\/uploads\/2020\/11\/all-kinds-of-fruit-trays-360x270.jpg 360w\" sizes=\"auto, (max-width: 720px) 100vw, 720px\" \/><figcaption class=\"wp-element-caption\">alla slags fruktkorgar<\/figcaption><\/figure> <\/div>   <h2 class=\"wp-block-heading\" id=\"h-how-to-make-apple-trays-smoother\">Hur man g\u00f6r \u00e4ppeltr\u00e5g sl\u00e4tare?<\/h2>    <p>\u00c4ppelbr\u00e4dor som bearbetas av en fruktbr\u00e4desbearbetningsmaskin har vanligtvis grova ytor. De \u00e4ppelbr\u00e4dor vi ofta ser \u00e4r vanligtvis sl\u00e4ta och regelbundna i formen. Varf\u00f6r? Detta beror p\u00e5 att pappersbr\u00e4dan som direkt pressas av \u00e4ppelbr\u00e4desmassans formningsmaskin beh\u00f6ver v\u00e4rmas upp och extruderas ytterligare. Vi kan anv\u00e4nda en hetpress f\u00f6r att ytterligare bearbeta \u00e4ppelbr\u00e4dan.<\/p>   <div class=\"wp-block-image\"> <figure class=\"aligncenter size-large is-resized\"><img loading=\"lazy\" decoding=\"async\" width=\"720\" height=\"540\" src=\"https:\/\/www.eggtraymaking.com\/wp-content\/uploads\/2020\/11\/paper-apple-trays-hot-pressing-machine.jpg\" alt=\"maskin f\u00f6r varmpressning av pappers\u00e4ppelsk\u00e5lar\" class=\"wp-image-3222\" style=\"width:803px;height:602px\" srcset=\"https:\/\/www.eggtraymaking.com\/wp-content\/uploads\/2020\/11\/paper-apple-trays-hot-pressing-machine.jpg 720w, https:\/\/www.eggtraymaking.com\/wp-content\/uploads\/2020\/11\/paper-apple-trays-hot-pressing-machine-240x180.jpg 240w, https:\/\/www.eggtraymaking.com\/wp-content\/uploads\/2020\/11\/paper-apple-trays-hot-pressing-machine-360x270.jpg 360w\" sizes=\"auto, (max-width: 720px) 100vw, 720px\" \/><figcaption class=\"wp-element-caption\">maskin f\u00f6r varmpressning av pappers\u00e4ppelsk\u00e5lar<\/figcaption><\/figure> <\/div>","protected":false},"excerpt":{"rendered":"<p>Maskinen f\u00f6r att tillverka pappers\u00e4pplar \u00e4r en idealisk maskin f\u00f6r att bearbeta fruktkorgar. Denna kommersiella maskin f\u00f6r bearbetning av \u00e4ppelkorgar kan \u00e5tervinna olika typer av avfallspappersl\u00e5dor och tidningar och bearbeta dem till fruktkorgar av olika specifikationer. <\/p>","protected":false},"author":1,"featured_media":3215,"parent":0,"template":"","tags":[437,436,438],"product-type":[451],"class_list":["post-3209","product","type-product","status-publish","has-post-thumbnail","hentry","tag-fruit-trays-production-line","tag-paper-apple-tray-making-machine","tag-paper-pulp-cartons","product-type-pulp-molding-machine"],"_links":{"self":[{"href":"https:\/\/www.eggtraymaking.com\/sw\/wp-json\/wp\/v2\/product\/3209","targetHints":{"allow":["GET"]}}],"collection":[{"href":"https:\/\/www.eggtraymaking.com\/sw\/wp-json\/wp\/v2\/product"}],"about":[{"href":"https:\/\/www.eggtraymaking.com\/sw\/wp-json\/wp\/v2\/types\/product"}],"author":[{"embeddable":true,"href":"https:\/\/www.eggtraymaking.com\/sw\/wp-json\/wp\/v2\/users\/1"}],"wp:featuredmedia":[{"embeddable":true,"href":"https:\/\/www.eggtraymaking.com\/sw\/wp-json\/wp\/v2\/media\/3215"}],"wp:attachment":[{"href":"https:\/\/www.eggtraymaking.com\/sw\/wp-json\/wp\/v2\/media?parent=3209"}],"wp:term":[{"taxonomy":"post_tag","embeddable":true,"href":"https:\/\/www.eggtraymaking.com\/sw\/wp-json\/wp\/v2\/tags?post=3209"},{"taxonomy":"product-type","embeddable":true,"href":"https:\/\/www.eggtraymaking.com\/sw\/wp-json\/wp\/v2\/product-type?post=3209"}],"curies":[{"name":"wp","href":"https:\/\/api.w.org\/{rel}","templated":true}]}}