{"id":1014,"date":"2019-05-28T02:20:46","date_gmt":"2019-05-28T02:20:46","guid":{"rendered":"https:\/\/www.eggtraymaking.com\/?p=1014"},"modified":"2025-11-24T18:01:34","modified_gmt":"2025-11-24T10:01:34","slug":"12-side-egg-tray-machine","status":"publish","type":"product","link":"https:\/\/www.eggtraymaking.com\/sw\/12-side-egg-tray-machine\/","title":{"rendered":"Maskin f\u00f6r \u00e4ggbricka med 12 fack"},"content":{"rendered":"<p class=\"translation-block\">Den 12-sidiga <a href=\"https:\/\/www.eggtraymaking.com\/sw\/egg-tray-making-machine\/\">\u00e4ggbr\u00e4de-maskinen<\/a> inklusive tv\u00e5 modeller. Den f\u00f6rsta modellen kan producera cirka 6000 st per timme, den andra modellen cirka 8000 st per timme. Den passar f\u00f6r storskalig fabriksproduktion. Zhengzhou Shuliy Machinery har rik produktionserfarenhet. Den \u00e4r l\u00e4tt att anv\u00e4nda och kan spara mycket arbetskostnad. <\/p>    <figure class=\"wp-block-embed is-type-video is-provider-youtube wp-block-embed-youtube wp-embed-aspect-16-9 wp-has-aspect-ratio\"><div class=\"wp-block-embed__wrapper\"> <iframe loading=\"lazy\" title=\"4000 bitar\/h \u00c4ggkartongstillverkningsmaskin i drift! Topp leverant\u00f6r av \u00e4ggbricka maskin #\u00e4ggbricka maskin\" width=\"500\" height=\"281\" src=\"https:\/\/www.youtube.com\/embed\/kW1KjK-Az3o?feature=oembed\" frameborder=\"0\" allow=\"accelerometer; autoplay; clipboard-write; encrypted-media; gyroscope; picture-in-picture; web-share\" referrerpolicy=\"strict-origin-when-cross-origin\" allowfullscreen><\/iframe> <\/div><figcaption class=\"wp-element-caption\">video om \u00e4ggkartongmaskin<\/figcaption><\/figure>    <h2 class=\"wp-block-heading\"><strong>Introduktion av 12-sidig \u00e4ggbricka maskin <\/strong><strong><\/strong><\/h2>    <p>Modell SL-5*12 kan producera cirka 6000 stycken \u00e4ggkartonger per timme. Denna modell fungerar smidigt med ett helt automatiskt system. Denna modell har en mycket h\u00f6g kapacitet under samma konsumtionsf\u00f6rh\u00e5llanden. Dessutom kan den kopplas till olika torkmetoder, vilket kan spara mer energi, arbetskraft och kostnader.<\/p>    <figure class=\"wp-block-gallery has-nested-images columns-default is-cropped wp-block-gallery-2 is-layout-flex wp-block-gallery-is-layout-flex\"> <figure class=\"wp-block-image\"><img loading=\"lazy\" decoding=\"async\" width=\"750\" height=\"496\" data-id=\"1194\" src=\"https:\/\/www.eggtraymaking.com\/wp-content\/uploads\/2019\/05\/SL-512-12-Side-Egg-Tray-Machine-3.jpg\" alt=\"SL-512-12 Side Egg Tray Machine (3)\" class=\"wp-image-1194\" srcset=\"https:\/\/www.eggtraymaking.com\/wp-content\/uploads\/2019\/05\/SL-512-12-Side-Egg-Tray-Machine-3.jpg 750w, https:\/\/www.eggtraymaking.com\/wp-content\/uploads\/2019\/05\/SL-512-12-Side-Egg-Tray-Machine-3-360x238.jpg 360w\" sizes=\"auto, (max-width: 750px) 100vw, 750px\" \/><\/figure>    <figure class=\"wp-block-image\"><img loading=\"lazy\" decoding=\"async\" width=\"750\" height=\"496\" data-id=\"1195\" src=\"https:\/\/www.eggtraymaking.com\/wp-content\/uploads\/2019\/05\/SL-512-12-Side-Egg-Tray-Machine-4.jpg\" alt=\"SL-512-12 Side Egg Tray Machine (4)\" class=\"wp-image-1195\" srcset=\"https:\/\/www.eggtraymaking.com\/wp-content\/uploads\/2019\/05\/SL-512-12-Side-Egg-Tray-Machine-4.jpg 750w, https:\/\/www.eggtraymaking.com\/wp-content\/uploads\/2019\/05\/SL-512-12-Side-Egg-Tray-Machine-4-360x238.jpg 360w\" sizes=\"auto, (max-width: 750px) 100vw, 750px\" \/><\/figure> <\/figure>    <p class=\"translation-block\">Model SL-6*12 <a href=\"https:\/\/en.wikipedia.org\/wiki\/Egg_carton\" target=\"_blank\" rel=\"noopener\">\u00e4ggbr\u00e4de<\/a> maskin kan producera cirka 8000 st \u00e4ggbr\u00e4de per timme. Denna modell har st\u00f6rst kapacitet. Denna modell k\u00f6rs smidigt med ett fullt automatiskt system. Denna modell har mycket h\u00f6g kapacitet under samma konsumtionsf\u00f6rh\u00e5llanden. Dessutom kan den kopplas till olika torkmetoder, vilket sparar mer kraft, arbetskraft och kostnad. Endast 3-4 personer kan driva denna fullst\u00e4ndiga produktionslinje. Denna produktionslinje har f\u00f6rdelar som l\u00e5gt r\u00e5materialkostnad, stor output och snabb \u00e5terh\u00e4mtning av int\u00e4kter. <\/p>    <h2 class=\"wp-block-heading\"><strong>Parametrar f\u00f6r 12 \u00e4ggbricka maskin<\/strong><strong><\/strong><\/h2>    <div class=\"table_grad scroll_tablex\">       <table class=\"table_tab responsive\"><tbody><tr><td>Modell<\/td><td>Kapacitet<\/td><td>Vattenpapper<\/td><td>Vattenkonsumtion<\/td><td>Elf\u00f6rbrukning<\/td><td>Arbetare<\/td><\/tr><tr><td>SL-5*12<\/td><td>6000st\/h<\/td><td>480kg\/h<\/td><td>900kg\/h<\/td><td>90kw\/h<\/td><td>3-4<\/td><\/tr><tr><td>SL-6*12<\/td><td>8000st\/h<\/td><td>640kg\/h<\/td><td>1040kg\/h<\/td><td>100kw\/h<\/td><td>3-4<\/td><\/tr><\/tbody><\/table><\/div>    <h2 class=\"wp-block-heading\"><strong>Tillsatser kan l\u00e4ggas till i tillverkningsprocessen<\/strong><\/h2>    <p>F\u00e4rg kan l\u00e4ggas till f\u00f6r att skapa olika f\u00e4rger p\u00e5 \u00e4ggtr\u00e5get. Eftersom \u00e4ggtr\u00e5gformen kan anpassas efter olika kundbehov. Ibland vill kunden skapa n\u00e5gra vackra f\u00e4rger p\u00e5 grund av sina id\u00e9er. S\u00e4tt bara f\u00e4rgen i mixern, s\u00e5 kommer pulpans f\u00e4rg att f\u00f6r\u00e4ndras. Sedan kan \u00e4ggtr\u00e5get f\u00f6r f\u00f6rs\u00e4ljning bearbetas till valfria f\u00e4rger.<\/p>    <figure class=\"wp-block-gallery has-nested-images columns-default is-cropped wp-block-gallery-3 is-layout-flex wp-block-gallery-is-layout-flex\"> <figure class=\"wp-block-image\"><img loading=\"lazy\" decoding=\"async\" width=\"500\" height=\"348\" data-id=\"1200\" src=\"https:\/\/www.eggtraymaking.com\/wp-content\/uploads\/2019\/05\/SL-512-12-Side-Egg-Tray-Machine-1.jpg\" alt=\"SL-512-12 Side Egg Tray Machine (1)\" class=\"wp-image-1200\" srcset=\"https:\/\/www.eggtraymaking.com\/wp-content\/uploads\/2019\/05\/SL-512-12-Side-Egg-Tray-Machine-1.jpg 500w, https:\/\/www.eggtraymaking.com\/wp-content\/uploads\/2019\/05\/SL-512-12-Side-Egg-Tray-Machine-1-360x251.jpg 360w\" sizes=\"auto, (max-width: 500px) 100vw, 500px\" \/><\/figure>    <figure class=\"wp-block-image\"><img loading=\"lazy\" decoding=\"async\" width=\"500\" height=\"339\" data-id=\"1201\" src=\"https:\/\/www.eggtraymaking.com\/wp-content\/uploads\/2019\/05\/SL-512-12-Side-Egg-Tray-Machine-2.jpg\" alt=\"12 \u00c4ggbricka Maskin\" class=\"wp-image-1201\" srcset=\"https:\/\/www.eggtraymaking.com\/wp-content\/uploads\/2019\/05\/SL-512-12-Side-Egg-Tray-Machine-2.jpg 500w, https:\/\/www.eggtraymaking.com\/wp-content\/uploads\/2019\/05\/SL-512-12-Side-Egg-Tray-Machine-2-360x244.jpg 360w\" sizes=\"auto, (max-width: 500px) 100vw, 500px\" \/><\/figure> <\/figure>    <p>Lim kan l\u00e4ggas till f\u00f6r att \u00f6ka livsl\u00e4ngden p\u00e5 \u00e4ggtr\u00e5get. Lim har funktionen av vattent\u00e5lighet. Det \u00e4r ett viktigt tillsatsmedel under processen med \u00e4ggtr\u00e5gmaskinen. <\/p>    <p>Det \u00e4r mycket viktigt att tills\u00e4tta l\u00e4mpliga tillsatser vid produktion av \u00e4ggtr\u00e5dar. Eftersom det fr\u00e4mjar produktionen av \u00e4ggtr\u00e5dar av h\u00f6gre kvalitet. Denna typ av maskin kan producera \u00e4ggtr\u00e5dar med h\u00f6g kapacitet. <\/p>    <h2 class=\"wp-block-heading\"><strong>V\u00e4lj en professionell tillverkare av \u00e4ggbrickor<\/strong><strong><\/strong><\/h2>    <p>Vi \u00e4r en tillverkare av \u00e4ggbricksmaskiner, vi har st\u00e4ndigt f\u00f6rb\u00e4ttrats enligt v\u00e5ra kunders feedback och str\u00e4var efter att vara den b\u00e4sta leverant\u00f6ren av \u00e4ggbricks-maskiner. V\u00e5ra ingenj\u00f6rer har f\u00f6rb\u00e4ttrat teknologin f\u00f6r att maximera v\u00e5ra kunders f\u00f6rdelar. Professionell kunskap, erfaret arbetskraft och ett perfekt eftermarknadsservicessystem \u00e4r viktiga faktorer f\u00f6r kunder att v\u00e4lja oss. Vi har m\u00e5nga lager i v\u00e5r fabrik. S\u00e5som \u00e4pplebricks, vinbricks, etc. V\u00e4lkommen till v\u00e5r fabrik f\u00f6r bes\u00f6k. <\/p>","protected":false},"excerpt":{"rendered":"<p>The 12 side egg tray machine including two models. The first model can produce about 6000pcs per hour, the second model can produce about 8000pcs per hour. It is suitable for big scale factory production. Zhengzhou Shuliy Machinery has rich production experience. It is easy to operate and can save much labor cost. Introduction of [&hellip;]<\/p>\n","protected":false},"author":1,"featured_media":1382,"parent":0,"template":"","tags":[17],"product-type":[449],"class_list":["post-1014","product","type-product","status-publish","has-post-thumbnail","hentry","tag-egg-tray-machine","product-type-egg-tray-machine-by-capacity"],"_links":{"self":[{"href":"https:\/\/www.eggtraymaking.com\/sw\/wp-json\/wp\/v2\/product\/1014","targetHints":{"allow":["GET"]}}],"collection":[{"href":"https:\/\/www.eggtraymaking.com\/sw\/wp-json\/wp\/v2\/product"}],"about":[{"href":"https:\/\/www.eggtraymaking.com\/sw\/wp-json\/wp\/v2\/types\/product"}],"author":[{"embeddable":true,"href":"https:\/\/www.eggtraymaking.com\/sw\/wp-json\/wp\/v2\/users\/1"}],"wp:featuredmedia":[{"embeddable":true,"href":"https:\/\/www.eggtraymaking.com\/sw\/wp-json\/wp\/v2\/media\/1382"}],"wp:attachment":[{"href":"https:\/\/www.eggtraymaking.com\/sw\/wp-json\/wp\/v2\/media?parent=1014"}],"wp:term":[{"taxonomy":"post_tag","embeddable":true,"href":"https:\/\/www.eggtraymaking.com\/sw\/wp-json\/wp\/v2\/tags?post=1014"},{"taxonomy":"product-type","embeddable":true,"href":"https:\/\/www.eggtraymaking.com\/sw\/wp-json\/wp\/v2\/product-type?post=1014"}],"curies":[{"name":"wp","href":"https:\/\/api.w.org\/{rel}","templated":true}]}}