{"id":1010,"date":"2019-05-28T02:19:28","date_gmt":"2019-05-28T02:19:28","guid":{"rendered":"https:\/\/www.eggtraymaking.com\/?p=1010"},"modified":"2026-01-04T17:31:32","modified_gmt":"2026-01-04T09:31:32","slug":"4-side-egg-tray-machine","status":"publish","type":"product","link":"https:\/\/www.eggtraymaking.com\/sw\/4-side-egg-tray-machine\/","title":{"rendered":"4-sidig \u00e4ggbricka maskin"},"content":{"rendered":"<p>\u00c4ggkartonger anv\u00e4nds huvudsakligen f\u00f6r f\u00f6rpackning av \u00e4gg s\u00e5som h\u00f6ns\u00e4gg och ank\u00e4gg. Dess huvudfunktion \u00e4r att absorbera vibrationer och minska skador p\u00e5 \u00f6mt\u00e5liga material under transport. Det \u00e4r den huvudsakliga maskinen f\u00f6r att producera \u00e4ggkartonger. <\/p>    <h2 class=\"wp-block-heading\">Hela produktionsprocessen<\/h2>    <p class=\"translation-block\">Waste papper \u2013 <a href=\"https:\/\/www.eggtraymaking.com\/sw\/pulping-equipment\/\">pulping<\/a> \u2013 <a href=\"https:\/\/en.wikipedia.org\/wiki\/Pulp_(paper)\" target=\"_blank\" rel=\"noopener\">pulp<\/a> blandning \u2013 siktning \u2013 pulp-f\u00f6rs\u00f6rjning \u2013 formning \u2013 torkning \u2013 integer \u2013 kolla in \u2013 paket<\/p>    <figure class=\"wp-block-image\"><img loading=\"lazy\" decoding=\"async\" width=\"800\" height=\"697\" src=\"https:\/\/www.eggtraymaking.com\/wp-content\/uploads\/2019\/05\/Egg-Tray-Machine-5-1.jpg\" alt=\"\" class=\"wp-image-1061\" srcset=\"https:\/\/www.eggtraymaking.com\/wp-content\/uploads\/2019\/05\/Egg-Tray-Machine-5-1.jpg 800w, https:\/\/www.eggtraymaking.com\/wp-content\/uploads\/2019\/05\/Egg-Tray-Machine-5-1-310x270.jpg 310w, https:\/\/www.eggtraymaking.com\/wp-content\/uploads\/2019\/05\/Egg-Tray-Machine-5-1-768x669.jpg 768w\" sizes=\"auto, (max-width: 800px) 100vw, 800px\" \/><\/figure>    <h2 class=\"wp-block-heading\">Parametrar f\u00f6r \u00e4ggtraysmaskin med 4 sidor<\/h2>    <figure class=\"wp-block-table\"><table><tbody><tr><td>Modell<\/td><td>Kapacitet<\/td><td>Elf\u00f6rbrukning<\/td><td>Vattenkonsumtion<\/td><td>Pappersf\u00f6rbrukning<\/td><td>Arbetare<\/td><\/tr><tr><td>SL-3*4<\/td><td>2000-2500 stycken\/tim<\/td><td>58 kW\/tim<\/td><td>450kg\/h<\/td><td>200kg\/h<\/td><td>4-5<\/td><\/tr><tr><td>SL-4*4<\/td><td>3000-3500 stycken\/h<\/td><td><br>78kw\/h<\/td><td>560kg\/h<\/td><td>280kg\/h<\/td><td>4-5<\/td><\/tr><\/tbody><\/table><\/figure>    <figure class=\"wp-block-gallery has-nested-images columns-default is-cropped wp-block-gallery-2 is-layout-flex wp-block-gallery-is-layout-flex\"> <figure class=\"wp-block-image\"><img loading=\"lazy\" decoding=\"async\" width=\"800\" height=\"800\" data-id=\"1062\" src=\"https:\/\/www.eggtraymaking.com\/wp-content\/uploads\/2019\/05\/SL-34Egg-Tray-Machine-1.jpg\" alt=\"SL-3*4 Mashine ya Tray ya Yai\" class=\"wp-image-1062\" srcset=\"https:\/\/www.eggtraymaking.com\/wp-content\/uploads\/2019\/05\/SL-34Egg-Tray-Machine-1.jpg 800w, https:\/\/www.eggtraymaking.com\/wp-content\/uploads\/2019\/05\/SL-34Egg-Tray-Machine-1-270x270.jpg 270w, https:\/\/www.eggtraymaking.com\/wp-content\/uploads\/2019\/05\/SL-34Egg-Tray-Machine-1-768x768.jpg 768w\" sizes=\"auto, (max-width: 800px) 100vw, 800px\" \/><figcaption class=\"wp-element-caption\">Sl-3*4 \u00c4ggbricka Maskin<\/figcaption><\/figure>    <figure class=\"wp-block-image\"><img loading=\"lazy\" decoding=\"async\" width=\"800\" height=\"800\" data-id=\"1063\" src=\"https:\/\/www.eggtraymaking.com\/wp-content\/uploads\/2019\/05\/SL-44-Egg-Tray-Machine-6.jpg\" alt=\"SL-4*4 Mashine ya Tray ya Yai\" class=\"wp-image-1063\" srcset=\"https:\/\/www.eggtraymaking.com\/wp-content\/uploads\/2019\/05\/SL-44-Egg-Tray-Machine-6.jpg 800w, https:\/\/www.eggtraymaking.com\/wp-content\/uploads\/2019\/05\/SL-44-Egg-Tray-Machine-6-270x270.jpg 270w, https:\/\/www.eggtraymaking.com\/wp-content\/uploads\/2019\/05\/SL-44-Egg-Tray-Machine-6-768x768.jpg 768w\" sizes=\"auto, (max-width: 800px) 100vw, 800px\" \/><figcaption class=\"wp-element-caption\">Sl-4*4 \u00c4ggbricka Maskin<\/figcaption><\/figure> <\/figure>    <h2 class=\"wp-block-heading\">Introduktion av modell SL-3*4 <\/h2>    <p>Modell SL-3*4 kan producera cirka 2000-2500 stycken per timme. Denna maskin har fyra plattor. Plattan roterar st\u00e4ndigt. D\u00e4rf\u00f6r kan den spara mycket tid att v\u00e4nta. Det \u00e4r en roterande maskin, med flera formningsplattor och en \u00f6verf\u00f6ringsplatta. Denna design kommer att f\u00f6rb\u00e4ttra effektiviteten och \u00f6ka kapaciteten och vinsten avsev\u00e4rt j\u00e4mf\u00f6rt med lutande maskin. <\/p>    <p>Modell SL-4*4 kan producera cirka 3000-3500 stycken \u00e4ggtr\u00e5g per timme. Denna modell har fyra plattor. Det beh\u00f6vs cirka 4-5 personer f\u00f6r att driva hela produktionen. Om anv\u00e4ndaren vill g\u00f6ra \u00e4ggtr\u00e5g i olika f\u00e4rger, l\u00e4gg bara till f\u00e4rg i pulpapoolen. Pulpaf\u00e4rgen kommer att f\u00f6r\u00e4ndras efter omr\u00f6rning. Nyansen av f\u00e4rgen \u00e4r relaterad till proportionen av f\u00e4rgen och pulp.<\/p>    <ol class=\"wp-block-list\"> <li>Kostnadsbesparing p\u00e5 arbetskraft: De fyra sidorna <strong><a href=\"https:\/\/www.eggtraymaking.com\/sw\/egg-tray-making-machine\/\">maskin f\u00f6r \u00e4ggtr\u00e5g<\/a><\/strong> \u00e4r en fullst\u00e4ndig produktionslinje, som endast beh\u00f6ver 5-6 personer f\u00f6r att driva den. Det sparar mycket arbetskostnader och f\u00f6rb\u00e4ttrar arbets effektiviteten. Arbetskostnader \u00e4r s\u00e4rskilt dyra i vissa l\u00e4nder. S\u00e5 automatiserad produktion kommer att minska produktionskostnaderna avsev\u00e4rt. <\/li>    <li>Billiga r\u00e5material: R\u00e5materialet f\u00f6r att tillverka olika \u00e4ggtr\u00e5g \u00e4r huvudsakligen alla typer av avfallspapper. S\u00e5som avfallbok, avfallstidning, avfallspapper och s\u00e5 vidare. Avfallet \u00e4r ganska billigare, vilket kraftigt minskar kostnaden. Modellen med fyra sidor kan anv\u00e4nda dessa material f\u00f6r att bilda \u00e4ggtr\u00e5get. <\/li>    <li>Bred f\u00f6rs\u00e4ljningsmarknad: \u00c4ggtr\u00e5den kan anv\u00e4ndas inom olika omr\u00e5den. Denna maskin kan tillverka produkter i olika former, s\u00e5som \u00e4ggtr\u00e5dar, f\u00e4rska frukttr\u00e5dar, elektriska inre tr\u00e5dar, tr\u00e5dar f\u00f6r \u00f6mt\u00e5liga produkter, tr\u00e5dar f\u00f6r jordbruk, mat- och medicinf\u00f6rpackningar, medicinska produkter, f\u00f6rpackningar f\u00f6r specialindustrier, etc. S\u00e5 \u00e4ggtr\u00e5den har en stor f\u00f6rs\u00e4ljningsmarknad. <\/li>    <li>Mogen service av f\u00f6r- och efterf\u00f6rs\u00e4ljning<\/li> <\/ol>    <p>Zhengzhou Shuliy Machinery imekuwa ikizalisha laini nzima ya uzalishaji kwa zaidi ya miaka kumi na tuna teknolojia iliyokomaa na wafanyakazi wenye uzoefu. Hivyo tunaweza kubinafsisha mashine kulingana na mahitaji ya mteja. Kama vile kubadilisha voltage, kubinafsisha ukungu, kubuni michoro, nk. Tunaweza kutuma wafanyakazi kwenye jiji lako kufunga mashine. Mfanyakazi wetu anaweza kukusaidia kubuni michoro ya kiwanda kulingana na hali halisi ya mteja.<\/p>    <figure class=\"wp-block-image\"><img loading=\"lazy\" decoding=\"async\" width=\"800\" height=\"800\" src=\"https:\/\/www.eggtraymaking.com\/wp-content\/uploads\/2019\/05\/Egg-Tray-Machine-2-1.jpg\" alt=\"\" class=\"wp-image-1058\" srcset=\"https:\/\/www.eggtraymaking.com\/wp-content\/uploads\/2019\/05\/Egg-Tray-Machine-2-1.jpg 800w, https:\/\/www.eggtraymaking.com\/wp-content\/uploads\/2019\/05\/Egg-Tray-Machine-2-1-270x270.jpg 270w, https:\/\/www.eggtraymaking.com\/wp-content\/uploads\/2019\/05\/Egg-Tray-Machine-2-1-768x768.jpg 768w\" sizes=\"auto, (max-width: 800px) 100vw, 800px\" \/><\/figure>    <h2 class=\"wp-block-heading\"><strong>Torkningsmetod f\u00f6r maskinen f\u00f6r \u00e4ggtrays p\u00e5 4 sidor<\/strong><strong><\/strong><\/h2>    <p>F\u00f6r maskinen f\u00f6r \u00e4ggtrays med fyra sidor finns det m\u00e5nga torkmetoder. Till exempel kan du v\u00e4lja naturlig torkning om du har tillr\u00e4ckligt med utrymme f\u00f6r att placera \u00e4ggtrays, vilket \u00e4r det mest kostnadseffektiva. Du kan ocks\u00e5 v\u00e4lja en tegelstens torklinje med liten vagn eller ett transportband. Relativt sett kommer de flesta att v\u00e4lja tegelstens torklinjen p\u00e5 grund av kostnadsbesparingen. Eller s\u00e5 kan vi erbjuda en metalltorkl\u00e5da f\u00f6r att torka \u00e4ggtrays. Detta \u00e4r den mest effektiva torkmetoden. Hur som helst, Zhengzhou Shuliy Machinery kommer att erbjuda v\u00e5r b\u00e4sta och professionella service till dig. V\u00e4lkommen att kontakta oss!<\/p>","protected":false},"excerpt":{"rendered":"<p>Egg trays are mainly used for packaging eggs such as eggs and duck eggs. Its main function is to absorb vibration and reduce the damage of fragile materials during transportation.&nbsp;It is the main machine to produce egg tray. Whole production process Waste paper &#8211; pulping &#8211; pulp mixing &#8211; sifting &#8211; pulp supply &#8211; shaping [&hellip;]<\/p>\n","protected":false},"author":1,"featured_media":9537,"parent":0,"template":"","tags":[17],"product-type":[449],"class_list":["post-1010","product","type-product","status-publish","has-post-thumbnail","hentry","tag-egg-tray-machine","product-type-egg-tray-machine-by-capacity"],"_links":{"self":[{"href":"https:\/\/www.eggtraymaking.com\/sw\/wp-json\/wp\/v2\/product\/1010","targetHints":{"allow":["GET"]}}],"collection":[{"href":"https:\/\/www.eggtraymaking.com\/sw\/wp-json\/wp\/v2\/product"}],"about":[{"href":"https:\/\/www.eggtraymaking.com\/sw\/wp-json\/wp\/v2\/types\/product"}],"author":[{"embeddable":true,"href":"https:\/\/www.eggtraymaking.com\/sw\/wp-json\/wp\/v2\/users\/1"}],"wp:featuredmedia":[{"embeddable":true,"href":"https:\/\/www.eggtraymaking.com\/sw\/wp-json\/wp\/v2\/media\/9537"}],"wp:attachment":[{"href":"https:\/\/www.eggtraymaking.com\/sw\/wp-json\/wp\/v2\/media?parent=1010"}],"wp:term":[{"taxonomy":"post_tag","embeddable":true,"href":"https:\/\/www.eggtraymaking.com\/sw\/wp-json\/wp\/v2\/tags?post=1010"},{"taxonomy":"product-type","embeddable":true,"href":"https:\/\/www.eggtraymaking.com\/sw\/wp-json\/wp\/v2\/product-type?post=1010"}],"curies":[{"name":"wp","href":"https:\/\/api.w.org\/{rel}","templated":true}]}}