{"id":729,"date":"2019-05-20T03:24:32","date_gmt":"2019-05-20T03:24:32","guid":{"rendered":"https:\/\/www.dry-ice-machine.com\/?p=729"},"modified":"2022-07-28T16:01:40","modified_gmt":"2022-07-28T08:01:40","slug":"egg-tray-machine-services","status":"publish","type":"page","link":"https:\/\/www.eggtraymaking.com\/sw\/egg-tray-machine-services\/","title":{"rendered":"tj\u00e4nster"},"content":{"rendered":"<h2 class=\"wp-block-heading\"><strong>F\u00f6re f\u00f6rs\u00e4ljning<\/strong><strong><\/strong><\/h2>    <ul class=\"wp-block-list\"><li>Vi tillhandah\u00e5ller professionell <strong><a href=\"https:\/\/www.eggtraymaking.com\/sw\/egg-tray-making-machine\/\">\u00e4ggtraysmaskin<\/a><\/strong> information, kvalificerad produktkvalitet och avancerad teknisk support.<\/li><li>Visa kunden testresultaten f\u00f6r produkten. Hj\u00e4lp kunder att testa maskinen enligt olika formar och kundens krav.<\/li><li>Skapa ritningar och 3D-ritningar enligt kundens behov, hj\u00e4lp kunder att designa anl\u00e4ggningslayout.<\/li><li>Hj\u00e4lp kunder att kontrollera sj\u00f6frakt, flygfrakt, etc., minskar kundernas problem.<\/li><li>Hj\u00e4lp kunder att svara p\u00e5 maskinrelaterade fr\u00e5gor<\/li><\/ul>    <ul class=\"wp-block-gallery columns-2 is-cropped wp-block-gallery-2 is-layout-flex wp-block-gallery-is-layout-flex\"><li class=\"blocks-gallery-item\"><figure><img loading=\"lazy\" decoding=\"async\" width=\"750\" height=\"563\" src=\"https:\/\/www.eggtraymaking.com\/wp-content\/uploads\/2019\/05\/Egg-tray-machine-service-2.jpg\" alt=\"\" data-id=\"1302\" data-link=\"https:\/\/www.eggtraymaking.com\/egg-tray-machine-services\/egg-tray-machine-service-2\/#main\" class=\"wp-image-1302\" srcset=\"https:\/\/www.eggtraymaking.com\/wp-content\/uploads\/2019\/05\/Egg-tray-machine-service-2.jpg 750w, https:\/\/www.eggtraymaking.com\/wp-content\/uploads\/2019\/05\/Egg-tray-machine-service-2-240x180.jpg 240w, https:\/\/www.eggtraymaking.com\/wp-content\/uploads\/2019\/05\/Egg-tray-machine-service-2-360x270.jpg 360w\" sizes=\"auto, (max-width: 750px) 100vw, 750px\" \/><\/figure><\/li><li class=\"blocks-gallery-item\"><figure><img loading=\"lazy\" decoding=\"async\" width=\"750\" height=\"563\" src=\"https:\/\/www.eggtraymaking.com\/wp-content\/uploads\/2019\/05\/Egg-tray-machine-service-4.jpg\" alt=\"\" data-id=\"1303\" data-link=\"https:\/\/www.eggtraymaking.com\/egg-tray-machine-services\/egg-tray-machine-service-4\/#main\" class=\"wp-image-1303\" srcset=\"https:\/\/www.eggtraymaking.com\/wp-content\/uploads\/2019\/05\/Egg-tray-machine-service-4.jpg 750w, https:\/\/www.eggtraymaking.com\/wp-content\/uploads\/2019\/05\/Egg-tray-machine-service-4-240x180.jpg 240w, https:\/\/www.eggtraymaking.com\/wp-content\/uploads\/2019\/05\/Egg-tray-machine-service-4-360x270.jpg 360w\" sizes=\"auto, (max-width: 750px) 100vw, 750px\" \/><\/figure><\/li><\/ul>    <h2 class=\"wp-block-heading\"><strong>Efter f\u00f6rs\u00e4ljning<\/strong><strong><\/strong><\/h2>    <ul class=\"wp-block-list\"><li>Vi kommer att ordna transport av maskinen och meddela kunden maskinens logistikmeddelande i tid.<\/li><li>Garanti inom ett \u00e5r, om maskinen har n\u00e5gra delar som kan repareras.<\/li><li>Vi kan l\u00e4ra kunder att installera genom video.&nbsp;<\/li><li>Teknisk konsultation: Om du st\u00f6ter p\u00e5 n\u00e5gra problem under maskinens drift, tveka inte att kontakta oss. Vi erbjuder onlineinstruktioner under vanliga arbetsdagar, eller s\u00e5 kommer v\u00e5r professionella personal att ge dig skr\u00e4ddarsytt tekniskt st\u00f6d utifr\u00e5n din praktiska situation.<\/li><li>Underh\u00e5ll: Vi kan erbjuda dig underh\u00e5llsguider med detaljer genom att skicka dig produktbroschyrer. Se till att du har l\u00e4st \u00e4garens manual och f\u00f6lj stegen under drift. Regelbundet underh\u00e5ll av maskinen kan f\u00f6rl\u00e4nga maskinens livsl\u00e4ngd och d\u00e4rmed spara din investering i reparation.<\/li><li>Komponenter: De extra komponenterna \u00e4r inte gratis, men vi kan garantera att alla komponenter tillverkas i strikt \u00f6verensst\u00e4mmelse med kraven i ett kontrakt och de relevanta nationella standarderna f\u00f6r export av varor.<\/li><li>Vi kan skicka v\u00e5r ingenj\u00f6r och arbetare till kundens stad f\u00f6r att installera maskinen.<\/li><li>Vi kan hj\u00e4lpa kunder att designa v\u00e4xtlayout.<\/li><\/ul>    <ul class=\"wp-block-gallery columns-2 is-cropped wp-block-gallery-3 is-layout-flex wp-block-gallery-is-layout-flex\"><li class=\"blocks-gallery-item\"><figure><img loading=\"lazy\" decoding=\"async\" width=\"750\" height=\"440\" src=\"https:\/\/www.eggtraymaking.com\/wp-content\/uploads\/2019\/05\/Egg-tray-machine-service-5.jpg\" alt=\"\" data-id=\"1304\" data-link=\"https:\/\/www.eggtraymaking.com\/egg-tray-machine-services\/egg-tray-machine-service-5\/#main\" class=\"wp-image-1304\" srcset=\"https:\/\/www.eggtraymaking.com\/wp-content\/uploads\/2019\/05\/Egg-tray-machine-service-5.jpg 750w, https:\/\/www.eggtraymaking.com\/wp-content\/uploads\/2019\/05\/Egg-tray-machine-service-5-360x211.jpg 360w\" sizes=\"auto, (max-width: 750px) 100vw, 750px\" \/><\/figure><\/li><li class=\"blocks-gallery-item\"><figure><img loading=\"lazy\" decoding=\"async\" width=\"750\" height=\"451\" src=\"https:\/\/www.eggtraymaking.com\/wp-content\/uploads\/2019\/05\/Egg-tray-machine-service-1.jpg\" alt=\"\" data-id=\"1301\" data-link=\"https:\/\/www.eggtraymaking.com\/egg-tray-machine-services\/egg-tray-machine-service-1\/#main\" class=\"wp-image-1301\" srcset=\"https:\/\/www.eggtraymaking.com\/wp-content\/uploads\/2019\/05\/Egg-tray-machine-service-1.jpg 750w, https:\/\/www.eggtraymaking.com\/wp-content\/uploads\/2019\/05\/Egg-tray-machine-service-1-360x216.jpg 360w\" sizes=\"auto, (max-width: 750px) 100vw, 750px\" \/><\/figure><\/li><\/ul>","protected":false},"excerpt":{"rendered":"<p>Before-sales We provide professional egg tray\u00a0machine information, qualified product quality, and advanced technical support. Show the customer the test results of the product. Help customers test the machine according to different mold and customer requirements. Create drawings and 3D drawings according to customer need, help customers design plant layout. Help customers check sea freight, air [&hellip;]<\/p>\n","protected":false},"author":1,"featured_media":0,"parent":0,"menu_order":0,"comment_status":"closed","ping_status":"closed","template":"","meta":{"footnotes":""},"class_list":["post-729","page","type-page","status-publish","hentry"],"_links":{"self":[{"href":"https:\/\/www.eggtraymaking.com\/sw\/wp-json\/wp\/v2\/pages\/729","targetHints":{"allow":["GET"]}}],"collection":[{"href":"https:\/\/www.eggtraymaking.com\/sw\/wp-json\/wp\/v2\/pages"}],"about":[{"href":"https:\/\/www.eggtraymaking.com\/sw\/wp-json\/wp\/v2\/types\/page"}],"author":[{"embeddable":true,"href":"https:\/\/www.eggtraymaking.com\/sw\/wp-json\/wp\/v2\/users\/1"}],"replies":[{"embeddable":true,"href":"https:\/\/www.eggtraymaking.com\/sw\/wp-json\/wp\/v2\/comments?post=729"}],"version-history":[{"count":0,"href":"https:\/\/www.eggtraymaking.com\/sw\/wp-json\/wp\/v2\/pages\/729\/revisions"}],"wp:attachment":[{"href":"https:\/\/www.eggtraymaking.com\/sw\/wp-json\/wp\/v2\/media?parent=729"}],"curies":[{"name":"wp","href":"https:\/\/api.w.org\/{rel}","templated":true}]}}