{"id":208,"date":"2019-05-13T03:23:08","date_gmt":"2019-05-13T03:23:08","guid":{"rendered":"https:\/\/www.dry-ice-machine.com\/?p=208"},"modified":"2025-05-23T08:47:16","modified_gmt":"2025-05-23T00:47:16","slug":"contact-us","status":"publish","type":"page","link":"https:\/\/www.eggtraymaking.com\/sw\/contact-us\/","title":{"rendered":"Kontakta oss"},"content":{"rendered":"<div class=\"wp-block-columns has-2-columns is-layout-flex wp-container-core-columns-is-layout-9d6595d7 wp-block-columns-is-layout-flex\"> <div class=\"wp-block-column is-layout-flow wp-block-column-is-layout-flow\"> <h2 class=\"wp-block-heading\" id=\"h-who-we-are\"><strong>Vem vi \u00e4r<\/strong><\/h2>    <p>Shuliy Machinery Co., Ltd \u00e4r en ledande tillverkare av automatiserad maskin- och utrustning i Kina. V\u00e5rt f\u00f6retag har cirka tio \u00e5rs erfarenhet inom forskning och utveckling av maskiner f\u00f6r att tillverka \u00e4ggkartonger med ett strikt kvalitetskontrollsystem och omfattande eftermarknadsservice.<\/p>    <p>V\u00e5rt f\u00f6retag har ett f\u00f6rs\u00e4ljningskonsultteam och en efterf\u00f6rs\u00e4ljningstj\u00e4nst som \u00e4r internationellt inriktat. Om du vill k\u00f6pa v\u00e5ra produkter eller har n\u00e5gra problem med att anv\u00e4nda maskiner, kan du kontakta oss online n\u00e4r som helst. Vi kommer att svara dig med ett professionellt svar inom en arbetsdag.<\/p>    <p style=\"font-size:12px\" class=\"translation-block\"><em>*Hatufanyi kusoma na kuhifadhi vidakuzi vya mtumiaji, tafadhali jisikie huru kuvinjari. <br> *Taarifa za mawasiliano unazowasilisha ni kwa ajili ya mawasiliano yako na Shuliy pekee. Unaweza kuomba kuondolewa wakati wowote.<\/em><\/p> <\/div> <\/div>    <h3 class=\"wp-block-heading\" id=\"h-other-ways-of-contact\"><strong>Andra kontaktmetoder<\/strong><\/h3>    <ul class=\"contactlist\"> <li class=\"fa fa-envelope-o\">&nbsp;&nbsp;<a href=\"mailto:info@eggtraymaking.com\" style=\"color:black;\">E-post: info@eggtraymaking.com<\/a><\/li><br> <li class=\"fa fa-phone\">&nbsp;&nbsp;<a href=\"tel: 8619139761487\">Telefon: 8619139761487 <\/a><\/li><br> \t<li class=\"fa fa-whatsapp\">&nbsp;&nbsp;<a href=\"https:\/\/api.whatsapp.com\/send?phone= 8619139761487\" target=\"_blank\" rel=\"noopener\" data-no-translation=\"\">WhatsApp: 8619139761487<\/a> <\/li><br> \t<li class=\"fa fa-wechat\">&nbsp;&nbsp;WeChat: 8619139761487<\/li><br> \t<li class=\"fa fa-map\">&nbsp;&nbsp;Adress: No.1394 East hanghai Road, Ekonomisk-teknologisk utvecklingsomr\u00e5de, Zhengzhou, Kina<\/li> <\/ul>","protected":false},"excerpt":{"rendered":"<p>Who we are Shuliy Machinery Co., Ltd company is a leading manufacturer of automated machinery and equipment in China. Our company has about ten years of experience in the research and development field of egg tray making machines with a strict quality control system and comprehensive after-sales service. Our company has a pre-sales consulting and [&hellip;]<\/p>\n","protected":false},"author":1,"featured_media":0,"parent":0,"menu_order":0,"comment_status":"closed","ping_status":"closed","template":"","meta":{"footnotes":""},"class_list":["post-208","page","type-page","status-publish","hentry"],"_links":{"self":[{"href":"https:\/\/www.eggtraymaking.com\/sw\/wp-json\/wp\/v2\/pages\/208","targetHints":{"allow":["GET"]}}],"collection":[{"href":"https:\/\/www.eggtraymaking.com\/sw\/wp-json\/wp\/v2\/pages"}],"about":[{"href":"https:\/\/www.eggtraymaking.com\/sw\/wp-json\/wp\/v2\/types\/page"}],"author":[{"embeddable":true,"href":"https:\/\/www.eggtraymaking.com\/sw\/wp-json\/wp\/v2\/users\/1"}],"replies":[{"embeddable":true,"href":"https:\/\/www.eggtraymaking.com\/sw\/wp-json\/wp\/v2\/comments?post=208"}],"version-history":[{"count":0,"href":"https:\/\/www.eggtraymaking.com\/sw\/wp-json\/wp\/v2\/pages\/208\/revisions"}],"wp:attachment":[{"href":"https:\/\/www.eggtraymaking.com\/sw\/wp-json\/wp\/v2\/media?parent=208"}],"curies":[{"name":"wp","href":"https:\/\/api.w.org\/{rel}","templated":true}]}}