{"id":9369,"date":"2025-09-02T14:18:41","date_gmt":"2025-09-02T06:18:41","guid":{"rendered":"https:\/\/www.eggtraymaking.com\/?post_type=product&#038;p=9369"},"modified":"2025-09-15T16:17:29","modified_gmt":"2025-09-15T08:17:29","slug":"pulp-bedpan-making-machine","status":"publish","type":"product","link":"https:\/\/www.eggtraymaking.com\/pt\/pulp-bedpan-making-machine\/","title":{"rendered":"M\u00e1quina de fabrica\u00e7\u00e3o de assentos para pia Pulp"},"content":{"rendered":"<p class=\"translation-block\">A m\u00e1quina de fabrica\u00e7\u00e3o de assentos de papel pulp usa tecnologia de moldagem de polpa para produzir <strong><a href=\"https:\/\/en.wikipedia.org\/wiki\/Bedpan\" target=\"_blank\" rel=\"noopener\">assentos descart\u00e1veis<\/a><\/strong>, comumente usados em hospitais, asilos e centros de cuidados.<\/p>    <figure class=\"wp-block-embed is-type-video is-provider-youtube wp-block-embed-youtube wp-embed-aspect-16-9 wp-has-aspect-ratio\"><div class=\"wp-block-embed__wrapper\"> <iframe loading=\"lazy\" title=\"M\u00e1quina de forma\u00e7\u00e3o de leitos de papel descart\u00e1vel\" width=\"500\" height=\"281\" src=\"https:\/\/www.youtube.com\/embed\/eGJr7ye_-K0?feature=oembed\" frameborder=\"0\" allow=\"accelerometer; autoplay; clipboard-write; encrypted-media; gyroscope; picture-in-picture; web-share\" referrerpolicy=\"strict-origin-when-cross-origin\" allowfullscreen><\/iframe> <\/div><\/figure>    <p>Assentos descart\u00e1veis s\u00e3o feitos de papel de lixo, polpa de madeira, baga\u00e7o, polpa de bambu, polpa de grama e papel\u00e3o ou caixas de papel reciclado. S\u00e3o de baixo custo, limpos, f\u00e1ceis de manusear e biodegrad\u00e1veis, tornando-os ecol\u00f3gicos.<\/p>    <p class=\"translation-block\">Os assentos produzidos por m\u00e1quinas Shuliy t\u00eam uma estrutura r\u00edgida e podem suportar <strong><em>1\u20131,5 kg<\/em><\/strong> de res\u00edduos. Podem conter l\u00edquidos por <strong><em>4\u20136 horas<\/em><\/strong> sem vazamentos ou colapsos.<\/p>    <p class=\"translation-block\">Esta m\u00e1quina tem uma capacidade de produ\u00e7\u00e3o de <strong><em>1.000\u20137.000 pe\u00e7as\/hora<\/em><\/strong> e pode ser integrada a uma linha de produ\u00e7\u00e3o completa de assentos. Se voc\u00ea estiver interessado neste neg\u00f3cio, pode consultar a Shuliy para um plano de produ\u00e7\u00e3o. Podemos fornecer assentos no tamanho e forma que voc\u00ea precisar.<\/p>   <div class=\"wp-block-image\"> <figure class=\"aligncenter size-full\"><img loading=\"lazy\" decoding=\"async\" width=\"720\" height=\"540\" src=\"https:\/\/www.eggtraymaking.com\/wp-content\/uploads\/2025\/07\/Assembling-Shoe-Tray-Making-Machine.webp\" alt=\"M\u00e1quina de Fazer Bacia Descart\u00e1vel\" class=\"wp-image-9219\" srcset=\"https:\/\/www.eggtraymaking.com\/wp-content\/uploads\/2025\/07\/Assembling-Shoe-Tray-Making-Machine.webp 720w, https:\/\/www.eggtraymaking.com\/wp-content\/uploads\/2025\/07\/Assembling-Shoe-Tray-Making-Machine-360x270.webp 360w, https:\/\/www.eggtraymaking.com\/wp-content\/uploads\/2025\/07\/Assembling-Shoe-Tray-Making-Machine-240x180.webp 240w, https:\/\/www.eggtraymaking.com\/wp-content\/uploads\/2025\/07\/Assembling-Shoe-Tray-Making-Machine-16x12.webp 16w\" sizes=\"auto, (max-width: 720px) 100vw, 720px\" \/><figcaption class=\"wp-element-caption\">M\u00e1quina de Fazer Bacia Descart\u00e1vel<\/figcaption><\/figure> <\/div>   <h2 class=\"wp-block-heading\">Princ\u00edpio de funcionamento da m\u00e1quina de fabrica\u00e7\u00e3o de assentos de papel pulp<\/h2>    <p>A m\u00e1quina de fabrica\u00e7\u00e3o de assentos descart\u00e1veis processa primeiro papel ou papel\u00e3o de res\u00edduos atrav\u00e9s de um sistema de polpa para criar uma polpa uniforme. Essa polpa \u00e9 ent\u00e3o formada em moldes por suc\u00e7\u00e3o a v\u00e1cuo e prensagem, produzindo blocos de assento \u00famidos.<\/p>    <p>Em seguida, a m\u00e1quina automaticamente desforma os blocos e remove a umidade por meio de um sistema de secagem. Por fim, os assentos passam por prensagem a quente e acabamento para atingir o tamanho padr\u00e3o e superf\u00edcies lisas, resultando em assentos descart\u00e1veis acabados.<\/p>   <div class=\"wp-block-image\"> <figure class=\"aligncenter size-full\"><img loading=\"lazy\" decoding=\"async\" width=\"720\" height=\"540\" src=\"https:\/\/www.eggtraymaking.com\/wp-content\/uploads\/2025\/06\/egg-tray-making-process.webp\" alt=\"Fluxo de trabalho da produ\u00e7\u00e3o de assento de papel pulp\" class=\"wp-image-9144\" srcset=\"https:\/\/www.eggtraymaking.com\/wp-content\/uploads\/2025\/06\/egg-tray-making-process.webp 720w, https:\/\/www.eggtraymaking.com\/wp-content\/uploads\/2025\/06\/egg-tray-making-process-360x270.webp 360w, https:\/\/www.eggtraymaking.com\/wp-content\/uploads\/2025\/06\/egg-tray-making-process-240x180.webp 240w, https:\/\/www.eggtraymaking.com\/wp-content\/uploads\/2025\/06\/egg-tray-making-process-16x12.webp 16w\" sizes=\"auto, (max-width: 720px) 100vw, 720px\" \/><figcaption class=\"wp-element-caption\">Fluxo de trabalho da produ\u00e7\u00e3o de assento de papel pulp<\/figcaption><\/figure> <\/div>   <h2 class=\"wp-block-heading\">Estrutura principal da m\u00e1quina de conforma\u00e7\u00e3o de assentos de papel pulp<\/h2>    <p class=\"translation-block\">A m\u00e1quina de conforma\u00e7\u00e3o de assentos descart\u00e1veis consiste principalmente em um <strong><a href=\"https:\/\/www.eggtraymaking.com\/pt\/pulping-equipment\/\">sistema de polpa<\/a><\/strong>, sistema de conforma\u00e7\u00e3o, sistema de suc\u00e7\u00e3o a v\u00e1cuo, sistema de controle el\u00e9trico e moldes.<\/p>   <div class=\"wp-block-image\"> <figure class=\"aligncenter size-full\"><img loading=\"lazy\" decoding=\"async\" width=\"720\" height=\"540\" src=\"https:\/\/www.eggtraymaking.com\/wp-content\/uploads\/2019\/05\/Production-Structure-of-the-8-Side-Egg-Tray-Machine.webp\" alt=\"Estrutura principal da M\u00e1quina de Fabrica\u00e7\u00e3o de Uransetos\" class=\"wp-image-9263\" srcset=\"https:\/\/www.eggtraymaking.com\/wp-content\/uploads\/2019\/05\/Production-Structure-of-the-8-Side-Egg-Tray-Machine.webp 720w, https:\/\/www.eggtraymaking.com\/wp-content\/uploads\/2019\/05\/Production-Structure-of-the-8-Side-Egg-Tray-Machine-360x270.webp 360w, https:\/\/www.eggtraymaking.com\/wp-content\/uploads\/2019\/05\/Production-Structure-of-the-8-Side-Egg-Tray-Machine-240x180.webp 240w, https:\/\/www.eggtraymaking.com\/wp-content\/uploads\/2019\/05\/Production-Structure-of-the-8-Side-Egg-Tray-Machine-16x12.webp 16w\" sizes=\"auto, (max-width: 720px) 100vw, 720px\" \/><figcaption class=\"wp-element-caption\">Estrutura principal da M\u00e1quina de Fabrica\u00e7\u00e3o de Uransetos<\/figcaption><\/figure> <\/div>   <h2 class=\"wp-block-heading\">Caracter\u00edsticas da m\u00e1quina <\/h2>    <ul class=\"wp-block-list\"> <li>Alta automa\u00e7\u00e3o, capaz de produ\u00e7\u00e3o cont\u00ednua em <strong><em>1.000\u20137.000 pe\u00e7as\/hora<\/em><\/strong><\/li>    <li>Usa polpa como mat\u00e9ria-prima; biodegrad\u00e1vel e ecol\u00f3gico<\/li>    <li>Descart\u00e1vel, prevenindo infec\u00e7\u00e3o cruzada<\/li>    <li>Moldes intercambi\u00e1veis para produzir diferentes tamanhos de produtos relacionados (por exemplo, bandejas de urina, assentos de enfermagem)<\/li>    <li>Feito totalmente de a\u00e7o de alta qualidade para uso duradouro<\/li>    <li>Controlado por PLC e f\u00e1cil de operar<\/li>    <li>Pode ser combinado com um secador para formar uma linha de produ\u00e7\u00e3o completa<\/li>    <li>Alta precis\u00e3o de conforma\u00e7\u00e3o, com desvio de tamanho do produto dentro de<strong><em> \u00b11 mm <\/em><\/strong>e espessura uniforme<\/li> <\/ul>    <figure class=\"wp-block-gallery has-nested-images columns-default is-cropped wp-block-gallery-2 is-layout-flex wp-block-gallery-is-layout-flex\"> <figure class=\"wp-block-image size-large\"><img loading=\"lazy\" decoding=\"async\" width=\"720\" height=\"540\" data-id=\"9302\" src=\"https:\/\/www.eggtraymaking.com\/wp-content\/uploads\/2025\/08\/Control-System.webp\" alt=\"Sistema de Controle\" class=\"wp-image-9302\" srcset=\"https:\/\/www.eggtraymaking.com\/wp-content\/uploads\/2025\/08\/Control-System.webp 720w, https:\/\/www.eggtraymaking.com\/wp-content\/uploads\/2025\/08\/Control-System-360x270.webp 360w, https:\/\/www.eggtraymaking.com\/wp-content\/uploads\/2025\/08\/Control-System-240x180.webp 240w, https:\/\/www.eggtraymaking.com\/wp-content\/uploads\/2025\/08\/Control-System-16x12.webp 16w\" sizes=\"auto, (max-width: 720px) 100vw, 720px\" \/><figcaption class=\"wp-element-caption\">Sistema de Controle<\/figcaption><\/figure>    <figure class=\"wp-block-image size-large\"><img loading=\"lazy\" decoding=\"async\" width=\"720\" height=\"540\" data-id=\"9305\" src=\"https:\/\/www.eggtraymaking.com\/wp-content\/uploads\/2025\/08\/Vacuum-pump.webp\" alt=\"Bomba de v\u00e1cuo\" class=\"wp-image-9305\" srcset=\"https:\/\/www.eggtraymaking.com\/wp-content\/uploads\/2025\/08\/Vacuum-pump.webp 720w, https:\/\/www.eggtraymaking.com\/wp-content\/uploads\/2025\/08\/Vacuum-pump-360x270.webp 360w, https:\/\/www.eggtraymaking.com\/wp-content\/uploads\/2025\/08\/Vacuum-pump-240x180.webp 240w, https:\/\/www.eggtraymaking.com\/wp-content\/uploads\/2025\/08\/Vacuum-pump-16x12.webp 16w\" sizes=\"auto, (max-width: 720px) 100vw, 720px\" \/><figcaption class=\"wp-element-caption\">Bomba de V\u00e1cuo<\/figcaption><\/figure>    <figure class=\"wp-block-image size-large\"><img loading=\"lazy\" decoding=\"async\" width=\"720\" height=\"540\" data-id=\"9297\" src=\"https:\/\/www.eggtraymaking.com\/wp-content\/uploads\/2025\/08\/Pulping-machine-1.webp\" alt=\"M\u00e1quina de polpa\" class=\"wp-image-9297\" srcset=\"https:\/\/www.eggtraymaking.com\/wp-content\/uploads\/2025\/08\/Pulping-machine-1.webp 720w, https:\/\/www.eggtraymaking.com\/wp-content\/uploads\/2025\/08\/Pulping-machine-1-360x270.webp 360w, https:\/\/www.eggtraymaking.com\/wp-content\/uploads\/2025\/08\/Pulping-machine-1-240x180.webp 240w, https:\/\/www.eggtraymaking.com\/wp-content\/uploads\/2025\/08\/Pulping-machine-1-16x12.webp 16w\" sizes=\"auto, (max-width: 720px) 100vw, 720px\" \/><figcaption class=\"wp-element-caption\">M\u00e1quina de Polpa<\/figcaption><\/figure> <\/figure>    <h2 class=\"wp-block-heading\">Ind\u00fastrias de aplica\u00e7\u00e3o<\/h2>    <ul class=\"wp-block-list\"> <li>Hospitais, cl\u00ednicas e centros de reabilita\u00e7\u00e3o<\/li>    <li>Instala\u00e7\u00f5es de cuidados para idosos e asilos<\/li>    <li>Cuidados domiciliares e centros de cuidados de curto prazo<\/li>    <li>Instala\u00e7\u00f5es m\u00e9dicas de emerg\u00eancia e tempor\u00e1rias<\/li> <\/ul>    <h2 class=\"wp-block-heading\">Usu\u00e1rios-alvo<\/h2>    <ul class=\"wp-block-list\"> <li>Pacientes de cama, idosos, mulheres gr\u00e1vidas e no p\u00f3s-parto, pessoas com defici\u00eancia<\/li>    <li>Pacientes em hospitais e institui\u00e7\u00f5es de cuidado<\/li>    <li>Pessoas com necessidades de emerg\u00eancia ou tempor\u00e1rias<\/li> <\/ul>    <h2 class=\"wp-block-heading\">Especifica\u00e7\u00f5es da m\u00e1quina de fabrica\u00e7\u00e3o de assentos de papel pulp<\/h2>    <figure class=\"wp-block-table\"><table class=\"has-fixed-layout\"><tbody><tr><td>Modelo<\/td><td>Capacidade<\/td><td>Pot\u00eancia<\/td><td>Tens\u00e3o<\/td><td>Peso<\/td><td>Uso de polpa<\/td><td>Uso de \u00e1gua<\/td><td>Tamanho (mm)<\/td><\/tr><tr><td>SL-1000-3X1<\/td><td>1000pcs\/h<\/td><td>38kw<\/td><td>380V,50HZ<\/td><td>2500kg<\/td><td>80kg\/h<\/td><td>160kg\/h<\/td><td>2600*2200*1900<\/td><\/tr><tr><td>SL-1500-4X1<\/td><td>1500pcs\/h<\/td><td>38kw<\/td><td>380V,50HZ<\/td><td>3000kg<\/td><td>120kg\/h<\/td><td>240kg\/h<\/td><td>2800*2200*1900<\/td><\/tr><tr><td>SL-2500-3X4<\/td><td>2500pcs\/h<\/td><td>55kw<\/td><td>380V,50HZ<\/td><td>4000kg<\/td><td>200kg\/h<\/td><td>400kg\/h<\/td><td>2900*1800*1800<\/td><\/tr><tr><td>SL-3000-4X4<\/td><td>3000pcs\/h<\/td><td>60kw<\/td><td>380V,50HZ<\/td><td>4800kg<\/td><td>240kg\/h<\/td><td>480kg\/h<\/td><td>3250*1800*1800<\/td><\/tr><tr><td>SL-4000-4X8<\/td><td>4000pcs\/h<\/td><td>95kw<\/td><td>380V,50HZ<\/td><td>7000kg<\/td><td>320kg\/h<\/td><td>640kg\/h<\/td><td>3250*2300*2500<\/td><\/tr><tr><td>SL-5000-5X8<\/td><td>5000pcs\/h<\/td><td>95kw<\/td><td>380V,50HZ<\/td><td>8000kg<\/td><td>400kg\/h<\/td><td>800kg\/h<\/td><td>3700*2300*2500<\/td><\/tr><tr><td>SL-7000-6X8<\/td><td>7000pcs\/h<\/td><td>120kw<\/td><td>380V,50HZ<\/td><td>10000kg<\/td><td>480kg\/h<\/td><td>960kg\/h<\/td><td>3200*2300*2500<\/td><\/tr><\/tbody><\/table><\/figure>    <p>Os modelos acima s\u00e3o nossos modelos padr\u00e3o. Para requisitos adicionais, entre em contato conosco.<\/p>   <div class=\"wp-block-image\"> <figure class=\"aligncenter size-full\"><img loading=\"lazy\" decoding=\"async\" width=\"720\" height=\"540\" src=\"https:\/\/www.eggtraymaking.com\/wp-content\/uploads\/2023\/08\/egg-tray-molding-machine.webp\" alt=\"M\u00e1quina Formadora de Bacia Descart\u00e1vel\" class=\"wp-image-9061\" srcset=\"https:\/\/www.eggtraymaking.com\/wp-content\/uploads\/2023\/08\/egg-tray-molding-machine.webp 720w, https:\/\/www.eggtraymaking.com\/wp-content\/uploads\/2023\/08\/egg-tray-molding-machine-360x270.webp 360w, https:\/\/www.eggtraymaking.com\/wp-content\/uploads\/2023\/08\/egg-tray-molding-machine-240x180.webp 240w\" sizes=\"auto, (max-width: 720px) 100vw, 720px\" \/><figcaption class=\"wp-element-caption\">M\u00e1quina Formadora de Bacia Descart\u00e1vel<\/figcaption><\/figure> <\/div>   <h2 class=\"wp-block-heading\">Linha de produ\u00e7\u00e3o de assento de papel descart\u00e1vel<\/h2>    <p>A linha de produ\u00e7\u00e3o de assentos de papel descart\u00e1vel utiliza papel de res\u00edduos ou papel\u00e3o como mat\u00e9ria-prima. Atrav\u00e9s dos processos de polpagem, conforma\u00e7\u00e3o, secagem e moldagem, ela produz em massa assentos ecol\u00f3gicos de pulp de papel descart\u00e1vel.<\/p>    <p>A linha de produ\u00e7\u00e3o normalmente inclui um sistema de polpa, sistema de conforma\u00e7\u00e3o, sistema de secagem e sistema de controle autom\u00e1tico.<\/p>    <figure class=\"wp-block-gallery has-nested-images columns-default is-cropped wp-block-gallery-3 is-layout-flex wp-block-gallery-is-layout-flex\"> <figure class=\"wp-block-image size-large\"><img loading=\"lazy\" decoding=\"async\" width=\"720\" height=\"540\" data-id=\"9372\" src=\"https:\/\/www.eggtraymaking.com\/wp-content\/uploads\/2025\/09\/3D-Diagram-of-the-Pulp-Molded-Tray-Production-Line.webp\" alt=\"Diagrama 3D da Linha de Produ\u00e7\u00e3o de Bandejas Moldadas em Polpa\" class=\"wp-image-9372\" srcset=\"https:\/\/www.eggtraymaking.com\/wp-content\/uploads\/2025\/09\/3D-Diagram-of-the-Pulp-Molded-Tray-Production-Line.webp 720w, https:\/\/www.eggtraymaking.com\/wp-content\/uploads\/2025\/09\/3D-Diagram-of-the-Pulp-Molded-Tray-Production-Line-360x270.webp 360w, https:\/\/www.eggtraymaking.com\/wp-content\/uploads\/2025\/09\/3D-Diagram-of-the-Pulp-Molded-Tray-Production-Line-240x180.webp 240w, https:\/\/www.eggtraymaking.com\/wp-content\/uploads\/2025\/09\/3D-Diagram-of-the-Pulp-Molded-Tray-Production-Line-16x12.webp 16w\" sizes=\"auto, (max-width: 720px) 100vw, 720px\" \/><figcaption class=\"wp-element-caption\">Diagrama 3D da linha de produ\u00e7\u00e3o de bandejas moldadas de pulp<\/figcaption><\/figure>    <figure class=\"wp-block-image size-large\"><img loading=\"lazy\" decoding=\"async\" width=\"720\" height=\"540\" data-id=\"9262\" src=\"https:\/\/www.eggtraymaking.com\/wp-content\/uploads\/2019\/05\/Factory-Images-of-Large-Scale-8-Side-Egg-Tray-Production-Line.webp\" alt=\"Linha de produ\u00e7\u00e3o de assento de papel descart\u00e1vel\" class=\"wp-image-9262\" srcset=\"https:\/\/www.eggtraymaking.com\/wp-content\/uploads\/2019\/05\/Factory-Images-of-Large-Scale-8-Side-Egg-Tray-Production-Line.webp 720w, https:\/\/www.eggtraymaking.com\/wp-content\/uploads\/2019\/05\/Factory-Images-of-Large-Scale-8-Side-Egg-Tray-Production-Line-360x270.webp 360w, https:\/\/www.eggtraymaking.com\/wp-content\/uploads\/2019\/05\/Factory-Images-of-Large-Scale-8-Side-Egg-Tray-Production-Line-240x180.webp 240w, https:\/\/www.eggtraymaking.com\/wp-content\/uploads\/2019\/05\/Factory-Images-of-Large-Scale-8-Side-Egg-Tray-Production-Line-16x12.webp 16w\" sizes=\"auto, (max-width: 720px) 100vw, 720px\" \/><figcaption class=\"wp-element-caption\">Linha de produ\u00e7\u00e3o de assento de papel descart\u00e1vel<\/figcaption><\/figure> <\/figure>    <h2 class=\"wp-block-heading\">Caracter\u00edsticas dos assentos descart\u00e1veis mais vendidos<\/h2>    <ul class=\"wp-block-list\"> <li>Resistente e dur\u00e1vel: feito de pulp de alta densidade, com estrutura apertada, resistente \u00e0 deforma\u00e7\u00e3o e capaz de suportar 1\u20131,5 kg<\/li>    <li>Resistente a l\u00edquidos: pode conter l\u00edquidos (por exemplo, urina, desinfetante) por 4\u20136 horas sem vazamentos ou colapsos<\/li>    <li>Higi\u00eanico e Seguro: atende aos padr\u00f5es de higiene m\u00e9dica; amplamente utilizado em hospitais, casas de repouso e centros de cuidados<\/li>    <li>Ecol\u00f3gico e biodegrad\u00e1vel: decomp\u00f5e-se naturalmente ap\u00f3s o uso ou pode ser descartado como lixo combust\u00edvel, n\u00e3o causando polui\u00e7\u00e3o secund\u00e1ria<\/li>    <li>Leve e confort\u00e1vel: design ergon\u00f4mico com bordas suaves; f\u00e1cil de manusear e operar para cuidadores<\/li>    <li>Compat\u00edvel: pode ser usado com bandejas de cuidados descart\u00e1veis, bandejas de urina e outros produtos relacionados<\/li>    <li>Validade: pode ser armazenado por 1\u20132 anos em ambiente seco<\/li> <\/ul>    <figure class=\"wp-block-gallery has-nested-images columns-default is-cropped wp-block-gallery-4 is-layout-flex wp-block-gallery-is-layout-flex\"> <figure class=\"wp-block-image size-large\"><img loading=\"lazy\" decoding=\"async\" width=\"720\" height=\"540\" data-id=\"9373\" src=\"https:\/\/www.eggtraymaking.com\/wp-content\/uploads\/2025\/09\/Bedpan-Molds.webp\" alt=\"Moldes de assento\" class=\"wp-image-9373\" srcset=\"https:\/\/www.eggtraymaking.com\/wp-content\/uploads\/2025\/09\/Bedpan-Molds.webp 720w, https:\/\/www.eggtraymaking.com\/wp-content\/uploads\/2025\/09\/Bedpan-Molds-360x270.webp 360w, https:\/\/www.eggtraymaking.com\/wp-content\/uploads\/2025\/09\/Bedpan-Molds-240x180.webp 240w, https:\/\/www.eggtraymaking.com\/wp-content\/uploads\/2025\/09\/Bedpan-Molds-16x12.webp 16w\" sizes=\"auto, (max-width: 720px) 100vw, 720px\" \/><figcaption class=\"wp-element-caption\">Moldes de assento<\/figcaption><\/figure>    <figure class=\"wp-block-image size-full\"><img loading=\"lazy\" decoding=\"async\" width=\"720\" height=\"540\" data-id=\"9376\" src=\"https:\/\/www.eggtraymaking.com\/wp-content\/uploads\/2025\/09\/Various-Types-of-Disposable-Bedpans.webp\" alt=\"V\u00e1rios Tipos de Bacias Descart\u00e1veis\" class=\"wp-image-9376\" srcset=\"https:\/\/www.eggtraymaking.com\/wp-content\/uploads\/2025\/09\/Various-Types-of-Disposable-Bedpans.webp 720w, https:\/\/www.eggtraymaking.com\/wp-content\/uploads\/2025\/09\/Various-Types-of-Disposable-Bedpans-360x270.webp 360w, https:\/\/www.eggtraymaking.com\/wp-content\/uploads\/2025\/09\/Various-Types-of-Disposable-Bedpans-240x180.webp 240w, https:\/\/www.eggtraymaking.com\/wp-content\/uploads\/2025\/09\/Various-Types-of-Disposable-Bedpans-16x12.webp 16w\" sizes=\"auto, (max-width: 720px) 100vw, 720px\" \/><figcaption class=\"wp-element-caption\">V\u00e1rios tipos de assentos descart\u00e1veis<\/figcaption><\/figure> <\/figure>    <h2 class=\"wp-block-heading\">Por que os hospitais usam assentos descart\u00e1veis?<\/h2>    <ul class=\"wp-block-list\"> <li>Com a melhoria dos padr\u00f5es de sa\u00fade, mais hospitais est\u00e3o substituindo assentos tradicionais de pl\u00e1stico ou metal por assentos de pulp de papel descart\u00e1vel.<\/li>    <li>Prevenir infec\u00e7\u00e3o cruzada: assentos tradicionais requerem limpeza e desinfec\u00e7\u00e3o, mas res\u00edduos bacterianos e riscos de infec\u00e7\u00e3o cruzada permanecem.<\/li>    <li>Economizar m\u00e3o de obra e tempo: assentos descart\u00e1veis reduzem significativamente a carga de trabalho do pessoal de enfermagem e aumentam a efici\u00eancia.<\/li>    <li>Melhorar o conforto do paciente: assentos de pulp de papel leves e com bordas suaves s\u00e3o especialmente amig\u00e1veis para pacientes acamados e idosos.<\/li>    <li>Ecol\u00f3gico e em conformidade: feitos de materiais biodegrad\u00e1veis; podem ser incinerados ou decompostos naturalmente sem longo prazo de polui\u00e7\u00e3o por res\u00edduos m\u00e9dicos, atendendo \u00e0s regulamenta\u00e7\u00f5es modernas de res\u00edduos m\u00e9dicos e ambientais.<\/li>    <li>Pr\u00e1tico para uso emergencial e em larga escala: ideal para implanta\u00e7\u00e3o r\u00e1pida e em grande escala durante pandemias, ajuda humanit\u00e1ria ou tratamento m\u00e9dico em massa.<\/li> <\/ul>   <div class=\"wp-block-image\"> <figure class=\"aligncenter size-full\"><img loading=\"lazy\" decoding=\"async\" width=\"720\" height=\"540\" src=\"https:\/\/www.eggtraymaking.com\/wp-content\/uploads\/2025\/09\/Bedpan.webp\" alt=\"Assento de papel\" class=\"wp-image-9374\" srcset=\"https:\/\/www.eggtraymaking.com\/wp-content\/uploads\/2025\/09\/Bedpan.webp 720w, https:\/\/www.eggtraymaking.com\/wp-content\/uploads\/2025\/09\/Bedpan-360x270.webp 360w, https:\/\/www.eggtraymaking.com\/wp-content\/uploads\/2025\/09\/Bedpan-240x180.webp 240w, https:\/\/www.eggtraymaking.com\/wp-content\/uploads\/2025\/09\/Bedpan-16x12.webp 16w\" sizes=\"auto, (max-width: 720px) 100vw, 720px\" \/><figcaption class=\"wp-element-caption\">Assento de papel<\/figcaption><\/figure> <\/div>   <h2 class=\"wp-block-heading\">Por que escolher a Shuliy?<\/h2>    <ul class=\"wp-block-list\"> <li>Tecnologia avan\u00e7ada: usa tecnologia de conforma\u00e7\u00e3o por prensagem quente para produzir eficientemente e de forma est\u00e1vel assentos de v\u00e1rias tamanhos e formatos.<\/li>    <li>Materiais Dur\u00e1veis: Estrutura da m\u00e1quina feita de<strong><em>f Q345 <\/em><\/strong>a\u00e7o carbono \u2013 forte, sold\u00e1vel e econ\u00f4mico.<\/li>    <li>moldes de alta qualidade: moldes dispon\u00edveis em a\u00e7o 45# ou alum\u00ednio (alum\u00ednio \u00e9 mais acess\u00edvel).<\/li>    <li>Transmiss\u00e3o confi\u00e1vel: principais partes m\u00f3veis feitas de a\u00e7o 40Cr de alta resist\u00eancia para opera\u00e7\u00e3o est\u00e1vel a longo prazo.<\/li>    <li>Componentes resistentes \u00e0 corros\u00e3o: alimenta\u00e7\u00e3o e sa\u00edda de pulp geralmente feitos de a\u00e7o inoxid\u00e1vel SS304.<\/li>    <li>Suporte total no exterior: inclui instala\u00e7\u00e3o, tutoriais em v\u00eddeo e assist\u00eancia t\u00e9cnica.<\/li>    <li>Experi\u00eancia e reconhecimento: mais de 10 anos de experi\u00eancia em P&amp;D, apoiada pelo governo e hospitais.<\/li>    <li>Certifica\u00e7\u00f5es:<strong><em> TUV, SGS, CE, ISO9001<\/em><\/strong><\/li>    <li>Garantia: 12 meses<\/li>    <li>Personaliz\u00e1vel: fonte de energia, voltagem, tomadas e moldes podem ser personalizados.<\/li>    <li>Produ\u00e7\u00e3o vers\u00e1til: tamb\u00e9m pode produzir itens complementares como bacias de v\u00f4mito, bandejas de pacientes e urinol.<\/li> <\/ul>   <div class=\"wp-block-image\"> <figure class=\"aligncenter size-full\"><img loading=\"lazy\" decoding=\"async\" width=\"720\" height=\"540\" src=\"https:\/\/www.eggtraymaking.com\/wp-content\/uploads\/2019\/06\/Our-partners.webp\" alt=\"Nossos parceiros\" class=\"wp-image-9342\" srcset=\"https:\/\/www.eggtraymaking.com\/wp-content\/uploads\/2019\/06\/Our-partners.webp 720w, https:\/\/www.eggtraymaking.com\/wp-content\/uploads\/2019\/06\/Our-partners-360x270.webp 360w, https:\/\/www.eggtraymaking.com\/wp-content\/uploads\/2019\/06\/Our-partners-240x180.webp 240w, https:\/\/www.eggtraymaking.com\/wp-content\/uploads\/2019\/06\/Our-partners-16x12.webp 16w\" sizes=\"auto, (max-width: 720px) 100vw, 720px\" \/><figcaption class=\"wp-element-caption\">Nossos parceiros<\/figcaption><\/figure> <\/div>   <p>Se estiver interessado em nossas m\u00e1quinas, entre em contato conosco atrav\u00e9s da janela pop-up para consulta.<\/p>","protected":false},"excerpt":{"rendered":"<p>A m\u00e1quina de fabrica\u00e7\u00e3o de bacias de cama de polpa utiliza tecnologia de moldagem de polpa para produzir bacias descart\u00e1veis, comumente usadas em hospitais, lares de idosos e institui\u00e7\u00f5es de cuidado.<\/p>","protected":false},"author":1,"featured_media":9377,"parent":0,"template":"","tags":[490],"product-type":[451],"class_list":["post-9369","product","type-product","status-publish","has-post-thumbnail","hentry","tag-pulp-bedpan-making-machine","product-type-pulp-molding-machine"],"_links":{"self":[{"href":"https:\/\/www.eggtraymaking.com\/pt\/wp-json\/wp\/v2\/product\/9369","targetHints":{"allow":["GET"]}}],"collection":[{"href":"https:\/\/www.eggtraymaking.com\/pt\/wp-json\/wp\/v2\/product"}],"about":[{"href":"https:\/\/www.eggtraymaking.com\/pt\/wp-json\/wp\/v2\/types\/product"}],"author":[{"embeddable":true,"href":"https:\/\/www.eggtraymaking.com\/pt\/wp-json\/wp\/v2\/users\/1"}],"wp:featuredmedia":[{"embeddable":true,"href":"https:\/\/www.eggtraymaking.com\/pt\/wp-json\/wp\/v2\/media\/9377"}],"wp:attachment":[{"href":"https:\/\/www.eggtraymaking.com\/pt\/wp-json\/wp\/v2\/media?parent=9369"}],"wp:term":[{"taxonomy":"post_tag","embeddable":true,"href":"https:\/\/www.eggtraymaking.com\/pt\/wp-json\/wp\/v2\/tags?post=9369"},{"taxonomy":"product-type","embeddable":true,"href":"https:\/\/www.eggtraymaking.com\/pt\/wp-json\/wp\/v2\/product-type?post=9369"}],"curies":[{"name":"wp","href":"https:\/\/api.w.org\/{rel}","templated":true}]}}