{"id":9166,"date":"2025-06-24T17:18:16","date_gmt":"2025-06-24T09:18:16","guid":{"rendered":"https:\/\/www.eggtraymaking.com\/?post_type=product&#038;p=9166"},"modified":"2025-07-17T16:54:59","modified_gmt":"2025-07-17T08:54:59","slug":"pulp-wine-tray-making-machine","status":"publish","type":"product","link":"https:\/\/www.eggtraymaking.com\/pt\/pulp-wine-tray-making-machine\/","title":{"rendered":"M\u00e1quina de fazer bandejas de vinho de polpa | M\u00e1quina de fazer bandejas de embalagem de vinho"},"content":{"rendered":"<p>Uma m\u00e1quina de fabrica\u00e7\u00e3o de bandejas de vinho de polpa \u00e9 um equipamento industrial projetado para produzir bandejas de vinho moldadas em polpa. Ela utiliza processos como moldagem a v\u00e1cuo, prensagem e secagem para dar forma \u00e0 polpa em v\u00e1rios designs de bandejas.<\/p>    <p>As bandejas de vinho de polpa s\u00e3o materiais de embalagem ecol\u00f3gicos feitos de papel reciclado, caixas e materiais semelhantes, utilizando tecnologia de moldagem de polpa. Em compara\u00e7\u00e3o com embalagens de espuma tradicionais, as bandejas de vinho de polpa s\u00e3o mais ecol\u00f3gicas, biodegrad\u00e1veis e oferecem um bom acolchoamento, tornando-as uma op\u00e7\u00e3o melhor para as necessidades modernas de embalagem sustent\u00e1vel. <\/p>    <p class=\"translation-block\">Esta m\u00e1quina para fabricar bandejas de embalagem de vinho desempenha um papel importante nas linhas de produ\u00e7\u00e3o de embalagens verdes modernas, sendo especialmente adequada para fabricar bandejas para garrafas de vidro como <strong>vinho, champanhe<\/strong> e <strong>licor<\/strong>.<\/p>    <p class=\"translation-block\">A Shuliy oferece <strong><em>7 <\/em><\/strong>modelos de m\u00e1quinas de moldagem de polpa com capacidade de <strong><em>1.000 a 7.000 unidades\/h,<\/em><\/strong> exportando mais de <strong><em>50 <\/em><\/strong>unidades por ano.<\/p>    <figure class=\"wp-block-image size-full is-resized\"><img loading=\"lazy\" decoding=\"async\" width=\"720\" height=\"540\" src=\"https:\/\/www.eggtraymaking.com\/wp-content\/uploads\/2025\/06\/Pulp-Wine-Tray-Making-Machine.jpg\" alt=\"M\u00e1quina de fabrica\u00e7\u00e3o de bandejas de papel para vinho\" class=\"wp-image-9172\" style=\"width:840px;height:auto\" srcset=\"https:\/\/www.eggtraymaking.com\/wp-content\/uploads\/2025\/06\/Pulp-Wine-Tray-Making-Machine.jpg 720w, https:\/\/www.eggtraymaking.com\/wp-content\/uploads\/2025\/06\/Pulp-Wine-Tray-Making-Machine-360x270.jpg 360w, https:\/\/www.eggtraymaking.com\/wp-content\/uploads\/2025\/06\/Pulp-Wine-Tray-Making-Machine-240x180.jpg 240w, https:\/\/www.eggtraymaking.com\/wp-content\/uploads\/2025\/06\/Pulp-Wine-Tray-Making-Machine-16x12.jpg 16w\" sizes=\"auto, (max-width: 720px) 100vw, 720px\" \/><figcaption class=\"wp-element-caption\">M\u00e1quina de fabrica\u00e7\u00e3o de bandejas de papel para vinho<\/figcaption><\/figure>    <h2 class=\"wp-block-heading\">Estrutura principal da m\u00e1quina de fabrica\u00e7\u00e3o de bandejas de vinho de polpa<\/h2>    <p class=\"translation-block\">A m\u00e1quina de fabrica\u00e7\u00e3o de bandejas de vinho de polpa inclui principalmente o <strong><em>sistema de polpa\u00e7\u00e3o, sistema de forma\u00e7\u00e3o, sistema de secagem e sistema de embalagem.<\/em><\/strong><\/p>    <ul class=\"wp-block-list\"> <li><strong><em>Sistema de desintegra\u00e7\u00e3o:<\/em><\/strong> Isso inclui um desintegrador, tanque de \u00e1gua e misturador. Ele mistura papel reciclado com \u00e1gua para fazer polpa lisa. Est\u00e1 conectado a um dispositivo de controle de concentra\u00e7\u00e3o de polpa.<\/li>    <li><em><strong>Sistema de forma\u00e7\u00e3o:<\/strong> <\/em>Isso utiliza moldes de suc\u00e7\u00e3o para moldar a polpa sob press\u00e3o negativa. O molde consiste em partes superior e inferior, que podem ser rapidamente trocadas para se adequar a diferentes bandejas de garrafas de vinho. O acionamento da forma\u00e7\u00e3o pode ser hidr\u00e1ulico ou pneum\u00e1tico.<\/li>    <li><strong><em>Sistema de Secagem:<\/em><\/strong> Ap\u00f3s a forma\u00e7\u00e3o, as bandejas \u00famidas s\u00e3o secas em altas temperaturas. Existem seis m\u00e9todos de secagem para escolher: secagem natural, forno de secagem, sala de secagem constru\u00edda em tijolos ou secagem em metal de m\u00faltiplas camadas. Isso garante que as bandejas sejam est\u00e1veis em tamanho e lisas na superf\u00edcie.<\/li>    <li><em><strong>Sistema de Embalagem:<\/strong> <\/em>As bandejas podem ser contadas e empilhadas usando um empilhador, e depois embaladas para entrega.<\/li> <\/ul>    <figure class=\"wp-block-gallery has-nested-images columns-default is-cropped wp-block-gallery-2 is-layout-flex wp-block-gallery-is-layout-flex\"> <figure class=\"wp-block-image size-large\"><img loading=\"lazy\" decoding=\"async\" width=\"720\" height=\"540\" data-id=\"9152\" src=\"https:\/\/www.eggtraymaking.com\/wp-content\/uploads\/2025\/06\/Pulper.webp\" alt=\"Desintegrador\" class=\"wp-image-9152\" srcset=\"https:\/\/www.eggtraymaking.com\/wp-content\/uploads\/2025\/06\/Pulper.webp 720w, https:\/\/www.eggtraymaking.com\/wp-content\/uploads\/2025\/06\/Pulper-360x270.webp 360w, https:\/\/www.eggtraymaking.com\/wp-content\/uploads\/2025\/06\/Pulper-240x180.webp 240w, https:\/\/www.eggtraymaking.com\/wp-content\/uploads\/2025\/06\/Pulper-16x12.webp 16w\" sizes=\"auto, (max-width: 720px) 100vw, 720px\" \/><figcaption class=\"wp-element-caption\">Desintegrador<\/figcaption><\/figure>    <figure class=\"wp-block-image size-large\"><img loading=\"lazy\" decoding=\"async\" width=\"720\" height=\"540\" data-id=\"9151\" src=\"https:\/\/www.eggtraymaking.com\/wp-content\/uploads\/2025\/06\/Pulp-Pump.webp\" alt=\"Bomba de polpa\" class=\"wp-image-9151\" srcset=\"https:\/\/www.eggtraymaking.com\/wp-content\/uploads\/2025\/06\/Pulp-Pump.webp 720w, https:\/\/www.eggtraymaking.com\/wp-content\/uploads\/2025\/06\/Pulp-Pump-360x270.webp 360w, https:\/\/www.eggtraymaking.com\/wp-content\/uploads\/2025\/06\/Pulp-Pump-240x180.webp 240w, https:\/\/www.eggtraymaking.com\/wp-content\/uploads\/2025\/06\/Pulp-Pump-16x12.webp 16w\" sizes=\"auto, (max-width: 720px) 100vw, 720px\" \/><figcaption class=\"wp-element-caption\">Bomba de polpa<\/figcaption><\/figure>    <figure class=\"wp-block-image size-large\"><img loading=\"lazy\" decoding=\"async\" width=\"720\" height=\"540\" data-id=\"9061\" src=\"https:\/\/www.eggtraymaking.com\/wp-content\/uploads\/2023\/08\/egg-tray-molding-machine.webp\" alt=\"m\u00e1quina de moldagem de bandejas para vinho\" class=\"wp-image-9061\" srcset=\"https:\/\/www.eggtraymaking.com\/wp-content\/uploads\/2023\/08\/egg-tray-molding-machine.webp 720w, https:\/\/www.eggtraymaking.com\/wp-content\/uploads\/2023\/08\/egg-tray-molding-machine-360x270.webp 360w, https:\/\/www.eggtraymaking.com\/wp-content\/uploads\/2023\/08\/egg-tray-molding-machine-240x180.webp 240w\" sizes=\"auto, (max-width: 720px) 100vw, 720px\" \/><figcaption class=\"wp-element-caption\">M\u00e1quina de Moldagem de Bandejas de Vinho<\/figcaption><\/figure> <\/figure>    <h2 class=\"wp-block-heading\">Par\u00e2metros t\u00e9cnicos da m\u00e1quina de fabrica\u00e7\u00e3o de bandejas de vinho de polpa Shuliy<\/h2>    <figure class=\"wp-block-table\"><table class=\"has-fixed-layout\"><tbody><tr><td>Modelo<\/td><td>Capacidade<\/td><td>Pot\u00eancia<\/td><td>Tens\u00e3o<\/td><td>Peso<\/td><td>Uso de polpa<\/td><td>Uso de \u00e1gua<\/td><td>Tamanho (mm)<\/td><\/tr><tr><td>SL-1000-3X1<\/td><td>1000pcs\/h<\/td><td>38kw<\/td><td>380V,50HZ<\/td><td>2500kg<\/td><td>80kg\/h<\/td><td>160kg\/h<\/td><td>2600*2200*1900<\/td><\/tr><tr><td>SL-1500-4X1<\/td><td>1500pcs\/h<\/td><td>38kw<\/td><td>380V,50HZ<\/td><td>3000kg<\/td><td>120kg\/h<\/td><td>240kg\/h<\/td><td>2800*2200*1900<\/td><\/tr><tr><td>SL-2500-3X4<\/td><td>2500pcs\/h<\/td><td>55kw<\/td><td>380V,50HZ<\/td><td>4000kg<\/td><td>200kg\/h<\/td><td>400kg\/h<\/td><td>2900*1800*1800<\/td><\/tr><tr><td>SL-3000-4X4<\/td><td>3000pcs\/h<\/td><td>60kw<\/td><td>380V,50HZ<\/td><td>4800kg<\/td><td>240kg\/h<\/td><td>480kg\/h<\/td><td>3250*1800*1800<\/td><\/tr><tr><td>SL-4000-4X8<\/td><td>4000pcs\/h<\/td><td>95kw<\/td><td>380V,50HZ<\/td><td>7000kg<\/td><td>320kg\/h<\/td><td>640kg\/h<\/td><td>3250*2300*2500<\/td><\/tr><tr><td>SL-5000-5X8<\/td><td>5000pcs\/h<\/td><td>95kw<\/td><td>380V,50HZ<\/td><td>8000kg<\/td><td>400kg\/h<\/td><td>800kg\/h<\/td><td>3700*2300*2500<\/td><\/tr><tr><td>SL-7000-6X8<\/td><td>7000pcs\/h<\/td><td>120kw<\/td><td>380V,50HZ<\/td><td>10000kg<\/td><td>480kg\/h<\/td><td>960kg\/h<\/td><td>3200*2300*2500<\/td><\/tr><\/tbody><\/table><\/figure>    <p>O acima \u00e9 nosso modelo padr\u00e3o para refer\u00eancia. Se voc\u00ea tiver requisitos mais espec\u00edficos, tamb\u00e9m podemos personalizar a m\u00e1quina de acordo com suas necessidades.<\/p>    <figure class=\"wp-block-gallery has-nested-images columns-default is-cropped wp-block-gallery-3 is-layout-flex wp-block-gallery-is-layout-flex\"> <figure class=\"wp-block-image size-large\"><img loading=\"lazy\" decoding=\"async\" width=\"720\" height=\"540\" data-id=\"9153\" src=\"https:\/\/www.eggtraymaking.com\/wp-content\/uploads\/2025\/06\/3\u00d74-fruit-tray-making-machine.webp\" alt=\"m\u00e1quina de fabrica\u00e7\u00e3o de bandejas para vinho 3\u00d74\" class=\"wp-image-9153\" srcset=\"https:\/\/www.eggtraymaking.com\/wp-content\/uploads\/2025\/06\/3\u00d74-fruit-tray-making-machine.webp 720w, https:\/\/www.eggtraymaking.com\/wp-content\/uploads\/2025\/06\/3\u00d74-fruit-tray-making-machine-360x270.webp 360w, https:\/\/www.eggtraymaking.com\/wp-content\/uploads\/2025\/06\/3\u00d74-fruit-tray-making-machine-240x180.webp 240w, https:\/\/www.eggtraymaking.com\/wp-content\/uploads\/2025\/06\/3\u00d74-fruit-tray-making-machine-16x12.webp 16w\" sizes=\"auto, (max-width: 720px) 100vw, 720px\" \/><figcaption class=\"wp-element-caption\">M\u00e1quina de Fazer Bandejas de Vinho 3\u00d74<\/figcaption><\/figure>    <figure class=\"wp-block-image size-large\"><img loading=\"lazy\" decoding=\"async\" width=\"720\" height=\"540\" data-id=\"9154\" src=\"https:\/\/www.eggtraymaking.com\/wp-content\/uploads\/2025\/06\/5\u00d78-fruit-tray-making-machine.webp\" alt=\"m\u00e1quina de fabrica\u00e7\u00e3o de bandejas para vinho 5\u00d78\" class=\"wp-image-9154\" srcset=\"https:\/\/www.eggtraymaking.com\/wp-content\/uploads\/2025\/06\/5\u00d78-fruit-tray-making-machine.webp 720w, https:\/\/www.eggtraymaking.com\/wp-content\/uploads\/2025\/06\/5\u00d78-fruit-tray-making-machine-360x270.webp 360w, https:\/\/www.eggtraymaking.com\/wp-content\/uploads\/2025\/06\/5\u00d78-fruit-tray-making-machine-240x180.webp 240w, https:\/\/www.eggtraymaking.com\/wp-content\/uploads\/2025\/06\/5\u00d78-fruit-tray-making-machine-16x12.webp 16w\" sizes=\"auto, (max-width: 720px) 100vw, 720px\" \/><figcaption class=\"wp-element-caption\">M\u00e1quina de Fazer Bandejas de Vinho 5\u00d78<\/figcaption><\/figure> <\/figure>    <h2 class=\"wp-block-heading\">Como funciona a m\u00e1quina de moldagem de bandejas de papel para vinho?<\/h2>    <p class=\"translation-block\">Semelhante \u00e0 <strong><a href=\"https:\/\/www.eggtraymaking.com\/pt\/egg-tray-making-machine\/\">m\u00e1quina de fabrica\u00e7\u00e3o de bandejas de ovos,<\/a><\/strong> a m\u00e1quina de forma\u00e7\u00e3o de bandejas de vinho de polpa adota a tecnologia de forma\u00e7\u00e3o de polpa. Segue um processo de forma\u00e7\u00e3o de polpa onde a polpa \u00e9 injetada em um molde. Em seguida, a bandeja \u00e9 formada por suc\u00e7\u00e3o a v\u00e1cuo, seca com calor e moldada em uma bandeja de resist\u00eancia e design especiais.<\/p>    <p>Os principais passos de trabalho tamb\u00e9m s\u00e3o: polpa \u2192 forma\u00e7\u00e3o \u2192 secagem \u2192 embalagem.<\/p>    <figure class=\"wp-block-gallery has-nested-images columns-default is-cropped wp-block-gallery-4 is-layout-flex wp-block-gallery-is-layout-flex\"> <figure class=\"wp-block-image size-large\"><img loading=\"lazy\" decoding=\"async\" width=\"720\" height=\"540\" data-id=\"9169\" src=\"https:\/\/www.eggtraymaking.com\/wp-content\/uploads\/2025\/06\/Pulp-wine-tray-making-machine-3D-picture-No.1.webp\" alt=\"M\u00e1quina de fazer bandejas de vinho de polpa imagem 3D N\u00ba 1\" class=\"wp-image-9169\" srcset=\"https:\/\/www.eggtraymaking.com\/wp-content\/uploads\/2025\/06\/Pulp-wine-tray-making-machine-3D-picture-No.1.webp 720w, https:\/\/www.eggtraymaking.com\/wp-content\/uploads\/2025\/06\/Pulp-wine-tray-making-machine-3D-picture-No.1-360x270.webp 360w, https:\/\/www.eggtraymaking.com\/wp-content\/uploads\/2025\/06\/Pulp-wine-tray-making-machine-3D-picture-No.1-240x180.webp 240w, https:\/\/www.eggtraymaking.com\/wp-content\/uploads\/2025\/06\/Pulp-wine-tray-making-machine-3D-picture-No.1-16x12.webp 16w\" sizes=\"auto, (max-width: 720px) 100vw, 720px\" \/><figcaption class=\"wp-element-caption\">M\u00e1quina Formadora de Bandejas de Vinho de Polpa Imagem 3D N\u00ba 1<\/figcaption><\/figure>    <figure class=\"wp-block-image size-large\"><img loading=\"lazy\" decoding=\"async\" width=\"720\" height=\"540\" data-id=\"9170\" src=\"https:\/\/www.eggtraymaking.com\/wp-content\/uploads\/2025\/06\/Pulp-wine-tray-making-machine-3D-picture-No.2.webp\" alt=\"M\u00e1quina de fazer bandejas de vinho de polpa imagem 3D n\u00ba 2\" class=\"wp-image-9170\" srcset=\"https:\/\/www.eggtraymaking.com\/wp-content\/uploads\/2025\/06\/Pulp-wine-tray-making-machine-3D-picture-No.2.webp 720w, https:\/\/www.eggtraymaking.com\/wp-content\/uploads\/2025\/06\/Pulp-wine-tray-making-machine-3D-picture-No.2-360x270.webp 360w, https:\/\/www.eggtraymaking.com\/wp-content\/uploads\/2025\/06\/Pulp-wine-tray-making-machine-3D-picture-No.2-240x180.webp 240w, https:\/\/www.eggtraymaking.com\/wp-content\/uploads\/2025\/06\/Pulp-wine-tray-making-machine-3D-picture-No.2-16x12.webp 16w\" sizes=\"auto, (max-width: 720px) 100vw, 720px\" \/><figcaption class=\"wp-element-caption\">M\u00e1quina Formadora de Bandejas de Vinho de Polpa Imagem 3D N\u00ba 2<\/figcaption><\/figure> <\/figure>    <h2 class=\"wp-block-heading\">Vantagens da m\u00e1quina de fabrica\u00e7\u00e3o de bandejas de embalagem de vinho Shuliy<\/h2>    <ul class=\"wp-block-list\"> <li><strong>Alta automa\u00e7\u00e3o<\/strong>Do desdobramento \u00e0 forma\u00e7\u00e3o, corte e embalagem, o processo \u00e9 autom\u00e1tico, economizando custos com m\u00e3o de obra.<\/li>    <li><strong>Produ\u00e7\u00e3o ecol\u00f3gica<\/strong>Sem efluentes ou emiss\u00f5es de g\u00e1s. As mat\u00e9rias-primas podem ser recicladas novamente, atendendo \u00e0s pol\u00edticas ambientais locais.<\/li>    <li><strong>Moldes personalizados:<\/strong> Adequado para diferentes tamanhos e tipos de garrafas (como Bordeaux, Champagne, garrafas de licor). Tamb\u00e9m podemos personalizar moldes com base nas garrafas que voc\u00ea nos enviar.<\/li>    <li><strong>Acabamento de superf\u00edcie agrad\u00e1vel: <\/strong>As bandejas parecem suaves e limpas, perfeitas para caixas de presente de vinho premium ou exibi\u00e7\u00e3o em showroom. Voc\u00ea pode personalizar a cor, a grava\u00e7\u00e3o do logotipo ou padr\u00f5es para aprimorar sua embalagem.<\/li>    <li><strong>M\u00faltiplas op\u00e7\u00f5es de bandejas: <\/strong>Pode produzir bandejas para 1, 2, 6 ou 12 garrafas.<\/li>    <li><strong>Desempenho est\u00e1vel:<\/strong> Controla precisamente a press\u00e3o de forma\u00e7\u00e3o, o tempo e o ajuste do molde para garantir qualidade consistente. Comparado a m\u00e1quinas comuns, pode operar 2,5 vezes mais.<\/li>    <li><strong>Sistema de moldes de alta precis\u00e3o<\/strong>Torna as bandejas mais fortes e est\u00e1veis, com bom suporte de peso e sem bordas deformadas. A bandeja possui pontos de suporte sim\u00e9tricos para melhor desempenho.<\/li>    <li><strong>Servi\u00e7os personalizados dispon\u00edveis:<\/strong> Oferecemos design baseado em amostras, correspond\u00eancia de tamanhos de garrafas, estampagem de logotipos, personaliza\u00e7\u00e3o de cores e muito mais para ajudar sua marca a se destacar. Solu\u00e7\u00f5es de embalagem completas podem ser fornecidas com a m\u00e1quina de forma\u00e7\u00e3o de bandejas.<\/li>    <li><strong>Linha de produ\u00e7\u00e3o completa e solu\u00e7\u00e3o dispon\u00edvel:<\/strong> Como fabricante direto, podemos fornecer m\u00e1quinas de polpa, compressores de ar, secadores e outros equipamentos. Tamb\u00e9m oferecemos um planejamento razo\u00e1vel do layout do terreno para ajudar a reduzir seus custos com m\u00e3o de obra.<\/li> <\/ul>    <figure class=\"wp-block-image size-full\"><img loading=\"lazy\" decoding=\"async\" width=\"720\" height=\"540\" src=\"https:\/\/www.eggtraymaking.com\/wp-content\/uploads\/2025\/06\/Our-customers-are-considering-the-belt-dryer.webp\" alt=\"Nossos clientes est\u00e3o considerando o secador de cinta\" class=\"wp-image-9171\" srcset=\"https:\/\/www.eggtraymaking.com\/wp-content\/uploads\/2025\/06\/Our-customers-are-considering-the-belt-dryer.webp 720w, https:\/\/www.eggtraymaking.com\/wp-content\/uploads\/2025\/06\/Our-customers-are-considering-the-belt-dryer-360x270.webp 360w, https:\/\/www.eggtraymaking.com\/wp-content\/uploads\/2025\/06\/Our-customers-are-considering-the-belt-dryer-240x180.webp 240w, https:\/\/www.eggtraymaking.com\/wp-content\/uploads\/2025\/06\/Our-customers-are-considering-the-belt-dryer-16x12.webp 16w\" sizes=\"auto, (max-width: 720px) 100vw, 720px\" \/><figcaption class=\"wp-element-caption\">Nossos clientes est\u00e3o considerando o secador de correia<\/figcaption><\/figure>    <h2 class=\"wp-block-heading\">Quais s\u00e3o os tipos de bandejas de papel para vinho?<\/h2>    <figure class=\"wp-block-table\"><table class=\"has-fixed-layout\"><tbody><tr><td>Categoria<\/td><td>Tipo<\/td><\/tr><tr><td>Por Volume da Garrafa<\/td><td>187ml, 375ml, 500ml, 700ml, 750ml, 1L, 1.5L, 3L \/ 5L<\/td><\/tr><tr><td>Por Quantidade de Garrafas<\/td><td>Uma garrafa, Duas garrafas, Quatro garrafas, Seis garrafas, Doze garrafas<\/td><\/tr><tr><td>Por Estrutura<\/td><td>Tipo de pe\u00e7a \u00fanica, Tipo separado em cima e embaixo, Tipo inserido<\/td><\/tr><tr><td>Por Processo de Moldagem<\/td><td>Moldagem por prensagem a seco, Moldagem por prensagem a \u00famido<\/td><\/tr><tr><td>Por Uso<\/td><td>Tipo de prote\u00e7\u00e3o para transporte, Tipo de exibi\u00e7\u00e3o em caixa de presente, Tipo de exporta\u00e7\u00e3o<\/td><\/tr><\/tbody><\/table><\/figure>    <h2 class=\"wp-block-heading\">Por que escolher uma m\u00e1quina de fabrica\u00e7\u00e3o de bandejas para embalagem de vinho?<\/h2>    <h3 class=\"wp-block-heading\">Tem amplas aplica\u00e7\u00f5es:<\/h3>    <ul class=\"wp-block-list\"> <li><strong>Fabricantes de vinho: <\/strong>Usado para embalagem interna de produtos de vinho engarrafados.<\/li>    <li><strong>Plataformas de e-commerce:<\/strong> Ideal para o envio seguro de uma ou v\u00e1rias garrafas de vinho.<\/li>    <li><strong>Empresas de embalagem para presentes<\/strong>Usado para bandejas dentro de caixas de vinho de presente ou conjuntos de vinho premium.<\/li>    <li><strong>Comerciantes de exporta\u00e7\u00e3o: <\/strong>Atende \u00e0s regulamenta\u00e7\u00f5es de ecoembalagem na UE, EUA e outros pa\u00edses.<\/li>    <li><strong>Supermercados e lojas de varejo:<\/strong> Usado para pacotes combinados, tornando a exibi\u00e7\u00e3o e as vendas mais convenientes.<\/li> <\/ul>    <h3 class=\"wp-block-heading\">Vantagens em compara\u00e7\u00e3o com outros materiais de embalagem:<\/h3>    <figure class=\"wp-block-table\"><table class=\"has-fixed-layout\"><tbody><tr><td>Item<\/td><td>Bandeja de vinho de papel\u00e3o<\/td><td>Bandeja de espuma pl\u00e1stica<\/td><td>Inserto de Papel Ondulado<\/td><\/tr><tr><td>Ambiental<\/td><td>Biodegrad\u00e1vel, ecol\u00f3gico<\/td><td>N\u00e3o biodegrad\u00e1vel<\/td><td>Recicl\u00e1vel<\/td><\/tr><tr><td>Prote\u00e7\u00e3o<\/td><td>Forte<\/td><td>Muito forte<\/td><td>M\u00e9dio<\/td><\/tr><tr><td>Custo<\/td><td>M\u00e9dio<\/td><td>Mais alto<\/td><td>Mais baixo<\/td><\/tr><tr><td>Personaliza\u00e7\u00e3o<\/td><td>Alto<\/td><td>M\u00e9dio<\/td><td>M\u00e9dio<\/td><\/tr><tr><td>Apar\u00eancia<\/td><td>Bom (melhor com prensagem a \u00famido)<\/td><td>Pobre<\/td><td>M\u00e9dio<\/td><\/tr><\/tbody><\/table><\/figure>    <h2 class=\"wp-block-heading\">Produtos acabados da m\u00e1quina de fabrica\u00e7\u00e3o de bandejas de vinho de polpa<\/h2>    <p>As bandejas de vinho de polpa que costumamos produzir est\u00e3o mostradas abaixo. No entanto, temos muitas outras op\u00e7\u00f5es de moldes dispon\u00edveis. Se voc\u00ea estiver interessado, sinta-se \u00e0 vontade para nos contatar a qualquer momento!<\/p>    <figure class=\"wp-block-image size-full\"><img loading=\"lazy\" decoding=\"async\" width=\"720\" height=\"540\" src=\"https:\/\/www.eggtraymaking.com\/wp-content\/uploads\/2025\/06\/Wine-Tray-Application-Display.webp\" alt=\"Exibi\u00e7\u00e3o de Aplica\u00e7\u00e3o de Bandeja de Vinho\" class=\"wp-image-9168\" srcset=\"https:\/\/www.eggtraymaking.com\/wp-content\/uploads\/2025\/06\/Wine-Tray-Application-Display.webp 720w, https:\/\/www.eggtraymaking.com\/wp-content\/uploads\/2025\/06\/Wine-Tray-Application-Display-360x270.webp 360w, https:\/\/www.eggtraymaking.com\/wp-content\/uploads\/2025\/06\/Wine-Tray-Application-Display-240x180.webp 240w, https:\/\/www.eggtraymaking.com\/wp-content\/uploads\/2025\/06\/Wine-Tray-Application-Display-16x12.webp 16w\" sizes=\"auto, (max-width: 720px) 100vw, 720px\" \/><figcaption class=\"wp-element-caption\">Exibi\u00e7\u00e3o de Aplica\u00e7\u00e3o de Bandeja de Vinho<\/figcaption><\/figure>    <h2 class=\"wp-block-heading\">Exibi\u00e7\u00e3o de envio da m\u00e1quina de fabrica\u00e7\u00e3o de bandejas de papel para vinho<\/h2>    <p>Aqui est\u00e3o algumas das nossas fotos de envio. Voc\u00ea pode dar uma olhada na nossa embalagem.<\/p>    <figure class=\"wp-block-gallery has-nested-images columns-default is-cropped wp-block-gallery-5 is-layout-flex wp-block-gallery-is-layout-flex\"> <figure class=\"wp-block-image size-large\"><img loading=\"lazy\" decoding=\"async\" width=\"720\" height=\"540\" data-id=\"9173\" src=\"https:\/\/www.eggtraymaking.com\/wp-content\/uploads\/2025\/06\/Loading-the-mixing-tank.webp\" alt=\"Carregando o tanque de mistura\" class=\"wp-image-9173\" srcset=\"https:\/\/www.eggtraymaking.com\/wp-content\/uploads\/2025\/06\/Loading-the-mixing-tank.webp 720w, https:\/\/www.eggtraymaking.com\/wp-content\/uploads\/2025\/06\/Loading-the-mixing-tank-360x270.webp 360w, https:\/\/www.eggtraymaking.com\/wp-content\/uploads\/2025\/06\/Loading-the-mixing-tank-240x180.webp 240w, https:\/\/www.eggtraymaking.com\/wp-content\/uploads\/2025\/06\/Loading-the-mixing-tank-16x12.webp 16w\" sizes=\"auto, (max-width: 720px) 100vw, 720px\" \/><figcaption class=\"wp-element-caption\">Carregando o Tanque de Mistura<\/figcaption><\/figure>    <figure class=\"wp-block-image size-large\"><img loading=\"lazy\" decoding=\"async\" width=\"720\" height=\"540\" data-id=\"9174\" src=\"https:\/\/www.eggtraymaking.com\/wp-content\/uploads\/2025\/06\/The-factory-is-currently-packing.webp\" alt=\"A f\u00e1brica est\u00e1 atualmente embalando\" class=\"wp-image-9174\" srcset=\"https:\/\/www.eggtraymaking.com\/wp-content\/uploads\/2025\/06\/The-factory-is-currently-packing.webp 720w, https:\/\/www.eggtraymaking.com\/wp-content\/uploads\/2025\/06\/The-factory-is-currently-packing-360x270.webp 360w, https:\/\/www.eggtraymaking.com\/wp-content\/uploads\/2025\/06\/The-factory-is-currently-packing-240x180.webp 240w, https:\/\/www.eggtraymaking.com\/wp-content\/uploads\/2025\/06\/The-factory-is-currently-packing-16x12.webp 16w\" sizes=\"auto, (max-width: 720px) 100vw, 720px\" \/><figcaption class=\"wp-element-caption\">A f\u00e1brica est\u00e1 atualmente embalando<\/figcaption><\/figure> <\/figure>","protected":false},"excerpt":{"rendered":"<p>Uma m\u00e1quina de fazer bandejas de vinho de polpa \u00e9 um dispositivo industrial totalmente autom\u00e1tico projetado para produzir bandejas de vinho moldadas em polpa. Ela pode alcan\u00e7ar uma alta produ\u00e7\u00e3o, com uma capacidade m\u00e1xima de at\u00e9 6000PCs\/h.<\/p>","protected":false},"author":1,"featured_media":9175,"parent":0,"template":"","tags":[460,461],"product-type":[451],"class_list":["post-9166","product","type-product","status-publish","has-post-thumbnail","hentry","tag-pulp-wine-tray","tag-wine-packaging-tray-making-machine","product-type-pulp-molding-machine"],"_links":{"self":[{"href":"https:\/\/www.eggtraymaking.com\/pt\/wp-json\/wp\/v2\/product\/9166","targetHints":{"allow":["GET"]}}],"collection":[{"href":"https:\/\/www.eggtraymaking.com\/pt\/wp-json\/wp\/v2\/product"}],"about":[{"href":"https:\/\/www.eggtraymaking.com\/pt\/wp-json\/wp\/v2\/types\/product"}],"author":[{"embeddable":true,"href":"https:\/\/www.eggtraymaking.com\/pt\/wp-json\/wp\/v2\/users\/1"}],"wp:featuredmedia":[{"embeddable":true,"href":"https:\/\/www.eggtraymaking.com\/pt\/wp-json\/wp\/v2\/media\/9175"}],"wp:attachment":[{"href":"https:\/\/www.eggtraymaking.com\/pt\/wp-json\/wp\/v2\/media?parent=9166"}],"wp:term":[{"taxonomy":"post_tag","embeddable":true,"href":"https:\/\/www.eggtraymaking.com\/pt\/wp-json\/wp\/v2\/tags?post=9166"},{"taxonomy":"product-type","embeddable":true,"href":"https:\/\/www.eggtraymaking.com\/pt\/wp-json\/wp\/v2\/product-type?post=9166"}],"curies":[{"name":"wp","href":"https:\/\/api.w.org\/{rel}","templated":true}]}}