{"id":9141,"date":"2025-06-12T14:13:04","date_gmt":"2025-06-12T06:13:04","guid":{"rendered":"https:\/\/www.eggtraymaking.com\/?post_type=product&#038;p=9141"},"modified":"2025-07-17T15:45:38","modified_gmt":"2025-07-17T07:45:38","slug":"fruit-tray-making-machine","status":"publish","type":"product","link":"https:\/\/www.eggtraymaking.com\/pt\/fruit-tray-making-machine\/","title":{"rendered":"M\u00e1quina de Fazer Bandejas de Frutas"},"content":{"rendered":"<p class=\"translation-block\">A <strong><a href=\"https:\/\/www.eggtraymaking.com\/pt\/egg-tray-making-machine\/\">m\u00e1quina de fazer bandejas de polpa<\/a><\/strong> n\u00e3o \u00e9 usada apenas para fazer bandejas de ovos, mas tamb\u00e9m pode ser usada para produzir bandejas para frutas. \u00c9 tamb\u00e9m conhecida como <strong>m\u00e1quina de fazer bandejas para frutas<\/strong> ou m\u00e1quina de fazer bandejas de embalagem para frutas e vegetais. Semelhante \u00e0 m\u00e1quina de bandejas de ovos, ela usa papel usado e caixas de papel\u00e3o antigas como mat\u00e9ria-prima, que s\u00e3o processadas atrav\u00e9s de polpa\u00e7\u00e3o, filtragem e mistura de \u00e1gua para criar polpa espessa para fazer bandejas.<\/p>    <figure class=\"wp-block-embed is-type-video is-provider-youtube wp-block-embed-youtube wp-embed-aspect-16-9 wp-has-aspect-ratio\"><div class=\"wp-block-embed__wrapper\"> <iframe loading=\"lazy\" title=\"Fabricante de m\u00e1quinas para fabrica\u00e7\u00e3o de bandejas de frutas da China Top 1 #bandejadeovos #maquinadebandejadeovos\" width=\"500\" height=\"281\" src=\"https:\/\/www.youtube.com\/embed\/9PqmZSDteMY?feature=oembed\" frameborder=\"0\" allow=\"accelerometer; autoplay; clipboard-write; encrypted-media; gyroscope; picture-in-picture; web-share\" referrerpolicy=\"strict-origin-when-cross-origin\" allowfullscreen><\/iframe> <\/div><\/figure>    <p class=\"translation-block\">Esta m\u00e1quina de fazer bandejas para frutas \u00e9 amplamente utilizada para a embalagem ecol\u00f3gica de frutas como <strong><em>ma\u00e7\u00e3s, peras, laranjas e kiwis.<\/em><\/strong> \u00c9 uma alternativa verde \u00e0s bandejas de pl\u00e1stico, pois \u00e9 biodegrad\u00e1vel, recicl\u00e1vel e ecologicamente correta.<\/p>    <p class=\"translation-block\">As bandejas para frutas t\u00eam uma ampla gama de usos. Elas s\u00e3o usadas principalmente em <strong>mercados atacadistas de frutas, centros de distribui\u00e7\u00e3o de supermercados, empresas de exporta\u00e7\u00e3o de frutas, f\u00e1bricas de embalagens ecol\u00f3gicas e fazendas de frutas<\/strong>. Devido \u00e0 alta demanda, o mercado tem grande potencial e o retorno do investimento \u00e9 substancial.<\/p>    <p class=\"translation-block\">A <strong>Shuliy<\/strong> tem se concentrado no desenvolvimento e produ\u00e7\u00e3o de m\u00e1quinas de fazer bandejas para frutas h\u00e1 mais de 10 anos. Com rica experi\u00eancia de exporta\u00e7\u00e3o, a Shuliy \u00e9 um dos principais fabricantes e exportadores na China. Todos os anos, exportamos muitas m\u00e1quinas de fazer bandejas para frutas para pa\u00edses como <strong>Brasil, Cuba, Col\u00f4mbia, R\u00fassia, Gana, Camar\u00f5es, Nig\u00e9ria, Fran\u00e7a, Z\u00e2mbia, Nova Zel\u00e2ndia, Peru, Uzbequist\u00e3o, Sud\u00e3o e muitos outros.<\/strong><\/p>   <div class=\"wp-block-image\"> <figure class=\"aligncenter size-full\"><img loading=\"lazy\" decoding=\"async\" width=\"720\" height=\"540\" src=\"https:\/\/www.eggtraymaking.com\/wp-content\/uploads\/2025\/06\/4\u00d71-fruit-tray-making-machine.webp\" alt=\"m\u00e1quina de fazer bandejas de frutas 4\u00d71\" class=\"wp-image-9143\" srcset=\"https:\/\/www.eggtraymaking.com\/wp-content\/uploads\/2025\/06\/4\u00d71-fruit-tray-making-machine.webp 720w, https:\/\/www.eggtraymaking.com\/wp-content\/uploads\/2025\/06\/4\u00d71-fruit-tray-making-machine-360x270.webp 360w, https:\/\/www.eggtraymaking.com\/wp-content\/uploads\/2025\/06\/4\u00d71-fruit-tray-making-machine-240x180.webp 240w, https:\/\/www.eggtraymaking.com\/wp-content\/uploads\/2025\/06\/4\u00d71-fruit-tray-making-machine-16x12.webp 16w\" sizes=\"auto, (max-width: 720px) 100vw, 720px\" \/><figcaption class=\"wp-element-caption\">m\u00e1quina de fazer bandejas de frutas 4\u00d71<\/figcaption><\/figure> <\/div>   <h2 class=\"wp-block-heading\">Como funciona a m\u00e1quina de fazer bandejas de frutas?<\/h2>    <p>Assim como a m\u00e1quina de bandejas de ovos, a m\u00e1quina de fazer bandejas de frutas utiliza a tecnologia de moldagem de polpa. Ela segue um processo de forma\u00e7\u00e3o de polpa onde a polpa \u00e9 injetada em um molde. Em seguida, a bandeja \u00e9 formada por suc\u00e7\u00e3o a v\u00e1cuo, seca com calor e moldada em bandejas com uma resist\u00eancia e design espec\u00edficos.<\/p>    <p class=\"translation-block\">As principais etapas de trabalho s\u00e3o: <strong>polpa\u00e7\u00e3o \u2192 forma\u00e7\u00e3o \u2192 secagem \u2192 embalagem.<\/strong><\/p>   <div class=\"wp-block-image\"> <figure class=\"aligncenter size-full\"><img loading=\"lazy\" decoding=\"async\" width=\"720\" height=\"540\" src=\"https:\/\/www.eggtraymaking.com\/wp-content\/uploads\/2025\/06\/egg-tray-making-process.webp\" alt=\"Processo de fabrica\u00e7\u00e3o de bandejas de frutas\" class=\"wp-image-9144\" srcset=\"https:\/\/www.eggtraymaking.com\/wp-content\/uploads\/2025\/06\/egg-tray-making-process.webp 720w, https:\/\/www.eggtraymaking.com\/wp-content\/uploads\/2025\/06\/egg-tray-making-process-360x270.webp 360w, https:\/\/www.eggtraymaking.com\/wp-content\/uploads\/2025\/06\/egg-tray-making-process-240x180.webp 240w, https:\/\/www.eggtraymaking.com\/wp-content\/uploads\/2025\/06\/egg-tray-making-process-16x12.webp 16w\" sizes=\"auto, (max-width: 720px) 100vw, 720px\" \/><figcaption class=\"wp-element-caption\">Processo de fabrica\u00e7\u00e3o de bandejas de frutas<\/figcaption><\/figure> <\/div>   <h2 class=\"wp-block-heading\">Quais s\u00e3o as principais partes de uma m\u00e1quina de fazer bandejas de frutas?<\/h2>    <p class=\"translation-block\">A m\u00e1quina de fazer bandejas para frutas inclui principalmente os seguintes sistemas: <strong>sistema de polpa\u00e7\u00e3o, sistema de forma\u00e7\u00e3o, sistema de secagem, sistema de prensagem a quente e sistema de controle.<\/strong><\/p>    <figure class=\"wp-block-gallery has-nested-images columns-default is-cropped wp-block-gallery-2 is-layout-flex wp-block-gallery-is-layout-flex\"> <figure class=\"wp-block-image size-large\"><img loading=\"lazy\" decoding=\"async\" width=\"720\" height=\"540\" data-id=\"9147\" src=\"https:\/\/www.eggtraymaking.com\/wp-content\/uploads\/2025\/06\/Continuous-Belt-Dryer.webp\" alt=\"Secador de correia cont\u00ednua\" class=\"wp-image-9147\" srcset=\"https:\/\/www.eggtraymaking.com\/wp-content\/uploads\/2025\/06\/Continuous-Belt-Dryer.webp 720w, https:\/\/www.eggtraymaking.com\/wp-content\/uploads\/2025\/06\/Continuous-Belt-Dryer-360x270.webp 360w, https:\/\/www.eggtraymaking.com\/wp-content\/uploads\/2025\/06\/Continuous-Belt-Dryer-240x180.webp 240w, https:\/\/www.eggtraymaking.com\/wp-content\/uploads\/2025\/06\/Continuous-Belt-Dryer-16x12.webp 16w\" sizes=\"auto, (max-width: 720px) 100vw, 720px\" \/><figcaption class=\"wp-element-caption\">Secador de correia cont\u00ednua<\/figcaption><\/figure>    <figure class=\"wp-block-image size-large\"><img loading=\"lazy\" decoding=\"async\" width=\"720\" height=\"540\" data-id=\"9148\" src=\"https:\/\/www.eggtraymaking.com\/wp-content\/uploads\/2025\/06\/Electrical-Control-Cabinet.webp\" alt=\"Painel de Controle El\u00e9trico\" class=\"wp-image-9148\" srcset=\"https:\/\/www.eggtraymaking.com\/wp-content\/uploads\/2025\/06\/Electrical-Control-Cabinet.webp 720w, https:\/\/www.eggtraymaking.com\/wp-content\/uploads\/2025\/06\/Electrical-Control-Cabinet-360x270.webp 360w, https:\/\/www.eggtraymaking.com\/wp-content\/uploads\/2025\/06\/Electrical-Control-Cabinet-240x180.webp 240w, https:\/\/www.eggtraymaking.com\/wp-content\/uploads\/2025\/06\/Electrical-Control-Cabinet-16x12.webp 16w\" sizes=\"auto, (max-width: 720px) 100vw, 720px\" \/><figcaption class=\"wp-element-caption\">Painel de Controle El\u00e9trico<\/figcaption><\/figure>    <figure class=\"wp-block-image size-large\"><img loading=\"lazy\" decoding=\"async\" width=\"720\" height=\"540\" data-id=\"9149\" src=\"https:\/\/www.eggtraymaking.com\/wp-content\/uploads\/2025\/06\/Mixing-paddle.webp\" alt=\"P\u00e1 de mistura\" class=\"wp-image-9149\" srcset=\"https:\/\/www.eggtraymaking.com\/wp-content\/uploads\/2025\/06\/Mixing-paddle.webp 720w, https:\/\/www.eggtraymaking.com\/wp-content\/uploads\/2025\/06\/Mixing-paddle-360x270.webp 360w, https:\/\/www.eggtraymaking.com\/wp-content\/uploads\/2025\/06\/Mixing-paddle-240x180.webp 240w, https:\/\/www.eggtraymaking.com\/wp-content\/uploads\/2025\/06\/Mixing-paddle-16x12.webp 16w\" sizes=\"auto, (max-width: 720px) 100vw, 720px\" \/><figcaption class=\"wp-element-caption\">P\u00e1 de Mistura<\/figcaption><\/figure>    <figure class=\"wp-block-image size-large\"><img loading=\"lazy\" decoding=\"async\" width=\"720\" height=\"540\" data-id=\"9150\" src=\"https:\/\/www.eggtraymaking.com\/wp-content\/uploads\/2025\/06\/Mold.webp\" alt=\"Molde\" class=\"wp-image-9150\" srcset=\"https:\/\/www.eggtraymaking.com\/wp-content\/uploads\/2025\/06\/Mold.webp 720w, https:\/\/www.eggtraymaking.com\/wp-content\/uploads\/2025\/06\/Mold-360x270.webp 360w, https:\/\/www.eggtraymaking.com\/wp-content\/uploads\/2025\/06\/Mold-240x180.webp 240w, https:\/\/www.eggtraymaking.com\/wp-content\/uploads\/2025\/06\/Mold-16x12.webp 16w\" sizes=\"auto, (max-width: 720px) 100vw, 720px\" \/><figcaption class=\"wp-element-caption\">Molde<\/figcaption><\/figure>    <figure class=\"wp-block-image size-large\"><img loading=\"lazy\" decoding=\"async\" width=\"720\" height=\"540\" data-id=\"9151\" src=\"https:\/\/www.eggtraymaking.com\/wp-content\/uploads\/2025\/06\/Pulp-Pump.webp\" alt=\"Bomba de polpa\" class=\"wp-image-9151\" srcset=\"https:\/\/www.eggtraymaking.com\/wp-content\/uploads\/2025\/06\/Pulp-Pump.webp 720w, https:\/\/www.eggtraymaking.com\/wp-content\/uploads\/2025\/06\/Pulp-Pump-360x270.webp 360w, https:\/\/www.eggtraymaking.com\/wp-content\/uploads\/2025\/06\/Pulp-Pump-240x180.webp 240w, https:\/\/www.eggtraymaking.com\/wp-content\/uploads\/2025\/06\/Pulp-Pump-16x12.webp 16w\" sizes=\"auto, (max-width: 720px) 100vw, 720px\" \/><figcaption class=\"wp-element-caption\">Bomba de polpa<\/figcaption><\/figure>    <figure class=\"wp-block-image size-large\"><img loading=\"lazy\" decoding=\"async\" width=\"720\" height=\"540\" data-id=\"9152\" src=\"https:\/\/www.eggtraymaking.com\/wp-content\/uploads\/2025\/06\/Pulper.webp\" alt=\"Desintegrador\" class=\"wp-image-9152\" srcset=\"https:\/\/www.eggtraymaking.com\/wp-content\/uploads\/2025\/06\/Pulper.webp 720w, https:\/\/www.eggtraymaking.com\/wp-content\/uploads\/2025\/06\/Pulper-360x270.webp 360w, https:\/\/www.eggtraymaking.com\/wp-content\/uploads\/2025\/06\/Pulper-240x180.webp 240w, https:\/\/www.eggtraymaking.com\/wp-content\/uploads\/2025\/06\/Pulper-16x12.webp 16w\" sizes=\"auto, (max-width: 720px) 100vw, 720px\" \/><figcaption class=\"wp-element-caption\">Desintegrador<\/figcaption><\/figure> <\/figure>    <p class=\"translation-block\">O equipamento chave inclui: <br>m\u00e1quina de polpa\u00e7\u00e3o, compressor de ar, m\u00e1quina de forma\u00e7\u00e3o, m\u00e1quina de secagem e m\u00e1quina de embalagem. Podemos fornecer a <strong><a href=\"https:\/\/www.eggtraymaking.com\/pt\/paper-egg-tray-production-line\/\">linha de produ\u00e7\u00e3o de bandejas para frutas<\/a><\/strong> completa.<\/p>    <figure class=\"wp-block-gallery has-nested-images columns-default is-cropped wp-block-gallery-3 is-layout-flex wp-block-gallery-is-layout-flex\"> <figure class=\"wp-block-image size-large\"><img loading=\"lazy\" decoding=\"async\" width=\"720\" height=\"540\" data-id=\"9145\" src=\"https:\/\/www.eggtraymaking.com\/wp-content\/uploads\/2025\/06\/untitled2.webp\" alt=\"Linha de Produ\u00e7\u00e3o de Bandejas de Frutas em Grande Escala\" class=\"wp-image-9145\" srcset=\"https:\/\/www.eggtraymaking.com\/wp-content\/uploads\/2025\/06\/untitled2.webp 720w, https:\/\/www.eggtraymaking.com\/wp-content\/uploads\/2025\/06\/untitled2-360x270.webp 360w, https:\/\/www.eggtraymaking.com\/wp-content\/uploads\/2025\/06\/untitled2-240x180.webp 240w, https:\/\/www.eggtraymaking.com\/wp-content\/uploads\/2025\/06\/untitled2-16x12.webp 16w\" sizes=\"auto, (max-width: 720px) 100vw, 720px\" \/><figcaption class=\"wp-element-caption\">Linha de Produ\u00e7\u00e3o de Bandejas de Frutas em Grande Escala<\/figcaption><\/figure>    <figure class=\"wp-block-image size-large\"><img loading=\"lazy\" decoding=\"async\" width=\"720\" height=\"540\" data-id=\"9146\" src=\"https:\/\/www.eggtraymaking.com\/wp-content\/uploads\/2025\/06\/untitled5.webp\" alt=\"Linha de Produ\u00e7\u00e3o de Bandejas de Frutas em Pequena Escala\" class=\"wp-image-9146\" srcset=\"https:\/\/www.eggtraymaking.com\/wp-content\/uploads\/2025\/06\/untitled5.webp 720w, https:\/\/www.eggtraymaking.com\/wp-content\/uploads\/2025\/06\/untitled5-360x270.webp 360w, https:\/\/www.eggtraymaking.com\/wp-content\/uploads\/2025\/06\/untitled5-240x180.webp 240w, https:\/\/www.eggtraymaking.com\/wp-content\/uploads\/2025\/06\/untitled5-16x12.webp 16w\" sizes=\"auto, (max-width: 720px) 100vw, 720px\" \/><figcaption class=\"wp-element-caption\">Linha de Produ\u00e7\u00e3o de Bandejas de Frutas em Pequena Escala<\/figcaption><\/figure> <\/figure>    <h2 class=\"wp-block-heading\">Quais s\u00e3o as vantagens da m\u00e1quina de fazer bandejas de frutas da Shuliy?<\/h2>    <ul class=\"wp-block-list\"> <li><strong>Ecol\u00f3gico e econ\u00f4mico:<\/strong> Usa papel reciclado como mat\u00e9ria-prima, que \u00e9 recicl\u00e1vel. Isso reduz significativamente os custos e ajuda a proteger o meio ambiente.<\/li>    <li><strong>Alta automa\u00e7\u00e3o: <\/strong>Suporta moldagem, secagem e embalagem autom\u00e1ticas. F\u00e1cil de operar com baixo custo de m\u00e3o de obra.<\/li>    <li><strong>Alta adaptabilidade:<\/strong> Os moldes podem ser trocados para produzir bandejas de diferentes tamanhos, adequadas para v\u00e1rios tipos de embalagem de frutas.<\/li>    <li><strong>Personaliza\u00e7\u00e3o flex\u00edvel: <\/strong>N\u00f3s apoiamos tamanhos e formatos de moldes personalizados. Nossa equipe profissional de design 3D pode fornecer desenhos e simula\u00e7\u00f5es de produ\u00e7\u00e3o para reduzir os riscos antes da compra. Tamb\u00e9m podemos ajudar a configurar uma linha de produ\u00e7\u00e3o completa.<\/li>    <li><strong>M\u00faltiplas op\u00e7\u00f5es de capacidade:<\/strong> Oferecemos m\u00e1quinas de fazer bandejas de frutas com diferentes capacidades de produ\u00e7\u00e3o, de 1000 a 7000 pe\u00e7as por hora.<\/li> <\/ul>    <h2 class=\"wp-block-heading\">Quais s\u00e3o os modelos populares das m\u00e1quinas de moldar bandejas de frutas da Shuliy?<\/h2>    <figure class=\"wp-block-table\"><table class=\"has-fixed-layout\"><tbody><tr><td>Modelo<\/td><td>Capacidade<\/td><td>Pot\u00eancia<\/td><td>Tens\u00e3o<\/td><td>Peso<\/td><td>Consumo de papel<\/td><td>Consumo de \u00e1gua<\/td><td>Tamanho (m\u00e1quina de moldagem)<\/td><\/tr><tr><td>SL-1000-3X1<\/td><td>1000pcs\/h<\/td><td>38kw<\/td><td>380V,50HZ<\/td><td>2500kg<\/td><td>80kg\/h<\/td><td>160kg\/h<\/td><td>2600*2200*1900mm<\/td><\/tr><tr><td>SL-1500-4X1<\/td><td>1500pcs\/h<\/td><td>38kw<\/td><td>380V,50HZ<\/td><td>3000kg<\/td><td>120kg\/h<\/td><td>240kg\/h<\/td><td>2800*2200*1900mm<\/td><\/tr><tr><td>SL-2500-3X4<\/td><td>2500pcs\/h<\/td><td>55kw<\/td><td>380V,50HZ<\/td><td>4000kg<\/td><td>200kg\/h<\/td><td>400kg\/h<\/td><td>2900*1800*1800mm<\/td><\/tr><tr><td>SL-3000-4X4<\/td><td>3000pcs\/h<\/td><td>60kw<\/td><td>380V,50HZ<\/td><td>4800kg<\/td><td>240kg\/h<\/td><td>480kg\/h<\/td><td>3250*1800*1800mm<\/td><\/tr><tr><td>SL-4000-4X8<\/td><td>4000pcs\/h<\/td><td>95kw<\/td><td>380V,50HZ<\/td><td>7000kg<\/td><td>320kg\/h<\/td><td>640kg\/h<\/td><td>3250*2300*2500mm<\/td><\/tr><tr><td>SL-5000-5X8<\/td><td>5000pcs\/h<\/td><td>95kw<\/td><td>380V,50HZ<\/td><td>8000kg<\/td><td>400kg\/h<\/td><td>800kg\/h<\/td><td>3700*2300*2500mm<\/td><\/tr><tr><td>SL-7000-6X8<\/td><td>7000pcs\/h<\/td><td>120kw<\/td><td>380V,50HZ<\/td><td>10000kg<\/td><td>480kg\/h<\/td><td>960kg\/h<\/td><td>3200*2300*2500mm<\/td><\/tr><\/tbody><\/table><\/figure>    <figure class=\"wp-block-gallery has-nested-images columns-default is-cropped wp-block-gallery-4 is-layout-flex wp-block-gallery-is-layout-flex\"> <figure class=\"wp-block-image size-large\"><img loading=\"lazy\" decoding=\"async\" width=\"720\" height=\"540\" data-id=\"9153\" src=\"https:\/\/www.eggtraymaking.com\/wp-content\/uploads\/2025\/06\/3\u00d74-fruit-tray-making-machine.webp\" alt=\"M\u00e1quina de fazer bandejas de frutas 3\u00d74\" class=\"wp-image-9153\" srcset=\"https:\/\/www.eggtraymaking.com\/wp-content\/uploads\/2025\/06\/3\u00d74-fruit-tray-making-machine.webp 720w, https:\/\/www.eggtraymaking.com\/wp-content\/uploads\/2025\/06\/3\u00d74-fruit-tray-making-machine-360x270.webp 360w, https:\/\/www.eggtraymaking.com\/wp-content\/uploads\/2025\/06\/3\u00d74-fruit-tray-making-machine-240x180.webp 240w, https:\/\/www.eggtraymaking.com\/wp-content\/uploads\/2025\/06\/3\u00d74-fruit-tray-making-machine-16x12.webp 16w\" sizes=\"auto, (max-width: 720px) 100vw, 720px\" \/><figcaption class=\"wp-element-caption\">M\u00e1quina de Fazer Bandeja de Frutas 3\u00d74<\/figcaption><\/figure>    <figure class=\"wp-block-image size-large\"><img loading=\"lazy\" decoding=\"async\" width=\"720\" height=\"540\" data-id=\"9154\" src=\"https:\/\/www.eggtraymaking.com\/wp-content\/uploads\/2025\/06\/5\u00d78-fruit-tray-making-machine.webp\" alt=\"M\u00e1quina de fazer bandejas de frutas 5\u00d78\" class=\"wp-image-9154\" srcset=\"https:\/\/www.eggtraymaking.com\/wp-content\/uploads\/2025\/06\/5\u00d78-fruit-tray-making-machine.webp 720w, https:\/\/www.eggtraymaking.com\/wp-content\/uploads\/2025\/06\/5\u00d78-fruit-tray-making-machine-360x270.webp 360w, https:\/\/www.eggtraymaking.com\/wp-content\/uploads\/2025\/06\/5\u00d78-fruit-tray-making-machine-240x180.webp 240w, https:\/\/www.eggtraymaking.com\/wp-content\/uploads\/2025\/06\/5\u00d78-fruit-tray-making-machine-16x12.webp 16w\" sizes=\"auto, (max-width: 720px) 100vw, 720px\" \/><figcaption class=\"wp-element-caption\">M\u00e1quina de Fazer Bandejas de Frutas 5\u00d78<\/figcaption><\/figure> <\/figure>    <h2 class=\"wp-block-heading\">Que tipos de bandejas de frutas podem ser feitas?<\/h2>    <ul class=\"wp-block-list\"> <li><strong>Bandeja de Ma\u00e7\u00e3:<\/strong> Os tipos comuns t\u00eam designs de 10 furos, 15 furos ou 20 furos. Cada fruta tem seu pr\u00f3prio espa\u00e7o para evitar amassados durante o transporte.<\/li>    <li><strong>Bandeja de Laranja \/ C\u00edtricos:<\/strong> Geralmente com 12 ou 15 furos. Os slots s\u00e3o mais profundos e redondos, perfeitos para segurar frutas redondas e evitar que rolem.<\/li>    <li><strong>Bandeja de Kiwi:<\/strong> Frequentemente vem com 8 ou 16 furos, \u00e0s vezes projetados em duas camadas. Este tipo protege frutas macias da press\u00e3o e danos.<\/li>    <li><strong>Bandeja de Pera:<\/strong> Feito de material de polpa macia. O tamanho do furo \u00e9 maior, adequado para frutas grandes como peras de neve.<\/li>    <li><strong>Bandeja de uva: <\/strong>Uma bandeja plana e rasa usada para segurar cachos de uva que j\u00e1 est\u00e3o embalados em sacos de espuma.<\/li>    <li><strong>Bandeja de morango: <\/strong>Geralmente feito de pl\u00e1stico transparente ou bandejas de polpa rasas combinadas com papel absorvente, dispostas em uma \u00fanica camada para proteger cada baga.<\/li> <\/ul>   <div class=\"wp-block-image\"> <figure class=\"aligncenter size-full\"><img loading=\"lazy\" decoding=\"async\" width=\"720\" height=\"540\" src=\"https:\/\/www.eggtraymaking.com\/wp-content\/uploads\/2025\/06\/Our-Drawing-Design.webp\" alt=\"Nosso Design de Desenho\" class=\"wp-image-9158\" srcset=\"https:\/\/www.eggtraymaking.com\/wp-content\/uploads\/2025\/06\/Our-Drawing-Design.webp 720w, https:\/\/www.eggtraymaking.com\/wp-content\/uploads\/2025\/06\/Our-Drawing-Design-360x270.webp 360w, https:\/\/www.eggtraymaking.com\/wp-content\/uploads\/2025\/06\/Our-Drawing-Design-240x180.webp 240w, https:\/\/www.eggtraymaking.com\/wp-content\/uploads\/2025\/06\/Our-Drawing-Design-16x12.webp 16w\" sizes=\"auto, (max-width: 720px) 100vw, 720px\" \/><figcaption class=\"wp-element-caption\">Nosso Design de Desenho<\/figcaption><\/figure> <\/div>   <h2 class=\"wp-block-heading\">Tamanhos comuns de bandejas de frutas<\/h2>    <figure class=\"wp-block-table\"><table class=\"has-fixed-layout\"><tbody><tr><td>Tipo de Fruta<\/td><td>N\u00famero de Furos<\/td><td>Di\u00e2metro do furo (mm)<\/td><td>Tamanho da bandeja (mm)<\/td><\/tr><tr><td>Ma\u00e7\u00e3<\/td><td>20 furos<\/td><td>80-100<\/td><td>400*300<\/td><\/tr><tr><td>Laranja<\/td><td>12-15 buracos<\/td><td>70-90<\/td><td>400*300<\/td><\/tr><tr><td>Kiwi<\/td><td>16 buracos<\/td><td>60-70<\/td><td>350*250<\/td><\/tr><tr><td>Pera<\/td><td>10-15 buracos<\/td><td>85-100<\/td><td>400*300<\/td><\/tr><\/tbody><\/table><\/figure>    <p>Os tamanhos listados acima s\u00e3o os mais comuns no mercado. Se voc\u00ea tiver necessidades especiais de personaliza\u00e7\u00e3o, sinta-se \u00e0 vontade para entrar em contato conosco. N\u00f3s responderemos dentro de 24 horas!<\/p>    <figure class=\"wp-block-gallery has-nested-images columns-default is-cropped wp-block-gallery-5 is-layout-flex wp-block-gallery-is-layout-flex\"> <figure class=\"wp-block-image size-large\"><img loading=\"lazy\" decoding=\"async\" width=\"720\" height=\"540\" data-id=\"9157\" src=\"https:\/\/www.eggtraymaking.com\/wp-content\/uploads\/2025\/06\/Fruit-Tray-1.webp\" alt=\"Bandeja de frutas\" class=\"wp-image-9157\" srcset=\"https:\/\/www.eggtraymaking.com\/wp-content\/uploads\/2025\/06\/Fruit-Tray-1.webp 720w, https:\/\/www.eggtraymaking.com\/wp-content\/uploads\/2025\/06\/Fruit-Tray-1-360x270.webp 360w, https:\/\/www.eggtraymaking.com\/wp-content\/uploads\/2025\/06\/Fruit-Tray-1-240x180.webp 240w, https:\/\/www.eggtraymaking.com\/wp-content\/uploads\/2025\/06\/Fruit-Tray-1-16x12.webp 16w\" sizes=\"auto, (max-width: 720px) 100vw, 720px\" \/><figcaption class=\"wp-element-caption\">Bandeja de frutas<\/figcaption><\/figure>    <figure class=\"wp-block-image size-large\"><img loading=\"lazy\" decoding=\"async\" width=\"720\" height=\"540\" data-id=\"9156\" src=\"https:\/\/www.eggtraymaking.com\/wp-content\/uploads\/2025\/06\/Various-Styles-of-Fruit-Trays.webp\" alt=\"V\u00e1rios Estilos de Bandejas de Frutas\" class=\"wp-image-9156\" srcset=\"https:\/\/www.eggtraymaking.com\/wp-content\/uploads\/2025\/06\/Various-Styles-of-Fruit-Trays.webp 720w, https:\/\/www.eggtraymaking.com\/wp-content\/uploads\/2025\/06\/Various-Styles-of-Fruit-Trays-360x270.webp 360w, https:\/\/www.eggtraymaking.com\/wp-content\/uploads\/2025\/06\/Various-Styles-of-Fruit-Trays-240x180.webp 240w, https:\/\/www.eggtraymaking.com\/wp-content\/uploads\/2025\/06\/Various-Styles-of-Fruit-Trays-16x12.webp 16w\" sizes=\"auto, (max-width: 720px) 100vw, 720px\" \/><figcaption class=\"wp-element-caption\">V\u00e1rios Estilos de Bandejas de Frutas<\/figcaption><\/figure> <\/figure>","protected":false},"excerpt":{"rendered":"<p>A m\u00e1quina de bandejas de frutas pode produzir v\u00e1rios tipos de bandejas de frutas, com amplas aplica\u00e7\u00f5es e op\u00e7\u00f5es de capacidade flex\u00edveis.<\/p>","protected":false},"author":1,"featured_media":9142,"parent":0,"template":"","tags":[21,457],"product-type":[451],"class_list":["post-9141","product","type-product","status-publish","has-post-thumbnail","hentry","tag-fruit-tray","tag-fruit-tray-making-machine","product-type-pulp-molding-machine"],"_links":{"self":[{"href":"https:\/\/www.eggtraymaking.com\/pt\/wp-json\/wp\/v2\/product\/9141","targetHints":{"allow":["GET"]}}],"collection":[{"href":"https:\/\/www.eggtraymaking.com\/pt\/wp-json\/wp\/v2\/product"}],"about":[{"href":"https:\/\/www.eggtraymaking.com\/pt\/wp-json\/wp\/v2\/types\/product"}],"author":[{"embeddable":true,"href":"https:\/\/www.eggtraymaking.com\/pt\/wp-json\/wp\/v2\/users\/1"}],"wp:featuredmedia":[{"embeddable":true,"href":"https:\/\/www.eggtraymaking.com\/pt\/wp-json\/wp\/v2\/media\/9142"}],"wp:attachment":[{"href":"https:\/\/www.eggtraymaking.com\/pt\/wp-json\/wp\/v2\/media?parent=9141"}],"wp:term":[{"taxonomy":"post_tag","embeddable":true,"href":"https:\/\/www.eggtraymaking.com\/pt\/wp-json\/wp\/v2\/tags?post=9141"},{"taxonomy":"product-type","embeddable":true,"href":"https:\/\/www.eggtraymaking.com\/pt\/wp-json\/wp\/v2\/product-type?post=9141"}],"curies":[{"name":"wp","href":"https:\/\/api.w.org\/{rel}","templated":true}]}}