{"id":3209,"date":"2020-11-24T11:55:55","date_gmt":"2020-11-24T03:55:55","guid":{"rendered":"https:\/\/www.eggtraymaking.com\/?p=3209"},"modified":"2025-06-25T15:17:18","modified_gmt":"2025-06-25T07:17:18","slug":"paper-apple-tray-making-machine-price","status":"publish","type":"product","link":"https:\/\/www.eggtraymaking.com\/pt\/paper-apple-tray-making-machine-price\/","title":{"rendered":"M\u00e1quina de Fazer Bandejas de Papel para Ma\u00e7\u00e3 | Linha de Produ\u00e7\u00e3o de Bandejas de Polpa de Frutas"},"content":{"rendered":"<p class=\"translation-block\">O equipamento para o processamento industrializado de bandejas de papel para frutas \u00e9 agora um importante projeto de investimento para muitos investidores. Entre eles, a m\u00e1quina de fazer bandejas de ma\u00e7\u00e3 de papel \u00e9 uma m\u00e1quina ideal para processar bandejas de frutas. Esta<strong> <\/strong>m\u00e1quina comercial de processamento de bandejas de ma\u00e7\u00e3 pode reciclar v\u00e1rias caixas de papel usadas e jornais e process\u00e1-los em bandejas de frutas de diferentes especifica\u00e7\u00f5es. Al\u00e9m disso, o tamanho, cor, peso, etc. da bandeja de ma\u00e7\u00e3 de papel processada podem ser personalizados de acordo com as necessidades do cliente.<\/p>    <h2 class=\"wp-block-heading\" id=\"h-introduction-of-the-paper-apple-tray-making-machine\">Introdu\u00e7\u00e3o da m\u00e1quina de fazer bandejas de papel para ma\u00e7\u00e3s<\/h2>    <p class=\"translation-block\">A<strong> M\u00e1quina de Bandejas de Ma\u00e7\u00e3 de Polpa<\/strong> usa jornais usados, caixas de papel\u00e3o usadas, material impresso usado e aparas de v\u00e1rias f\u00e1bricas de produtos de papel como mat\u00e9rias-primas, e \u00e9 misturada em uma certa concentra\u00e7\u00e3o de polpa atrav\u00e9s de processos como desintegra\u00e7\u00e3o hidr\u00e1ulica, filtra\u00e7\u00e3o e inje\u00e7\u00e3o de \u00e1gua. O molde especial de metal \u00e9 adsorvido a v\u00e1cuo em um produto em branco \u00famido, e o produto em branco \u00famido formado \u00e9 ent\u00e3o seco e prensado a quente para dar forma.<\/p>    <figure class=\"wp-block-gallery has-nested-images columns-default is-cropped wp-block-gallery-2 is-layout-flex wp-block-gallery-is-layout-flex\"> <figure class=\"wp-block-image size-large\"><img loading=\"lazy\" decoding=\"async\" width=\"720\" height=\"540\" data-id=\"3224\" src=\"https:\/\/www.eggtraymaking.com\/wp-content\/uploads\/2020\/11\/apple-trays-made-by-fruit-trays-production-line.jpg\" alt=\"bandejas de frutas feitas pela linha de produ\u00e7\u00e3o de bandejas de frutas\" class=\"wp-image-3224\" srcset=\"https:\/\/www.eggtraymaking.com\/wp-content\/uploads\/2020\/11\/apple-trays-made-by-fruit-trays-production-line.jpg 720w, https:\/\/www.eggtraymaking.com\/wp-content\/uploads\/2020\/11\/apple-trays-made-by-fruit-trays-production-line-240x180.jpg 240w, https:\/\/www.eggtraymaking.com\/wp-content\/uploads\/2020\/11\/apple-trays-made-by-fruit-trays-production-line-360x270.jpg 360w\" sizes=\"auto, (max-width: 720px) 100vw, 720px\" \/><figcaption class=\"wp-element-caption\">Bandejas de ma\u00e7\u00e3 feitas pela linha de produ\u00e7\u00e3o de bandejas de frutas<\/figcaption><\/figure>    <figure class=\"wp-block-image size-large\"><img loading=\"lazy\" decoding=\"async\" width=\"720\" height=\"540\" data-id=\"3225\" src=\"https:\/\/www.eggtraymaking.com\/wp-content\/uploads\/2020\/11\/fruit-trays-made-of-paper-pulp.jpg\" alt=\"bandejas de frutas feitas de polpa de papel\" class=\"wp-image-3225\" srcset=\"https:\/\/www.eggtraymaking.com\/wp-content\/uploads\/2020\/11\/fruit-trays-made-of-paper-pulp.jpg 720w, https:\/\/www.eggtraymaking.com\/wp-content\/uploads\/2020\/11\/fruit-trays-made-of-paper-pulp-240x180.jpg 240w, https:\/\/www.eggtraymaking.com\/wp-content\/uploads\/2020\/11\/fruit-trays-made-of-paper-pulp-360x270.jpg 360w\" sizes=\"auto, (max-width: 720px) 100vw, 720px\" \/><figcaption class=\"wp-element-caption\">Bandejas de Frutas Feitas de Polpa de Papel<\/figcaption><\/figure> <\/figure>    <h2 class=\"wp-block-heading\" id=\"h-components-of-the-paper-pulp-fruit-trays-production-line\">Componentes da <strong><a href=\"https:\/\/www.eggtraymaking.com\/pt\/egg-tray-production-line\/\">linha de produ\u00e7\u00e3o de bandejas de frutas de polpa de papel<\/a><\/strong><\/h2>    <p>A m\u00e1quina de fazer bandejas de ma\u00e7\u00e3 possui uma estrutura compacta e um m\u00e9todo de opera\u00e7\u00e3o relativamente simples. O processamento de bandejas de ma\u00e7\u00e3 de polpa geralmente requer um conjunto completo de equipamentos de processamento, como uma m\u00e1quina de polpa, misturador de polpa, tanque de armazenamento de polpa, m\u00e1quina de moldagem de bandejas de ma\u00e7\u00e3 e secador de bandejas de ma\u00e7\u00e3.<\/p>   <div class=\"wp-block-image\"> <figure class=\"aligncenter size-large is-resized\"><img loading=\"lazy\" decoding=\"async\" width=\"720\" height=\"540\" src=\"https:\/\/www.eggtraymaking.com\/wp-content\/uploads\/2020\/11\/small-type-apple-tray-maker-machine.jpg\" alt=\"m\u00e1quina pequena para fazer bandejas de ma\u00e7\u00e3\" class=\"wp-image-3217\" style=\"width:797px;height:598px\" srcset=\"https:\/\/www.eggtraymaking.com\/wp-content\/uploads\/2020\/11\/small-type-apple-tray-maker-machine.jpg 720w, https:\/\/www.eggtraymaking.com\/wp-content\/uploads\/2020\/11\/small-type-apple-tray-maker-machine-240x180.jpg 240w, https:\/\/www.eggtraymaking.com\/wp-content\/uploads\/2020\/11\/small-type-apple-tray-maker-machine-360x270.jpg 360w\" sizes=\"auto, (max-width: 720px) 100vw, 720px\" \/><figcaption class=\"wp-element-caption\">m\u00e1quina pequena para fazer bandejas de ma\u00e7\u00e3<\/figcaption><\/figure> <\/div>   <p>1-Sistema de polpa: desfibradora, bomba de polpa, tela vibrat\u00f3ria, refinador, agitador, etc.<br>2- Sistema de moldagem: m\u00e1quina de moldagem por tambor, molde, compressor de ar, tanque de compressor de ar, bomba de v\u00e1cuo, tanque de v\u00e1cuo, bomba de \u00e1gua de alta press\u00e3o, bomba de separa\u00e7\u00e3o de vapor e \u00e1gua, etc.<br>3-Sistema de secagem: soprador de ar quente, ventilador de desumidifica\u00e7\u00e3o, tubo de desumidifica\u00e7\u00e3o, queimador, c\u00e2mara de combust\u00e3o, correia transportadora, corrente, etc.<br>4-Sistema de embalagem: equipamento de prensagem, m\u00e1quina de embalagem, etc.<\/p>    <h2 class=\"wp-block-heading\" id=\"h-raw-materials-for-making-paper-apple-trays\">Mat\u00e9rias-primas para fazer bandejas de ma\u00e7\u00e3 de papel<\/h2>    <p>As mat\u00e9rias-primas para a produ\u00e7\u00e3o de bandejas de papel para ma\u00e7\u00e3s e ovos s\u00e3o principalmente jornais velhos, caixas de papel\u00e3o e papel reciclado de f\u00e1bricas de papel, f\u00e1bricas de papel\u00e3o e gr\u00e1ficas. Portanto, os recursos de mat\u00e9ria-prima utilizados na produ\u00e7\u00e3o de bandejas de frutas s\u00e3o abundantes, o pre\u00e7o \u00e9 baixo e o custo de produ\u00e7\u00e3o \u00e9 baixo. <\/p>   <div class=\"wp-block-image\"> <figure class=\"aligncenter size-large\"><img loading=\"lazy\" decoding=\"async\" width=\"720\" height=\"540\" src=\"https:\/\/www.eggtraymaking.com\/wp-content\/uploads\/2020\/11\/raw-materials-for-making-apple-trays.jpg\" alt=\"mat\u00e9rias-primas para fazer bandejas de ma\u00e7\u00e3\" class=\"wp-image-3216\" srcset=\"https:\/\/www.eggtraymaking.com\/wp-content\/uploads\/2020\/11\/raw-materials-for-making-apple-trays.jpg 720w, https:\/\/www.eggtraymaking.com\/wp-content\/uploads\/2020\/11\/raw-materials-for-making-apple-trays-240x180.jpg 240w, https:\/\/www.eggtraymaking.com\/wp-content\/uploads\/2020\/11\/raw-materials-for-making-apple-trays-360x270.jpg 360w\" sizes=\"auto, (max-width: 720px) 100vw, 720px\" \/><figcaption class=\"wp-element-caption\">mat\u00e9rias-primas para fazer bandejas de ma\u00e7\u00e3<\/figcaption><\/figure> <\/div>   <p>Al\u00e9m disso, n\u00e3o h\u00e1 efluentes ou gases residuais descartados durante o processo de produ\u00e7\u00e3o das bandejas de ma\u00e7\u00e3. A \u00e1gua utilizada no processo de produ\u00e7\u00e3o pode ser reciclada, n\u00e3o polui o meio ambiente e pode economizar custos com \u00e1gua.<\/p>    <h2 class=\"wp-block-heading\" id=\"h-types-of-paper-apple-trays\">Tipos de bandejas de ma\u00e7\u00e3 de papel<\/h2>    <p class=\"translation-block\">A m\u00e1quina de fazer bandejas de ma\u00e7\u00e3 de papel p<strong><a href=\"https:\/\/www.eggtraymaking.com\/pt\/egg-tray-making-machine\/\">ode processar v\u00e1rios formatos de bandejas de frutas. Estes diferentes tipos de bandejas de frutas podem ser usados para conter diferentes frutas e vegetais, como peras, tangerinas, laranjas, kiwis, caquis, tomates, etc. Al\u00e9m disso, o tamanho, cor, espessura e formato da bandeja de ma\u00e7\u00e3 podem ser personalizados.<\/strong><\/p>   <div class=\"wp-block-image\"> <figure class=\"aligncenter size-large\"><img loading=\"lazy\" decoding=\"async\" width=\"720\" height=\"540\" src=\"https:\/\/www.eggtraymaking.com\/wp-content\/uploads\/2020\/11\/all-kinds-of-fruit-trays.jpg\" alt=\"todos os tipos de bandejas de frutas\" class=\"wp-image-3221\" srcset=\"https:\/\/www.eggtraymaking.com\/wp-content\/uploads\/2020\/11\/all-kinds-of-fruit-trays.jpg 720w, https:\/\/www.eggtraymaking.com\/wp-content\/uploads\/2020\/11\/all-kinds-of-fruit-trays-240x180.jpg 240w, https:\/\/www.eggtraymaking.com\/wp-content\/uploads\/2020\/11\/all-kinds-of-fruit-trays-360x270.jpg 360w\" sizes=\"auto, (max-width: 720px) 100vw, 720px\" \/><figcaption class=\"wp-element-caption\">todos os tipos de bandejas de frutas<\/figcaption><\/figure> <\/div>   <h2 class=\"wp-block-heading\" id=\"h-how-to-make-apple-trays-smoother\">Como deixar as bandejas de ma\u00e7\u00e3 mais lisas?<\/h2>    <p>As bandejas de ma\u00e7\u00e3 processadas por uma m\u00e1quina de processamento de bandejas de frutas geralmente t\u00eam superf\u00edcies \u00e1speras. As bandejas de ma\u00e7\u00e3 que costumamos ver s\u00e3o geralmente lisas e de forma regular. Por qu\u00ea? Isso ocorre porque a bandeja de papel diretamente pressionada pela m\u00e1quina de forma\u00e7\u00e3o de polpa de ma\u00e7\u00e3 precisa ser aquecida e extrudada ainda mais. Podemos usar uma prensa a quente para processar ainda mais a bandeja de ma\u00e7\u00e3.<\/p>   <div class=\"wp-block-image\"> <figure class=\"aligncenter size-large is-resized\"><img loading=\"lazy\" decoding=\"async\" width=\"720\" height=\"540\" src=\"https:\/\/www.eggtraymaking.com\/wp-content\/uploads\/2020\/11\/paper-apple-trays-hot-pressing-machine.jpg\" alt=\"m\u00e1quina de prensagem a quente para bandejas de papel para ma\u00e7\u00e3s\" class=\"wp-image-3222\" style=\"width:803px;height:602px\" srcset=\"https:\/\/www.eggtraymaking.com\/wp-content\/uploads\/2020\/11\/paper-apple-trays-hot-pressing-machine.jpg 720w, https:\/\/www.eggtraymaking.com\/wp-content\/uploads\/2020\/11\/paper-apple-trays-hot-pressing-machine-240x180.jpg 240w, https:\/\/www.eggtraymaking.com\/wp-content\/uploads\/2020\/11\/paper-apple-trays-hot-pressing-machine-360x270.jpg 360w\" sizes=\"auto, (max-width: 720px) 100vw, 720px\" \/><figcaption class=\"wp-element-caption\">m\u00e1quina de prensagem a quente para bandejas de papel para ma\u00e7\u00e3s<\/figcaption><\/figure> <\/div>","protected":false},"excerpt":{"rendered":"<p>A m\u00e1quina de fazer bandejas de papel para ma\u00e7\u00e3s \u00e9 uma m\u00e1quina ideal para processar bandejas de frutas. Esta m\u00e1quina comercial de processamento de bandejas de ma\u00e7\u00e3 pode reciclar v\u00e1rias caixas de papel e jornais e process\u00e1-los em bandejas de frutas de diferentes especifica\u00e7\u00f5es. <\/p>","protected":false},"author":1,"featured_media":3215,"parent":0,"template":"","tags":[437,436,438],"product-type":[451],"class_list":["post-3209","product","type-product","status-publish","has-post-thumbnail","hentry","tag-fruit-trays-production-line","tag-paper-apple-tray-making-machine","tag-paper-pulp-cartons","product-type-pulp-molding-machine"],"_links":{"self":[{"href":"https:\/\/www.eggtraymaking.com\/pt\/wp-json\/wp\/v2\/product\/3209","targetHints":{"allow":["GET"]}}],"collection":[{"href":"https:\/\/www.eggtraymaking.com\/pt\/wp-json\/wp\/v2\/product"}],"about":[{"href":"https:\/\/www.eggtraymaking.com\/pt\/wp-json\/wp\/v2\/types\/product"}],"author":[{"embeddable":true,"href":"https:\/\/www.eggtraymaking.com\/pt\/wp-json\/wp\/v2\/users\/1"}],"wp:featuredmedia":[{"embeddable":true,"href":"https:\/\/www.eggtraymaking.com\/pt\/wp-json\/wp\/v2\/media\/3215"}],"wp:attachment":[{"href":"https:\/\/www.eggtraymaking.com\/pt\/wp-json\/wp\/v2\/media?parent=3209"}],"wp:term":[{"taxonomy":"post_tag","embeddable":true,"href":"https:\/\/www.eggtraymaking.com\/pt\/wp-json\/wp\/v2\/tags?post=3209"},{"taxonomy":"product-type","embeddable":true,"href":"https:\/\/www.eggtraymaking.com\/pt\/wp-json\/wp\/v2\/product-type?post=3209"}],"curies":[{"name":"wp","href":"https:\/\/api.w.org\/{rel}","templated":true}]}}