{"id":1037,"date":"2019-05-28T07:03:45","date_gmt":"2019-05-27T23:03:45","guid":{"rendered":"https:\/\/www.eggtraymaking.com\/?p=1037"},"modified":"2026-03-20T11:29:17","modified_gmt":"2026-03-20T03:29:17","slug":"egg-tray-production-line","status":"publish","type":"product","link":"https:\/\/www.eggtraymaking.com\/pt\/egg-tray-production-line\/","title":{"rendered":"Linha de produ\u00e7\u00e3o de bandejas de ovos | planta de processamento de bandejas de ovos de polpa de papel"},"content":{"rendered":"<p>A linha de produ\u00e7\u00e3o de bandejas de ovos, tamb\u00e9m chamada de planta autom\u00e1tica de bandejas de ovos de polpa de papel, consiste principalmente em quatro partes: misturador de polpa de papel, m\u00e1quina de moldagem de bandejas de ovos, m\u00e1quina de secagem de bandejas de ovos e m\u00e1quina de embalagem de bandejas de ovos. Esta linha de produ\u00e7\u00e3o industrial de bandejas de ovos pode transformar muitos pap\u00e9is recicl\u00e1veis, jornais, caixas de papel\u00e3o e caixas de papel em bandejas de ovos, bandejas de frutas, bandejas para copos de caf\u00e9, caixas de almo\u00e7o descart\u00e1veis de papel, etc.<\/p>    <p class=\"translation-block\">Exportamos para muitos pa\u00edses estrangeiros. Por exemplo, Nig\u00e9ria, Z\u00e2mbia, Camar\u00f5es, e assim por diante. A Zhengzhou Shuliy Machinery Co., Ltd est\u00e1 no setor de m\u00e1quinas para caixas de ovos h\u00e1 dez anos, com rica experi\u00eancia de produ\u00e7\u00e3o e suporte t\u00e9cnico avan\u00e7ado. Tamb\u00e9m enviamos nosso engenheiro para a cidade de nossos clientes para instalar a <strong><a href=\"https:\/\/www.eggtraymaking.com\/pt\/category\/egg-tray-machine-by-capacity\/\">m\u00e1quina de fabrica\u00e7\u00e3o de caixas de ovos de papel<\/a><\/strong>. Al\u00e9m disso, nosso engenheiro pode ajud\u00e1-lo a projetar o desenho da f\u00e1brica de acordo com a situa\u00e7\u00e3o real. O pre\u00e7o da caixa de ovos de papel tamb\u00e9m \u00e9 uma grande preocupa\u00e7\u00e3o para as pessoas. <\/p>      <h2 class=\"wp-block-heading\" id=\"h-industrial-egg-tray-production-line\"><strong>Industrial<\/strong> <strong>Linha de produ\u00e7\u00e3o de bandejas de ovos<\/strong><\/h2>    <p>O processo de produ\u00e7\u00e3o utilizando a linha de produ\u00e7\u00e3o de bandejas de ovos para processar bandejas de ovos inclui principalmente a coleta de papel reciclado, produ\u00e7\u00e3o de polpa, dilui\u00e7\u00e3o da polpa, forma\u00e7\u00e3o da bandeja de ovos, secagem da bandeja de ovos, classifica\u00e7\u00e3o da bandeja de ovos e embalagem.<\/p>   <div class=\"wp-block-image\"> <figure class=\"aligncenter size-large\"><img loading=\"lazy\" decoding=\"async\" width=\"720\" height=\"540\" src=\"https:\/\/www.eggtraymaking.com\/wp-content\/uploads\/2020\/10\/egg-tray-making-process.jpg\" alt=\"processo de fabrica\u00e7\u00e3o de bandejas para ovos\" class=\"wp-image-3170\" srcset=\"https:\/\/www.eggtraymaking.com\/wp-content\/uploads\/2020\/10\/egg-tray-making-process.jpg 720w, https:\/\/www.eggtraymaking.com\/wp-content\/uploads\/2020\/10\/egg-tray-making-process-240x180.jpg 240w, https:\/\/www.eggtraymaking.com\/wp-content\/uploads\/2020\/10\/egg-tray-making-process-360x270.jpg 360w\" sizes=\"auto, (max-width: 720px) 100vw, 720px\" \/><figcaption class=\"wp-element-caption\">m\u00e1quina de fabrica\u00e7\u00e3o de bandejas de ovos<\/figcaption><\/figure> <\/div>   <h2 class=\"wp-block-heading\">V\u00eddeo da linha de produ\u00e7\u00e3o de bandejas de ovos<\/h2>    <figure class=\"wp-block-embed is-type-video is-provider-youtube wp-block-embed-youtube wp-embed-aspect-16-9 wp-has-aspect-ratio\"><div class=\"wp-block-embed__wrapper\"> <iframe loading=\"lazy\" title=\"V\u00eddeo de trabalho da m\u00e1quina de fazer bandejas de ovos de 2000 pcs\/h | Linha de produ\u00e7\u00e3o de bandejas de papel para ovos\" width=\"500\" height=\"281\" src=\"https:\/\/www.youtube.com\/embed\/Qwjz069mREg?feature=oembed\" frameborder=\"0\" allow=\"accelerometer; autoplay; clipboard-write; encrypted-media; gyroscope; picture-in-picture; web-share\" referrerpolicy=\"strict-origin-when-cross-origin\" allowfullscreen><\/iframe> <\/div><\/figure>    <h2 class=\"wp-block-heading\" id=\"h-raw-materials-of-egg-tray-production-line\">Mat\u00e9rias-primas da linha de produ\u00e7\u00e3o de bandejas de ovos <\/h2>    <p>As mat\u00e9rias-primas usadas para fazer bandejas de ovos geralmente s\u00e3o todos os tipos de papel reciclado, jornais velhos, cart\u00f5es, cadernos usados, papel de propaganda sem pl\u00e1stico, etc.<\/p>    <figure class=\"wp-block-gallery has-nested-images columns-default is-cropped wp-block-gallery-2 is-layout-flex wp-block-gallery-is-layout-flex\"> <figure class=\"wp-block-image size-large\"><img loading=\"lazy\" decoding=\"async\" width=\"720\" height=\"540\" data-id=\"3175\" src=\"https:\/\/www.eggtraymaking.com\/wp-content\/uploads\/2019\/05\/waste-cartons.jpg\" alt=\"caixas de descarte\" class=\"wp-image-3175\" srcset=\"https:\/\/www.eggtraymaking.com\/wp-content\/uploads\/2019\/05\/waste-cartons.jpg 720w, https:\/\/www.eggtraymaking.com\/wp-content\/uploads\/2019\/05\/waste-cartons-240x180.jpg 240w, https:\/\/www.eggtraymaking.com\/wp-content\/uploads\/2019\/05\/waste-cartons-360x270.jpg 360w\" sizes=\"auto, (max-width: 720px) 100vw, 720px\" \/><figcaption class=\"wp-element-caption\">Caixas de Descarte<\/figcaption><\/figure>    <figure class=\"wp-block-image size-large\"><img loading=\"lazy\" decoding=\"async\" width=\"720\" height=\"540\" data-id=\"3176\" src=\"https:\/\/www.eggtraymaking.com\/wp-content\/uploads\/2019\/05\/waste-papers.jpg\" alt=\"pap\u00e9is de descarte\" class=\"wp-image-3176\" srcset=\"https:\/\/www.eggtraymaking.com\/wp-content\/uploads\/2019\/05\/waste-papers.jpg 720w, https:\/\/www.eggtraymaking.com\/wp-content\/uploads\/2019\/05\/waste-papers-240x180.jpg 240w, https:\/\/www.eggtraymaking.com\/wp-content\/uploads\/2019\/05\/waste-papers-360x270.jpg 360w\" sizes=\"auto, (max-width: 720px) 100vw, 720px\" \/><figcaption class=\"wp-element-caption\">Pap\u00e9is recicl\u00e1veis<\/figcaption><\/figure> <\/figure>    <h2 class=\"wp-block-heading\" id=\"h-paper-pulp-mixer-of-egg-tray-production-line\">Misturador de polpa de papel da linha de produ\u00e7\u00e3o de bandejas de ovos<\/h2>    <p>O misturador de polpa de papel, ou seja, o equipamento de polpa de papel, \u00e9 uma parte necess\u00e1ria e a primeira parte da moldagem de polpa. Jornais velhos, impurezas, caixas de papel\u00e3o e outros pap\u00e9is recicl\u00e1veis s\u00e3o processados em uma certa concentra\u00e7\u00e3o de polpa, que \u00e9 utilizada para moldagem.&nbsp;<\/p>    <p>O equipamento de polpa de papel da m\u00e1quina de fabrica\u00e7\u00e3o de bandejas de ovos consiste principalmente em um pulper hidr\u00e1ulico, tela de vibra\u00e7\u00e3o, controle de consist\u00eancia, triturador, bomba de polpa, bomba de \u00e1gua e caixa de controle. De acordo com os clientes, requisitos diferentes podem adicionar telas de press\u00e3o, refino, e assim por diante. <\/p>    <figure class=\"wp-block-gallery has-nested-images columns-default is-cropped wp-block-gallery-3 is-layout-flex wp-block-gallery-is-layout-flex\"> <figure class=\"wp-block-image size-large\"><img loading=\"lazy\" decoding=\"async\" width=\"750\" height=\"500\" data-id=\"1189\" src=\"https:\/\/www.eggtraymaking.com\/wp-content\/uploads\/2019\/05\/Pulping-Equipment-5.jpg\" alt=\"Equipamento de polpa (5)\" class=\"wp-image-1189\" srcset=\"https:\/\/www.eggtraymaking.com\/wp-content\/uploads\/2019\/05\/Pulping-Equipment-5.jpg 750w, https:\/\/www.eggtraymaking.com\/wp-content\/uploads\/2019\/05\/Pulping-Equipment-5-360x240.jpg 360w\" sizes=\"auto, (max-width: 750px) 100vw, 750px\" \/><figcaption class=\"wp-element-caption\">Equipamento de polpa (5)<\/figcaption><\/figure>    <figure class=\"wp-block-image size-large\"><img loading=\"lazy\" decoding=\"async\" width=\"750\" height=\"500\" data-id=\"1190\" src=\"https:\/\/www.eggtraymaking.com\/wp-content\/uploads\/2019\/05\/Pulping-Equipment.jpg\" alt=\"Equipamento de polpa\" class=\"wp-image-1190\" srcset=\"https:\/\/www.eggtraymaking.com\/wp-content\/uploads\/2019\/05\/Pulping-Equipment.jpg 750w, https:\/\/www.eggtraymaking.com\/wp-content\/uploads\/2019\/05\/Pulping-Equipment-360x240.jpg 360w\" sizes=\"auto, (max-width: 750px) 100vw, 750px\" \/><figcaption class=\"wp-element-caption\">Equipamento de polpa<\/figcaption><\/figure> <\/figure>    <h2 class=\"wp-block-heading\" id=\"h-egg-tray-manufacturing-machine\">m\u00e1quina de fabrica\u00e7\u00e3o de bandejas de ovos<\/h2>    <p class=\"translation-block\">A<strong> <a href=\"https:\/\/www.eggtraymaking.com\/pt\/egg-tray-making-machine\/\">m\u00e1quina de fabrica\u00e7\u00e3o de caixas de ovos<\/a> <\/strong>\u00e9 a m\u00e1quina principal para toda a f\u00e1brica de processamento de caixas de ovos de polpa de papel. Esta parte consiste principalmente em um molde de transfer\u00eancia e um molde de forma\u00e7\u00e3o. Atrav\u00e9s da fun\u00e7\u00e3o de v\u00e1cuo, a polpa \u00e9 fixada uniformemente no molde de forma\u00e7\u00e3o, ent\u00e3o o molde de transfer\u00eancia envia a caixa de ovos para o sistema de secagem para secar. Ou voc\u00ea pode escolher um m\u00e9todo de secagem natural. <\/p>   <div class=\"wp-block-image\"> <figure class=\"aligncenter size-large\"><img loading=\"lazy\" decoding=\"async\" width=\"720\" height=\"540\" src=\"https:\/\/www.eggtraymaking.com\/wp-content\/uploads\/2019\/05\/egg-tray-press-machine.jpg\" alt=\"m\u00e1quina de fazer bandejas de ovos\" class=\"wp-image-3178\" srcset=\"https:\/\/www.eggtraymaking.com\/wp-content\/uploads\/2019\/05\/egg-tray-press-machine.jpg 720w, https:\/\/www.eggtraymaking.com\/wp-content\/uploads\/2019\/05\/egg-tray-press-machine-240x180.jpg 240w, https:\/\/www.eggtraymaking.com\/wp-content\/uploads\/2019\/05\/egg-tray-press-machine-360x270.jpg 360w\" sizes=\"auto, (max-width: 720px) 100vw, 720px\" \/><figcaption class=\"wp-element-caption\">m\u00e1quina de fazer bandejas de ovos<\/figcaption><\/figure> <\/div>   <p>O molde da bandeja de ovos \u00e9 feito de alum\u00ednio e pl\u00e1stico, e a malha \u00e9 feita de a\u00e7o inoxid\u00e1vel. Se voc\u00ea fizer um abrasivo moldado, ele deve ser um abrasivo de alum\u00ednio. Temos clientes que fabricam bandejas de ovos na \u00c1frica do Sul. Se voc\u00ea quiser ver esta m\u00e1quina, podemos pedir ajuda a ele.<\/p>    <h2 class=\"wp-block-heading\" id=\"h-egg-tray-dryer-machine\">M\u00e1quina secadora de bandejas de ovos<\/h2>    <p>A secagem de bandejas de ovos inclui principalmente quatro m\u00e9todos. O primeiro \u00e9 a secagem natural. Esse m\u00e9todo \u00e9 adequado apenas para pequenas capacidades de bandejas de papel, o que pode economizar muita energia e eletricidade. <\/p>    <p>A segunda maneira \u00e9 usar o carrinho. Coloque a bandeja de ovos no carrinho, o que pode economizar muito espa\u00e7o e eletricidade. A terceira \u00e9 usar tijolos para secar. Este \u00e9 um m\u00e9todo de secagem muito econ\u00f4mico. E \u00e9 adequado para uma produ\u00e7\u00e3o um pouco maior. <\/p>    <p>O \u00faltimo na m\u00e1quina de fabrica\u00e7\u00e3o de bandejas de papel para ovos \u00e9 a m\u00e1quina de secagem de bandejas de ovos, que \u00e9 a mais eficiente. Podemos fornecer o desenho da f\u00e1brica para os diferentes requisitos de diferentes clientes. Se a capacidade for de 1000 pe\u00e7as por hora, o comprimento do forno de tijolos precisa ser de cerca de 20m. Se a capacidade for maior, o comprimento do forno de tijolos precisa ser de cerca de 40-50m. <\/p>    <figure class=\"wp-block-gallery has-nested-images columns-default is-cropped wp-block-gallery-4 is-layout-flex wp-block-gallery-is-layout-flex\"> <figure class=\"wp-block-image size-large\"><img loading=\"lazy\" decoding=\"async\" width=\"750\" height=\"562\" data-id=\"1143\" src=\"https:\/\/www.eggtraymaking.com\/wp-content\/uploads\/2019\/05\/layers-drying-line-with-machine.jpg\" alt=\"Linha de Produ\u00e7\u00e3o de Bandejas de Ovo\" class=\"wp-image-1143\" srcset=\"https:\/\/www.eggtraymaking.com\/wp-content\/uploads\/2019\/05\/layers-drying-line-with-machine.jpg 750w, https:\/\/www.eggtraymaking.com\/wp-content\/uploads\/2019\/05\/layers-drying-line-with-machine-240x180.jpg 240w, https:\/\/www.eggtraymaking.com\/wp-content\/uploads\/2019\/05\/layers-drying-line-with-machine-360x270.jpg 360w\" sizes=\"auto, (max-width: 750px) 100vw, 750px\" \/><figcaption class=\"wp-element-caption\">M\u00e1quina de Secagem de Bandejas de Ovos<\/figcaption><\/figure> <\/figure>    <h2 class=\"wp-block-heading\" id=\"h-packaging-process-of-paper-pulp-egg-tray-plant\">Processo de embalagem da planta de bandejas de ovos de polpa de papel<\/h2>    <p class=\"translation-block\">Podemos obter o produto acabado ap\u00f3s o <a href=\"https:\/\/www.eggtraymaking.com\/pt\/pulping-equipment\/\">equipamento de polpa\u00e7\u00e3o<\/a>, equipamento de moldagem de caixas de ovos e secador de caixas de ovos. Em seguida, a caixa de ovos de papel acabada pode ser embalada para armazenamento. <\/p>    <figure class=\"wp-block-gallery has-nested-images columns-default is-cropped wp-block-gallery-5 is-layout-flex wp-block-gallery-is-layout-flex\"> <figure class=\"wp-block-image size-large\"><img loading=\"lazy\" decoding=\"async\" width=\"750\" height=\"572\" data-id=\"1115\" src=\"https:\/\/www.eggtraymaking.com\/wp-content\/uploads\/2019\/05\/Packing-equipment.jpg\" alt=\"Linha de Produ\u00e7\u00e3o de Bandejas de Ovo\" class=\"wp-image-1115\" srcset=\"https:\/\/www.eggtraymaking.com\/wp-content\/uploads\/2019\/05\/Packing-equipment.jpg 750w, https:\/\/www.eggtraymaking.com\/wp-content\/uploads\/2019\/05\/Packing-equipment-354x270.jpg 354w\" sizes=\"auto, (max-width: 750px) 100vw, 750px\" \/><\/figure> <\/figure>    <h2 class=\"wp-block-heading\" id=\"h-advantages-of-the-egg-tray-production-line\"><strong>Vantagens da linha de produ\u00e7\u00e3o de bandejas de ovos<\/strong><strong><\/strong><\/h2>    <p class=\"translation-block\"><b>1. A mat\u00e9ria-prima \u00e9 f\u00e1cil de coletar \u2013 papel reciclado<\/b><\/p>    <p>Jornais velhos, papel\u00e3o, impurezas, papel de embalagem, papel de livro e outros pap\u00e9is descartados s\u00e3o muito comuns em nossas vidas di\u00e1rias. Geralmente, papel recicl\u00e1vel refere-se a recursos renov\u00e1veis que foram descartados ap\u00f3s serem utilizados na produ\u00e7\u00e3o e na vida. Portanto, \u00e9 f\u00e1cil de coletar. Al\u00e9m disso, o custo de coleta de papel recicl\u00e1vel \u00e9 relativamente baixo. A reciclagem de papel n\u00e3o apenas economiza custos, mas tamb\u00e9m protege o meio ambiente.<\/p>    <p class=\"translation-block\"><b>2.Produ\u00e7\u00e3o totalmente autom\u00e1tica pode reduzir o custo<\/b><\/p>    <p>A linha de produ\u00e7\u00e3o de bandejas de ovos \u00e9 uma linha de produ\u00e7\u00e3o totalmente autom\u00e1tica. Uma produ\u00e7\u00e3o precisa apenas de 3 a 5 pessoas para operar, o que reduz significativamente os custos com m\u00e3o de obra. Todas as partes da linha de produ\u00e7\u00e3o de bandejas de ovos est\u00e3o interconectadas. <\/p>    <p class=\"translation-block\"><b>3.Perspectivas de vendas amplas<\/b><\/p>   <div class=\"wp-block-image\"> <figure class=\"aligncenter size-large\"><img loading=\"lazy\" decoding=\"async\" width=\"720\" height=\"540\" src=\"https:\/\/www.eggtraymaking.com\/wp-content\/uploads\/2019\/05\/various-paper-pulp-trays-made-by-the-egg-tray-production-line.jpg\" alt=\"v\u00e1rios bandejas de polpa de papel feitas pela linha de produ\u00e7\u00e3o de bandejas de ovos\" class=\"wp-image-3181\" srcset=\"https:\/\/www.eggtraymaking.com\/wp-content\/uploads\/2019\/05\/various-paper-pulp-trays-made-by-the-egg-tray-production-line.jpg 720w, https:\/\/www.eggtraymaking.com\/wp-content\/uploads\/2019\/05\/various-paper-pulp-trays-made-by-the-egg-tray-production-line-240x180.jpg 240w, https:\/\/www.eggtraymaking.com\/wp-content\/uploads\/2019\/05\/various-paper-pulp-trays-made-by-the-egg-tray-production-line-360x270.jpg 360w\" sizes=\"auto, (max-width: 720px) 100vw, 720px\" \/><figcaption class=\"wp-element-caption\">V\u00e1rias bandejas de polpa de papel feitas pela linha de produ\u00e7\u00e3o de bandejas de ovos<\/figcaption><\/figure> <\/div>   <p>A bandeja de papel para ovos \u00e9 amplamente utilizada em v\u00e1rios setores. Como caixas de ovos, produtos fr\u00e1geis nos tempos recentes, bandejas de frutas, e assim por diante. Porque n\u00e3o polui o meio ambiente. A bandeja de ovos produzida na f\u00e1brica de bandejas de papel \u00e9 tamb\u00e9m adequada para v\u00e1rios produtos. Portanto, a demanda por este produto \u00e9 muito grande.<\/p>    <p class=\"translation-block\"><b>4.Grande capacidade de produ\u00e7\u00e3o<\/b><\/p>    <p>A planta de bandejas de ovos de polpa de papel pode operar continuamente. Mais placas, mais capacidade. A produ\u00e7\u00e3o m\u00e1xima da planta de processamento de bandejas de ovos de polpa de papel \u00e9 de 8000 em uma hora. Quanto maior a produ\u00e7\u00e3o, mais r\u00e1pido \u00e9 o custo de reciclagem. <\/p>    <figure class=\"wp-block-embed is-type-video is-provider-youtube wp-block-embed-youtube wp-embed-aspect-16-9 wp-has-aspect-ratio\"><div class=\"wp-block-embed__wrapper\"> <iframe loading=\"lazy\" title=\"Feedback de clientes de 2021! F\u00e1brica de Produ\u00e7\u00e3o de Bandejas de Ovos | M\u00e1quina de Fazer Caixas de Ovos\" width=\"500\" height=\"281\" src=\"https:\/\/www.youtube.com\/embed\/52_scts8Y7A?feature=oembed\" frameborder=\"0\" allow=\"accelerometer; autoplay; clipboard-write; encrypted-media; gyroscope; picture-in-picture; web-share\" referrerpolicy=\"strict-origin-when-cross-origin\" allowfullscreen><\/iframe> <\/div><\/figure>    <p>A Zhengzhou Shuliy Machinery tem rica experi\u00eancia na produ\u00e7\u00e3o de bandejas de ovos. O pre\u00e7o da m\u00e1quina de bandeja de ovos \u00e9 bastante razo\u00e1vel. A linha de produ\u00e7\u00e3o de bandejas de ovos tem tantas vantagens que \u00e9 uma boa escolha para as pessoas investirem. <\/p>    <h2 class=\"wp-block-heading\" id=\"h-finished-egg-trays-display\">Exibi\u00e7\u00e3o de bandejas de ovos finalizadas<\/h2>    <p class=\"translation-block\">A comercial <strong><a href=\"https:\/\/www.eggtraymaking.com\/pt\/egg-tray-making-machine\/\">m\u00e1quina de fabrica\u00e7\u00e3o de caixas de ovos<\/a><\/strong> pode ser usada para processar v\u00e1rias especifica\u00e7\u00f5es de produtos de caixas de ovos, e o n\u00famero de ovos colocados na caixa de ovos pode ser personalizado. Os comuns s\u00e3o caixas de 4 ovos, caixas de 6 ovos, caixas de 8 ovos, caixas de 12 ovos e caixas de 20 ovos. Caixas de ovos, caixas de 30 ovos, etc.<\/p>   <div class=\"wp-block-image\"> <figure class=\"aligncenter size-large\"><img loading=\"lazy\" decoding=\"async\" width=\"720\" height=\"540\" src=\"https:\/\/www.eggtraymaking.com\/wp-content\/uploads\/2019\/05\/egg-trays-with-different-specifications.jpg\" alt=\"caixas de ovos com diferentes especifica\u00e7\u00f5es\" class=\"wp-image-3180\" srcset=\"https:\/\/www.eggtraymaking.com\/wp-content\/uploads\/2019\/05\/egg-trays-with-different-specifications.jpg 720w, https:\/\/www.eggtraymaking.com\/wp-content\/uploads\/2019\/05\/egg-trays-with-different-specifications-240x180.jpg 240w, https:\/\/www.eggtraymaking.com\/wp-content\/uploads\/2019\/05\/egg-trays-with-different-specifications-360x270.jpg 360w\" sizes=\"auto, (max-width: 720px) 100vw, 720px\" \/><figcaption class=\"wp-element-caption\">caixas de ovos com diferentes especifica\u00e7\u00f5es<\/figcaption><\/figure> <\/div>   <h2 class=\"wp-block-heading\">Alguns fatores que afetam o pre\u00e7o da m\u00e1quina de fabrica\u00e7\u00e3o de bandejas de papel para ovos<\/h2>    <p class=\"translation-block\"> \u00c0 medida que a economia se desenvolve cada vez mais perfeitamente, o mercado de m\u00e1quinas para fabrica\u00e7\u00e3o de bandejas de papel para ovos tamb\u00e9m se desenvolveu rapidamente. A variedade de mercadorias trouxe muitas oportunidades de neg\u00f3cios para o pre\u00e7o dos equipamentos de produ\u00e7\u00e3o de bandejas para ovos, tornando a vida das pessoas cheia de cores especiais. A qualidade da bandeja para ovos tamb\u00e9m \u00e9 o foco de aten\u00e7\u00e3o, <a href=\"https:\/\/www.eggtraymaking.com\/pt\/some-factors-affecting-the-price-of-egg-tray-production-equipment\/\">alguns fatores<\/a> devem ser observados. <\/p>    <h2 class=\"wp-block-heading\">Limpeza e Manuten\u00e7\u00e3o da M\u00e1quina de Bandejas de Ovos<\/h2>    <p class=\"translation-block\">O material do<strong>\u00a0<a href=\"https:\/\/www.eggtraymaking.com\/pt\/egg-tray-making-machine\/\">equipamento de caixas de ovos<\/a>\u00a0<\/strong>\u00e9 a\u00e7o inoxid\u00e1vel. Em circunst\u00e2ncias normais, a m\u00e1quina de caixas de ovos n\u00e3o enferruja. No entanto, se o uso ou <a href=\"https:\/\/www.eggtraymaking.com\/pt\/maintenance-of-egg-tray-machine\/\">manuten\u00e7\u00e3o<\/a> for inadequado, ou o ambiente da m\u00e1quina de caixas de ovos for muito ruim, a m\u00e1quina de caixas de ovos pode enferrujar. O operador deve melhorar a conscientiza\u00e7\u00e3o sobre a manuten\u00e7\u00e3o da m\u00e1quina de caixas de ovos e fazer um bom trabalho na manuten\u00e7\u00e3o. O uso inadequado da m\u00e1quina de caixas de ovos causar\u00e1 ferrugem e desgumagem. Aten\u00e7\u00e3o deve ser dada ao uso adequado para evitar que esses dois fen\u00f4menos ocorram.<\/p>","protected":false},"excerpt":{"rendered":"<p>A linha de produ\u00e7\u00e3o de bandejas de ovos, tamb\u00e9m chamada de planta autom\u00e1tica de bandejas de ovos de polpa de papel, consiste principalmente em quatro partes: misturador de polpa de papel, m\u00e1quina de moldagem de bandejas de ovos, m\u00e1quina de secagem de bandejas de ovos e m\u00e1quina de embalagem de bandejas de ovos. Esta linha de produ\u00e7\u00e3o industrial de bandejas de ovos pode transformar muitos pap\u00e9is recicl\u00e1veis, jornais, caixas de papel\u00e3o e caixas de papel em bandejas de ovos, bandejas de frutas, bandejas para copos de caf\u00e9, caixas de almo\u00e7o descart\u00e1veis de papel, etc.<\/p>","protected":false},"author":1,"featured_media":9663,"parent":0,"template":"","tags":[433,13,431,432],"product-type":[450],"class_list":["post-1037","product","type-product","status-publish","has-post-thumbnail","hentry","tag-egg-carton-machine","tag-egg-tray-making-machine","tag-egg-tray-production-line-2","tag-paper-pulp-egg-tray-machine","product-type-production-line"],"_links":{"self":[{"href":"https:\/\/www.eggtraymaking.com\/pt\/wp-json\/wp\/v2\/product\/1037","targetHints":{"allow":["GET"]}}],"collection":[{"href":"https:\/\/www.eggtraymaking.com\/pt\/wp-json\/wp\/v2\/product"}],"about":[{"href":"https:\/\/www.eggtraymaking.com\/pt\/wp-json\/wp\/v2\/types\/product"}],"author":[{"embeddable":true,"href":"https:\/\/www.eggtraymaking.com\/pt\/wp-json\/wp\/v2\/users\/1"}],"wp:featuredmedia":[{"embeddable":true,"href":"https:\/\/www.eggtraymaking.com\/pt\/wp-json\/wp\/v2\/media\/9663"}],"wp:attachment":[{"href":"https:\/\/www.eggtraymaking.com\/pt\/wp-json\/wp\/v2\/media?parent=1037"}],"wp:term":[{"taxonomy":"post_tag","embeddable":true,"href":"https:\/\/www.eggtraymaking.com\/pt\/wp-json\/wp\/v2\/tags?post=1037"},{"taxonomy":"product-type","embeddable":true,"href":"https:\/\/www.eggtraymaking.com\/pt\/wp-json\/wp\/v2\/product-type?post=1037"}],"curies":[{"name":"wp","href":"https:\/\/api.w.org\/{rel}","templated":true}]}}