{"id":1014,"date":"2019-05-28T02:20:46","date_gmt":"2019-05-28T02:20:46","guid":{"rendered":"https:\/\/www.eggtraymaking.com\/?p=1014"},"modified":"2025-11-24T18:01:34","modified_gmt":"2025-11-24T10:01:34","slug":"12-side-egg-tray-machine","status":"publish","type":"product","link":"https:\/\/www.eggtraymaking.com\/pt\/12-side-egg-tray-machine\/","title":{"rendered":"M\u00e1quina de bandeja de ovos de 12 lados"},"content":{"rendered":"<p class=\"translation-block\">A m\u00e1quina de caixa de ovos de 12 lados, incluindo dois modelos. O primeiro modelo pode produzir cerca de 6000 unidades por hora, o segundo modelo pode produzir cerca de 8000 unidades por hora. \u00c9 adequada para produ\u00e7\u00e3o em larga escala. A Zhengzhou Shuliy Machinery tem rica experi\u00eancia de produ\u00e7\u00e3o. \u00c9 f\u00e1cil de operar e pode economizar muito custo de m\u00e3o de obra. <\/p>    <figure class=\"wp-block-embed is-type-video is-provider-youtube wp-block-embed-youtube wp-embed-aspect-16-9 wp-has-aspect-ratio\"><div class=\"wp-block-embed__wrapper\"> <iframe loading=\"lazy\" title=\"M\u00e1quina de fabrica\u00e7\u00e3o de cart\u00f4es de ovos com capacidade de 4000pcs\/h em opera\u00e7\u00e3o! Principal fornecedor de m\u00e1quinas de bandeja de ovos #maquinadebandejadeovos\" width=\"500\" height=\"281\" src=\"https:\/\/www.youtube.com\/embed\/kW1KjK-Az3o?feature=oembed\" frameborder=\"0\" allow=\"accelerometer; autoplay; clipboard-write; encrypted-media; gyroscope; picture-in-picture; web-share\" referrerpolicy=\"strict-origin-when-cross-origin\" allowfullscreen><\/iframe> <\/div><figcaption class=\"wp-element-caption\">v\u00eddeo da m\u00e1quina de embalagem de ovos<\/figcaption><\/figure>    <h2 class=\"wp-block-heading\"><strong>Introdu\u00e7\u00e3o da m\u00e1quina de bandejas de ovos de 12 lados <\/strong><strong><\/strong><\/h2>    <p>O modelo SL-5*12 pode produzir cerca de 6000 pe\u00e7as de bandejas de ovos por hora. Este modelo opera suavemente com um sistema totalmente autom\u00e1tico. Este modelo tem uma capacidade muito alta nas mesmas condi\u00e7\u00f5es de consumo. Al\u00e9m disso, pode ser conectado a diferentes m\u00e9todos de secagem, o que pode economizar mais energia, m\u00e3o de obra e custos.<\/p>    <figure class=\"wp-block-gallery has-nested-images columns-default is-cropped wp-block-gallery-2 is-layout-flex wp-block-gallery-is-layout-flex\"> <figure class=\"wp-block-image\"><img loading=\"lazy\" decoding=\"async\" width=\"750\" height=\"496\" data-id=\"1194\" src=\"https:\/\/www.eggtraymaking.com\/wp-content\/uploads\/2019\/05\/SL-512-12-Side-Egg-Tray-Machine-3.jpg\" alt=\"SL-512-12 Side Egg Tray Machine (3)\" class=\"wp-image-1194\" srcset=\"https:\/\/www.eggtraymaking.com\/wp-content\/uploads\/2019\/05\/SL-512-12-Side-Egg-Tray-Machine-3.jpg 750w, https:\/\/www.eggtraymaking.com\/wp-content\/uploads\/2019\/05\/SL-512-12-Side-Egg-Tray-Machine-3-360x238.jpg 360w\" sizes=\"auto, (max-width: 750px) 100vw, 750px\" \/><\/figure>    <figure class=\"wp-block-image\"><img loading=\"lazy\" decoding=\"async\" width=\"750\" height=\"496\" data-id=\"1195\" src=\"https:\/\/www.eggtraymaking.com\/wp-content\/uploads\/2019\/05\/SL-512-12-Side-Egg-Tray-Machine-4.jpg\" alt=\"SL-512-12 Side Egg Tray Machine (4)\" class=\"wp-image-1195\" srcset=\"https:\/\/www.eggtraymaking.com\/wp-content\/uploads\/2019\/05\/SL-512-12-Side-Egg-Tray-Machine-4.jpg 750w, https:\/\/www.eggtraymaking.com\/wp-content\/uploads\/2019\/05\/SL-512-12-Side-Egg-Tray-Machine-4-360x238.jpg 360w\" sizes=\"auto, (max-width: 750px) 100vw, 750px\" \/><\/figure> <\/figure>    <p class=\"translation-block\">A m\u00e1quina de caixa de ovos de 12 lados modelo SL*12 pode produzir cerca de 8000 unidades de caixa de ovos por hora. Este modelo com a maior capacidade. Este modelo funciona suavemente com um sistema totalmente autom\u00e1tico. Este modelo tem uma capacidade muito alta nas mesmas condi\u00e7\u00f5es de consumo. Al\u00e9m disso, pode ser conectado com diferentes formas de secagem, o que pode economizar mais energia, m\u00e3o de obra e custo. Apenas 3-4 pessoas podem operar esta linha de produ\u00e7\u00e3o completa. Esta linha de produ\u00e7\u00e3o tem as vantagens de baixo custo de mat\u00e9ria-prima, alta produ\u00e7\u00e3o e r\u00e1pida recupera\u00e7\u00e3o de benef\u00edcios. <\/p>    <h2 class=\"wp-block-heading\"><strong>Par\u00e2metros da m\u00e1quina de bandejas de ovos de 12 lados<\/strong><strong><\/strong><\/h2>    <div class=\"table_grad scroll_tablex\">       <table class=\"table_tab responsive\"><tbody><tr><td>Modelo<\/td><td>Capacidade<\/td><td>Papel de \u00e1gua<\/td><td>Consumo de \u00e1gua<\/td><td>Consumo de eletricidade<\/td><td>Trabalhador<\/td><\/tr><tr><td>SL-5*12<\/td><td>6000pcs\/h<\/td><td>480kg\/h<\/td><td>900kg\/h<\/td><td>90kw\/h<\/td><td>3-4<\/td><\/tr><tr><td>SL-6*12<\/td><td>8000pcs\/h<\/td><td>640kg\/h<\/td><td>1040kg\/h<\/td><td>100kw\/h<\/td><td>3-4<\/td><\/tr><\/tbody><\/table><\/div>    <h2 class=\"wp-block-heading\"><strong>Aditivos podem ser adicionados no processo de fabrica\u00e7\u00e3o.<\/strong><\/h2>    <p>A cor pode ser adicionada para fazer bandejas de ovos de diferentes cores. Porque o molde da bandeja de ovos pode ser personalizado de acordo com as diferentes necessidades dos clientes. \u00c0s vezes, o cliente quer fazer algumas cores bonitas devido \u00e0 sua ideia. Basta colocar a cor no misturador, a cor da polpa mudar\u00e1. Ent\u00e3o, a bandeja de ovos \u00e0 venda pode ser processada em qualquer cor que voc\u00ea quiser.<\/p>    <figure class=\"wp-block-gallery has-nested-images columns-default is-cropped wp-block-gallery-3 is-layout-flex wp-block-gallery-is-layout-flex\"> <figure class=\"wp-block-image\"><img loading=\"lazy\" decoding=\"async\" width=\"500\" height=\"348\" data-id=\"1200\" src=\"https:\/\/www.eggtraymaking.com\/wp-content\/uploads\/2019\/05\/SL-512-12-Side-Egg-Tray-Machine-1.jpg\" alt=\"SL-512-12 Side Egg Tray Machine (1)\" class=\"wp-image-1200\" srcset=\"https:\/\/www.eggtraymaking.com\/wp-content\/uploads\/2019\/05\/SL-512-12-Side-Egg-Tray-Machine-1.jpg 500w, https:\/\/www.eggtraymaking.com\/wp-content\/uploads\/2019\/05\/SL-512-12-Side-Egg-Tray-Machine-1-360x251.jpg 360w\" sizes=\"auto, (max-width: 500px) 100vw, 500px\" \/><\/figure>    <figure class=\"wp-block-image\"><img loading=\"lazy\" decoding=\"async\" width=\"500\" height=\"339\" data-id=\"1201\" src=\"https:\/\/www.eggtraymaking.com\/wp-content\/uploads\/2019\/05\/SL-512-12-Side-Egg-Tray-Machine-2.jpg\" alt=\"M\u00e1quina de bandeja para 12 ovos\" class=\"wp-image-1201\" srcset=\"https:\/\/www.eggtraymaking.com\/wp-content\/uploads\/2019\/05\/SL-512-12-Side-Egg-Tray-Machine-2.jpg 500w, https:\/\/www.eggtraymaking.com\/wp-content\/uploads\/2019\/05\/SL-512-12-Side-Egg-Tray-Machine-2-360x244.jpg 360w\" sizes=\"auto, (max-width: 500px) 100vw, 500px\" \/><\/figure> <\/figure>    <p>A cola pode ser adicionada para aumentar a vida \u00fatil da bandeja de ovos. A cola tem a fun\u00e7\u00e3o de impermeabiliza\u00e7\u00e3o. \u00c9 um aditivo importante durante o processo da m\u00e1quina de bandeja de ovos. <\/p>    <p>\u00c9 muito importante adicionar aditivos apropriados ao produzir a bandeja de ovos. Porque isso contribui para a produ\u00e7\u00e3o de bandejas de ovos de maior qualidade. Esse tipo de m\u00e1quina pode produzir bandejas de ovos de alta capacidade. <\/p>    <h2 class=\"wp-block-heading\"><strong>Escolha um fabricante profissional de bandejas de ovos<\/strong><strong><\/strong><\/h2>    <p>We are an egg tray machine manufacturer, we have been constantly improving according to our customers&#8217; feedback and striving to be the best supplier of egg tray machines. Our engineers have been improving the level of technology to maximize the benefits of our customers. Professional knowledge, experienced workers, and perfect after-sales service system are important factors for customers to choose us. We have many stocks in our factory. Such as apple tray, wine tray, etc. Welcome to our fatory to visit. <\/p>","protected":false},"excerpt":{"rendered":"<p>The 12 side egg tray machine including two models. The first model can produce about 6000pcs per hour, the second model can produce about 8000pcs per hour. It is suitable for big scale factory production. Zhengzhou Shuliy Machinery has rich production experience. It is easy to operate and can save much labor cost. Introduction of [&hellip;]<\/p>\n","protected":false},"author":1,"featured_media":1382,"parent":0,"template":"","tags":[17],"product-type":[449],"class_list":["post-1014","product","type-product","status-publish","has-post-thumbnail","hentry","tag-egg-tray-machine","product-type-egg-tray-machine-by-capacity"],"_links":{"self":[{"href":"https:\/\/www.eggtraymaking.com\/pt\/wp-json\/wp\/v2\/product\/1014","targetHints":{"allow":["GET"]}}],"collection":[{"href":"https:\/\/www.eggtraymaking.com\/pt\/wp-json\/wp\/v2\/product"}],"about":[{"href":"https:\/\/www.eggtraymaking.com\/pt\/wp-json\/wp\/v2\/types\/product"}],"author":[{"embeddable":true,"href":"https:\/\/www.eggtraymaking.com\/pt\/wp-json\/wp\/v2\/users\/1"}],"wp:featuredmedia":[{"embeddable":true,"href":"https:\/\/www.eggtraymaking.com\/pt\/wp-json\/wp\/v2\/media\/1382"}],"wp:attachment":[{"href":"https:\/\/www.eggtraymaking.com\/pt\/wp-json\/wp\/v2\/media?parent=1014"}],"wp:term":[{"taxonomy":"post_tag","embeddable":true,"href":"https:\/\/www.eggtraymaking.com\/pt\/wp-json\/wp\/v2\/tags?post=1014"},{"taxonomy":"product-type","embeddable":true,"href":"https:\/\/www.eggtraymaking.com\/pt\/wp-json\/wp\/v2\/product-type?post=1014"}],"curies":[{"name":"wp","href":"https:\/\/api.w.org\/{rel}","templated":true}]}}