{"id":1010,"date":"2019-05-28T02:19:28","date_gmt":"2019-05-28T02:19:28","guid":{"rendered":"https:\/\/www.eggtraymaking.com\/?p=1010"},"modified":"2026-04-10T11:48:10","modified_gmt":"2026-04-10T03:48:10","slug":"4-side-egg-tray-machine","status":"publish","type":"product","link":"https:\/\/www.eggtraymaking.com\/pt\/4-side-egg-tray-machine\/","title":{"rendered":"M\u00e1quina de bandeja de ovos de 4 lados"},"content":{"rendered":"<p>As bandejas de ovos s\u00e3o principalmente usadas para embalar ovos, como ovos de galinha e ovos de pato. Sua principal fun\u00e7\u00e3o \u00e9 absorver vibra\u00e7\u00f5es e reduzir os danos a materiais fr\u00e1geis durante o transporte. \u00c9 a m\u00e1quina principal para produzir bandejas de ovos. <\/p>    <h2 class=\"wp-block-heading\">Todo o processo de produ\u00e7\u00e3o<\/h2>    <p class=\"translation-block\">Waste paper &#8211; <a href=\"https:\/\/www.eggtraymaking.com\/pt\/pulping-equipment\/\">pulping<\/a> &#8211; <a href=\"https:\/\/en.wikipedia.org\/wiki\/Pulp_(paper)\" target=\"_blank\" rel=\"noopener\">pulp<\/a> mixing &#8211; sifting &#8211; pulp supply &#8211; shaping &#8211; drying &#8211; integer &#8211; check out &#8211; package<\/p>    <figure class=\"wp-block-image\"><img loading=\"lazy\" decoding=\"async\" width=\"800\" height=\"697\" src=\"https:\/\/www.eggtraymaking.com\/wp-content\/uploads\/2019\/05\/Egg-Tray-Machine-5-1.jpg\" alt=\"\" class=\"wp-image-1061\" srcset=\"https:\/\/www.eggtraymaking.com\/wp-content\/uploads\/2019\/05\/Egg-Tray-Machine-5-1.jpg 800w, https:\/\/www.eggtraymaking.com\/wp-content\/uploads\/2019\/05\/Egg-Tray-Machine-5-1-310x270.jpg 310w, https:\/\/www.eggtraymaking.com\/wp-content\/uploads\/2019\/05\/Egg-Tray-Machine-5-1-768x669.jpg 768w\" sizes=\"auto, (max-width: 800px) 100vw, 800px\" \/><\/figure>    <h2 class=\"wp-block-heading\">Par\u00e2metro da m\u00e1quina de bandeja de ovos de 4 lados<\/h2>    <figure class=\"wp-block-table\"><table><tbody><tr><td>Modelo<\/td><td>Capacidade<\/td><td>Consumo de eletricidade<\/td><td>Consumo de \u00e1gua<\/td><td>Consumo de papel<\/td><td>Trabalhador<\/td><\/tr><tr><td>SL-3*4<\/td><td>2000-2500pcs\/h<\/td><td>58kw\/h<\/td><td>450kg\/h<\/td><td>200kg\/h<\/td><td>4-5<\/td><\/tr><tr><td>SL-4*4<\/td><td>3000-3500 pe\u00e7as\/h<\/td><td><br>78 kW\/h<\/td><td>560 kg\/h<\/td><td>280 kg\/h<\/td><td>4-5<\/td><\/tr><\/tbody><\/table><\/figure>    <figure class=\"wp-block-gallery has-nested-images columns-default is-cropped wp-block-gallery-2 is-layout-flex wp-block-gallery-is-layout-flex\"> <figure class=\"wp-block-image\"><img loading=\"lazy\" decoding=\"async\" width=\"800\" height=\"800\" data-id=\"1062\" src=\"https:\/\/www.eggtraymaking.com\/wp-content\/uploads\/2019\/05\/SL-34Egg-Tray-Machine-1.jpg\" alt=\"M\u00e1quina de Bandeja de Ovos SL-3*4\" class=\"wp-image-1062\" srcset=\"https:\/\/www.eggtraymaking.com\/wp-content\/uploads\/2019\/05\/SL-34Egg-Tray-Machine-1.jpg 800w, https:\/\/www.eggtraymaking.com\/wp-content\/uploads\/2019\/05\/SL-34Egg-Tray-Machine-1-270x270.jpg 270w, https:\/\/www.eggtraymaking.com\/wp-content\/uploads\/2019\/05\/SL-34Egg-Tray-Machine-1-768x768.jpg 768w\" sizes=\"auto, (max-width: 800px) 100vw, 800px\" \/><figcaption class=\"wp-element-caption\">M\u00e1quina de bandeja de ovos Sl-3*4<\/figcaption><\/figure>    <figure class=\"wp-block-image\"><img loading=\"lazy\" decoding=\"async\" width=\"800\" height=\"800\" data-id=\"1063\" src=\"https:\/\/www.eggtraymaking.com\/wp-content\/uploads\/2019\/05\/SL-44-Egg-Tray-Machine-6.jpg\" alt=\"M\u00e1quina de Bandeja de Ovos SL-4*4\" class=\"wp-image-1063\" srcset=\"https:\/\/www.eggtraymaking.com\/wp-content\/uploads\/2019\/05\/SL-44-Egg-Tray-Machine-6.jpg 800w, https:\/\/www.eggtraymaking.com\/wp-content\/uploads\/2019\/05\/SL-44-Egg-Tray-Machine-6-270x270.jpg 270w, https:\/\/www.eggtraymaking.com\/wp-content\/uploads\/2019\/05\/SL-44-Egg-Tray-Machine-6-768x768.jpg 768w\" sizes=\"auto, (max-width: 800px) 100vw, 800px\" \/><figcaption class=\"wp-element-caption\">M\u00e1quina de bandeja de ovos Sl-4*4<\/figcaption><\/figure> <\/figure>    <h2 class=\"wp-block-heading\">Introdu\u00e7\u00e3o do modelo SL-3*4 <\/h2>    <p>O modelo SL-3*4 pode produzir cerca de 2000-2500 pe\u00e7as por hora. Esta m\u00e1quina possui quatro placas. A placa est\u00e1 constantemente girando. Portanto, pode economizar muito tempo de espera. \u00c9 uma m\u00e1quina rotativa, com placas de m\u00faltiplas formas e uma placa de transfer\u00eancia. Este design melhorar\u00e1 a efici\u00eancia e aumentar\u00e1 a capacidade e o lucro significativamente em compara\u00e7\u00e3o com a m\u00e1quina de inclina\u00e7\u00e3o. <\/p>    <p>O modelo SL-4*4 pode produzir cerca de 3000-3500 bandejas de ovos por hora. Este modelo possui quatro placas. S\u00e3o necess\u00e1rias cerca de 4-5 pessoas para operar toda a produ\u00e7\u00e3o. Se o usu\u00e1rio quiser fazer bandejas de ovos de cores diferentes, basta adicionar cor ao tanque de polpa. A cor da polpa mudar\u00e1 ap\u00f3s a mistura. A tonalidade da cor est\u00e1 relacionada \u00e0 propor\u00e7\u00e3o da cor e da polpa.<\/p>    <ol class=\"wp-block-list\"> <li>Economia de custo com m\u00e3o de obra: Os quatro lados <strong><a href=\"https:\/\/www.eggtraymaking.com\/pt\/egg-tray-making-machine\/\">m\u00e1quina de bandeja para ovos<\/a><\/strong> \u00e9 uma linha de produ\u00e7\u00e3o completa, que precisa apenas de 5 a 6 pessoas para oper\u00e1-la. Isso economiza muito nos custos de m\u00e3o de obra e melhora a efici\u00eancia do trabalho. Os custos de m\u00e3o de obra s\u00e3o particularmente altos em alguns pa\u00edses. Portanto, a produ\u00e7\u00e3o automatizada reduzir\u00e1 significativamente os custos de produ\u00e7\u00e3o. <\/li>    <li>Mat\u00e9ria-prima barata: A mat\u00e9ria-prima para fazer v\u00e1rias bandejas de ovos \u00e9 principalmente todos os tipos de papel reciclado. Como papel de livro, jornal reciclado, papel usado e assim por diante. O desperd\u00edcio \u00e9 bastante mais barato, o que diminui muito o custo. O modelo de quatro lados pode usar esses materiais para formar a bandeja de ovos. <\/li>    <li>Mercado de vendas amplo: A bandeja de ovos pode ser utilizada em v\u00e1rios campos. Esta m\u00e1quina pode produzir produtos de v\u00e1rias formas, como bandeja de ovos, bandeja para frutas frescas, bandeja interna el\u00e9trica, bandeja para produtos fr\u00e1geis, bandeja agr\u00edcola, embalagens de alimentos e m\u00e9dicas, produtos m\u00e9dicos, embalagens de bandejas para ind\u00fastrias especiais, etc. Portanto, a bandeja de ovos possui um grande mercado de vendas. <\/li>    <li>Servi\u00e7o maduro de pr\u00e9-venda e p\u00f3s-venda<\/li> <\/ol>    <p>A Zhengzhou Shuliy Machinery produz a linha de produ\u00e7\u00e3o completa h\u00e1 mais de dez anos e temos tecnologia madura e trabalhadores experientes. Portanto, podemos personalizar a m\u00e1quina de acordo com as necessidades do cliente. Como mudan\u00e7a de voltagem, personaliza\u00e7\u00e3o de moldes, design de desenhos, etc. Podemos enviar trabalhadores para a sua cidade para instalar a m\u00e1quina. Nossos trabalhadores podem ajud\u00e1-lo a projetar o desenho da f\u00e1brica de acordo com a situa\u00e7\u00e3o real do cliente.<\/p>    <figure class=\"wp-block-image\"><img loading=\"lazy\" decoding=\"async\" width=\"800\" height=\"800\" src=\"https:\/\/www.eggtraymaking.com\/wp-content\/uploads\/2019\/05\/Egg-Tray-Machine-2-1.jpg\" alt=\"\" class=\"wp-image-1058\" srcset=\"https:\/\/www.eggtraymaking.com\/wp-content\/uploads\/2019\/05\/Egg-Tray-Machine-2-1.jpg 800w, https:\/\/www.eggtraymaking.com\/wp-content\/uploads\/2019\/05\/Egg-Tray-Machine-2-1-270x270.jpg 270w, https:\/\/www.eggtraymaking.com\/wp-content\/uploads\/2019\/05\/Egg-Tray-Machine-2-1-768x768.jpg 768w\" sizes=\"auto, (max-width: 800px) 100vw, 800px\" \/><\/figure>    <h2 class=\"wp-block-heading\"><strong>M\u00e9todo de secagem da m\u00e1quina de bandeja de ovo de 4 lados<\/strong><strong><\/strong><\/h2>    <p>Para a m\u00e1quina de bandeja de ovos de quatro lados, existem muitos m\u00e9todos de secagem. Por exemplo, voc\u00ea pode escolher a secagem natural se tiver espa\u00e7o suficiente para colocar a bandeja de ovos, que \u00e9 a mais econ\u00f4mica. Al\u00e9m disso, voc\u00ea pode optar pela linha de secagem de tijolos com carrinho pequeno ou uma esteira transportadora. Relativamente falando, a maioria das pessoas escolher\u00e1 a linha de secagem de tijolos devido \u00e0 economia de custos. Ou podemos fornecer a caixa de secagem de metal para secar a bandeja de ovos. Este \u00e9 o m\u00e9todo de secagem mais eficiente. De qualquer forma, a Zhengzhou Shuliy Machinery fornecer\u00e1 nosso melhor e mais profissional servi\u00e7o para voc\u00ea. Bem-vindo para entrar em contato conosco!<\/p>","protected":false},"excerpt":{"rendered":"<p>Egg trays are mainly used for packaging eggs such as eggs and duck eggs. Its main function is to absorb vibration and reduce the damage of fragile materials during transportation.\u00a0It is the main machine to produce egg tray.<\/p>","protected":false},"author":1,"featured_media":9750,"parent":0,"template":"","tags":[17],"product-type":[449],"class_list":["post-1010","product","type-product","status-publish","has-post-thumbnail","hentry","tag-egg-tray-machine","product-type-egg-tray-machine-by-capacity"],"_links":{"self":[{"href":"https:\/\/www.eggtraymaking.com\/pt\/wp-json\/wp\/v2\/product\/1010","targetHints":{"allow":["GET"]}}],"collection":[{"href":"https:\/\/www.eggtraymaking.com\/pt\/wp-json\/wp\/v2\/product"}],"about":[{"href":"https:\/\/www.eggtraymaking.com\/pt\/wp-json\/wp\/v2\/types\/product"}],"author":[{"embeddable":true,"href":"https:\/\/www.eggtraymaking.com\/pt\/wp-json\/wp\/v2\/users\/1"}],"wp:featuredmedia":[{"embeddable":true,"href":"https:\/\/www.eggtraymaking.com\/pt\/wp-json\/wp\/v2\/media\/9750"}],"wp:attachment":[{"href":"https:\/\/www.eggtraymaking.com\/pt\/wp-json\/wp\/v2\/media?parent=1010"}],"wp:term":[{"taxonomy":"post_tag","embeddable":true,"href":"https:\/\/www.eggtraymaking.com\/pt\/wp-json\/wp\/v2\/tags?post=1010"},{"taxonomy":"product-type","embeddable":true,"href":"https:\/\/www.eggtraymaking.com\/pt\/wp-json\/wp\/v2\/product-type?post=1010"}],"curies":[{"name":"wp","href":"https:\/\/api.w.org\/{rel}","templated":true}]}}