{"id":729,"date":"2019-05-20T03:24:32","date_gmt":"2019-05-20T03:24:32","guid":{"rendered":"https:\/\/www.dry-ice-machine.com\/?p=729"},"modified":"2022-07-28T16:01:40","modified_gmt":"2022-07-28T08:01:40","slug":"egg-tray-machine-services","status":"publish","type":"page","link":"https:\/\/www.eggtraymaking.com\/pt\/egg-tray-machine-services\/","title":{"rendered":"servi\u00e7os"},"content":{"rendered":"<h2 class=\"wp-block-heading\"><strong>Pr\u00e9-vendas<\/strong><strong><\/strong><\/h2>    <ul class=\"wp-block-list\"><li>N\u00f3s fornecemos profissionais <strong><a href=\"https:\/\/www.eggtraymaking.com\/pt\/egg-tray-making-machine\/\">m\u00e1quina de bandeja de ovos<\/a><\/strong> informa\u00e7\u00f5es, qualidade de produto qualificada e suporte t\u00e9cnico avan\u00e7ado.<\/li><li>Mostre ao cliente os resultados dos testes do produto. Ajude os clientes a testar a m\u00e1quina de acordo com diferentes moldes e requisitos do cliente.<\/li><li>Crie desenhos e desenhos em 3D de acordo com a necessidade do cliente, ajude os clientes a projetar o layout da planta.<\/li><li>Ajude os clientes a verificar o frete mar\u00edtimo, frete a\u00e9reo, etc., reduzindo os problemas do cliente.<\/li><li>Ajude os clientes a responder perguntas relacionadas \u00e0 m\u00e1quina<\/li><\/ul>    <ul class=\"wp-block-gallery columns-2 is-cropped wp-block-gallery-2 is-layout-flex wp-block-gallery-is-layout-flex\"><li class=\"blocks-gallery-item\"><figure><img loading=\"lazy\" decoding=\"async\" width=\"750\" height=\"563\" src=\"https:\/\/www.eggtraymaking.com\/wp-content\/uploads\/2019\/05\/Egg-tray-machine-service-2.jpg\" alt=\"\" data-id=\"1302\" data-link=\"https:\/\/www.eggtraymaking.com\/egg-tray-machine-services\/egg-tray-machine-service-2\/#main\" class=\"wp-image-1302\" srcset=\"https:\/\/www.eggtraymaking.com\/wp-content\/uploads\/2019\/05\/Egg-tray-machine-service-2.jpg 750w, https:\/\/www.eggtraymaking.com\/wp-content\/uploads\/2019\/05\/Egg-tray-machine-service-2-240x180.jpg 240w, https:\/\/www.eggtraymaking.com\/wp-content\/uploads\/2019\/05\/Egg-tray-machine-service-2-360x270.jpg 360w\" sizes=\"auto, (max-width: 750px) 100vw, 750px\" \/><\/figure><\/li><li class=\"blocks-gallery-item\"><figure><img loading=\"lazy\" decoding=\"async\" width=\"750\" height=\"563\" src=\"https:\/\/www.eggtraymaking.com\/wp-content\/uploads\/2019\/05\/Egg-tray-machine-service-4.jpg\" alt=\"\" data-id=\"1303\" data-link=\"https:\/\/www.eggtraymaking.com\/egg-tray-machine-services\/egg-tray-machine-service-4\/#main\" class=\"wp-image-1303\" srcset=\"https:\/\/www.eggtraymaking.com\/wp-content\/uploads\/2019\/05\/Egg-tray-machine-service-4.jpg 750w, https:\/\/www.eggtraymaking.com\/wp-content\/uploads\/2019\/05\/Egg-tray-machine-service-4-240x180.jpg 240w, https:\/\/www.eggtraymaking.com\/wp-content\/uploads\/2019\/05\/Egg-tray-machine-service-4-360x270.jpg 360w\" sizes=\"auto, (max-width: 750px) 100vw, 750px\" \/><\/figure><\/li><\/ul>    <h2 class=\"wp-block-heading\"><strong>P\u00f3s-vendas<\/strong><strong><\/strong><\/h2>    <ul class=\"wp-block-list\"><li>N\u00f3s organizaremos o transporte da m\u00e1quina e notificaremos o cliente sobre a mensagem log\u00edstica da m\u00e1quina em tempo h\u00e1bil.<\/li><li>Garantia de um ano, a m\u00e1quina possui qualquer pe\u00e7a que possa ser reparada.<\/li><li>Podemos ensinar os clientes a instalar atrav\u00e9s de v\u00eddeo.&nbsp;<\/li><li>Consulta T\u00e9cnica: Se voc\u00ea encontrar algum problema durante a opera\u00e7\u00e3o da m\u00e1quina, sinta-se \u00e0 vontade para nos contatar, n\u00f3s fornecemos instru\u00e7\u00f5es online em um dia \u00fatil regular, ou nosso pessoal profissional fornecer\u00e1 suporte t\u00e9cnico personalizado de acordo com sua situa\u00e7\u00e3o pr\u00e1tica.<\/li><li>Manuten\u00e7\u00e3o: Podemos oferecer a voc\u00ea orienta\u00e7\u00f5es de manuten\u00e7\u00e3o em detalhes atrav\u00e9s do envio de um cat\u00e1logo de produtos. Certifique-se de ter lido o manual do propriet\u00e1rio e siga os passos durante a opera\u00e7\u00e3o. A manuten\u00e7\u00e3o regular da m\u00e1quina pode prolongar a vida \u00fatil da m\u00e1quina, economizando assim seu investimento em reparos.<\/li><li>Componentes: Os componentes extras n\u00e3o s\u00e3o gratuitos, mas podemos garantir que todos os componentes s\u00e3o fabricados estritamente de acordo com os requisitos de um contrato e as normas nacionais relevantes sobre a exporta\u00e7\u00e3o de itens.<\/li><li>Podemos enviar nosso engenheiro e trabalhador para a cidade do cliente para instalar a m\u00e1quina.<\/li><li>Podemos ajudar os clientes a projetar o layout da planta.<\/li><\/ul>    <ul class=\"wp-block-gallery columns-2 is-cropped wp-block-gallery-3 is-layout-flex wp-block-gallery-is-layout-flex\"><li class=\"blocks-gallery-item\"><figure><img loading=\"lazy\" decoding=\"async\" width=\"750\" height=\"440\" src=\"https:\/\/www.eggtraymaking.com\/wp-content\/uploads\/2019\/05\/Egg-tray-machine-service-5.jpg\" alt=\"\" data-id=\"1304\" data-link=\"https:\/\/www.eggtraymaking.com\/egg-tray-machine-services\/egg-tray-machine-service-5\/#main\" class=\"wp-image-1304\" srcset=\"https:\/\/www.eggtraymaking.com\/wp-content\/uploads\/2019\/05\/Egg-tray-machine-service-5.jpg 750w, https:\/\/www.eggtraymaking.com\/wp-content\/uploads\/2019\/05\/Egg-tray-machine-service-5-360x211.jpg 360w\" sizes=\"auto, (max-width: 750px) 100vw, 750px\" \/><\/figure><\/li><li class=\"blocks-gallery-item\"><figure><img loading=\"lazy\" decoding=\"async\" width=\"750\" height=\"451\" src=\"https:\/\/www.eggtraymaking.com\/wp-content\/uploads\/2019\/05\/Egg-tray-machine-service-1.jpg\" alt=\"\" data-id=\"1301\" data-link=\"https:\/\/www.eggtraymaking.com\/egg-tray-machine-services\/egg-tray-machine-service-1\/#main\" class=\"wp-image-1301\" srcset=\"https:\/\/www.eggtraymaking.com\/wp-content\/uploads\/2019\/05\/Egg-tray-machine-service-1.jpg 750w, https:\/\/www.eggtraymaking.com\/wp-content\/uploads\/2019\/05\/Egg-tray-machine-service-1-360x216.jpg 360w\" sizes=\"auto, (max-width: 750px) 100vw, 750px\" \/><\/figure><\/li><\/ul>","protected":false},"excerpt":{"rendered":"<p>Before-sales We provide professional egg tray\u00a0machine information, qualified product quality, and advanced technical support. Show the customer the test results of the product. Help customers test the machine according to different mold and customer requirements. Create drawings and 3D drawings according to customer need, help customers design plant layout. Help customers check sea freight, air [&hellip;]<\/p>\n","protected":false},"author":1,"featured_media":0,"parent":0,"menu_order":0,"comment_status":"closed","ping_status":"closed","template":"","meta":{"footnotes":""},"class_list":["post-729","page","type-page","status-publish","hentry"],"_links":{"self":[{"href":"https:\/\/www.eggtraymaking.com\/pt\/wp-json\/wp\/v2\/pages\/729","targetHints":{"allow":["GET"]}}],"collection":[{"href":"https:\/\/www.eggtraymaking.com\/pt\/wp-json\/wp\/v2\/pages"}],"about":[{"href":"https:\/\/www.eggtraymaking.com\/pt\/wp-json\/wp\/v2\/types\/page"}],"author":[{"embeddable":true,"href":"https:\/\/www.eggtraymaking.com\/pt\/wp-json\/wp\/v2\/users\/1"}],"replies":[{"embeddable":true,"href":"https:\/\/www.eggtraymaking.com\/pt\/wp-json\/wp\/v2\/comments?post=729"}],"version-history":[{"count":0,"href":"https:\/\/www.eggtraymaking.com\/pt\/wp-json\/wp\/v2\/pages\/729\/revisions"}],"wp:attachment":[{"href":"https:\/\/www.eggtraymaking.com\/pt\/wp-json\/wp\/v2\/media?parent=729"}],"curies":[{"name":"wp","href":"https:\/\/api.w.org\/{rel}","templated":true}]}}