{"id":3,"date":"2019-05-06T02:03:06","date_gmt":"2019-05-06T02:03:06","guid":{"rendered":"https:\/\/www.dry-ice-machine.com\/?page_id=3"},"modified":"2019-05-22T02:07:22","modified_gmt":"2019-05-22T02:07:22","slug":"privacy-policy","status":"publish","type":"page","link":"https:\/\/www.eggtraymaking.com\/pt\/privacy-policy\/","title":{"rendered":"Pol\u00edtica de Privacidade"},"content":{"rendered":"<h2 class=\"wp-block-heading\">quem somos?<\/h2>    <p>N\u00f3s somos a zhengzhou shuliy machinery co., LTD.<\/p>    <h2 class=\"wp-block-heading\">Respeitamos a sua privacidade<\/h2>    <p>Na Shuliy Machinery, respeitamos a sua privacidade. N\u00e3o compartilhamos nenhum dado enviado, incluindo nossas informa\u00e7\u00f5es de e-mail ou lista de mala direta, com ningu\u00e9m, exceto com a equipe da Shuliy Machinery. N\u00e3o vendemos, nem venderemos, nem alugamos qualquer informa\u00e7\u00e3o pessoal a ningu\u00e9m.<\/p>    <h2 class=\"wp-block-heading\">Que informa\u00e7\u00f5es coletamos?<\/h2>    <p>Coletamos informa\u00e7\u00f5es suas quando voc\u00ea preenche um formul\u00e1rio.<\/p>    <p>Ao solicitar um or\u00e7amento ou solu\u00e7\u00e3o em nosso site, quando apropriado, voc\u00ea pode ser solicitado a inserir seu: nome, endere\u00e7o de e-mail, endere\u00e7o de correspond\u00eancia ou n\u00famero de telefone. No entanto, voc\u00ea pode visitar nosso site anonimamente. <\/p>    <h2 class=\"wp-block-heading\">Para que usamos suas informa\u00e7\u00f5es?<\/h2>    <p>Qualquer uma das informa\u00e7\u00f5es que coletamos de voc\u00ea pode ser usada de uma das seguintes maneiras:<\/p>    <ul class=\"wp-block-list\"><li>Para personalizar sua experi\u00eancia<br>(suas informa\u00e7\u00f5es nos ajudam a responder melhor \u00e0s suas necessidades individuais)<\/li><li>Para enviar e-mails peri\u00f3dicos<br>O endere\u00e7o de e-mail que voc\u00ea fornece para o processamento do pedido ser\u00e1 usado apenas para enviar informa\u00e7\u00f5es e atualiza\u00e7\u00f5es relacionadas ao seu pedido.<\/li><\/ul>    <h5 class=\"wp-block-heading\">Usamos cookies?<\/h5>    <p>N\u00e3o. N\u00e3o salvamos nem lemos os cookies do usu\u00e1rio, sinta-se \u00e0 vontade para navegar. <\/p>    <h5 class=\"wp-block-heading\">Divulgamos alguma informa\u00e7\u00e3o para partes externas?<\/h5>    <p>N\u00e3o vendemos, trocamos ou transferimos de outra forma suas informa\u00e7\u00f5es pessoais identific\u00e1veis para partes externas. Isso n\u00e3o inclui terceiros de confian\u00e7a que nos auxiliam na opera\u00e7\u00e3o de nosso site, na condu\u00e7\u00e3o de nossos neg\u00f3cios ou no atendimento a voc\u00ea, desde que essas partes concordem em manter essas informa\u00e7\u00f5es confidenciais. Tamb\u00e9m podemos liberar suas informa\u00e7\u00f5es quando acreditamos que a libera\u00e7\u00e3o \u00e9 apropriada para cumprir a lei, fazer cumprir nossas pol\u00edticas do site ou proteger nossos direitos, propriedades ou seguran\u00e7a de outros. No entanto, informa\u00e7\u00f5es de visitantes n\u00e3o identific\u00e1veis pessoalmente podem ser fornecidas a outras partes para marketing, publicidade ou outros usos.<\/p>    <h5 class=\"wp-block-heading\">Pol\u00edtica de Privacidade Online Apenas<\/h5>    <p>Esta pol\u00edtica de privacidade online se aplica apenas \u00e0s informa\u00e7\u00f5es coletadas atrav\u00e9s de nosso site e n\u00e3o \u00e0s informa\u00e7\u00f5es coletadas offline.<\/p>    <h5 class=\"wp-block-heading\">Seu Consentimento<\/h5>    <p>Ao usar nosso site, voc\u00ea consente com nossa pol\u00edtica de privacidade do site.<\/p>","protected":false},"excerpt":{"rendered":"<p>who we are? We are zhengzhou shuliy machinery co., LTD. We Respect Your Privacy At Shuliy Machinery, we respect your privacy. We do not share any submitted data, including our email or mailing list information, with anyone except Shuliy Machinery staff. We do not, nor will we ever, sell or rent any personal information with [&hellip;]<\/p>\n","protected":false},"author":1,"featured_media":0,"parent":0,"menu_order":0,"comment_status":"closed","ping_status":"open","template":"","meta":{"footnotes":""},"class_list":["post-3","page","type-page","status-publish","hentry"],"_links":{"self":[{"href":"https:\/\/www.eggtraymaking.com\/pt\/wp-json\/wp\/v2\/pages\/3","targetHints":{"allow":["GET"]}}],"collection":[{"href":"https:\/\/www.eggtraymaking.com\/pt\/wp-json\/wp\/v2\/pages"}],"about":[{"href":"https:\/\/www.eggtraymaking.com\/pt\/wp-json\/wp\/v2\/types\/page"}],"author":[{"embeddable":true,"href":"https:\/\/www.eggtraymaking.com\/pt\/wp-json\/wp\/v2\/users\/1"}],"replies":[{"embeddable":true,"href":"https:\/\/www.eggtraymaking.com\/pt\/wp-json\/wp\/v2\/comments?post=3"}],"version-history":[{"count":0,"href":"https:\/\/www.eggtraymaking.com\/pt\/wp-json\/wp\/v2\/pages\/3\/revisions"}],"wp:attachment":[{"href":"https:\/\/www.eggtraymaking.com\/pt\/wp-json\/wp\/v2\/media?parent=3"}],"curies":[{"name":"wp","href":"https:\/\/api.w.org\/{rel}","templated":true}]}}