{"id":208,"date":"2019-05-13T03:23:08","date_gmt":"2019-05-13T03:23:08","guid":{"rendered":"https:\/\/www.dry-ice-machine.com\/?p=208"},"modified":"2025-05-23T08:47:16","modified_gmt":"2025-05-23T00:47:16","slug":"contact-us","status":"publish","type":"page","link":"https:\/\/www.eggtraymaking.com\/pt\/contact-us\/","title":{"rendered":"Entre em Contato Conosco"},"content":{"rendered":"<div class=\"wp-block-columns has-2-columns is-layout-flex wp-container-core-columns-is-layout-9d6595d7 wp-block-columns-is-layout-flex\"> <div class=\"wp-block-column is-layout-flow wp-block-column-is-layout-flow\"> <h2 class=\"wp-block-heading\" id=\"h-who-we-are\"><strong>Quem somos<\/strong><\/h2>    <p>A Shuliy Machinery Co., Ltd \u00e9 uma fabricante l\u00edder de m\u00e1quinas e equipamentos automatizados na China. Nossa empresa tem cerca de dez anos de experi\u00eancia na pesquisa e desenvolvimento de m\u00e1quinas para fabrica\u00e7\u00e3o de bandejas de ovos, com um rigoroso sistema de controle de qualidade e um servi\u00e7o p\u00f3s-venda abrangente.<\/p>    <p>Nossa empresa possui uma equipe de consultoria pr\u00e9-venda e servi\u00e7o p\u00f3s-venda que \u00e9 orientada internacionalmente. Se voc\u00ea deseja comprar nossos produtos ou se tiver algum problema ao usar as m\u00e1quinas, pode nos contatar online a qualquer momento. N\u00f3s responderemos com uma resposta profissional dentro de um dia \u00fatil.<\/p>    <p style=\"font-size:12px\" class=\"translation-block\"><em>*N\u00e3o lemos nem salvamos os cookies do usu\u00e1rio, sinta-se \u00e0 vontade para navegar. <br> *As informa\u00e7\u00f5es de contato que voc\u00ea envia s\u00e3o apenas para seu contato com a Shuliy. Voc\u00ea pode solicitar a remo\u00e7\u00e3o a qualquer momento.<\/em><\/p> <\/div> <\/div>    <h3 class=\"wp-block-heading\" id=\"h-other-ways-of-contact\"><strong>Outras formas de contato<\/strong><\/h3>    <ul class=\"contactlist\"> <li class=\"fa fa-envelope-o\">&nbsp;&nbsp;<a href=\"mailto:info@eggtraymaking.com\" style=\"color:black;\">Email: info@eggtraymaking.com<\/a><\/li><br> <li class=\"fa fa-phone\">&nbsp;&nbsp;<a href=\"tel: 8619139761487\">Telefone: 8619139761487 <\/a><\/li><br> \t<li class=\"fa fa-whatsapp\">&nbsp;&nbsp;<a href=\"https:\/\/api.whatsapp.com\/send?phone= 8619139761487\" target=\"_blank\" rel=\"noopener\" data-no-translation=\"\">WhatsApp: 8619139761487<\/a> <\/li><br> \t<li class=\"fa fa-wechat\">&nbsp;&nbsp;WeChat: 8619139761487<\/li><br> \t<li class=\"fa fa-map\">&nbsp;&nbsp;Endere\u00e7o: No.1394 East Hanghai Road, \u00c1rea de Desenvolvimento Econ\u00f4mico e Tecnol\u00f3gico, Zhengzhou, China<\/li> <\/ul>","protected":false},"excerpt":{"rendered":"<p>Who we are Shuliy Machinery Co., Ltd company is a leading manufacturer of automated machinery and equipment in China. Our company has about ten years of experience in the research and development field of egg tray making machines with a strict quality control system and comprehensive after-sales service. Our company has a pre-sales consulting and [&hellip;]<\/p>\n","protected":false},"author":1,"featured_media":0,"parent":0,"menu_order":0,"comment_status":"closed","ping_status":"closed","template":"","meta":{"footnotes":""},"class_list":["post-208","page","type-page","status-publish","hentry"],"_links":{"self":[{"href":"https:\/\/www.eggtraymaking.com\/pt\/wp-json\/wp\/v2\/pages\/208","targetHints":{"allow":["GET"]}}],"collection":[{"href":"https:\/\/www.eggtraymaking.com\/pt\/wp-json\/wp\/v2\/pages"}],"about":[{"href":"https:\/\/www.eggtraymaking.com\/pt\/wp-json\/wp\/v2\/types\/page"}],"author":[{"embeddable":true,"href":"https:\/\/www.eggtraymaking.com\/pt\/wp-json\/wp\/v2\/users\/1"}],"replies":[{"embeddable":true,"href":"https:\/\/www.eggtraymaking.com\/pt\/wp-json\/wp\/v2\/comments?post=208"}],"version-history":[{"count":0,"href":"https:\/\/www.eggtraymaking.com\/pt\/wp-json\/wp\/v2\/pages\/208\/revisions"}],"wp:attachment":[{"href":"https:\/\/www.eggtraymaking.com\/pt\/wp-json\/wp\/v2\/media?parent=208"}],"curies":[{"name":"wp","href":"https:\/\/api.w.org\/{rel}","templated":true}]}}