{"id":9369,"date":"2025-09-02T14:18:41","date_gmt":"2025-09-02T06:18:41","guid":{"rendered":"https:\/\/www.eggtraymaking.com\/?post_type=product&#038;p=9369"},"modified":"2025-09-15T16:17:29","modified_gmt":"2025-09-15T08:17:29","slug":"pulp-bedpan-making-machine","status":"publish","type":"product","link":"https:\/\/www.eggtraymaking.com\/fr\/pulp-bedpan-making-machine\/","title":{"rendered":"Machine \u00e0 fabriquer des bassins de pulpe"},"content":{"rendered":"<p class=\"translation-block\">La machine de fabrication de bassins de lit en p\u00e2te utilise la technologie de moulage de p\u00e2te pour produire <strong><a href=\"https:\/\/en.wikipedia.org\/wiki\/Bedpan\" target=\"_blank\" rel=\"noopener\">des bassins de lit jetables<\/a><\/strong>, couramment utilis\u00e9s dans les h\u00f4pitaux, les maisons de retraite et les \u00e9tablissements de soins.<\/p>    <figure class=\"wp-block-embed is-type-video is-provider-youtube wp-block-embed-youtube wp-embed-aspect-16-9 wp-has-aspect-ratio\"><div class=\"wp-block-embed__wrapper\"> <iframe loading=\"lazy\" title=\"Machine de formage de cuvette en pulpe jetable\" width=\"500\" height=\"281\" src=\"https:\/\/www.youtube.com\/embed\/eGJr7ye_-K0?feature=oembed\" frameborder=\"0\" allow=\"accelerometer; autoplay; clipboard-write; encrypted-media; gyroscope; picture-in-picture; web-share\" referrerpolicy=\"strict-origin-when-cross-origin\" allowfullscreen><\/iframe> <\/div><\/figure>    <p>Les bassins de lit jetables sont fabriqu\u00e9s \u00e0 partir de vieux papiers, de p\u00e2te de bois, de bagasse, de p\u00e2te de bambou, de p\u00e2te d'herbe et de cartons ou bo\u00eetes en papier recycl\u00e9s. Ils sont \u00e9conomiques, propres, faciles \u00e0 manipuler et biod\u00e9gradables, ce qui les rend respectueux de l'environnement.<\/p>    <p class=\"translation-block\">Les bassins de lit produits par les machines Shuliy ont une structure dense et peuvent supporter <strong><em>1 \u00e0 1,5 kg<\/em><\/strong> de d\u00e9chets. Ils peuvent contenir des liquides pendant<strong><em> 4 \u00e0 6 heures <\/em><\/strong>sans fuir ni s'affaisser.<\/p>    <p class=\"translation-block\">Cette machine a une capacit\u00e9 de production de <strong><em>1 000 \u00e0 7 000 pi\u00e8ces\/heure<\/em><\/strong> et peut \u00eatre int\u00e9gr\u00e9e \u00e0 une ligne de production compl\u00e8te de bassins de lit. Si cette activit\u00e9 vous int\u00e9resse, vous pouvez consulter Shuliy pour un plan de production. Nous pouvons fournir des bassins de lit de la taille et de la forme dont vous avez besoin.<\/p>   <div class=\"wp-block-image\"> <figure class=\"aligncenter size-full\"><img loading=\"lazy\" decoding=\"async\" width=\"720\" height=\"540\" src=\"https:\/\/www.eggtraymaking.com\/wp-content\/uploads\/2025\/07\/Assembling-Shoe-Tray-Making-Machine.webp\" alt=\"Machine de fabrication de ramasse-couche jetable\" class=\"wp-image-9219\" srcset=\"https:\/\/www.eggtraymaking.com\/wp-content\/uploads\/2025\/07\/Assembling-Shoe-Tray-Making-Machine.webp 720w, https:\/\/www.eggtraymaking.com\/wp-content\/uploads\/2025\/07\/Assembling-Shoe-Tray-Making-Machine-360x270.webp 360w, https:\/\/www.eggtraymaking.com\/wp-content\/uploads\/2025\/07\/Assembling-Shoe-Tray-Making-Machine-240x180.webp 240w, https:\/\/www.eggtraymaking.com\/wp-content\/uploads\/2025\/07\/Assembling-Shoe-Tray-Making-Machine-16x12.webp 16w\" sizes=\"auto, (max-width: 720px) 100vw, 720px\" \/><figcaption class=\"wp-element-caption\">Machine de fabrication de ramasse-couche jetable<\/figcaption><\/figure> <\/div>   <h2 class=\"wp-block-heading\">Principe de fonctionnement de la machine de fabrication de bassins de lit jetables<\/h2>    <p>La machine de fabrication de bassins de lit jetables traite d'abord les vieux papiers ou cartons via un syst\u00e8me de pr\u00e9paration de p\u00e2te pour cr\u00e9er une boue de p\u00e2te uniforme. La boue est ensuite form\u00e9e sur des moules par aspiration sous vide et pressage, produisant des \u00e9bauches de bassins de lit humides.<\/p>    <p>Ensuite, la machine d\u00e9moule automatiquement les \u00e9bauches et \u00e9limine l'humidit\u00e9 via un syst\u00e8me de s\u00e9chage. Enfin, les bassins de lit sont soumis \u00e0 un pressage \u00e0 chaud et \u00e0 une d\u00e9coupe pour obtenir la taille standard et des surfaces lisses, ce qui donne des bassins de lit jetables finis.<\/p>   <div class=\"wp-block-image\"> <figure class=\"aligncenter size-full\"><img loading=\"lazy\" decoding=\"async\" width=\"720\" height=\"540\" src=\"https:\/\/www.eggtraymaking.com\/wp-content\/uploads\/2025\/06\/egg-tray-making-process.webp\" alt=\"Flux de travail de la production de bassins de lit jetables\" class=\"wp-image-9144\" srcset=\"https:\/\/www.eggtraymaking.com\/wp-content\/uploads\/2025\/06\/egg-tray-making-process.webp 720w, https:\/\/www.eggtraymaking.com\/wp-content\/uploads\/2025\/06\/egg-tray-making-process-360x270.webp 360w, https:\/\/www.eggtraymaking.com\/wp-content\/uploads\/2025\/06\/egg-tray-making-process-240x180.webp 240w, https:\/\/www.eggtraymaking.com\/wp-content\/uploads\/2025\/06\/egg-tray-making-process-16x12.webp 16w\" sizes=\"auto, (max-width: 720px) 100vw, 720px\" \/><figcaption class=\"wp-element-caption\">Flux de travail de la production de bassins de lit jetables<\/figcaption><\/figure> <\/div>   <h2 class=\"wp-block-heading\">Structure principale de la machine de formage de bassins de lit jetables<\/h2>    <p class=\"translation-block\">La machine de formage de bassins de lit jetables se compose principalement d'un <strong><a href=\"https:\/\/www.eggtraymaking.com\/fr\/pulping-equipment\/\">syst\u00e8me de pr\u00e9paration de p\u00e2te<\/a><\/strong>, d'un syst\u00e8me de formage, d'un syst\u00e8me d'aspiration sous vide, d'un syst\u00e8me de commande \u00e9lectrique et de moules.<\/p>   <div class=\"wp-block-image\"> <figure class=\"aligncenter size-full\"><img loading=\"lazy\" decoding=\"async\" width=\"720\" height=\"540\" src=\"https:\/\/www.eggtraymaking.com\/wp-content\/uploads\/2019\/05\/Production-Structure-of-the-8-Side-Egg-Tray-Machine.webp\" alt=\"Structure principale de la machine de fabrication de bock\" class=\"wp-image-9263\" srcset=\"https:\/\/www.eggtraymaking.com\/wp-content\/uploads\/2019\/05\/Production-Structure-of-the-8-Side-Egg-Tray-Machine.webp 720w, https:\/\/www.eggtraymaking.com\/wp-content\/uploads\/2019\/05\/Production-Structure-of-the-8-Side-Egg-Tray-Machine-360x270.webp 360w, https:\/\/www.eggtraymaking.com\/wp-content\/uploads\/2019\/05\/Production-Structure-of-the-8-Side-Egg-Tray-Machine-240x180.webp 240w, https:\/\/www.eggtraymaking.com\/wp-content\/uploads\/2019\/05\/Production-Structure-of-the-8-Side-Egg-Tray-Machine-16x12.webp 16w\" sizes=\"auto, (max-width: 720px) 100vw, 720px\" \/><figcaption class=\"wp-element-caption\">Structure principale de la machine de fabrication de bock<\/figcaption><\/figure> <\/div>   <h2 class=\"wp-block-heading\">Caract\u00e9ristiques de la machine <\/h2>    <ul class=\"wp-block-list\"> <li>Haute automatisation, capable de production continue \u00e0 <strong><em>1 000\u20137 000 pcs\/heure<\/em><\/strong><\/li>    <li>Utilise de la p\u00e2te comme mati\u00e8re premi\u00e8re ; biod\u00e9gradable et respectueux de l'environnement<\/li>    <li>Jetables, pr\u00e9venant les infections crois\u00e9es<\/li>    <li>Moules interchangeables pour la production de diff\u00e9rentes tailles de produits de soins jetables (par exemple, des urinaux, des bassins de lit m\u00e9dicaux)<\/li>    <li>Enti\u00e8rement fabriqu\u00e9e en acier de haute qualit\u00e9 pour une utilisation durable<\/li>    <li>Contr\u00f4l\u00e9e par PLC et facile \u00e0 utiliser<\/li>    <li>Peut \u00eatre associ\u00e9e \u00e0 un s\u00e9choir pour former une ligne de production compl\u00e8te<\/li>    <li>Haute pr\u00e9cision de formage, avec une d\u00e9viation de la taille du produit dans<strong><em> \u00b11 mm <\/em><\/strong>et d'une \u00e9paisseur uniforme<\/li> <\/ul>    <figure class=\"wp-block-gallery has-nested-images columns-default is-cropped wp-block-gallery-2 is-layout-flex wp-block-gallery-is-layout-flex\"> <figure class=\"wp-block-image size-large\"><img loading=\"lazy\" decoding=\"async\" width=\"720\" height=\"540\" data-id=\"9302\" src=\"https:\/\/www.eggtraymaking.com\/wp-content\/uploads\/2025\/08\/Control-System.webp\" alt=\"Syst\u00e8me de contr\u00f4le\" class=\"wp-image-9302\" srcset=\"https:\/\/www.eggtraymaking.com\/wp-content\/uploads\/2025\/08\/Control-System.webp 720w, https:\/\/www.eggtraymaking.com\/wp-content\/uploads\/2025\/08\/Control-System-360x270.webp 360w, https:\/\/www.eggtraymaking.com\/wp-content\/uploads\/2025\/08\/Control-System-240x180.webp 240w, https:\/\/www.eggtraymaking.com\/wp-content\/uploads\/2025\/08\/Control-System-16x12.webp 16w\" sizes=\"auto, (max-width: 720px) 100vw, 720px\" \/><figcaption class=\"wp-element-caption\">Syst\u00e8me de contr\u00f4le<\/figcaption><\/figure>    <figure class=\"wp-block-image size-large\"><img loading=\"lazy\" decoding=\"async\" width=\"720\" height=\"540\" data-id=\"9305\" src=\"https:\/\/www.eggtraymaking.com\/wp-content\/uploads\/2025\/08\/Vacuum-pump.webp\" alt=\"Pompe \u00e0 vide\" class=\"wp-image-9305\" srcset=\"https:\/\/www.eggtraymaking.com\/wp-content\/uploads\/2025\/08\/Vacuum-pump.webp 720w, https:\/\/www.eggtraymaking.com\/wp-content\/uploads\/2025\/08\/Vacuum-pump-360x270.webp 360w, https:\/\/www.eggtraymaking.com\/wp-content\/uploads\/2025\/08\/Vacuum-pump-240x180.webp 240w, https:\/\/www.eggtraymaking.com\/wp-content\/uploads\/2025\/08\/Vacuum-pump-16x12.webp 16w\" sizes=\"auto, (max-width: 720px) 100vw, 720px\" \/><figcaption class=\"wp-element-caption\">Pompe \u00e0 vide<\/figcaption><\/figure>    <figure class=\"wp-block-image size-large\"><img loading=\"lazy\" decoding=\"async\" width=\"720\" height=\"540\" data-id=\"9297\" src=\"https:\/\/www.eggtraymaking.com\/wp-content\/uploads\/2025\/08\/Pulping-machine-1.webp\" alt=\"Machine \u00e0 pulper\" class=\"wp-image-9297\" srcset=\"https:\/\/www.eggtraymaking.com\/wp-content\/uploads\/2025\/08\/Pulping-machine-1.webp 720w, https:\/\/www.eggtraymaking.com\/wp-content\/uploads\/2025\/08\/Pulping-machine-1-360x270.webp 360w, https:\/\/www.eggtraymaking.com\/wp-content\/uploads\/2025\/08\/Pulping-machine-1-240x180.webp 240w, https:\/\/www.eggtraymaking.com\/wp-content\/uploads\/2025\/08\/Pulping-machine-1-16x12.webp 16w\" sizes=\"auto, (max-width: 720px) 100vw, 720px\" \/><figcaption class=\"wp-element-caption\">Machine \u00e0 pulper<\/figcaption><\/figure> <\/figure>    <h2 class=\"wp-block-heading\">Secteurs d'application<\/h2>    <ul class=\"wp-block-list\"> <li>H\u00f4pitaux, cliniques et centres de r\u00e9adaptation<\/li>    <li>\u00c9tablissements de soins pour personnes \u00e2g\u00e9es et maisons de retraite<\/li>    <li>Centres de soins \u00e0 domicile et de soins de courte dur\u00e9e<\/li>    <li>\u00c9tablissements m\u00e9dicaux d'urgence et temporaires<\/li> <\/ul>    <h2 class=\"wp-block-heading\">Utilisateurs cibles<\/h2>    <ul class=\"wp-block-list\"> <li>Patients alit\u00e9s, personnes \u00e2g\u00e9es, femmes enceintes et post-partum, personnes handicap\u00e9es<\/li>    <li>Patients dans les h\u00f4pitaux et les \u00e9tablissements de soins<\/li>    <li>Personnes ayant des besoins urgents ou temporaires<\/li> <\/ul>    <h2 class=\"wp-block-heading\">Sp\u00e9cifications techniques de la machine de fabrication de bassins de lit en p\u00e2te<\/h2>    <figure class=\"wp-block-table\"><table class=\"has-fixed-layout\"><tbody><tr><td>Mod\u00e8le<\/td><td>Capacit\u00e9<\/td><td>Puissance<\/td><td>Tension<\/td><td>Poids<\/td><td>Utilisation de pulpe<\/td><td>Utilisation d'eau<\/td><td>Taille (mm)<\/td><\/tr><tr><td>SL-1000-3X1<\/td><td>1000 pcs\/h<\/td><td>38 kW<\/td><td>380V,50HZ<\/td><td>2500 kg<\/td><td>80kg\/h<\/td><td>160kg\/h<\/td><td>2600*2200*1900<\/td><\/tr><tr><td>SL-1500-4X1<\/td><td>1500pcs\/h<\/td><td>38 kW<\/td><td>380V,50HZ<\/td><td>3000kg<\/td><td>120kg\/h<\/td><td>240kg\/h<\/td><td>2800*2200*1900<\/td><\/tr><tr><td>SL-2500-3X4<\/td><td>2500pcs\/h<\/td><td>55kw<\/td><td>380V,50HZ<\/td><td>4000kg<\/td><td>200kg\/h<\/td><td>400kg\/h<\/td><td>2900*1800*1800<\/td><\/tr><tr><td>SL-3000-4X4<\/td><td>3000pcs\/h<\/td><td>60kw<\/td><td>380V,50HZ<\/td><td>4800kg<\/td><td>240kg\/h<\/td><td>480kg\/h<\/td><td>3250*1800*1800<\/td><\/tr><tr><td>SL-4000-4X8<\/td><td>4000pcs\/h<\/td><td>95kw<\/td><td>380V,50HZ<\/td><td>7000kg<\/td><td>320kg\/h<\/td><td>640kg\/h<\/td><td>3250*2300*2500<\/td><\/tr><tr><td>SL-5000-5X8<\/td><td>5000pcs\/h<\/td><td>95kw<\/td><td>380V,50HZ<\/td><td>8000kg<\/td><td>400kg\/h<\/td><td>800kg\/h<\/td><td>3700*2300*2500<\/td><\/tr><tr><td>SL-7000-6X8<\/td><td>7000pcs\/h<\/td><td>120kw<\/td><td>380V,50HZ<\/td><td>10000kg<\/td><td>480kg\/h<\/td><td>960kg\/h<\/td><td>3200*2300*2500<\/td><\/tr><\/tbody><\/table><\/figure>    <p>Ceux-ci sont nos mod\u00e8les standard. Pour des exigences suppl\u00e9mentaires, veuillez nous contacter.<\/p>   <div class=\"wp-block-image\"> <figure class=\"aligncenter size-full\"><img loading=\"lazy\" decoding=\"async\" width=\"720\" height=\"540\" src=\"https:\/\/www.eggtraymaking.com\/wp-content\/uploads\/2023\/08\/egg-tray-molding-machine.webp\" alt=\"Machine de formation de ramasse-couche jetable\" class=\"wp-image-9061\" srcset=\"https:\/\/www.eggtraymaking.com\/wp-content\/uploads\/2023\/08\/egg-tray-molding-machine.webp 720w, https:\/\/www.eggtraymaking.com\/wp-content\/uploads\/2023\/08\/egg-tray-molding-machine-360x270.webp 360w, https:\/\/www.eggtraymaking.com\/wp-content\/uploads\/2023\/08\/egg-tray-molding-machine-240x180.webp 240w\" sizes=\"auto, (max-width: 720px) 100vw, 720px\" \/><figcaption class=\"wp-element-caption\">Machine de formation de ramasse-couche jetable<\/figcaption><\/figure> <\/div>   <h2 class=\"wp-block-heading\">Ligne de production de bassins de lit jetables<\/h2>    <p>La ligne de production de bassins de lit jetables utilise des vieux papiers ou du carton comme mati\u00e8re premi\u00e8re. Gr\u00e2ce aux processus de pr\u00e9paration de p\u00e2te, de formage, de s\u00e9chage et de fa\u00e7onnage, elle produit en s\u00e9rie des bassins de lit en p\u00e2te jetables et \u00e9cologiques.<\/p>    <p>La ligne de production comprend g\u00e9n\u00e9ralement un syst\u00e8me de pr\u00e9paration de p\u00e2te, un syst\u00e8me de formage, un syst\u00e8me de s\u00e9chage et un syst\u00e8me de commande automatique.<\/p>    <figure class=\"wp-block-gallery has-nested-images columns-default is-cropped wp-block-gallery-3 is-layout-flex wp-block-gallery-is-layout-flex\"> <figure class=\"wp-block-image size-large\"><img loading=\"lazy\" decoding=\"async\" width=\"720\" height=\"540\" data-id=\"9372\" src=\"https:\/\/www.eggtraymaking.com\/wp-content\/uploads\/2025\/09\/3D-Diagram-of-the-Pulp-Molded-Tray-Production-Line.webp\" alt=\"Sch\u00e9ma 3D de la ligne de production de plateaux moul\u00e9s en pulpe\" class=\"wp-image-9372\" srcset=\"https:\/\/www.eggtraymaking.com\/wp-content\/uploads\/2025\/09\/3D-Diagram-of-the-Pulp-Molded-Tray-Production-Line.webp 720w, https:\/\/www.eggtraymaking.com\/wp-content\/uploads\/2025\/09\/3D-Diagram-of-the-Pulp-Molded-Tray-Production-Line-360x270.webp 360w, https:\/\/www.eggtraymaking.com\/wp-content\/uploads\/2025\/09\/3D-Diagram-of-the-Pulp-Molded-Tray-Production-Line-240x180.webp 240w, https:\/\/www.eggtraymaking.com\/wp-content\/uploads\/2025\/09\/3D-Diagram-of-the-Pulp-Molded-Tray-Production-Line-16x12.webp 16w\" sizes=\"auto, (max-width: 720px) 100vw, 720px\" \/><figcaption class=\"wp-element-caption\">Diagramme 3D de la ligne de production de barquettes moul\u00e9es en p\u00e2te<\/figcaption><\/figure>    <figure class=\"wp-block-image size-large\"><img loading=\"lazy\" decoding=\"async\" width=\"720\" height=\"540\" data-id=\"9262\" src=\"https:\/\/www.eggtraymaking.com\/wp-content\/uploads\/2019\/05\/Factory-Images-of-Large-Scale-8-Side-Egg-Tray-Production-Line.webp\" alt=\"Ligne de production de bassins de lit jetables\" class=\"wp-image-9262\" srcset=\"https:\/\/www.eggtraymaking.com\/wp-content\/uploads\/2019\/05\/Factory-Images-of-Large-Scale-8-Side-Egg-Tray-Production-Line.webp 720w, https:\/\/www.eggtraymaking.com\/wp-content\/uploads\/2019\/05\/Factory-Images-of-Large-Scale-8-Side-Egg-Tray-Production-Line-360x270.webp 360w, https:\/\/www.eggtraymaking.com\/wp-content\/uploads\/2019\/05\/Factory-Images-of-Large-Scale-8-Side-Egg-Tray-Production-Line-240x180.webp 240w, https:\/\/www.eggtraymaking.com\/wp-content\/uploads\/2019\/05\/Factory-Images-of-Large-Scale-8-Side-Egg-Tray-Production-Line-16x12.webp 16w\" sizes=\"auto, (max-width: 720px) 100vw, 720px\" \/><figcaption class=\"wp-element-caption\">Ligne de production de bassins de lit jetables<\/figcaption><\/figure> <\/figure>    <h2 class=\"wp-block-heading\">Caract\u00e9ristiques des bassins de lit jetables les plus vendus<\/h2>    <ul class=\"wp-block-list\"> <li>Robuste et durable : Fabriqu\u00e9 \u00e0 partir de p\u00e2te haute densit\u00e9, de structure dense, r\u00e9sistant \u00e0 la d\u00e9formation et pouvant supporter 1 \u00e0 1,5 kg<\/li>    <li>R\u00e9sistant aux liquides : Peut contenir des liquides (par exemple, urine, d\u00e9sinfectant) pendant 4 \u00e0 6 heures sans fuir ni s'affaisser<\/li>    <li>Hygi\u00e9nique et s\u00fbr : Conforme aux normes d'hygi\u00e8ne m\u00e9dicale ; largement utilis\u00e9 dans les h\u00f4pitaux, les maisons de retraite et les centres de soins<\/li>    <li>\u00c9cologique et biod\u00e9gradable : Se d\u00e9compose naturellement apr\u00e8s utilisation ou peut \u00eatre \u00e9limin\u00e9 comme d\u00e9chet combustible, ne causant aucune pollution secondaire<\/li>    <li>L\u00e9ger et confortable : Conception ergonomique avec des bords lisses ; facile \u00e0 manipuler et \u00e0 utiliser pour les soignants<\/li>    <li>Hautement compatible : Peut \u00eatre utilis\u00e9 avec des barquettes de soins jetables, des urinaux et d'autres produits connexes<\/li>    <li>Dur\u00e9e de conservation : Peut \u00eatre conserv\u00e9 1 \u00e0 2 ans dans un environnement sec<\/li> <\/ul>    <figure class=\"wp-block-gallery has-nested-images columns-default is-cropped wp-block-gallery-4 is-layout-flex wp-block-gallery-is-layout-flex\"> <figure class=\"wp-block-image size-large\"><img loading=\"lazy\" decoding=\"async\" width=\"720\" height=\"540\" data-id=\"9373\" src=\"https:\/\/www.eggtraymaking.com\/wp-content\/uploads\/2025\/09\/Bedpan-Molds.webp\" alt=\"Moules de bassins de lit\" class=\"wp-image-9373\" srcset=\"https:\/\/www.eggtraymaking.com\/wp-content\/uploads\/2025\/09\/Bedpan-Molds.webp 720w, https:\/\/www.eggtraymaking.com\/wp-content\/uploads\/2025\/09\/Bedpan-Molds-360x270.webp 360w, https:\/\/www.eggtraymaking.com\/wp-content\/uploads\/2025\/09\/Bedpan-Molds-240x180.webp 240w, https:\/\/www.eggtraymaking.com\/wp-content\/uploads\/2025\/09\/Bedpan-Molds-16x12.webp 16w\" sizes=\"auto, (max-width: 720px) 100vw, 720px\" \/><figcaption class=\"wp-element-caption\">Moules de bassins de lit<\/figcaption><\/figure>    <figure class=\"wp-block-image size-full\"><img loading=\"lazy\" decoding=\"async\" width=\"720\" height=\"540\" data-id=\"9376\" src=\"https:\/\/www.eggtraymaking.com\/wp-content\/uploads\/2025\/09\/Various-Types-of-Disposable-Bedpans.webp\" alt=\"Divers types de pots de chambre jetables\" class=\"wp-image-9376\" srcset=\"https:\/\/www.eggtraymaking.com\/wp-content\/uploads\/2025\/09\/Various-Types-of-Disposable-Bedpans.webp 720w, https:\/\/www.eggtraymaking.com\/wp-content\/uploads\/2025\/09\/Various-Types-of-Disposable-Bedpans-360x270.webp 360w, https:\/\/www.eggtraymaking.com\/wp-content\/uploads\/2025\/09\/Various-Types-of-Disposable-Bedpans-240x180.webp 240w, https:\/\/www.eggtraymaking.com\/wp-content\/uploads\/2025\/09\/Various-Types-of-Disposable-Bedpans-16x12.webp 16w\" sizes=\"auto, (max-width: 720px) 100vw, 720px\" \/><figcaption class=\"wp-element-caption\">Diff\u00e9rents types de bassins de lit jetables<\/figcaption><\/figure> <\/figure>    <h2 class=\"wp-block-heading\">Pourquoi les h\u00f4pitaux utilisent-ils des bassins de lit jetables ?<\/h2>    <ul class=\"wp-block-list\"> <li>Avec l'am\u00e9lioration des normes de soins de sant\u00e9, de plus en plus d'h\u00f4pitaux remplacent les bassins de lit traditionnels en plastique ou en m\u00e9tal par des bassins de lit jetables en p\u00e2te.<\/li>    <li>Pr\u00e9venir les infections crois\u00e9es : Les bassins de lit traditionnels n\u00e9cessitent un nettoyage et une d\u00e9sinfection, mais des r\u00e9sidus bact\u00e9riens et des risques d'infection crois\u00e9e subsistent.<\/li>    <li>\u00c9conomiser du travail et du temps : Les bassins de lit jetables r\u00e9duisent consid\u00e9rablement la charge de travail du personnel infirmier et am\u00e9liorent l'efficacit\u00e9.<\/li>    <li>Am\u00e9liorer le confort du patient : Les bassins de lit en p\u00e2te l\u00e9gers et \u00e0 bords lisses sont particuli\u00e8rement adapt\u00e9s aux patients alit\u00e9s et aux personnes \u00e2g\u00e9es.<\/li>    <li>Respectueux de l'environnement et conforme : Fabriqu\u00e9 \u00e0 partir de mat\u00e9riaux biod\u00e9gradables ; peut \u00eatre incin\u00e9r\u00e9 ou se d\u00e9composer naturellement sans pollution \u00e0 long terme des d\u00e9chets m\u00e9dicaux, respectant les r\u00e9glementations modernes en mati\u00e8re de d\u00e9chets m\u00e9dicaux et d'environnement.<\/li>    <li>Pratique pour une utilisation d'urgence et \u00e0 grande \u00e9chelle : Id\u00e9al pour un d\u00e9ploiement rapide et \u00e0 grande \u00e9chelle lors de pand\u00e9mies, de secours en cas de catastrophe ou de traitements m\u00e9dicaux de masse.<\/li> <\/ul>   <div class=\"wp-block-image\"> <figure class=\"aligncenter size-full\"><img loading=\"lazy\" decoding=\"async\" width=\"720\" height=\"540\" src=\"https:\/\/www.eggtraymaking.com\/wp-content\/uploads\/2025\/09\/Bedpan.webp\" alt=\"Urinoir\" class=\"wp-image-9374\" srcset=\"https:\/\/www.eggtraymaking.com\/wp-content\/uploads\/2025\/09\/Bedpan.webp 720w, https:\/\/www.eggtraymaking.com\/wp-content\/uploads\/2025\/09\/Bedpan-360x270.webp 360w, https:\/\/www.eggtraymaking.com\/wp-content\/uploads\/2025\/09\/Bedpan-240x180.webp 240w, https:\/\/www.eggtraymaking.com\/wp-content\/uploads\/2025\/09\/Bedpan-16x12.webp 16w\" sizes=\"auto, (max-width: 720px) 100vw, 720px\" \/><figcaption class=\"wp-element-caption\">Urinoir<\/figcaption><\/figure> <\/div>   <h2 class=\"wp-block-heading\">Pourquoi choisir Shuliy ?<\/h2>    <ul class=\"wp-block-list\"> <li>Technologie avanc\u00e9e : Utilise la technologie de formage par pressage \u00e0 chaud pour produire efficacement et de mani\u00e8re stable des bassins de lit de diff\u00e9rentes tailles et formes.<\/li>    <li>Mat\u00e9riaux durables : cadre de la machine en<strong><em>f Q345 <\/em><\/strong>acier au carbone \u2013 robuste, soudable et rentable.<\/li>    <li>Moules de haute qualit\u00e9 : Moules disponibles en acier 45# ou en aluminium (l'aluminium est plus abordable).<\/li>    <li>Transmission fiable : Les pi\u00e8ces mobiles cl\u00e9s sont fabriqu\u00e9es en acier 40Cr \u00e0 haute r\u00e9sistance pour un fonctionnement stable \u00e0 long terme.<\/li>    <li>Composants r\u00e9sistants \u00e0 la corrosion : La goulotte d'alimentation et la sortie de p\u00e2te sont g\u00e9n\u00e9ralement fabriqu\u00e9es en acier inoxydable SS304.<\/li>    <li>Support international complet : Comprend l'installation, des tutoriels vid\u00e9o complets et une assistance technique.<\/li>    <li>Exp\u00e9rience et reconnaissance : Plus de 10 ans d'exp\u00e9rience en R&amp;D, soutenue par le gouvernement et les h\u00f4pitaux.<\/li>    <li>Certifications :<strong><em> TUV, SGS, CE, ISO9001<\/em><\/strong><\/li>    <li>Garantie : 12 mois<\/li>    <li>Personnalisable : L'alimentation \u00e9lectrique, la tension, les fiches et les moules peuvent \u00eatre personnalis\u00e9s.<\/li>    <li>Production polyvalente : Peut \u00e9galement produire des articles compl\u00e9mentaires tels que des haricots, des bassins de lit pour patients et des urinaux.<\/li> <\/ul>   <div class=\"wp-block-image\"> <figure class=\"aligncenter size-full\"><img loading=\"lazy\" decoding=\"async\" width=\"720\" height=\"540\" src=\"https:\/\/www.eggtraymaking.com\/wp-content\/uploads\/2019\/06\/Our-partners.webp\" alt=\"Nos partenaires\" class=\"wp-image-9342\" srcset=\"https:\/\/www.eggtraymaking.com\/wp-content\/uploads\/2019\/06\/Our-partners.webp 720w, https:\/\/www.eggtraymaking.com\/wp-content\/uploads\/2019\/06\/Our-partners-360x270.webp 360w, https:\/\/www.eggtraymaking.com\/wp-content\/uploads\/2019\/06\/Our-partners-240x180.webp 240w, https:\/\/www.eggtraymaking.com\/wp-content\/uploads\/2019\/06\/Our-partners-16x12.webp 16w\" sizes=\"auto, (max-width: 720px) 100vw, 720px\" \/><figcaption class=\"wp-element-caption\">Nos partenaires<\/figcaption><\/figure> <\/div>   <p>Si nos machines vous int\u00e9ressent, veuillez nous contacter via la fen\u00eatre contextuelle pour une consultation.<\/p>","protected":false},"excerpt":{"rendered":"<p>La machine de fabrication de cuvettes hygi\u00e9niques en p\u00e2te utilise la technologie de moulage de p\u00e2te pour produire des cuvettes hygi\u00e9niques jetables, couramment utilis\u00e9es dans les h\u00f4pitaux, les maisons de retraite et les \u00e9tablissements de soins.<\/p>","protected":false},"author":1,"featured_media":9377,"parent":0,"template":"","tags":[490],"product-type":[451],"class_list":["post-9369","product","type-product","status-publish","has-post-thumbnail","hentry","tag-pulp-bedpan-making-machine","product-type-pulp-molding-machine"],"_links":{"self":[{"href":"https:\/\/www.eggtraymaking.com\/fr\/wp-json\/wp\/v2\/product\/9369","targetHints":{"allow":["GET"]}}],"collection":[{"href":"https:\/\/www.eggtraymaking.com\/fr\/wp-json\/wp\/v2\/product"}],"about":[{"href":"https:\/\/www.eggtraymaking.com\/fr\/wp-json\/wp\/v2\/types\/product"}],"author":[{"embeddable":true,"href":"https:\/\/www.eggtraymaking.com\/fr\/wp-json\/wp\/v2\/users\/1"}],"wp:featuredmedia":[{"embeddable":true,"href":"https:\/\/www.eggtraymaking.com\/fr\/wp-json\/wp\/v2\/media\/9377"}],"wp:attachment":[{"href":"https:\/\/www.eggtraymaking.com\/fr\/wp-json\/wp\/v2\/media?parent=9369"}],"wp:term":[{"taxonomy":"post_tag","embeddable":true,"href":"https:\/\/www.eggtraymaking.com\/fr\/wp-json\/wp\/v2\/tags?post=9369"},{"taxonomy":"product-type","embeddable":true,"href":"https:\/\/www.eggtraymaking.com\/fr\/wp-json\/wp\/v2\/product-type?post=9369"}],"curies":[{"name":"wp","href":"https:\/\/api.w.org\/{rel}","templated":true}]}}