{"id":9166,"date":"2025-06-24T17:18:16","date_gmt":"2025-06-24T09:18:16","guid":{"rendered":"https:\/\/www.eggtraymaking.com\/?post_type=product&#038;p=9166"},"modified":"2025-07-17T16:54:59","modified_gmt":"2025-07-17T08:54:59","slug":"pulp-wine-tray-making-machine","status":"publish","type":"product","link":"https:\/\/www.eggtraymaking.com\/fr\/pulp-wine-tray-making-machine\/","title":{"rendered":"Machine de fabrication de plateaux \u00e0 vin en pulpe | Machine de fabrication de plateaux d'emballage pour vin"},"content":{"rendered":"<p>Une machine \u00e0 fabriquer des plateaux \u00e0 vin en pulpe est un \u00e9quipement industriel con\u00e7u pour produire des plateaux \u00e0 vin en pulpe moul\u00e9e. Elle utilise des proc\u00e9d\u00e9s tels que le formage sous vide, le pressage et le s\u00e9chage pour fa\u00e7onner la pulpe en diff\u00e9rents designs de plateaux.<\/p>    <p>Les plateaux \u00e0 vin en pulpe sont des mat\u00e9riaux d'emballage \u00e9cologiques fabriqu\u00e9s \u00e0 partir de papier recycl\u00e9, de cartons et de mat\u00e9riaux similaires, utilisant la technologie de moulage en pulpe. Compar\u00e9s aux emballages en mousse traditionnels, les plateaux \u00e0 vin en pulpe sont plus respectueux de l'environnement, biod\u00e9gradables et offrent un bon amortissement, ce qui en fait un meilleur choix pour les besoins modernes d'emballage \u00e9cologique. <\/p>    <p class=\"translation-block\">Cette machine de fabrication d'emballages de vin joue un r\u00f4le important dans les lignes de production d'emballages \u00e9cologiques modernes, et convient particuli\u00e8rement \u00e0 la fabrication de plateaux pour bouteilles en verre telles que le <strong>vin, le champagne<\/strong> et les <strong>spiritueux<\/strong>.<\/p>    <p class=\"translation-block\">Shuliy propose <strong><em>7 <\/em><\/strong>mod\u00e8les de machines de moulage de pulpe avec une capacit\u00e9 de <strong><em>1 000 \u00e0 7 000 pi\u00e8ces\/h,<\/em><\/strong> exportant plus de <strong><em>50 <\/em><\/strong>unit\u00e9s par an.<\/p>    <figure class=\"wp-block-image size-full is-resized\"><img loading=\"lazy\" decoding=\"async\" width=\"720\" height=\"540\" src=\"https:\/\/www.eggtraymaking.com\/wp-content\/uploads\/2025\/06\/Pulp-Wine-Tray-Making-Machine.jpg\" alt=\"Machine de fabrication de plateaux \u00e0 vin en pulpe\" class=\"wp-image-9172\" style=\"width:840px;height:auto\" srcset=\"https:\/\/www.eggtraymaking.com\/wp-content\/uploads\/2025\/06\/Pulp-Wine-Tray-Making-Machine.jpg 720w, https:\/\/www.eggtraymaking.com\/wp-content\/uploads\/2025\/06\/Pulp-Wine-Tray-Making-Machine-360x270.jpg 360w, https:\/\/www.eggtraymaking.com\/wp-content\/uploads\/2025\/06\/Pulp-Wine-Tray-Making-Machine-240x180.jpg 240w, https:\/\/www.eggtraymaking.com\/wp-content\/uploads\/2025\/06\/Pulp-Wine-Tray-Making-Machine-16x12.jpg 16w\" sizes=\"auto, (max-width: 720px) 100vw, 720px\" \/><figcaption class=\"wp-element-caption\">Machine de fabrication de plateaux \u00e0 vin en pulpe<\/figcaption><\/figure>    <h2 class=\"wp-block-heading\">Structure principale de la machine \u00e0 fabriquer des plateaux \u00e0 vin en pulpe<\/h2>    <p class=\"translation-block\">La machine de fabrication de plateaux \u00e0 vin en pulpe comprend principalement le <strong><em>syst\u00e8me de mise en pulpe, le syst\u00e8me de formage, le syst\u00e8me de s\u00e9chage et le syst\u00e8me d'emballage.<\/em><\/strong><\/p>    <ul class=\"wp-block-list\"> <li><strong><em>Syst\u00e8me de pulpage :<\/em><\/strong> Cela comprend un pulpeur, un r\u00e9servoir d'eau et un m\u00e9langeur. Il m\u00e9lange du papier usag\u00e9 avec de l'eau pour cr\u00e9er une pulpe lisse. Il est connect\u00e9 \u00e0 un dispositif de contr\u00f4le de concentration de pulpe.<\/li>    <li><em><strong>Syst\u00e8me de formation :<\/strong> <\/em>Cela utilise des moules \u00e0 aspiration pour fa\u00e7onner la pulpe sous pression n\u00e9gative. Le moule se compose de parties sup\u00e9rieure et inf\u00e9rieure, qui peuvent \u00eatre rapidement chang\u00e9es pour s'adapter \u00e0 diff\u00e9rents plateaux de bouteilles de vin. L'entra\u00eenement de formation peut \u00eatre hydraulique ou pneumatique.<\/li>    <li><strong><em>Syst\u00e8me de s\u00e9chage :<\/em><\/strong> Apr\u00e8s formation, les plateaux humides sont s\u00e9ch\u00e9s \u00e0 haute temp\u00e9rature. Il existe six m\u00e9thodes de s\u00e9chage au choix : s\u00e9chage naturel, four de s\u00e9chage, salle de s\u00e9chage en briques, ou s\u00e9chage m\u00e9tallique multi-couches. Cela garantit que les plateaux sont stables en taille et lisses \u00e0 la surface.<\/li>    <li><em><strong>Syst\u00e8me d'emballage :<\/strong> <\/em>Les plateaux peuvent \u00eatre compt\u00e9s et empil\u00e9s \u00e0 l'aide d'un empileur, puis emball\u00e9s pour la livraison.<\/li> <\/ul>    <figure class=\"wp-block-gallery has-nested-images columns-default is-cropped wp-block-gallery-2 is-layout-flex wp-block-gallery-is-layout-flex\"> <figure class=\"wp-block-image size-large\"><img loading=\"lazy\" decoding=\"async\" width=\"720\" height=\"540\" data-id=\"9152\" src=\"https:\/\/www.eggtraymaking.com\/wp-content\/uploads\/2025\/06\/Pulper.webp\" alt=\"Pulpeur\" class=\"wp-image-9152\" srcset=\"https:\/\/www.eggtraymaking.com\/wp-content\/uploads\/2025\/06\/Pulper.webp 720w, https:\/\/www.eggtraymaking.com\/wp-content\/uploads\/2025\/06\/Pulper-360x270.webp 360w, https:\/\/www.eggtraymaking.com\/wp-content\/uploads\/2025\/06\/Pulper-240x180.webp 240w, https:\/\/www.eggtraymaking.com\/wp-content\/uploads\/2025\/06\/Pulper-16x12.webp 16w\" sizes=\"auto, (max-width: 720px) 100vw, 720px\" \/><figcaption class=\"wp-element-caption\">Pulpeur<\/figcaption><\/figure>    <figure class=\"wp-block-image size-large\"><img loading=\"lazy\" decoding=\"async\" width=\"720\" height=\"540\" data-id=\"9151\" src=\"https:\/\/www.eggtraymaking.com\/wp-content\/uploads\/2025\/06\/Pulp-Pump.webp\" alt=\"Pompe \u00e0 pulpe\" class=\"wp-image-9151\" srcset=\"https:\/\/www.eggtraymaking.com\/wp-content\/uploads\/2025\/06\/Pulp-Pump.webp 720w, https:\/\/www.eggtraymaking.com\/wp-content\/uploads\/2025\/06\/Pulp-Pump-360x270.webp 360w, https:\/\/www.eggtraymaking.com\/wp-content\/uploads\/2025\/06\/Pulp-Pump-240x180.webp 240w, https:\/\/www.eggtraymaking.com\/wp-content\/uploads\/2025\/06\/Pulp-Pump-16x12.webp 16w\" sizes=\"auto, (max-width: 720px) 100vw, 720px\" \/><figcaption class=\"wp-element-caption\">Pompe \u00e0 pulpe<\/figcaption><\/figure>    <figure class=\"wp-block-image size-large\"><img loading=\"lazy\" decoding=\"async\" width=\"720\" height=\"540\" data-id=\"9061\" src=\"https:\/\/www.eggtraymaking.com\/wp-content\/uploads\/2023\/08\/egg-tray-molding-machine.webp\" alt=\"machine de moulage de plateau \u00e0 vin\" class=\"wp-image-9061\" srcset=\"https:\/\/www.eggtraymaking.com\/wp-content\/uploads\/2023\/08\/egg-tray-molding-machine.webp 720w, https:\/\/www.eggtraymaking.com\/wp-content\/uploads\/2023\/08\/egg-tray-molding-machine-360x270.webp 360w, https:\/\/www.eggtraymaking.com\/wp-content\/uploads\/2023\/08\/egg-tray-molding-machine-240x180.webp 240w\" sizes=\"auto, (max-width: 720px) 100vw, 720px\" \/><figcaption class=\"wp-element-caption\">Machine \u00e0 mouler des plateaux \u00e0 vin<\/figcaption><\/figure> <\/figure>    <h2 class=\"wp-block-heading\">Param\u00e8tres techniques de la machine \u00e0 fabriquer des plateaux \u00e0 vin en pulpe Shuliy<\/h2>    <figure class=\"wp-block-table\"><table class=\"has-fixed-layout\"><tbody><tr><td>Mod\u00e8le<\/td><td>Capacit\u00e9<\/td><td>Puissance<\/td><td>Tension<\/td><td>Poids<\/td><td>Utilisation de pulpe<\/td><td>Utilisation d'eau<\/td><td>Taille (mm)<\/td><\/tr><tr><td>SL-1000-3X1<\/td><td>1000 pcs\/h<\/td><td>38 kW<\/td><td>380V,50HZ<\/td><td>2500 kg<\/td><td>80kg\/h<\/td><td>160kg\/h<\/td><td>2600*2200*1900<\/td><\/tr><tr><td>SL-1500-4X1<\/td><td>1500pcs\/h<\/td><td>38 kW<\/td><td>380V,50HZ<\/td><td>3000kg<\/td><td>120kg\/h<\/td><td>240kg\/h<\/td><td>2800*2200*1900<\/td><\/tr><tr><td>SL-2500-3X4<\/td><td>2500pcs\/h<\/td><td>55kw<\/td><td>380V,50HZ<\/td><td>4000kg<\/td><td>200kg\/h<\/td><td>400kg\/h<\/td><td>2900*1800*1800<\/td><\/tr><tr><td>SL-3000-4X4<\/td><td>3000pcs\/h<\/td><td>60kw<\/td><td>380V,50HZ<\/td><td>4800kg<\/td><td>240kg\/h<\/td><td>480kg\/h<\/td><td>3250*1800*1800<\/td><\/tr><tr><td>SL-4000-4X8<\/td><td>4000pcs\/h<\/td><td>95kw<\/td><td>380V,50HZ<\/td><td>7000kg<\/td><td>320kg\/h<\/td><td>640kg\/h<\/td><td>3250*2300*2500<\/td><\/tr><tr><td>SL-5000-5X8<\/td><td>5000pcs\/h<\/td><td>95kw<\/td><td>380V,50HZ<\/td><td>8000kg<\/td><td>400kg\/h<\/td><td>800kg\/h<\/td><td>3700*2300*2500<\/td><\/tr><tr><td>SL-7000-6X8<\/td><td>7000pcs\/h<\/td><td>120kw<\/td><td>380V,50HZ<\/td><td>10000kg<\/td><td>480kg\/h<\/td><td>960kg\/h<\/td><td>3200*2300*2500<\/td><\/tr><\/tbody><\/table><\/figure>    <p>Ce qui pr\u00e9c\u00e8de est notre mod\u00e8le standard pour r\u00e9f\u00e9rence. Si vous avez des exigences plus sp\u00e9cifiques, nous pouvons \u00e9galement personnaliser la machine selon vos besoins.<\/p>    <figure class=\"wp-block-gallery has-nested-images columns-default is-cropped wp-block-gallery-3 is-layout-flex wp-block-gallery-is-layout-flex\"> <figure class=\"wp-block-image size-large\"><img loading=\"lazy\" decoding=\"async\" width=\"720\" height=\"540\" data-id=\"9153\" src=\"https:\/\/www.eggtraymaking.com\/wp-content\/uploads\/2025\/06\/3\u00d74-fruit-tray-making-machine.webp\" alt=\"Machine \u00e0 fabriquer des plateaux \u00e0 vin 3\u00d74\" class=\"wp-image-9153\" srcset=\"https:\/\/www.eggtraymaking.com\/wp-content\/uploads\/2025\/06\/3\u00d74-fruit-tray-making-machine.webp 720w, https:\/\/www.eggtraymaking.com\/wp-content\/uploads\/2025\/06\/3\u00d74-fruit-tray-making-machine-360x270.webp 360w, https:\/\/www.eggtraymaking.com\/wp-content\/uploads\/2025\/06\/3\u00d74-fruit-tray-making-machine-240x180.webp 240w, https:\/\/www.eggtraymaking.com\/wp-content\/uploads\/2025\/06\/3\u00d74-fruit-tray-making-machine-16x12.webp 16w\" sizes=\"auto, (max-width: 720px) 100vw, 720px\" \/><figcaption class=\"wp-element-caption\">Machine de fabrication de plateaux \u00e0 vin 3\u00d74<\/figcaption><\/figure>    <figure class=\"wp-block-image size-large\"><img loading=\"lazy\" decoding=\"async\" width=\"720\" height=\"540\" data-id=\"9154\" src=\"https:\/\/www.eggtraymaking.com\/wp-content\/uploads\/2025\/06\/5\u00d78-fruit-tray-making-machine.webp\" alt=\"Machine \u00e0 fabriquer des plateaux \u00e0 vin 5\u00d78\" class=\"wp-image-9154\" srcset=\"https:\/\/www.eggtraymaking.com\/wp-content\/uploads\/2025\/06\/5\u00d78-fruit-tray-making-machine.webp 720w, https:\/\/www.eggtraymaking.com\/wp-content\/uploads\/2025\/06\/5\u00d78-fruit-tray-making-machine-360x270.webp 360w, https:\/\/www.eggtraymaking.com\/wp-content\/uploads\/2025\/06\/5\u00d78-fruit-tray-making-machine-240x180.webp 240w, https:\/\/www.eggtraymaking.com\/wp-content\/uploads\/2025\/06\/5\u00d78-fruit-tray-making-machine-16x12.webp 16w\" sizes=\"auto, (max-width: 720px) 100vw, 720px\" \/><figcaption class=\"wp-element-caption\">Machine de fabrication de plateaux \u00e0 vin 5\u00d78<\/figcaption><\/figure> <\/figure>    <h2 class=\"wp-block-heading\">Comment fonctionne la machine de formation de plateaux \u00e0 vin en pulpe ?<\/h2>    <p class=\"translation-block\">Similaire \u00e0 la <strong><a href=\"https:\/\/www.eggtraymaking.com\/fr\/egg-tray-making-machine\/\">machine de fabrication de plateaux \u00e0 \u0153ufs,<\/a><\/strong> la machine de formage de plateaux \u00e0 vin en pulpe adopte la technologie de formage de pulpe. Elle suit un processus de formage de pulpe o\u00f9 la pulpe est inject\u00e9e dans un moule. Ensuite, le plateau est form\u00e9 par aspiration sous vide, s\u00e9ch\u00e9 \u00e0 chaud et transform\u00e9 en un plateau d'une r\u00e9sistance et d'une conception sp\u00e9ciales.<\/p>    <p>Les principales \u00e9tapes de travail sont \u00e9galement : pulpage \u2192 formation \u2192 s\u00e9chage \u2192 emballage.<\/p>    <figure class=\"wp-block-gallery has-nested-images columns-default is-cropped wp-block-gallery-4 is-layout-flex wp-block-gallery-is-layout-flex\"> <figure class=\"wp-block-image size-large\"><img loading=\"lazy\" decoding=\"async\" width=\"720\" height=\"540\" data-id=\"9169\" src=\"https:\/\/www.eggtraymaking.com\/wp-content\/uploads\/2025\/06\/Pulp-wine-tray-making-machine-3D-picture-No.1.webp\" alt=\"Machine \u00e0 fabriquer des plateaux \u00e0 vin en pulpe Image 3D No.1\" class=\"wp-image-9169\" srcset=\"https:\/\/www.eggtraymaking.com\/wp-content\/uploads\/2025\/06\/Pulp-wine-tray-making-machine-3D-picture-No.1.webp 720w, https:\/\/www.eggtraymaking.com\/wp-content\/uploads\/2025\/06\/Pulp-wine-tray-making-machine-3D-picture-No.1-360x270.webp 360w, https:\/\/www.eggtraymaking.com\/wp-content\/uploads\/2025\/06\/Pulp-wine-tray-making-machine-3D-picture-No.1-240x180.webp 240w, https:\/\/www.eggtraymaking.com\/wp-content\/uploads\/2025\/06\/Pulp-wine-tray-making-machine-3D-picture-No.1-16x12.webp 16w\" sizes=\"auto, (max-width: 720px) 100vw, 720px\" \/><figcaption class=\"wp-element-caption\">Machine de formation de plateaux \u00e0 vin en pulpe Image 3D No.1<\/figcaption><\/figure>    <figure class=\"wp-block-image size-large\"><img loading=\"lazy\" decoding=\"async\" width=\"720\" height=\"540\" data-id=\"9170\" src=\"https:\/\/www.eggtraymaking.com\/wp-content\/uploads\/2025\/06\/Pulp-wine-tray-making-machine-3D-picture-No.2.webp\" alt=\"Machine \u00e0 fabriquer des plateaux \u00e0 vin en pulpe image 3D No.2\" class=\"wp-image-9170\" srcset=\"https:\/\/www.eggtraymaking.com\/wp-content\/uploads\/2025\/06\/Pulp-wine-tray-making-machine-3D-picture-No.2.webp 720w, https:\/\/www.eggtraymaking.com\/wp-content\/uploads\/2025\/06\/Pulp-wine-tray-making-machine-3D-picture-No.2-360x270.webp 360w, https:\/\/www.eggtraymaking.com\/wp-content\/uploads\/2025\/06\/Pulp-wine-tray-making-machine-3D-picture-No.2-240x180.webp 240w, https:\/\/www.eggtraymaking.com\/wp-content\/uploads\/2025\/06\/Pulp-wine-tray-making-machine-3D-picture-No.2-16x12.webp 16w\" sizes=\"auto, (max-width: 720px) 100vw, 720px\" \/><figcaption class=\"wp-element-caption\">Machine de formation de plateaux \u00e0 vin en pulpe Image 3D No.2<\/figcaption><\/figure> <\/figure>    <h2 class=\"wp-block-heading\">Avantages de la machine \u00e0 fabriquer des plateaux d'emballage de vin Shuliy<\/h2>    <ul class=\"wp-block-list\"> <li><strong>Haute automatisation<\/strong>: Du pulpage \u00e0 la formation, en passant par le d\u00e9coupage et l'emballage, le processus est automatique, ce qui permet d'\u00e9conomiser sur les co\u00fbts de main-d'\u0153uvre.<\/li>    <li><strong>Production \u00e9cologique<\/strong>: Pas d'eaux us\u00e9es ni d'\u00e9missions de gaz. Les mati\u00e8res premi\u00e8res peuvent \u00eatre recycl\u00e9es \u00e0 nouveau, respectant les politiques environnementales locales.<\/li>    <li><strong>Moules personnalis\u00e9s :<\/strong> Adapt\u00e9 \u00e0 diff\u00e9rentes tailles et types de bouteilles (comme Bordeaux, Champagne, bouteilles de liqueur). Nous pouvons \u00e9galement personnaliser les moules en fonction des bouteilles que vous nous envoyez.<\/li>    <li><strong>Finition de surface agr\u00e9able : <\/strong>Les plateaux ont l'air lisses et propres, parfaits pour des bo\u00eetes cadeaux de vin haut de gamme ou pour une vitrine. Vous pouvez personnaliser la couleur, le gaufrage du logo ou les motifs pour am\u00e9liorer votre emballage.<\/li>    <li><strong>Options de plateaux multiples : <\/strong>Peut produire des plateaux pour 1, 2, 6 ou 12 bouteilles.<\/li>    <li><strong>Performance stable :<\/strong> Contr\u00f4le pr\u00e9cis\u00e9ment la pression de formation, le temps et l'ajustement du moule pour garantir une qualit\u00e9 constante. Par rapport aux machines ordinaires, elle peut fonctionner 2,5 fois plus longtemps.<\/li>    <li><strong>Syst\u00e8me de moules haute pr\u00e9cision<\/strong>: Rend les plateaux plus solides et plus stables, avec un bon support de poids et sans bords d\u00e9form\u00e9s. Le plateau a des points de support sym\u00e9triques pour de meilleures performances.<\/li>    <li><strong>Services personnalis\u00e9s disponibles :<\/strong> Nous proposons un design bas\u00e9 sur des \u00e9chantillons, un ajustement de la taille des bouteilles, un gaufrage de logo, une personnalisation des couleurs, et plus encore pour aider votre marque \u00e0 se d\u00e9marquer. Des solutions d'emballage tout-en-un peuvent \u00eatre fournies avec la machine de formation de plateaux.<\/li>    <li><strong>Ligne de production compl\u00e8te et solution disponible :<\/strong> En tant que fabricant direct, nous pouvons fournir des machines \u00e0 p\u00e2te, des compresseurs d'air, des s\u00e9choirs et d'autres \u00e9quipements. Nous offrons \u00e9galement une planification raisonnable de l'am\u00e9nagement du terrain pour aider \u00e0 r\u00e9duire vos co\u00fbts de main-d'\u0153uvre.<\/li> <\/ul>    <figure class=\"wp-block-image size-full\"><img loading=\"lazy\" decoding=\"async\" width=\"720\" height=\"540\" src=\"https:\/\/www.eggtraymaking.com\/wp-content\/uploads\/2025\/06\/Our-customers-are-considering-the-belt-dryer.webp\" alt=\"Nos clients envisagent le s\u00e9choir \u00e0 bande\" class=\"wp-image-9171\" srcset=\"https:\/\/www.eggtraymaking.com\/wp-content\/uploads\/2025\/06\/Our-customers-are-considering-the-belt-dryer.webp 720w, https:\/\/www.eggtraymaking.com\/wp-content\/uploads\/2025\/06\/Our-customers-are-considering-the-belt-dryer-360x270.webp 360w, https:\/\/www.eggtraymaking.com\/wp-content\/uploads\/2025\/06\/Our-customers-are-considering-the-belt-dryer-240x180.webp 240w, https:\/\/www.eggtraymaking.com\/wp-content\/uploads\/2025\/06\/Our-customers-are-considering-the-belt-dryer-16x12.webp 16w\" sizes=\"auto, (max-width: 720px) 100vw, 720px\" \/><figcaption class=\"wp-element-caption\">Nos clients envisagent le s\u00e9choir \u00e0 bande<\/figcaption><\/figure>    <h2 class=\"wp-block-heading\">Quels sont les types de plateaux \u00e0 vin en pulpe ?<\/h2>    <figure class=\"wp-block-table\"><table class=\"has-fixed-layout\"><tbody><tr><td>Cat\u00e9gorie<\/td><td>Type<\/td><\/tr><tr><td>Par volume de bouteille<\/td><td>187ml, 375ml, 500ml, 700ml, 750ml, 1L, 1.5L, 3L \/ 5L<\/td><\/tr><tr><td>Par quantit\u00e9 de bouteille<\/td><td>Bouteille unique, Deux bouteilles, Quatre bouteilles, Six bouteilles, Douze bouteilles<\/td><\/tr><tr><td>Par structure<\/td><td>Type monobloc, Type s\u00e9par\u00e9 haut et bas, Type ins\u00e9r\u00e9<\/td><\/tr><tr><td>Par processus de moulage<\/td><td>Moulage \u00e0 sec, Moulage \u00e0 humide<\/td><\/tr><tr><td>Par utilisation<\/td><td>Type de protection de transport, Type d'affichage de bo\u00eete cadeau, Type d'exportation<\/td><\/tr><\/tbody><\/table><\/figure>    <h2 class=\"wp-block-heading\">Pourquoi choisir une machine de fabrication de plateaux d'emballage de vin ?<\/h2>    <h3 class=\"wp-block-heading\">Il a de larges applications :<\/h3>    <ul class=\"wp-block-list\"> <li><strong>Fabricants de vin : <\/strong>Utilis\u00e9 pour l'emballage int\u00e9rieur des produits de vin en bouteille.<\/li>    <li><strong>Plateformes de commerce \u00e9lectronique :<\/strong> Id\u00e9al pour l'exp\u00e9dition en toute s\u00e9curit\u00e9 d'une ou plusieurs bouteilles de vin.<\/li>    <li><strong>Entreprises d'emballage cadeau<\/strong>: Utilis\u00e9 pour les plateaux \u00e0 l'int\u00e9rieur des bo\u00eetes \u00e0 vin cadeau ou des ensembles de vin haut de gamme.<\/li>    <li><strong>Commer\u00e7ants exportateurs : <\/strong>Conforme aux r\u00e9glementations sur l'\u00e9co-emballage dans l'UE, aux \u00c9tats-Unis et dans d'autres pays.<\/li>    <li><strong>Supermarch\u00e9s et magasins de d\u00e9tail :<\/strong> Utilis\u00e9 pour les packs combin\u00e9s, rendant l'affichage et les ventes plus pratiques.<\/li> <\/ul>    <h3 class=\"wp-block-heading\">Avantages par rapport \u00e0 d'autres mat\u00e9riaux d'emballage :<\/h3>    <figure class=\"wp-block-table\"><table class=\"has-fixed-layout\"><tbody><tr><td>Article<\/td><td>Plateau \u00e0 vin en pulpe<\/td><td>Plateau en mousse plastique<\/td><td>Insert en papier ondul\u00e9<\/td><\/tr><tr><td>Environnemental<\/td><td>Biod\u00e9gradable, \u00e9cologique<\/td><td>Non biod\u00e9gradable<\/td><td>Recyclable<\/td><\/tr><tr><td>Protection<\/td><td>Fort<\/td><td>Tr\u00e8s fort<\/td><td>Moyen<\/td><\/tr><tr><td>Co\u00fbt<\/td><td>Moyen<\/td><td>Plus \u00e9lev\u00e9<\/td><td>Inf\u00e9rieur<\/td><\/tr><tr><td>Personnalisation<\/td><td>\u00c9lev\u00e9<\/td><td>Moyen<\/td><td>Moyen<\/td><\/tr><tr><td>Apparence<\/td><td>Bon (meilleur avec pressage \u00e0 humide)<\/td><td>Pauvre<\/td><td>Moyen<\/td><\/tr><\/tbody><\/table><\/figure>    <h2 class=\"wp-block-heading\">Produits finis de la machine \u00e0 fabriquer des plateaux \u00e0 vin en pulpe<\/h2>    <p>Les plateaux \u00e0 vin en pulpe que nous produisons souvent sont montr\u00e9s ci-dessous. Cependant, nous avons de nombreuses autres options de moules disponibles. Si vous \u00eates int\u00e9ress\u00e9, n'h\u00e9sitez pas \u00e0 nous contacter \u00e0 tout moment !<\/p>    <figure class=\"wp-block-image size-full\"><img loading=\"lazy\" decoding=\"async\" width=\"720\" height=\"540\" src=\"https:\/\/www.eggtraymaking.com\/wp-content\/uploads\/2025\/06\/Wine-Tray-Application-Display.webp\" alt=\"Affichage de l&#039;application du plateau \u00e0 vin\" class=\"wp-image-9168\" srcset=\"https:\/\/www.eggtraymaking.com\/wp-content\/uploads\/2025\/06\/Wine-Tray-Application-Display.webp 720w, https:\/\/www.eggtraymaking.com\/wp-content\/uploads\/2025\/06\/Wine-Tray-Application-Display-360x270.webp 360w, https:\/\/www.eggtraymaking.com\/wp-content\/uploads\/2025\/06\/Wine-Tray-Application-Display-240x180.webp 240w, https:\/\/www.eggtraymaking.com\/wp-content\/uploads\/2025\/06\/Wine-Tray-Application-Display-16x12.webp 16w\" sizes=\"auto, (max-width: 720px) 100vw, 720px\" \/><figcaption class=\"wp-element-caption\">Affichage de l'application du plateau \u00e0 vin<\/figcaption><\/figure>    <h2 class=\"wp-block-heading\">Affichage d'exp\u00e9dition de la machine de fabrication de plateaux en pulpe pour le vin<\/h2>    <p>Voici quelques-unes de nos photos d'exp\u00e9dition. Vous pouvez jeter un \u0153il \u00e0 notre emballage.<\/p>    <figure class=\"wp-block-gallery has-nested-images columns-default is-cropped wp-block-gallery-5 is-layout-flex wp-block-gallery-is-layout-flex\"> <figure class=\"wp-block-image size-large\"><img loading=\"lazy\" decoding=\"async\" width=\"720\" height=\"540\" data-id=\"9173\" src=\"https:\/\/www.eggtraymaking.com\/wp-content\/uploads\/2025\/06\/Loading-the-mixing-tank.webp\" alt=\"Chargement du r\u00e9servoir de m\u00e9lange\" class=\"wp-image-9173\" srcset=\"https:\/\/www.eggtraymaking.com\/wp-content\/uploads\/2025\/06\/Loading-the-mixing-tank.webp 720w, https:\/\/www.eggtraymaking.com\/wp-content\/uploads\/2025\/06\/Loading-the-mixing-tank-360x270.webp 360w, https:\/\/www.eggtraymaking.com\/wp-content\/uploads\/2025\/06\/Loading-the-mixing-tank-240x180.webp 240w, https:\/\/www.eggtraymaking.com\/wp-content\/uploads\/2025\/06\/Loading-the-mixing-tank-16x12.webp 16w\" sizes=\"auto, (max-width: 720px) 100vw, 720px\" \/><figcaption class=\"wp-element-caption\">Chargement du r\u00e9servoir de m\u00e9lange<\/figcaption><\/figure>    <figure class=\"wp-block-image size-large\"><img loading=\"lazy\" decoding=\"async\" width=\"720\" height=\"540\" data-id=\"9174\" src=\"https:\/\/www.eggtraymaking.com\/wp-content\/uploads\/2025\/06\/The-factory-is-currently-packing.webp\" alt=\"L&#039;usine est actuellement en train d&#039;emballer\" class=\"wp-image-9174\" srcset=\"https:\/\/www.eggtraymaking.com\/wp-content\/uploads\/2025\/06\/The-factory-is-currently-packing.webp 720w, https:\/\/www.eggtraymaking.com\/wp-content\/uploads\/2025\/06\/The-factory-is-currently-packing-360x270.webp 360w, https:\/\/www.eggtraymaking.com\/wp-content\/uploads\/2025\/06\/The-factory-is-currently-packing-240x180.webp 240w, https:\/\/www.eggtraymaking.com\/wp-content\/uploads\/2025\/06\/The-factory-is-currently-packing-16x12.webp 16w\" sizes=\"auto, (max-width: 720px) 100vw, 720px\" \/><figcaption class=\"wp-element-caption\">L'usine est actuellement en train d'emballer<\/figcaption><\/figure> <\/figure>","protected":false},"excerpt":{"rendered":"<p>Une machine \u00e0 fabriquer des plateaux \u00e0 vin en pulpe est un dispositif industriel enti\u00e8rement automatique con\u00e7u pour produire des plateaux \u00e0 vin en pulpe moul\u00e9e. Elle peut atteindre une production \u00e9lev\u00e9e, avec une capacit\u00e9 maximale allant jusqu'\u00e0 6000 pi\u00e8ces par heure.<\/p>","protected":false},"author":1,"featured_media":9175,"parent":0,"template":"","tags":[460,461],"product-type":[451],"class_list":["post-9166","product","type-product","status-publish","has-post-thumbnail","hentry","tag-pulp-wine-tray","tag-wine-packaging-tray-making-machine","product-type-pulp-molding-machine"],"_links":{"self":[{"href":"https:\/\/www.eggtraymaking.com\/fr\/wp-json\/wp\/v2\/product\/9166","targetHints":{"allow":["GET"]}}],"collection":[{"href":"https:\/\/www.eggtraymaking.com\/fr\/wp-json\/wp\/v2\/product"}],"about":[{"href":"https:\/\/www.eggtraymaking.com\/fr\/wp-json\/wp\/v2\/types\/product"}],"author":[{"embeddable":true,"href":"https:\/\/www.eggtraymaking.com\/fr\/wp-json\/wp\/v2\/users\/1"}],"wp:featuredmedia":[{"embeddable":true,"href":"https:\/\/www.eggtraymaking.com\/fr\/wp-json\/wp\/v2\/media\/9175"}],"wp:attachment":[{"href":"https:\/\/www.eggtraymaking.com\/fr\/wp-json\/wp\/v2\/media?parent=9166"}],"wp:term":[{"taxonomy":"post_tag","embeddable":true,"href":"https:\/\/www.eggtraymaking.com\/fr\/wp-json\/wp\/v2\/tags?post=9166"},{"taxonomy":"product-type","embeddable":true,"href":"https:\/\/www.eggtraymaking.com\/fr\/wp-json\/wp\/v2\/product-type?post=9166"}],"curies":[{"name":"wp","href":"https:\/\/api.w.org\/{rel}","templated":true}]}}