{"id":9141,"date":"2025-06-12T14:13:04","date_gmt":"2025-06-12T06:13:04","guid":{"rendered":"https:\/\/www.eggtraymaking.com\/?post_type=product&#038;p=9141"},"modified":"2025-07-17T15:45:38","modified_gmt":"2025-07-17T07:45:38","slug":"fruit-tray-making-machine","status":"publish","type":"product","link":"https:\/\/www.eggtraymaking.com\/fr\/fruit-tray-making-machine\/","title":{"rendered":"Machine de fabrication de plateaux de fruits"},"content":{"rendered":"<p class=\"translation-block\">La <strong><a href=\"https:\/\/www.eggtraymaking.com\/fr\/egg-tray-making-machine\/\">machine de fabrication de barquettes en pulpe<\/a><\/strong> n'est pas seulement utilis\u00e9e pour fabriquer des barquettes \u00e0 \u0153ufs, mais peut \u00e9galement \u00eatre utilis\u00e9e pour produire des barquettes \u00e0 fruits. Elle est \u00e9galement connue sous le nom de<strong> machine de fabrication de barquettes \u00e0 fruits<\/strong> ou de machine de fabrication de barquettes d'emballage pour fruits et l\u00e9gumes. Similaire \u00e0 la machine \u00e0 barquettes \u00e0 \u0153ufs, elle utilise des vieux papiers et des cartons usag\u00e9s comme mati\u00e8res premi\u00e8res, qui sont trait\u00e9s par mise en pulpe, filtration et m\u00e9lange d'eau pour cr\u00e9er une pulpe \u00e9paisse pour la fabrication des barquettes.<\/p>    <figure class=\"wp-block-embed is-type-video is-provider-youtube wp-block-embed-youtube wp-embed-aspect-16-9 wp-has-aspect-ratio\"><div class=\"wp-block-embed__wrapper\"> <iframe loading=\"lazy\" title=\"Fabricant de machines \u00e0 fabriquer des plateaux de fruits en Chine Top 1 #plateaudeufs #machine\u00e0plateaudeufs\" width=\"500\" height=\"281\" src=\"https:\/\/www.youtube.com\/embed\/9PqmZSDteMY?feature=oembed\" frameborder=\"0\" allow=\"accelerometer; autoplay; clipboard-write; encrypted-media; gyroscope; picture-in-picture; web-share\" referrerpolicy=\"strict-origin-when-cross-origin\" allowfullscreen><\/iframe> <\/div><\/figure>    <p class=\"translation-block\">Cette machine de fabrication de barquettes \u00e0 fruits est largement utilis\u00e9e pour l'emballage \u00e9cologique de fruits tels que les<strong><em> <\/em>pommes, poires, oranges et kiwis<em>. <\/em><\/strong>C'est une alternative verte aux barquettes en plastique, car elle est biod\u00e9gradable, recyclable et respectueuse de l'environnement.<\/p>    <p class=\"translation-block\">Les barquettes \u00e0 fruits ont un large \u00e9ventail d'utilisations. Elles sont principalement utilis\u00e9es dans les<strong> march\u00e9s de gros de fruits, les centres de distribution de supermarch\u00e9s, les entreprises d'exportation de fruits, les usines d'emballage \u00e9cologiques et les exploitations fruiti\u00e8res<\/strong>. En raison de la forte demande, le march\u00e9 a un grand potentiel et le retour sur investissement est substantiel.<\/p>    <p class=\"translation-block\"><strong>Shuliy<\/strong> se concentre sur le d\u00e9veloppement et la production de machines de fabrication de barquettes \u00e0 fruits depuis plus de 10 ans. Avec une riche exp\u00e9rience d'exportation, Shuliy est l'un des principaux fabricants et exportateurs en Chine. Chaque ann\u00e9e, nous exportons de nombreuses machines de fabrication de barquettes \u00e0 fruits vers des pays tels que le<strong> Br\u00e9sil, Cuba, la Colombie, la Russie, le Ghana, le Cameroun, le Nigeria, la France, la Zambie, la Nouvelle-Z\u00e9lande, le P\u00e9rou, l'Ouzb\u00e9kistan, le Soudan et bien d'autres.<\/strong><\/p>   <div class=\"wp-block-image\"> <figure class=\"aligncenter size-full\"><img loading=\"lazy\" decoding=\"async\" width=\"720\" height=\"540\" src=\"https:\/\/www.eggtraymaking.com\/wp-content\/uploads\/2025\/06\/4\u00d71-fruit-tray-making-machine.webp\" alt=\"machine \u00e0 fabriquer des plateaux \u00e0 fruits 4\u00d71\" class=\"wp-image-9143\" srcset=\"https:\/\/www.eggtraymaking.com\/wp-content\/uploads\/2025\/06\/4\u00d71-fruit-tray-making-machine.webp 720w, https:\/\/www.eggtraymaking.com\/wp-content\/uploads\/2025\/06\/4\u00d71-fruit-tray-making-machine-360x270.webp 360w, https:\/\/www.eggtraymaking.com\/wp-content\/uploads\/2025\/06\/4\u00d71-fruit-tray-making-machine-240x180.webp 240w, https:\/\/www.eggtraymaking.com\/wp-content\/uploads\/2025\/06\/4\u00d71-fruit-tray-making-machine-16x12.webp 16w\" sizes=\"auto, (max-width: 720px) 100vw, 720px\" \/><figcaption class=\"wp-element-caption\">machine \u00e0 fabriquer des plateaux \u00e0 fruits 4\u00d71<\/figcaption><\/figure> <\/div>   <h2 class=\"wp-block-heading\">Comment fonctionne la machine \u00e0 fabriquer des plateaux de fruits ?<\/h2>    <p>Tout comme la machine \u00e0 fabriquer des plateaux d'\u0153ufs, la machine \u00e0 fabriquer des plateaux de fruits utilise la technologie de moulage en p\u00e2te. Elle suit un processus de formation de p\u00e2te o\u00f9 la p\u00e2te est inject\u00e9e dans un moule. Ensuite, le plateau est form\u00e9 par aspiration sous vide, s\u00e9ch\u00e9 avec de la chaleur et fa\u00e7onn\u00e9 en plateaux avec une r\u00e9sistance et un design sp\u00e9cifiques.<\/p>    <p class=\"translation-block\">Les principales \u00e9tapes de travail sont :<strong> mise en pulpe \u2192 formage \u2192 s\u00e9chage \u2192 emballage.<\/strong><\/p>   <div class=\"wp-block-image\"> <figure class=\"aligncenter size-full\"><img loading=\"lazy\" decoding=\"async\" width=\"720\" height=\"540\" src=\"https:\/\/www.eggtraymaking.com\/wp-content\/uploads\/2025\/06\/egg-tray-making-process.webp\" alt=\"Processus de fabrication de plateau de fruits\" class=\"wp-image-9144\" srcset=\"https:\/\/www.eggtraymaking.com\/wp-content\/uploads\/2025\/06\/egg-tray-making-process.webp 720w, https:\/\/www.eggtraymaking.com\/wp-content\/uploads\/2025\/06\/egg-tray-making-process-360x270.webp 360w, https:\/\/www.eggtraymaking.com\/wp-content\/uploads\/2025\/06\/egg-tray-making-process-240x180.webp 240w, https:\/\/www.eggtraymaking.com\/wp-content\/uploads\/2025\/06\/egg-tray-making-process-16x12.webp 16w\" sizes=\"auto, (max-width: 720px) 100vw, 720px\" \/><figcaption class=\"wp-element-caption\">Processus de fabrication de plateau de fruits<\/figcaption><\/figure> <\/div>   <h2 class=\"wp-block-heading\">Quelles sont les principales parties d'une machine \u00e0 fabriquer des plateaux \u00e0 fruits ?<\/h2>    <p class=\"translation-block\">La machine de fabrication de barquettes \u00e0 fruits comprend principalement les syst\u00e8mes suivants : <strong>syst\u00e8me de mise en pulpe, syst\u00e8me de formage, syst\u00e8me de s\u00e9chage, syst\u00e8me de pressage \u00e0 chaud et syst\u00e8me de contr\u00f4le.<\/strong><\/p>    <figure class=\"wp-block-gallery has-nested-images columns-default is-cropped wp-block-gallery-2 is-layout-flex wp-block-gallery-is-layout-flex\"> <figure class=\"wp-block-image size-large\"><img loading=\"lazy\" decoding=\"async\" width=\"720\" height=\"540\" data-id=\"9147\" src=\"https:\/\/www.eggtraymaking.com\/wp-content\/uploads\/2025\/06\/Continuous-Belt-Dryer.webp\" alt=\"S\u00e8che-linge \u00e0 bande continue\" class=\"wp-image-9147\" srcset=\"https:\/\/www.eggtraymaking.com\/wp-content\/uploads\/2025\/06\/Continuous-Belt-Dryer.webp 720w, https:\/\/www.eggtraymaking.com\/wp-content\/uploads\/2025\/06\/Continuous-Belt-Dryer-360x270.webp 360w, https:\/\/www.eggtraymaking.com\/wp-content\/uploads\/2025\/06\/Continuous-Belt-Dryer-240x180.webp 240w, https:\/\/www.eggtraymaking.com\/wp-content\/uploads\/2025\/06\/Continuous-Belt-Dryer-16x12.webp 16w\" sizes=\"auto, (max-width: 720px) 100vw, 720px\" \/><figcaption class=\"wp-element-caption\">S\u00e8che-linge \u00e0 bande continue<\/figcaption><\/figure>    <figure class=\"wp-block-image size-large\"><img loading=\"lazy\" decoding=\"async\" width=\"720\" height=\"540\" data-id=\"9148\" src=\"https:\/\/www.eggtraymaking.com\/wp-content\/uploads\/2025\/06\/Electrical-Control-Cabinet.webp\" alt=\"Armoire de contr\u00f4le \u00e9lectrique\" class=\"wp-image-9148\" srcset=\"https:\/\/www.eggtraymaking.com\/wp-content\/uploads\/2025\/06\/Electrical-Control-Cabinet.webp 720w, https:\/\/www.eggtraymaking.com\/wp-content\/uploads\/2025\/06\/Electrical-Control-Cabinet-360x270.webp 360w, https:\/\/www.eggtraymaking.com\/wp-content\/uploads\/2025\/06\/Electrical-Control-Cabinet-240x180.webp 240w, https:\/\/www.eggtraymaking.com\/wp-content\/uploads\/2025\/06\/Electrical-Control-Cabinet-16x12.webp 16w\" sizes=\"auto, (max-width: 720px) 100vw, 720px\" \/><figcaption class=\"wp-element-caption\">Armoire de contr\u00f4le \u00e9lectrique<\/figcaption><\/figure>    <figure class=\"wp-block-image size-large\"><img loading=\"lazy\" decoding=\"async\" width=\"720\" height=\"540\" data-id=\"9149\" src=\"https:\/\/www.eggtraymaking.com\/wp-content\/uploads\/2025\/06\/Mixing-paddle.webp\" alt=\"Palette de m\u00e9lange\" class=\"wp-image-9149\" srcset=\"https:\/\/www.eggtraymaking.com\/wp-content\/uploads\/2025\/06\/Mixing-paddle.webp 720w, https:\/\/www.eggtraymaking.com\/wp-content\/uploads\/2025\/06\/Mixing-paddle-360x270.webp 360w, https:\/\/www.eggtraymaking.com\/wp-content\/uploads\/2025\/06\/Mixing-paddle-240x180.webp 240w, https:\/\/www.eggtraymaking.com\/wp-content\/uploads\/2025\/06\/Mixing-paddle-16x12.webp 16w\" sizes=\"auto, (max-width: 720px) 100vw, 720px\" \/><figcaption class=\"wp-element-caption\">Pelle de m\u00e9lange<\/figcaption><\/figure>    <figure class=\"wp-block-image size-large\"><img loading=\"lazy\" decoding=\"async\" width=\"720\" height=\"540\" data-id=\"9150\" src=\"https:\/\/www.eggtraymaking.com\/wp-content\/uploads\/2025\/06\/Mold.webp\" alt=\"Moule\" class=\"wp-image-9150\" srcset=\"https:\/\/www.eggtraymaking.com\/wp-content\/uploads\/2025\/06\/Mold.webp 720w, https:\/\/www.eggtraymaking.com\/wp-content\/uploads\/2025\/06\/Mold-360x270.webp 360w, https:\/\/www.eggtraymaking.com\/wp-content\/uploads\/2025\/06\/Mold-240x180.webp 240w, https:\/\/www.eggtraymaking.com\/wp-content\/uploads\/2025\/06\/Mold-16x12.webp 16w\" sizes=\"auto, (max-width: 720px) 100vw, 720px\" \/><figcaption class=\"wp-element-caption\">Moule<\/figcaption><\/figure>    <figure class=\"wp-block-image size-large\"><img loading=\"lazy\" decoding=\"async\" width=\"720\" height=\"540\" data-id=\"9151\" src=\"https:\/\/www.eggtraymaking.com\/wp-content\/uploads\/2025\/06\/Pulp-Pump.webp\" alt=\"Pompe \u00e0 pulpe\" class=\"wp-image-9151\" srcset=\"https:\/\/www.eggtraymaking.com\/wp-content\/uploads\/2025\/06\/Pulp-Pump.webp 720w, https:\/\/www.eggtraymaking.com\/wp-content\/uploads\/2025\/06\/Pulp-Pump-360x270.webp 360w, https:\/\/www.eggtraymaking.com\/wp-content\/uploads\/2025\/06\/Pulp-Pump-240x180.webp 240w, https:\/\/www.eggtraymaking.com\/wp-content\/uploads\/2025\/06\/Pulp-Pump-16x12.webp 16w\" sizes=\"auto, (max-width: 720px) 100vw, 720px\" \/><figcaption class=\"wp-element-caption\">Pompe \u00e0 pulpe<\/figcaption><\/figure>    <figure class=\"wp-block-image size-large\"><img loading=\"lazy\" decoding=\"async\" width=\"720\" height=\"540\" data-id=\"9152\" src=\"https:\/\/www.eggtraymaking.com\/wp-content\/uploads\/2025\/06\/Pulper.webp\" alt=\"Pulpeur\" class=\"wp-image-9152\" srcset=\"https:\/\/www.eggtraymaking.com\/wp-content\/uploads\/2025\/06\/Pulper.webp 720w, https:\/\/www.eggtraymaking.com\/wp-content\/uploads\/2025\/06\/Pulper-360x270.webp 360w, https:\/\/www.eggtraymaking.com\/wp-content\/uploads\/2025\/06\/Pulper-240x180.webp 240w, https:\/\/www.eggtraymaking.com\/wp-content\/uploads\/2025\/06\/Pulper-16x12.webp 16w\" sizes=\"auto, (max-width: 720px) 100vw, 720px\" \/><figcaption class=\"wp-element-caption\">Pulpeur<\/figcaption><\/figure> <\/figure>    <p class=\"translation-block\">L'\u00e9quipement cl\u00e9 comprend :<br>machine \u00e0 pulpe, compresseur d'air, machine de formage, machine de s\u00e9chage et machine d'emballage. Nous pouvons fournir la<strong><a href=\"https:\/\/www.eggtraymaking.com\/fr\/paper-egg-tray-production-line\/\"> ligne de production compl\u00e8te de barquettes \u00e0 fruits<\/a><\/strong>.<\/p>    <figure class=\"wp-block-gallery has-nested-images columns-default is-cropped wp-block-gallery-3 is-layout-flex wp-block-gallery-is-layout-flex\"> <figure class=\"wp-block-image size-large\"><img loading=\"lazy\" decoding=\"async\" width=\"720\" height=\"540\" data-id=\"9145\" src=\"https:\/\/www.eggtraymaking.com\/wp-content\/uploads\/2025\/06\/untitled2.webp\" alt=\"Ligne de production de plateaux \u00e0 fruits \u00e0 grande \u00e9chelle\" class=\"wp-image-9145\" srcset=\"https:\/\/www.eggtraymaking.com\/wp-content\/uploads\/2025\/06\/untitled2.webp 720w, https:\/\/www.eggtraymaking.com\/wp-content\/uploads\/2025\/06\/untitled2-360x270.webp 360w, https:\/\/www.eggtraymaking.com\/wp-content\/uploads\/2025\/06\/untitled2-240x180.webp 240w, https:\/\/www.eggtraymaking.com\/wp-content\/uploads\/2025\/06\/untitled2-16x12.webp 16w\" sizes=\"auto, (max-width: 720px) 100vw, 720px\" \/><figcaption class=\"wp-element-caption\">Ligne de production de plateaux \u00e0 fruits \u00e0 grande \u00e9chelle<\/figcaption><\/figure>    <figure class=\"wp-block-image size-large\"><img loading=\"lazy\" decoding=\"async\" width=\"720\" height=\"540\" data-id=\"9146\" src=\"https:\/\/www.eggtraymaking.com\/wp-content\/uploads\/2025\/06\/untitled5.webp\" alt=\"Ligne de production de plateaux \u00e0 fruits \u00e0 petite \u00e9chelle\" class=\"wp-image-9146\" srcset=\"https:\/\/www.eggtraymaking.com\/wp-content\/uploads\/2025\/06\/untitled5.webp 720w, https:\/\/www.eggtraymaking.com\/wp-content\/uploads\/2025\/06\/untitled5-360x270.webp 360w, https:\/\/www.eggtraymaking.com\/wp-content\/uploads\/2025\/06\/untitled5-240x180.webp 240w, https:\/\/www.eggtraymaking.com\/wp-content\/uploads\/2025\/06\/untitled5-16x12.webp 16w\" sizes=\"auto, (max-width: 720px) 100vw, 720px\" \/><figcaption class=\"wp-element-caption\">Ligne de production de plateaux \u00e0 fruits \u00e0 petite \u00e9chelle<\/figcaption><\/figure> <\/figure>    <h2 class=\"wp-block-heading\">Quels sont les avantages de la machine \u00e0 fabriquer des plateaux \u00e0 fruits de Shuliy ?<\/h2>    <ul class=\"wp-block-list\"> <li><strong>\u00c9cologique et \u00e9conome en \u00e9nergie :<\/strong> Utilise du papier usag\u00e9 comme mati\u00e8re premi\u00e8re, qui est recyclable. Cela r\u00e9duit consid\u00e9rablement les co\u00fbts et aide \u00e0 prot\u00e9ger l'environnement.<\/li>    <li><strong>Haute automatisation : <\/strong>Prend en charge la formation, le s\u00e9chage et l'emballage automatiques. Facile \u00e0 utiliser avec un faible co\u00fbt de main-d'\u0153uvre.<\/li>    <li><strong>Forte adaptabilit\u00e9 :<\/strong> Les moules peuvent \u00eatre chang\u00e9s pour produire des plateaux de diff\u00e9rentes tailles, adapt\u00e9s \u00e0 divers types d'emballage de fruits.<\/li>    <li><strong>Personnalisation flexible : <\/strong>Nous soutenons les tailles et formes de moules personnalis\u00e9s. Notre \u00e9quipe de conception 3D professionnelle peut fournir des dessins et des simulations de production pour r\u00e9duire les risques avant achat. Nous pouvons \u00e9galement aider \u00e0 mettre en place une ligne de production compl\u00e8te.<\/li>    <li><strong>Options de capacit\u00e9 multiples :<\/strong> Nous proposons des machines \u00e0 fabriquer des plateaux de fruits avec diff\u00e9rentes capacit\u00e9s de production, de 1000 \u00e0 7000 pi\u00e8ces par heure.<\/li> <\/ul>    <h2 class=\"wp-block-heading\">Quels sont les mod\u00e8les populaires des machines \u00e0 former des plateaux \u00e0 fruits de Shuliy ?<\/h2>    <figure class=\"wp-block-table\"><table class=\"has-fixed-layout\"><tbody><tr><td>Mod\u00e8le<\/td><td>Capacit\u00e9<\/td><td>Puissance<\/td><td>Tension<\/td><td>Poids<\/td><td>Consommation de papier<\/td><td>Consommation d'eau<\/td><td>Taille (machine de moulage)<\/td><\/tr><tr><td>SL-1000-3X1<\/td><td>1000 pcs\/h<\/td><td>38 kW<\/td><td>380V,50HZ<\/td><td>2500 kg<\/td><td>80kg\/h<\/td><td>160kg\/h<\/td><td>2600*2200*1900mm<\/td><\/tr><tr><td>SL-1500-4X1<\/td><td>1500pcs\/h<\/td><td>38 kW<\/td><td>380V,50HZ<\/td><td>3000kg<\/td><td>120kg\/h<\/td><td>240kg\/h<\/td><td>2800*2200*1900mm<\/td><\/tr><tr><td>SL-2500-3X4<\/td><td>2500pcs\/h<\/td><td>55kw<\/td><td>380V,50HZ<\/td><td>4000kg<\/td><td>200kg\/h<\/td><td>400kg\/h<\/td><td>2900*1800*1800mm<\/td><\/tr><tr><td>SL-3000-4X4<\/td><td>3000pcs\/h<\/td><td>60kw<\/td><td>380V,50HZ<\/td><td>4800kg<\/td><td>240kg\/h<\/td><td>480kg\/h<\/td><td>3250*1800*1800mm<\/td><\/tr><tr><td>SL-4000-4X8<\/td><td>4000pcs\/h<\/td><td>95kw<\/td><td>380V,50HZ<\/td><td>7000kg<\/td><td>320kg\/h<\/td><td>640kg\/h<\/td><td>3250*2300*2500mm<\/td><\/tr><tr><td>SL-5000-5X8<\/td><td>5000pcs\/h<\/td><td>95kw<\/td><td>380V,50HZ<\/td><td>8000kg<\/td><td>400kg\/h<\/td><td>800kg\/h<\/td><td>3700*2300*2500mm<\/td><\/tr><tr><td>SL-7000-6X8<\/td><td>7000pcs\/h<\/td><td>120kw<\/td><td>380V,50HZ<\/td><td>10000kg<\/td><td>480kg\/h<\/td><td>960kg\/h<\/td><td>3200*2300*2500mm<\/td><\/tr><\/tbody><\/table><\/figure>    <figure class=\"wp-block-gallery has-nested-images columns-default is-cropped wp-block-gallery-4 is-layout-flex wp-block-gallery-is-layout-flex\"> <figure class=\"wp-block-image size-large\"><img loading=\"lazy\" decoding=\"async\" width=\"720\" height=\"540\" data-id=\"9153\" src=\"https:\/\/www.eggtraymaking.com\/wp-content\/uploads\/2025\/06\/3\u00d74-fruit-tray-making-machine.webp\" alt=\"Machine de fabrication de plateaux \u00e0 fruits 3\u00d74\" class=\"wp-image-9153\" srcset=\"https:\/\/www.eggtraymaking.com\/wp-content\/uploads\/2025\/06\/3\u00d74-fruit-tray-making-machine.webp 720w, https:\/\/www.eggtraymaking.com\/wp-content\/uploads\/2025\/06\/3\u00d74-fruit-tray-making-machine-360x270.webp 360w, https:\/\/www.eggtraymaking.com\/wp-content\/uploads\/2025\/06\/3\u00d74-fruit-tray-making-machine-240x180.webp 240w, https:\/\/www.eggtraymaking.com\/wp-content\/uploads\/2025\/06\/3\u00d74-fruit-tray-making-machine-16x12.webp 16w\" sizes=\"auto, (max-width: 720px) 100vw, 720px\" \/><figcaption class=\"wp-element-caption\">Machine de fabrication de plateaux \u00e0 fruits 3\u00d74<\/figcaption><\/figure>    <figure class=\"wp-block-image size-large\"><img loading=\"lazy\" decoding=\"async\" width=\"720\" height=\"540\" data-id=\"9154\" src=\"https:\/\/www.eggtraymaking.com\/wp-content\/uploads\/2025\/06\/5\u00d78-fruit-tray-making-machine.webp\" alt=\"Machine de fabrication de plateaux de fruits 5\u00d78\" class=\"wp-image-9154\" srcset=\"https:\/\/www.eggtraymaking.com\/wp-content\/uploads\/2025\/06\/5\u00d78-fruit-tray-making-machine.webp 720w, https:\/\/www.eggtraymaking.com\/wp-content\/uploads\/2025\/06\/5\u00d78-fruit-tray-making-machine-360x270.webp 360w, https:\/\/www.eggtraymaking.com\/wp-content\/uploads\/2025\/06\/5\u00d78-fruit-tray-making-machine-240x180.webp 240w, https:\/\/www.eggtraymaking.com\/wp-content\/uploads\/2025\/06\/5\u00d78-fruit-tray-making-machine-16x12.webp 16w\" sizes=\"auto, (max-width: 720px) 100vw, 720px\" \/><figcaption class=\"wp-element-caption\">Machine de fabrication de plateaux \u00e0 fruits 5\u00d78<\/figcaption><\/figure> <\/figure>    <h2 class=\"wp-block-heading\">Quels types de plateaux de fruits peuvent \u00eatre fabriqu\u00e9s ?<\/h2>    <ul class=\"wp-block-list\"> <li><strong>Plateau \u00e0 pommes :<\/strong> Les types courants ont des conceptions \u00e0 10, 15 ou 20 trous. Chaque fruit a sa propre fente pour \u00e9viter les meurtrissures pendant le transport.<\/li>    <li><strong>Plateau d'orange \/ agrumes :<\/strong> G\u00e9n\u00e9ralement avec 12 ou 15 trous. Les fentes sont plus profondes et rondes, parfaites pour maintenir les fruits ronds et \u00e9viter qu'ils ne roulent.<\/li>    <li><strong>Plateau de kiwi :<\/strong> Vient souvent avec 8 ou 16 trous, parfois con\u00e7u en deux couches. Ce type prot\u00e8ge les fruits fragiles de la pression et des dommages.<\/li>    <li><strong>Plateau de poire :<\/strong> Fabriqu\u00e9 \u00e0 partir de mat\u00e9riau en pulpe douce. La taille du trou est plus grande, adapt\u00e9e aux gros fruits comme les poires neige.<\/li>    <li><strong>Plateau de raisin : <\/strong>Un plateau plat et peu profond utilis\u00e9 pour contenir des grappes de raisins d\u00e9j\u00e0 emball\u00e9es dans des sacs en mousse.<\/li>    <li><strong>Plateau de fraise : <\/strong>G\u00e9n\u00e9ralement fabriqu\u00e9 \u00e0 partir de plastique transparent ou de plateaux en pulpe peu profonds combin\u00e9s avec du papier absorbant, dispos\u00e9s en une seule couche pour prot\u00e9ger chaque baie.<\/li> <\/ul>   <div class=\"wp-block-image\"> <figure class=\"aligncenter size-full\"><img loading=\"lazy\" decoding=\"async\" width=\"720\" height=\"540\" src=\"https:\/\/www.eggtraymaking.com\/wp-content\/uploads\/2025\/06\/Our-Drawing-Design.webp\" alt=\"Notre conception de dessin\" class=\"wp-image-9158\" srcset=\"https:\/\/www.eggtraymaking.com\/wp-content\/uploads\/2025\/06\/Our-Drawing-Design.webp 720w, https:\/\/www.eggtraymaking.com\/wp-content\/uploads\/2025\/06\/Our-Drawing-Design-360x270.webp 360w, https:\/\/www.eggtraymaking.com\/wp-content\/uploads\/2025\/06\/Our-Drawing-Design-240x180.webp 240w, https:\/\/www.eggtraymaking.com\/wp-content\/uploads\/2025\/06\/Our-Drawing-Design-16x12.webp 16w\" sizes=\"auto, (max-width: 720px) 100vw, 720px\" \/><figcaption class=\"wp-element-caption\">Notre conception de dessin<\/figcaption><\/figure> <\/div>   <h2 class=\"wp-block-heading\">Tailles courantes des plateaux de fruits<\/h2>    <figure class=\"wp-block-table\"><table class=\"has-fixed-layout\"><tbody><tr><td>Type de fruit<\/td><td>Nombre de trous<\/td><td>Diam\u00e8tre du trou (mm)<\/td><td>Taille du plateau (mm)<\/td><\/tr><tr><td>Pomme<\/td><td>20 trous<\/td><td>80-100<\/td><td>400*300<\/td><\/tr><tr><td>Orange<\/td><td>12-15 trous<\/td><td>70-90<\/td><td>400*300<\/td><\/tr><tr><td>Kiwi<\/td><td>16 trous<\/td><td>60-70<\/td><td>350*250<\/td><\/tr><tr><td>Poire<\/td><td>10-15 trous<\/td><td>85-100<\/td><td>400*300<\/td><\/tr><\/tbody><\/table><\/figure>    <p>Les tailles \u00e9num\u00e9r\u00e9es ci-dessus sont les plus courantes sur le march\u00e9. Si vous avez des besoins de personnalisation particuliers, n'h\u00e9sitez pas \u00e0 nous contacter. Nous vous r\u00e9pondrons dans les 24 heures !<\/p>    <figure class=\"wp-block-gallery has-nested-images columns-default is-cropped wp-block-gallery-5 is-layout-flex wp-block-gallery-is-layout-flex\"> <figure class=\"wp-block-image size-large\"><img loading=\"lazy\" decoding=\"async\" width=\"720\" height=\"540\" data-id=\"9157\" src=\"https:\/\/www.eggtraymaking.com\/wp-content\/uploads\/2025\/06\/Fruit-Tray-1.webp\" alt=\"Plateau de fruits\" class=\"wp-image-9157\" srcset=\"https:\/\/www.eggtraymaking.com\/wp-content\/uploads\/2025\/06\/Fruit-Tray-1.webp 720w, https:\/\/www.eggtraymaking.com\/wp-content\/uploads\/2025\/06\/Fruit-Tray-1-360x270.webp 360w, https:\/\/www.eggtraymaking.com\/wp-content\/uploads\/2025\/06\/Fruit-Tray-1-240x180.webp 240w, https:\/\/www.eggtraymaking.com\/wp-content\/uploads\/2025\/06\/Fruit-Tray-1-16x12.webp 16w\" sizes=\"auto, (max-width: 720px) 100vw, 720px\" \/><figcaption class=\"wp-element-caption\">Plateau de fruits<\/figcaption><\/figure>    <figure class=\"wp-block-image size-large\"><img loading=\"lazy\" decoding=\"async\" width=\"720\" height=\"540\" data-id=\"9156\" src=\"https:\/\/www.eggtraymaking.com\/wp-content\/uploads\/2025\/06\/Various-Styles-of-Fruit-Trays.webp\" alt=\"Diff\u00e9rents styles de plateaux de fruits\" class=\"wp-image-9156\" srcset=\"https:\/\/www.eggtraymaking.com\/wp-content\/uploads\/2025\/06\/Various-Styles-of-Fruit-Trays.webp 720w, https:\/\/www.eggtraymaking.com\/wp-content\/uploads\/2025\/06\/Various-Styles-of-Fruit-Trays-360x270.webp 360w, https:\/\/www.eggtraymaking.com\/wp-content\/uploads\/2025\/06\/Various-Styles-of-Fruit-Trays-240x180.webp 240w, https:\/\/www.eggtraymaking.com\/wp-content\/uploads\/2025\/06\/Various-Styles-of-Fruit-Trays-16x12.webp 16w\" sizes=\"auto, (max-width: 720px) 100vw, 720px\" \/><figcaption class=\"wp-element-caption\">Diff\u00e9rents styles de plateaux de fruits<\/figcaption><\/figure> <\/figure>","protected":false},"excerpt":{"rendered":"<p>La machine \u00e0 plateaux de fruits peut produire divers types de plateaux de fruits, avec de larges applications et des options de capacit\u00e9 flexibles.<\/p>","protected":false},"author":1,"featured_media":9142,"parent":0,"template":"","tags":[21,457],"product-type":[451],"class_list":["post-9141","product","type-product","status-publish","has-post-thumbnail","hentry","tag-fruit-tray","tag-fruit-tray-making-machine","product-type-pulp-molding-machine"],"_links":{"self":[{"href":"https:\/\/www.eggtraymaking.com\/fr\/wp-json\/wp\/v2\/product\/9141","targetHints":{"allow":["GET"]}}],"collection":[{"href":"https:\/\/www.eggtraymaking.com\/fr\/wp-json\/wp\/v2\/product"}],"about":[{"href":"https:\/\/www.eggtraymaking.com\/fr\/wp-json\/wp\/v2\/types\/product"}],"author":[{"embeddable":true,"href":"https:\/\/www.eggtraymaking.com\/fr\/wp-json\/wp\/v2\/users\/1"}],"wp:featuredmedia":[{"embeddable":true,"href":"https:\/\/www.eggtraymaking.com\/fr\/wp-json\/wp\/v2\/media\/9142"}],"wp:attachment":[{"href":"https:\/\/www.eggtraymaking.com\/fr\/wp-json\/wp\/v2\/media?parent=9141"}],"wp:term":[{"taxonomy":"post_tag","embeddable":true,"href":"https:\/\/www.eggtraymaking.com\/fr\/wp-json\/wp\/v2\/tags?post=9141"},{"taxonomy":"product-type","embeddable":true,"href":"https:\/\/www.eggtraymaking.com\/fr\/wp-json\/wp\/v2\/product-type?post=9141"}],"curies":[{"name":"wp","href":"https:\/\/api.w.org\/{rel}","templated":true}]}}