{"id":1037,"date":"2019-05-28T07:03:45","date_gmt":"2019-05-27T23:03:45","guid":{"rendered":"https:\/\/www.eggtraymaking.com\/?p=1037"},"modified":"2026-03-20T11:29:17","modified_gmt":"2026-03-20T03:29:17","slug":"egg-tray-production-line","status":"publish","type":"product","link":"https:\/\/www.eggtraymaking.com\/fr\/egg-tray-production-line\/","title":{"rendered":"Ligne de production de plateaux \u00e0 \u0153ufs | usine de traitement de plateaux \u00e0 \u0153ufs en pulpe de papier"},"content":{"rendered":"<p>La ligne de production de plateaux \u00e0 \u0153ufs, \u00e9galement appel\u00e9e usine automatique de plateaux \u00e0 \u0153ufs en pulpe de papier, se compose principalement de quatre parties : m\u00e9langeur de pulpe de papier, machine de moulage de plateaux \u00e0 \u0153ufs, machine de s\u00e9chage des plateaux \u00e0 \u0153ufs et machine d'emballage des plateaux \u00e0 \u0153ufs. Cette ligne de production industrielle de plateaux \u00e0 \u0153ufs peut transformer de nombreux papiers usag\u00e9s, journaux, cartons usag\u00e9s et bo\u00eetes en papier en plateaux \u00e0 \u0153ufs, plateaux \u00e0 fruits, plateaux \u00e0 gobelets en papier, bo\u00eetes \u00e0 lunch en papier jetables, etc.<\/p>    <p class=\"translation-block\">Nous avons export\u00e9 dans de nombreux pays \u00e9trangers. Par exemple, le Nigeria, la Zambie, le Cameroun, etc. Zhengzhou Shuliy Machinery Co., Ltd est engag\u00e9e dans l'industrie des machines \u00e0 caisses \u00e0 \u0153ufs depuis dix ans, avec une riche exp\u00e9rience de production et un support technique avanc\u00e9. Nous avons \u00e9galement envoy\u00e9 notre ing\u00e9nieur dans la ville de nos clients pour installer la <strong><a href=\"https:\/\/www.eggtraymaking.com\/fr\/category\/egg-tray-machine-by-capacity\/\">machine de fabrication de caisses \u00e0 \u0153ufs en papier<\/a><\/strong>. De plus, notre ing\u00e9nieur peut vous aider \u00e0 concevoir le plan de l'usine en fonction de la situation r\u00e9elle. Le prix des caisses \u00e0 \u0153ufs en papier est \u00e9galement une pr\u00e9occupation majeure pour les gens. <\/p>      <h2 class=\"wp-block-heading\" id=\"h-industrial-egg-tray-production-line\"><strong>Industriel<\/strong> <strong>Ligne de production de plateaux \u00e0 \u0153ufs<\/strong><\/h2>    <p>Le processus de production utilisant la ligne de production de plateaux \u00e0 \u0153ufs pour traiter les plateaux \u00e0 \u0153ufs comprend principalement la collecte de papier recycl\u00e9, la production de pulpe, la dilution de la pulpe, le moulage des plateaux \u00e0 \u0153ufs, le s\u00e9chage des plateaux \u00e0 \u0153ufs, le tri des plateaux \u00e0 \u0153ufs et l'emballage.<\/p>   <div class=\"wp-block-image\"> <figure class=\"aligncenter size-large\"><img loading=\"lazy\" decoding=\"async\" width=\"720\" height=\"540\" src=\"https:\/\/www.eggtraymaking.com\/wp-content\/uploads\/2020\/10\/egg-tray-making-process.jpg\" alt=\"processus de fabrication de plateaux \u00e0 \u0153ufs\" class=\"wp-image-3170\" srcset=\"https:\/\/www.eggtraymaking.com\/wp-content\/uploads\/2020\/10\/egg-tray-making-process.jpg 720w, https:\/\/www.eggtraymaking.com\/wp-content\/uploads\/2020\/10\/egg-tray-making-process-240x180.jpg 240w, https:\/\/www.eggtraymaking.com\/wp-content\/uploads\/2020\/10\/egg-tray-making-process-360x270.jpg 360w\" sizes=\"auto, (max-width: 720px) 100vw, 720px\" \/><figcaption class=\"wp-element-caption\">machine de fabrication de plateaux \u00e0 \u0153ufs<\/figcaption><\/figure> <\/div>   <h2 class=\"wp-block-heading\">Vid\u00e9o de la ligne de production de plateaux \u00e0 \u0153ufs<\/h2>    <figure class=\"wp-block-embed is-type-video is-provider-youtube wp-block-embed-youtube wp-embed-aspect-16-9 wp-has-aspect-ratio\"><div class=\"wp-block-embed__wrapper\"> <iframe loading=\"lazy\" title=\"Vid\u00e9o de fonctionnement de la machine de fabrication de plateaux \u00e0 \u0153ufs 2000 pcs\/h | Ligne de production de plateaux \u00e0 \u0153ufs en papier\" width=\"500\" height=\"281\" src=\"https:\/\/www.youtube.com\/embed\/Qwjz069mREg?feature=oembed\" frameborder=\"0\" allow=\"accelerometer; autoplay; clipboard-write; encrypted-media; gyroscope; picture-in-picture; web-share\" referrerpolicy=\"strict-origin-when-cross-origin\" allowfullscreen><\/iframe> <\/div><\/figure>    <h2 class=\"wp-block-heading\" id=\"h-raw-materials-of-egg-tray-production-line\">Mat\u00e9riaux bruts de la ligne de production de plateaux \u00e0 \u0153ufs <\/h2>    <p>Les mati\u00e8res premi\u00e8res utilis\u00e9es pour fabriquer des plateaux \u00e0 \u0153ufs sont g\u00e9n\u00e9ralement toutes sortes de papier usag\u00e9, de journaux usag\u00e9s, de cartons, de cahiers usag\u00e9s, de papier publicitaire sans plastique, etc.<\/p>    <figure class=\"wp-block-gallery has-nested-images columns-default is-cropped wp-block-gallery-2 is-layout-flex wp-block-gallery-is-layout-flex\"> <figure class=\"wp-block-image size-large\"><img loading=\"lazy\" decoding=\"async\" width=\"720\" height=\"540\" data-id=\"3175\" src=\"https:\/\/www.eggtraymaking.com\/wp-content\/uploads\/2019\/05\/waste-cartons.jpg\" alt=\"cartons d&#039;emballage&lt;\/s&gt;\" class=\"wp-image-3175\" srcset=\"https:\/\/www.eggtraymaking.com\/wp-content\/uploads\/2019\/05\/waste-cartons.jpg 720w, https:\/\/www.eggtraymaking.com\/wp-content\/uploads\/2019\/05\/waste-cartons-240x180.jpg 240w, https:\/\/www.eggtraymaking.com\/wp-content\/uploads\/2019\/05\/waste-cartons-360x270.jpg 360w\" sizes=\"auto, (max-width: 720px) 100vw, 720px\" \/><figcaption class=\"wp-element-caption\">Cartons de d\u00e9chets<\/figcaption><\/figure>    <figure class=\"wp-block-image size-large\"><img loading=\"lazy\" decoding=\"async\" width=\"720\" height=\"540\" data-id=\"3176\" src=\"https:\/\/www.eggtraymaking.com\/wp-content\/uploads\/2019\/05\/waste-papers.jpg\" alt=\"papiers usag\u00e9s\" class=\"wp-image-3176\" srcset=\"https:\/\/www.eggtraymaking.com\/wp-content\/uploads\/2019\/05\/waste-papers.jpg 720w, https:\/\/www.eggtraymaking.com\/wp-content\/uploads\/2019\/05\/waste-papers-240x180.jpg 240w, https:\/\/www.eggtraymaking.com\/wp-content\/uploads\/2019\/05\/waste-papers-360x270.jpg 360w\" sizes=\"auto, (max-width: 720px) 100vw, 720px\" \/><figcaption class=\"wp-element-caption\">Papiers usag\u00e9s<\/figcaption><\/figure> <\/figure>    <h2 class=\"wp-block-heading\" id=\"h-paper-pulp-mixer-of-egg-tray-production-line\">M\u00e9langeur de pulpe de papier de la ligne de production de plateaux \u00e0 \u0153ufs<\/h2>    <p>Le m\u00e9langeur de p\u00e2te \u00e0 papier, \u00e0 savoir l'\u00e9quipement de p\u00e2te \u00e0 papier, est une partie n\u00e9cessaire et la premi\u00e8re partie du moulage de p\u00e2te. Les vieux journaux, les impuret\u00e9s, les cartons et d'autres papiers usag\u00e9s sont transform\u00e9s en une certaine concentration de bouillie, qui est utilis\u00e9e pour le moulage.&nbsp;<\/p>    <p>L'\u00e9quipement de pulpage de papier de la machine de fabrication de plateaux \u00e0 \u0153ufs se compose principalement d'un pulpeur hydraulique, d'un \u00e9cran vibrant, d'un contr\u00f4le de consistance, d'un broyeur, d'une pompe \u00e0 pulpe, d'une pompe \u00e0 eau et d'une bo\u00eete de contr\u00f4le. Selon les clients, des exigences diff\u00e9rentes peuvent n\u00e9cessiter l'ajout d'\u00e9crans \u00e0 pression, de raffineurs, etc. <\/p>    <figure class=\"wp-block-gallery has-nested-images columns-default is-cropped wp-block-gallery-3 is-layout-flex wp-block-gallery-is-layout-flex\"> <figure class=\"wp-block-image size-large\"><img loading=\"lazy\" decoding=\"async\" width=\"750\" height=\"500\" data-id=\"1189\" src=\"https:\/\/www.eggtraymaking.com\/wp-content\/uploads\/2019\/05\/Pulping-Equipment-5.jpg\" alt=\"\u00c9quipement de pulpage (5)\" class=\"wp-image-1189\" srcset=\"https:\/\/www.eggtraymaking.com\/wp-content\/uploads\/2019\/05\/Pulping-Equipment-5.jpg 750w, https:\/\/www.eggtraymaking.com\/wp-content\/uploads\/2019\/05\/Pulping-Equipment-5-360x240.jpg 360w\" sizes=\"auto, (max-width: 750px) 100vw, 750px\" \/><figcaption class=\"wp-element-caption\">\u00c9quipement de pulpage (5)<\/figcaption><\/figure>    <figure class=\"wp-block-image size-large\"><img loading=\"lazy\" decoding=\"async\" width=\"750\" height=\"500\" data-id=\"1190\" src=\"https:\/\/www.eggtraymaking.com\/wp-content\/uploads\/2019\/05\/Pulping-Equipment.jpg\" alt=\"\u00c9quipement de pulpage\" class=\"wp-image-1190\" srcset=\"https:\/\/www.eggtraymaking.com\/wp-content\/uploads\/2019\/05\/Pulping-Equipment.jpg 750w, https:\/\/www.eggtraymaking.com\/wp-content\/uploads\/2019\/05\/Pulping-Equipment-360x240.jpg 360w\" sizes=\"auto, (max-width: 750px) 100vw, 750px\" \/><figcaption class=\"wp-element-caption\">\u00c9quipement de pulpage<\/figcaption><\/figure> <\/figure>    <h2 class=\"wp-block-heading\" id=\"h-egg-tray-manufacturing-machine\">Machine de fabrication de plateaux \u00e0 \u0153ufs<\/h2>    <p class=\"translation-block\">La<strong> <a href=\"https:\/\/www.eggtraymaking.com\/fr\/egg-tray-making-machine\/\">machine de fabrication de caisses \u00e0 \u0153ufs<\/a><\/strong> est la machine principale pour l'ensemble de l'usine de traitement de caisses \u00e0 \u0153ufs en pulpe de papier. Cette partie se compose principalement d'un moule de transfert et d'un moule de formage. Gr\u00e2ce \u00e0 la fonction de vide, la pulpe est fix\u00e9e uniform\u00e9ment sur le moule de formage, puis le moule de transfert envoie la caisse \u00e0 \u0153ufs au syst\u00e8me de s\u00e9chage pour le s\u00e9chage. Ou vous pouvez choisir une m\u00e9thode de s\u00e9chage naturelle. <\/p>   <div class=\"wp-block-image\"> <figure class=\"aligncenter size-large\"><img loading=\"lazy\" decoding=\"async\" width=\"720\" height=\"540\" src=\"https:\/\/www.eggtraymaking.com\/wp-content\/uploads\/2019\/05\/egg-tray-press-machine.jpg\" alt=\"machine \u00e0 fabriquer des plateaux \u00e0 \u0153ufs\" class=\"wp-image-3178\" srcset=\"https:\/\/www.eggtraymaking.com\/wp-content\/uploads\/2019\/05\/egg-tray-press-machine.jpg 720w, https:\/\/www.eggtraymaking.com\/wp-content\/uploads\/2019\/05\/egg-tray-press-machine-240x180.jpg 240w, https:\/\/www.eggtraymaking.com\/wp-content\/uploads\/2019\/05\/egg-tray-press-machine-360x270.jpg 360w\" sizes=\"auto, (max-width: 720px) 100vw, 720px\" \/><figcaption class=\"wp-element-caption\">machine \u00e0 fabriquer des plateaux \u00e0 \u0153ufs<\/figcaption><\/figure> <\/div>   <p>Le moule de plateau \u00e0 \u0153ufs est en aluminium et en plastique, et le maillage est en acier inoxydable. Si vous fabriquez un abrasif en forme, il doit s'agir d'un abrasif en aluminium. Nous avons des clients fabriquant des plateaux \u00e0 \u0153ufs en Afrique du Sud. Si vous souhaitez voir cette machine, nous pouvons lui demander de l'aide.<\/p>    <h2 class=\"wp-block-heading\" id=\"h-egg-tray-dryer-machine\">Machine de s\u00e9chage de plateaux \u00e0 \u0153ufs<\/h2>    <p>Le s\u00e9chage des plateaux \u00e0 \u0153ufs comprend principalement quatre m\u00e9thodes. La premi\u00e8re est le s\u00e9chage naturel. Cette m\u00e9thode n'est adapt\u00e9e qu'aux tr\u00e8s petites capacit\u00e9s de plateaux \u00e0 \u0153ufs en papier, ce qui permet d'\u00e9conomiser beaucoup d'\u00e9nergie et d'\u00e9lectricit\u00e9. <\/p>    <p>La deuxi\u00e8me m\u00e9thode consiste \u00e0 utiliser le chariot. Placez le plateau d'\u0153ufs sur le chariot, ce qui peut \u00e9conomiser beaucoup d'espace et d'\u00e9lectricit\u00e9. La troisi\u00e8me m\u00e9thode est d'utiliser des briques pour s\u00e9cher. C'est une m\u00e9thode de s\u00e9chage tr\u00e8s rentable. Et elle convient \u00e0 un rendement l\u00e9g\u00e8rement plus \u00e9lev\u00e9. <\/p>    <p>Le dernier dans la machine de fabrication de plateaux \u00e0 \u0153ufs en papier est la machine de s\u00e9chage des plateaux \u00e0 \u0153ufs, qui est la plus efficace. Nous pouvons fournir le plan de l'usine pour les diff\u00e9rentes exigences des diff\u00e9rents clients. Si la capacit\u00e9 est de 1000 pi\u00e8ces par heure, la longueur du four \u00e0 briques doit \u00eatre d'environ 20 m. Si la capacit\u00e9 est plus grande, la longueur du four \u00e0 briques doit \u00eatre d'environ 40-50 m. <\/p>    <figure class=\"wp-block-gallery has-nested-images columns-default is-cropped wp-block-gallery-4 is-layout-flex wp-block-gallery-is-layout-flex\"> <figure class=\"wp-block-image size-large\"><img loading=\"lazy\" decoding=\"async\" width=\"750\" height=\"562\" data-id=\"1143\" src=\"https:\/\/www.eggtraymaking.com\/wp-content\/uploads\/2019\/05\/layers-drying-line-with-machine.jpg\" alt=\"Ligne de production de plateaux \u00e0 \u0153ufs\" class=\"wp-image-1143\" srcset=\"https:\/\/www.eggtraymaking.com\/wp-content\/uploads\/2019\/05\/layers-drying-line-with-machine.jpg 750w, https:\/\/www.eggtraymaking.com\/wp-content\/uploads\/2019\/05\/layers-drying-line-with-machine-240x180.jpg 240w, https:\/\/www.eggtraymaking.com\/wp-content\/uploads\/2019\/05\/layers-drying-line-with-machine-360x270.jpg 360w\" sizes=\"auto, (max-width: 750px) 100vw, 750px\" \/><figcaption class=\"wp-element-caption\">Machine de s\u00e9chage de plateaux \u00e0 \u0153ufs<\/figcaption><\/figure> <\/figure>    <h2 class=\"wp-block-heading\" id=\"h-packaging-process-of-paper-pulp-egg-tray-plant\">Processus d'emballage de l'usine de plateaux \u00e0 \u0153ufs en pulpe de papier<\/h2>    <p class=\"translation-block\">Nous pouvons obtenir le produit fini apr\u00e8s les <a href=\"https:\/\/www.eggtraymaking.com\/fr\/pulping-equipment\/\">\u00e9quipements de mise en pulpe<\/a>, les \u00e9quipements de moulage de caisses \u00e0 \u0153ufs et le s\u00e9choir \u00e0 caisses \u00e0 \u0153ufs. Ensuite, les caisses \u00e0 \u0153ufs en papier finies peuvent \u00eatre emball\u00e9es pour le stockage. <\/p>    <figure class=\"wp-block-gallery has-nested-images columns-default is-cropped wp-block-gallery-5 is-layout-flex wp-block-gallery-is-layout-flex\"> <figure class=\"wp-block-image size-large\"><img loading=\"lazy\" decoding=\"async\" width=\"750\" height=\"572\" data-id=\"1115\" src=\"https:\/\/www.eggtraymaking.com\/wp-content\/uploads\/2019\/05\/Packing-equipment.jpg\" alt=\"Ligne de production de plateaux \u00e0 \u0153ufs\" class=\"wp-image-1115\" srcset=\"https:\/\/www.eggtraymaking.com\/wp-content\/uploads\/2019\/05\/Packing-equipment.jpg 750w, https:\/\/www.eggtraymaking.com\/wp-content\/uploads\/2019\/05\/Packing-equipment-354x270.jpg 354w\" sizes=\"auto, (max-width: 750px) 100vw, 750px\" \/><\/figure> <\/figure>    <h2 class=\"wp-block-heading\" id=\"h-advantages-of-the-egg-tray-production-line\"><strong>Avantages de la ligne de production de plateaux \u00e0 \u0153ufs<\/strong><strong><\/strong><\/h2>    <p class=\"translation-block\"><b>1.The raw material is easy to collect &#8211; waste paper<\/b><\/p>    <p>Les journaux usag\u00e9s, le carton, les impuret\u00e9s, le papier d'emballage, le papier de livre et d'autres papiers usag\u00e9s sont tr\u00e8s courants dans notre vie quotidienne. En g\u00e9n\u00e9ral, le papier usag\u00e9 fait r\u00e9f\u00e9rence aux ressources renouvelables qui ont \u00e9t\u00e9 jet\u00e9es apr\u00e8s avoir \u00e9t\u00e9 utilis\u00e9es dans la production et la vie. Il est donc facile \u00e0 collecter. De plus, le co\u00fbt de la collecte de papier usag\u00e9 est relativement bas. Le recyclage du papier usag\u00e9 permet non seulement d'\u00e9conomiser des co\u00fbts, mais aussi de prot\u00e9ger l'environnement.<\/p>    <p class=\"translation-block\"><b>2. La production enti\u00e8rement automatique peut r\u00e9duire les co\u00fbts<\/b><\/p>    <p>La ligne de production de plateaux \u00e0 \u0153ufs est une ligne de production enti\u00e8rement automatique. Une production n\u00e9cessite seulement 3 \u00e0 5 personnes pour fonctionner, ce qui r\u00e9duit consid\u00e9rablement les co\u00fbts de main-d'\u0153uvre. Toutes les parties de la ligne de production de plateaux \u00e0 \u0153ufs sont \u00e9troitement connect\u00e9es. <\/p>    <p class=\"translation-block\"><b>3. Larges perspectives de vente<\/b><\/p>   <div class=\"wp-block-image\"> <figure class=\"aligncenter size-large\"><img loading=\"lazy\" decoding=\"async\" width=\"720\" height=\"540\" src=\"https:\/\/www.eggtraymaking.com\/wp-content\/uploads\/2019\/05\/various-paper-pulp-trays-made-by-the-egg-tray-production-line.jpg\" alt=\"plateaux de pulpe de papier vari\u00e9s fabriqu\u00e9s par la ligne de production de plateaux d&#039;\u0153ufs\" class=\"wp-image-3181\" srcset=\"https:\/\/www.eggtraymaking.com\/wp-content\/uploads\/2019\/05\/various-paper-pulp-trays-made-by-the-egg-tray-production-line.jpg 720w, https:\/\/www.eggtraymaking.com\/wp-content\/uploads\/2019\/05\/various-paper-pulp-trays-made-by-the-egg-tray-production-line-240x180.jpg 240w, https:\/\/www.eggtraymaking.com\/wp-content\/uploads\/2019\/05\/various-paper-pulp-trays-made-by-the-egg-tray-production-line-360x270.jpg 360w\" sizes=\"auto, (max-width: 720px) 100vw, 720px\" \/><figcaption class=\"wp-element-caption\">Divers plateaux en pulpe de papier fabriqu\u00e9s par la ligne de production de plateaux \u00e0 \u0153ufs<\/figcaption><\/figure> <\/div>   <p>Le plateau \u00e0 \u0153ufs en papier est largement utilis\u00e9 dans divers domaines. Par exemple, les cartons \u00e0 \u0153ufs, les produits fragiles ces derniers temps, les plateaux \u00e0 fruits, etc. Parce qu'il ne pollue pas l'environnement. Le plateau \u00e0 \u0153ufs produit dans une usine de plateaux \u00e0 \u0153ufs en pulpe de papier est \u00e9galement adapt\u00e9 \u00e0 divers produits. Ainsi, la demande pour ce produit est tr\u00e8s grande.<\/p>    <p class=\"translation-block\"><b>4. Grande capacit\u00e9 de production<\/b><\/p>    <p>L'usine de plateaux \u00e0 \u0153ufs en p\u00e2te de papier peut fonctionner en continu. Plus de plaques, plus de capacit\u00e9. La production maximale de l'usine de traitement de plateaux \u00e0 \u0153ufs en p\u00e2te de papier est de 8000 en une heure. Plus la production est \u00e9lev\u00e9e, plus le co\u00fbt de recyclage est rapide. <\/p>    <figure class=\"wp-block-embed is-type-video is-provider-youtube wp-block-embed-youtube wp-embed-aspect-16-9 wp-has-aspect-ratio\"><div class=\"wp-block-embed__wrapper\"> <iframe loading=\"lazy\" title=\"Retour d&#039;exp\u00e9rience client 2021 ! Usine de production de plateaux \u00e0 \u0153ufs | Machine de fabrication de cartons pour caisses \u00e0 \u0153ufs\" width=\"500\" height=\"281\" src=\"https:\/\/www.youtube.com\/embed\/52_scts8Y7A?feature=oembed\" frameborder=\"0\" allow=\"accelerometer; autoplay; clipboard-write; encrypted-media; gyroscope; picture-in-picture; web-share\" referrerpolicy=\"strict-origin-when-cross-origin\" allowfullscreen><\/iframe> <\/div><\/figure>    <p>Zhengzhou Shuliy Machinery a une grande exp\u00e9rience dans la production de plateaux \u00e0 \u0153ufs. Le prix de la machine \u00e0 plateaux \u00e0 \u0153ufs est tout \u00e0 fait raisonnable. La ligne de production de plateaux \u00e0 \u0153ufs pr\u00e9sente de nombreux avantages, ce qui en fait un bon choix pour les personnes souhaitant investir. <\/p>    <h2 class=\"wp-block-heading\" id=\"h-finished-egg-trays-display\">Affichage des plateaux \u00e0 \u0153ufs finis<\/h2>    <p class=\"translation-block\">La<strong> <a href=\"https:\/\/www.eggtraymaking.com\/fr\/egg-tray-making-machine\/\">machine de fabrication de caisses \u00e0 \u0153ufs<\/a><\/strong> commerciale peut \u00eatre utilis\u00e9e pour traiter diverses sp\u00e9cifications de produits de caisses \u00e0 \u0153ufs, et le nombre d'\u0153ufs plac\u00e9s sur la caisse \u00e0 \u0153ufs peut \u00eatre personnalis\u00e9. Les plus courants sont les caisses \u00e0 4 \u0153ufs, 6 \u0153ufs, 8 \u0153ufs, 12 \u0153ufs et 20 \u0153ufs. Caisses \u00e0 \u0153ufs, 30 \u0153ufs, etc.<\/p>   <div class=\"wp-block-image\"> <figure class=\"aligncenter size-large\"><img loading=\"lazy\" decoding=\"async\" width=\"720\" height=\"540\" src=\"https:\/\/www.eggtraymaking.com\/wp-content\/uploads\/2019\/05\/egg-trays-with-different-specifications.jpg\" alt=\"plateaux \u00e0 \u0153ufs avec diff\u00e9rentes sp\u00e9cifications\" class=\"wp-image-3180\" srcset=\"https:\/\/www.eggtraymaking.com\/wp-content\/uploads\/2019\/05\/egg-trays-with-different-specifications.jpg 720w, https:\/\/www.eggtraymaking.com\/wp-content\/uploads\/2019\/05\/egg-trays-with-different-specifications-240x180.jpg 240w, https:\/\/www.eggtraymaking.com\/wp-content\/uploads\/2019\/05\/egg-trays-with-different-specifications-360x270.jpg 360w\" sizes=\"auto, (max-width: 720px) 100vw, 720px\" \/><figcaption class=\"wp-element-caption\">plateaux \u00e0 \u0153ufs avec diff\u00e9rentes sp\u00e9cifications<\/figcaption><\/figure> <\/div>   <h2 class=\"wp-block-heading\">Certains facteurs affectant le prix de la machine \u00e0 fabriquer des plateaux en papier pour \u0153ufs<\/h2>    <p class=\"translation-block\"> As the economy develops more and more perfectly, the paper egg tray-making machine market has also developed rapidly. The variety of commodities has brought many business opportunities to the price of egg tray production equipment, making people&#8217;s lives full of special colors. The quality of the egg tray is also the focus of attention, <a href=\"https:\/\/www.eggtraymaking.com\/fr\/some-factors-affecting-the-price-of-egg-tray-production-equipment\/\">some factors<\/a> should be paid attention to. <\/p>    <h2 class=\"wp-block-heading\">Nettoyage et entretien de la machine \u00e0 plateaux \u00e0 \u0153ufs<\/h2>    <p class=\"translation-block\">Le mat\u00e9riau de<strong>\u00a0<a href=\"https:\/\/www.eggtraymaking.com\/fr\/egg-tray-making-machine\/\">l'\u00e9quipement de caisses \u00e0 \u0153ufs<\/a>\u00a0<\/strong>est en acier inoxydable. Dans des circonstances normales, la machine \u00e0 caisses \u00e0 \u0153ufs ne rouillera pas. Cependant, si l'utilisation ou <a href=\"https:\/\/www.eggtraymaking.com\/fr\/maintenance-of-egg-tray-machine\/\">l'entretien<\/a> est inappropri\u00e9, ou si l'environnement de la machine \u00e0 caisses \u00e0 \u0153ufs est trop mauvais, la machine \u00e0 caisses \u00e0 \u0153ufs peut rouiller. L'op\u00e9rateur doit am\u00e9liorer la conscience de l'entretien de la machine \u00e0 caisses \u00e0 \u0153ufs et faire un bon travail d'entretien. Une utilisation inappropri\u00e9e de la machine \u00e0 caisses \u00e0 \u0153ufs provoquera de la rouille et un d\u00e9gommage. Une attention particuli\u00e8re doit \u00eatre accord\u00e9e \u00e0 une utilisation appropri\u00e9e pour \u00e9viter ces deux ph\u00e9nom\u00e8nes.<\/p>","protected":false},"excerpt":{"rendered":"<p>La ligne de production de plateaux \u00e0 \u0153ufs, \u00e9galement appel\u00e9e usine automatique de plateaux \u00e0 \u0153ufs en pulpe de papier, se compose principalement de quatre parties : m\u00e9langeur de pulpe de papier, machine de moulage de plateaux \u00e0 \u0153ufs, machine de s\u00e9chage des plateaux \u00e0 \u0153ufs et machine d'emballage des plateaux \u00e0 \u0153ufs. Cette ligne de production industrielle de plateaux \u00e0 \u0153ufs peut transformer de nombreux papiers usag\u00e9s, journaux, cartons usag\u00e9s et bo\u00eetes en papier en plateaux \u00e0 \u0153ufs, plateaux \u00e0 fruits, plateaux \u00e0 gobelets en papier, bo\u00eetes \u00e0 lunch en papier jetables, etc.<\/p>","protected":false},"author":1,"featured_media":9663,"parent":0,"template":"","tags":[433,13,431,432],"product-type":[450],"class_list":["post-1037","product","type-product","status-publish","has-post-thumbnail","hentry","tag-egg-carton-machine","tag-egg-tray-making-machine","tag-egg-tray-production-line-2","tag-paper-pulp-egg-tray-machine","product-type-production-line"],"_links":{"self":[{"href":"https:\/\/www.eggtraymaking.com\/fr\/wp-json\/wp\/v2\/product\/1037","targetHints":{"allow":["GET"]}}],"collection":[{"href":"https:\/\/www.eggtraymaking.com\/fr\/wp-json\/wp\/v2\/product"}],"about":[{"href":"https:\/\/www.eggtraymaking.com\/fr\/wp-json\/wp\/v2\/types\/product"}],"author":[{"embeddable":true,"href":"https:\/\/www.eggtraymaking.com\/fr\/wp-json\/wp\/v2\/users\/1"}],"wp:featuredmedia":[{"embeddable":true,"href":"https:\/\/www.eggtraymaking.com\/fr\/wp-json\/wp\/v2\/media\/9663"}],"wp:attachment":[{"href":"https:\/\/www.eggtraymaking.com\/fr\/wp-json\/wp\/v2\/media?parent=1037"}],"wp:term":[{"taxonomy":"post_tag","embeddable":true,"href":"https:\/\/www.eggtraymaking.com\/fr\/wp-json\/wp\/v2\/tags?post=1037"},{"taxonomy":"product-type","embeddable":true,"href":"https:\/\/www.eggtraymaking.com\/fr\/wp-json\/wp\/v2\/product-type?post=1037"}],"curies":[{"name":"wp","href":"https:\/\/api.w.org\/{rel}","templated":true}]}}