{"id":1010,"date":"2019-05-28T02:19:28","date_gmt":"2019-05-28T02:19:28","guid":{"rendered":"https:\/\/www.eggtraymaking.com\/?p=1010"},"modified":"2026-04-10T11:48:10","modified_gmt":"2026-04-10T03:48:10","slug":"4-side-egg-tray-machine","status":"publish","type":"product","link":"https:\/\/www.eggtraymaking.com\/fr\/4-side-egg-tray-machine\/","title":{"rendered":"Machine \u00e0 plateau \u00e0 \u0153ufs 4 c\u00f4t\u00e9s"},"content":{"rendered":"<p>Les plateaux \u00e0 \u0153ufs sont principalement utilis\u00e9s pour l'emballage des \u0153ufs tels que les \u0153ufs de poule et les \u0153ufs de canard. Leur fonction principale est d'absorber les vibrations et de r\u00e9duire les dommages aux mat\u00e9riaux fragiles pendant le transport. C'est la machine principale pour produire des plateaux \u00e0 \u0153ufs. <\/p>    <h2 class=\"wp-block-heading\">Processus de production complet<\/h2>    <p class=\"translation-block\">Waste paper &#8211; <a href=\"https:\/\/www.eggtraymaking.com\/fr\/pulping-equipment\/\">pulping<\/a> &#8211; <a href=\"https:\/\/en.wikipedia.org\/wiki\/Pulp_(paper)\" target=\"_blank\" rel=\"noopener\">pulp<\/a> mixing &#8211; sifting &#8211; pulp supply &#8211; shaping &#8211; drying &#8211; integer &#8211; check out &#8211; package<\/p>    <figure class=\"wp-block-image\"><img loading=\"lazy\" decoding=\"async\" width=\"800\" height=\"697\" src=\"https:\/\/www.eggtraymaking.com\/wp-content\/uploads\/2019\/05\/Egg-Tray-Machine-5-1.jpg\" alt=\"\" class=\"wp-image-1061\" srcset=\"https:\/\/www.eggtraymaking.com\/wp-content\/uploads\/2019\/05\/Egg-Tray-Machine-5-1.jpg 800w, https:\/\/www.eggtraymaking.com\/wp-content\/uploads\/2019\/05\/Egg-Tray-Machine-5-1-310x270.jpg 310w, https:\/\/www.eggtraymaking.com\/wp-content\/uploads\/2019\/05\/Egg-Tray-Machine-5-1-768x669.jpg 768w\" sizes=\"auto, (max-width: 800px) 100vw, 800px\" \/><\/figure>    <h2 class=\"wp-block-heading\">Param\u00e8tre de machine \u00e0 plateaux d'\u0153ufs \u00e0 4 c\u00f4t\u00e9s<\/h2>    <figure class=\"wp-block-table\"><table><tbody><tr><td>Mod\u00e8le<\/td><td>Capacit\u00e9<\/td><td>Consommation d'\u00e9lectricit\u00e9<\/td><td>Consommation d'eau<\/td><td>Consommation de papier<\/td><td>Travailleur<\/td><\/tr><tr><td>SL-3*4<\/td><td>2000-2500pcs\/h<\/td><td>58kw\/h<\/td><td>450kg\/h<\/td><td>200kg\/h<\/td><td>4-5<\/td><\/tr><tr><td>SL-4*4<\/td><td>3000-3500pcs\/h<\/td><td><br>78kw\/h<\/td><td>560kg\/h<\/td><td>280kg\/h<\/td><td>4-5<\/td><\/tr><\/tbody><\/table><\/figure>    <figure class=\"wp-block-gallery has-nested-images columns-default is-cropped wp-block-gallery-2 is-layout-flex wp-block-gallery-is-layout-flex\"> <figure class=\"wp-block-image\"><img loading=\"lazy\" decoding=\"async\" width=\"800\" height=\"800\" data-id=\"1062\" src=\"https:\/\/www.eggtraymaking.com\/wp-content\/uploads\/2019\/05\/SL-34Egg-Tray-Machine-1.jpg\" alt=\"Machine \u00e0 alv\u00e9oles \u00e0 \u0153ufs SL-3*4\" class=\"wp-image-1062\" srcset=\"https:\/\/www.eggtraymaking.com\/wp-content\/uploads\/2019\/05\/SL-34Egg-Tray-Machine-1.jpg 800w, https:\/\/www.eggtraymaking.com\/wp-content\/uploads\/2019\/05\/SL-34Egg-Tray-Machine-1-270x270.jpg 270w, https:\/\/www.eggtraymaking.com\/wp-content\/uploads\/2019\/05\/SL-34Egg-Tray-Machine-1-768x768.jpg 768w\" sizes=\"auto, (max-width: 800px) 100vw, 800px\" \/><figcaption class=\"wp-element-caption\">Machine \u00e0 plateaux \u00e0 \u0153ufs Sl-3*4<\/figcaption><\/figure>    <figure class=\"wp-block-image\"><img loading=\"lazy\" decoding=\"async\" width=\"800\" height=\"800\" data-id=\"1063\" src=\"https:\/\/www.eggtraymaking.com\/wp-content\/uploads\/2019\/05\/SL-44-Egg-Tray-Machine-6.jpg\" alt=\"Machine \u00e0 alv\u00e9oles \u00e0 \u0153ufs SL-4*4\" class=\"wp-image-1063\" srcset=\"https:\/\/www.eggtraymaking.com\/wp-content\/uploads\/2019\/05\/SL-44-Egg-Tray-Machine-6.jpg 800w, https:\/\/www.eggtraymaking.com\/wp-content\/uploads\/2019\/05\/SL-44-Egg-Tray-Machine-6-270x270.jpg 270w, https:\/\/www.eggtraymaking.com\/wp-content\/uploads\/2019\/05\/SL-44-Egg-Tray-Machine-6-768x768.jpg 768w\" sizes=\"auto, (max-width: 800px) 100vw, 800px\" \/><figcaption class=\"wp-element-caption\">Machine \u00e0 plateaux \u00e0 \u0153ufs Sl-4*4<\/figcaption><\/figure> <\/figure>    <h2 class=\"wp-block-heading\">Introduction du mod\u00e8le SL-3*4 <\/h2>    <p>Le mod\u00e8le SL-3*4 peut produire environ 2000-2500 pi\u00e8ces par heure. Cette machine poss\u00e8de quatre plaques. La plaque tourne en permanence. Par cons\u00e9quent, elle permet de gagner beaucoup de temps d'attente. C'est une machine rotative, avec des plaques de multi-formage et une plaque de transfert. Ce design am\u00e9liorera l'efficacit\u00e9 et augmentera consid\u00e9rablement la capacit\u00e9 et le profit par rapport \u00e0 la machine inclinable. <\/p>    <p>Le mod\u00e8le SL-4*4 peut produire environ 3000-3500 plateaux \u00e0 \u0153ufs par heure. Ce mod\u00e8le a quatre plaques. Il faut environ 4 \u00e0 5 personnes pour faire fonctionner l'ensemble de la production. Si l'utilisateur souhaite fabriquer des plateaux \u00e0 \u0153ufs de diff\u00e9rentes couleurs, il suffit d'ajouter de la couleur \u00e0 la cuve de pulpe. La couleur de la pulpe changera apr\u00e8s agitation. La teinte de la couleur est li\u00e9e \u00e0 la proportion de la couleur et de la pulpe.<\/p>    <ol class=\"wp-block-list\"> <li>\u00c9conomie de co\u00fbts de main-d'\u0153uvre : Les quatre c\u00f4t\u00e9s <strong><a href=\"https:\/\/www.eggtraymaking.com\/fr\/egg-tray-making-machine\/\">machine \u00e0 plateaux d'\u0153ufs<\/a><\/strong> est une ligne de production compl\u00e8te, qui n'a besoin que de 5 \u00e0 6 personnes pour fonctionner. Cela permet d'\u00e9conomiser consid\u00e9rablement sur les co\u00fbts de main-d'\u0153uvre et d'am\u00e9liorer l'efficacit\u00e9 au travail. Les co\u00fbts de main-d'\u0153uvre sont particuli\u00e8rement \u00e9lev\u00e9s dans certains pays. Ainsi, la production automatis\u00e9e r\u00e9duira consid\u00e9rablement les co\u00fbts de production. <\/li>    <li>Mat\u00e9riau brut bon march\u00e9 : Le mat\u00e9riau brut pour fabriquer divers plateaux \u00e0 \u0153ufs est principalement constitu\u00e9 de toutes sortes de papier usag\u00e9. Comme le papier usag\u00e9 provenant de livres, de journaux, etc. Les d\u00e9chets sont assez bon march\u00e9, ce qui r\u00e9duit consid\u00e9rablement le co\u00fbt. Le mod\u00e8le \u00e0 quatre c\u00f4t\u00e9s peut utiliser ces mat\u00e9riaux pour former le plateau \u00e0 \u0153ufs. <\/li>    <li>March\u00e9 de vente large : Le plateau \u00e0 \u0153ufs peut \u00eatre utilis\u00e9 dans divers domaines. Cette machine peut fabriquer un produit de diff\u00e9rentes formes, tel qu'un plateau \u00e0 \u0153ufs, un plateau de fruits frais, un plateau int\u00e9rieur \u00e9lectrique, un plateau pour produits fragiles, un plateau de ferme, un emballage alimentaire et m\u00e9dical, un produit m\u00e9dical, un emballage de plateau pour une industrie sp\u00e9ciale, etc. Ainsi, le plateau \u00e0 \u0153ufs a un large march\u00e9 de vente. <\/li>    <li>Service mature avant-vente et apr\u00e8s-vente<\/li> <\/ol>    <p>Zhengzhou Shuliy Machinery a produit la ligne de production compl\u00e8te pendant plus de dix ans et nous avons une technologie mature et des travailleurs exp\u00e9riment\u00e9s. Nous pouvons donc personnaliser la machine en fonction des besoins du client. Par exemple, changement de tension, personnalisation des moules, conception de dessins, etc. Nous pouvons envoyer des travailleurs dans votre ville pour installer la machine. Nos travailleurs peuvent vous aider \u00e0 concevoir le plan de l'usine en fonction de la situation r\u00e9elle du client.<\/p>    <figure class=\"wp-block-image\"><img loading=\"lazy\" decoding=\"async\" width=\"800\" height=\"800\" src=\"https:\/\/www.eggtraymaking.com\/wp-content\/uploads\/2019\/05\/Egg-Tray-Machine-2-1.jpg\" alt=\"\" class=\"wp-image-1058\" srcset=\"https:\/\/www.eggtraymaking.com\/wp-content\/uploads\/2019\/05\/Egg-Tray-Machine-2-1.jpg 800w, https:\/\/www.eggtraymaking.com\/wp-content\/uploads\/2019\/05\/Egg-Tray-Machine-2-1-270x270.jpg 270w, https:\/\/www.eggtraymaking.com\/wp-content\/uploads\/2019\/05\/Egg-Tray-Machine-2-1-768x768.jpg 768w\" sizes=\"auto, (max-width: 800px) 100vw, 800px\" \/><\/figure>    <h2 class=\"wp-block-heading\"><strong>M\u00e9thode de s\u00e9chage de la machine \u00e0 plateau \u00e0 \u0153ufs \u00e0 4 c\u00f4t\u00e9s<\/strong><strong><\/strong><\/h2>    <p>Pour la machine \u00e0 plateau \u00e0 \u0153ufs \u00e0 quatre c\u00f4t\u00e9s, il existe de nombreuses m\u00e9thodes de s\u00e9chage. Par exemple, vous pouvez choisir le s\u00e9chage naturel si vous avez suffisamment d'espace pour placer le plateau \u00e0 \u0153ufs, ce qui est le plus rentable. Vous pouvez \u00e9galement choisir la ligne de s\u00e9chage en briques avec un petit chariot ou un tapis roulant. Relativement parlant, la plupart des gens choisiront la ligne de s\u00e9chage en briques en raison des \u00e9conomies de co\u00fbts. Ou nous pouvons fournir la bo\u00eete de s\u00e9chage en m\u00e9tal pour s\u00e9cher le plateau \u00e0 \u0153ufs. C'est la m\u00e9thode de s\u00e9chage la plus efficace. Quoi qu'il en soit, Zhengzhou Shuliy Machinery vous fournira notre meilleur service professionnel. N'h\u00e9sitez pas \u00e0 nous contacter!<\/p>","protected":false},"excerpt":{"rendered":"<p>Egg trays are mainly used for packaging eggs such as eggs and duck eggs. Its main function is to absorb vibration and reduce the damage of fragile materials during transportation.\u00a0It is the main machine to produce egg tray.<\/p>","protected":false},"author":1,"featured_media":9750,"parent":0,"template":"","tags":[17],"product-type":[449],"class_list":["post-1010","product","type-product","status-publish","has-post-thumbnail","hentry","tag-egg-tray-machine","product-type-egg-tray-machine-by-capacity"],"_links":{"self":[{"href":"https:\/\/www.eggtraymaking.com\/fr\/wp-json\/wp\/v2\/product\/1010","targetHints":{"allow":["GET"]}}],"collection":[{"href":"https:\/\/www.eggtraymaking.com\/fr\/wp-json\/wp\/v2\/product"}],"about":[{"href":"https:\/\/www.eggtraymaking.com\/fr\/wp-json\/wp\/v2\/types\/product"}],"author":[{"embeddable":true,"href":"https:\/\/www.eggtraymaking.com\/fr\/wp-json\/wp\/v2\/users\/1"}],"wp:featuredmedia":[{"embeddable":true,"href":"https:\/\/www.eggtraymaking.com\/fr\/wp-json\/wp\/v2\/media\/9750"}],"wp:attachment":[{"href":"https:\/\/www.eggtraymaking.com\/fr\/wp-json\/wp\/v2\/media?parent=1010"}],"wp:term":[{"taxonomy":"post_tag","embeddable":true,"href":"https:\/\/www.eggtraymaking.com\/fr\/wp-json\/wp\/v2\/tags?post=1010"},{"taxonomy":"product-type","embeddable":true,"href":"https:\/\/www.eggtraymaking.com\/fr\/wp-json\/wp\/v2\/product-type?post=1010"}],"curies":[{"name":"wp","href":"https:\/\/api.w.org\/{rel}","templated":true}]}}