{"id":729,"date":"2019-05-20T03:24:32","date_gmt":"2019-05-20T03:24:32","guid":{"rendered":"https:\/\/www.dry-ice-machine.com\/?p=729"},"modified":"2022-07-28T16:01:40","modified_gmt":"2022-07-28T08:01:40","slug":"egg-tray-machine-services","status":"publish","type":"page","link":"https:\/\/www.eggtraymaking.com\/fr\/egg-tray-machine-services\/","title":{"rendered":"services"},"content":{"rendered":"<h2 class=\"wp-block-heading\"><strong>Avant-vente<\/strong><strong><\/strong><\/h2>    <ul class=\"wp-block-list\"><li>Nous fournissons des services professionnels <strong><a href=\"https:\/\/www.eggtraymaking.com\/fr\/egg-tray-making-machine\/\">machine \u00e0 plateaux d'\u0153ufs<\/a><\/strong> informations, qualit\u00e9 de produit qualifi\u00e9e et support technique avanc\u00e9.<\/li><li>Montrez au client les r\u00e9sultats des tests du produit. Aidez les clients \u00e0 tester la machine selon diff\u00e9rents moules et exigences des clients.<\/li><li>Cr\u00e9ez des dessins et des dessins 3D selon les besoins du client, aidez les clients \u00e0 concevoir la disposition de l'usine.<\/li><li>Aidez les clients \u00e0 v\u00e9rifier le fret maritime, le fret a\u00e9rien, etc., r\u00e9duisez les tracas des clients.<\/li><li>Aider les clients \u00e0 r\u00e9pondre aux questions li\u00e9es \u00e0 la machine<\/li><\/ul>    <ul class=\"wp-block-gallery columns-2 is-cropped wp-block-gallery-2 is-layout-flex wp-block-gallery-is-layout-flex\"><li class=\"blocks-gallery-item\"><figure><img loading=\"lazy\" decoding=\"async\" width=\"750\" height=\"563\" src=\"https:\/\/www.eggtraymaking.com\/wp-content\/uploads\/2019\/05\/Egg-tray-machine-service-2.jpg\" alt=\"\" data-id=\"1302\" data-link=\"https:\/\/www.eggtraymaking.com\/egg-tray-machine-services\/egg-tray-machine-service-2\/#main\" class=\"wp-image-1302\" srcset=\"https:\/\/www.eggtraymaking.com\/wp-content\/uploads\/2019\/05\/Egg-tray-machine-service-2.jpg 750w, https:\/\/www.eggtraymaking.com\/wp-content\/uploads\/2019\/05\/Egg-tray-machine-service-2-240x180.jpg 240w, https:\/\/www.eggtraymaking.com\/wp-content\/uploads\/2019\/05\/Egg-tray-machine-service-2-360x270.jpg 360w\" sizes=\"auto, (max-width: 750px) 100vw, 750px\" \/><\/figure><\/li><li class=\"blocks-gallery-item\"><figure><img loading=\"lazy\" decoding=\"async\" width=\"750\" height=\"563\" src=\"https:\/\/www.eggtraymaking.com\/wp-content\/uploads\/2019\/05\/Egg-tray-machine-service-4.jpg\" alt=\"\" data-id=\"1303\" data-link=\"https:\/\/www.eggtraymaking.com\/egg-tray-machine-services\/egg-tray-machine-service-4\/#main\" class=\"wp-image-1303\" srcset=\"https:\/\/www.eggtraymaking.com\/wp-content\/uploads\/2019\/05\/Egg-tray-machine-service-4.jpg 750w, https:\/\/www.eggtraymaking.com\/wp-content\/uploads\/2019\/05\/Egg-tray-machine-service-4-240x180.jpg 240w, https:\/\/www.eggtraymaking.com\/wp-content\/uploads\/2019\/05\/Egg-tray-machine-service-4-360x270.jpg 360w\" sizes=\"auto, (max-width: 750px) 100vw, 750px\" \/><\/figure><\/li><\/ul>    <h2 class=\"wp-block-heading\"><strong>Apr\u00e8s-vente<\/strong><strong><\/strong><\/h2>    <ul class=\"wp-block-list\"><li>Nous organiserons le transport de la machine et informerons le client du message logistique de la machine en temps voulu.<\/li><li>Garantie d'un an, la machine a des pi\u00e8ces qui peuvent \u00eatre r\u00e9par\u00e9es.<\/li><li>Nous pouvons apprendre aux clients \u00e0 installer via vid\u00e9o.&nbsp;<\/li><li>Consultation technique : Si vous rencontrez des probl\u00e8mes lors du fonctionnement de la machine, n'h\u00e9sitez pas \u00e0 nous contacter. Nous proposons une assistance en ligne pendant les jours ouvrables, ou notre personnel professionnel vous fournira un support technique personnalis\u00e9 en fonction de votre situation pratique.<\/li><li>Entretien : Nous pouvons vous fournir des conseils d'entretien d\u00e9taill\u00e9s en vous envoyant une brochure de produits. Assurez-vous d'avoir lu le manuel du propri\u00e9taire et de suivre les \u00e9tapes lors de l'utilisation. Un entretien r\u00e9gulier de la machine peut prolonger sa dur\u00e9e de vie afin de prot\u00e9ger votre investissement en r\u00e9parations.<\/li><li>Composants : Les composants suppl\u00e9mentaires ne sont pas gratuits, mais nous pouvons vous garantir que tous les composants sont fabriqu\u00e9s en stricte conformit\u00e9 avec les exigences d'un contrat et les normes nationales pertinentes sur l'exportation d'articles.<\/li><li>Nous pouvons envoyer notre ing\u00e9nieur et notre travailleur dans la ville du client pour installer la machine.<\/li><li>Nous pouvons aider les clients \u00e0 concevoir l'agencement de l'usine.<\/li><\/ul>    <ul class=\"wp-block-gallery columns-2 is-cropped wp-block-gallery-3 is-layout-flex wp-block-gallery-is-layout-flex\"><li class=\"blocks-gallery-item\"><figure><img loading=\"lazy\" decoding=\"async\" width=\"750\" height=\"440\" src=\"https:\/\/www.eggtraymaking.com\/wp-content\/uploads\/2019\/05\/Egg-tray-machine-service-5.jpg\" alt=\"\" data-id=\"1304\" data-link=\"https:\/\/www.eggtraymaking.com\/egg-tray-machine-services\/egg-tray-machine-service-5\/#main\" class=\"wp-image-1304\" srcset=\"https:\/\/www.eggtraymaking.com\/wp-content\/uploads\/2019\/05\/Egg-tray-machine-service-5.jpg 750w, https:\/\/www.eggtraymaking.com\/wp-content\/uploads\/2019\/05\/Egg-tray-machine-service-5-360x211.jpg 360w\" sizes=\"auto, (max-width: 750px) 100vw, 750px\" \/><\/figure><\/li><li class=\"blocks-gallery-item\"><figure><img loading=\"lazy\" decoding=\"async\" width=\"750\" height=\"451\" src=\"https:\/\/www.eggtraymaking.com\/wp-content\/uploads\/2019\/05\/Egg-tray-machine-service-1.jpg\" alt=\"\" data-id=\"1301\" data-link=\"https:\/\/www.eggtraymaking.com\/egg-tray-machine-services\/egg-tray-machine-service-1\/#main\" class=\"wp-image-1301\" srcset=\"https:\/\/www.eggtraymaking.com\/wp-content\/uploads\/2019\/05\/Egg-tray-machine-service-1.jpg 750w, https:\/\/www.eggtraymaking.com\/wp-content\/uploads\/2019\/05\/Egg-tray-machine-service-1-360x216.jpg 360w\" sizes=\"auto, (max-width: 750px) 100vw, 750px\" \/><\/figure><\/li><\/ul>","protected":false},"excerpt":{"rendered":"<p>Before-sales We provide professional egg tray\u00a0machine information, qualified product quality, and advanced technical support. Show the customer the test results of the product. Help customers test the machine according to different mold and customer requirements. Create drawings and 3D drawings according to customer need, help customers design plant layout. Help customers check sea freight, air [&hellip;]<\/p>\n","protected":false},"author":1,"featured_media":0,"parent":0,"menu_order":0,"comment_status":"closed","ping_status":"closed","template":"","meta":{"footnotes":""},"class_list":["post-729","page","type-page","status-publish","hentry"],"_links":{"self":[{"href":"https:\/\/www.eggtraymaking.com\/fr\/wp-json\/wp\/v2\/pages\/729","targetHints":{"allow":["GET"]}}],"collection":[{"href":"https:\/\/www.eggtraymaking.com\/fr\/wp-json\/wp\/v2\/pages"}],"about":[{"href":"https:\/\/www.eggtraymaking.com\/fr\/wp-json\/wp\/v2\/types\/page"}],"author":[{"embeddable":true,"href":"https:\/\/www.eggtraymaking.com\/fr\/wp-json\/wp\/v2\/users\/1"}],"replies":[{"embeddable":true,"href":"https:\/\/www.eggtraymaking.com\/fr\/wp-json\/wp\/v2\/comments?post=729"}],"version-history":[{"count":0,"href":"https:\/\/www.eggtraymaking.com\/fr\/wp-json\/wp\/v2\/pages\/729\/revisions"}],"wp:attachment":[{"href":"https:\/\/www.eggtraymaking.com\/fr\/wp-json\/wp\/v2\/media?parent=729"}],"curies":[{"name":"wp","href":"https:\/\/api.w.org\/{rel}","templated":true}]}}