{"id":3,"date":"2019-05-06T02:03:06","date_gmt":"2019-05-06T02:03:06","guid":{"rendered":"https:\/\/www.dry-ice-machine.com\/?page_id=3"},"modified":"2019-05-22T02:07:22","modified_gmt":"2019-05-22T02:07:22","slug":"privacy-policy","status":"publish","type":"page","link":"https:\/\/www.eggtraymaking.com\/fr\/privacy-policy\/","title":{"rendered":"Politique de confidentialit\u00e9"},"content":{"rendered":"<h2 class=\"wp-block-heading\">qui sommes-nous ?<\/h2>    <p>Nous sommes Zhengzhou Shuliy Machinery Co., LTD.<\/p>    <h2 class=\"wp-block-heading\">Nous respectons votre vie priv\u00e9e<\/h2>    <p>Chez Shuliy Machinery, nous respectons votre vie priv\u00e9e. Nous ne partageons aucune donn\u00e9e soumise, y compris nos informations d'email ou de liste de diffusion, avec quiconque sauf le personnel de Shuliy Machinery. Nous ne vendons pas, et nous ne vendrons jamais, d'informations personnelles \u00e0 quiconque.<\/p>    <h2 class=\"wp-block-heading\">Quelles informations collectons-nous ?<\/h2>    <p>Nous collectons des informations vous concernant lorsque vous remplissez un formulaire.<\/p>    <p>Lorsque vous demandez un devis ou une solution sur notre site, selon le cas, il se peut que l'on vous demande de saisir votre : nom, adresse e-mail, adresse postale ou num\u00e9ro de t\u00e9l\u00e9phone. Vous pouvez cependant visiter notre site de mani\u00e8re anonyme. <\/p>    <h2 class=\"wp-block-heading\">\u00c0 quoi utilisons-nous vos informations ?<\/h2>    <p>Les informations que nous collectons peuvent \u00eatre utilis\u00e9es de l'une des mani\u00e8res suivantes :<\/p>    <ul class=\"wp-block-list\"><li>Pour personnaliser votre exp\u00e9rience<br>(vos informations nous aident \u00e0 mieux r\u00e9pondre \u00e0 vos besoins individuels)<\/li><li>Envoyer des e-mails p\u00e9riodiques<br>L'adresse e-mail que vous fournissez pour le traitement de votre commande ne sera utilis\u00e9e que pour vous envoyer des informations et des mises \u00e0 jour concernant votre commande.<\/li><\/ul>    <h5 class=\"wp-block-heading\">Utilisons-nous des cookies ?<\/h5>    <p>Non. Nous ne sauvegardons pas et ne lisons pas les cookies de l'utilisateur, n'h\u00e9sitez pas \u00e0 naviguer. <\/p>    <h5 class=\"wp-block-heading\">Divulguons-nous des informations \u00e0 des tiers ?<\/h5>    <p>Nous ne vendons, n'\u00e9changeons ni ne transf\u00e9rons autrement vos informations personnellement identifiables \u00e0 des tiers ext\u00e9rieurs. Cela n'inclut pas les tiers de confiance qui nous assistent dans l'exploitation de notre site Web, la conduite de nos affaires ou le service que nous vous rendons, tant que ces parties acceptent de garder ces informations confidentielles. Nous pouvons \u00e9galement divulguer vos informations lorsque nous croyons que la divulgation est appropri\u00e9e pour se conformer \u00e0 la loi, faire respecter nos politiques de site ou prot\u00e9ger nos droits, ceux des autres, nos biens ou notre s\u00e9curit\u00e9. Cependant, des informations sur les visiteurs non personnellement identifiables peuvent \u00eatre fournies \u00e0 d'autres parties \u00e0 des fins de marketing, de publicit\u00e9 ou d'autres usages.<\/p>    <h5 class=\"wp-block-heading\">Politique de confidentialit\u00e9 en ligne uniquement<\/h5>    <p>Cette politique de confidentialit\u00e9 en ligne s'applique uniquement aux informations collect\u00e9es via notre site Web et non aux informations collect\u00e9es hors ligne.<\/p>    <h5 class=\"wp-block-heading\">Votre consentement<\/h5>    <p>En utilisant notre site, vous consentez \u00e0 notre politique de confidentialit\u00e9 du site Web.<\/p>","protected":false},"excerpt":{"rendered":"<p>who we are? We are zhengzhou shuliy machinery co., LTD. We Respect Your Privacy At Shuliy Machinery, we respect your privacy. We do not share any submitted data, including our email or mailing list information, with anyone except Shuliy Machinery staff. We do not, nor will we ever, sell or rent any personal information with [&hellip;]<\/p>\n","protected":false},"author":1,"featured_media":0,"parent":0,"menu_order":0,"comment_status":"closed","ping_status":"open","template":"","meta":{"footnotes":""},"class_list":["post-3","page","type-page","status-publish","hentry"],"_links":{"self":[{"href":"https:\/\/www.eggtraymaking.com\/fr\/wp-json\/wp\/v2\/pages\/3","targetHints":{"allow":["GET"]}}],"collection":[{"href":"https:\/\/www.eggtraymaking.com\/fr\/wp-json\/wp\/v2\/pages"}],"about":[{"href":"https:\/\/www.eggtraymaking.com\/fr\/wp-json\/wp\/v2\/types\/page"}],"author":[{"embeddable":true,"href":"https:\/\/www.eggtraymaking.com\/fr\/wp-json\/wp\/v2\/users\/1"}],"replies":[{"embeddable":true,"href":"https:\/\/www.eggtraymaking.com\/fr\/wp-json\/wp\/v2\/comments?post=3"}],"version-history":[{"count":0,"href":"https:\/\/www.eggtraymaking.com\/fr\/wp-json\/wp\/v2\/pages\/3\/revisions"}],"wp:attachment":[{"href":"https:\/\/www.eggtraymaking.com\/fr\/wp-json\/wp\/v2\/media?parent=3"}],"curies":[{"name":"wp","href":"https:\/\/api.w.org\/{rel}","templated":true}]}}