{"id":208,"date":"2019-05-13T03:23:08","date_gmt":"2019-05-13T03:23:08","guid":{"rendered":"https:\/\/www.dry-ice-machine.com\/?p=208"},"modified":"2025-05-23T08:47:16","modified_gmt":"2025-05-23T00:47:16","slug":"contact-us","status":"publish","type":"page","link":"https:\/\/www.eggtraymaking.com\/fr\/contact-us\/","title":{"rendered":"Contactez-nous"},"content":{"rendered":"<div class=\"wp-block-columns has-2-columns is-layout-flex wp-container-core-columns-is-layout-9d6595d7 wp-block-columns-is-layout-flex\"> <div class=\"wp-block-column is-layout-flow wp-block-column-is-layout-flow\"> <h2 class=\"wp-block-heading\" id=\"h-who-we-are\"><strong>Qui nous sommes<\/strong><\/h2>    <p>La soci\u00e9t\u00e9 Shuliy Machinery Co., Ltd est un fabricant leader de machines et d'\u00e9quipements automatis\u00e9s en Chine. Notre entreprise a environ dix ans d'exp\u00e9rience dans le domaine de la recherche et du d\u00e9veloppement de machines \u00e0 fabriquer des plateaux \u00e0 \u0153ufs, avec un syst\u00e8me de contr\u00f4le de qualit\u00e9 strict et un service apr\u00e8s-vente complet.<\/p>    <p>Notre entreprise dispose d'une \u00e9quipe de conseil avant-vente et de service apr\u00e8s-vente orient\u00e9e \u00e0 l'international. Si vous souhaitez acheter nos produits ou si vous avez des probl\u00e8mes d'utilisation des machines, vous pouvez nous contacter en ligne \u00e0 tout moment. Nous vous r\u00e9pondrons avec une r\u00e9ponse professionnelle dans un d\u00e9lai d'un jour ouvrable.<\/p>    <p style=\"font-size:12px\" class=\"translation-block\"><em>*Nous ne lisons ni ne sauvegardons les cookies de l\u2019utilisateur, n\u2019h\u00e9sitez pas \u00e0 naviguer. <br> *Les informations de contact que vous soumettez sont uniquement pour votre contact avec Shuliy. Vous pouvez demander leur suppression \u00e0 tout moment.<\/em><\/p> <\/div> <\/div>    <h3 class=\"wp-block-heading\" id=\"h-other-ways-of-contact\"><strong>Autres moyens de contact<\/strong><\/h3>    <ul class=\"contactlist\"> <li class=\"fa fa-envelope-o\">&nbsp;&nbsp;<a href=\"mailto:info@eggtraymaking.com\" style=\"color:black;\">Email : info@eggtraymaking.com<\/a><\/li><br> <li class=\"fa fa-phone\">&nbsp;&nbsp;<a href=\"tel: 8619139761487\">T\u00e9l\u00e9phone : 8619139761487 <\/a><\/li><br> \t<li class=\"fa fa-whatsapp\">&nbsp;&nbsp;<a href=\"https:\/\/api.whatsapp.com\/send?phone= 8619139761487\" target=\"_blank\" rel=\"noopener\" data-no-translation=\"\">WhatsApp: 8619139761487<\/a> <\/li><br> \t<li class=\"fa fa-wechat\">&nbsp;&nbsp;WeChat : 8619139761487<\/li><br> \t<li class=\"fa fa-map\">&nbsp;&nbsp;Adresse : No.1394 East Hanghai Road, Zone de d\u00e9veloppement \u00e9conomique et technologique, Zhengzhou, Chine<\/li> <\/ul>","protected":false},"excerpt":{"rendered":"<p>Who we are Shuliy Machinery Co., Ltd company is a leading manufacturer of automated machinery and equipment in China. Our company has about ten years of experience in the research and development field of egg tray making machines with a strict quality control system and comprehensive after-sales service. Our company has a pre-sales consulting and [&hellip;]<\/p>\n","protected":false},"author":1,"featured_media":0,"parent":0,"menu_order":0,"comment_status":"closed","ping_status":"closed","template":"","meta":{"footnotes":""},"class_list":["post-208","page","type-page","status-publish","hentry"],"_links":{"self":[{"href":"https:\/\/www.eggtraymaking.com\/fr\/wp-json\/wp\/v2\/pages\/208","targetHints":{"allow":["GET"]}}],"collection":[{"href":"https:\/\/www.eggtraymaking.com\/fr\/wp-json\/wp\/v2\/pages"}],"about":[{"href":"https:\/\/www.eggtraymaking.com\/fr\/wp-json\/wp\/v2\/types\/page"}],"author":[{"embeddable":true,"href":"https:\/\/www.eggtraymaking.com\/fr\/wp-json\/wp\/v2\/users\/1"}],"replies":[{"embeddable":true,"href":"https:\/\/www.eggtraymaking.com\/fr\/wp-json\/wp\/v2\/comments?post=208"}],"version-history":[{"count":0,"href":"https:\/\/www.eggtraymaking.com\/fr\/wp-json\/wp\/v2\/pages\/208\/revisions"}],"wp:attachment":[{"href":"https:\/\/www.eggtraymaking.com\/fr\/wp-json\/wp\/v2\/media?parent=208"}],"curies":[{"name":"wp","href":"https:\/\/api.w.org\/{rel}","templated":true}]}}