{"id":9141,"date":"2025-06-12T14:13:04","date_gmt":"2025-06-12T06:13:04","guid":{"rendered":"https:\/\/www.eggtraymaking.com\/?post_type=product&#038;p=9141"},"modified":"2025-07-17T15:45:38","modified_gmt":"2025-07-17T07:45:38","slug":"fruit-tray-making-machine","status":"publish","type":"product","link":"https:\/\/www.eggtraymaking.com\/es\/fruit-tray-making-machine\/","title":{"rendered":"M\u00e1quina para hacer bandejas de frutas"},"content":{"rendered":"<p class=\"translation-block\">La <strong><a href=\"https:\/\/www.eggtraymaking.com\/es\/egg-tray-making-machine\/\">m\u00e1quina para hacer bandejas de pulpa<\/a><\/strong> no solo se utiliza para hacer bandejas de huevos, sino que tambi\u00e9n se puede usar para producir bandejas de frutas. Tambi\u00e9n se la conoce como<strong> m\u00e1quina para hacer bandejas de frutas<\/strong> o m\u00e1quina para hacer bandejas de embalaje de frutas y verduras. Similar a la m\u00e1quina para bandejas de huevos, utiliza papel de desecho y cartones viejos como materia prima, que se procesan a trav\u00e9s de pulpado, filtrado y mezcla de agua para crear una pulpa espesa para hacer bandejas.<\/p>    <figure class=\"wp-block-embed is-type-video is-provider-youtube wp-block-embed-youtube wp-embed-aspect-16-9 wp-has-aspect-ratio\"><div class=\"wp-block-embed__wrapper\"> <iframe loading=\"lazy\" title=\"Fabricante de m\u00e1quinas para hacer bandejas de frutas de China Top 1 #bandejadehuevos #maquinaparabandejadehuevos\" width=\"500\" height=\"281\" src=\"https:\/\/www.youtube.com\/embed\/9PqmZSDteMY?feature=oembed\" frameborder=\"0\" allow=\"accelerometer; autoplay; clipboard-write; encrypted-media; gyroscope; picture-in-picture; web-share\" referrerpolicy=\"strict-origin-when-cross-origin\" allowfullscreen><\/iframe> <\/div><\/figure>    <p class=\"translation-block\">Esta m\u00e1quina para hacer bandejas de frutas se utiliza ampliamente para el embalaje ecol\u00f3gico de frutas como<strong><em> <\/em>manzanas, peras, naranjas y kiwis<em>. <\/em><\/strong>Es una alternativa ecol\u00f3gica a las bandejas de pl\u00e1stico, ya que es biodegradable, reciclable y respetuosa con el medio ambiente.<\/p>    <p class=\"translation-block\">Las bandejas de frutas tienen una amplia gama de usos. Se utilizan principalmente en<strong> mercados mayoristas de frutas, centros de distribuci\u00f3n de supermercados, empresas exportadoras de frutas, f\u00e1bricas de embalaje ecol\u00f3gicas y granjas frut\u00edcolas<\/strong>. Debido a la alta demanda, el mercado tiene un gran potencial y el retorno de la inversi\u00f3n es sustancial.<\/p>    <p class=\"translation-block\"><strong>Shuliy<\/strong> se ha centrado en el desarrollo y la producci\u00f3n de m\u00e1quinas para hacer bandejas de frutas durante m\u00e1s de 10 a\u00f1os. Con una rica experiencia en exportaci\u00f3n, Shuliy es uno de los principales fabricantes y exportadores de China. Cada a\u00f1o, exportamos muchas m\u00e1quinas para hacer bandejas de frutas a pa\u00edses como <strong>Brasil, Cuba, Colombia, Rusia, Ghana, Camer\u00fan, Nigeria, Francia, Zambia, Nueva Zelanda, Per\u00fa, Uzbekist\u00e1n, Sud\u00e1n y muchos otros.<\/strong><\/p>   <div class=\"wp-block-image\"> <figure class=\"aligncenter size-full\"><img loading=\"lazy\" decoding=\"async\" width=\"720\" height=\"540\" src=\"https:\/\/www.eggtraymaking.com\/wp-content\/uploads\/2025\/06\/4\u00d71-fruit-tray-making-machine.webp\" alt=\"m\u00e1quina para hacer bandejas de frutas 4\u00d71\" class=\"wp-image-9143\" srcset=\"https:\/\/www.eggtraymaking.com\/wp-content\/uploads\/2025\/06\/4\u00d71-fruit-tray-making-machine.webp 720w, https:\/\/www.eggtraymaking.com\/wp-content\/uploads\/2025\/06\/4\u00d71-fruit-tray-making-machine-360x270.webp 360w, https:\/\/www.eggtraymaking.com\/wp-content\/uploads\/2025\/06\/4\u00d71-fruit-tray-making-machine-240x180.webp 240w, https:\/\/www.eggtraymaking.com\/wp-content\/uploads\/2025\/06\/4\u00d71-fruit-tray-making-machine-16x12.webp 16w\" sizes=\"auto, (max-width: 720px) 100vw, 720px\" \/><figcaption class=\"wp-element-caption\">m\u00e1quina para hacer bandejas de frutas 4\u00d71<\/figcaption><\/figure> <\/div>   <h2 class=\"wp-block-heading\">\u00bfC\u00f3mo funciona la m\u00e1quina para hacer bandejas de frutas?<\/h2>    <p>Al igual que la m\u00e1quina de bandejas de huevos, la m\u00e1quina de hacer bandejas de frutas utiliza tecnolog\u00eda de moldeo de pulpa. Sigue un proceso de formaci\u00f3n de pulpa donde la pulpa se inyecta en un molde. Luego, la bandeja se forma mediante succi\u00f3n al vac\u00edo, se seca con calor y se da forma a bandejas con una resistencia y dise\u00f1o espec\u00edficos.<\/p>    <p class=\"translation-block\">Los principales pasos de trabajo son:<strong> pulpado \u2192 formado \u2192 secado \u2192 empaquetado.<\/strong><\/p>   <div class=\"wp-block-image\"> <figure class=\"aligncenter size-full\"><img loading=\"lazy\" decoding=\"async\" width=\"720\" height=\"540\" src=\"https:\/\/www.eggtraymaking.com\/wp-content\/uploads\/2025\/06\/egg-tray-making-process.webp\" alt=\"Proceso de elaboraci\u00f3n de bandejas de frutas\" class=\"wp-image-9144\" srcset=\"https:\/\/www.eggtraymaking.com\/wp-content\/uploads\/2025\/06\/egg-tray-making-process.webp 720w, https:\/\/www.eggtraymaking.com\/wp-content\/uploads\/2025\/06\/egg-tray-making-process-360x270.webp 360w, https:\/\/www.eggtraymaking.com\/wp-content\/uploads\/2025\/06\/egg-tray-making-process-240x180.webp 240w, https:\/\/www.eggtraymaking.com\/wp-content\/uploads\/2025\/06\/egg-tray-making-process-16x12.webp 16w\" sizes=\"auto, (max-width: 720px) 100vw, 720px\" \/><figcaption class=\"wp-element-caption\">Proceso de elaboraci\u00f3n de bandejas de frutas<\/figcaption><\/figure> <\/div>   <h2 class=\"wp-block-heading\">\u00bfCu\u00e1les son las principales partes de una m\u00e1quina para hacer bandejas de frutas?<\/h2>    <p class=\"translation-block\">La m\u00e1quina para hacer bandejas de frutas incluye principalmente los siguientes sistemas: <strong>sistema de pulpado, sistema de formado, sistema de secado, sistema de prensado en caliente y sistema de control.<\/strong><\/p>    <figure class=\"wp-block-gallery has-nested-images columns-default is-cropped wp-block-gallery-2 is-layout-flex wp-block-gallery-is-layout-flex\"> <figure class=\"wp-block-image size-large\"><img loading=\"lazy\" decoding=\"async\" width=\"720\" height=\"540\" data-id=\"9147\" src=\"https:\/\/www.eggtraymaking.com\/wp-content\/uploads\/2025\/06\/Continuous-Belt-Dryer.webp\" alt=\"Secador de cinta continua\" class=\"wp-image-9147\" srcset=\"https:\/\/www.eggtraymaking.com\/wp-content\/uploads\/2025\/06\/Continuous-Belt-Dryer.webp 720w, https:\/\/www.eggtraymaking.com\/wp-content\/uploads\/2025\/06\/Continuous-Belt-Dryer-360x270.webp 360w, https:\/\/www.eggtraymaking.com\/wp-content\/uploads\/2025\/06\/Continuous-Belt-Dryer-240x180.webp 240w, https:\/\/www.eggtraymaking.com\/wp-content\/uploads\/2025\/06\/Continuous-Belt-Dryer-16x12.webp 16w\" sizes=\"auto, (max-width: 720px) 100vw, 720px\" \/><figcaption class=\"wp-element-caption\">Secador de cinta continua<\/figcaption><\/figure>    <figure class=\"wp-block-image size-large\"><img loading=\"lazy\" decoding=\"async\" width=\"720\" height=\"540\" data-id=\"9148\" src=\"https:\/\/www.eggtraymaking.com\/wp-content\/uploads\/2025\/06\/Electrical-Control-Cabinet.webp\" alt=\"Armario de control el\u00e9ctrico\" class=\"wp-image-9148\" srcset=\"https:\/\/www.eggtraymaking.com\/wp-content\/uploads\/2025\/06\/Electrical-Control-Cabinet.webp 720w, https:\/\/www.eggtraymaking.com\/wp-content\/uploads\/2025\/06\/Electrical-Control-Cabinet-360x270.webp 360w, https:\/\/www.eggtraymaking.com\/wp-content\/uploads\/2025\/06\/Electrical-Control-Cabinet-240x180.webp 240w, https:\/\/www.eggtraymaking.com\/wp-content\/uploads\/2025\/06\/Electrical-Control-Cabinet-16x12.webp 16w\" sizes=\"auto, (max-width: 720px) 100vw, 720px\" \/><figcaption class=\"wp-element-caption\">Armario de control el\u00e9ctrico<\/figcaption><\/figure>    <figure class=\"wp-block-image size-large\"><img loading=\"lazy\" decoding=\"async\" width=\"720\" height=\"540\" data-id=\"9149\" src=\"https:\/\/www.eggtraymaking.com\/wp-content\/uploads\/2025\/06\/Mixing-paddle.webp\" alt=\"Paleta de mezcla\" class=\"wp-image-9149\" srcset=\"https:\/\/www.eggtraymaking.com\/wp-content\/uploads\/2025\/06\/Mixing-paddle.webp 720w, https:\/\/www.eggtraymaking.com\/wp-content\/uploads\/2025\/06\/Mixing-paddle-360x270.webp 360w, https:\/\/www.eggtraymaking.com\/wp-content\/uploads\/2025\/06\/Mixing-paddle-240x180.webp 240w, https:\/\/www.eggtraymaking.com\/wp-content\/uploads\/2025\/06\/Mixing-paddle-16x12.webp 16w\" sizes=\"auto, (max-width: 720px) 100vw, 720px\" \/><figcaption class=\"wp-element-caption\">Paleta de mezcla<\/figcaption><\/figure>    <figure class=\"wp-block-image size-large\"><img loading=\"lazy\" decoding=\"async\" width=\"720\" height=\"540\" data-id=\"9150\" src=\"https:\/\/www.eggtraymaking.com\/wp-content\/uploads\/2025\/06\/Mold.webp\" alt=\"Molde\" class=\"wp-image-9150\" srcset=\"https:\/\/www.eggtraymaking.com\/wp-content\/uploads\/2025\/06\/Mold.webp 720w, https:\/\/www.eggtraymaking.com\/wp-content\/uploads\/2025\/06\/Mold-360x270.webp 360w, https:\/\/www.eggtraymaking.com\/wp-content\/uploads\/2025\/06\/Mold-240x180.webp 240w, https:\/\/www.eggtraymaking.com\/wp-content\/uploads\/2025\/06\/Mold-16x12.webp 16w\" sizes=\"auto, (max-width: 720px) 100vw, 720px\" \/><figcaption class=\"wp-element-caption\">Molde<\/figcaption><\/figure>    <figure class=\"wp-block-image size-large\"><img loading=\"lazy\" decoding=\"async\" width=\"720\" height=\"540\" data-id=\"9151\" src=\"https:\/\/www.eggtraymaking.com\/wp-content\/uploads\/2025\/06\/Pulp-Pump.webp\" alt=\"Bomba de pulpa\" class=\"wp-image-9151\" srcset=\"https:\/\/www.eggtraymaking.com\/wp-content\/uploads\/2025\/06\/Pulp-Pump.webp 720w, https:\/\/www.eggtraymaking.com\/wp-content\/uploads\/2025\/06\/Pulp-Pump-360x270.webp 360w, https:\/\/www.eggtraymaking.com\/wp-content\/uploads\/2025\/06\/Pulp-Pump-240x180.webp 240w, https:\/\/www.eggtraymaking.com\/wp-content\/uploads\/2025\/06\/Pulp-Pump-16x12.webp 16w\" sizes=\"auto, (max-width: 720px) 100vw, 720px\" \/><figcaption class=\"wp-element-caption\">Bomba de pulpa<\/figcaption><\/figure>    <figure class=\"wp-block-image size-large\"><img loading=\"lazy\" decoding=\"async\" width=\"720\" height=\"540\" data-id=\"9152\" src=\"https:\/\/www.eggtraymaking.com\/wp-content\/uploads\/2025\/06\/Pulper.webp\" alt=\"Pulper\" class=\"wp-image-9152\" srcset=\"https:\/\/www.eggtraymaking.com\/wp-content\/uploads\/2025\/06\/Pulper.webp 720w, https:\/\/www.eggtraymaking.com\/wp-content\/uploads\/2025\/06\/Pulper-360x270.webp 360w, https:\/\/www.eggtraymaking.com\/wp-content\/uploads\/2025\/06\/Pulper-240x180.webp 240w, https:\/\/www.eggtraymaking.com\/wp-content\/uploads\/2025\/06\/Pulper-16x12.webp 16w\" sizes=\"auto, (max-width: 720px) 100vw, 720px\" \/><figcaption class=\"wp-element-caption\">Pulper<\/figcaption><\/figure> <\/figure>    <p class=\"translation-block\">El equipo clave incluye:<br>m\u00e1quina de pulpado, compresor de aire, m\u00e1quina de formado, m\u00e1quina de secado y m\u00e1quina de empaquetado. Podemos proporcionar la <strong><a href=\"https:\/\/www.eggtraymaking.com\/es\/paper-egg-tray-production-line\/\">l\u00ednea de producci\u00f3n completa de bandejas de frutas<\/a><\/strong>.<\/p>    <figure class=\"wp-block-gallery has-nested-images columns-default is-cropped wp-block-gallery-3 is-layout-flex wp-block-gallery-is-layout-flex\"> <figure class=\"wp-block-image size-large\"><img loading=\"lazy\" decoding=\"async\" width=\"720\" height=\"540\" data-id=\"9145\" src=\"https:\/\/www.eggtraymaking.com\/wp-content\/uploads\/2025\/06\/untitled2.webp\" alt=\"L\u00ednea de producci\u00f3n de bandejas de frutas a gran escala\" class=\"wp-image-9145\" srcset=\"https:\/\/www.eggtraymaking.com\/wp-content\/uploads\/2025\/06\/untitled2.webp 720w, https:\/\/www.eggtraymaking.com\/wp-content\/uploads\/2025\/06\/untitled2-360x270.webp 360w, https:\/\/www.eggtraymaking.com\/wp-content\/uploads\/2025\/06\/untitled2-240x180.webp 240w, https:\/\/www.eggtraymaking.com\/wp-content\/uploads\/2025\/06\/untitled2-16x12.webp 16w\" sizes=\"auto, (max-width: 720px) 100vw, 720px\" \/><figcaption class=\"wp-element-caption\">L\u00ednea de producci\u00f3n de bandejas de frutas a gran escala<\/figcaption><\/figure>    <figure class=\"wp-block-image size-large\"><img loading=\"lazy\" decoding=\"async\" width=\"720\" height=\"540\" data-id=\"9146\" src=\"https:\/\/www.eggtraymaking.com\/wp-content\/uploads\/2025\/06\/untitled5.webp\" alt=\"L\u00ednea de producci\u00f3n de bandejas de frutas a peque\u00f1a escala\" class=\"wp-image-9146\" srcset=\"https:\/\/www.eggtraymaking.com\/wp-content\/uploads\/2025\/06\/untitled5.webp 720w, https:\/\/www.eggtraymaking.com\/wp-content\/uploads\/2025\/06\/untitled5-360x270.webp 360w, https:\/\/www.eggtraymaking.com\/wp-content\/uploads\/2025\/06\/untitled5-240x180.webp 240w, https:\/\/www.eggtraymaking.com\/wp-content\/uploads\/2025\/06\/untitled5-16x12.webp 16w\" sizes=\"auto, (max-width: 720px) 100vw, 720px\" \/><figcaption class=\"wp-element-caption\">L\u00ednea de producci\u00f3n de bandejas de frutas a peque\u00f1a escala<\/figcaption><\/figure> <\/figure>    <h2 class=\"wp-block-heading\">\u00bfCu\u00e1les son las ventajas de la m\u00e1quina para hacer bandejas de frutas de Shuliy?<\/h2>    <ul class=\"wp-block-list\"> <li><strong>Ecol\u00f3gico y ahorrador de energ\u00eda:<\/strong> Utiliza papel desechado como materia prima, que es reciclable. Esto reduce enormemente los costos y ayuda a proteger el medio ambiente.<\/li>    <li><strong>Alta automatizaci\u00f3n: <\/strong>Soporta formaci\u00f3n, secado y embalaje autom\u00e1ticos. F\u00e1cil de operar con bajo costo laboral.<\/li>    <li><strong>Fuerte adaptabilidad:<\/strong> Los moldes se pueden cambiar para producir bandejas de diferentes tama\u00f1os, adecuadas para varios tipos de embalaje de frutas.<\/li>    <li><strong>Personalizaci\u00f3n flexible: <\/strong>Apoyamos tama\u00f1os y formas de moldes personalizados. Nuestro equipo profesional de dise\u00f1o 3D puede proporcionar dibujos y simulaciones de producci\u00f3n para reducir los riesgos antes de la compra. Tambi\u00e9n podemos ayudar a establecer una l\u00ednea de producci\u00f3n completa.<\/li>    <li><strong>M\u00faltiples opciones de capacidad:<\/strong> Ofrecemos m\u00e1quinas para hacer bandejas de frutas con diferentes capacidades de producci\u00f3n, de 1000 a 7000 piezas por hora.<\/li> <\/ul>    <h2 class=\"wp-block-heading\">\u00bfCu\u00e1les son los modelos populares de las m\u00e1quinas formadoras de bandejas de frutas de Shuliy?<\/h2>    <figure class=\"wp-block-table\"><table class=\"has-fixed-layout\"><tbody><tr><td>Modelo<\/td><td>Capacidad<\/td><td>Potencia<\/td><td>Voltaje<\/td><td>Peso<\/td><td>Consumo de papel<\/td><td>Consumo de agua<\/td><td>Tama\u00f1o (m\u00e1quina de moldeo)<\/td><\/tr><tr><td>SL-1000-3X1<\/td><td>1000pcs\/h<\/td><td>38kw<\/td><td>380V,50HZ<\/td><td>2500kg<\/td><td>80kg\/h<\/td><td>160kg\/h<\/td><td>2600*2200*1900mm<\/td><\/tr><tr><td>SL-1500-4X1<\/td><td>1500pcs\/h<\/td><td>38kw<\/td><td>380V,50HZ<\/td><td>3000kg<\/td><td>120kg\/h<\/td><td>240kg\/h<\/td><td>2800*2200*1900mm<\/td><\/tr><tr><td>SL-2500-3X4<\/td><td>2500pcs\/h<\/td><td>55kw<\/td><td>380V,50HZ<\/td><td>4000kg<\/td><td>200kg\/h<\/td><td>400kg\/h<\/td><td>2900*1800*1800mm<\/td><\/tr><tr><td>SL-3000-4X4<\/td><td>3000 piezas\/h<\/td><td>60 kW<\/td><td>380V,50HZ<\/td><td>4800 kg<\/td><td>240kg\/h<\/td><td>480kg\/h<\/td><td>3250*1800*1800mm<\/td><\/tr><tr><td>SL-4000-4X8<\/td><td>4000 piezas\/h<\/td><td>95kw<\/td><td>380V,50HZ<\/td><td>7000kg<\/td><td>320kg\/h<\/td><td>640kg\/h<\/td><td>3250*2300*2500mm<\/td><\/tr><tr><td>SL-5000-5X8<\/td><td>5000pcs\/h<\/td><td>95kw<\/td><td>380V,50HZ<\/td><td>8000kg<\/td><td>400kg\/h<\/td><td>800kg\/h<\/td><td>3700*2300*2500mm<\/td><\/tr><tr><td>SL-7000-6X8<\/td><td>7000pcs\/h<\/td><td>120kw<\/td><td>380V,50HZ<\/td><td>10000kg<\/td><td>480kg\/h<\/td><td>960kg\/h<\/td><td>3200*2300*2500mm<\/td><\/tr><\/tbody><\/table><\/figure>    <figure class=\"wp-block-gallery has-nested-images columns-default is-cropped wp-block-gallery-4 is-layout-flex wp-block-gallery-is-layout-flex\"> <figure class=\"wp-block-image size-large\"><img loading=\"lazy\" decoding=\"async\" width=\"720\" height=\"540\" data-id=\"9153\" src=\"https:\/\/www.eggtraymaking.com\/wp-content\/uploads\/2025\/06\/3\u00d74-fruit-tray-making-machine.webp\" alt=\"M\u00e1quina para hacer bandejas de frutas 3\u00d74\" class=\"wp-image-9153\" srcset=\"https:\/\/www.eggtraymaking.com\/wp-content\/uploads\/2025\/06\/3\u00d74-fruit-tray-making-machine.webp 720w, https:\/\/www.eggtraymaking.com\/wp-content\/uploads\/2025\/06\/3\u00d74-fruit-tray-making-machine-360x270.webp 360w, https:\/\/www.eggtraymaking.com\/wp-content\/uploads\/2025\/06\/3\u00d74-fruit-tray-making-machine-240x180.webp 240w, https:\/\/www.eggtraymaking.com\/wp-content\/uploads\/2025\/06\/3\u00d74-fruit-tray-making-machine-16x12.webp 16w\" sizes=\"auto, (max-width: 720px) 100vw, 720px\" \/><figcaption class=\"wp-element-caption\">M\u00e1quina para hacer bandejas de frutas 3\u00d74<\/figcaption><\/figure>    <figure class=\"wp-block-image size-large\"><img loading=\"lazy\" decoding=\"async\" width=\"720\" height=\"540\" data-id=\"9154\" src=\"https:\/\/www.eggtraymaking.com\/wp-content\/uploads\/2025\/06\/5\u00d78-fruit-tray-making-machine.webp\" alt=\"M\u00e1quina para hacer bandejas de frutas 5\u00d78\" class=\"wp-image-9154\" srcset=\"https:\/\/www.eggtraymaking.com\/wp-content\/uploads\/2025\/06\/5\u00d78-fruit-tray-making-machine.webp 720w, https:\/\/www.eggtraymaking.com\/wp-content\/uploads\/2025\/06\/5\u00d78-fruit-tray-making-machine-360x270.webp 360w, https:\/\/www.eggtraymaking.com\/wp-content\/uploads\/2025\/06\/5\u00d78-fruit-tray-making-machine-240x180.webp 240w, https:\/\/www.eggtraymaking.com\/wp-content\/uploads\/2025\/06\/5\u00d78-fruit-tray-making-machine-16x12.webp 16w\" sizes=\"auto, (max-width: 720px) 100vw, 720px\" \/><figcaption class=\"wp-element-caption\">M\u00e1quina para hacer bandejas de frutas 5\u00d78<\/figcaption><\/figure> <\/figure>    <h2 class=\"wp-block-heading\">\u00bfQu\u00e9 tipos de bandejas de frutas se pueden hacer?<\/h2>    <ul class=\"wp-block-list\"> <li><strong>Bandeja para manzanas:<\/strong> Los tipos comunes tienen dise\u00f1os de 10, 15 o 20 agujeros. Cada fruta tiene su propio espacio para evitar magulladuras durante el transporte.<\/li>    <li><strong>Bandeja para naranjas \/ c\u00edtricos:<\/strong> Generalmente con 12 o 15 agujeros. Los espacios son m\u00e1s profundos y redondos, perfectos para sostener frutas redondas y evitar que rueden.<\/li>    <li><strong>Bandeja para kiwis:<\/strong> A menudo viene con 8 o 16 agujeros, a veces dise\u00f1ado en dos capas. Este tipo protege las frutas suaves de la presi\u00f3n y el da\u00f1o.<\/li>    <li><strong>Bandeja de peras:<\/strong> Hecho de material de pulpa suave. El tama\u00f1o del agujero es m\u00e1s grande, adecuado para frutas grandes como las peras de nieve.<\/li>    <li><strong>Bandeja de uvas: <\/strong>Una bandeja plana y poco profunda utilizada para sostener racimos de uvas que ya est\u00e1n empaquetados en bolsas de espuma.<\/li>    <li><strong>Bandeja de fresas: <\/strong>Generalmente hecho de pl\u00e1stico transparente o bandejas de pulpa poco profundas combinadas con papel absorbente, dispuestas en una sola capa para proteger cada baya.<\/li> <\/ul>   <div class=\"wp-block-image\"> <figure class=\"aligncenter size-full\"><img loading=\"lazy\" decoding=\"async\" width=\"720\" height=\"540\" src=\"https:\/\/www.eggtraymaking.com\/wp-content\/uploads\/2025\/06\/Our-Drawing-Design.webp\" alt=\"Nuestro dise\u00f1o de dibujo\" class=\"wp-image-9158\" srcset=\"https:\/\/www.eggtraymaking.com\/wp-content\/uploads\/2025\/06\/Our-Drawing-Design.webp 720w, https:\/\/www.eggtraymaking.com\/wp-content\/uploads\/2025\/06\/Our-Drawing-Design-360x270.webp 360w, https:\/\/www.eggtraymaking.com\/wp-content\/uploads\/2025\/06\/Our-Drawing-Design-240x180.webp 240w, https:\/\/www.eggtraymaking.com\/wp-content\/uploads\/2025\/06\/Our-Drawing-Design-16x12.webp 16w\" sizes=\"auto, (max-width: 720px) 100vw, 720px\" \/><figcaption class=\"wp-element-caption\">Nuestro dise\u00f1o de dibujo<\/figcaption><\/figure> <\/div>   <h2 class=\"wp-block-heading\">Tama\u00f1os comunes de bandejas de frutas<\/h2>    <figure class=\"wp-block-table\"><table class=\"has-fixed-layout\"><tbody><tr><td>Tipo de fruta<\/td><td>N\u00famero de agujeros<\/td><td>Di\u00e1metro del agujero (mm)<\/td><td>Tama\u00f1o de la bandeja (mm)<\/td><\/tr><tr><td>Manzana<\/td><td>20 agujeros<\/td><td>80-100<\/td><td>400*300<\/td><\/tr><tr><td>Naranja<\/td><td>12-15 agujeros<\/td><td>70-90<\/td><td>400*300<\/td><\/tr><tr><td>Kiwi<\/td><td>16 agujeros<\/td><td>60-70<\/td><td>350*250<\/td><\/tr><tr><td>Pera<\/td><td>10-15 agujeros<\/td><td>85-100<\/td><td>400*300<\/td><\/tr><\/tbody><\/table><\/figure>    <p>Las tallas enumeradas arriba son las m\u00e1s comunes en el mercado. Si tiene necesidades de personalizaci\u00f3n especiales, no dude en ponerse en contacto con nosotros. \u00a1Le responderemos dentro de 24 horas!<\/p>    <figure class=\"wp-block-gallery has-nested-images columns-default is-cropped wp-block-gallery-5 is-layout-flex wp-block-gallery-is-layout-flex\"> <figure class=\"wp-block-image size-large\"><img loading=\"lazy\" decoding=\"async\" width=\"720\" height=\"540\" data-id=\"9157\" src=\"https:\/\/www.eggtraymaking.com\/wp-content\/uploads\/2025\/06\/Fruit-Tray-1.webp\" alt=\"Bandeja de frutas\" class=\"wp-image-9157\" srcset=\"https:\/\/www.eggtraymaking.com\/wp-content\/uploads\/2025\/06\/Fruit-Tray-1.webp 720w, https:\/\/www.eggtraymaking.com\/wp-content\/uploads\/2025\/06\/Fruit-Tray-1-360x270.webp 360w, https:\/\/www.eggtraymaking.com\/wp-content\/uploads\/2025\/06\/Fruit-Tray-1-240x180.webp 240w, https:\/\/www.eggtraymaking.com\/wp-content\/uploads\/2025\/06\/Fruit-Tray-1-16x12.webp 16w\" sizes=\"auto, (max-width: 720px) 100vw, 720px\" \/><figcaption class=\"wp-element-caption\">Bandeja de frutas<\/figcaption><\/figure>    <figure class=\"wp-block-image size-large\"><img loading=\"lazy\" decoding=\"async\" width=\"720\" height=\"540\" data-id=\"9156\" src=\"https:\/\/www.eggtraymaking.com\/wp-content\/uploads\/2025\/06\/Various-Styles-of-Fruit-Trays.webp\" alt=\"Varios estilos de bandejas de frutas\" class=\"wp-image-9156\" srcset=\"https:\/\/www.eggtraymaking.com\/wp-content\/uploads\/2025\/06\/Various-Styles-of-Fruit-Trays.webp 720w, https:\/\/www.eggtraymaking.com\/wp-content\/uploads\/2025\/06\/Various-Styles-of-Fruit-Trays-360x270.webp 360w, https:\/\/www.eggtraymaking.com\/wp-content\/uploads\/2025\/06\/Various-Styles-of-Fruit-Trays-240x180.webp 240w, https:\/\/www.eggtraymaking.com\/wp-content\/uploads\/2025\/06\/Various-Styles-of-Fruit-Trays-16x12.webp 16w\" sizes=\"auto, (max-width: 720px) 100vw, 720px\" \/><figcaption class=\"wp-element-caption\">Varios estilos de bandejas de frutas<\/figcaption><\/figure> <\/figure>","protected":false},"excerpt":{"rendered":"<p>La m\u00e1quina de bandejas de frutas puede producir varios tipos de bandejas de frutas, con amplias aplicaciones y opciones de capacidad flexibles.<\/p>","protected":false},"author":1,"featured_media":9142,"parent":0,"template":"","tags":[21,457],"product-type":[451],"class_list":["post-9141","product","type-product","status-publish","has-post-thumbnail","hentry","tag-fruit-tray","tag-fruit-tray-making-machine","product-type-pulp-molding-machine"],"_links":{"self":[{"href":"https:\/\/www.eggtraymaking.com\/es\/wp-json\/wp\/v2\/product\/9141","targetHints":{"allow":["GET"]}}],"collection":[{"href":"https:\/\/www.eggtraymaking.com\/es\/wp-json\/wp\/v2\/product"}],"about":[{"href":"https:\/\/www.eggtraymaking.com\/es\/wp-json\/wp\/v2\/types\/product"}],"author":[{"embeddable":true,"href":"https:\/\/www.eggtraymaking.com\/es\/wp-json\/wp\/v2\/users\/1"}],"wp:featuredmedia":[{"embeddable":true,"href":"https:\/\/www.eggtraymaking.com\/es\/wp-json\/wp\/v2\/media\/9142"}],"wp:attachment":[{"href":"https:\/\/www.eggtraymaking.com\/es\/wp-json\/wp\/v2\/media?parent=9141"}],"wp:term":[{"taxonomy":"post_tag","embeddable":true,"href":"https:\/\/www.eggtraymaking.com\/es\/wp-json\/wp\/v2\/tags?post=9141"},{"taxonomy":"product-type","embeddable":true,"href":"https:\/\/www.eggtraymaking.com\/es\/wp-json\/wp\/v2\/product-type?post=9141"}],"curies":[{"name":"wp","href":"https:\/\/api.w.org\/{rel}","templated":true}]}}