{"id":3209,"date":"2020-11-24T11:55:55","date_gmt":"2020-11-24T03:55:55","guid":{"rendered":"https:\/\/www.eggtraymaking.com\/?p=3209"},"modified":"2025-06-25T15:17:18","modified_gmt":"2025-06-25T07:17:18","slug":"paper-apple-tray-making-machine-price","status":"publish","type":"product","link":"https:\/\/www.eggtraymaking.com\/es\/paper-apple-tray-making-machine-price\/","title":{"rendered":"M\u00e1quina para hacer bandejas de papel para manzanas | L\u00ednea de producci\u00f3n de bandejas de pulpa para frutas"},"content":{"rendered":"<p class=\"translation-block\">El equipo para el procesamiento industrializado de bandejas de papel para frutas es ahora un importante proyecto de inversi\u00f3n para muchos inversores. Entre ellos, la m\u00e1quina para fabricar bandejas de papel para manzanas es una m\u00e1quina ideal para procesar bandejas de frutas. Esta m\u00e1quina comercial para procesar bandejas de manzanas puede reciclar varias cajas de papel usadas y peri\u00f3dicos y procesarlos en bandejas de frutas de diferentes especificaciones. Adem\u00e1s, el tama\u00f1o, el color, el peso, etc. de la bandeja de papel para manzanas procesada se pueden personalizar seg\u00fan las necesidades del cliente.<\/p>    <h2 class=\"wp-block-heading\" id=\"h-introduction-of-the-paper-apple-tray-making-machine\">Introducci\u00f3n de la m\u00e1quina para hacer bandejas de papel<\/h2>    <p class=\"translation-block\">La <strong>M\u00e1quina para bandejas de pulpa de manzana<\/strong> utiliza peri\u00f3dicos viejos, cartones viejos, material impreso viejo y recortes de varias f\u00e1bricas de productos de papel como materias primas, y se mezcla en una suspensi\u00f3n de cierta concentraci\u00f3n a trav\u00e9s de procesos como desintegraci\u00f3n hidr\u00e1ulica, filtraci\u00f3n e inyecci\u00f3n de agua. El molde met\u00e1lico especial se adsorbe al vac\u00edo en un producto h\u00famedo en bruto, y el producto h\u00famedo formado se seca y se prensa en caliente para darle forma.<\/p>    <figure class=\"wp-block-gallery has-nested-images columns-default is-cropped wp-block-gallery-2 is-layout-flex wp-block-gallery-is-layout-flex\"> <figure class=\"wp-block-image size-large\"><img loading=\"lazy\" decoding=\"async\" width=\"720\" height=\"540\" data-id=\"3224\" src=\"https:\/\/www.eggtraymaking.com\/wp-content\/uploads\/2020\/11\/apple-trays-made-by-fruit-trays-production-line.jpg\" alt=\"bandejas de manzanas fabricadas por l\u00ednea de producci\u00f3n de bandejas de frutas\" class=\"wp-image-3224\" srcset=\"https:\/\/www.eggtraymaking.com\/wp-content\/uploads\/2020\/11\/apple-trays-made-by-fruit-trays-production-line.jpg 720w, https:\/\/www.eggtraymaking.com\/wp-content\/uploads\/2020\/11\/apple-trays-made-by-fruit-trays-production-line-240x180.jpg 240w, https:\/\/www.eggtraymaking.com\/wp-content\/uploads\/2020\/11\/apple-trays-made-by-fruit-trays-production-line-360x270.jpg 360w\" sizes=\"auto, (max-width: 720px) 100vw, 720px\" \/><figcaption class=\"wp-element-caption\">Bandejas de manzana hechas por la l\u00ednea de producci\u00f3n de bandejas de frutas<\/figcaption><\/figure>    <figure class=\"wp-block-image size-large\"><img loading=\"lazy\" decoding=\"async\" width=\"720\" height=\"540\" data-id=\"3225\" src=\"https:\/\/www.eggtraymaking.com\/wp-content\/uploads\/2020\/11\/fruit-trays-made-of-paper-pulp.jpg\" alt=\"bandejas de frutas hechas de pulpa de papel\" class=\"wp-image-3225\" srcset=\"https:\/\/www.eggtraymaking.com\/wp-content\/uploads\/2020\/11\/fruit-trays-made-of-paper-pulp.jpg 720w, https:\/\/www.eggtraymaking.com\/wp-content\/uploads\/2020\/11\/fruit-trays-made-of-paper-pulp-240x180.jpg 240w, https:\/\/www.eggtraymaking.com\/wp-content\/uploads\/2020\/11\/fruit-trays-made-of-paper-pulp-360x270.jpg 360w\" sizes=\"auto, (max-width: 720px) 100vw, 720px\" \/><figcaption class=\"wp-element-caption\">Bandejas de frutas hechas de pulpa de papel<\/figcaption><\/figure> <\/figure>    <h2 class=\"wp-block-heading\" id=\"h-components-of-the-paper-pulp-fruit-trays-production-line\">Componentes de la <strong><a href=\"https:\/\/www.eggtraymaking.com\/es\/egg-tray-production-line\/\">l\u00ednea de producci\u00f3n de bandejas de frutas de pulpa de papel<\/a><\/strong><\/h2>    <p>La m\u00e1quina de fabricaci\u00f3n de bandejas de manzana tiene una estructura compacta y un m\u00e9todo de operaci\u00f3n relativamente simple. El procesamiento de bandejas de manzana de pulpa generalmente requiere un conjunto completo de equipos de procesamiento, como una m\u00e1quina de pulpa, un mezclador de pulpa, un tanque de almacenamiento de pulpa, una m\u00e1quina formadora de bandejas de manzana y un secador de bandejas de manzana.<\/p>   <div class=\"wp-block-image\"> <figure class=\"aligncenter size-large is-resized\"><img loading=\"lazy\" decoding=\"async\" width=\"720\" height=\"540\" src=\"https:\/\/www.eggtraymaking.com\/wp-content\/uploads\/2020\/11\/small-type-apple-tray-maker-machine.jpg\" alt=\"m\u00e1quina peque\u00f1a para hacer bandejas de manzana\" class=\"wp-image-3217\" style=\"width:797px;height:598px\" srcset=\"https:\/\/www.eggtraymaking.com\/wp-content\/uploads\/2020\/11\/small-type-apple-tray-maker-machine.jpg 720w, https:\/\/www.eggtraymaking.com\/wp-content\/uploads\/2020\/11\/small-type-apple-tray-maker-machine-240x180.jpg 240w, https:\/\/www.eggtraymaking.com\/wp-content\/uploads\/2020\/11\/small-type-apple-tray-maker-machine-360x270.jpg 360w\" sizes=\"auto, (max-width: 720px) 100vw, 720px\" \/><figcaption class=\"wp-element-caption\">m\u00e1quina peque\u00f1a para hacer bandejas de manzana<\/figcaption><\/figure> <\/div>   <p>1-Sistema de pulpeo: pulper, bomba de pulpa, tamiz vibrante, refinador, agitador, etc.<br>2- Sistema de moldeo: m\u00e1quina de moldeo por tambor, molde, compresor de aire, tanque de compresor de aire, bomba de vac\u00edo, tanque de vac\u00edo, bomba de agua a alta presi\u00f3n, bomba de separaci\u00f3n de vapor y agua, etc.<br>3-Sistema de secado: soplador de aire caliente, ventilador de deshumidificaci\u00f3n, tubo de deshumidificaci\u00f3n, quemador, c\u00e1mara de combusti\u00f3n, cinta transportadora, cadena, etc.<br>4-Sistema de embalaje: equipo de prensado, m\u00e1quina de embalaje, etc.<\/p>    <h2 class=\"wp-block-heading\" id=\"h-raw-materials-for-making-paper-apple-trays\">Materias primas para hacer bandejas de manzana de papel<\/h2>    <p>Las materias primas para la producci\u00f3n de bandejas de huevos de papel de manzana son principalmente peri\u00f3dicos en desuso, cartones y papel reciclado de f\u00e1bricas de papel, f\u00e1bricas de cart\u00f3n y plantas de impresi\u00f3n. Por lo tanto, los recursos de materias primas utilizados en la producci\u00f3n de bandejas de frutas son abundantes, el precio es bajo y el costo de producci\u00f3n es bajo. <\/p>   <div class=\"wp-block-image\"> <figure class=\"aligncenter size-large\"><img loading=\"lazy\" decoding=\"async\" width=\"720\" height=\"540\" src=\"https:\/\/www.eggtraymaking.com\/wp-content\/uploads\/2020\/11\/raw-materials-for-making-apple-trays.jpg\" alt=\"materias primas para hacer bandejas de manzana\" class=\"wp-image-3216\" srcset=\"https:\/\/www.eggtraymaking.com\/wp-content\/uploads\/2020\/11\/raw-materials-for-making-apple-trays.jpg 720w, https:\/\/www.eggtraymaking.com\/wp-content\/uploads\/2020\/11\/raw-materials-for-making-apple-trays-240x180.jpg 240w, https:\/\/www.eggtraymaking.com\/wp-content\/uploads\/2020\/11\/raw-materials-for-making-apple-trays-360x270.jpg 360w\" sizes=\"auto, (max-width: 720px) 100vw, 720px\" \/><figcaption class=\"wp-element-caption\">materias primas para hacer bandejas de manzana<\/figcaption><\/figure> <\/div>   <p>Adem\u00e1s, no se descarga aguas residuales ni gases de desecho durante el proceso de producci\u00f3n de bandejas de manzana. El agua utilizada en el proceso de producci\u00f3n puede ser reciclada, no contaminar\u00e1 el medio ambiente y puede ahorrar costos de agua.<\/p>    <h2 class=\"wp-block-heading\" id=\"h-types-of-paper-apple-trays\">Tipos de bandejas de manzana de papel<\/h2>    <p class=\"translation-block\">La m\u00e1quin<strong><a href=\"https:\/\/www.eggtraymaking.com\/es\/egg-tray-making-machine\/\">a para fabricar bandejas de papel para manzanas<\/a><\/strong> puede procesar varias formas de bandejas de frutas. Estos diferentes tipos de bandejas de frutas se pueden utilizar para contener diferentes frutas y verduras, como peras, mandarinas, naranjas, kiwis, caquis, tomates, etc. Adem\u00e1s, el tama\u00f1o, el color, el grosor y la forma de la bandeja de manzanas se pueden personalizar.<\/p>   <div class=\"wp-block-image\"> <figure class=\"aligncenter size-large\"><img loading=\"lazy\" decoding=\"async\" width=\"720\" height=\"540\" src=\"https:\/\/www.eggtraymaking.com\/wp-content\/uploads\/2020\/11\/all-kinds-of-fruit-trays.jpg\" alt=\"todo tipo de bandejas de frutas\" class=\"wp-image-3221\" srcset=\"https:\/\/www.eggtraymaking.com\/wp-content\/uploads\/2020\/11\/all-kinds-of-fruit-trays.jpg 720w, https:\/\/www.eggtraymaking.com\/wp-content\/uploads\/2020\/11\/all-kinds-of-fruit-trays-240x180.jpg 240w, https:\/\/www.eggtraymaking.com\/wp-content\/uploads\/2020\/11\/all-kinds-of-fruit-trays-360x270.jpg 360w\" sizes=\"auto, (max-width: 720px) 100vw, 720px\" \/><figcaption class=\"wp-element-caption\">todo tipo de bandejas de frutas<\/figcaption><\/figure> <\/div>   <h2 class=\"wp-block-heading\" id=\"h-how-to-make-apple-trays-smoother\">\u00bfC\u00f3mo hacer que las bandejas de manzana sean m\u00e1s suaves?<\/h2>    <p>Las bandejas de manzana procesadas por una m\u00e1quina de procesamiento de bandejas de frutas suelen tener superficies rugosas. Las bandejas de manzana que a menudo vemos son generalmente lisas y de forma regular. \u00bfPor qu\u00e9? Esto se debe a que la bandeja de papel presionada directamente por la m\u00e1quina de formaci\u00f3n de pulpa de bandejas de manzana necesita ser calentada y extruida adicionalmente. Podemos usar una prensa caliente para procesar a\u00fan m\u00e1s la bandeja de manzana.<\/p>   <div class=\"wp-block-image\"> <figure class=\"aligncenter size-large is-resized\"><img loading=\"lazy\" decoding=\"async\" width=\"720\" height=\"540\" src=\"https:\/\/www.eggtraymaking.com\/wp-content\/uploads\/2020\/11\/paper-apple-trays-hot-pressing-machine.jpg\" alt=\"m\u00e1quina de prensado en caliente para bandejas de papel para manzanas\" class=\"wp-image-3222\" style=\"width:803px;height:602px\" srcset=\"https:\/\/www.eggtraymaking.com\/wp-content\/uploads\/2020\/11\/paper-apple-trays-hot-pressing-machine.jpg 720w, https:\/\/www.eggtraymaking.com\/wp-content\/uploads\/2020\/11\/paper-apple-trays-hot-pressing-machine-240x180.jpg 240w, https:\/\/www.eggtraymaking.com\/wp-content\/uploads\/2020\/11\/paper-apple-trays-hot-pressing-machine-360x270.jpg 360w\" sizes=\"auto, (max-width: 720px) 100vw, 720px\" \/><figcaption class=\"wp-element-caption\">m\u00e1quina de prensado en caliente para bandejas de papel para manzanas<\/figcaption><\/figure> <\/div>","protected":false},"excerpt":{"rendered":"<p>La m\u00e1quina de hacer bandejas de papel para manzanas es una m\u00e1quina ideal para procesar bandejas de frutas. Esta m\u00e1quina comercial para el procesamiento de bandejas de manzanas puede reciclar diversas cajas de papel y peri\u00f3dicos y procesarlos en bandejas de frutas de diferentes especificaciones. <\/p>","protected":false},"author":1,"featured_media":3215,"parent":0,"template":"","tags":[437,436,438],"product-type":[451],"class_list":["post-3209","product","type-product","status-publish","has-post-thumbnail","hentry","tag-fruit-trays-production-line","tag-paper-apple-tray-making-machine","tag-paper-pulp-cartons","product-type-pulp-molding-machine"],"_links":{"self":[{"href":"https:\/\/www.eggtraymaking.com\/es\/wp-json\/wp\/v2\/product\/3209","targetHints":{"allow":["GET"]}}],"collection":[{"href":"https:\/\/www.eggtraymaking.com\/es\/wp-json\/wp\/v2\/product"}],"about":[{"href":"https:\/\/www.eggtraymaking.com\/es\/wp-json\/wp\/v2\/types\/product"}],"author":[{"embeddable":true,"href":"https:\/\/www.eggtraymaking.com\/es\/wp-json\/wp\/v2\/users\/1"}],"wp:featuredmedia":[{"embeddable":true,"href":"https:\/\/www.eggtraymaking.com\/es\/wp-json\/wp\/v2\/media\/3215"}],"wp:attachment":[{"href":"https:\/\/www.eggtraymaking.com\/es\/wp-json\/wp\/v2\/media?parent=3209"}],"wp:term":[{"taxonomy":"post_tag","embeddable":true,"href":"https:\/\/www.eggtraymaking.com\/es\/wp-json\/wp\/v2\/tags?post=3209"},{"taxonomy":"product-type","embeddable":true,"href":"https:\/\/www.eggtraymaking.com\/es\/wp-json\/wp\/v2\/product-type?post=3209"}],"curies":[{"name":"wp","href":"https:\/\/api.w.org\/{rel}","templated":true}]}}