{"id":1014,"date":"2019-05-28T02:20:46","date_gmt":"2019-05-28T02:20:46","guid":{"rendered":"https:\/\/www.eggtraymaking.com\/?p=1014"},"modified":"2025-11-24T18:01:34","modified_gmt":"2025-11-24T10:01:34","slug":"12-side-egg-tray-machine","status":"publish","type":"product","link":"https:\/\/www.eggtraymaking.com\/es\/12-side-egg-tray-machine\/","title":{"rendered":"M\u00e1quina de bandejas de huevo de 12 lados"},"content":{"rendered":"<p class=\"translation-block\">La <a href=\"https:\/\/www.eggtraymaking.com\/es\/egg-tray-making-machine\/\">m\u00e1quina de cartones de huevos<\/a> de 12 caras incluye dos modelos. El primer modelo puede producir aproximadamente 6000 unidades por hora, el segundo modelo puede producir aproximadamente 8000 unidades por hora. Es adecuada para la producci\u00f3n en f\u00e1bricas a gran escala. Zhengzhou Shuliy Machinery tiene una rica experiencia en producci\u00f3n. Es f\u00e1cil de operar y puede ahorrar muchos costos de mano de obra. <\/p>    <figure class=\"wp-block-embed is-type-video is-provider-youtube wp-block-embed-youtube wp-embed-aspect-16-9 wp-has-aspect-ratio\"><div class=\"wp-block-embed__wrapper\"> <iframe loading=\"lazy\" title=\"\u00a1M\u00e1quina de fabricaci\u00f3n de cartones de huevos de 4000 piezas\/h en operaci\u00f3n! Principal proveedor de m\u00e1quinas de bandejas de huevos #eggtraymachine\" width=\"500\" height=\"281\" src=\"https:\/\/www.youtube.com\/embed\/kW1KjK-Az3o?feature=oembed\" frameborder=\"0\" allow=\"accelerometer; autoplay; clipboard-write; encrypted-media; gyroscope; picture-in-picture; web-share\" referrerpolicy=\"strict-origin-when-cross-origin\" allowfullscreen><\/iframe> <\/div><figcaption class=\"wp-element-caption\">video de m\u00e1quina de cartones de huevos<\/figcaption><\/figure>    <h2 class=\"wp-block-heading\"><strong>Introducci\u00f3n a la m\u00e1quina de bandejas de huevos de 12 compartimentos <\/strong><strong><\/strong><\/h2>    <p>El modelo SL-5*12 puede producir alrededor de 6000 bandejas de huevos por hora. Este modelo funciona sin problemas con un sistema totalmente autom\u00e1tico. Este modelo tiene una capacidad muy alta en las mismas condiciones de consumo. Adem\u00e1s, se puede conectar con diferentes m\u00e9todos de secado, lo que puede ahorrar m\u00e1s energ\u00eda, mano de obra y costos.<\/p>    <figure class=\"wp-block-gallery has-nested-images columns-default is-cropped wp-block-gallery-2 is-layout-flex wp-block-gallery-is-layout-flex\"> <figure class=\"wp-block-image\"><img loading=\"lazy\" decoding=\"async\" width=\"750\" height=\"496\" data-id=\"1194\" src=\"https:\/\/www.eggtraymaking.com\/wp-content\/uploads\/2019\/05\/SL-512-12-Side-Egg-Tray-Machine-3.jpg\" alt=\"SL-512-12 Side Egg Tray Machine (3)\" class=\"wp-image-1194\" srcset=\"https:\/\/www.eggtraymaking.com\/wp-content\/uploads\/2019\/05\/SL-512-12-Side-Egg-Tray-Machine-3.jpg 750w, https:\/\/www.eggtraymaking.com\/wp-content\/uploads\/2019\/05\/SL-512-12-Side-Egg-Tray-Machine-3-360x238.jpg 360w\" sizes=\"auto, (max-width: 750px) 100vw, 750px\" \/><\/figure>    <figure class=\"wp-block-image\"><img loading=\"lazy\" decoding=\"async\" width=\"750\" height=\"496\" data-id=\"1195\" src=\"https:\/\/www.eggtraymaking.com\/wp-content\/uploads\/2019\/05\/SL-512-12-Side-Egg-Tray-Machine-4.jpg\" alt=\"SL-512-12 Side Egg Tray Machine (4)\" class=\"wp-image-1195\" srcset=\"https:\/\/www.eggtraymaking.com\/wp-content\/uploads\/2019\/05\/SL-512-12-Side-Egg-Tray-Machine-4.jpg 750w, https:\/\/www.eggtraymaking.com\/wp-content\/uploads\/2019\/05\/SL-512-12-Side-Egg-Tray-Machine-4-360x238.jpg 360w\" sizes=\"auto, (max-width: 750px) 100vw, 750px\" \/><\/figure> <\/figure>    <p class=\"translation-block\">La m\u00e1quina de <a href=\"https:\/\/en.wikipedia.org\/wiki\/Egg_carton\" target=\"_blank\" rel=\"noopener\">cartones de huevos<\/a> modelo SL-6*12 puede producir aproximadamente 8000 cartones de huevos por hora. Este modelo tiene la mayor capacidad. Este modelo funciona sin problemas con un sistema totalmente autom\u00e1tico. Este modelo tiene una capacidad muy alta en las mismas condiciones de consumo. Adem\u00e1s, se puede conectar con diferentes m\u00e9todos de secado, lo que puede ahorrar m\u00e1s energ\u00eda, mano de obra y costos. Solo 3-4 personas pueden operar esta l\u00ednea de producci\u00f3n completa. Esta l\u00ednea de producci\u00f3n tiene las ventajas de bajo costo de materia prima, gran producci\u00f3n y r\u00e1pida recuperaci\u00f3n de beneficios. <\/p>    <h2 class=\"wp-block-heading\"><strong>Par\u00e1metros de la m\u00e1quina de bandejas de huevos de 12 compartimentos<\/strong><strong><\/strong><\/h2>    <div class=\"table_grad scroll_tablex\">       <table class=\"table_tab responsive\"><tbody><tr><td>Modelo<\/td><td>Capacidad<\/td><td>Papel de agua<\/td><td>Consumo de agua<\/td><td>Consumo de electricidad<\/td><td>Trabajador<\/td><\/tr><tr><td>SL-5*12<\/td><td>6000 piezas\/h<\/td><td>480kg\/h<\/td><td>900 kg\/h<\/td><td>90 kw\/h<\/td><td>3-4<\/td><\/tr><tr><td>SL-6*12<\/td><td>8000 piezas\/h<\/td><td>640kg\/h<\/td><td>1040kg\/h<\/td><td>100kw\/h<\/td><td>3-4<\/td><\/tr><\/tbody><\/table><\/div>    <h2 class=\"wp-block-heading\"><strong>Se pueden a\u00f1adir aditivos en el proceso de fabricaci\u00f3n.<\/strong><\/h2>    <p>Se puede a\u00f1adir color para hacer bandejas de huevos de diferentes colores. Porque el molde de la bandeja de huevos se puede personalizar seg\u00fan las diferentes necesidades del cliente. A veces, el cliente quiere hacer algunos colores bonitos debido a su idea. Simplemente pon el color en la mezcladora, el color de la pulpa cambiar\u00e1. Luego, la bandeja de huevos para la venta se puede procesar en cualquier color que desees.<\/p>    <figure class=\"wp-block-gallery has-nested-images columns-default is-cropped wp-block-gallery-3 is-layout-flex wp-block-gallery-is-layout-flex\"> <figure class=\"wp-block-image\"><img loading=\"lazy\" decoding=\"async\" width=\"500\" height=\"348\" data-id=\"1200\" src=\"https:\/\/www.eggtraymaking.com\/wp-content\/uploads\/2019\/05\/SL-512-12-Side-Egg-Tray-Machine-1.jpg\" alt=\"SL-512-12 Side Egg Tray Machine (1)\" class=\"wp-image-1200\" srcset=\"https:\/\/www.eggtraymaking.com\/wp-content\/uploads\/2019\/05\/SL-512-12-Side-Egg-Tray-Machine-1.jpg 500w, https:\/\/www.eggtraymaking.com\/wp-content\/uploads\/2019\/05\/SL-512-12-Side-Egg-Tray-Machine-1-360x251.jpg 360w\" sizes=\"auto, (max-width: 500px) 100vw, 500px\" \/><\/figure>    <figure class=\"wp-block-image\"><img loading=\"lazy\" decoding=\"async\" width=\"500\" height=\"339\" data-id=\"1201\" src=\"https:\/\/www.eggtraymaking.com\/wp-content\/uploads\/2019\/05\/SL-512-12-Side-Egg-Tray-Machine-2.jpg\" alt=\"M\u00e1quina para bandejas de 12 huevos\" class=\"wp-image-1201\" srcset=\"https:\/\/www.eggtraymaking.com\/wp-content\/uploads\/2019\/05\/SL-512-12-Side-Egg-Tray-Machine-2.jpg 500w, https:\/\/www.eggtraymaking.com\/wp-content\/uploads\/2019\/05\/SL-512-12-Side-Egg-Tray-Machine-2-360x244.jpg 360w\" sizes=\"auto, (max-width: 500px) 100vw, 500px\" \/><\/figure> <\/figure>    <p>Se puede a\u00f1adir pegamento para aumentar la vida \u00fatil de la bandeja de huevos. El pegamento tiene la funci\u00f3n de ser impermeable. Es un aditivo importante durante el proceso de la m\u00e1quina de bandejas de huevos. <\/p>    <p>Es muy importante a\u00f1adir aditivos apropiados al producir la bandeja de huevos. Porque favorece la producci\u00f3n de bandejas de huevos de mayor calidad. Este tipo de m\u00e1quina puede producir bandejas de huevos de alta capacidad. <\/p>    <h2 class=\"wp-block-heading\"><strong>Elige un fabricante profesional de bandejas de huevos<\/strong><strong><\/strong><\/h2>    <p>Somos un fabricante de m\u00e1quinas de bandejas de huevo, hemos estado mejorando constantemente de acuerdo con los comentarios de nuestros clientes y esforz\u00e1ndonos por ser el mejor proveedor de m\u00e1quinas de bandejas de huevo. Nuestros ingenieros han estado mejorando el nivel de tecnolog\u00eda para maximizar los beneficios de nuestros clientes. El conocimiento profesional, los trabajadores experimentados y un sistema de servicio postventa perfecto son factores importantes para que los clientes nos elijan. Tenemos muchos stocks en nuestra f\u00e1brica. Como bandejas para manzanas, bandejas para vino, etc. Bienvenido a nuestra f\u00e1brica para visitar. <\/p>","protected":false},"excerpt":{"rendered":"<p>The 12 side egg tray machine including two models. The first model can produce about 6000pcs per hour, the second model can produce about 8000pcs per hour. It is suitable for big scale factory production. Zhengzhou Shuliy Machinery has rich production experience. It is easy to operate and can save much labor cost. Introduction of [&hellip;]<\/p>\n","protected":false},"author":1,"featured_media":1382,"parent":0,"template":"","tags":[17],"product-type":[449],"class_list":["post-1014","product","type-product","status-publish","has-post-thumbnail","hentry","tag-egg-tray-machine","product-type-egg-tray-machine-by-capacity"],"_links":{"self":[{"href":"https:\/\/www.eggtraymaking.com\/es\/wp-json\/wp\/v2\/product\/1014","targetHints":{"allow":["GET"]}}],"collection":[{"href":"https:\/\/www.eggtraymaking.com\/es\/wp-json\/wp\/v2\/product"}],"about":[{"href":"https:\/\/www.eggtraymaking.com\/es\/wp-json\/wp\/v2\/types\/product"}],"author":[{"embeddable":true,"href":"https:\/\/www.eggtraymaking.com\/es\/wp-json\/wp\/v2\/users\/1"}],"wp:featuredmedia":[{"embeddable":true,"href":"https:\/\/www.eggtraymaking.com\/es\/wp-json\/wp\/v2\/media\/1382"}],"wp:attachment":[{"href":"https:\/\/www.eggtraymaking.com\/es\/wp-json\/wp\/v2\/media?parent=1014"}],"wp:term":[{"taxonomy":"post_tag","embeddable":true,"href":"https:\/\/www.eggtraymaking.com\/es\/wp-json\/wp\/v2\/tags?post=1014"},{"taxonomy":"product-type","embeddable":true,"href":"https:\/\/www.eggtraymaking.com\/es\/wp-json\/wp\/v2\/product-type?post=1014"}],"curies":[{"name":"wp","href":"https:\/\/api.w.org\/{rel}","templated":true}]}}