{"id":208,"date":"2019-05-13T03:23:08","date_gmt":"2019-05-13T03:23:08","guid":{"rendered":"https:\/\/www.dry-ice-machine.com\/?p=208"},"modified":"2025-05-23T08:47:16","modified_gmt":"2025-05-23T00:47:16","slug":"contact-us","status":"publish","type":"page","link":"https:\/\/www.eggtraymaking.com\/es\/contact-us\/","title":{"rendered":"Cont\u00e1ctenos"},"content":{"rendered":"<div class=\"wp-block-columns has-2-columns is-layout-flex wp-container-core-columns-is-layout-9d6595d7 wp-block-columns-is-layout-flex\"> <div class=\"wp-block-column is-layout-flow wp-block-column-is-layout-flow\"> <h2 class=\"wp-block-heading\" id=\"h-who-we-are\"><strong>Qui\u00e9nes somos<\/strong><\/h2>    <p>La empresa Shuliy Machinery Co., Ltd es un fabricante l\u00edder de maquinaria y equipos automatizados en China. Nuestra empresa tiene aproximadamente diez a\u00f1os de experiencia en el campo de la investigaci\u00f3n y el desarrollo de m\u00e1quinas para la fabricaci\u00f3n de bandejas de huevos, con un estricto sistema de control de calidad y un servicio postventa integral.<\/p>    <p>Nuestra empresa cuenta con un equipo de consultor\u00eda de preventa y servicio postventa que est\u00e1 orientado internacionalmente. Si desea comprar nuestros productos o tiene alg\u00fan problema al utilizar las m\u00e1quinas, puede contactarnos en l\u00ednea en cualquier momento. Le responderemos con una respuesta profesional dentro de un d\u00eda h\u00e1bil.<\/p>    <p style=\"font-size:12px\" class=\"translation-block\"><em>*No leemos ni guardamos las cookies del usuario, si\u00e9ntase libre de navegar. <br> *La informaci\u00f3n de contacto que env\u00eda es solo para su contacto con Shuliy. Puede solicitar la eliminaci\u00f3n en cualquier momento.<\/em><\/p> <\/div> <\/div>    <h3 class=\"wp-block-heading\" id=\"h-other-ways-of-contact\"><strong>Otras formas de contacto<\/strong><\/h3>    <ul class=\"contactlist\"> <li class=\"fa fa-envelope-o\">&nbsp;&nbsp;<a href=\"mailto:info@eggtraymaking.com\" style=\"color:black;\">Correo electr\u00f3nico: info@eggtraymaking.com<\/a><\/li><br> <li class=\"fa fa-phone\">&nbsp;&nbsp;<a href=\"tel: 8619139761487\">Tel\u00e9fono: 8619139761487 <\/a><\/li><br> \t<li class=\"fa fa-whatsapp\">&nbsp;&nbsp;<a href=\"https:\/\/api.whatsapp.com\/send?phone= 8619139761487\" target=\"_blank\" rel=\"noopener\" data-no-translation=\"\">WhatsApp: 8619139761487<\/a> <\/li><br> \t<li class=\"fa fa-wechat\">&nbsp;&nbsp;WeChat: 8619139761487<\/li><br> \t<li class=\"fa fa-map\">&nbsp;&nbsp;Direcci\u00f3n: No.1394 East Hanghai Road, \u00c1rea de Desarrollo Econ\u00f3mico y Tecnol\u00f3gico, Zhengzhou, China<\/li> <\/ul>","protected":false},"excerpt":{"rendered":"<p>Who we are Shuliy Machinery Co., Ltd company is a leading manufacturer of automated machinery and equipment in China. Our company has about ten years of experience in the research and development field of egg tray making machines with a strict quality control system and comprehensive after-sales service. Our company has a pre-sales consulting and [&hellip;]<\/p>\n","protected":false},"author":1,"featured_media":0,"parent":0,"menu_order":0,"comment_status":"closed","ping_status":"closed","template":"","meta":{"footnotes":""},"class_list":["post-208","page","type-page","status-publish","hentry"],"_links":{"self":[{"href":"https:\/\/www.eggtraymaking.com\/es\/wp-json\/wp\/v2\/pages\/208","targetHints":{"allow":["GET"]}}],"collection":[{"href":"https:\/\/www.eggtraymaking.com\/es\/wp-json\/wp\/v2\/pages"}],"about":[{"href":"https:\/\/www.eggtraymaking.com\/es\/wp-json\/wp\/v2\/types\/page"}],"author":[{"embeddable":true,"href":"https:\/\/www.eggtraymaking.com\/es\/wp-json\/wp\/v2\/users\/1"}],"replies":[{"embeddable":true,"href":"https:\/\/www.eggtraymaking.com\/es\/wp-json\/wp\/v2\/comments?post=208"}],"version-history":[{"count":0,"href":"https:\/\/www.eggtraymaking.com\/es\/wp-json\/wp\/v2\/pages\/208\/revisions"}],"wp:attachment":[{"href":"https:\/\/www.eggtraymaking.com\/es\/wp-json\/wp\/v2\/media?parent=208"}],"curies":[{"name":"wp","href":"https:\/\/api.w.org\/{rel}","templated":true}]}}