{"id":9444,"date":"2025-10-10T15:16:19","date_gmt":"2025-10-10T07:16:19","guid":{"rendered":"https:\/\/www.eggtraymaking.com\/?post_type=product&#038;p=9444"},"modified":"2026-03-31T14:24:09","modified_gmt":"2026-03-31T06:24:09","slug":"fruit-tray-production-line","status":"publish","type":"product","link":"https:\/\/www.eggtraymaking.com\/de\/fruit-tray-production-line\/","title":{"rendered":"Fruchtplattenproduktionslinie"},"content":{"rendered":"<p class=\"translation-block\">Die <strong>Obstschale Produktionslinie <\/strong>hat zwei Typen: vollautomatisch und halbautomatisch. Es ist eine umweltfreundliche Maschine, die verwendet wird, um Pulpschalen f\u00fcr die Verpackung von Fr\u00fcchten wie <strong>\u00c4pfel, Orangen, Birnen, Mangos und Erdbeeren herzustellen.<\/strong><\/p>   <div class=\"wp-block-image\"> <figure class=\"aligncenter size-full\"><img loading=\"lazy\" decoding=\"async\" width=\"720\" height=\"540\" src=\"https:\/\/www.eggtraymaking.com\/wp-content\/uploads\/2025\/10\/fruit-tray-production-line.webp\" alt=\"Fr\u00fcchtekorb Produktionslinie\" class=\"wp-image-9445\" srcset=\"https:\/\/www.eggtraymaking.com\/wp-content\/uploads\/2025\/10\/fruit-tray-production-line.webp 720w, https:\/\/www.eggtraymaking.com\/wp-content\/uploads\/2025\/10\/fruit-tray-production-line-360x270.webp 360w, https:\/\/www.eggtraymaking.com\/wp-content\/uploads\/2025\/10\/fruit-tray-production-line-240x180.webp 240w, https:\/\/www.eggtraymaking.com\/wp-content\/uploads\/2025\/10\/fruit-tray-production-line-16x12.webp 16w\" sizes=\"auto, (max-width: 720px) 100vw, 720px\" \/><figcaption class=\"wp-element-caption\">Fr\u00fcchtekorb Produktionslinie<\/figcaption><\/figure> <\/div>   <p>Diese Linie verwendet Abfallpapier und andere recycelbare Materialien als Rohstoffe. Sie stellt Obstbeh\u00e4lter durch Pulpen, Formen, Trocknen und Hei\u00dfpressen her.<\/p>    <p>Shuliy bietet kundenspezifische L\u00f6sungen f\u00fcr Formen, Formsysteme, Trocknungssysteme und Hilfsausr\u00fcstung entsprechend verschiedener Fr\u00fcchte oder Gem\u00fcsesorten. Wir k\u00f6nnen die passendsten und hochwertigsten Obstbeh\u00e4lter f\u00fcr Sie basierend auf Ihrem Budget herstellen.<\/p>    <p class=\"translation-block\">Diese industrielle Obstbeh\u00e4lter-Produktionslinie kann  <strong><em>1000\u20137000 St\u00fcck<\/em><\/strong> pro Stunde produzieren, um die Produktionsanforderungen verschiedener Unternehmen zu erf\u00fcllen.<\/p>    <figure class=\"wp-block-embed is-type-video is-provider-youtube wp-block-embed-youtube wp-embed-aspect-16-9 wp-has-aspect-ratio\"><div class=\"wp-block-embed__wrapper\"> <iframe loading=\"lazy\" title=\"Automatische Eierbeh\u00e4lter Produktionslinie | Umweltfreundliche Papierpulpenformmaschine f\u00fcr 1000\u20137000 St\u00fcck\/h\" width=\"500\" height=\"281\" src=\"https:\/\/www.youtube.com\/embed\/tr6mSn38k7A?feature=oembed\" frameborder=\"0\" allow=\"accelerometer; autoplay; clipboard-write; encrypted-media; gyroscope; picture-in-picture; web-share\" referrerpolicy=\"strict-origin-when-cross-origin\" allowfullscreen><\/iframe> <\/div><\/figure>    <h2 class=\"wp-block-heading\">Was ist ein Fruchtpapierteller?<\/h2>    <p>Ein Pulpen-Obstbeh\u00e4lter ist eine umweltfreundliche Verpackungsschale, die durch Formen aus Abfallpapierpulpe hergestellt wird. Sie dient haupts\u00e4chlich zum Schutz, zur Lagerung und Pr\u00e4sentation von Fr\u00fcchten. Sie wird durch Prozesse wie Pulpenbildung, Entw\u00e4sserung, Trocknung und Hei\u00dfpressen hergestellt. Typischerweise werden \u00c4pfel, Orangen, Birnen, Kiwis, Mangos und andere Fr\u00fcchte verpackt. Diese Schale kann herk\u00f6mmliche Plastik- oder Schaumverpackungen ersetzen und bietet Vorteile wie Umweltfreundlichkeit, Biologische Abbaubarkeit, Sto\u00dffestigkeit und Druckfestigkeit. Sie ist ein weltweit beworbenes gr\u00fcnes Verpackungsprodukt.<\/p>   <div class=\"wp-block-image\"> <figure class=\"aligncenter size-full\"><img loading=\"lazy\" decoding=\"async\" width=\"720\" height=\"540\" src=\"https:\/\/www.eggtraymaking.com\/wp-content\/uploads\/2025\/06\/Fruit-Tray-1.webp\" alt=\"Obstteller\" class=\"wp-image-9157\" srcset=\"https:\/\/www.eggtraymaking.com\/wp-content\/uploads\/2025\/06\/Fruit-Tray-1.webp 720w, https:\/\/www.eggtraymaking.com\/wp-content\/uploads\/2025\/06\/Fruit-Tray-1-360x270.webp 360w, https:\/\/www.eggtraymaking.com\/wp-content\/uploads\/2025\/06\/Fruit-Tray-1-240x180.webp 240w, https:\/\/www.eggtraymaking.com\/wp-content\/uploads\/2025\/06\/Fruit-Tray-1-16x12.webp 16w\" sizes=\"auto, (max-width: 720px) 100vw, 720px\" \/><figcaption class=\"wp-element-caption\">Obstteller<\/figcaption><\/figure> <\/div>   <h2 class=\"wp-block-heading\">Rohstoffe<\/h2>    <p>Die Hauptrohstoffe sind Abfallzeitungen, gebrauchte Pappe, alte Buchpapiere und Papierfabriksreste.<\/p>    <figure class=\"wp-block-gallery has-nested-images columns-default is-cropped wp-block-gallery-2 is-layout-flex wp-block-gallery-is-layout-flex\"> <figure class=\"wp-block-image size-large\"><img loading=\"lazy\" decoding=\"async\" width=\"720\" height=\"540\" data-id=\"9331\" src=\"https:\/\/www.eggtraymaking.com\/wp-content\/uploads\/2025\/08\/Raw-Material.webp\" alt=\"Rohmaterial\" class=\"wp-image-9331\" srcset=\"https:\/\/www.eggtraymaking.com\/wp-content\/uploads\/2025\/08\/Raw-Material.webp 720w, https:\/\/www.eggtraymaking.com\/wp-content\/uploads\/2025\/08\/Raw-Material-360x270.webp 360w, https:\/\/www.eggtraymaking.com\/wp-content\/uploads\/2025\/08\/Raw-Material-240x180.webp 240w, https:\/\/www.eggtraymaking.com\/wp-content\/uploads\/2025\/08\/Raw-Material-16x12.webp 16w\" sizes=\"auto, (max-width: 720px) 100vw, 720px\" \/><figcaption class=\"wp-element-caption\">Rohmaterial<\/figcaption><\/figure>    <figure class=\"wp-block-image size-large\"><img loading=\"lazy\" decoding=\"async\" width=\"720\" height=\"540\" data-id=\"9408\" src=\"https:\/\/www.eggtraymaking.com\/wp-content\/uploads\/2025\/09\/Paper-Mill-Residue.webp\" alt=\"Papierwerksr\u00fcckst\u00e4nde\" class=\"wp-image-9408\" srcset=\"https:\/\/www.eggtraymaking.com\/wp-content\/uploads\/2025\/09\/Paper-Mill-Residue.webp 720w, https:\/\/www.eggtraymaking.com\/wp-content\/uploads\/2025\/09\/Paper-Mill-Residue-360x270.webp 360w, https:\/\/www.eggtraymaking.com\/wp-content\/uploads\/2025\/09\/Paper-Mill-Residue-240x180.webp 240w, https:\/\/www.eggtraymaking.com\/wp-content\/uploads\/2025\/09\/Paper-Mill-Residue-16x12.webp 16w\" sizes=\"auto, (max-width: 720px) 100vw, 720px\" \/><figcaption class=\"wp-element-caption\">Papierwerksr\u00fcckst\u00e4nde<\/figcaption><\/figure> <\/figure>    <h2 class=\"wp-block-heading\">Komponenten einer Obstbeh\u00e4lter-Produktionslinie<\/h2>    <p>Eine Obstbeh\u00e4lter-Produktionslinie besteht aus einem Pulpsystem, Formsystem, Trocknungssystem, Hei\u00dfpressmaschine und Verpackungsmaschine.<\/p>   <div class=\"wp-block-image\"> <figure class=\"aligncenter size-full\"><img loading=\"lazy\" decoding=\"async\" width=\"720\" height=\"540\" src=\"https:\/\/www.eggtraymaking.com\/wp-content\/uploads\/2019\/05\/8-Side-Egg-Tray-Production-Line.webp\" alt=\"Fruchtplattenproduktionslinie\" class=\"wp-image-9260\" srcset=\"https:\/\/www.eggtraymaking.com\/wp-content\/uploads\/2019\/05\/8-Side-Egg-Tray-Production-Line.webp 720w, https:\/\/www.eggtraymaking.com\/wp-content\/uploads\/2019\/05\/8-Side-Egg-Tray-Production-Line-360x270.webp 360w, https:\/\/www.eggtraymaking.com\/wp-content\/uploads\/2019\/05\/8-Side-Egg-Tray-Production-Line-240x180.webp 240w, https:\/\/www.eggtraymaking.com\/wp-content\/uploads\/2019\/05\/8-Side-Egg-Tray-Production-Line-16x12.webp 16w\" sizes=\"auto, (max-width: 720px) 100vw, 720px\" \/><figcaption class=\"wp-element-caption\">Fruchtplattenproduktionslinie<\/figcaption><\/figure> <\/div>   <h2 class=\"wp-block-heading\">Was ist der Arbeitsprozess einer Obstbeh\u00e4lter-Produktionslinie?<\/h2>    <h3 class=\"wp-block-heading\">Schritt 1: Pulping<\/h3>    <p>Altpapier wird mit Wasser in den Pulper gegeben und vermischt, um Pulpe zu bilden. Die Pulpenkonzentration liegt \u00fcblicherweise bei 3%\u20135%, und die Lagerbestandskonzentration im Speichertank betr\u00e4gt 1.0%\u20131.5%. Verd\u00fcnnung erleichtert das Mischen und Homogenisieren.<\/p>   <div class=\"wp-block-image\"> <figure class=\"aligncenter size-full\"><img loading=\"lazy\" decoding=\"async\" width=\"720\" height=\"540\" src=\"https:\/\/www.eggtraymaking.com\/wp-content\/uploads\/2025\/08\/Pulping-machine-1.webp\" alt=\"Schlitzmaschine\" class=\"wp-image-9297\" srcset=\"https:\/\/www.eggtraymaking.com\/wp-content\/uploads\/2025\/08\/Pulping-machine-1.webp 720w, https:\/\/www.eggtraymaking.com\/wp-content\/uploads\/2025\/08\/Pulping-machine-1-360x270.webp 360w, https:\/\/www.eggtraymaking.com\/wp-content\/uploads\/2025\/08\/Pulping-machine-1-240x180.webp 240w, https:\/\/www.eggtraymaking.com\/wp-content\/uploads\/2025\/08\/Pulping-machine-1-16x12.webp 16w\" sizes=\"auto, (max-width: 720px) 100vw, 720px\" \/><figcaption class=\"wp-element-caption\">Schlitzmaschine<\/figcaption><\/figure> <\/div>   <h3 class=\"wp-block-heading\">Schritt 2: Formen<\/h3>    <p>Das Pulpenmaterial wird durch Rohre zur Formmaschine geleitet. Ein Vakuumsystem zieht die Pulpe auf Metallformen, um nasse Beh\u00e4lter zu formen. Formen k\u00f6nnen f\u00fcr verschiedene Fr\u00fcchte angepasst werden.<\/p>   <div class=\"wp-block-image\"> <figure class=\"aligncenter size-full\"><img loading=\"lazy\" decoding=\"async\" width=\"720\" height=\"540\" src=\"https:\/\/www.eggtraymaking.com\/wp-content\/uploads\/2025\/08\/Press-mold.webp\" alt=\"Formen einer Formplattenstruktur\" class=\"wp-image-9303\" srcset=\"https:\/\/www.eggtraymaking.com\/wp-content\/uploads\/2025\/08\/Press-mold.webp 720w, https:\/\/www.eggtraymaking.com\/wp-content\/uploads\/2025\/08\/Press-mold-360x270.webp 360w, https:\/\/www.eggtraymaking.com\/wp-content\/uploads\/2025\/08\/Press-mold-240x180.webp 240w, https:\/\/www.eggtraymaking.com\/wp-content\/uploads\/2025\/08\/Press-mold-16x12.webp 16w\" sizes=\"auto, (max-width: 720px) 100vw, 720px\" \/><figcaption class=\"wp-element-caption\">Formen einer Formplattenstruktur<\/figcaption><\/figure> <\/div>   <h3 class=\"wp-block-heading\">Schritt 3: Trocknen<\/h3>    <p>Nasse Beh\u00e4lter werden im Trocknungssystem bei 160\u2013200\u00b0C getrocknet. Trocknungsmethoden umfassen:<\/p>    <ul class=\"wp-block-list\"> <li>Metall-Trocknungsanlage (hohe Automatisierung)<\/li>    <li>Backstein-Ofentrocknungsraum (kosteng\u00fcnstig)<\/li>    <li>Lufttrocknung (f\u00fcr Kleinserienproduktion)<\/li> <\/ul>    <figure class=\"wp-block-gallery has-nested-images columns-default is-cropped wp-block-gallery-3 is-layout-flex wp-block-gallery-is-layout-flex\"> <figure class=\"wp-block-image size-large\"><img loading=\"lazy\" decoding=\"async\" width=\"720\" height=\"540\" data-id=\"9147\" src=\"https:\/\/www.eggtraymaking.com\/wp-content\/uploads\/2025\/06\/Continuous-Belt-Dryer.webp\" alt=\"Kontinuierlicher Bandtrockner\" class=\"wp-image-9147\" srcset=\"https:\/\/www.eggtraymaking.com\/wp-content\/uploads\/2025\/06\/Continuous-Belt-Dryer.webp 720w, https:\/\/www.eggtraymaking.com\/wp-content\/uploads\/2025\/06\/Continuous-Belt-Dryer-360x270.webp 360w, https:\/\/www.eggtraymaking.com\/wp-content\/uploads\/2025\/06\/Continuous-Belt-Dryer-240x180.webp 240w, https:\/\/www.eggtraymaking.com\/wp-content\/uploads\/2025\/06\/Continuous-Belt-Dryer-16x12.webp 16w\" sizes=\"auto, (max-width: 720px) 100vw, 720px\" \/><figcaption class=\"wp-element-caption\">Kontinuierlicher Bandtrockner<\/figcaption><\/figure>    <figure class=\"wp-block-image size-large\"><img loading=\"lazy\" decoding=\"async\" width=\"720\" height=\"540\" data-id=\"9049\" src=\"https:\/\/www.eggtraymaking.com\/wp-content\/uploads\/2023\/08\/egg-tray-factory.webp\" alt=\"Nat\u00fcrliche Trocknung\" class=\"wp-image-9049\" srcset=\"https:\/\/www.eggtraymaking.com\/wp-content\/uploads\/2023\/08\/egg-tray-factory.webp 720w, https:\/\/www.eggtraymaking.com\/wp-content\/uploads\/2023\/08\/egg-tray-factory-360x270.webp 360w, https:\/\/www.eggtraymaking.com\/wp-content\/uploads\/2023\/08\/egg-tray-factory-240x180.webp 240w\" sizes=\"auto, (max-width: 720px) 100vw, 720px\" \/><figcaption class=\"wp-element-caption\">Nat\u00fcrliche Trocknung<\/figcaption><\/figure> <\/figure>    <h3 class=\"wp-block-heading\">Schritt 4: Hei\u00dfpressen<\/h3>    <p>Zur Verbesserung des Erscheinungsbildes werden die Beh\u00e4lter unter hoher Temperatur mit einer Hei\u00dfpressmaschine geformt, wodurch Kanten glatt, Oberfl\u00e4chen flach und die Festigkeit erh\u00f6ht werden.<\/p>   <div class=\"wp-block-image\"> <figure class=\"aligncenter size-full\"><img loading=\"lazy\" decoding=\"async\" width=\"720\" height=\"540\" src=\"https:\/\/www.eggtraymaking.com\/wp-content\/uploads\/2025\/09\/Hot-Shaping-Machine-1.webp\" alt=\"Hei\u00dfformmaschine\" class=\"wp-image-9382\" srcset=\"https:\/\/www.eggtraymaking.com\/wp-content\/uploads\/2025\/09\/Hot-Shaping-Machine-1.webp 720w, https:\/\/www.eggtraymaking.com\/wp-content\/uploads\/2025\/09\/Hot-Shaping-Machine-1-360x270.webp 360w, https:\/\/www.eggtraymaking.com\/wp-content\/uploads\/2025\/09\/Hot-Shaping-Machine-1-240x180.webp 240w, https:\/\/www.eggtraymaking.com\/wp-content\/uploads\/2025\/09\/Hot-Shaping-Machine-1-16x12.webp 16w\" sizes=\"auto, (max-width: 720px) 100vw, 720px\" \/><figcaption class=\"wp-element-caption\">Hei\u00dfformmaschine<\/figcaption><\/figure> <\/div>   <h3 class=\"wp-block-heading\">Schritt 5: Verpackung<\/h3>    <p>Getrocknete Obstbeh\u00e4lter werden gez\u00e4hlt und verpackt f\u00fcr einen einfachen Transport.<\/p>   <div class=\"wp-block-image\"> <figure class=\"aligncenter size-full\"><img loading=\"lazy\" decoding=\"async\" width=\"720\" height=\"540\" src=\"https:\/\/www.eggtraymaking.com\/wp-content\/uploads\/2025\/09\/Packaging-Machine.webp\" alt=\"Verpackungsmaschine\" class=\"wp-image-9383\" srcset=\"https:\/\/www.eggtraymaking.com\/wp-content\/uploads\/2025\/09\/Packaging-Machine.webp 720w, https:\/\/www.eggtraymaking.com\/wp-content\/uploads\/2025\/09\/Packaging-Machine-360x270.webp 360w, https:\/\/www.eggtraymaking.com\/wp-content\/uploads\/2025\/09\/Packaging-Machine-240x180.webp 240w, https:\/\/www.eggtraymaking.com\/wp-content\/uploads\/2025\/09\/Packaging-Machine-16x12.webp 16w\" sizes=\"auto, (max-width: 720px) 100vw, 720px\" \/><figcaption class=\"wp-element-caption\">Verpackungsmaschine<\/figcaption><\/figure> <\/div>   <h2 class=\"wp-block-heading\">Technische Parameter<\/h2>    <figure class=\"wp-block-table\"><table class=\"has-fixed-layout\"><tbody><tr><td>Modell<\/td><td>Kapazit\u00e4t<\/td><td>Leistung<\/td><td>Spannung<\/td><td>Gewicht<\/td><td>Faserverbrauch<\/td><td>Wasserverbrauch<\/td><td>Gr\u00f6\u00dfe (mm)<\/td><\/tr><tr><td>SL-1000-3X1<\/td><td>1000 St\u00fcck\/h<\/td><td>38 kW<\/td><td>380V, 50HZ<\/td><td>2500 kg<\/td><td>80 kg\/h<\/td><td>160 kg\/h<\/td><td>2600*2200*1900<\/td><\/tr><tr><td>SL-1500-4X1<\/td><td>1500 St\u00fcck\/Stunde<\/td><td>38 kW<\/td><td>380V, 50HZ<\/td><td>3000 kg<\/td><td>120 kg\/Stunde<\/td><td>240 kg\/Stunde<\/td><td>2800*2200*1900<\/td><\/tr><tr><td>SL-2500-3X4<\/td><td>2500St\u00fcck\/h<\/td><td>55kW<\/td><td>380V, 50HZ<\/td><td>4000kg<\/td><td>200kg\/h<\/td><td>400kg\/h<\/td><td>2900*1800*1800<\/td><\/tr><tr><td>SL-3000-4X4<\/td><td>3000St\u00fcck\/h<\/td><td>60kW<\/td><td>380V, 50HZ<\/td><td>4800kg<\/td><td>240 kg\/Stunde<\/td><td>480kg\/h<\/td><td>3250*1800*1800<\/td><\/tr><tr><td>SL-4000-4X8<\/td><td>4000St\u00fcck\/h<\/td><td>95kW<\/td><td>380V, 50HZ<\/td><td>7000kg<\/td><td>320kg\/h<\/td><td>640kg\/h<\/td><td>3250*2300*2500<\/td><\/tr><tr><td>SL-5000-5X8<\/td><td>5000 St\u00fcck\/h<\/td><td>95kW<\/td><td>380V, 50HZ<\/td><td>8000 kg<\/td><td>400kg\/h<\/td><td>800 kg\/h<\/td><td>3700*2300*2500<\/td><\/tr><tr><td>SL-7000-6X8<\/td><td>7000 St\u00fcck\/Stunde<\/td><td>120 kW<\/td><td>380V, 50HZ<\/td><td>10000 kg<\/td><td>480kg\/h<\/td><td>960 kg\/Stunde<\/td><td>3200*2300*2500<\/td><\/tr><\/tbody><\/table><\/figure>    <h2 class=\"wp-block-heading\">Vorteile einer geformten Pulpen-Obstbeh\u00e4lter-Produktionslinie<\/h2>    <div class=\"wp-block-columns is-layout-flex wp-container-core-columns-is-layout-9d6595d7 wp-block-columns-is-layout-flex\"> <div class=\"wp-block-column is-layout-flow wp-block-column-is-layout-flow\"> <p class=\"has-text-align-center translation-block\"><strong>Breites Kapazit\u00e4tsbereich<\/strong><\/p>    <p>Produziert 1.000\u20137.000 Beh\u00e4lter pro Stunde. Mehrere Modelle sind verf\u00fcgbar, um den Bed\u00fcrfnissen kleiner bis gro\u00dfer Fabriken gerecht zu werden.<\/p> <\/div>    <div class=\"wp-block-column is-layout-flow wp-block-column-is-layout-flow\"> <p class=\"has-text-align-center translation-block\"><strong>Fortschrittliches Trocknungssystem<\/strong><\/p>    <p>Hei\u00dfluft- oder Mehrschicht-Gittertrocknung sorgt f\u00fcr schnelle Geschwindigkeit und hohen Ertrag.<\/p> <\/div> <\/div>    <div class=\"wp-block-columns is-layout-flex wp-container-core-columns-is-layout-9d6595d7 wp-block-columns-is-layout-flex\"> <div class=\"wp-block-column is-layout-flow wp-block-column-is-layout-flow\"> <p class=\"has-text-align-center translation-block\"><strong>Angemessener Energieverbrauch<\/strong><\/p>    <p class=\"translation-block\">Gesamtleistung reicht von <strong>38 kW bis 120 kW<\/strong>, mit Hochleistungsmotoren, um die Betriebskosten um <strong>15%<\/strong> zu senken. Das Trocknungssystem unterst\u00fctzt Hei\u00dfluftzirkulation, erh\u00f6ht die W\u00e4rmenutzung auf \u00fcber <strong>85%<\/strong>. Der Energieverbrauch liegt bei etwa <strong>5\u20138 kWh<\/strong> pro 1000 Beh\u00e4lter, deutlich niedriger als bei \u00e4hnlichen Ger\u00e4ten.<\/p> <\/div>    <div class=\"wp-block-column is-layout-flow wp-block-column-is-layout-flow\"> <p class=\"has-text-align-center translation-block\"><strong>Stabiler Prozess<\/strong><\/p>    <p class=\"translation-block\">Verwendet Vakuumansaugung + Luftdruck-Entformung. Formgenauigkeitsfehler <strong>\u2264 \u00b10.3 mm<\/strong>, Fertigprodukt-Rate <strong>\u2265 98%<\/strong>. Pulpenkonzentration, Vakuumzeit und Formtemperatur werden pr\u00e4zise kontrolliert, um gleichm\u00e4\u00dfige Dicke, glatte Kanten und flache Oberfl\u00e4chen zu gew\u00e4hrleisten.<\/p> <\/div> <\/div>    <figure class=\"wp-block-gallery has-nested-images columns-default is-cropped wp-block-gallery-4 is-layout-flex wp-block-gallery-is-layout-flex\"> <figure class=\"wp-block-image size-large\"><img loading=\"lazy\" decoding=\"async\" width=\"720\" height=\"540\" data-id=\"9148\" src=\"https:\/\/www.eggtraymaking.com\/wp-content\/uploads\/2025\/06\/Electrical-Control-Cabinet.webp\" alt=\"Elektrischer Steuerungsschrank\" class=\"wp-image-9148\" srcset=\"https:\/\/www.eggtraymaking.com\/wp-content\/uploads\/2025\/06\/Electrical-Control-Cabinet.webp 720w, https:\/\/www.eggtraymaking.com\/wp-content\/uploads\/2025\/06\/Electrical-Control-Cabinet-360x270.webp 360w, https:\/\/www.eggtraymaking.com\/wp-content\/uploads\/2025\/06\/Electrical-Control-Cabinet-240x180.webp 240w, https:\/\/www.eggtraymaking.com\/wp-content\/uploads\/2025\/06\/Electrical-Control-Cabinet-16x12.webp 16w\" sizes=\"auto, (max-width: 720px) 100vw, 720px\" \/><figcaption class=\"wp-element-caption\">Elektrischer Steuerungsschrank<\/figcaption><\/figure>    <figure class=\"wp-block-image size-large\"><img loading=\"lazy\" decoding=\"async\" width=\"720\" height=\"540\" data-id=\"9150\" src=\"https:\/\/www.eggtraymaking.com\/wp-content\/uploads\/2025\/06\/Mold.webp\" alt=\"Form\" class=\"wp-image-9150\" srcset=\"https:\/\/www.eggtraymaking.com\/wp-content\/uploads\/2025\/06\/Mold.webp 720w, https:\/\/www.eggtraymaking.com\/wp-content\/uploads\/2025\/06\/Mold-360x270.webp 360w, https:\/\/www.eggtraymaking.com\/wp-content\/uploads\/2025\/06\/Mold-240x180.webp 240w, https:\/\/www.eggtraymaking.com\/wp-content\/uploads\/2025\/06\/Mold-16x12.webp 16w\" sizes=\"auto, (max-width: 720px) 100vw, 720px\" \/><figcaption class=\"wp-element-caption\">Form<\/figcaption><\/figure> <\/figure>    <div class=\"wp-block-columns is-layout-flex wp-container-core-columns-is-layout-9d6595d7 wp-block-columns-is-layout-flex\"> <div class=\"wp-block-column is-layout-flow wp-block-column-is-layout-flow\"> <p class=\"has-text-align-center translation-block\"><strong>Robuste Struktur<\/strong><\/p>    <p>Die Maschine besteht aus Kohlenstoffstahl oder Edelstahl. Formen sind aus Aluminium oder Kupferlegierung gefertigt, verschlei\u00df- und hitzebest\u00e4ndig, f\u00fcr lange Lebensdauer und stabile Betriebssicherheit.<\/p> <\/div>    <div class=\"wp-block-column is-layout-flow wp-block-column-is-layout-flow\"> <p class=\"has-text-align-center translation-block\"><strong>Pulpen- und Wasserwiederverwendung<\/strong><\/p>    <p class=\"translation-block\">Pulpenverbrauch ist <strong>80\u2013480 kg\/h<\/strong>, Wasserverbrauch <strong>160\u2013960 L\/h.<\/strong> Wasser wird mit einer \u00dcberwachungsrate von \u00fcber <strong>85%<\/strong> recycelt, Ressourcen werden gespart und die Umwelt gesch\u00fctzt.<\/p> <\/div> <\/div>    <div class=\"wp-block-columns is-layout-flex wp-container-core-columns-is-layout-9d6595d7 wp-block-columns-is-layout-flex\"> <div class=\"wp-block-column is-layout-flow wp-block-column-is-layout-flow\"> <p class=\"has-text-align-center translation-block\"><strong>Intelligente Steuerung<\/strong><\/p>    <p>PLC-System \u00fcberwacht Pulpenstand, Temperatur und Vakuum. Funktionen: Ein-Tasten-Start\/Stop, automatischer Alarm und Z\u00e4hlung f\u00fcr einfache Bedienung.<\/p> <\/div>    <div class=\"wp-block-column is-layout-flow wp-block-column-is-layout-flow\"> <p class=\"has-text-align-center translation-block\"><strong>Anpassbare Formen<\/strong><\/p>    <p>Schneller Formenwechsel f\u00fcr \u00c4pfel, Orangen, Birnen usw., erm\u00f6glicht eine Maschine f\u00fcr mehrere Fruchttypen.<\/p> <\/div> <\/div>    <div class=\"wp-block-columns is-layout-flex wp-container-core-columns-is-layout-9d6595d7 wp-block-columns-is-layout-flex\"> <div class=\"wp-block-column is-layout-flow wp-block-column-is-layout-flow\"> <p class=\"has-text-align-center translation-block\"><strong>Hohe Automatisierung<\/strong><\/p>    <p>Eine optionale Stapel- und Verpackungsanlage erh\u00f6ht die Produktionseffizienz um 30% und reduziert den Arbeitsaufwand um ca. 40%.<\/p> <\/div>    <div class=\"wp-block-column is-layout-flow wp-block-column-is-layout-flow\"> <p class=\"has-text-align-center translation-block\"><strong>Globale Kompatibilit\u00e4t<\/strong><\/p>    <p>Spannung kann f\u00fcr den Export in verschiedene L\u00e4nder angepasst werden.<\/p> <\/div> <\/div>    <h2 class=\"wp-block-heading\">Anwendungen<\/h2>    <ul class=\"wp-block-list\"> <li><strong>Obstplatten:<\/strong> Apfelplatte, Orangenplatte, Birnenplatte, Kiwi-Tablett, Mango-Tablett und andere Obst- oder Gem\u00fcsesortimente.<\/li>    <li><strong>Erweiterte Verwendungen:<\/strong> Eier-Tabletts, Weinflaschen-Tabletts, Becher-Tabletts, elektronische Produkt-Tabletts und andere pulpgeformte Verpackungen.<\/li> <\/ul>   <div class=\"wp-block-image\"> <figure class=\"aligncenter size-full\"><img loading=\"lazy\" decoding=\"async\" width=\"720\" height=\"540\" src=\"https:\/\/www.eggtraymaking.com\/wp-content\/uploads\/2025\/06\/Fruit-tray.webp\" alt=\"Obstschale\" class=\"wp-image-9155\" srcset=\"https:\/\/www.eggtraymaking.com\/wp-content\/uploads\/2025\/06\/Fruit-tray.webp 720w, https:\/\/www.eggtraymaking.com\/wp-content\/uploads\/2025\/06\/Fruit-tray-360x270.webp 360w, https:\/\/www.eggtraymaking.com\/wp-content\/uploads\/2025\/06\/Fruit-tray-240x180.webp 240w, https:\/\/www.eggtraymaking.com\/wp-content\/uploads\/2025\/06\/Fruit-tray-16x12.webp 16w\" sizes=\"auto, (max-width: 720px) 100vw, 720px\" \/><figcaption class=\"wp-element-caption\">Obstschale<\/figcaption><\/figure> <\/div>   <h2 class=\"wp-block-heading\">Installationszeichnung Beispiel<\/h2>    <p>Unten ist eine Beispielzeichnung, die wir f\u00fcr einen Kunden erstellt haben, zur Ihrer Referenz. F\u00fcr weitere Details kontaktieren Sie uns bitte.<\/p>   <div class=\"wp-block-image\"> <figure class=\"aligncenter size-full\"><img loading=\"lazy\" decoding=\"async\" width=\"720\" height=\"540\" src=\"https:\/\/www.eggtraymaking.com\/wp-content\/uploads\/2025\/10\/Installation-drawing.webp\" alt=\"Installationszeichnung\" class=\"wp-image-9446\" srcset=\"https:\/\/www.eggtraymaking.com\/wp-content\/uploads\/2025\/10\/Installation-drawing.webp 720w, https:\/\/www.eggtraymaking.com\/wp-content\/uploads\/2025\/10\/Installation-drawing-360x270.webp 360w, https:\/\/www.eggtraymaking.com\/wp-content\/uploads\/2025\/10\/Installation-drawing-240x180.webp 240w, https:\/\/www.eggtraymaking.com\/wp-content\/uploads\/2025\/10\/Installation-drawing-16x12.webp 16w\" sizes=\"auto, (max-width: 720px) 100vw, 720px\" \/><figcaption class=\"wp-element-caption\">Installationszeichnung<\/figcaption><\/figure> <\/div>   <h2 class=\"wp-block-heading\">Exportkiste<\/h2>    <p>Im April 2024 wurde eine SL-4000 Obstbeh\u00e4lter Produktionslinie nach Chile f\u00fcr Apfelschalenproduktion exportiert, mit einer Tagesleistung von etwa 30.000 Beh\u00e4ltern.<\/p>   <div class=\"wp-block-image\"> <figure class=\"aligncenter size-full\"><img loading=\"lazy\" decoding=\"async\" width=\"720\" height=\"540\" src=\"https:\/\/www.eggtraymaking.com\/wp-content\/uploads\/2025\/10\/SL-4000-fruit-tray-production-line-was-exported-to-Chile.webp\" alt=\"SL-4000 Obstbeh\u00e4lter Produktionslinie wurde nach Chile exportiert\" class=\"wp-image-9450\" srcset=\"https:\/\/www.eggtraymaking.com\/wp-content\/uploads\/2025\/10\/SL-4000-fruit-tray-production-line-was-exported-to-Chile.webp 720w, https:\/\/www.eggtraymaking.com\/wp-content\/uploads\/2025\/10\/SL-4000-fruit-tray-production-line-was-exported-to-Chile-360x270.webp 360w, https:\/\/www.eggtraymaking.com\/wp-content\/uploads\/2025\/10\/SL-4000-fruit-tray-production-line-was-exported-to-Chile-240x180.webp 240w, https:\/\/www.eggtraymaking.com\/wp-content\/uploads\/2025\/10\/SL-4000-fruit-tray-production-line-was-exported-to-Chile-16x12.webp 16w\" sizes=\"auto, (max-width: 720px) 100vw, 720px\" \/><figcaption class=\"wp-element-caption\">SL-4000 Obstbeh\u00e4lter Produktionslinie wurde nach Chile exportiert<\/figcaption><\/figure> <\/div>   <p><\/p>","protected":false},"excerpt":{"rendered":"<p>The fruit tray production line has two types: fully automatic and semi-automatic. It is an eco-friendly machine used to make pulp trays for packaging fruits such as apples, oranges, pears, mangoes, and strawberries.<\/p>","protected":false},"author":1,"featured_media":9664,"parent":0,"template":"","tags":[499],"product-type":[450],"class_list":["post-9444","product","type-product","status-publish","has-post-thumbnail","hentry","tag-fruit-tray-production-line","product-type-production-line"],"_links":{"self":[{"href":"https:\/\/www.eggtraymaking.com\/de\/wp-json\/wp\/v2\/product\/9444","targetHints":{"allow":["GET"]}}],"collection":[{"href":"https:\/\/www.eggtraymaking.com\/de\/wp-json\/wp\/v2\/product"}],"about":[{"href":"https:\/\/www.eggtraymaking.com\/de\/wp-json\/wp\/v2\/types\/product"}],"author":[{"embeddable":true,"href":"https:\/\/www.eggtraymaking.com\/de\/wp-json\/wp\/v2\/users\/1"}],"wp:featuredmedia":[{"embeddable":true,"href":"https:\/\/www.eggtraymaking.com\/de\/wp-json\/wp\/v2\/media\/9664"}],"wp:attachment":[{"href":"https:\/\/www.eggtraymaking.com\/de\/wp-json\/wp\/v2\/media?parent=9444"}],"wp:term":[{"taxonomy":"post_tag","embeddable":true,"href":"https:\/\/www.eggtraymaking.com\/de\/wp-json\/wp\/v2\/tags?post=9444"},{"taxonomy":"product-type","embeddable":true,"href":"https:\/\/www.eggtraymaking.com\/de\/wp-json\/wp\/v2\/product-type?post=9444"}],"curies":[{"name":"wp","href":"https:\/\/api.w.org\/{rel}","templated":true}]}}