{"id":9369,"date":"2025-09-02T14:18:41","date_gmt":"2025-09-02T06:18:41","guid":{"rendered":"https:\/\/www.eggtraymaking.com\/?post_type=product&#038;p=9369"},"modified":"2025-09-15T16:17:29","modified_gmt":"2025-09-15T08:17:29","slug":"pulp-bedpan-making-machine","status":"publish","type":"product","link":"https:\/\/www.eggtraymaking.com\/de\/pulp-bedpan-making-machine\/","title":{"rendered":"Pulp-Bettschale-Maschine"},"content":{"rendered":"<p class=\"translation-block\">Die Pulp-Bettwanne Herstellungsmachine verwendet Pulp-Formungstechnologie zur Produktion von <strong><a href=\"https:\/\/en.wikipedia.org\/wiki\/Bedpan\" target=\"_blank\" rel=\"noopener\">Einmal-Bettpfannen<\/a><\/strong>, die h\u00e4ufig in Krankenh\u00e4usern, Pflegeheimen und Betreuungseinrichtungen eingesetzt werden.<\/p>    <figure class=\"wp-block-embed is-type-video is-provider-youtube wp-block-embed-youtube wp-embed-aspect-16-9 wp-has-aspect-ratio\"><div class=\"wp-block-embed__wrapper\"> <iframe loading=\"lazy\" title=\"Einweg-Papier-Taschenbodenformenmaschine\" width=\"500\" height=\"281\" src=\"https:\/\/www.youtube.com\/embed\/eGJr7ye_-K0?feature=oembed\" frameborder=\"0\" allow=\"accelerometer; autoplay; clipboard-write; encrypted-media; gyroscope; picture-in-picture; web-share\" referrerpolicy=\"strict-origin-when-cross-origin\" allowfullscreen><\/iframe> <\/div><\/figure>    <p>Einmal-Bettpfannen werden aus Restpapier, Zellstoff, Bagasse, Bambuscellstoff, Graspulp und recycelten Kartons oder Papierkartons hergestellt. Sie sind kosteng\u00fcnstig, sauber, einfach zu handhaben und biologisch abbaubar, was sie umweltfreundlich macht.<\/p>    <p class=\"translation-block\">Von Shuliy-Maschinen hergestellte Bettpfannen haben eine enge Struktur und k\u00f6nnen <strong><em>1\u20131,5 kg<\/em><\/strong> Abfall tragen. Sie k\u00f6nnen Fl\u00fcssigkeiten f\u00fcr<strong><em> 4\u20136 Stunden <\/em><\/strong>ohne Auslaufen oder Kollaps halten.<\/p>    <p class=\"translation-block\">Diese Maschine hat eine Produktionskapazit\u00e4t von <strong><em>1.000\u20137.000 Stk.\/Stunde<\/em><\/strong> und kann in eine komplette Bettpfannen-Produktionslinie integriert werden. Wenn Sie an diesem Gesch\u00e4ft interessiert sind, k\u00f6nnen Sie Shuliy um einen Produktionsplan bitten. Wir k\u00f6nnen Bettpfannen in der von Ihnen ben\u00f6tigten Gr\u00f6\u00dfe und Form liefern.<\/p>   <div class=\"wp-block-image\"> <figure class=\"aligncenter size-full\"><img loading=\"lazy\" decoding=\"async\" width=\"720\" height=\"540\" src=\"https:\/\/www.eggtraymaking.com\/wp-content\/uploads\/2025\/07\/Assembling-Shoe-Tray-Making-Machine.webp\" alt=\"Einweg-Bettpfannen-Maschine\" class=\"wp-image-9219\" srcset=\"https:\/\/www.eggtraymaking.com\/wp-content\/uploads\/2025\/07\/Assembling-Shoe-Tray-Making-Machine.webp 720w, https:\/\/www.eggtraymaking.com\/wp-content\/uploads\/2025\/07\/Assembling-Shoe-Tray-Making-Machine-360x270.webp 360w, https:\/\/www.eggtraymaking.com\/wp-content\/uploads\/2025\/07\/Assembling-Shoe-Tray-Making-Machine-240x180.webp 240w, https:\/\/www.eggtraymaking.com\/wp-content\/uploads\/2025\/07\/Assembling-Shoe-Tray-Making-Machine-16x12.webp 16w\" sizes=\"auto, (max-width: 720px) 100vw, 720px\" \/><figcaption class=\"wp-element-caption\">Einweg-Bettpfannen-Maschine<\/figcaption><\/figure> <\/div>   <h2 class=\"wp-block-heading\">Arbeitsprinzip der Disposable Bedpan Making Machine<\/h2>    <p>Die Disposable-Bettwanne-Maschine verarbeitet zun\u00e4chst Abfallpapier oder Karton durch ein Pulpsystem, um eine einheitliche Pulpslurry zu erzeugen. Die Slurry wird dann durch Vakuumabsaugung und Pressen auf Formen gebracht, wodurch nasse Bettwanne-Blanks entstehen.<\/p>    <p>Anschlie\u00dfend demontiert die Maschine die Blanks automatisch aus den Formen und entzieht Feuchtigkeit durch ein Trocknungssystem. Schlie\u00dflich werden die Bettpfannen durch Hei\u00dfpressen und Nachbearbeitung auf die Standardgr\u00f6\u00dfe und glatte Oberfl\u00e4chen gebracht, wodurch fertige Einmal-Bettpfannen entstehen.<\/p>   <div class=\"wp-block-image\"> <figure class=\"aligncenter size-full\"><img loading=\"lazy\" decoding=\"async\" width=\"720\" height=\"540\" src=\"https:\/\/www.eggtraymaking.com\/wp-content\/uploads\/2025\/06\/egg-tray-making-process.webp\" alt=\"Ablauf der Bettwanne Produktion\" class=\"wp-image-9144\" srcset=\"https:\/\/www.eggtraymaking.com\/wp-content\/uploads\/2025\/06\/egg-tray-making-process.webp 720w, https:\/\/www.eggtraymaking.com\/wp-content\/uploads\/2025\/06\/egg-tray-making-process-360x270.webp 360w, https:\/\/www.eggtraymaking.com\/wp-content\/uploads\/2025\/06\/egg-tray-making-process-240x180.webp 240w, https:\/\/www.eggtraymaking.com\/wp-content\/uploads\/2025\/06\/egg-tray-making-process-16x12.webp 16w\" sizes=\"auto, (max-width: 720px) 100vw, 720px\" \/><figcaption class=\"wp-element-caption\">Ablauf der Bettwanne Produktion<\/figcaption><\/figure> <\/div>   <h2 class=\"wp-block-heading\">Hauptstruktur der Disposable Bedpan Forming Machine<\/h2>    <p class=\"translation-block\">Die Disposable-Bettpfannen-Formmaschine besteht haupts\u00e4chlich aus einem <strong><a href=\"https:\/\/www.eggtraymaking.com\/de\/pulping-equipment\/\">Pulping-System<\/a><\/strong>, Formsystem, Vakuumabsaugung, elektromagnetische Steuerung und Formen.<\/p>   <div class=\"wp-block-image\"> <figure class=\"aligncenter size-full\"><img loading=\"lazy\" decoding=\"async\" width=\"720\" height=\"540\" src=\"https:\/\/www.eggtraymaking.com\/wp-content\/uploads\/2019\/05\/Production-Structure-of-the-8-Side-Egg-Tray-Machine.webp\" alt=\"Hauptstruktur der Bettpfannenfertigungsmaschine\" class=\"wp-image-9263\" srcset=\"https:\/\/www.eggtraymaking.com\/wp-content\/uploads\/2019\/05\/Production-Structure-of-the-8-Side-Egg-Tray-Machine.webp 720w, https:\/\/www.eggtraymaking.com\/wp-content\/uploads\/2019\/05\/Production-Structure-of-the-8-Side-Egg-Tray-Machine-360x270.webp 360w, https:\/\/www.eggtraymaking.com\/wp-content\/uploads\/2019\/05\/Production-Structure-of-the-8-Side-Egg-Tray-Machine-240x180.webp 240w, https:\/\/www.eggtraymaking.com\/wp-content\/uploads\/2019\/05\/Production-Structure-of-the-8-Side-Egg-Tray-Machine-16x12.webp 16w\" sizes=\"auto, (max-width: 720px) 100vw, 720px\" \/><figcaption class=\"wp-element-caption\">Hauptstruktur der Bettpfannenfertigungsmaschine<\/figcaption><\/figure> <\/div>   <h2 class=\"wp-block-heading\">Maschineneigenschaften <\/h2>    <ul class=\"wp-block-list\"> <li>Hohe Automatisierung, in der Lage, kontinuierlich bei <strong><em>1.000\u20137.000 St\u00fcck\/Stunde<\/em><\/strong><\/li>    <li>Verwendet Pulpen als Rohmaterial; biologisch abbaubar und umweltfreundlich<\/li>    <li>Einweg, verhindert Kreuzinfektionen<\/li>    <li>Austauschbare Formen zur Herstellung unterschiedlicher Gr\u00f6\u00dfen von Einmalprodukten der Pflege (z. B. Urinablagen, Pflege-Bettpfannen)<\/li>    <li>Hergestellt ganz aus hochwertigem Stahl f\u00fcr lange Lebensdauer<\/li>    <li>Gesteuert durch PLC und einfach zu bedienen<\/li>    <li>Kann mit einem Trockner kombiniert werden, um eine komplette Produktionslinie zu bilden<\/li>    <li>Hohe Formgenauigkeit, mit Produktgr\u00f6\u00dfenabweichung innerhalb<strong><em> \u00b11 mm <\/em><\/strong>und gleichm\u00e4\u00dfiger Dicke<\/li> <\/ul>    <figure class=\"wp-block-gallery has-nested-images columns-default is-cropped wp-block-gallery-2 is-layout-flex wp-block-gallery-is-layout-flex\"> <figure class=\"wp-block-image size-large\"><img loading=\"lazy\" decoding=\"async\" width=\"720\" height=\"540\" data-id=\"9302\" src=\"https:\/\/www.eggtraymaking.com\/wp-content\/uploads\/2025\/08\/Control-System.webp\" alt=\"Steuersystem\" class=\"wp-image-9302\" srcset=\"https:\/\/www.eggtraymaking.com\/wp-content\/uploads\/2025\/08\/Control-System.webp 720w, https:\/\/www.eggtraymaking.com\/wp-content\/uploads\/2025\/08\/Control-System-360x270.webp 360w, https:\/\/www.eggtraymaking.com\/wp-content\/uploads\/2025\/08\/Control-System-240x180.webp 240w, https:\/\/www.eggtraymaking.com\/wp-content\/uploads\/2025\/08\/Control-System-16x12.webp 16w\" sizes=\"auto, (max-width: 720px) 100vw, 720px\" \/><figcaption class=\"wp-element-caption\">Steuersystem<\/figcaption><\/figure>    <figure class=\"wp-block-image size-large\"><img loading=\"lazy\" decoding=\"async\" width=\"720\" height=\"540\" data-id=\"9305\" src=\"https:\/\/www.eggtraymaking.com\/wp-content\/uploads\/2025\/08\/Vacuum-pump.webp\" alt=\"Vakuumpumpe\" class=\"wp-image-9305\" srcset=\"https:\/\/www.eggtraymaking.com\/wp-content\/uploads\/2025\/08\/Vacuum-pump.webp 720w, https:\/\/www.eggtraymaking.com\/wp-content\/uploads\/2025\/08\/Vacuum-pump-360x270.webp 360w, https:\/\/www.eggtraymaking.com\/wp-content\/uploads\/2025\/08\/Vacuum-pump-240x180.webp 240w, https:\/\/www.eggtraymaking.com\/wp-content\/uploads\/2025\/08\/Vacuum-pump-16x12.webp 16w\" sizes=\"auto, (max-width: 720px) 100vw, 720px\" \/><figcaption class=\"wp-element-caption\">Vakuumpumpe<\/figcaption><\/figure>    <figure class=\"wp-block-image size-large\"><img loading=\"lazy\" decoding=\"async\" width=\"720\" height=\"540\" data-id=\"9297\" src=\"https:\/\/www.eggtraymaking.com\/wp-content\/uploads\/2025\/08\/Pulping-machine-1.webp\" alt=\"Schlitzmaschine\" class=\"wp-image-9297\" srcset=\"https:\/\/www.eggtraymaking.com\/wp-content\/uploads\/2025\/08\/Pulping-machine-1.webp 720w, https:\/\/www.eggtraymaking.com\/wp-content\/uploads\/2025\/08\/Pulping-machine-1-360x270.webp 360w, https:\/\/www.eggtraymaking.com\/wp-content\/uploads\/2025\/08\/Pulping-machine-1-240x180.webp 240w, https:\/\/www.eggtraymaking.com\/wp-content\/uploads\/2025\/08\/Pulping-machine-1-16x12.webp 16w\" sizes=\"auto, (max-width: 720px) 100vw, 720px\" \/><figcaption class=\"wp-element-caption\">Zellstoffmaschine<\/figcaption><\/figure> <\/figure>    <h2 class=\"wp-block-heading\">Anwendungsbranchen<\/h2>    <ul class=\"wp-block-list\"> <li>Krankenh\u00e4user, Kliniken und Rehabilitationszentren<\/li>    <li>Seniorenpflegeeinrichtungen und Pflegeheime<\/li>    <li>Intensivpflege und Kurzzeitpflegestationen<\/li>    <li>Notfall- und Tempor\u00e4rmedizinische Einrichtungen<\/li> <\/ul>    <h2 class=\"wp-block-heading\">Zielnutzer<\/h2>    <ul class=\"wp-block-list\"> <li>Bettl\u00e4gerige Patienten, Senioren, schwangere und postpartale Frauen, Menschen mit Behinderungen<\/li>    <li>Patienten in Krankenh\u00e4usern und Pflegeeinrichtungen<\/li>    <li>Menschen mit akutem oder tempor\u00e4rem Bedarf<\/li> <\/ul>    <h2 class=\"wp-block-heading\">Technische Daten der Pulp Bedpan Making Machine<\/h2>    <figure class=\"wp-block-table\"><table class=\"has-fixed-layout\"><tbody><tr><td>Modell<\/td><td>Kapazit\u00e4t<\/td><td>Leistung<\/td><td>Spannung<\/td><td>Gewicht<\/td><td>Faserverbrauch<\/td><td>Wasserverbrauch<\/td><td>Gr\u00f6\u00dfe (mm)<\/td><\/tr><tr><td>SL-1000-3X1<\/td><td>1000 St\u00fcck\/h<\/td><td>38 kW<\/td><td>380V, 50HZ<\/td><td>2500 kg<\/td><td>80 kg\/h<\/td><td>160 kg\/h<\/td><td>2600*2200*1900<\/td><\/tr><tr><td>SL-1500-4X1<\/td><td>1500 St\u00fcck\/Stunde<\/td><td>38 kW<\/td><td>380V, 50HZ<\/td><td>3000 kg<\/td><td>120 kg\/Stunde<\/td><td>240 kg\/Stunde<\/td><td>2800*2200*1900<\/td><\/tr><tr><td>SL-2500-3X4<\/td><td>2500St\u00fcck\/h<\/td><td>55kW<\/td><td>380V, 50HZ<\/td><td>4000kg<\/td><td>200kg\/h<\/td><td>400kg\/h<\/td><td>2900*1800*1800<\/td><\/tr><tr><td>SL-3000-4X4<\/td><td>3000St\u00fcck\/h<\/td><td>60kW<\/td><td>380V, 50HZ<\/td><td>4800kg<\/td><td>240 kg\/Stunde<\/td><td>480kg\/h<\/td><td>3250*1800*1800<\/td><\/tr><tr><td>SL-4000-4X8<\/td><td>4000St\u00fcck\/h<\/td><td>95kW<\/td><td>380V, 50HZ<\/td><td>7000kg<\/td><td>320kg\/h<\/td><td>640kg\/h<\/td><td>3250*2300*2500<\/td><\/tr><tr><td>SL-5000-5X8<\/td><td>5000 St\u00fcck\/h<\/td><td>95kW<\/td><td>380V, 50HZ<\/td><td>8000 kg<\/td><td>400kg\/h<\/td><td>800 kg\/h<\/td><td>3700*2300*2500<\/td><\/tr><tr><td>SL-7000-6X8<\/td><td>7000 St\u00fcck\/Stunde<\/td><td>120 kW<\/td><td>380V, 50HZ<\/td><td>10000 kg<\/td><td>480kg\/h<\/td><td>960 kg\/Stunde<\/td><td>3200*2300*2500<\/td><\/tr><\/tbody><\/table><\/figure>    <p>Die obigen sind unsere Standardmodelle. F\u00fcr zus\u00e4tzliche Anforderungen kontaktieren Sie uns.<\/p>   <div class=\"wp-block-image\"> <figure class=\"aligncenter size-full\"><img loading=\"lazy\" decoding=\"async\" width=\"720\" height=\"540\" src=\"https:\/\/www.eggtraymaking.com\/wp-content\/uploads\/2023\/08\/egg-tray-molding-machine.webp\" alt=\"Einweg-Bettpfannen-Formmaschine\" class=\"wp-image-9061\" srcset=\"https:\/\/www.eggtraymaking.com\/wp-content\/uploads\/2023\/08\/egg-tray-molding-machine.webp 720w, https:\/\/www.eggtraymaking.com\/wp-content\/uploads\/2023\/08\/egg-tray-molding-machine-360x270.webp 360w, https:\/\/www.eggtraymaking.com\/wp-content\/uploads\/2023\/08\/egg-tray-molding-machine-240x180.webp 240w\" sizes=\"auto, (max-width: 720px) 100vw, 720px\" \/><figcaption class=\"wp-element-caption\">Einweg-Bettpfannen-Formmaschine<\/figcaption><\/figure> <\/div>   <h2 class=\"wp-block-heading\">Disposable Bedpan Production Line<\/h2>    <p>Die Disposable-Bettwanne Produktionslinie nutzt Restpapier oder Karton als Rohmaterial. Durch Pulpen, Formen, Trocknen und Formen produziert sie massenhaft umweltfreundliche Einweg-Pulp-Bettpfannen.<\/p>    <p>Die Produktionslinie umfasst typischerweise ein Pulpsystem, Formsystem, Trocken system und automatisches Steuerungssystem.<\/p>    <figure class=\"wp-block-gallery has-nested-images columns-default is-cropped wp-block-gallery-3 is-layout-flex wp-block-gallery-is-layout-flex\"> <figure class=\"wp-block-image size-large\"><img loading=\"lazy\" decoding=\"async\" width=\"720\" height=\"540\" data-id=\"9372\" src=\"https:\/\/www.eggtraymaking.com\/wp-content\/uploads\/2025\/09\/3D-Diagram-of-the-Pulp-Molded-Tray-Production-Line.webp\" alt=\"3D-Diagramm der Produktionslinie f\u00fcr zellstoffgeformte Tabletts\" class=\"wp-image-9372\" srcset=\"https:\/\/www.eggtraymaking.com\/wp-content\/uploads\/2025\/09\/3D-Diagram-of-the-Pulp-Molded-Tray-Production-Line.webp 720w, https:\/\/www.eggtraymaking.com\/wp-content\/uploads\/2025\/09\/3D-Diagram-of-the-Pulp-Molded-Tray-Production-Line-360x270.webp 360w, https:\/\/www.eggtraymaking.com\/wp-content\/uploads\/2025\/09\/3D-Diagram-of-the-Pulp-Molded-Tray-Production-Line-240x180.webp 240w, https:\/\/www.eggtraymaking.com\/wp-content\/uploads\/2025\/09\/3D-Diagram-of-the-Pulp-Molded-Tray-Production-Line-16x12.webp 16w\" sizes=\"auto, (max-width: 720px) 100vw, 720px\" \/><figcaption class=\"wp-element-caption\">3D-Diagramm der Pulp-Molded Tray Produktionslinie<\/figcaption><\/figure>    <figure class=\"wp-block-image size-large\"><img loading=\"lazy\" decoding=\"async\" width=\"720\" height=\"540\" data-id=\"9262\" src=\"https:\/\/www.eggtraymaking.com\/wp-content\/uploads\/2019\/05\/Factory-Images-of-Large-Scale-8-Side-Egg-Tray-Production-Line.webp\" alt=\"Disposable Bedpan Production Line\" class=\"wp-image-9262\" srcset=\"https:\/\/www.eggtraymaking.com\/wp-content\/uploads\/2019\/05\/Factory-Images-of-Large-Scale-8-Side-Egg-Tray-Production-Line.webp 720w, https:\/\/www.eggtraymaking.com\/wp-content\/uploads\/2019\/05\/Factory-Images-of-Large-Scale-8-Side-Egg-Tray-Production-Line-360x270.webp 360w, https:\/\/www.eggtraymaking.com\/wp-content\/uploads\/2019\/05\/Factory-Images-of-Large-Scale-8-Side-Egg-Tray-Production-Line-240x180.webp 240w, https:\/\/www.eggtraymaking.com\/wp-content\/uploads\/2019\/05\/Factory-Images-of-Large-Scale-8-Side-Egg-Tray-Production-Line-16x12.webp 16w\" sizes=\"auto, (max-width: 720px) 100vw, 720px\" \/><figcaption class=\"wp-element-caption\">Disposable Bedpan Production Line<\/figcaption><\/figure> <\/figure>    <h2 class=\"wp-block-heading\">Merkmale der meistverkauften Disposable Bedpans<\/h2>    <ul class=\"wp-block-list\"> <li>Robust und langlebig: Hergestellt aus hochdichtem Pulp, eng strukturiert, verformungsbest\u00e4ndig und kann 1\u20131,5 kg tragen<\/li>    <li>Fl\u00fcssigkeitsbest\u00e4ndig: Kann Fl\u00fcssigkeiten (z. B. Urin, Desinfektionsmittel) 4\u20136 Stunden ohne Lecken oder Kollaps halten<\/li>    <li>Hygienisch und Sicher: Erf\u00fcllt medizinische Hygienestandards; weit verbreitet in Krankenh\u00e4usern, Pflegeheimen und Betreuungszentren<\/li>    <li>Umweltfreundlich und biologisch abbaubar: Zerf\u00e4llt nat\u00fcrlich nach dem Gebrauch oder kann als brennbarer Abfall entsorgt werden, verursacht keine sekund\u00e4re Umweltverschmutzung<\/li>    <li>Leichtgewichtig und komfortabel: Ergonomisches Design mit abgerundeten Kanten; einfach zu handhaben und zu bedienen f\u00fcr Pflegekr\u00e4fte<\/li>    <li>Hoch kompatibel: Kann mit Einweg-Pflege-Tellern, Urinablagen und anderen verwandten Produkten verwendet werden<\/li>    <li>Haltbarkeit: Kann 1\u20132 Jahre in einer trockenen Umgebung gelagert werden<\/li> <\/ul>    <figure class=\"wp-block-gallery has-nested-images columns-default is-cropped wp-block-gallery-4 is-layout-flex wp-block-gallery-is-layout-flex\"> <figure class=\"wp-block-image size-large\"><img loading=\"lazy\" decoding=\"async\" width=\"720\" height=\"540\" data-id=\"9373\" src=\"https:\/\/www.eggtraymaking.com\/wp-content\/uploads\/2025\/09\/Bedpan-Molds.webp\" alt=\"Bettwanne Formen\" class=\"wp-image-9373\" srcset=\"https:\/\/www.eggtraymaking.com\/wp-content\/uploads\/2025\/09\/Bedpan-Molds.webp 720w, https:\/\/www.eggtraymaking.com\/wp-content\/uploads\/2025\/09\/Bedpan-Molds-360x270.webp 360w, https:\/\/www.eggtraymaking.com\/wp-content\/uploads\/2025\/09\/Bedpan-Molds-240x180.webp 240w, https:\/\/www.eggtraymaking.com\/wp-content\/uploads\/2025\/09\/Bedpan-Molds-16x12.webp 16w\" sizes=\"auto, (max-width: 720px) 100vw, 720px\" \/><figcaption class=\"wp-element-caption\">Bettwanne Formen<\/figcaption><\/figure>    <figure class=\"wp-block-image size-full\"><img loading=\"lazy\" decoding=\"async\" width=\"720\" height=\"540\" data-id=\"9376\" src=\"https:\/\/www.eggtraymaking.com\/wp-content\/uploads\/2025\/09\/Various-Types-of-Disposable-Bedpans.webp\" alt=\"Verschiedene Arten von Einweg-Bettpfannen\" class=\"wp-image-9376\" srcset=\"https:\/\/www.eggtraymaking.com\/wp-content\/uploads\/2025\/09\/Various-Types-of-Disposable-Bedpans.webp 720w, https:\/\/www.eggtraymaking.com\/wp-content\/uploads\/2025\/09\/Various-Types-of-Disposable-Bedpans-360x270.webp 360w, https:\/\/www.eggtraymaking.com\/wp-content\/uploads\/2025\/09\/Various-Types-of-Disposable-Bedpans-240x180.webp 240w, https:\/\/www.eggtraymaking.com\/wp-content\/uploads\/2025\/09\/Various-Types-of-Disposable-Bedpans-16x12.webp 16w\" sizes=\"auto, (max-width: 720px) 100vw, 720px\" \/><figcaption class=\"wp-element-caption\">Verschiedene Arten von Einmal-Bettpfannen<\/figcaption><\/figure> <\/figure>    <h2 class=\"wp-block-heading\">Warum Krankenh\u00e4user Disposable Bedpans verwenden\uff1f<\/h2>    <ul class=\"wp-block-list\"> <li>Mit der Verbesserung der Gesundheitsstandards ersetzen mehr Krankenh\u00e4user traditionelle Kunststoff- oder Metallbettpfannen durch Einweg-Pulp-Bettpfannen.<\/li>    <li>Kreuzinfektion verhindern: Traditionelle Bettpfannen erfordern Reinigung und Desinfektion, aber bakterielle R\u00fcckst\u00e4nde und Kreuzinfektionsrisiken bleiben bestehen.<\/li>    <li>Arbeitskraft und Zeit sparen: Einmal-Bettpfannen reduzieren den Pflegedienstaufwand erheblich und verbessern die Effizienz.<\/li>    <li>Verbesserter Patientenzustand: Leichtgewichtige und glatte Kanten von Pulp-Bettpfannen sind besonders freundlich f\u00fcr bettl\u00e4gerige Patienten und Senioren.<\/li>    <li>Umweltfreundlich und konform: Hergestellt aus biologisch abbaubaren Materialien; k\u00f6nnen verbrannt oder nat\u00fcrlich zersetzt werden, ohne langfristige medizinische Abfallverschmutzung, entspricht modernen medizinischen Abf\u00e4llen und Umweltvorschriften.<\/li>    <li>Praktisch f\u00fcr Notf\u00e4lle und gro\u00dfen Einsatz: Ideal f\u00fcr schnelle, gro\u00df angelegte Bereitstellung w\u00e4hrend Pandemien, Katastrophenhilfe oder massiver medizinischer Behandlung.<\/li> <\/ul>   <div class=\"wp-block-image\"> <figure class=\"aligncenter size-full\"><img loading=\"lazy\" decoding=\"async\" width=\"720\" height=\"540\" src=\"https:\/\/www.eggtraymaking.com\/wp-content\/uploads\/2025\/09\/Bedpan.webp\" alt=\"Bettwanne\" class=\"wp-image-9374\" srcset=\"https:\/\/www.eggtraymaking.com\/wp-content\/uploads\/2025\/09\/Bedpan.webp 720w, https:\/\/www.eggtraymaking.com\/wp-content\/uploads\/2025\/09\/Bedpan-360x270.webp 360w, https:\/\/www.eggtraymaking.com\/wp-content\/uploads\/2025\/09\/Bedpan-240x180.webp 240w, https:\/\/www.eggtraymaking.com\/wp-content\/uploads\/2025\/09\/Bedpan-16x12.webp 16w\" sizes=\"auto, (max-width: 720px) 100vw, 720px\" \/><figcaption class=\"wp-element-caption\">Bettwanne<\/figcaption><\/figure> <\/div>   <h2 class=\"wp-block-heading\">Warum Shuliy w\u00e4hlen?<\/h2>    <ul class=\"wp-block-list\"> <li>Fortschrittliche Technologie: Verwendet Hei\u00dfpress-Formungstechnologie, um Bettpfannen effizient und stabil in verschiedenen Gr\u00f6\u00dfen und Formen herzustellen.<\/li>    <li>Haltbare Materialien: Maschinenrahmen aus<strong><em>f Q345 <\/em><\/strong>Kohlenstoffstahl \u2013 stark, schwei\u00dfbar und kosteneffizient.<\/li>    <li>Hochwertige Formen: Formen erh\u00e4ltlich in 45# Stahl oder Aluminium (Aluminium ist kosteng\u00fcnstiger).<\/li>    <li>Zuverl\u00e4ssige \u00dcbertragung: Zentrale bewegliche Teile aus hochfestem 40Cr-Stahl f\u00fcr langfristig stabile Bedienung.<\/li>    <li>Korrosionsbest\u00e4ndige Komponenten: Zuf\u00fchrung und Pulp-outlet in der Regel aus SS304-Edelstahl.<\/li>    <li>Umfassende Auslandunterst\u00fctzung: Einschlie\u00dflich Installation, vollst\u00e4ndiger Video-Tutorials und technischer Unterst\u00fctzung.<\/li>    <li>Erfahrung und Anerkennung: \u00dcber 10 Jahre F&amp;E-Erfahrung, unterst\u00fctzt von Regierung und Krankenh\u00e4usern.<\/li>    <li>Zertifizierungen:<strong><em> T\u00dcV, SGS, CE, ISO9001<\/em><\/strong><\/li>    <li>Garantie: 12 Monate<\/li>    <li>Anpassbar: Stromversorgung, Spannung, Steckdosen und Formen k\u00f6nnen angepasst werden.<\/li>    <li>Vielseitige Produktion: Kann auch erg\u00e4nzende Artikel wie Emesis-Schalen, Patientenpfannen und Urinalbeh\u00e4lter herstellen.<\/li> <\/ul>   <div class=\"wp-block-image\"> <figure class=\"aligncenter size-full\"><img loading=\"lazy\" decoding=\"async\" width=\"720\" height=\"540\" src=\"https:\/\/www.eggtraymaking.com\/wp-content\/uploads\/2019\/06\/Our-partners.webp\" alt=\"Unsere Partner\" class=\"wp-image-9342\" srcset=\"https:\/\/www.eggtraymaking.com\/wp-content\/uploads\/2019\/06\/Our-partners.webp 720w, https:\/\/www.eggtraymaking.com\/wp-content\/uploads\/2019\/06\/Our-partners-360x270.webp 360w, https:\/\/www.eggtraymaking.com\/wp-content\/uploads\/2019\/06\/Our-partners-240x180.webp 240w, https:\/\/www.eggtraymaking.com\/wp-content\/uploads\/2019\/06\/Our-partners-16x12.webp 16w\" sizes=\"auto, (max-width: 720px) 100vw, 720px\" \/><figcaption class=\"wp-element-caption\">Unsere Partner<\/figcaption><\/figure> <\/div>   <p>Wenn Sie an unseren Maschinen interessiert sind, kontaktieren Sie uns bitte \u00fcber das Pop-up-Fenster zur Beratung.<\/p>","protected":false},"excerpt":{"rendered":"<p>Die Zellstoff-Steckbecken-Herstellungsmaschine verwendet Zellstoffformtechnologie zur Herstellung von Einweg-Steckbecken, die h\u00e4ufig in Krankenh\u00e4usern, Pflegeheimen und Pflegeeinrichtungen eingesetzt werden.<\/p>","protected":false},"author":1,"featured_media":9377,"parent":0,"template":"","tags":[490],"product-type":[451],"class_list":["post-9369","product","type-product","status-publish","has-post-thumbnail","hentry","tag-pulp-bedpan-making-machine","product-type-pulp-molding-machine"],"_links":{"self":[{"href":"https:\/\/www.eggtraymaking.com\/de\/wp-json\/wp\/v2\/product\/9369","targetHints":{"allow":["GET"]}}],"collection":[{"href":"https:\/\/www.eggtraymaking.com\/de\/wp-json\/wp\/v2\/product"}],"about":[{"href":"https:\/\/www.eggtraymaking.com\/de\/wp-json\/wp\/v2\/types\/product"}],"author":[{"embeddable":true,"href":"https:\/\/www.eggtraymaking.com\/de\/wp-json\/wp\/v2\/users\/1"}],"wp:featuredmedia":[{"embeddable":true,"href":"https:\/\/www.eggtraymaking.com\/de\/wp-json\/wp\/v2\/media\/9377"}],"wp:attachment":[{"href":"https:\/\/www.eggtraymaking.com\/de\/wp-json\/wp\/v2\/media?parent=9369"}],"wp:term":[{"taxonomy":"post_tag","embeddable":true,"href":"https:\/\/www.eggtraymaking.com\/de\/wp-json\/wp\/v2\/tags?post=9369"},{"taxonomy":"product-type","embeddable":true,"href":"https:\/\/www.eggtraymaking.com\/de\/wp-json\/wp\/v2\/product-type?post=9369"}],"curies":[{"name":"wp","href":"https:\/\/api.w.org\/{rel}","templated":true}]}}