{"id":9166,"date":"2025-06-24T17:18:16","date_gmt":"2025-06-24T09:18:16","guid":{"rendered":"https:\/\/www.eggtraymaking.com\/?post_type=product&#038;p=9166"},"modified":"2025-07-17T16:54:59","modified_gmt":"2025-07-17T08:54:59","slug":"pulp-wine-tray-making-machine","status":"publish","type":"product","link":"https:\/\/www.eggtraymaking.com\/de\/pulp-wine-tray-making-machine\/","title":{"rendered":"Pulpe Weinablage Maschinen | Weinverpackungsablage Maschinen"},"content":{"rendered":"<p>Eine Maschine zur Herstellung von Papp-Weintray ist eine industrielle Ausr\u00fcstung, die entwickelt wurde, um geformte Papp-Weintrays herzustellen. Sie verwendet Prozesse wie Vakuumformen, Pressen und Trocknen, um die Pappe in verschiedene Tray-Designs zu formen.<\/p>    <p>Pulp-Weintrays sind umweltfreundliche Verpackungsmaterialien, die aus Abfallpapier, Kartons und \u00e4hnlichen Materialien unter Verwendung von Pulpmolding-Technologie hergestellt werden. Im Vergleich zu herk\u00f6mmlicher Schaumverpackung sind Pulp-Weintrays umweltfreundlicher, biologisch abbaubar und bieten eine gute Polsterung, was sie besser f\u00fcr die modernen Anforderungen an umweltfreundliche Verpackungen macht. <\/p>    <p class=\"translation-block\">Diese Weinverpackungsschalenmaschine spielt eine wichtige Rolle in modernen umweltfreundlichen Verpackungsproduktionslinien und eignet sich besonders f\u00fcr die Herstellung von Schalen f\u00fcr Glasflaschen wie <strong>Wein, Champagner<\/strong> und <strong>Spirituosen<\/strong>.<\/p>    <p class=\"translation-block\">Shuliy bietet <strong><em>7 <\/em><\/strong>Modelle von Zellstoffformmaschinen mit einer Kapazit\u00e4t von <strong><em>1.000 bis 7.000 St\u00fcck\/h<\/em><\/strong> und exportiert j\u00e4hrlich \u00fcber <strong><em>50 <\/em><\/strong>Einheiten.<\/p>    <figure class=\"wp-block-image size-full is-resized\"><img loading=\"lazy\" decoding=\"async\" width=\"720\" height=\"540\" src=\"https:\/\/www.eggtraymaking.com\/wp-content\/uploads\/2025\/06\/Pulp-Wine-Tray-Making-Machine.jpg\" alt=\"Maschine zur Herstellung von Zellstoff-Weinbeh\u00e4ltern\" class=\"wp-image-9172\" style=\"width:840px;height:auto\" srcset=\"https:\/\/www.eggtraymaking.com\/wp-content\/uploads\/2025\/06\/Pulp-Wine-Tray-Making-Machine.jpg 720w, https:\/\/www.eggtraymaking.com\/wp-content\/uploads\/2025\/06\/Pulp-Wine-Tray-Making-Machine-360x270.jpg 360w, https:\/\/www.eggtraymaking.com\/wp-content\/uploads\/2025\/06\/Pulp-Wine-Tray-Making-Machine-240x180.jpg 240w, https:\/\/www.eggtraymaking.com\/wp-content\/uploads\/2025\/06\/Pulp-Wine-Tray-Making-Machine-16x12.jpg 16w\" sizes=\"auto, (max-width: 720px) 100vw, 720px\" \/><figcaption class=\"wp-element-caption\">Maschine zur Herstellung von Zellstoff-Weinbeh\u00e4ltern<\/figcaption><\/figure>    <h2 class=\"wp-block-heading\">Hauptstruktur der Zellstoff-Weintray-Herstellungsmaschine<\/h2>    <p class=\"translation-block\">Die Zellstoff-Weinverpackungsschalenmaschine umfasst haupts\u00e4chlich das <strong><em>Pulpsystem, das Formsystem, das Trocknungssystem und das Verpackungssystem.<\/em><\/strong><\/p>    <ul class=\"wp-block-list\"> <li><strong><em>Zellstoffsystem:<\/em><\/strong> Dies umfasst einen Pulper, einen Wassertank und einen Mischer. Er mischt Altpapier mit Wasser, um eine glatte Pulpe herzustellen. Er ist mit einem Steuerger\u00e4t zur Konzentrationskontrolle der Pulpe verbunden.<\/li>    <li><em><strong>Formungssystem:<\/strong> <\/em>Dies verwendet Vakuumformen, um das Papier unter negativem Druck zu formen. Die Form besteht aus oberen und unteren Teilen, die schnell gewechselt werden k\u00f6nnen, um sich an verschiedene Weinflaschenbeh\u00e4lter anzupassen. Der Formantrieb kann hydraulisch oder pneumatisch sein.<\/li>    <li><strong><em>Trockenanlage:<\/em><\/strong> Nach der Formgebung werden die feuchten Tabletts bei hohen Temperaturen getrocknet. Es gibt sechs Trocknungsmethoden zur Auswahl: nat\u00fcrliche Trocknung, Trockenschrank, ziegelgebaute Trockenkammer oder mehrschichtige Metalltrocknung. Dies stellt sicher, dass die Tabletts in der Gr\u00f6\u00dfe stabil und auf der Oberfl\u00e4che glatt sind.<\/li>    <li><em><strong>Verpackungsanlage:<\/strong> <\/em>Trays k\u00f6nnen mit einem Stapler gez\u00e4hlt und gestapelt und dann f\u00fcr die Lieferung verpackt werden.<\/li> <\/ul>    <figure class=\"wp-block-gallery has-nested-images columns-default is-cropped wp-block-gallery-2 is-layout-flex wp-block-gallery-is-layout-flex\"> <figure class=\"wp-block-image size-large\"><img loading=\"lazy\" decoding=\"async\" width=\"720\" height=\"540\" data-id=\"9152\" src=\"https:\/\/www.eggtraymaking.com\/wp-content\/uploads\/2025\/06\/Pulper.webp\" alt=\"Pulper\" class=\"wp-image-9152\" srcset=\"https:\/\/www.eggtraymaking.com\/wp-content\/uploads\/2025\/06\/Pulper.webp 720w, https:\/\/www.eggtraymaking.com\/wp-content\/uploads\/2025\/06\/Pulper-360x270.webp 360w, https:\/\/www.eggtraymaking.com\/wp-content\/uploads\/2025\/06\/Pulper-240x180.webp 240w, https:\/\/www.eggtraymaking.com\/wp-content\/uploads\/2025\/06\/Pulper-16x12.webp 16w\" sizes=\"auto, (max-width: 720px) 100vw, 720px\" \/><figcaption class=\"wp-element-caption\">Pulper<\/figcaption><\/figure>    <figure class=\"wp-block-image size-large\"><img loading=\"lazy\" decoding=\"async\" width=\"720\" height=\"540\" data-id=\"9151\" src=\"https:\/\/www.eggtraymaking.com\/wp-content\/uploads\/2025\/06\/Pulp-Pump.webp\" alt=\"Faserpumpe\" class=\"wp-image-9151\" srcset=\"https:\/\/www.eggtraymaking.com\/wp-content\/uploads\/2025\/06\/Pulp-Pump.webp 720w, https:\/\/www.eggtraymaking.com\/wp-content\/uploads\/2025\/06\/Pulp-Pump-360x270.webp 360w, https:\/\/www.eggtraymaking.com\/wp-content\/uploads\/2025\/06\/Pulp-Pump-240x180.webp 240w, https:\/\/www.eggtraymaking.com\/wp-content\/uploads\/2025\/06\/Pulp-Pump-16x12.webp 16w\" sizes=\"auto, (max-width: 720px) 100vw, 720px\" \/><figcaption class=\"wp-element-caption\">Faserpumpe<\/figcaption><\/figure>    <figure class=\"wp-block-image size-large\"><img loading=\"lazy\" decoding=\"async\" width=\"720\" height=\"540\" data-id=\"9061\" src=\"https:\/\/www.eggtraymaking.com\/wp-content\/uploads\/2023\/08\/egg-tray-molding-machine.webp\" alt=\"Wein Tablett Formmaschine\" class=\"wp-image-9061\" srcset=\"https:\/\/www.eggtraymaking.com\/wp-content\/uploads\/2023\/08\/egg-tray-molding-machine.webp 720w, https:\/\/www.eggtraymaking.com\/wp-content\/uploads\/2023\/08\/egg-tray-molding-machine-360x270.webp 360w, https:\/\/www.eggtraymaking.com\/wp-content\/uploads\/2023\/08\/egg-tray-molding-machine-240x180.webp 240w\" sizes=\"auto, (max-width: 720px) 100vw, 720px\" \/><figcaption class=\"wp-element-caption\">Weintray-Formmaschine<\/figcaption><\/figure> <\/figure>    <h2 class=\"wp-block-heading\">Technische Parameter der Shuliy Zellstoff-Weintray-Herstellungsmaschine<\/h2>    <figure class=\"wp-block-table\"><table class=\"has-fixed-layout\"><tbody><tr><td>Modell<\/td><td>Kapazit\u00e4t<\/td><td>Leistung<\/td><td>Spannung<\/td><td>Gewicht<\/td><td>Faserverbrauch<\/td><td>Wasserverbrauch<\/td><td>Gr\u00f6\u00dfe (mm)<\/td><\/tr><tr><td>SL-1000-3X1<\/td><td>1000 St\u00fcck\/h<\/td><td>38 kW<\/td><td>380V, 50HZ<\/td><td>2500 kg<\/td><td>80 kg\/h<\/td><td>160 kg\/h<\/td><td>2600*2200*1900<\/td><\/tr><tr><td>SL-1500-4X1<\/td><td>1500 St\u00fcck\/Stunde<\/td><td>38 kW<\/td><td>380V, 50HZ<\/td><td>3000 kg<\/td><td>120 kg\/Stunde<\/td><td>240 kg\/Stunde<\/td><td>2800*2200*1900<\/td><\/tr><tr><td>SL-2500-3X4<\/td><td>2500St\u00fcck\/h<\/td><td>55kW<\/td><td>380V, 50HZ<\/td><td>4000kg<\/td><td>200kg\/h<\/td><td>400kg\/h<\/td><td>2900*1800*1800<\/td><\/tr><tr><td>SL-3000-4X4<\/td><td>3000St\u00fcck\/h<\/td><td>60kW<\/td><td>380V, 50HZ<\/td><td>4800kg<\/td><td>240 kg\/Stunde<\/td><td>480kg\/h<\/td><td>3250*1800*1800<\/td><\/tr><tr><td>SL-4000-4X8<\/td><td>4000St\u00fcck\/h<\/td><td>95kW<\/td><td>380V, 50HZ<\/td><td>7000kg<\/td><td>320kg\/h<\/td><td>640kg\/h<\/td><td>3250*2300*2500<\/td><\/tr><tr><td>SL-5000-5X8<\/td><td>5000 St\u00fcck\/h<\/td><td>95kW<\/td><td>380V, 50HZ<\/td><td>8000 kg<\/td><td>400kg\/h<\/td><td>800 kg\/h<\/td><td>3700*2300*2500<\/td><\/tr><tr><td>SL-7000-6X8<\/td><td>7000 St\u00fcck\/Stunde<\/td><td>120 kW<\/td><td>380V, 50HZ<\/td><td>10000 kg<\/td><td>480kg\/h<\/td><td>960 kg\/Stunde<\/td><td>3200*2300*2500<\/td><\/tr><\/tbody><\/table><\/figure>    <p>Das oben Genannte ist unser Standardmodell zur Referenz. Wenn Sie spezifischere Anforderungen haben, k\u00f6nnen wir die Maschine auch nach Ihren Bed\u00fcrfnissen anpassen.<\/p>    <figure class=\"wp-block-gallery has-nested-images columns-default is-cropped wp-block-gallery-3 is-layout-flex wp-block-gallery-is-layout-flex\"> <figure class=\"wp-block-image size-large\"><img loading=\"lazy\" decoding=\"async\" width=\"720\" height=\"540\" data-id=\"9153\" src=\"https:\/\/www.eggtraymaking.com\/wp-content\/uploads\/2025\/06\/3\u00d74-fruit-tray-making-machine.webp\" alt=\"3\u00d74 Weintray-Herstellungsmaschine\" class=\"wp-image-9153\" srcset=\"https:\/\/www.eggtraymaking.com\/wp-content\/uploads\/2025\/06\/3\u00d74-fruit-tray-making-machine.webp 720w, https:\/\/www.eggtraymaking.com\/wp-content\/uploads\/2025\/06\/3\u00d74-fruit-tray-making-machine-360x270.webp 360w, https:\/\/www.eggtraymaking.com\/wp-content\/uploads\/2025\/06\/3\u00d74-fruit-tray-making-machine-240x180.webp 240w, https:\/\/www.eggtraymaking.com\/wp-content\/uploads\/2025\/06\/3\u00d74-fruit-tray-making-machine-16x12.webp 16w\" sizes=\"auto, (max-width: 720px) 100vw, 720px\" \/><figcaption class=\"wp-element-caption\">3\u00d74 Weintray-Herstellungsmaschine<\/figcaption><\/figure>    <figure class=\"wp-block-image size-large\"><img loading=\"lazy\" decoding=\"async\" width=\"720\" height=\"540\" data-id=\"9154\" src=\"https:\/\/www.eggtraymaking.com\/wp-content\/uploads\/2025\/06\/5\u00d78-fruit-tray-making-machine.webp\" alt=\"5\u00d78 Weintray-Herstellungsmaschine\" class=\"wp-image-9154\" srcset=\"https:\/\/www.eggtraymaking.com\/wp-content\/uploads\/2025\/06\/5\u00d78-fruit-tray-making-machine.webp 720w, https:\/\/www.eggtraymaking.com\/wp-content\/uploads\/2025\/06\/5\u00d78-fruit-tray-making-machine-360x270.webp 360w, https:\/\/www.eggtraymaking.com\/wp-content\/uploads\/2025\/06\/5\u00d78-fruit-tray-making-machine-240x180.webp 240w, https:\/\/www.eggtraymaking.com\/wp-content\/uploads\/2025\/06\/5\u00d78-fruit-tray-making-machine-16x12.webp 16w\" sizes=\"auto, (max-width: 720px) 100vw, 720px\" \/><figcaption class=\"wp-element-caption\">5\u00d78 Weintray-Herstellungsmaschine<\/figcaption><\/figure> <\/figure>    <h2 class=\"wp-block-heading\">Wie funktioniert die Maschine zur Formung von Zellstoff-Weinbeh\u00e4ltern?<\/h2>    <p class=\"translation-block\">\u00c4hnlich wie die <strong><a href=\"https:\/\/www.eggtraymaking.com\/de\/egg-tray-making-machine\/\">Eierverpackungsschalenmaschine<\/a><\/strong> verwendet die Zellstoff-Weinverpackungsschalenformmaschine die Zellstoffformtechnologie. Sie folgt einem Zellstoffformprozess, bei dem der Zellstoff in eine Form eingespritzt wird. Dann wird die Schale durch Vakuumabsaugung geformt, hitzegesch\u00fctzt und zu einer Schale mit spezieller Festigkeit und Design geformt.<\/p>    <p>Die Hauptarbeitsabl\u00e4ufe sind ebenfalls: Pulpen \u2192 Formen \u2192 Trocknen \u2192 Verpacken.<\/p>    <figure class=\"wp-block-gallery has-nested-images columns-default is-cropped wp-block-gallery-4 is-layout-flex wp-block-gallery-is-layout-flex\"> <figure class=\"wp-block-image size-large\"><img loading=\"lazy\" decoding=\"async\" width=\"720\" height=\"540\" data-id=\"9169\" src=\"https:\/\/www.eggtraymaking.com\/wp-content\/uploads\/2025\/06\/Pulp-wine-tray-making-machine-3D-picture-No.1.webp\" alt=\"3D-Bild der Maschine zur Herstellung von Pulp-Weinablagen Nr. 1\" class=\"wp-image-9169\" srcset=\"https:\/\/www.eggtraymaking.com\/wp-content\/uploads\/2025\/06\/Pulp-wine-tray-making-machine-3D-picture-No.1.webp 720w, https:\/\/www.eggtraymaking.com\/wp-content\/uploads\/2025\/06\/Pulp-wine-tray-making-machine-3D-picture-No.1-360x270.webp 360w, https:\/\/www.eggtraymaking.com\/wp-content\/uploads\/2025\/06\/Pulp-wine-tray-making-machine-3D-picture-No.1-240x180.webp 240w, https:\/\/www.eggtraymaking.com\/wp-content\/uploads\/2025\/06\/Pulp-wine-tray-making-machine-3D-picture-No.1-16x12.webp 16w\" sizes=\"auto, (max-width: 720px) 100vw, 720px\" \/><figcaption class=\"wp-element-caption\">Pulp-Weintray-Formmaschine 3D-Bild Nr. 1<\/figcaption><\/figure>    <figure class=\"wp-block-image size-large\"><img loading=\"lazy\" decoding=\"async\" width=\"720\" height=\"540\" data-id=\"9170\" src=\"https:\/\/www.eggtraymaking.com\/wp-content\/uploads\/2025\/06\/Pulp-wine-tray-making-machine-3D-picture-No.2.webp\" alt=\"3D-Bild der Pulp-Weintray-Herstellungsmaschine Nr. 2\" class=\"wp-image-9170\" srcset=\"https:\/\/www.eggtraymaking.com\/wp-content\/uploads\/2025\/06\/Pulp-wine-tray-making-machine-3D-picture-No.2.webp 720w, https:\/\/www.eggtraymaking.com\/wp-content\/uploads\/2025\/06\/Pulp-wine-tray-making-machine-3D-picture-No.2-360x270.webp 360w, https:\/\/www.eggtraymaking.com\/wp-content\/uploads\/2025\/06\/Pulp-wine-tray-making-machine-3D-picture-No.2-240x180.webp 240w, https:\/\/www.eggtraymaking.com\/wp-content\/uploads\/2025\/06\/Pulp-wine-tray-making-machine-3D-picture-No.2-16x12.webp 16w\" sizes=\"auto, (max-width: 720px) 100vw, 720px\" \/><figcaption class=\"wp-element-caption\">Pulp-Weintray-Formmaschine 3D-Bild Nr. 2<\/figcaption><\/figure> <\/figure>    <h2 class=\"wp-block-heading\">Vorteile der Shuliy Weinverpackungstray-Herstellungsmaschine<\/h2>    <ul class=\"wp-block-list\"> <li><strong>Hohe Automatisierung<\/strong>: Vom Pulpen \u00fcber Formen, Schneiden bis hin zum Verpacken ist der Prozess automatisiert, was Arbeitskosten spart.<\/li>    <li><strong>Umweltfreundliche Produktion<\/strong>: Keine Abwasser- oder Gasemissionen. Die Rohstoffe k\u00f6nnen erneut recycelt werden und entsprechen den lokalen Umweltrichtlinien.<\/li>    <li><strong>Ma\u00dfgeschneiderte Formen:<\/strong> Geeignet f\u00fcr verschiedene Flaschengr\u00f6\u00dfen und -typen (wie Bordeaux, Champagner, Spirituosenflaschen). Wir k\u00f6nnen auch Formen basierend auf den Flaschen anpassen, die Sie uns senden.<\/li>    <li><strong>Sch\u00f6ne Oberfl\u00e4chenbeschaffenheit: <\/strong>Die Tabletts sehen glatt und sauber aus, perfekt f\u00fcr hochwertige Wein-Geschenkboxen oder Ausstellungspr\u00e4sentationen. Sie k\u00f6nnen die Farbe, das Logo-Pr\u00e4gung oder Muster anpassen, um Ihre Verpackung aufzuwerten.<\/li>    <li><strong>Verschiedene Tablettoptionen: <\/strong>Kann Tabletts f\u00fcr 1, 2, 6 oder 12 Flaschen herstellen.<\/li>    <li><strong>Stabile Leistung:<\/strong> Pr\u00e4zise Steuerung des Formdrucks, der Zeit und der Formanpassung, um eine konsistente Qualit\u00e4t sicherzustellen. Im Vergleich zu regul\u00e4ren Maschinen kann sie 2,5-mal l\u00e4nger betrieben werden.<\/li>    <li><strong>Hochpr\u00e4zises Formsystem<\/strong>: Macht Tabletts st\u00e4rker und stabiler, mit guter Gewichtsunterst\u00fctzung und ohne verzogene Kanten. Das Tablett hat symmetrische St\u00fctzpunkte f\u00fcr bessere Leistung.<\/li>    <li><strong>Ma\u00dfgeschneiderte Dienstleistungen verf\u00fcgbar:<\/strong> Wir bieten designbasierte Muster, Flaschengr\u00f6\u00dfenanpassung, Logo-Pr\u00e4gung, Farbgestaltung und mehr an, um Ihre Marke hervorzuheben. Komplettl\u00f6sungen f\u00fcr Verpackungen k\u00f6nnen mit der Tray-Formmaschine bereitgestellt werden.<\/li>    <li><strong>Vollst\u00e4ndige Produktionslinie und L\u00f6sung verf\u00fcgbar:<\/strong> Als Direkthersteller k\u00f6nnen wir Aufbereitungsmaschinen, Luftkompressoren, Trockner und andere Ger\u00e4te bereitstellen. Wir bieten auch eine vern\u00fcnftige Planung der Fl\u00e4chenaufteilung an, um Ihre Arbeitskosten zu senken.<\/li> <\/ul>    <figure class=\"wp-block-image size-full\"><img loading=\"lazy\" decoding=\"async\" width=\"720\" height=\"540\" src=\"https:\/\/www.eggtraymaking.com\/wp-content\/uploads\/2025\/06\/Our-customers-are-considering-the-belt-dryer.webp\" alt=\"Unsere Kunden ziehen den Gurt-Trockner in Betracht\" class=\"wp-image-9171\" srcset=\"https:\/\/www.eggtraymaking.com\/wp-content\/uploads\/2025\/06\/Our-customers-are-considering-the-belt-dryer.webp 720w, https:\/\/www.eggtraymaking.com\/wp-content\/uploads\/2025\/06\/Our-customers-are-considering-the-belt-dryer-360x270.webp 360w, https:\/\/www.eggtraymaking.com\/wp-content\/uploads\/2025\/06\/Our-customers-are-considering-the-belt-dryer-240x180.webp 240w, https:\/\/www.eggtraymaking.com\/wp-content\/uploads\/2025\/06\/Our-customers-are-considering-the-belt-dryer-16x12.webp 16w\" sizes=\"auto, (max-width: 720px) 100vw, 720px\" \/><figcaption class=\"wp-element-caption\">Unsere Kunden ziehen den Bandtrockner in Betracht<\/figcaption><\/figure>    <h2 class=\"wp-block-heading\">Welche Arten von Zellstoff-Weinbeh\u00e4ltern gibt es?<\/h2>    <figure class=\"wp-block-table\"><table class=\"has-fixed-layout\"><tbody><tr><td>Kategorie<\/td><td>Typ<\/td><\/tr><tr><td>Nach Flaschenvolumen<\/td><td>187ml, 375ml, 500ml, 700ml, 750ml, 1L, 1.5L, 3L \/ 5L<\/td><\/tr><tr><td>Nach Flaschenanzahl<\/td><td>Einzel-Flasche, Zwei-Flaschen, Vier-Flaschen, Sechs-Flaschen, Zw\u00f6lf-Flaschen<\/td><\/tr><tr><td>Nach Struktur<\/td><td>Einteiliger Typ, Oben und unten separater Typ, Einsetzt-Typ<\/td><\/tr><tr><td>Nach Formgebungsprozess<\/td><td>Trockenpressen, Nasspressen<\/td><\/tr><tr><td>Nach Verwendung<\/td><td>Transport-Schutztyp, Geschenkbox-Darstellungstyp, Exporttyp<\/td><\/tr><\/tbody><\/table><\/figure>    <h2 class=\"wp-block-heading\">Warum eine Maschine zur Herstellung von Weinverpackungsbeh\u00e4ltern w\u00e4hlen?<\/h2>    <h3 class=\"wp-block-heading\">Es hat breite Anwendungen:<\/h3>    <ul class=\"wp-block-list\"> <li><strong>Weinhersteller: <\/strong>Verwendet f\u00fcr die Innenverpackung von Flaschenweinen.<\/li>    <li><strong>E-Commerce-Plattformen:<\/strong> Ideal f\u00fcr den sicheren Versand von einzelnen oder mehreren Weinflaschen.<\/li>    <li><strong>Geschenkverpackungsunternehmen<\/strong>: Verwendet f\u00fcr Tabletts in Geschenkweinboxen oder Premium-Weinsets.<\/li>    <li><strong>Exporth\u00e4ndler: <\/strong>Entspricht den Vorschriften f\u00fcr umweltfreundliche Verpackungen in der EU, den USA und anderen L\u00e4ndern.<\/li>    <li><strong>Superm\u00e4rkte und Einzelhandelsgesch\u00e4fte:<\/strong> Wird f\u00fcr Kombipackungen verwendet, um die Pr\u00e4sentation und den Verkauf zu erleichtern.<\/li> <\/ul>    <h3 class=\"wp-block-heading\">Vorteile im Vergleich zu anderen Verpackungsmaterialien:<\/h3>    <figure class=\"wp-block-table\"><table class=\"has-fixed-layout\"><tbody><tr><td>Artikel<\/td><td>Papierweintablett<\/td><td>Schaumstofftablett<\/td><td>Wellpappeinsatz<\/td><\/tr><tr><td>Umwelt<\/td><td>Biologisch abbaubar, umweltfreundlich<\/td><td>Nicht biologisch abbaubar<\/td><td>Recycelbar<\/td><\/tr><tr><td>Schutz<\/td><td>Stark<\/td><td>Sehr stark<\/td><td>Mittel<\/td><\/tr><tr><td>Kosten<\/td><td>Mittel<\/td><td>H\u00f6her<\/td><td>Niedrig<\/td><\/tr><tr><td>Anpassung<\/td><td>Hoch<\/td><td>Mittel<\/td><td>Mittel<\/td><\/tr><tr><td>Erscheinung<\/td><td>Gut (besser mit Nasspressung)<\/td><td>Arm<\/td><td>Mittel<\/td><\/tr><\/tbody><\/table><\/figure>    <h2 class=\"wp-block-heading\">Fertige Produkte von der Zellstoff-Weintray-Herstellungsmaschine<\/h2>    <p>Die Pulp-Weintrays, die wir h\u00e4ufig produzieren, sind unten abgebildet. Wir haben jedoch viele andere Formoptionen zur Verf\u00fcgung. Wenn Sie interessiert sind, k\u00f6nnen Sie uns jederzeit kontaktieren!<\/p>    <figure class=\"wp-block-image size-full\"><img loading=\"lazy\" decoding=\"async\" width=\"720\" height=\"540\" src=\"https:\/\/www.eggtraymaking.com\/wp-content\/uploads\/2025\/06\/Wine-Tray-Application-Display.webp\" alt=\"Wein Tablett Anzeigefeld\" class=\"wp-image-9168\" srcset=\"https:\/\/www.eggtraymaking.com\/wp-content\/uploads\/2025\/06\/Wine-Tray-Application-Display.webp 720w, https:\/\/www.eggtraymaking.com\/wp-content\/uploads\/2025\/06\/Wine-Tray-Application-Display-360x270.webp 360w, https:\/\/www.eggtraymaking.com\/wp-content\/uploads\/2025\/06\/Wine-Tray-Application-Display-240x180.webp 240w, https:\/\/www.eggtraymaking.com\/wp-content\/uploads\/2025\/06\/Wine-Tray-Application-Display-16x12.webp 16w\" sizes=\"auto, (max-width: 720px) 100vw, 720px\" \/><figcaption class=\"wp-element-caption\">Wein Tablett Anzeigefeld<\/figcaption><\/figure>    <h2 class=\"wp-block-heading\">Versandanzeige der Maschine zur Herstellung von Pulpe-Weintrays<\/h2>    <p>Hier sind einige unserer Versandfotos. Sie k\u00f6nnen sich unsere Verpackung ansehen.<\/p>    <figure class=\"wp-block-gallery has-nested-images columns-default is-cropped wp-block-gallery-5 is-layout-flex wp-block-gallery-is-layout-flex\"> <figure class=\"wp-block-image size-large\"><img loading=\"lazy\" decoding=\"async\" width=\"720\" height=\"540\" data-id=\"9173\" src=\"https:\/\/www.eggtraymaking.com\/wp-content\/uploads\/2025\/06\/Loading-the-mixing-tank.webp\" alt=\"Beladung des Mischbeh\u00e4lters\" class=\"wp-image-9173\" srcset=\"https:\/\/www.eggtraymaking.com\/wp-content\/uploads\/2025\/06\/Loading-the-mixing-tank.webp 720w, https:\/\/www.eggtraymaking.com\/wp-content\/uploads\/2025\/06\/Loading-the-mixing-tank-360x270.webp 360w, https:\/\/www.eggtraymaking.com\/wp-content\/uploads\/2025\/06\/Loading-the-mixing-tank-240x180.webp 240w, https:\/\/www.eggtraymaking.com\/wp-content\/uploads\/2025\/06\/Loading-the-mixing-tank-16x12.webp 16w\" sizes=\"auto, (max-width: 720px) 100vw, 720px\" \/><figcaption class=\"wp-element-caption\">Laden des Mischbeh\u00e4lters<\/figcaption><\/figure>    <figure class=\"wp-block-image size-large\"><img loading=\"lazy\" decoding=\"async\" width=\"720\" height=\"540\" data-id=\"9174\" src=\"https:\/\/www.eggtraymaking.com\/wp-content\/uploads\/2025\/06\/The-factory-is-currently-packing.webp\" alt=\"Die Fabrik verpackt derzeit\" class=\"wp-image-9174\" srcset=\"https:\/\/www.eggtraymaking.com\/wp-content\/uploads\/2025\/06\/The-factory-is-currently-packing.webp 720w, https:\/\/www.eggtraymaking.com\/wp-content\/uploads\/2025\/06\/The-factory-is-currently-packing-360x270.webp 360w, https:\/\/www.eggtraymaking.com\/wp-content\/uploads\/2025\/06\/The-factory-is-currently-packing-240x180.webp 240w, https:\/\/www.eggtraymaking.com\/wp-content\/uploads\/2025\/06\/The-factory-is-currently-packing-16x12.webp 16w\" sizes=\"auto, (max-width: 720px) 100vw, 720px\" \/><figcaption class=\"wp-element-caption\">Die Fabrik packt derzeit<\/figcaption><\/figure> <\/figure>","protected":false},"excerpt":{"rendered":"<p>Eine Maschine zur Herstellung von Pulp-Weintrays ist ein vollautomatisches Industrieger\u00e4t, das zur Produktion von geformten Pulp-Weintrays entwickelt wurde. Sie kann eine hohe Ausbeute erzielen, mit einer maximalen Kapazit\u00e4t von bis zu 6000 St\u00fcck pro Stunde.<\/p>","protected":false},"author":1,"featured_media":9175,"parent":0,"template":"","tags":[460,461],"product-type":[451],"class_list":["post-9166","product","type-product","status-publish","has-post-thumbnail","hentry","tag-pulp-wine-tray","tag-wine-packaging-tray-making-machine","product-type-pulp-molding-machine"],"_links":{"self":[{"href":"https:\/\/www.eggtraymaking.com\/de\/wp-json\/wp\/v2\/product\/9166","targetHints":{"allow":["GET"]}}],"collection":[{"href":"https:\/\/www.eggtraymaking.com\/de\/wp-json\/wp\/v2\/product"}],"about":[{"href":"https:\/\/www.eggtraymaking.com\/de\/wp-json\/wp\/v2\/types\/product"}],"author":[{"embeddable":true,"href":"https:\/\/www.eggtraymaking.com\/de\/wp-json\/wp\/v2\/users\/1"}],"wp:featuredmedia":[{"embeddable":true,"href":"https:\/\/www.eggtraymaking.com\/de\/wp-json\/wp\/v2\/media\/9175"}],"wp:attachment":[{"href":"https:\/\/www.eggtraymaking.com\/de\/wp-json\/wp\/v2\/media?parent=9166"}],"wp:term":[{"taxonomy":"post_tag","embeddable":true,"href":"https:\/\/www.eggtraymaking.com\/de\/wp-json\/wp\/v2\/tags?post=9166"},{"taxonomy":"product-type","embeddable":true,"href":"https:\/\/www.eggtraymaking.com\/de\/wp-json\/wp\/v2\/product-type?post=9166"}],"curies":[{"name":"wp","href":"https:\/\/api.w.org\/{rel}","templated":true}]}}