{"id":1275,"date":"2019-05-30T08:51:49","date_gmt":"2019-05-30T08:51:49","guid":{"rendered":"https:\/\/www.eggtraymaking.com\/?p=1275"},"modified":"2026-01-20T11:42:17","modified_gmt":"2026-01-20T03:42:17","slug":"egg-tray-packing-equipment","status":"publish","type":"product","link":"https:\/\/www.eggtraymaking.com\/de\/egg-tray-packing-equipment\/","title":{"rendered":"Eierkarton-Verpackungsmaschine"},"content":{"rendered":"<p class=\"translation-block\">Die Verpackungsmaschine f\u00fcr Eierkartons komprimiert <strong><em>70\u2013120 <\/em><\/strong>Kartons zusammen, reduziert das Volumen und erleichtert das Beladen und den Transport.<\/p>   <div class=\"wp-block-image\"> <figure class=\"aligncenter size-full\"><img loading=\"lazy\" decoding=\"async\" width=\"540\" height=\"720\" src=\"https:\/\/www.eggtraymaking.com\/wp-content\/uploads\/2019\/05\/Egg-Tray-Packing-Equipment.webp\" alt=\"Eierkarton-Verpackungsmaschine\" class=\"wp-image-9416\" srcset=\"https:\/\/www.eggtraymaking.com\/wp-content\/uploads\/2019\/05\/Egg-Tray-Packing-Equipment.webp 540w, https:\/\/www.eggtraymaking.com\/wp-content\/uploads\/2019\/05\/Egg-Tray-Packing-Equipment-203x270.webp 203w, https:\/\/www.eggtraymaking.com\/wp-content\/uploads\/2019\/05\/Egg-Tray-Packing-Equipment-9x12.webp 9w\" sizes=\"auto, (max-width: 540px) 100vw, 540px\" \/><figcaption class=\"wp-element-caption\">Eierkarton-Verpackungsmaschine<\/figcaption><\/figure> <\/div>   <p>Es ist \u00fcblicherweise mit dem hinteren Ende der Eierkarton-Verarbeitungslinie verbunden, was die Produktionsleistung deutlich erh\u00f6ht, die Lohnkosten senkt und Produktstabilit\u00e4t w\u00e4hrend Transport und Lagerung sicherstellt.<\/p>    <p class=\"translation-block\">Zhengzhou Shuliy Machinery produziert nicht nur <a href=\"https:\/\/www.eggtraymaking.com\/de\/egg-tray-making-machine\/\">Eierkartonmaschinen<\/a>, sondern auch verwandte Produkte wie Eierkartonmaschinen, Eierkarton-Trocknungsmaschinen usw. Mit reicher Produktionserfahrung und professioneller Technologie wurde die Eierkarton-Verpackungsmaschine von Kunden sofort gut aufgenommen. Der verpackte Eierkarton bedeckt eine kleine Fl\u00e4che und ist leicht zu transportieren.<\/p>    <h2 class=\"wp-block-heading\">Arbeiten <span style=\"box-sizing: border-box; margin: 0px; padding: 0px;\">Prin<\/span>Prinzip des Eierbeutel-Verpackungsmaschinen-Konzepts<\/h2>    <ul class=\"wp-block-list\"> <li><strong>Automatisches Stapeln:<\/strong> Der F\u00f6rderer liefert geformte Eierbecher an die Verpackungsmaschine, wo sie in festgelegten Mengen ordentlich gestapelt werden.<\/li>    <li><strong>Verpressungsformung: <\/strong>Die gestapelten Becher werden durch ein hydraulisches oder pneumatisches System komprimiert, um das Volumen f\u00fcr einfachere Lagerung und Transport zu reduzieren.<\/li>    <li><strong>Spannen\/Umreifen: <\/strong>Der komprimierte Stapel wird durch ein automatisches Umgreifungs-\/Spannger\u00e4t gebunden, um ein Ausbreiten w\u00e4hrend Handhabung und Transport zu verhindern.<\/li>    <li><strong>Endausgabe: <\/strong>Die verpackten Eierbecher werden ordentlich entladen, bereit f\u00fcr Lagerung oder direktes Verladen.<\/li> <\/ul>    <h2 class=\"wp-block-heading\">Funktionen und Merkmale der Eierkarton-Verpackungsanlage<\/h2>    <ul class=\"wp-block-list\"> <li><strong>Automatisches Stapeln:<\/strong> Stacks 70\u2013120 Becher pro Stack, verstellbar f\u00fcr unterschiedliche Produktionsbed\u00fcrfnisse, verbessert die Handhabungseffizienz.<\/li>    <li><strong>Volumenreduktion: <\/strong>Zzieht Stacks mittels hydraulischer oder pneumatischer Systeme zusammen, um Lager- und Transportraum zu sparen.<\/li>    <li><strong>Sichere Umgreifung:<\/strong> Automatisches Umreifen der komprimierten Stacks, um ein Ausbreiten w\u00e4hrend des Transports zu verhindern.<\/li>    <li><strong>Hohe Effizienz:<\/strong> Verarbeitet 20\u201340 B\u00fcndel pro Stunde, senkt Arbeitskosten und beschleunigt das Verpacken.<\/li>    <li><strong>Vollautomatischer Betrieb:<\/strong> Minimale manuelle Eingriffe, gew\u00e4hrleisten konsistente Leistung.<\/li>    <li><strong>Flexibler Grundriss:<\/strong> Kompakte Bauweise (~3\u00d71,5\u202fm) erm\u00f6glicht eine einfache Integration in Produktionslinien.<\/li>    <li><strong>Anpassbare Leistung:<\/strong> 3\u20137,5\u202fkW Optionen zur Anpassung an die Anforderungen der Anlage.<\/li>    <li><strong>Vielseitige Anwendung:<\/strong> Geeignet f\u00fcr die r\u00fcckw\u00e4rtige Integration in Eierbecher-Produktionslinien und kompatibel mit verschiedenen Becher-Materialien.<\/li> <\/ul>   <div class=\"wp-block-image\"> <figure class=\"aligncenter size-full\"><img loading=\"lazy\" decoding=\"async\" width=\"540\" height=\"720\" src=\"https:\/\/www.eggtraymaking.com\/wp-content\/uploads\/2019\/05\/Egg-Tray-Packing-Machine.webp\" alt=\"Eierkarton-Verpackungsmaschine\" class=\"wp-image-9417\" srcset=\"https:\/\/www.eggtraymaking.com\/wp-content\/uploads\/2019\/05\/Egg-Tray-Packing-Machine.webp 540w, https:\/\/www.eggtraymaking.com\/wp-content\/uploads\/2019\/05\/Egg-Tray-Packing-Machine-203x270.webp 203w, https:\/\/www.eggtraymaking.com\/wp-content\/uploads\/2019\/05\/Egg-Tray-Packing-Machine-9x12.webp 9w\" sizes=\"auto, (max-width: 540px) 100vw, 540px\" \/><figcaption class=\"wp-element-caption\">Eierkarton-Verpackungsmaschine<\/figcaption><\/figure> <\/div>   <h2 class=\"wp-block-heading\">Technische Parameter der Eierkarton-Verpackungsmaschine<\/h2>    <figure class=\"wp-block-table\"><table class=\"has-fixed-layout\"><thead><tr><th>Parameter<\/th><th>Beschreibung<\/th><\/tr><\/thead><tbody><tr><td><strong>Anwendbare Produkte<\/strong><\/td><td>Pulp-Eierkartons, Obstkartons und andere Formen von Zellstoffprodukten<\/td><\/tr><tr><td><strong>Verpackungsmenge<\/strong><\/td><td>70\u2013120 Eierkartons pro B\u00fcndel (anpassbar)<\/td><\/tr><tr><td><strong>Verpressungsmethode<\/strong><\/td><td>Pneumatische Zylinder-Druck<\/td><\/tr><tr><td><strong>Bundle-Gr\u00f6\u00dfe<\/strong><\/td><td>Anpassbar je nach Kartongr\u00f6\u00dfe, gleichm\u00e4\u00dfige L\u00e4nge nach der Kompression<\/td><\/tr><tr><td><strong>Energiequelle<\/strong><\/td><td>Pneumatisch (Luftkompressor erforderlich)<\/td><\/tr><tr><td><strong>Zylinderdruck<\/strong><\/td><td>0,6\u20130,8 MPa<\/td><\/tr><tr><td><strong>Leistung<\/strong><\/td><td>2,2\u20133 kW (je nach Konfiguration)<\/td><\/tr><tr><td><strong>Spannung<\/strong><\/td><td>220V \/ 380V optional<\/td><\/tr><tr><td><strong>Kapazit\u00e4t<\/strong><\/td><td>20\u201340 B\u00fcndel\/Stunde (je nach Betrieb)<\/td><\/tr><tr><td><strong>Abmessungen<\/strong><\/td><td>1200 \u00d7 800 \u00d7 2000 mm (anpassbar)<\/td><\/tr><\/tbody><\/table><\/figure>    <p>Obige ist nur ein Referenzmodell. Es kann nach Ihren Anforderungen angepasst werden.<\/p>    <h2 class=\"wp-block-heading\">Anwendungen von Eierkarton-Verpackungsmaschinen<\/h2>    <p>Die Verpackungsanlage f\u00fcr Eierkartons wird haupts\u00e4chlich in der Endphase verschiedener Produktionslinien eingesetzt:<\/p>    <ul class=\"wp-block-list\"> <li><strong><a href=\"https:\/\/www.eggtraymaking.com\/de\/egg-tray-production-line\/\">Eierbecher-Produktionslinien<\/a><\/strong><\/li>    <li><strong><a href=\"https:\/\/www.eggtraymaking.com\/de\/pulp-wine-tray-production-line\/\">Weinbeutel-\/Weinzubeh\u00f6r-Produktionslinien<\/a><\/strong><\/li>    <li>Fruchtkarton-Produktionslinien<\/li>    <li>Kaffeebecher-Deckel-Produktionslinien und mehr.<\/li> <\/ul>    <figure class=\"wp-block-gallery has-nested-images columns-default is-cropped wp-block-gallery-2 is-layout-flex wp-block-gallery-is-layout-flex\"> <figure class=\"wp-block-image size-large\"><img loading=\"lazy\" decoding=\"async\" width=\"720\" height=\"540\" data-id=\"9260\" src=\"https:\/\/www.eggtraymaking.com\/wp-content\/uploads\/2019\/05\/8-Side-Egg-Tray-Production-Line.webp\" alt=\"1-Seiten-Eierkarton-Produktionslinie\" class=\"wp-image-9260\" srcset=\"https:\/\/www.eggtraymaking.com\/wp-content\/uploads\/2019\/05\/8-Side-Egg-Tray-Production-Line.webp 720w, https:\/\/www.eggtraymaking.com\/wp-content\/uploads\/2019\/05\/8-Side-Egg-Tray-Production-Line-360x270.webp 360w, https:\/\/www.eggtraymaking.com\/wp-content\/uploads\/2019\/05\/8-Side-Egg-Tray-Production-Line-240x180.webp 240w, https:\/\/www.eggtraymaking.com\/wp-content\/uploads\/2019\/05\/8-Side-Egg-Tray-Production-Line-16x12.webp 16w\" sizes=\"auto, (max-width: 720px) 100vw, 720px\" \/><figcaption class=\"wp-element-caption\">1-Seiten-Eierkarton-Produktionslinie<\/figcaption><\/figure>    <figure class=\"wp-block-image size-large\"><img loading=\"lazy\" decoding=\"async\" width=\"720\" height=\"540\" data-id=\"9228\" src=\"https:\/\/www.eggtraymaking.com\/wp-content\/uploads\/2025\/07\/Shoe-Tray-Production-Line-On-site-Assembly-Drawing.webp\" alt=\"Echtes Bild der Weintray-Produktionslinie\" class=\"wp-image-9228\" srcset=\"https:\/\/www.eggtraymaking.com\/wp-content\/uploads\/2025\/07\/Shoe-Tray-Production-Line-On-site-Assembly-Drawing.webp 720w, https:\/\/www.eggtraymaking.com\/wp-content\/uploads\/2025\/07\/Shoe-Tray-Production-Line-On-site-Assembly-Drawing-360x270.webp 360w, https:\/\/www.eggtraymaking.com\/wp-content\/uploads\/2025\/07\/Shoe-Tray-Production-Line-On-site-Assembly-Drawing-240x180.webp 240w, https:\/\/www.eggtraymaking.com\/wp-content\/uploads\/2025\/07\/Shoe-Tray-Production-Line-On-site-Assembly-Drawing-16x12.webp 16w\" sizes=\"auto, (max-width: 720px) 100vw, 720px\" \/><figcaption class=\"wp-element-caption\">Reales Bild der Weintrauben-Verarbeitungslinie<\/figcaption><\/figure>    <figure class=\"wp-block-image size-large\"><img loading=\"lazy\" decoding=\"async\" width=\"720\" height=\"540\" data-id=\"9145\" src=\"https:\/\/www.eggtraymaking.com\/wp-content\/uploads\/2025\/06\/untitled2.webp\" alt=\"Gro\u00dfma\u00dfst\u00e4bliche Produktion von Wachtel-Ei-Trays\" class=\"wp-image-9145\" srcset=\"https:\/\/www.eggtraymaking.com\/wp-content\/uploads\/2025\/06\/untitled2.webp 720w, https:\/\/www.eggtraymaking.com\/wp-content\/uploads\/2025\/06\/untitled2-360x270.webp 360w, https:\/\/www.eggtraymaking.com\/wp-content\/uploads\/2025\/06\/untitled2-240x180.webp 240w, https:\/\/www.eggtraymaking.com\/wp-content\/uploads\/2025\/06\/untitled2-16x12.webp 16w\" sizes=\"auto, (max-width: 720px) 100vw, 720px\" \/><figcaption class=\"wp-element-caption\">Gro\u00dffl\u00e4chige Wachtel-Ei-Tray-Produktionslinie<\/figcaption><\/figure> <\/figure>    <h2 class=\"wp-block-heading\">Warum Zhengzhou Shuliy Machinery w\u00e4hlen?<\/h2>    <ul class=\"wp-block-list\"> <li><strong>Hochwertige Ausr\u00fcstung:<\/strong> Zertifiziert nach CE, ISO9001 und TUV, Shuliy\u2019s Eimuse-Verpackungsmaschinen f\u00fcr Eierbecher sind darauf ausgelegt, effizient und zuverl\u00e4ssig zu sein, mit langer Lebensdauer, sicherer Produktion und reduzierter Ausfallzeit.<\/li>    <li><strong>Hohe Effizienz:<\/strong> Maschinen k\u00f6nnen 500\u20131000 Stacks pro Stunde verarbeiten, stapeln, komprimieren und binden, um Arbeitskraft zu sparen und die Produktivit\u00e4t zu steigern.<\/li>    <li><strong>Anpassbare L\u00f6sungen:<\/strong> Leistung, Grundfl\u00e4che, Stapelkapazit\u00e4t und Kompressionsmethoden k\u00f6nnen an Ihre Produktionslinienanforderungen angepasst werden.<\/li>    <li><strong>Fortschrittliche Fertigung: <\/strong>Hergestellt in modernen Werkst\u00e4tten mit strenger Qualit\u00e4tskontrolle, wodurch pr\u00e4zitioner Betrieb und langlebige Leistung gew\u00e4hrleistet sind.<\/li>    <li><strong>Umfassender Support: <\/strong>Shuliy bietet Vorverkaufsberatung, Installation, Schulung und After-Sales-Service, um einen reibungslosen Betrieb und Kundenzufriedenheit zu gew\u00e4hrleisten.<\/li>    <li><strong>Vertrauensw\u00fcrdige Marke:<\/strong> Mit \u00fcber einem Jahrzehnt Erfahrung und Exporten in mehr als 100 L\u00e4ndern ist Shuliy ein zuverl\u00e4ssiger Partner f\u00fcr industrielle Verpackungsger\u00e4te.<\/li> <\/ul>    <figure class=\"wp-block-gallery aligncenter has-nested-images columns-2 is-cropped wp-block-gallery-3 is-layout-flex wp-block-gallery-is-layout-flex\"> <figure class=\"wp-block-image\"><img loading=\"lazy\" decoding=\"async\" width=\"414\" height=\"277\" data-id=\"952\" src=\"https:\/\/www.eggtraymaking.com\/wp-content\/uploads\/2019\/05\/customer-3.png\" alt=\"\" class=\"wp-image-952\" srcset=\"https:\/\/www.eggtraymaking.com\/wp-content\/uploads\/2019\/05\/customer-3.png 414w, https:\/\/www.eggtraymaking.com\/wp-content\/uploads\/2019\/05\/customer-3-360x241.png 360w\" sizes=\"auto, (max-width: 414px) 100vw, 414px\" \/><figcaption class=\"wp-element-caption\">\u00c4gypten<\/figcaption><\/figure>    <figure class=\"wp-block-image\"><img loading=\"lazy\" decoding=\"async\" width=\"750\" height=\"563\" data-id=\"1364\" src=\"https:\/\/www.eggtraymaking.com\/wp-content\/uploads\/2019\/05\/Egg-Tray-Machine-For-Sale-4.jpg\" alt=\"Kunden aus S\u00fcdafrika besuchten unsere Fabrik\" class=\"wp-image-1364\" srcset=\"https:\/\/www.eggtraymaking.com\/wp-content\/uploads\/2019\/05\/Egg-Tray-Machine-For-Sale-4.jpg 750w, https:\/\/www.eggtraymaking.com\/wp-content\/uploads\/2019\/05\/Egg-Tray-Machine-For-Sale-4-240x180.jpg 240w, https:\/\/www.eggtraymaking.com\/wp-content\/uploads\/2019\/05\/Egg-Tray-Machine-For-Sale-4-360x270.jpg 360w\" sizes=\"auto, (max-width: 750px) 100vw, 750px\" \/><figcaption class=\"wp-element-caption\">Russland<\/figcaption><\/figure>    <figure class=\"wp-block-image\"><img loading=\"lazy\" decoding=\"async\" width=\"409\" height=\"275\" data-id=\"945\" src=\"https:\/\/www.eggtraymaking.com\/wp-content\/uploads\/2019\/05\/customer-10.png\" alt=\"\" class=\"wp-image-945\" srcset=\"https:\/\/www.eggtraymaking.com\/wp-content\/uploads\/2019\/05\/customer-10.png 409w, https:\/\/www.eggtraymaking.com\/wp-content\/uploads\/2019\/05\/customer-10-360x242.png 360w\" sizes=\"auto, (max-width: 409px) 100vw, 409px\" \/><figcaption class=\"wp-element-caption\">Afrika<\/figcaption><\/figure>    <figure class=\"wp-block-image\"><img loading=\"lazy\" decoding=\"async\" width=\"750\" height=\"563\" data-id=\"1363\" src=\"https:\/\/www.eggtraymaking.com\/wp-content\/uploads\/2019\/05\/Egg-Tray-Machine-For-Sale-12.jpg\" alt=\"\" class=\"wp-image-1363\" srcset=\"https:\/\/www.eggtraymaking.com\/wp-content\/uploads\/2019\/05\/Egg-Tray-Machine-For-Sale-12.jpg 750w, https:\/\/www.eggtraymaking.com\/wp-content\/uploads\/2019\/05\/Egg-Tray-Machine-For-Sale-12-240x180.jpg 240w, https:\/\/www.eggtraymaking.com\/wp-content\/uploads\/2019\/05\/Egg-Tray-Machine-For-Sale-12-360x270.jpg 360w\" sizes=\"auto, (max-width: 750px) 100vw, 750px\" \/><figcaption class=\"wp-element-caption\">Indien<\/figcaption><\/figure> <\/figure>    <h2 class=\"wp-block-heading\">Erfolgreicher Fall zur Eierkarton-Verpackungsmaschine<\/h2>    <p>Kunal in Indien besitzt eine kleine Eierkartonfabrik und musste in den letzten Jahren seine Fabrik modernisieren. Nachdem er einige neue Eierkartonmaschinen gekauft hatte, stellte er fest, dass die Verpackungsgeschwindigkeit der Eierkartons derjenigen der Eierschalenherstellung deutlich hinterherhinkt. Zun\u00e4chst erh\u00f6hte er seine Investition in personelle Ressourcen, merkte aber, dass das Problem ungel\u00f6st blieb. Dann nahm er Kontakt mit unserem Unternehmen auf und kaufte die Eierkarton-Verpackungsmaschine. Der Kauf dieser Maschine sparte Kunal viel Zeit und Platz und brachte seiner Fabrik bessere Vorteile. Dadurch vertraut er unserem Unternehmen und unseren Produkten mehr.<\/p>   <div class=\"wp-block-image\"> <figure class=\"aligncenter size-full\"><img loading=\"lazy\" decoding=\"async\" width=\"540\" height=\"720\" src=\"https:\/\/www.eggtraymaking.com\/wp-content\/uploads\/2019\/05\/Manual-Vertical-Compact-Packing-Machine.webp\" alt=\"Manuelle vertikale kompakte Verpackungsmaschine\" class=\"wp-image-9418\" srcset=\"https:\/\/www.eggtraymaking.com\/wp-content\/uploads\/2019\/05\/Manual-Vertical-Compact-Packing-Machine.webp 540w, https:\/\/www.eggtraymaking.com\/wp-content\/uploads\/2019\/05\/Manual-Vertical-Compact-Packing-Machine-203x270.webp 203w, https:\/\/www.eggtraymaking.com\/wp-content\/uploads\/2019\/05\/Manual-Vertical-Compact-Packing-Machine-9x12.webp 9w\" sizes=\"auto, (max-width: 540px) 100vw, 540px\" \/><figcaption class=\"wp-element-caption\">Manuelle vertikale kompakte Verpackungsmaschine<\/figcaption><\/figure> <\/div>   <h2 class=\"wp-block-heading\">Umweltfreundliche Eierkarton-Verpackungsmaschine<\/h2>    <p>Die gesamte Produktionslinie f\u00f6rdert nicht nur die Sekund\u00e4rverwertung von Altpapier, sondern erf\u00fcllt auch die allgemeinen Anforderungen zum Umweltschutz. In den letzten Jahren hat die Aufmerksamkeit f\u00fcr Umweltsschutz zugenommen. Umweltfreundliche Produkte sind die erste Wahl der Menschen bei der Produktwahl. Daher verf\u00fcgen Eierkartons \u00fcber einen gro\u00dfen Absatzmarkt. Und Eierkartons kommen in verschiedenen Formen. Zum Beispiel Verpackungen f\u00fcr Eier, Obst, Elektronikprodukte, empfindliche Produkte, landwirtschaftliche Produkte, Lebensmittel und medizinische Produkte, medizinische Produkte und spezielle industrielle Papierverpackungen usw.<\/p>    <p class=\"translation-block\">Zusammenfassend l\u00e4sst sich sagen, dass Sie, wenn Sie mehr \u00fcber die Eierkartonmaschine erfahren m\u00f6chten, bitte <a href=\"https:\/\/www.eggtraymaking.com\/de\/egg-tray-packing-equipment\/?preview=true&amp;_thumbnail_id=1279#cf7-1\">Nachrichten hinterlassen<\/a>. Unser professioneller Verkaufsberater wird Ihnen so schnell wie m\u00f6glich antworten!<\/p>","protected":false},"excerpt":{"rendered":"<p>The egg tray packing equipment compresses 70\u2013120 trays together, reducing volume and making loading and transportation easier. It is usually connected to the back end of the egg tray production line, which greatly improves production efficiency, reduces labor costs, and ensures product stability during transport and storage. Zhengzhou Shuliy Machinery not only produces egg tray [&hellip;]<\/p>\n","protected":false},"author":1,"featured_media":9629,"parent":0,"template":"","tags":[21],"product-type":[494],"class_list":["post-1275","product","type-product","status-publish","has-post-thumbnail","hentry","tag-fruit-tray","product-type-spare-parts"],"_links":{"self":[{"href":"https:\/\/www.eggtraymaking.com\/de\/wp-json\/wp\/v2\/product\/1275","targetHints":{"allow":["GET"]}}],"collection":[{"href":"https:\/\/www.eggtraymaking.com\/de\/wp-json\/wp\/v2\/product"}],"about":[{"href":"https:\/\/www.eggtraymaking.com\/de\/wp-json\/wp\/v2\/types\/product"}],"author":[{"embeddable":true,"href":"https:\/\/www.eggtraymaking.com\/de\/wp-json\/wp\/v2\/users\/1"}],"wp:featuredmedia":[{"embeddable":true,"href":"https:\/\/www.eggtraymaking.com\/de\/wp-json\/wp\/v2\/media\/9629"}],"wp:attachment":[{"href":"https:\/\/www.eggtraymaking.com\/de\/wp-json\/wp\/v2\/media?parent=1275"}],"wp:term":[{"taxonomy":"post_tag","embeddable":true,"href":"https:\/\/www.eggtraymaking.com\/de\/wp-json\/wp\/v2\/tags?post=1275"},{"taxonomy":"product-type","embeddable":true,"href":"https:\/\/www.eggtraymaking.com\/de\/wp-json\/wp\/v2\/product-type?post=1275"}],"curies":[{"name":"wp","href":"https:\/\/api.w.org\/{rel}","templated":true}]}}