{"id":1014,"date":"2019-05-28T02:20:46","date_gmt":"2019-05-28T02:20:46","guid":{"rendered":"https:\/\/www.eggtraymaking.com\/?p=1014"},"modified":"2025-11-24T18:01:34","modified_gmt":"2025-11-24T10:01:34","slug":"12-side-egg-tray-machine","status":"publish","type":"product","link":"https:\/\/www.eggtraymaking.com\/de\/12-side-egg-tray-machine\/","title":{"rendered":"12er-Eierkartonmaschine"},"content":{"rendered":"<p class=\"translation-block\">Die 12-seitige <a href=\"https:\/\/www.eggtraymaking.com\/de\/egg-tray-making-machine\/\">Eierkartonmaschine<\/a> umfasst zwei Modelle. Das erste Modell kann etwa 6000 St\u00fcck pro Stunde produzieren, das zweite Modell etwa 8000 St\u00fcck pro Stunde. Sie ist f\u00fcr die Produktion in gro\u00dfen Fabriken geeignet. Zhengzhou Shuliy Machinery verf\u00fcgt \u00fcber reiche Produktionserfahrung. Sie ist einfach zu bedienen und kann viel Lohnkosten sparen. <\/p>    <figure class=\"wp-block-embed is-type-video is-provider-youtube wp-block-embed-youtube wp-embed-aspect-16-9 wp-has-aspect-ratio\"><div class=\"wp-block-embed__wrapper\"> <iframe loading=\"lazy\" title=\"4000 St\u00fcck\/h Eierkarton-Herstellungsmaschine in Betrieb! Top Anbieter von Eier-Tray-Maschinen #eiablage\" width=\"500\" height=\"281\" src=\"https:\/\/www.youtube.com\/embed\/kW1KjK-Az3o?feature=oembed\" frameborder=\"0\" allow=\"accelerometer; autoplay; clipboard-write; encrypted-media; gyroscope; picture-in-picture; web-share\" referrerpolicy=\"strict-origin-when-cross-origin\" allowfullscreen><\/iframe> <\/div><figcaption class=\"wp-element-caption\">Video der Eierkartonmaschine<\/figcaption><\/figure>    <h2 class=\"wp-block-heading\"><strong>Einf\u00fchrung der 12er Eiertr\u00e4ger-Maschine <\/strong><strong><\/strong><\/h2>    <p>Das Modell SL-5*12 kann etwa 6000 St\u00fcck Eiertrays pro Stunde produzieren. Dieses Modell l\u00e4uft reibungslos mit einem vollautomatischen System. Dieses Modell hat eine sehr hohe Kapazit\u00e4t unter den gleichen Verbrauchsbedingungen. Au\u00dferdem kann es mit verschiedenen Trocknungsmethoden verbunden werden, was mehr Energie, Arbeitskraft und Kosten spart.<\/p>    <figure class=\"wp-block-gallery has-nested-images columns-default is-cropped wp-block-gallery-2 is-layout-flex wp-block-gallery-is-layout-flex\"> <figure class=\"wp-block-image\"><img loading=\"lazy\" decoding=\"async\" width=\"750\" height=\"496\" data-id=\"1194\" src=\"https:\/\/www.eggtraymaking.com\/wp-content\/uploads\/2019\/05\/SL-512-12-Side-Egg-Tray-Machine-3.jpg\" alt=\"SL-512-12 Side Egg Tray Machine (3)\" class=\"wp-image-1194\" srcset=\"https:\/\/www.eggtraymaking.com\/wp-content\/uploads\/2019\/05\/SL-512-12-Side-Egg-Tray-Machine-3.jpg 750w, https:\/\/www.eggtraymaking.com\/wp-content\/uploads\/2019\/05\/SL-512-12-Side-Egg-Tray-Machine-3-360x238.jpg 360w\" sizes=\"auto, (max-width: 750px) 100vw, 750px\" \/><\/figure>    <figure class=\"wp-block-image\"><img loading=\"lazy\" decoding=\"async\" width=\"750\" height=\"496\" data-id=\"1195\" src=\"https:\/\/www.eggtraymaking.com\/wp-content\/uploads\/2019\/05\/SL-512-12-Side-Egg-Tray-Machine-4.jpg\" alt=\"SL-512-12 Side Egg Tray Machine (4)\" class=\"wp-image-1195\" srcset=\"https:\/\/www.eggtraymaking.com\/wp-content\/uploads\/2019\/05\/SL-512-12-Side-Egg-Tray-Machine-4.jpg 750w, https:\/\/www.eggtraymaking.com\/wp-content\/uploads\/2019\/05\/SL-512-12-Side-Egg-Tray-Machine-4-360x238.jpg 360w\" sizes=\"auto, (max-width: 750px) 100vw, 750px\" \/><\/figure> <\/figure>    <p class=\"translation-block\">Die 12-seitige Eierkartonmaschine Modell SL-6*12 kann etwa 8000 Eierkartons pro Stunde produzieren. Dieses Modell hat die gr\u00f6\u00dfte Kapazit\u00e4t. Dieses Modell l\u00e4uft reibungslos mit einem vollautomatischen System. Dieses Modell hat eine sehr hohe Kapazit\u00e4t unter den gleichen Verbrauchsbedingungen. Au\u00dferdem kann es mit verschiedenen Trocknungswegen verbunden werden, was mehr Strom, Arbeit und Kosten sparen kann. Nur 3-4 Personen k\u00f6nnen diese gesamte Produktionslinie bedienen. Diese Produktionslinie hat die Vorteile von niedrigen Rohstoffkosten, hohem Output und schneller Erholung der Gewinne. <\/p>    <h2 class=\"wp-block-heading\"><strong>Parameter der 12 Eiertr\u00e4ger-Maschine<\/strong><strong><\/strong><\/h2>    <div class=\"table_grad scroll_tablex\">       <table class=\"table_tab responsive\"><tbody><tr><td>Modell<\/td><td>Kapazit\u00e4t<\/td><td>Wasserpapier<\/td><td>Wasserverbrauch<\/td><td>Stromverbrauch<\/td><td>Arbeiter<\/td><\/tr><tr><td>SL-5*12<\/td><td>6000 St\u00fcck\/Stunde<\/td><td>480kg\/h<\/td><td>900 kg\/Stunde<\/td><td>90kWh<\/td><td>3-4<\/td><\/tr><tr><td>SL-6*12<\/td><td>8000 St\u00fcck\/Stunde<\/td><td>640kg\/h<\/td><td>1040kg\/h<\/td><td>100kWh<\/td><td>3-4<\/td><\/tr><\/tbody><\/table><\/div>    <h2 class=\"wp-block-heading\"><strong>Zus\u00e4tze k\u00f6nnen im Herstellungsprozess hinzugef\u00fcgt werden<\/strong><\/h2>    <p>Farbe kann hinzugef\u00fcgt werden, um verschiedene Farben f\u00fcr die Eierkartons zu erzeugen. Da die Eierkartonform je nach den unterschiedlichen Bed\u00fcrfnissen der Kunden angepasst werden kann. Manchmal m\u00f6chte der Kunde einige sch\u00f6ne Farben entsprechend seiner Idee herstellen. Einfach die Farbe in den Mixer geben, die Farbe der Pulpe \u00e4ndert sich. Dann kann der Eierkarton zum Verkauf in jede gew\u00fcnschte Farbe verarbeitet werden.<\/p>    <figure class=\"wp-block-gallery has-nested-images columns-default is-cropped wp-block-gallery-3 is-layout-flex wp-block-gallery-is-layout-flex\"> <figure class=\"wp-block-image\"><img loading=\"lazy\" decoding=\"async\" width=\"500\" height=\"348\" data-id=\"1200\" src=\"https:\/\/www.eggtraymaking.com\/wp-content\/uploads\/2019\/05\/SL-512-12-Side-Egg-Tray-Machine-1.jpg\" alt=\"SL-512-12 Side Egg Tray Machine (1)\" class=\"wp-image-1200\" srcset=\"https:\/\/www.eggtraymaking.com\/wp-content\/uploads\/2019\/05\/SL-512-12-Side-Egg-Tray-Machine-1.jpg 500w, https:\/\/www.eggtraymaking.com\/wp-content\/uploads\/2019\/05\/SL-512-12-Side-Egg-Tray-Machine-1-360x251.jpg 360w\" sizes=\"auto, (max-width: 500px) 100vw, 500px\" \/><\/figure>    <figure class=\"wp-block-image\"><img loading=\"lazy\" decoding=\"async\" width=\"500\" height=\"339\" data-id=\"1201\" src=\"https:\/\/www.eggtraymaking.com\/wp-content\/uploads\/2019\/05\/SL-512-12-Side-Egg-Tray-Machine-2.jpg\" alt=\"12-Ei-Tray-Maschine\" class=\"wp-image-1201\" srcset=\"https:\/\/www.eggtraymaking.com\/wp-content\/uploads\/2019\/05\/SL-512-12-Side-Egg-Tray-Machine-2.jpg 500w, https:\/\/www.eggtraymaking.com\/wp-content\/uploads\/2019\/05\/SL-512-12-Side-Egg-Tray-Machine-2-360x244.jpg 360w\" sizes=\"auto, (max-width: 500px) 100vw, 500px\" \/><\/figure> <\/figure>    <p>Kleber kann hinzugef\u00fcgt werden, um die Lebensdauer des Eierkartons zu verl\u00e4ngern. Kleber hat die Funktion, wasserdicht zu sein. Es ist ein wichtiger Zusatzstoff w\u00e4hrend des Prozesses der Eierkartonmaschine. <\/p>    <p>Es ist sehr wichtig, geeignete Zusatzstoffe bei der Herstellung des Eiertr\u00e4gers hinzuzuf\u00fcgen. Denn dies f\u00f6rdert die Produktion von hochwertigeren Eiertr\u00e4gern. Diese Art von Maschine kann Eiertr\u00e4ger mit hoher Kapazit\u00e4t produzieren. <\/p>    <h2 class=\"wp-block-heading\"><strong>W\u00e4hlen Sie einen professionellen Eiertr\u00e4ger-Hersteller<\/strong><strong><\/strong><\/h2>    <p>Wir sind ein Hersteller von Eierkartonmaschinen und haben uns st\u00e4ndig gem\u00e4\u00df dem Feedback unserer Kunden verbessert, um der beste Anbieter von Eierkartonmaschinen zu sein. Unsere Ingenieure haben das Technologielevel verbessert, um die Vorteile f\u00fcr unsere Kunden zu maximieren. Fachwissen, erfahrene Mitarbeiter und ein perfektes After-Sales-Service-System sind wichtige Faktoren f\u00fcr die Wahl unserer Kunden. Wir haben viele Lagerbest\u00e4nde in unserer Fabrik, wie z.B. Apfelkartons, Weinkartons usw. Willkommen in unserer Fabrik zur Besichtigung. <\/p>","protected":false},"excerpt":{"rendered":"<p>The 12 side egg tray machine including two models. The first model can produce about 6000pcs per hour, the second model can produce about 8000pcs per hour. It is suitable for big scale factory production. Zhengzhou Shuliy Machinery has rich production experience. It is easy to operate and can save much labor cost. Introduction of [&hellip;]<\/p>\n","protected":false},"author":1,"featured_media":1382,"parent":0,"template":"","tags":[17],"product-type":[449],"class_list":["post-1014","product","type-product","status-publish","has-post-thumbnail","hentry","tag-egg-tray-machine","product-type-egg-tray-machine-by-capacity"],"_links":{"self":[{"href":"https:\/\/www.eggtraymaking.com\/de\/wp-json\/wp\/v2\/product\/1014","targetHints":{"allow":["GET"]}}],"collection":[{"href":"https:\/\/www.eggtraymaking.com\/de\/wp-json\/wp\/v2\/product"}],"about":[{"href":"https:\/\/www.eggtraymaking.com\/de\/wp-json\/wp\/v2\/types\/product"}],"author":[{"embeddable":true,"href":"https:\/\/www.eggtraymaking.com\/de\/wp-json\/wp\/v2\/users\/1"}],"wp:featuredmedia":[{"embeddable":true,"href":"https:\/\/www.eggtraymaking.com\/de\/wp-json\/wp\/v2\/media\/1382"}],"wp:attachment":[{"href":"https:\/\/www.eggtraymaking.com\/de\/wp-json\/wp\/v2\/media?parent=1014"}],"wp:term":[{"taxonomy":"post_tag","embeddable":true,"href":"https:\/\/www.eggtraymaking.com\/de\/wp-json\/wp\/v2\/tags?post=1014"},{"taxonomy":"product-type","embeddable":true,"href":"https:\/\/www.eggtraymaking.com\/de\/wp-json\/wp\/v2\/product-type?post=1014"}],"curies":[{"name":"wp","href":"https:\/\/api.w.org\/{rel}","templated":true}]}}