{"id":1010,"date":"2019-05-28T02:19:28","date_gmt":"2019-05-28T02:19:28","guid":{"rendered":"https:\/\/www.eggtraymaking.com\/?p=1010"},"modified":"2026-01-04T17:31:32","modified_gmt":"2026-01-04T09:31:32","slug":"4-side-egg-tray-machine","status":"publish","type":"product","link":"https:\/\/www.eggtraymaking.com\/de\/4-side-egg-tray-machine\/","title":{"rendered":"4-Seiten Eierkartonmaschine"},"content":{"rendered":"<p>Eierkartons werden haupts\u00e4chlich zur Verpackung von Eiern, wie H\u00fchnereiern und Enteneiern, verwendet. Ihre Hauptfunktion besteht darin, Vibrationen zu absorbieren und die Besch\u00e4digung von zerbrechlichen Materialien w\u00e4hrend des Transports zu reduzieren. Sie sind die Hauptmaschine zur Herstellung von Eierkartons. <\/p>    <h2 class=\"wp-block-heading\">Gesamter Produktionsprozess<\/h2>    <p class=\"translation-block\">Waste paper &#8211; <a href=\"https:\/\/www.eggtraymaking.com\/de\/pulping-equipment\/\">pulping<\/a> &#8211; <a href=\"https:\/\/en.wikipedia.org\/wiki\/Pulp_(paper)\" target=\"_blank\" rel=\"noopener\">pulp<\/a> mixing &#8211; sifting &#8211; pulp supply &#8211; shaping &#8211; drying &#8211; integer &#8211; check out &#8211; package<\/p>    <figure class=\"wp-block-image\"><img loading=\"lazy\" decoding=\"async\" width=\"800\" height=\"697\" src=\"https:\/\/www.eggtraymaking.com\/wp-content\/uploads\/2019\/05\/Egg-Tray-Machine-5-1.jpg\" alt=\"\" class=\"wp-image-1061\" srcset=\"https:\/\/www.eggtraymaking.com\/wp-content\/uploads\/2019\/05\/Egg-Tray-Machine-5-1.jpg 800w, https:\/\/www.eggtraymaking.com\/wp-content\/uploads\/2019\/05\/Egg-Tray-Machine-5-1-310x270.jpg 310w, https:\/\/www.eggtraymaking.com\/wp-content\/uploads\/2019\/05\/Egg-Tray-Machine-5-1-768x669.jpg 768w\" sizes=\"auto, (max-width: 800px) 100vw, 800px\" \/><\/figure>    <h2 class=\"wp-block-heading\">Parameter der 4-seitigen Eierkartonmaschine<\/h2>    <figure class=\"wp-block-table\"><table><tbody><tr><td>Modell<\/td><td>Kapazit\u00e4t<\/td><td>Stromverbrauch<\/td><td>Wasserverbrauch<\/td><td>Papierverbrauch<\/td><td>Arbeiter<\/td><\/tr><tr><td>SL-3*4<\/td><td>2000-2500 St\u00fcck\/Stunde<\/td><td>58 kW\/Stunde<\/td><td>450kg\/h<\/td><td>200kg\/h<\/td><td>4-5<\/td><\/tr><tr><td>SL-4*4<\/td><td>3000-3500 St\u00fcck\/Stunde<\/td><td><br>78 kWh<\/td><td>560kg\/h<\/td><td>280kg\/h<\/td><td>4-5<\/td><\/tr><\/tbody><\/table><\/figure>    <figure class=\"wp-block-gallery has-nested-images columns-default is-cropped wp-block-gallery-2 is-layout-flex wp-block-gallery-is-layout-flex\"> <figure class=\"wp-block-image\"><img loading=\"lazy\" decoding=\"async\" width=\"800\" height=\"800\" data-id=\"1062\" src=\"https:\/\/www.eggtraymaking.com\/wp-content\/uploads\/2019\/05\/SL-34Egg-Tray-Machine-1.jpg\" alt=\"SL-3*4 Eierkartonmaschine\" class=\"wp-image-1062\" srcset=\"https:\/\/www.eggtraymaking.com\/wp-content\/uploads\/2019\/05\/SL-34Egg-Tray-Machine-1.jpg 800w, https:\/\/www.eggtraymaking.com\/wp-content\/uploads\/2019\/05\/SL-34Egg-Tray-Machine-1-270x270.jpg 270w, https:\/\/www.eggtraymaking.com\/wp-content\/uploads\/2019\/05\/SL-34Egg-Tray-Machine-1-768x768.jpg 768w\" sizes=\"auto, (max-width: 800px) 100vw, 800px\" \/><figcaption class=\"wp-element-caption\">Sl-3*4 Eierkartonmaschine<\/figcaption><\/figure>    <figure class=\"wp-block-image\"><img loading=\"lazy\" decoding=\"async\" width=\"800\" height=\"800\" data-id=\"1063\" src=\"https:\/\/www.eggtraymaking.com\/wp-content\/uploads\/2019\/05\/SL-44-Egg-Tray-Machine-6.jpg\" alt=\"SL-4*4 Eierkartonmaschine\" class=\"wp-image-1063\" srcset=\"https:\/\/www.eggtraymaking.com\/wp-content\/uploads\/2019\/05\/SL-44-Egg-Tray-Machine-6.jpg 800w, https:\/\/www.eggtraymaking.com\/wp-content\/uploads\/2019\/05\/SL-44-Egg-Tray-Machine-6-270x270.jpg 270w, https:\/\/www.eggtraymaking.com\/wp-content\/uploads\/2019\/05\/SL-44-Egg-Tray-Machine-6-768x768.jpg 768w\" sizes=\"auto, (max-width: 800px) 100vw, 800px\" \/><figcaption class=\"wp-element-caption\">Sl-4*4 Eierkartonmaschine<\/figcaption><\/figure> <\/figure>    <h2 class=\"wp-block-heading\">Einf\u00fchrung des Modells SL-3*4 <\/h2>    <p>Das Modell SL-3*4 kann etwa 2000-2500 St\u00fcck pro Stunde produzieren. Diese Maschine hat vier Platten. Die Platte rotiert st\u00e4ndig. Daher kann sie viel Zeit beim Warten sparen. Es handelt sich um eine Rotationsmaschine mit mehreren Formplatten und einer Transferplatte. Dieses Design verbessert die Effizienz und erh\u00f6ht die Kapazit\u00e4t und den Gewinn erheblich im Vergleich zur Kippmaschine. <\/p>    <p>Das Modell SL-4*4 kann etwa 3000-3500 Eiertrays pro Stunde produzieren. Dieses Modell hat vier Platten. Es ben\u00f6tigt etwa 4-5 Personen, um die gesamte Produktion zu betreiben. Wenn der Benutzer Eiertrays in verschiedenen Farben herstellen m\u00f6chte, muss er einfach Farbe zum Pulpebecken hinzuf\u00fcgen. Die Farbe der Pulpe \u00e4ndert sich nach dem R\u00fchren. Der Farbton ist abh\u00e4ngig vom Verh\u00e4ltnis von Farbe und Pulpe.<\/p>    <ol class=\"wp-block-list\"> <li>Einsparung der Arbeitskosten: Die vier Seiten <strong><a href=\"https:\/\/www.eggtraymaking.com\/de\/egg-tray-making-machine\/\">Eierkartonmaschine<\/a><\/strong> ist eine vollautomatische Produktionslinie, die nur 5-6 Personen ben\u00f6tigt, um sie zu betreiben. Sie spart erheblich Arbeitskosten und verbessert die Arbeitseffizienz. In einigen L\u00e4ndern sind die Arbeitskosten besonders hoch. Daher wird die automatisierte Produktion die Produktionskosten erheblich senken. <\/li>    <li>G\u00fcnstiges Rohmaterial: Das Rohmaterial zur Herstellung verschiedener Eiertrays besteht haupts\u00e4chlich aus verschiedenen Arten von Altpapier. Dazu geh\u00f6ren Altb\u00fccher, alte Zeitungen, Altpapier usw. Der Abfall ist ziemlich g\u00fcnstig, was die Kosten erheblich senkt. Das Modell mit vier Seiten kann diese Materialien zur Formung des Eiertrays verwenden. <\/li>    <li>Breiter Verkaufsmarkt: Das Eierkarton kann in verschiedenen Bereichen eingesetzt werden. Diese Maschine kann Produkte in verschiedenen Formen herstellen, wie z.B. Eierkartons, Obstkartons, elektrische Innenschalen, zerbrechliche Produktverpackungen, landwirtschaftliche Schalen, Lebensmittel- und Medizinverpackungen, medizinische Produkte, Verpackungen f\u00fcr spezielle Industrien usw. Daher hat der Eierkarton einen gro\u00dfen Verkaufsmarkt. <\/li>    <li>Reifer Service im Vorverkauf und Nachverkauf<\/li> <\/ol>    <p>Zhengzhou Shuliy Machinery hat \u00fcber zehn Jahre die gesamte Produktionslinie hergestellt und wir verf\u00fcgen \u00fcber ausgereifte Technologie und erfahrene Arbeiter. Daher k\u00f6nnen wir die Maschine entsprechend den Bed\u00fcrfnissen des Kunden anpassen. Zum Beispiel bei der Spannungs\u00e4nderung, der Anpassung von Formen, dem Entwurf von Zeichnungen usw. Wir k\u00f6nnen Arbeiter in Ihre Stadt schicken, um die Maschine zu installieren. Unsere Arbeiter k\u00f6nnen Ihnen helfen, den Fabrikplan entsprechend der tats\u00e4chlichen Situation des Kunden zu entwerfen.<\/p>    <figure class=\"wp-block-image\"><img loading=\"lazy\" decoding=\"async\" width=\"800\" height=\"800\" src=\"https:\/\/www.eggtraymaking.com\/wp-content\/uploads\/2019\/05\/Egg-Tray-Machine-2-1.jpg\" alt=\"\" class=\"wp-image-1058\" srcset=\"https:\/\/www.eggtraymaking.com\/wp-content\/uploads\/2019\/05\/Egg-Tray-Machine-2-1.jpg 800w, https:\/\/www.eggtraymaking.com\/wp-content\/uploads\/2019\/05\/Egg-Tray-Machine-2-1-270x270.jpg 270w, https:\/\/www.eggtraymaking.com\/wp-content\/uploads\/2019\/05\/Egg-Tray-Machine-2-1-768x768.jpg 768w\" sizes=\"auto, (max-width: 800px) 100vw, 800px\" \/><\/figure>    <h2 class=\"wp-block-heading\"><strong>Trockenmethode der 4-seitigen Eierkartonmaschine<\/strong><strong><\/strong><\/h2>    <p>F\u00fcr die Eiertrage-Maschine mit vier Seiten gibt es viele Trocknungsmethoden. Zum Beispiel k\u00f6nnen Sie die nat\u00fcrliche Trocknung w\u00e4hlen, wenn Sie gen\u00fcgend Platz haben, um die Eiertrage zu platzieren, was die kosteng\u00fcnstigste Methode ist. Au\u00dferdem k\u00f6nnen Sie die Ziegeltrocknungsanlage mit kleinem Wagen oder ein F\u00f6rderband w\u00e4hlen. Relativ gesehen werden die meisten Menschen die Ziegeltrocknungsanlage w\u00e4hlen, um Kosten zu sparen. Oder wir k\u00f6nnen die Metalltrocknungsbox zur Trocknung der Eiertrage bereitstellen. Dies ist die effizienteste Trocknungsmethode. Auf jeden Fall wird Zhengzhou Shuliy Machinery Ihnen unseren besten und professionellsten Service bieten. Willkommen, uns zu kontaktieren!<\/p>","protected":false},"excerpt":{"rendered":"<p>Egg trays are mainly used for packaging eggs such as eggs and duck eggs. Its main function is to absorb vibration and reduce the damage of fragile materials during transportation.&nbsp;It is the main machine to produce egg tray. Whole production process Waste paper &#8211; pulping &#8211; pulp mixing &#8211; sifting &#8211; pulp supply &#8211; shaping [&hellip;]<\/p>\n","protected":false},"author":1,"featured_media":9537,"parent":0,"template":"","tags":[17],"product-type":[449],"class_list":["post-1010","product","type-product","status-publish","has-post-thumbnail","hentry","tag-egg-tray-machine","product-type-egg-tray-machine-by-capacity"],"_links":{"self":[{"href":"https:\/\/www.eggtraymaking.com\/de\/wp-json\/wp\/v2\/product\/1010","targetHints":{"allow":["GET"]}}],"collection":[{"href":"https:\/\/www.eggtraymaking.com\/de\/wp-json\/wp\/v2\/product"}],"about":[{"href":"https:\/\/www.eggtraymaking.com\/de\/wp-json\/wp\/v2\/types\/product"}],"author":[{"embeddable":true,"href":"https:\/\/www.eggtraymaking.com\/de\/wp-json\/wp\/v2\/users\/1"}],"wp:featuredmedia":[{"embeddable":true,"href":"https:\/\/www.eggtraymaking.com\/de\/wp-json\/wp\/v2\/media\/9537"}],"wp:attachment":[{"href":"https:\/\/www.eggtraymaking.com\/de\/wp-json\/wp\/v2\/media?parent=1010"}],"wp:term":[{"taxonomy":"post_tag","embeddable":true,"href":"https:\/\/www.eggtraymaking.com\/de\/wp-json\/wp\/v2\/tags?post=1010"},{"taxonomy":"product-type","embeddable":true,"href":"https:\/\/www.eggtraymaking.com\/de\/wp-json\/wp\/v2\/product-type?post=1010"}],"curies":[{"name":"wp","href":"https:\/\/api.w.org\/{rel}","templated":true}]}}