{"id":3,"date":"2019-05-06T02:03:06","date_gmt":"2019-05-06T02:03:06","guid":{"rendered":"https:\/\/www.dry-ice-machine.com\/?page_id=3"},"modified":"2019-05-22T02:07:22","modified_gmt":"2019-05-22T02:07:22","slug":"privacy-policy","status":"publish","type":"page","link":"https:\/\/www.eggtraymaking.com\/de\/privacy-policy\/","title":{"rendered":"Datenschutzrichtlinie"},"content":{"rendered":"<h2 class=\"wp-block-heading\">Wer sind wir?<\/h2>    <p>Wir sind zhengzhou shuliy machinery co., LTD.<\/p>    <h2 class=\"wp-block-heading\">Wir respektieren Ihre Privatsph\u00e4re<\/h2>    <p>Bei Shuliy Machinery respektieren wir Ihre Privatsph\u00e4re. Wir geben keine \u00fcbermittelten Daten, einschlie\u00dflich Informationen aus unserer E-Mail- oder Mailingliste, an Dritte weiter, au\u00dfer an Mitarbeiter von Shuliy Machinery. Wir verkaufen oder vermieten keine pers\u00f6nlichen Informationen an Dritte, weder jetzt noch in Zukunft.<\/p>    <h2 class=\"wp-block-heading\">Welche Informationen sammeln wir?<\/h2>    <p>Wir sammeln Informationen von Ihnen, wenn Sie ein Formular ausf\u00fcllen.<\/p>    <p>Wenn Sie auf unserer Website ein Angebot oder eine L\u00f6sung anfordern, werden Sie m\u00f6glicherweise aufgefordert, Folgendes einzugeben: Name, E-Mail-Adresse, Postanschrift oder Telefonnummer. Sie k\u00f6nnen unsere Website jedoch anonym besuchen. <\/p>    <h2 class=\"wp-block-heading\">Wof\u00fcr verwenden wir Ihre Informationen?<\/h2>    <p>Alle von uns gesammelten Informationen k\u00f6nnen auf eine der folgenden Arten verwendet werden:<\/p>    <ul class=\"wp-block-list\"><li>Um Ihr Erlebnis zu personalisieren<br>(Ihre Informationen helfen uns, besser auf Ihre individuellen Bed\u00fcrfnisse einzugehen)<\/li><li>Um regelm\u00e4\u00dfige E-Mails zu senden<br>Die E-Mail-Adresse, die Sie f\u00fcr die Bestellabwicklung angeben, wird ausschlie\u00dflich dazu verwendet, Ihnen Informationen und Aktualisierungen zu Ihrer Bestellung zuzusenden.<\/li><\/ul>    <h5 class=\"wp-block-heading\">Verwenden wir Cookies?<\/h5>    <p>Nein. Wir speichern und lesen keine Cookies des Benutzers. Sie k\u00f6nnen gerne browsen. <\/p>    <h5 class=\"wp-block-heading\">Geben wir Informationen an Dritte weiter?<\/h5>    <p>Wir verkaufen, handeln oder \u00fcbermitteln Ihre pers\u00f6nlich identifizierbaren Informationen nicht an Dritte. Dies schlie\u00dft keine vertrauensw\u00fcrdigen Dritten ein, die uns bei der Bedienung unserer Website, der Durchf\u00fchrung unseres Gesch\u00e4fts oder der Betreuung von Ihnen unterst\u00fctzen, solange diese Parteien zustimmen, diese Informationen vertraulich zu behandeln. Wir k\u00f6nnen Ihre Informationen auch freigeben, wenn wir der Meinung sind, dass die Freigabe angemessen ist, um dem Gesetz nachzukommen, unsere Website-Richtlinien durchzusetzen oder die Rechte, das Eigentum oder die Sicherheit von uns oder anderen zu sch\u00fctzen. Nicht pers\u00f6nlich identifizierbare Besucherinformationen k\u00f6nnen jedoch anderen Parteien f\u00fcr Marketing-, Werbe- oder andere Zwecke zur Verf\u00fcgung gestellt werden.<\/p>    <h5 class=\"wp-block-heading\">Nur Online-Datenschutzrichtlinie<\/h5>    <p>Diese Online-Datenschutzrichtlinie gilt nur f\u00fcr Informationen, die \u00fcber unsere Website gesammelt werden, und nicht f\u00fcr Informationen, die offline gesammelt werden.<\/p>    <h5 class=\"wp-block-heading\">Ihre Zustimmung<\/h5>    <p>Durch die Nutzung unserer Website stimmen Sie unserer Datenschutzrichtlinie zu.<\/p>","protected":false},"excerpt":{"rendered":"<p>who we are? We are zhengzhou shuliy machinery co., LTD. We Respect Your Privacy At Shuliy Machinery, we respect your privacy. We do not share any submitted data, including our email or mailing list information, with anyone except Shuliy Machinery staff. We do not, nor will we ever, sell or rent any personal information with [&hellip;]<\/p>\n","protected":false},"author":1,"featured_media":0,"parent":0,"menu_order":0,"comment_status":"closed","ping_status":"open","template":"","meta":{"footnotes":""},"class_list":["post-3","page","type-page","status-publish","hentry"],"_links":{"self":[{"href":"https:\/\/www.eggtraymaking.com\/de\/wp-json\/wp\/v2\/pages\/3","targetHints":{"allow":["GET"]}}],"collection":[{"href":"https:\/\/www.eggtraymaking.com\/de\/wp-json\/wp\/v2\/pages"}],"about":[{"href":"https:\/\/www.eggtraymaking.com\/de\/wp-json\/wp\/v2\/types\/page"}],"author":[{"embeddable":true,"href":"https:\/\/www.eggtraymaking.com\/de\/wp-json\/wp\/v2\/users\/1"}],"replies":[{"embeddable":true,"href":"https:\/\/www.eggtraymaking.com\/de\/wp-json\/wp\/v2\/comments?post=3"}],"version-history":[{"count":0,"href":"https:\/\/www.eggtraymaking.com\/de\/wp-json\/wp\/v2\/pages\/3\/revisions"}],"wp:attachment":[{"href":"https:\/\/www.eggtraymaking.com\/de\/wp-json\/wp\/v2\/media?parent=3"}],"curies":[{"name":"wp","href":"https:\/\/api.w.org\/{rel}","templated":true}]}}