{"id":208,"date":"2019-05-13T03:23:08","date_gmt":"2019-05-13T03:23:08","guid":{"rendered":"https:\/\/www.dry-ice-machine.com\/?p=208"},"modified":"2025-05-23T08:47:16","modified_gmt":"2025-05-23T00:47:16","slug":"contact-us","status":"publish","type":"page","link":"https:\/\/www.eggtraymaking.com\/de\/contact-us\/","title":{"rendered":"Kontaktieren Sie uns"},"content":{"rendered":"<div class=\"wp-block-columns has-2-columns is-layout-flex wp-container-core-columns-is-layout-9d6595d7 wp-block-columns-is-layout-flex\"> <div class=\"wp-block-column is-layout-flow wp-block-column-is-layout-flow\"> <h2 class=\"wp-block-heading\" id=\"h-who-we-are\"><strong>Wer wir sind<\/strong><\/h2>    <p>Die Shuliy Machinery Co., Ltd ist ein f\u00fchrender Hersteller von automatisierten Maschinen und Ger\u00e4ten in China. Unser Unternehmen verf\u00fcgt \u00fcber etwa zehn Jahre Erfahrung im Forschungs- und Entwicklungsbereich von Eierkartonmaschinen mit einem strengen Qualit\u00e4tskontrollsystem und umfassendem After-Sales-Service.<\/p>    <p>Unser Unternehmen verf\u00fcgt \u00fcber ein internationales Team f\u00fcr Vorverkaufsberatung und After-Sales-Service. Wenn Sie unsere Produkte kaufen m\u00f6chten oder Probleme bei der Nutzung der Maschinen haben, k\u00f6nnen Sie uns jederzeit online kontaktieren. Wir werden Ihnen innerhalb eines Werktages professionell antworten.<\/p>    <p style=\"font-size:12px\" class=\"translation-block\"><em>*Wir lesen und speichern keine Cookies des Benutzers, st\u00f6bern Sie gerne. <br> *Die von Ihnen \u00fcbermittelten Kontaktinformationen dienen nur Ihrer Kontaktaufnahme mit Shuliy. Sie k\u00f6nnen jederzeit die L\u00f6schung beantragen.<\/em><\/p> <\/div> <\/div>    <h3 class=\"wp-block-heading\" id=\"h-other-ways-of-contact\"><strong>Andere Kontaktm\u00f6glichkeiten<\/strong><\/h3>    <ul class=\"contactlist\"> <li class=\"fa fa-envelope-o\">&nbsp;&nbsp;<a href=\"mailto:info@eggtraymaking.com\" style=\"color:black;\">E-Mail: info@eggtraymaking.com<\/a><\/li><br> <li class=\"fa fa-phone\">&nbsp;&nbsp;<a href=\"tel: 8619139761487\">Telefon: 8619139761487 <\/a><\/li><br> \t<li class=\"fa fa-whatsapp\">&nbsp;&nbsp;<a href=\"https:\/\/api.whatsapp.com\/send?phone= 8619139761487\" target=\"_blank\" rel=\"noopener\" data-no-translation=\"\">WhatsApp: 8619139761487<\/a> <\/li><br> \t<li class=\"fa fa-wechat\">&nbsp;&nbsp;WeChat: 8619139761487<\/li><br> \t<li class=\"fa fa-map\">&nbsp;&nbsp;Adresse: Nr. 1394 East Hanghai Road, Wirtschafts- und Technologischer Entwicklungsbereich, Zhengzhou, China<\/li> <\/ul>","protected":false},"excerpt":{"rendered":"<p>Who we are Shuliy Machinery Co., Ltd company is a leading manufacturer of automated machinery and equipment in China. Our company has about ten years of experience in the research and development field of egg tray making machines with a strict quality control system and comprehensive after-sales service. Our company has a pre-sales consulting and [&hellip;]<\/p>\n","protected":false},"author":1,"featured_media":0,"parent":0,"menu_order":0,"comment_status":"closed","ping_status":"closed","template":"","meta":{"footnotes":""},"class_list":["post-208","page","type-page","status-publish","hentry"],"_links":{"self":[{"href":"https:\/\/www.eggtraymaking.com\/de\/wp-json\/wp\/v2\/pages\/208","targetHints":{"allow":["GET"]}}],"collection":[{"href":"https:\/\/www.eggtraymaking.com\/de\/wp-json\/wp\/v2\/pages"}],"about":[{"href":"https:\/\/www.eggtraymaking.com\/de\/wp-json\/wp\/v2\/types\/page"}],"author":[{"embeddable":true,"href":"https:\/\/www.eggtraymaking.com\/de\/wp-json\/wp\/v2\/users\/1"}],"replies":[{"embeddable":true,"href":"https:\/\/www.eggtraymaking.com\/de\/wp-json\/wp\/v2\/comments?post=208"}],"version-history":[{"count":0,"href":"https:\/\/www.eggtraymaking.com\/de\/wp-json\/wp\/v2\/pages\/208\/revisions"}],"wp:attachment":[{"href":"https:\/\/www.eggtraymaking.com\/de\/wp-json\/wp\/v2\/media?parent=208"}],"curies":[{"name":"wp","href":"https:\/\/api.w.org\/{rel}","templated":true}]}}